{"id":5115,"date":"2018-08-24T12:23:51","date_gmt":"2018-08-24T08:23:51","guid":{"rendered":"http:\/\/www.editorialjuventud.es\/la-gran-travesia-de-los-pirineos\/"},"modified":"2022-11-23T17:36:28","modified_gmt":"2022-11-23T16:36:28","slug":"la-gran-travesia-de-los-pirineos-9788426129277","status":"publish","type":"product","link":"https:\/\/www.editorialjuventud.es\/ca\/la-gran-travesia-de-los-pirineos-9788426129277\/","title":{"rendered":"La gran traves\u00eda de los Pirineos"},"content":{"rendered":"<p>La traves\u00eda completa de toda la cadena pirenaica, desde un mar al otro, siempre ha subyugado a los monta\u00f1eros de ambas vertientes, tanto en la \u00e9poca de los pioneros como en los tiempos actuales.<br \/>\nLouis Audoubert, monta\u00f1ero y pirine\u00edsta franc\u00e9s de primera l\u00ednea, no pod\u00eda escapar a esta seducci\u00f3n.<br \/>\n\u00c9l y su compa\u00f1ero Guy Panozzo recorrieron 750 kil\u00f3metros de cordillera pirenaica, encadenando cumbres f\u00e1ciles con picos agudos, con agujas y con crestas. Efectuaron 49 vivacs y subieron y bajaron 180.000 metros de desnivel. De ellos 3.000 fueron de descenso en r\u00e1pel.<br \/>\nDesde las rocas mediterr\u00e1neas donde nacen los Pirineos, hasta el pico vasco de Larr\u00fan, sobre la playa del Cant\u00e1brico, llevaron a cabo como jam\u00e1s se hab\u00eda hecho, la traves\u00eda m\u00e1s \u00edntegra de una cadena monta\u00f1osa.<\/p>\n","protected":false},"excerpt":{"rendered":"La traves\u00eda completa de toda la cadena pirenaica, desde un mar al otro, siempre ha subyugado a los monta\u00f1eros de ambas vertientes, tanto en la \u00e9poca de los pioneros como en los tiempos actuales. Louis Audoubert, monta\u00f1ero y pirine\u00edsta franc\u00e9s [&hellip;]","protected":false},"featured_media":15533,"template":"","meta":{"_acf_changed":false,"_exactmetrics_skip_tracking":false,"_exactmetrics_sitenote_active":false,"_exactmetrics_sitenote_note":"","_exactmetrics_sitenote_category":0},"product_brand":[],"product_cat":[905,892,1115,1178,1117,1128],"product_tag":[],"coleccion":[],"class_list":{"0":"post-5115","1":"product","2":"type-product","3":"status-publish","4":"has-post-thumbnail","6":"product_cat-adulto","7":"product_cat-edades","8":"product_cat-generos","9":"product_cat-geografia","10":"product_cat-no-ficcion-adulto","11":"product_cat-tematica","13":"first","14":"instock","15":"taxable","16":"shipping-taxable","17":"purchasable","18":"product-type-simple"},"acf":{"autores-libros":[16199,33229],"traductores-libros":[16473]},"yoast_head":"<!-- This site is optimized with the Yoast SEO plugin v27.5 - https:\/\/yoast.com\/product\/yoast-seo-wordpress\/ -->\n<title>La gran traves\u00eda de los Pirineos - Editorial Juventud<\/title>\n<meta name=\"description\" content=\"La traves\u00eda completa de toda la cadena pirenaica, desde un mar al otro, siempre ha subyugado a los monta\u00f1eros de ambas vertientes, tanto en la \u00e9poca de\" \/>\n<meta name=\"robots\" content=\"index, follow, max-snippet:-1, max-image-preview:large, max-video-preview:-1\" \/>\n<link rel=\"canonical\" href=\"https:\/\/www.editorialjuventud.es\/ca\/la-gran-travesia-de-los-pirineos-9788426129277\/\" \/>\n<meta property=\"og:locale\" content=\"ca_ES\" \/>\n<meta property=\"og:type\" content=\"article\" \/>\n<meta property=\"og:title\" content=\"La gran traves\u00eda de los Pirineos - Editorial Juventud\" \/>\n<meta property=\"og:description\" content=\"La traves\u00eda completa de toda la cadena pirenaica, desde un mar al otro, siempre ha subyugado a los monta\u00f1eros de ambas vertientes, tanto en la \u00e9poca de\" \/>\n<meta property=\"og:url\" content=\"https:\/\/www.editorialjuventud.es\/ca\/la-gran-travesia-de-los-pirineos-9788426129277\/\" \/>\n<meta property=\"og:site_name\" content=\"Editorial Juventud\" \/>\n<meta property=\"article:modified_time\" content=\"2022-11-23T16:36:28+00:00\" \/>\n<meta property=\"og:image\" content=\"https:\/\/www.editorialjuventud.es\/wp-content\/uploads\/9788426129277.jpg\" \/>\n\t<meta property=\"og:image:width\" content=\"196\" \/>\n\t<meta property=\"og:image:height\" content=\"272\" \/>\n\t<meta property=\"og:image:type\" content=\"image\/jpeg\" \/>\n<meta name=\"twitter:card\" content=\"summary_large_image\" \/>\n<meta name=\"twitter:label1\" content=\"Temps estimat de lectura\" \/>\n\t<meta name=\"twitter:data1\" content=\"1 minut\" \/>\n<script type=\"application\/ld+json\" class=\"yoast-schema-graph\">{\"@context\":\"https:\\\/\\\/schema.org\",\"@graph\":[{\"@type\":\"WebPage\",\"@id\":\"https:\\\/\\\/www.editorialjuventud.es\\\/ca\\\/la-gran-travesia-de-los-pirineos-9788426129277\\\/\",\"url\":\"https:\\\/\\\/www.editorialjuventud.es\\\/ca\\\/la-gran-travesia-de-los-pirineos-9788426129277\\\/\",\"name\":\"La gran traves\u00eda de los Pirineos - Editorial Juventud\",\"isPartOf\":{\"@id\":\"https:\\\/\\\/www.editorialjuventud.es\\\/#website\"},\"primaryImageOfPage\":{\"@id\":\"https:\\\/\\\/www.editorialjuventud.es\\\/ca\\\/la-gran-travesia-de-los-pirineos-9788426129277\\\/#primaryimage\"},\"image\":{\"@id\":\"https:\\\/\\\/www.editorialjuventud.es\\\/ca\\\/la-gran-travesia-de-los-pirineos-9788426129277\\\/#primaryimage\"},\"thumbnailUrl\":\"https:\\\/\\\/www.editorialjuventud.es\\\/wp-content\\\/uploads\\\/9788426129277.jpg\",\"datePublished\":\"2018-08-24T08:23:51+00:00\",\"dateModified\":\"2022-11-23T16:36:28+00:00\",\"description\":\"La traves\u00eda completa de toda la cadena pirenaica, desde un mar al otro, siempre ha subyugado a los monta\u00f1eros de ambas vertientes, tanto en la \u00e9poca de\",\"breadcrumb\":{\"@id\":\"https:\\\/\\\/www.editorialjuventud.es\\\/ca\\\/la-gran-travesia-de-los-pirineos-9788426129277\\\/#breadcrumb\"},\"inLanguage\":\"ca\",\"potentialAction\":[{\"@type\":\"ReadAction\",\"target\":[\"https:\\\/\\\/www.editorialjuventud.es\\\/ca\\\/la-gran-travesia-de-los-pirineos-9788426129277\\\/\"]}]},{\"@type\":\"ImageObject\",\"inLanguage\":\"ca\",\"@id\":\"https:\\\/\\\/www.editorialjuventud.es\\\/ca\\\/la-gran-travesia-de-los-pirineos-9788426129277\\\/#primaryimage\",\"url\":\"https:\\\/\\\/www.editorialjuventud.es\\\/wp-content\\\/uploads\\\/9788426129277.jpg\",\"contentUrl\":\"https:\\\/\\\/www.editorialjuventud.es\\\/wp-content\\\/uploads\\\/9788426129277.jpg\",\"width\":196,\"height\":272,\"caption\":\"9788426129277.jpg\"},{\"@type\":\"BreadcrumbList\",\"@id\":\"https:\\\/\\\/www.editorialjuventud.es\\\/ca\\\/la-gran-travesia-de-los-pirineos-9788426129277\\\/#breadcrumb\",\"itemListElement\":[{\"@type\":\"ListItem\",\"position\":1,\"name\":\"Portada\",\"item\":\"https:\\\/\\\/www.editorialjuventud.es\\\/\"},{\"@type\":\"ListItem\",\"position\":2,\"name\":\"La gran traves\u00eda de los Pirineos\"}]},{\"@type\":\"WebSite\",\"@id\":\"https:\\\/\\\/www.editorialjuventud.es\\\/#website\",\"url\":\"https:\\\/\\\/www.editorialjuventud.es\\\/\",\"name\":\"Editorial Juventud\",\"description\":\"\",\"potentialAction\":[{\"@type\":\"SearchAction\",\"target\":{\"@type\":\"EntryPoint\",\"urlTemplate\":\"https:\\\/\\\/www.editorialjuventud.es\\\/?s={search_term_string}\"},\"query-input\":{\"@type\":\"PropertyValueSpecification\",\"valueRequired\":true,\"valueName\":\"search_term_string\"}}],\"inLanguage\":\"ca\"}]}<\/script>\n<!-- \/ Yoast SEO plugin. -->","yoast_head_json":{"title":"La gran traves\u00eda de los Pirineos - Editorial Juventud","description":"La traves\u00eda completa de toda la cadena pirenaica, desde un mar al otro, siempre ha subyugado a los monta\u00f1eros de ambas vertientes, tanto en la \u00e9poca de","robots":{"index":"index","follow":"follow","max-snippet":"max-snippet:-1","max-image-preview":"max-image-preview:large","max-video-preview":"max-video-preview:-1"},"canonical":"https:\/\/www.editorialjuventud.es\/ca\/la-gran-travesia-de-los-pirineos-9788426129277\/","og_locale":"ca_ES","og_type":"article","og_title":"La gran traves\u00eda de los Pirineos - Editorial Juventud","og_description":"La traves\u00eda completa de toda la cadena pirenaica, desde un mar al otro, siempre ha subyugado a los monta\u00f1eros de ambas vertientes, tanto en la \u00e9poca de","og_url":"https:\/\/www.editorialjuventud.es\/ca\/la-gran-travesia-de-los-pirineos-9788426129277\/","og_site_name":"Editorial Juventud","article_modified_time":"2022-11-23T16:36:28+00:00","og_image":[{"width":196,"height":272,"url":"https:\/\/www.editorialjuventud.es\/wp-content\/uploads\/9788426129277.jpg","type":"image\/jpeg"}],"twitter_card":"summary_large_image","twitter_misc":{"Temps estimat de lectura":"1 minut"},"schema":{"@context":"https:\/\/schema.org","@graph":[{"@type":"WebPage","@id":"https:\/\/www.editorialjuventud.es\/ca\/la-gran-travesia-de-los-pirineos-9788426129277\/","url":"https:\/\/www.editorialjuventud.es\/ca\/la-gran-travesia-de-los-pirineos-9788426129277\/","name":"La gran traves\u00eda de los Pirineos - Editorial Juventud","isPartOf":{"@id":"https:\/\/www.editorialjuventud.es\/#website"},"primaryImageOfPage":{"@id":"https:\/\/www.editorialjuventud.es\/ca\/la-gran-travesia-de-los-pirineos-9788426129277\/#primaryimage"},"image":{"@id":"https:\/\/www.editorialjuventud.es\/ca\/la-gran-travesia-de-los-pirineos-9788426129277\/#primaryimage"},"thumbnailUrl":"https:\/\/www.editorialjuventud.es\/wp-content\/uploads\/9788426129277.jpg","datePublished":"2018-08-24T08:23:51+00:00","dateModified":"2022-11-23T16:36:28+00:00","description":"La traves\u00eda completa de toda la cadena pirenaica, desde un mar al otro, siempre ha subyugado a los monta\u00f1eros de ambas vertientes, tanto en la \u00e9poca de","breadcrumb":{"@id":"https:\/\/www.editorialjuventud.es\/ca\/la-gran-travesia-de-los-pirineos-9788426129277\/#breadcrumb"},"inLanguage":"ca","potentialAction":[{"@type":"ReadAction","target":["https:\/\/www.editorialjuventud.es\/ca\/la-gran-travesia-de-los-pirineos-9788426129277\/"]}]},{"@type":"ImageObject","inLanguage":"ca","@id":"https:\/\/www.editorialjuventud.es\/ca\/la-gran-travesia-de-los-pirineos-9788426129277\/#primaryimage","url":"https:\/\/www.editorialjuventud.es\/wp-content\/uploads\/9788426129277.jpg","contentUrl":"https:\/\/www.editorialjuventud.es\/wp-content\/uploads\/9788426129277.jpg","width":196,"height":272,"caption":"9788426129277.jpg"},{"@type":"BreadcrumbList","@id":"https:\/\/www.editorialjuventud.es\/ca\/la-gran-travesia-de-los-pirineos-9788426129277\/#breadcrumb","itemListElement":[{"@type":"ListItem","position":1,"name":"Portada","item":"https:\/\/www.editorialjuventud.es\/"},{"@type":"ListItem","position":2,"name":"La gran traves\u00eda de los Pirineos"}]},{"@type":"WebSite","@id":"https:\/\/www.editorialjuventud.es\/#website","url":"https:\/\/www.editorialjuventud.es\/","name":"Editorial Juventud","description":"","potentialAction":[{"@type":"SearchAction","target":{"@type":"EntryPoint","urlTemplate":"https:\/\/www.editorialjuventud.es\/?s={search_term_string}"},"query-input":{"@type":"PropertyValueSpecification","valueRequired":true,"valueName":"search_term_string"}}],"inLanguage":"ca"}]}},"_links":{"self":[{"href":"https:\/\/www.editorialjuventud.es\/ca\/wp-json\/wp\/v2\/product\/5115","targetHints":{"allow":["GET"]}}],"collection":[{"href":"https:\/\/www.editorialjuventud.es\/ca\/wp-json\/wp\/v2\/product"}],"about":[{"href":"https:\/\/www.editorialjuventud.es\/ca\/wp-json\/wp\/v2\/types\/product"}],"wp:featuredmedia":[{"embeddable":true,"href":"https:\/\/www.editorialjuventud.es\/ca\/wp-json\/wp\/v2\/media\/15533"}],"wp:attachment":[{"href":"https:\/\/www.editorialjuventud.es\/ca\/wp-json\/wp\/v2\/media?parent=5115"}],"wp:term":[{"taxonomy":"product_brand","embeddable":true,"href":"https:\/\/www.editorialjuventud.es\/ca\/wp-json\/wp\/v2\/product_brand?post=5115"},{"taxonomy":"product_cat","embeddable":true,"href":"https:\/\/www.editorialjuventud.es\/ca\/wp-json\/wp\/v2\/product_cat?post=5115"},{"taxonomy":"product_tag","embeddable":true,"href":"https:\/\/www.editorialjuventud.es\/ca\/wp-json\/wp\/v2\/product_tag?post=5115"},{"taxonomy":"coleccion","embeddable":true,"href":"https:\/\/www.editorialjuventud.es\/ca\/wp-json\/wp\/v2\/coleccion?post=5115"}],"curies":[{"name":"wp","href":"https:\/\/api.w.org\/{rel}","templated":true}]}}