{"id":5111,"date":"2018-08-24T10:23:35","date_gmt":"2018-08-24T08:23:35","guid":{"rendered":"http:\/\/www.editorialjuventud.es\/diccionario-portugues-espanhol-y-espanol-portugues\/"},"modified":"2022-11-07T13:39:33","modified_gmt":"2022-11-07T12:39:33","slug":"diccionario-portuguesespanhol-y-espanolportugues-9788426128881","status":"publish","type":"product","link":"https:\/\/www.editorialjuventud.es\/ca\/diccionario-portuguesespanhol-y-espanolportugues-9788426128881\/","title":{"rendered":"Diccionario portugu\u00eas-espanhol y espa\u00f1ol-portugu\u00e9s"},"content":{"rendered":"<p>Este diccionario, pretende acumular en un volumen de tama\u00f1o reducido la informaci\u00f3n m\u00e1s completa posible. Para ello se ha tenido especial cuidado en la selecci\u00f3n de los t\u00e9rminos en funci\u00f3n de su utilidad para los estudiantes y de su frecuencia de aparici\u00f3n en obras literarias. Se ha tenido muy en cuenta tambi\u00e9n el aprovechamiento de la riqueza lexicogr\u00e1fica que, tanto en el caso del espa\u00f1ol como del portugu\u00e9s, aportan las diferencias de matiz existentes entre los idiomas hablados en Am\u00e9rica y en Europa.<\/p>\n","protected":false},"excerpt":{"rendered":"Este diccionario, pretende acumular en un volumen de tama\u00f1o reducido la informaci\u00f3n m\u00e1s completa posible. Para ello se ha tenido especial cuidado en la selecci\u00f3n de los t\u00e9rminos en funci\u00f3n de su utilidad para los estudiantes y de su frecuencia [&hellip;]","protected":false},"featured_media":7134,"template":"","meta":{"_acf_changed":false,"_exactmetrics_skip_tracking":false,"_exactmetrics_sitenote_active":false,"_exactmetrics_sitenote_note":"","_exactmetrics_sitenote_category":0},"product_brand":[],"product_cat":[905,1114,892,1115],"product_tag":[],"coleccion":[916,932],"class_list":{"0":"post-5111","1":"product","2":"type-product","3":"status-publish","4":"has-post-thumbnail","6":"product_cat-adulto","7":"product_cat-diccionarios","8":"product_cat-edades","9":"product_cat-generos","10":"coleccion-castellano","11":"coleccion-diccionarios-y-libros-de-consulta","13":"first","14":"instock","15":"taxable","16":"shipping-taxable","17":"purchasable","18":"product-type-simple"},"acf":{"autor":"MARTON, A - WEISSMANN, W","codart":"2888-2","ediciones":"0","encuadernacion":"R\u00fastica","fecha_de_publicacion":"07\/11\/2022","novedad":"0","paginas":"524","subtitulo":"","texto_web_adicional":"","texto_web_novedad":"","orden":"999","portada":"0","texto_web_resaltado":"","indice":"","autores-libros":[16491,16491],"ilustradores-libros":"","traductores-libros":"","fecha_de_reimpresion":"","descripcion_corta":"","recomendamos":"","mas_vendido":"","idioma-libro":"","color":false,"formato":"","mas_informacion_del_producto":false,"premios":false,"deshabilitar_compra":["deshabilitar"],"texto_enlace_cubierta":"","enlace_cubierta":false,"texto_enlace_ficha_tecnica":"","enlace_ficha_tecnica":false,"ficheros":false,"titulo-fr":"","texto-fr":""},"yoast_head":"<!-- This site is optimized with the Yoast SEO plugin v27.5 - https:\/\/yoast.com\/product\/yoast-seo-wordpress\/ -->\n<title>Diccionario portugu\u00eas-espanhol y espa\u00f1ol-portugu\u00e9s - Editorial Juventud<\/title>\n<meta name=\"description\" content=\"Este diccionario, pretende acumular en un volumen de tama\u00f1o reducido la informaci\u00f3n m\u00e1s completa posible. Para ello se ha tenido especial cuidado en la\" \/>\n<meta name=\"robots\" content=\"index, follow, max-snippet:-1, max-image-preview:large, max-video-preview:-1\" \/>\n<link rel=\"canonical\" href=\"https:\/\/www.editorialjuventud.es\/diccionario-portuguesespanhol-y-espanolportugues-9788426128881\/\" \/>\n<meta property=\"og:locale\" content=\"ca_ES\" \/>\n<meta property=\"og:type\" content=\"article\" \/>\n<meta property=\"og:title\" content=\"Diccionario portugu\u00eas-espanhol y espa\u00f1ol-portugu\u00e9s - Editorial Juventud\" \/>\n<meta property=\"og:description\" content=\"Este diccionario, pretende acumular en un volumen de tama\u00f1o reducido la informaci\u00f3n m\u00e1s completa posible. Para ello se ha tenido especial cuidado en la\" \/>\n<meta property=\"og:url\" content=\"https:\/\/www.editorialjuventud.es\/diccionario-portuguesespanhol-y-espanolportugues-9788426128881\/\" \/>\n<meta property=\"og:site_name\" content=\"Editorial Juventud\" \/>\n<meta property=\"article:modified_time\" content=\"2022-11-07T12:39:33+00:00\" \/>\n<meta property=\"og:image\" content=\"https:\/\/www.editorialjuventud.es\/wp-content\/uploads\/2888.jpg\" \/>\n\t<meta property=\"og:image:width\" content=\"296\" \/>\n\t<meta property=\"og:image:height\" content=\"450\" \/>\n\t<meta property=\"og:image:type\" content=\"image\/jpeg\" \/>\n<meta name=\"twitter:card\" content=\"summary_large_image\" \/>\n<script type=\"application\/ld+json\" class=\"yoast-schema-graph\">{\"@context\":\"https:\\\/\\\/schema.org\",\"@graph\":[{\"@type\":\"WebPage\",\"@id\":\"https:\\\/\\\/www.editorialjuventud.es\\\/diccionario-portuguesespanhol-y-espanolportugues-9788426128881\\\/\",\"url\":\"https:\\\/\\\/www.editorialjuventud.es\\\/diccionario-portuguesespanhol-y-espanolportugues-9788426128881\\\/\",\"name\":\"Diccionario portugu\u00eas-espanhol y espa\u00f1ol-portugu\u00e9s - Editorial Juventud\",\"isPartOf\":{\"@id\":\"https:\\\/\\\/www.editorialjuventud.es\\\/#website\"},\"primaryImageOfPage\":{\"@id\":\"https:\\\/\\\/www.editorialjuventud.es\\\/diccionario-portuguesespanhol-y-espanolportugues-9788426128881\\\/#primaryimage\"},\"image\":{\"@id\":\"https:\\\/\\\/www.editorialjuventud.es\\\/diccionario-portuguesespanhol-y-espanolportugues-9788426128881\\\/#primaryimage\"},\"thumbnailUrl\":\"https:\\\/\\\/www.editorialjuventud.es\\\/wp-content\\\/uploads\\\/2888.jpg\",\"datePublished\":\"2018-08-24T08:23:35+00:00\",\"dateModified\":\"2022-11-07T12:39:33+00:00\",\"description\":\"Este diccionario, pretende acumular en un volumen de tama\u00f1o reducido la informaci\u00f3n m\u00e1s completa posible. Para ello se ha tenido especial cuidado en la\",\"breadcrumb\":{\"@id\":\"https:\\\/\\\/www.editorialjuventud.es\\\/diccionario-portuguesespanhol-y-espanolportugues-9788426128881\\\/#breadcrumb\"},\"inLanguage\":\"ca\",\"potentialAction\":[{\"@type\":\"ReadAction\",\"target\":[\"https:\\\/\\\/www.editorialjuventud.es\\\/diccionario-portuguesespanhol-y-espanolportugues-9788426128881\\\/\"]}]},{\"@type\":\"ImageObject\",\"inLanguage\":\"ca\",\"@id\":\"https:\\\/\\\/www.editorialjuventud.es\\\/diccionario-portuguesespanhol-y-espanolportugues-9788426128881\\\/#primaryimage\",\"url\":\"https:\\\/\\\/www.editorialjuventud.es\\\/wp-content\\\/uploads\\\/2888.jpg\",\"contentUrl\":\"https:\\\/\\\/www.editorialjuventud.es\\\/wp-content\\\/uploads\\\/2888.jpg\",\"width\":296,\"height\":450,\"caption\":\"2888.jpg\"},{\"@type\":\"BreadcrumbList\",\"@id\":\"https:\\\/\\\/www.editorialjuventud.es\\\/diccionario-portuguesespanhol-y-espanolportugues-9788426128881\\\/#breadcrumb\",\"itemListElement\":[{\"@type\":\"ListItem\",\"position\":1,\"name\":\"Portada\",\"item\":\"https:\\\/\\\/www.editorialjuventud.es\\\/\"},{\"@type\":\"ListItem\",\"position\":2,\"name\":\"cat\u00e1logo\",\"item\":\"https:\\\/\\\/www.editorialjuventud.es\\\/coleccion\\\/catalogo\\\/\"},{\"@type\":\"ListItem\",\"position\":3,\"name\":\"castellano\",\"item\":\"https:\\\/\\\/www.editorialjuventud.es\\\/coleccion\\\/castellano\\\/\"},{\"@type\":\"ListItem\",\"position\":4,\"name\":\"Diccionarios y Libros de Consulta\",\"item\":\"https:\\\/\\\/www.editorialjuventud.es\\\/coleccion\\\/diccionarios-y-libros-de-consulta\\\/\"},{\"@type\":\"ListItem\",\"position\":5,\"name\":\"Diccionario portugu\u00eas-espanhol y espa\u00f1ol-portugu\u00e9s\"}]},{\"@type\":\"WebSite\",\"@id\":\"https:\\\/\\\/www.editorialjuventud.es\\\/#website\",\"url\":\"https:\\\/\\\/www.editorialjuventud.es\\\/\",\"name\":\"Editorial Juventud\",\"description\":\"\",\"potentialAction\":[{\"@type\":\"SearchAction\",\"target\":{\"@type\":\"EntryPoint\",\"urlTemplate\":\"https:\\\/\\\/www.editorialjuventud.es\\\/?s={search_term_string}\"},\"query-input\":{\"@type\":\"PropertyValueSpecification\",\"valueRequired\":true,\"valueName\":\"search_term_string\"}}],\"inLanguage\":\"ca\"}]}<\/script>\n<!-- \/ Yoast SEO plugin. -->","yoast_head_json":{"title":"Diccionario portugu\u00eas-espanhol y espa\u00f1ol-portugu\u00e9s - Editorial Juventud","description":"Este diccionario, pretende acumular en un volumen de tama\u00f1o reducido la informaci\u00f3n m\u00e1s completa posible. Para ello se ha tenido especial cuidado en la","robots":{"index":"index","follow":"follow","max-snippet":"max-snippet:-1","max-image-preview":"max-image-preview:large","max-video-preview":"max-video-preview:-1"},"canonical":"https:\/\/www.editorialjuventud.es\/diccionario-portuguesespanhol-y-espanolportugues-9788426128881\/","og_locale":"ca_ES","og_type":"article","og_title":"Diccionario portugu\u00eas-espanhol y espa\u00f1ol-portugu\u00e9s - Editorial Juventud","og_description":"Este diccionario, pretende acumular en un volumen de tama\u00f1o reducido la informaci\u00f3n m\u00e1s completa posible. Para ello se ha tenido especial cuidado en la","og_url":"https:\/\/www.editorialjuventud.es\/diccionario-portuguesespanhol-y-espanolportugues-9788426128881\/","og_site_name":"Editorial Juventud","article_modified_time":"2022-11-07T12:39:33+00:00","og_image":[{"width":296,"height":450,"url":"https:\/\/www.editorialjuventud.es\/wp-content\/uploads\/2888.jpg","type":"image\/jpeg"}],"twitter_card":"summary_large_image","schema":{"@context":"https:\/\/schema.org","@graph":[{"@type":"WebPage","@id":"https:\/\/www.editorialjuventud.es\/diccionario-portuguesespanhol-y-espanolportugues-9788426128881\/","url":"https:\/\/www.editorialjuventud.es\/diccionario-portuguesespanhol-y-espanolportugues-9788426128881\/","name":"Diccionario portugu\u00eas-espanhol y espa\u00f1ol-portugu\u00e9s - Editorial Juventud","isPartOf":{"@id":"https:\/\/www.editorialjuventud.es\/#website"},"primaryImageOfPage":{"@id":"https:\/\/www.editorialjuventud.es\/diccionario-portuguesespanhol-y-espanolportugues-9788426128881\/#primaryimage"},"image":{"@id":"https:\/\/www.editorialjuventud.es\/diccionario-portuguesespanhol-y-espanolportugues-9788426128881\/#primaryimage"},"thumbnailUrl":"https:\/\/www.editorialjuventud.es\/wp-content\/uploads\/2888.jpg","datePublished":"2018-08-24T08:23:35+00:00","dateModified":"2022-11-07T12:39:33+00:00","description":"Este diccionario, pretende acumular en un volumen de tama\u00f1o reducido la informaci\u00f3n m\u00e1s completa posible. Para ello se ha tenido especial cuidado en la","breadcrumb":{"@id":"https:\/\/www.editorialjuventud.es\/diccionario-portuguesespanhol-y-espanolportugues-9788426128881\/#breadcrumb"},"inLanguage":"ca","potentialAction":[{"@type":"ReadAction","target":["https:\/\/www.editorialjuventud.es\/diccionario-portuguesespanhol-y-espanolportugues-9788426128881\/"]}]},{"@type":"ImageObject","inLanguage":"ca","@id":"https:\/\/www.editorialjuventud.es\/diccionario-portuguesespanhol-y-espanolportugues-9788426128881\/#primaryimage","url":"https:\/\/www.editorialjuventud.es\/wp-content\/uploads\/2888.jpg","contentUrl":"https:\/\/www.editorialjuventud.es\/wp-content\/uploads\/2888.jpg","width":296,"height":450,"caption":"2888.jpg"},{"@type":"BreadcrumbList","@id":"https:\/\/www.editorialjuventud.es\/diccionario-portuguesespanhol-y-espanolportugues-9788426128881\/#breadcrumb","itemListElement":[{"@type":"ListItem","position":1,"name":"Portada","item":"https:\/\/www.editorialjuventud.es\/"},{"@type":"ListItem","position":2,"name":"cat\u00e1logo","item":"https:\/\/www.editorialjuventud.es\/coleccion\/catalogo\/"},{"@type":"ListItem","position":3,"name":"castellano","item":"https:\/\/www.editorialjuventud.es\/coleccion\/castellano\/"},{"@type":"ListItem","position":4,"name":"Diccionarios y Libros de Consulta","item":"https:\/\/www.editorialjuventud.es\/coleccion\/diccionarios-y-libros-de-consulta\/"},{"@type":"ListItem","position":5,"name":"Diccionario portugu\u00eas-espanhol y espa\u00f1ol-portugu\u00e9s"}]},{"@type":"WebSite","@id":"https:\/\/www.editorialjuventud.es\/#website","url":"https:\/\/www.editorialjuventud.es\/","name":"Editorial Juventud","description":"","potentialAction":[{"@type":"SearchAction","target":{"@type":"EntryPoint","urlTemplate":"https:\/\/www.editorialjuventud.es\/?s={search_term_string}"},"query-input":{"@type":"PropertyValueSpecification","valueRequired":true,"valueName":"search_term_string"}}],"inLanguage":"ca"}]}},"_links":{"self":[{"href":"https:\/\/www.editorialjuventud.es\/ca\/wp-json\/wp\/v2\/product\/5111","targetHints":{"allow":["GET"]}}],"collection":[{"href":"https:\/\/www.editorialjuventud.es\/ca\/wp-json\/wp\/v2\/product"}],"about":[{"href":"https:\/\/www.editorialjuventud.es\/ca\/wp-json\/wp\/v2\/types\/product"}],"wp:featuredmedia":[{"embeddable":true,"href":"https:\/\/www.editorialjuventud.es\/ca\/wp-json\/wp\/v2\/media\/7134"}],"wp:attachment":[{"href":"https:\/\/www.editorialjuventud.es\/ca\/wp-json\/wp\/v2\/media?parent=5111"}],"wp:term":[{"taxonomy":"product_brand","embeddable":true,"href":"https:\/\/www.editorialjuventud.es\/ca\/wp-json\/wp\/v2\/product_brand?post=5111"},{"taxonomy":"product_cat","embeddable":true,"href":"https:\/\/www.editorialjuventud.es\/ca\/wp-json\/wp\/v2\/product_cat?post=5111"},{"taxonomy":"product_tag","embeddable":true,"href":"https:\/\/www.editorialjuventud.es\/ca\/wp-json\/wp\/v2\/product_tag?post=5111"},{"taxonomy":"coleccion","embeddable":true,"href":"https:\/\/www.editorialjuventud.es\/ca\/wp-json\/wp\/v2\/coleccion?post=5111"}],"curies":[{"name":"wp","href":"https:\/\/api.w.org\/{rel}","templated":true}]}}