{"id":5108,"date":"2018-08-24T12:23:23","date_gmt":"2018-08-24T08:23:23","guid":{"rendered":"http:\/\/www.editorialjuventud.es\/el-viaje-del-liberdade\/"},"modified":"2022-11-25T09:11:49","modified_gmt":"2022-11-25T08:11:49","slug":"el-viaje-del-liberdade-9788426128584","status":"publish","type":"product","link":"https:\/\/www.editorialjuventud.es\/ca\/el-viaje-del-liberdade-9788426128584\/","title":{"rendered":"El viaje del Liberdade"},"content":{"rendered":"<p>Joshua Slocum fue el primer hombre que naveg\u00f3 alrededor del mundo en solitario. A ra\u00edz de ello escribi\u00f3 un libro, Navegando en solitario alrededor del mundo, que le dio gran popularidad, pero pocos saben que antes de esto, Slocum realiz\u00f3 otra gran proeza que con su habitual modestia trata en El viaje del &#8220;Liberdade&#8221;?, publicado por primera vez en 1894. El libro describe brevemente sus singladuras como capit\u00e1n del Aquidneck, un velero dedicado al transporte de mercanc\u00edas , el mot\u00edn que se produjo a bordo y finalmente la p\u00e9rdida de su barco. A continuaci\u00f3n se inicia un relato humano, rico en emocionantes aventuras: lejos de arredrarse, vendi\u00f3 los restos del Aquidneck, pag\u00f3 a la tripulaci\u00f3n y construy\u00f3 una peque\u00f1a embarcaci\u00f3n abierta con la que logr\u00f3 regresar, \u00e9l y su familia, desde Brasil a las costas de Nueva York. Una dura traves\u00eda de m\u00e1s de 5.000 millas que Slocum describe de forma que el lector siente toda la emoci\u00f3n de la aventura.<\/p>\n","protected":false},"excerpt":{"rendered":"Joshua Slocum fue el primer hombre que naveg\u00f3 alrededor del mundo en solitario. A ra\u00edz de ello escribi\u00f3 un libro, Navegando en solitario alrededor del mundo, que le dio gran popularidad, pero pocos saben que antes de esto, Slocum realiz\u00f3 [&hellip;]","protected":false},"featured_media":7130,"template":"","meta":{"_acf_changed":false,"_exactmetrics_skip_tracking":false,"_exactmetrics_sitenote_active":false,"_exactmetrics_sitenote_note":"","_exactmetrics_sitenote_category":0},"product_brand":[],"product_cat":[905,892,1115,1120,1117],"product_tag":[],"coleccion":[916,936,1363],"class_list":{"0":"post-5108","1":"product","2":"type-product","3":"status-publish","4":"has-post-thumbnail","6":"product_cat-adulto","7":"product_cat-edades","8":"product_cat-generos","9":"product_cat-nautica","10":"product_cat-no-ficcion-adulto","11":"coleccion-castellano","12":"coleccion-lecturas-en-torno-al-mar","13":"coleccion-viajes-aventuras-y-expediciones-lecturas-en-torno-al-mar","15":"first","16":"instock","17":"taxable","18":"shipping-taxable","19":"purchasable","20":"product-type-simple"},"acf":{"autores-libros":[16620]},"yoast_head":"<!-- This site is optimized with the Yoast SEO plugin v27.5 - https:\/\/yoast.com\/product\/yoast-seo-wordpress\/ -->\n<title>El viaje del Liberdade - Editorial Juventud<\/title>\n<meta name=\"description\" content=\"Joshua Slocum fue el primer hombre que naveg\u00f3 alrededor del mundo en solitario. A ra\u00edz de ello escribi\u00f3 un libro, Navegando en solitario alrededor del\" \/>\n<meta name=\"robots\" content=\"index, follow, max-snippet:-1, max-image-preview:large, max-video-preview:-1\" \/>\n<link rel=\"canonical\" href=\"https:\/\/www.editorialjuventud.es\/ca\/el-viaje-del-liberdade-9788426128584\/\" \/>\n<meta property=\"og:locale\" content=\"ca_ES\" \/>\n<meta property=\"og:type\" content=\"article\" \/>\n<meta property=\"og:title\" content=\"El viaje del Liberdade - Editorial Juventud\" \/>\n<meta property=\"og:description\" content=\"Joshua Slocum fue el primer hombre que naveg\u00f3 alrededor del mundo en solitario. A ra\u00edz de ello escribi\u00f3 un libro, Navegando en solitario alrededor del\" \/>\n<meta property=\"og:url\" content=\"https:\/\/www.editorialjuventud.es\/ca\/el-viaje-del-liberdade-9788426128584\/\" \/>\n<meta property=\"og:site_name\" content=\"Editorial Juventud\" \/>\n<meta property=\"article:modified_time\" content=\"2022-11-25T08:11:49+00:00\" \/>\n<meta property=\"og:image\" content=\"https:\/\/www.editorialjuventud.es\/wp-content\/uploads\/2858.jpg\" \/>\n\t<meta property=\"og:image:width\" content=\"301\" \/>\n\t<meta property=\"og:image:height\" content=\"450\" \/>\n\t<meta property=\"og:image:type\" content=\"image\/jpeg\" \/>\n<meta name=\"twitter:card\" content=\"summary_large_image\" \/>\n<meta name=\"twitter:label1\" content=\"Temps estimat de lectura\" \/>\n\t<meta name=\"twitter:data1\" content=\"1 minut\" \/>\n<script type=\"application\/ld+json\" class=\"yoast-schema-graph\">{\"@context\":\"https:\\\/\\\/schema.org\",\"@graph\":[{\"@type\":\"WebPage\",\"@id\":\"https:\\\/\\\/www.editorialjuventud.es\\\/ca\\\/el-viaje-del-liberdade-9788426128584\\\/\",\"url\":\"https:\\\/\\\/www.editorialjuventud.es\\\/ca\\\/el-viaje-del-liberdade-9788426128584\\\/\",\"name\":\"El viaje del Liberdade - Editorial Juventud\",\"isPartOf\":{\"@id\":\"https:\\\/\\\/www.editorialjuventud.es\\\/#website\"},\"primaryImageOfPage\":{\"@id\":\"https:\\\/\\\/www.editorialjuventud.es\\\/ca\\\/el-viaje-del-liberdade-9788426128584\\\/#primaryimage\"},\"image\":{\"@id\":\"https:\\\/\\\/www.editorialjuventud.es\\\/ca\\\/el-viaje-del-liberdade-9788426128584\\\/#primaryimage\"},\"thumbnailUrl\":\"https:\\\/\\\/www.editorialjuventud.es\\\/wp-content\\\/uploads\\\/2858.jpg\",\"datePublished\":\"2018-08-24T08:23:23+00:00\",\"dateModified\":\"2022-11-25T08:11:49+00:00\",\"description\":\"Joshua Slocum fue el primer hombre que naveg\u00f3 alrededor del mundo en solitario. A ra\u00edz de ello escribi\u00f3 un libro, Navegando en solitario alrededor del\",\"breadcrumb\":{\"@id\":\"https:\\\/\\\/www.editorialjuventud.es\\\/ca\\\/el-viaje-del-liberdade-9788426128584\\\/#breadcrumb\"},\"inLanguage\":\"ca\",\"potentialAction\":[{\"@type\":\"ReadAction\",\"target\":[\"https:\\\/\\\/www.editorialjuventud.es\\\/ca\\\/el-viaje-del-liberdade-9788426128584\\\/\"]}]},{\"@type\":\"ImageObject\",\"inLanguage\":\"ca\",\"@id\":\"https:\\\/\\\/www.editorialjuventud.es\\\/ca\\\/el-viaje-del-liberdade-9788426128584\\\/#primaryimage\",\"url\":\"https:\\\/\\\/www.editorialjuventud.es\\\/wp-content\\\/uploads\\\/2858.jpg\",\"contentUrl\":\"https:\\\/\\\/www.editorialjuventud.es\\\/wp-content\\\/uploads\\\/2858.jpg\",\"width\":301,\"height\":450,\"caption\":\"2858.jpg\"},{\"@type\":\"BreadcrumbList\",\"@id\":\"https:\\\/\\\/www.editorialjuventud.es\\\/ca\\\/el-viaje-del-liberdade-9788426128584\\\/#breadcrumb\",\"itemListElement\":[{\"@type\":\"ListItem\",\"position\":1,\"name\":\"Portada\",\"item\":\"https:\\\/\\\/www.editorialjuventud.es\\\/\"},{\"@type\":\"ListItem\",\"position\":2,\"name\":\"cat\u00e1logo\",\"item\":\"https:\\\/\\\/www.editorialjuventud.es\\\/coleccion\\\/catalogo\\\/\"},{\"@type\":\"ListItem\",\"position\":3,\"name\":\"castellano\",\"item\":\"https:\\\/\\\/www.editorialjuventud.es\\\/coleccion\\\/castellano\\\/\"},{\"@type\":\"ListItem\",\"position\":4,\"name\":\"Lecturas En torno al Mar\",\"item\":\"https:\\\/\\\/www.editorialjuventud.es\\\/coleccion\\\/lecturas-en-torno-al-mar\\\/\"},{\"@type\":\"ListItem\",\"position\":5,\"name\":\"Viajes, Aventuras y Expediciones\",\"item\":\"https:\\\/\\\/www.editorialjuventud.es\\\/coleccion\\\/viajes-aventuras-y-expediciones-lecturas-en-torno-al-mar\\\/\"},{\"@type\":\"ListItem\",\"position\":6,\"name\":\"El viaje del Liberdade\"}]},{\"@type\":\"WebSite\",\"@id\":\"https:\\\/\\\/www.editorialjuventud.es\\\/#website\",\"url\":\"https:\\\/\\\/www.editorialjuventud.es\\\/\",\"name\":\"Editorial Juventud\",\"description\":\"\",\"potentialAction\":[{\"@type\":\"SearchAction\",\"target\":{\"@type\":\"EntryPoint\",\"urlTemplate\":\"https:\\\/\\\/www.editorialjuventud.es\\\/?s={search_term_string}\"},\"query-input\":{\"@type\":\"PropertyValueSpecification\",\"valueRequired\":true,\"valueName\":\"search_term_string\"}}],\"inLanguage\":\"ca\"}]}<\/script>\n<!-- \/ Yoast SEO plugin. -->","yoast_head_json":{"title":"El viaje del Liberdade - Editorial Juventud","description":"Joshua Slocum fue el primer hombre que naveg\u00f3 alrededor del mundo en solitario. A ra\u00edz de ello escribi\u00f3 un libro, Navegando en solitario alrededor del","robots":{"index":"index","follow":"follow","max-snippet":"max-snippet:-1","max-image-preview":"max-image-preview:large","max-video-preview":"max-video-preview:-1"},"canonical":"https:\/\/www.editorialjuventud.es\/ca\/el-viaje-del-liberdade-9788426128584\/","og_locale":"ca_ES","og_type":"article","og_title":"El viaje del Liberdade - Editorial Juventud","og_description":"Joshua Slocum fue el primer hombre que naveg\u00f3 alrededor del mundo en solitario. A ra\u00edz de ello escribi\u00f3 un libro, Navegando en solitario alrededor del","og_url":"https:\/\/www.editorialjuventud.es\/ca\/el-viaje-del-liberdade-9788426128584\/","og_site_name":"Editorial Juventud","article_modified_time":"2022-11-25T08:11:49+00:00","og_image":[{"width":301,"height":450,"url":"https:\/\/www.editorialjuventud.es\/wp-content\/uploads\/2858.jpg","type":"image\/jpeg"}],"twitter_card":"summary_large_image","twitter_misc":{"Temps estimat de lectura":"1 minut"},"schema":{"@context":"https:\/\/schema.org","@graph":[{"@type":"WebPage","@id":"https:\/\/www.editorialjuventud.es\/ca\/el-viaje-del-liberdade-9788426128584\/","url":"https:\/\/www.editorialjuventud.es\/ca\/el-viaje-del-liberdade-9788426128584\/","name":"El viaje del Liberdade - Editorial Juventud","isPartOf":{"@id":"https:\/\/www.editorialjuventud.es\/#website"},"primaryImageOfPage":{"@id":"https:\/\/www.editorialjuventud.es\/ca\/el-viaje-del-liberdade-9788426128584\/#primaryimage"},"image":{"@id":"https:\/\/www.editorialjuventud.es\/ca\/el-viaje-del-liberdade-9788426128584\/#primaryimage"},"thumbnailUrl":"https:\/\/www.editorialjuventud.es\/wp-content\/uploads\/2858.jpg","datePublished":"2018-08-24T08:23:23+00:00","dateModified":"2022-11-25T08:11:49+00:00","description":"Joshua Slocum fue el primer hombre que naveg\u00f3 alrededor del mundo en solitario. A ra\u00edz de ello escribi\u00f3 un libro, Navegando en solitario alrededor del","breadcrumb":{"@id":"https:\/\/www.editorialjuventud.es\/ca\/el-viaje-del-liberdade-9788426128584\/#breadcrumb"},"inLanguage":"ca","potentialAction":[{"@type":"ReadAction","target":["https:\/\/www.editorialjuventud.es\/ca\/el-viaje-del-liberdade-9788426128584\/"]}]},{"@type":"ImageObject","inLanguage":"ca","@id":"https:\/\/www.editorialjuventud.es\/ca\/el-viaje-del-liberdade-9788426128584\/#primaryimage","url":"https:\/\/www.editorialjuventud.es\/wp-content\/uploads\/2858.jpg","contentUrl":"https:\/\/www.editorialjuventud.es\/wp-content\/uploads\/2858.jpg","width":301,"height":450,"caption":"2858.jpg"},{"@type":"BreadcrumbList","@id":"https:\/\/www.editorialjuventud.es\/ca\/el-viaje-del-liberdade-9788426128584\/#breadcrumb","itemListElement":[{"@type":"ListItem","position":1,"name":"Portada","item":"https:\/\/www.editorialjuventud.es\/"},{"@type":"ListItem","position":2,"name":"cat\u00e1logo","item":"https:\/\/www.editorialjuventud.es\/coleccion\/catalogo\/"},{"@type":"ListItem","position":3,"name":"castellano","item":"https:\/\/www.editorialjuventud.es\/coleccion\/castellano\/"},{"@type":"ListItem","position":4,"name":"Lecturas En torno al Mar","item":"https:\/\/www.editorialjuventud.es\/coleccion\/lecturas-en-torno-al-mar\/"},{"@type":"ListItem","position":5,"name":"Viajes, Aventuras y Expediciones","item":"https:\/\/www.editorialjuventud.es\/coleccion\/viajes-aventuras-y-expediciones-lecturas-en-torno-al-mar\/"},{"@type":"ListItem","position":6,"name":"El viaje del Liberdade"}]},{"@type":"WebSite","@id":"https:\/\/www.editorialjuventud.es\/#website","url":"https:\/\/www.editorialjuventud.es\/","name":"Editorial Juventud","description":"","potentialAction":[{"@type":"SearchAction","target":{"@type":"EntryPoint","urlTemplate":"https:\/\/www.editorialjuventud.es\/?s={search_term_string}"},"query-input":{"@type":"PropertyValueSpecification","valueRequired":true,"valueName":"search_term_string"}}],"inLanguage":"ca"}]}},"_links":{"self":[{"href":"https:\/\/www.editorialjuventud.es\/ca\/wp-json\/wp\/v2\/product\/5108","targetHints":{"allow":["GET"]}}],"collection":[{"href":"https:\/\/www.editorialjuventud.es\/ca\/wp-json\/wp\/v2\/product"}],"about":[{"href":"https:\/\/www.editorialjuventud.es\/ca\/wp-json\/wp\/v2\/types\/product"}],"wp:featuredmedia":[{"embeddable":true,"href":"https:\/\/www.editorialjuventud.es\/ca\/wp-json\/wp\/v2\/media\/7130"}],"wp:attachment":[{"href":"https:\/\/www.editorialjuventud.es\/ca\/wp-json\/wp\/v2\/media?parent=5108"}],"wp:term":[{"taxonomy":"product_brand","embeddable":true,"href":"https:\/\/www.editorialjuventud.es\/ca\/wp-json\/wp\/v2\/product_brand?post=5108"},{"taxonomy":"product_cat","embeddable":true,"href":"https:\/\/www.editorialjuventud.es\/ca\/wp-json\/wp\/v2\/product_cat?post=5108"},{"taxonomy":"product_tag","embeddable":true,"href":"https:\/\/www.editorialjuventud.es\/ca\/wp-json\/wp\/v2\/product_tag?post=5108"},{"taxonomy":"coleccion","embeddable":true,"href":"https:\/\/www.editorialjuventud.es\/ca\/wp-json\/wp\/v2\/coleccion?post=5108"}],"curies":[{"name":"wp","href":"https:\/\/api.w.org\/{rel}","templated":true}]}}