{"id":5107,"date":"2018-08-24T10:23:19","date_gmt":"2018-08-24T08:23:19","guid":{"rendered":"http:\/\/www.editorialjuventud.es\/stelalluna\/"},"modified":"2025-09-09T11:27:11","modified_gmt":"2025-09-09T09:27:11","slug":"stelalluna-9788426128508","status":"publish","type":"product","link":"https:\/\/www.editorialjuventud.es\/ca\/stelalluna-9788426128508\/","title":{"rendered":"Stelalluna"},"content":{"rendered":"<p>Aquesta \u00e9s la bella hist\u00f2ria de l&#8217;Stelalluna, una petita rat-penat que es veu separada de la seva mare i \u00e9s adoptada per una fam\u00edlia d&#8217;ocells. La fraternitat, la integraci\u00f3, els costums diferents, fan d&#8217;Stelalluna un llibre interessant\u00edssim per tractar el tema de la conviv\u00e8ncia i la solidaritat.<br \/>\nJanell Cannon ha treballat durant molts anys a la xarxa de biblioteques p\u00fabliques i ha estat premiada per programes de lectura infantil per a l&#8217;estiu que ha creat i desenvolupat. En aquests programes, de la mateixa manera que en aquest tendre conte infantil d\u2019agradable i f\u00e0cil lectura, l&#8217;autora aporta els seus coneixements sobre els animals.<\/p>\n","protected":false},"excerpt":{"rendered":"Aquesta \u00e9s la bella hist\u00f2ria de l&#8217;Stelalluna, una petita rat-penat que es veu separada de la seva mare i \u00e9s adoptada per una fam\u00edlia d&#8217;ocells. La fraternitat, la integraci\u00f3, els costums diferents, fan d&#8217;Stelalluna un llibre interessant\u00edssim per tractar el [&hellip;]","protected":false},"featured_media":7122,"template":"","meta":{"_acf_changed":false,"_exactmetrics_skip_tracking":false,"_exactmetrics_sitenote_active":false,"_exactmetrics_sitenote_note":"","_exactmetrics_sitenote_category":0},"product_brand":[],"product_cat":[900,1131,1121,1141,1128],"product_tag":[],"coleccion":[917,915,949],"class_list":{"0":"post-5107","1":"product","2":"type-product","3":"status-publish","4":"has-post-thumbnail","6":"product_cat-a-partir-de-5-anos","7":"product_cat-adopcion","8":"product_cat-albumes-ilustrados","9":"product_cat-autoestima","10":"product_cat-tematica","11":"coleccion-albums-illustrats","12":"coleccion-catala","13":"coleccion-creixer-en-valors","15":"first","16":"instock","17":"taxable","18":"shipping-taxable","19":"purchasable","20":"product-type-simple"},"acf":{"autor":"Cannon, Janell","codart":"2850-5","ediciones":"0","encuadernacion":"Carton\u00e9","fecha_de_publicacion":"23\/11\/1994","novedad":"0","paginas":"48","subtitulo":"","texto_web_adicional":"","texto_web_novedad":"","orden":"999","portada":"0","texto_web_resaltado":"","indice":"","autores-libros":[16262],"ilustradores-libros":[16262],"traductores-libros":[17719],"fecha_de_reimpresion":"","descripcion_corta":"","recomendamos":"","mas_vendido":"","idioma-libro":"","color":false,"formato":"","mas_informacion_del_producto":false,"premios":false,"deshabilitar_compra":[],"texto_enlace_cubierta":"","enlace_cubierta":false,"texto_enlace_ficha_tecnica":"","enlace_ficha_tecnica":false,"ficheros":false,"titulo-fr":"","texto-fr":""},"yoast_head":"<!-- This site is optimized with the Yoast SEO plugin v27.5 - https:\/\/yoast.com\/product\/yoast-seo-wordpress\/ -->\n<title>Stelalluna - Editorial Juventud<\/title>\n<meta name=\"description\" content=\"Aquesta \u00e9s la bella hist\u00f2ria de l&#039;Stelalluna, una petita rat-penat que es veu separada de la seva mare i \u00e9s adoptada per una fam\u00edlia d&#039;ocells. La\" \/>\n<meta name=\"robots\" content=\"index, follow, max-snippet:-1, max-image-preview:large, max-video-preview:-1\" \/>\n<link rel=\"canonical\" href=\"https:\/\/www.editorialjuventud.es\/stelalluna-9788426128508\/\" \/>\n<meta property=\"og:locale\" content=\"ca_ES\" \/>\n<meta property=\"og:type\" content=\"article\" \/>\n<meta property=\"og:title\" content=\"Stelalluna - Editorial Juventud\" \/>\n<meta property=\"og:description\" content=\"Aquesta \u00e9s la bella hist\u00f2ria de l&#039;Stelalluna, una petita rat-penat que es veu separada de la seva mare i \u00e9s adoptada per una fam\u00edlia d&#039;ocells. La\" \/>\n<meta property=\"og:url\" content=\"https:\/\/www.editorialjuventud.es\/stelalluna-9788426128508\/\" \/>\n<meta property=\"og:site_name\" content=\"Editorial Juventud\" \/>\n<meta property=\"article:modified_time\" content=\"2025-09-09T09:27:11+00:00\" \/>\n<meta property=\"og:image\" content=\"https:\/\/www.editorialjuventud.es\/wp-content\/uploads\/2850.jpg\" \/>\n\t<meta property=\"og:image:width\" content=\"444\" \/>\n\t<meta property=\"og:image:height\" content=\"450\" \/>\n\t<meta property=\"og:image:type\" content=\"image\/jpeg\" \/>\n<meta name=\"twitter:card\" content=\"summary_large_image\" \/>\n<meta name=\"twitter:label1\" content=\"Temps estimat de lectura\" \/>\n\t<meta name=\"twitter:data1\" content=\"1 minut\" \/>\n<script type=\"application\/ld+json\" class=\"yoast-schema-graph\">{\"@context\":\"https:\\\/\\\/schema.org\",\"@graph\":[{\"@type\":\"WebPage\",\"@id\":\"https:\\\/\\\/www.editorialjuventud.es\\\/stelalluna-9788426128508\\\/\",\"url\":\"https:\\\/\\\/www.editorialjuventud.es\\\/stelalluna-9788426128508\\\/\",\"name\":\"Stelalluna - Editorial Juventud\",\"isPartOf\":{\"@id\":\"https:\\\/\\\/www.editorialjuventud.es\\\/#website\"},\"primaryImageOfPage\":{\"@id\":\"https:\\\/\\\/www.editorialjuventud.es\\\/stelalluna-9788426128508\\\/#primaryimage\"},\"image\":{\"@id\":\"https:\\\/\\\/www.editorialjuventud.es\\\/stelalluna-9788426128508\\\/#primaryimage\"},\"thumbnailUrl\":\"https:\\\/\\\/www.editorialjuventud.es\\\/wp-content\\\/uploads\\\/2850.jpg\",\"datePublished\":\"2018-08-24T08:23:19+00:00\",\"dateModified\":\"2025-09-09T09:27:11+00:00\",\"description\":\"Aquesta \u00e9s la bella hist\u00f2ria de l'Stelalluna, una petita rat-penat que es veu separada de la seva mare i \u00e9s adoptada per una fam\u00edlia d'ocells. La\",\"breadcrumb\":{\"@id\":\"https:\\\/\\\/www.editorialjuventud.es\\\/stelalluna-9788426128508\\\/#breadcrumb\"},\"inLanguage\":\"ca\",\"potentialAction\":[{\"@type\":\"ReadAction\",\"target\":[\"https:\\\/\\\/www.editorialjuventud.es\\\/stelalluna-9788426128508\\\/\"]}]},{\"@type\":\"ImageObject\",\"inLanguage\":\"ca\",\"@id\":\"https:\\\/\\\/www.editorialjuventud.es\\\/stelalluna-9788426128508\\\/#primaryimage\",\"url\":\"https:\\\/\\\/www.editorialjuventud.es\\\/wp-content\\\/uploads\\\/2850.jpg\",\"contentUrl\":\"https:\\\/\\\/www.editorialjuventud.es\\\/wp-content\\\/uploads\\\/2850.jpg\",\"width\":444,\"height\":450,\"caption\":\"2850.jpg\"},{\"@type\":\"BreadcrumbList\",\"@id\":\"https:\\\/\\\/www.editorialjuventud.es\\\/stelalluna-9788426128508\\\/#breadcrumb\",\"itemListElement\":[{\"@type\":\"ListItem\",\"position\":1,\"name\":\"Portada\",\"item\":\"https:\\\/\\\/www.editorialjuventud.es\\\/\"},{\"@type\":\"ListItem\",\"position\":2,\"name\":\"cat\u00e1logo\",\"item\":\"https:\\\/\\\/www.editorialjuventud.es\\\/coleccion\\\/catalogo\\\/\"},{\"@type\":\"ListItem\",\"position\":3,\"name\":\"catal\u00e0\",\"item\":\"https:\\\/\\\/www.editorialjuventud.es\\\/coleccion\\\/catala\\\/\"},{\"@type\":\"ListItem\",\"position\":4,\"name\":\"\u00c0lbums Il\u00b7lustrats\",\"item\":\"https:\\\/\\\/www.editorialjuventud.es\\\/coleccion\\\/albums-il%c2%b7lustrats\\\/\"},{\"@type\":\"ListItem\",\"position\":5,\"name\":\"Cr\u00e9ixer en Valors\",\"item\":\"https:\\\/\\\/www.editorialjuventud.es\\\/ca\\\/coleccion\\\/creixer-en-valors\\\/\"},{\"@type\":\"ListItem\",\"position\":6,\"name\":\"Stelalluna\"}]},{\"@type\":\"WebSite\",\"@id\":\"https:\\\/\\\/www.editorialjuventud.es\\\/#website\",\"url\":\"https:\\\/\\\/www.editorialjuventud.es\\\/\",\"name\":\"Editorial Juventud\",\"description\":\"\",\"potentialAction\":[{\"@type\":\"SearchAction\",\"target\":{\"@type\":\"EntryPoint\",\"urlTemplate\":\"https:\\\/\\\/www.editorialjuventud.es\\\/?s={search_term_string}\"},\"query-input\":{\"@type\":\"PropertyValueSpecification\",\"valueRequired\":true,\"valueName\":\"search_term_string\"}}],\"inLanguage\":\"ca\"}]}<\/script>\n<!-- \/ Yoast SEO plugin. -->","yoast_head_json":{"title":"Stelalluna - Editorial Juventud","description":"Aquesta \u00e9s la bella hist\u00f2ria de l'Stelalluna, una petita rat-penat que es veu separada de la seva mare i \u00e9s adoptada per una fam\u00edlia d'ocells. La","robots":{"index":"index","follow":"follow","max-snippet":"max-snippet:-1","max-image-preview":"max-image-preview:large","max-video-preview":"max-video-preview:-1"},"canonical":"https:\/\/www.editorialjuventud.es\/stelalluna-9788426128508\/","og_locale":"ca_ES","og_type":"article","og_title":"Stelalluna - Editorial Juventud","og_description":"Aquesta \u00e9s la bella hist\u00f2ria de l'Stelalluna, una petita rat-penat que es veu separada de la seva mare i \u00e9s adoptada per una fam\u00edlia d'ocells. La","og_url":"https:\/\/www.editorialjuventud.es\/stelalluna-9788426128508\/","og_site_name":"Editorial Juventud","article_modified_time":"2025-09-09T09:27:11+00:00","og_image":[{"width":444,"height":450,"url":"https:\/\/www.editorialjuventud.es\/wp-content\/uploads\/2850.jpg","type":"image\/jpeg"}],"twitter_card":"summary_large_image","twitter_misc":{"Temps estimat de lectura":"1 minut"},"schema":{"@context":"https:\/\/schema.org","@graph":[{"@type":"WebPage","@id":"https:\/\/www.editorialjuventud.es\/stelalluna-9788426128508\/","url":"https:\/\/www.editorialjuventud.es\/stelalluna-9788426128508\/","name":"Stelalluna - Editorial Juventud","isPartOf":{"@id":"https:\/\/www.editorialjuventud.es\/#website"},"primaryImageOfPage":{"@id":"https:\/\/www.editorialjuventud.es\/stelalluna-9788426128508\/#primaryimage"},"image":{"@id":"https:\/\/www.editorialjuventud.es\/stelalluna-9788426128508\/#primaryimage"},"thumbnailUrl":"https:\/\/www.editorialjuventud.es\/wp-content\/uploads\/2850.jpg","datePublished":"2018-08-24T08:23:19+00:00","dateModified":"2025-09-09T09:27:11+00:00","description":"Aquesta \u00e9s la bella hist\u00f2ria de l'Stelalluna, una petita rat-penat que es veu separada de la seva mare i \u00e9s adoptada per una fam\u00edlia d'ocells. La","breadcrumb":{"@id":"https:\/\/www.editorialjuventud.es\/stelalluna-9788426128508\/#breadcrumb"},"inLanguage":"ca","potentialAction":[{"@type":"ReadAction","target":["https:\/\/www.editorialjuventud.es\/stelalluna-9788426128508\/"]}]},{"@type":"ImageObject","inLanguage":"ca","@id":"https:\/\/www.editorialjuventud.es\/stelalluna-9788426128508\/#primaryimage","url":"https:\/\/www.editorialjuventud.es\/wp-content\/uploads\/2850.jpg","contentUrl":"https:\/\/www.editorialjuventud.es\/wp-content\/uploads\/2850.jpg","width":444,"height":450,"caption":"2850.jpg"},{"@type":"BreadcrumbList","@id":"https:\/\/www.editorialjuventud.es\/stelalluna-9788426128508\/#breadcrumb","itemListElement":[{"@type":"ListItem","position":1,"name":"Portada","item":"https:\/\/www.editorialjuventud.es\/"},{"@type":"ListItem","position":2,"name":"cat\u00e1logo","item":"https:\/\/www.editorialjuventud.es\/coleccion\/catalogo\/"},{"@type":"ListItem","position":3,"name":"catal\u00e0","item":"https:\/\/www.editorialjuventud.es\/coleccion\/catala\/"},{"@type":"ListItem","position":4,"name":"\u00c0lbums Il\u00b7lustrats","item":"https:\/\/www.editorialjuventud.es\/coleccion\/albums-il%c2%b7lustrats\/"},{"@type":"ListItem","position":5,"name":"Cr\u00e9ixer en Valors","item":"https:\/\/www.editorialjuventud.es\/ca\/coleccion\/creixer-en-valors\/"},{"@type":"ListItem","position":6,"name":"Stelalluna"}]},{"@type":"WebSite","@id":"https:\/\/www.editorialjuventud.es\/#website","url":"https:\/\/www.editorialjuventud.es\/","name":"Editorial Juventud","description":"","potentialAction":[{"@type":"SearchAction","target":{"@type":"EntryPoint","urlTemplate":"https:\/\/www.editorialjuventud.es\/?s={search_term_string}"},"query-input":{"@type":"PropertyValueSpecification","valueRequired":true,"valueName":"search_term_string"}}],"inLanguage":"ca"}]}},"_links":{"self":[{"href":"https:\/\/www.editorialjuventud.es\/ca\/wp-json\/wp\/v2\/product\/5107","targetHints":{"allow":["GET"]}}],"collection":[{"href":"https:\/\/www.editorialjuventud.es\/ca\/wp-json\/wp\/v2\/product"}],"about":[{"href":"https:\/\/www.editorialjuventud.es\/ca\/wp-json\/wp\/v2\/types\/product"}],"wp:featuredmedia":[{"embeddable":true,"href":"https:\/\/www.editorialjuventud.es\/ca\/wp-json\/wp\/v2\/media\/7122"}],"wp:attachment":[{"href":"https:\/\/www.editorialjuventud.es\/ca\/wp-json\/wp\/v2\/media?parent=5107"}],"wp:term":[{"taxonomy":"product_brand","embeddable":true,"href":"https:\/\/www.editorialjuventud.es\/ca\/wp-json\/wp\/v2\/product_brand?post=5107"},{"taxonomy":"product_cat","embeddable":true,"href":"https:\/\/www.editorialjuventud.es\/ca\/wp-json\/wp\/v2\/product_cat?post=5107"},{"taxonomy":"product_tag","embeddable":true,"href":"https:\/\/www.editorialjuventud.es\/ca\/wp-json\/wp\/v2\/product_tag?post=5107"},{"taxonomy":"coleccion","embeddable":true,"href":"https:\/\/www.editorialjuventud.es\/ca\/wp-json\/wp\/v2\/coleccion?post=5107"}],"curies":[{"name":"wp","href":"https:\/\/api.w.org\/{rel}","templated":true}]}}