{"id":51053,"date":"2021-03-08T11:22:58","date_gmt":"2021-03-08T10:22:58","guid":{"rendered":"https:\/\/www.editorialjuventud.es\/las-lecciones-del-profesor-tarambana-leccion-1-modales-9788426146939\/"},"modified":"2025-01-22T12:47:42","modified_gmt":"2025-01-22T11:47:42","slug":"las-lecciones-del-profesor-tarambana-leccion-1-modales-9788426146939","status":"publish","type":"product","link":"https:\/\/www.editorialjuventud.es\/ca\/las-lecciones-del-profesor-tarambana-leccion-1-modales-9788426146939\/","title":{"rendered":"Las lecciones del profesor Tarambana. Lecci\u00f3n 1: Modales"},"content":{"rendered":"<p>El profesor Tarambana tiene una manera de ense\u00f1ar bastante poco formal. Se dirige a sus alumnos como &#8216;especie de gusanos verdes y asquerosos&#8217; y, para ense\u00f1arles modales, les da consejos como, por ejemplo: es un s\u00edmbolo de distinci\u00f3n limpiarse la boca con la manga de quien tengamos al lado en la mesa a la hora de comer; siempre debemos se\u00f1alar con el dedo a todo aquel que sea diferente a nosotros; o, si queremos que nos hagan un favor lo m\u00e1s r\u00e1pido posible, la mejor manera es repetir lo que queremos sin parar hasta que el otro pierda la paciencia&#8230;<br \/>Su discurso es tan pol\u00edticamente incorrecto que act\u00faa como una psicolog\u00eda inversa terriblemente efectiva y divertida para los ni\u00f1os. Pero para que funcione, es necesario que los lectores sepan captar la iron\u00eda tras las palabras del profesor, por lo que recomendamos este libro para ni\u00f1os de m\u00e1s de 6 a\u00f1os.<\/p>\n","protected":false},"excerpt":{"rendered":"El profesor Tarambana tiene una manera de ense\u00f1ar bastante poco formal. Se dirige a sus alumnos como &#8216;especie de gusanos verdes y asquerosos&#8217; y, para ense\u00f1arles modales, les da consejos como, por ejemplo: es un s\u00edmbolo de distinci\u00f3n limpiarse la [&hellip;]","protected":false},"featured_media":51054,"template":"","meta":{"_acf_changed":false,"_exactmetrics_skip_tracking":false,"_exactmetrics_sitenote_active":false,"_exactmetrics_sitenote_note":"","_exactmetrics_sitenote_category":0},"product_brand":[],"product_cat":[902,1281,1127,892,1115,1181,1184,893,1213,1128],"product_tag":[],"coleccion":[916,935],"class_list":{"0":"post-51053","1":"product","2":"type-product","3":"status-publish","4":"has-post-thumbnail","6":"product_cat-a-partir-de-7-anos","7":"product_cat-aprendizaje","8":"product_cat-comic","9":"product_cat-edades","10":"product_cat-generos","11":"product_cat-habitos","12":"product_cat-humor","13":"product_cat-novedades","14":"product_cat-primeros-conceptos","15":"product_cat-tematica","16":"coleccion-castellano","17":"coleccion-juventud-comic","19":"first","20":"instock","21":"taxable","22":"shipping-taxable","23":"purchasable","24":"product-type-simple"},"acf":{"indice":"","autor":"Gravel, Elise","codart":"4693","ediciones":"1","encuadernacion":"R\u00fastica","fecha_de_publicacion":"01\/03\/2021","fecha_de_reimpresion":"","novedad":"0","paginas":"48","subtitulo":"","texto_web_adicional":"","autores-libros":[51051],"ilustradores-libros":[51052],"texto_web_novedad":"","orden":"999","portada":"0","texto_web_resaltado":"","traductores-libros":[18265],"descripcion_corta":"","recomendamos":"","mas_vendido":"","idioma-libro":"","color":false,"formato":"","mas_informacion_del_producto":false,"premios":[{"premio":"Seleccionado como uno de los mejores libros infantiles y juveniles por Communication Jeunesse","anyo_del_premio":"2014","pais_del_premio":"Canad\u00e1"}],"deshabilitar_compra":[],"texto_enlace_cubierta":"","enlace_cubierta":{"ID":51090,"id":51090,"title":"cover TARAMBANA (2 IDIOMAS).indd","filename":"cover-LAS-LECCIONES-DEL-PROFESOR-TARAMBANA.-LECCI\u00d3N-1-MODALES.jpg","filesize":464292,"url":"https:\/\/www.editorialjuventud.es\/wp-content\/uploads\/cover-LAS-LECCIONES-DEL-PROFESOR-TARAMBANA.-LECCI\u00d3N-1-MODALES.jpg","link":"https:\/\/www.editorialjuventud.es\/ca\/?attachment_id=51090","alt":"","author":"49","description":"","caption":"","name":"cover-tarambana-2-idiomas-indd","status":"inherit","uploaded_to":51053,"date":"2021-03-08 11:07:30","modified":"2021-03-08 11:07:30","menu_order":0,"mime_type":"image\/jpeg","type":"image","subtype":"jpeg","icon":"https:\/\/www.editorialjuventud.es\/wp-includes\/images\/media\/default.png","width":1822,"height":2544,"sizes":{"thumbnail":"https:\/\/www.editorialjuventud.es\/wp-content\/uploads\/cover-LAS-LECCIONES-DEL-PROFESOR-TARAMBANA.-LECCI\u00d3N-1-MODALES-200x200.jpg","thumbnail-width":200,"thumbnail-height":200,"medium":"https:\/\/www.editorialjuventud.es\/wp-content\/uploads\/cover-LAS-LECCIONES-DEL-PROFESOR-TARAMBANA.-LECCI\u00d3N-1-MODALES.jpg","medium-width":1822,"medium-height":2544,"medium_large":"https:\/\/www.editorialjuventud.es\/wp-content\/uploads\/cover-LAS-LECCIONES-DEL-PROFESOR-TARAMBANA.-LECCI\u00d3N-1-MODALES-768x1072.jpg","medium_large-width":768,"medium_large-height":1072,"large":"https:\/\/www.editorialjuventud.es\/wp-content\/uploads\/cover-LAS-LECCIONES-DEL-PROFESOR-TARAMBANA.-LECCI\u00d3N-1-MODALES.jpg","large-width":1822,"large-height":2544,"1536x1536":"https:\/\/www.editorialjuventud.es\/wp-content\/uploads\/cover-LAS-LECCIONES-DEL-PROFESOR-TARAMBANA.-LECCI\u00d3N-1-MODALES.jpg","1536x1536-width":1100,"1536x1536-height":1536,"2048x2048":"https:\/\/www.editorialjuventud.es\/wp-content\/uploads\/cover-LAS-LECCIONES-DEL-PROFESOR-TARAMBANA.-LECCI\u00d3N-1-MODALES.jpg","2048x2048-width":1467,"2048x2048-height":2048,"woocommerce_thumbnail":"https:\/\/www.editorialjuventud.es\/wp-content\/uploads\/cover-LAS-LECCIONES-DEL-PROFESOR-TARAMBANA.-LECCI\u00d3N-1-MODALES-350x489.jpg","woocommerce_thumbnail-width":350,"woocommerce_thumbnail-height":489,"woocommerce_single":"https:\/\/www.editorialjuventud.es\/wp-content\/uploads\/cover-LAS-LECCIONES-DEL-PROFESOR-TARAMBANA.-LECCI\u00d3N-1-MODALES-900x1257.jpg","woocommerce_single-width":900,"woocommerce_single-height":1257,"woocommerce_gallery_thumbnail":"https:\/\/www.editorialjuventud.es\/wp-content\/uploads\/cover-LAS-LECCIONES-DEL-PROFESOR-TARAMBANA.-LECCI\u00d3N-1-MODALES-100x100.jpg","woocommerce_gallery_thumbnail-width":100,"woocommerce_gallery_thumbnail-height":100,"ppec_logo_image_size":"https:\/\/www.editorialjuventud.es\/wp-content\/uploads\/cover-LAS-LECCIONES-DEL-PROFESOR-TARAMBANA.-LECCI\u00d3N-1-MODALES.jpg","ppec_logo_image_size-width":43,"ppec_logo_image_size-height":60,"ppec_header_image_size":"https:\/\/www.editorialjuventud.es\/wp-content\/uploads\/cover-LAS-LECCIONES-DEL-PROFESOR-TARAMBANA.-LECCI\u00d3N-1-MODALES.jpg","ppec_header_image_size-width":64,"ppec_header_image_size-height":90}},"texto_enlace_ficha_tecnica":"","enlace_ficha_tecnica":{"ID":51092,"id":51092,"title":"Ficha_Las-lecciones-del-prof-tarambana-1_esp","filename":"Ficha_Las-lecciones-del-prof-tarambana-1_esp.pdf","filesize":933680,"url":"https:\/\/www.editorialjuventud.es\/wp-content\/uploads\/Ficha_Las-lecciones-del-prof-tarambana-1_esp.pdf","link":"https:\/\/www.editorialjuventud.es\/ca\/?attachment_id=51092","alt":"","author":"49","description":"","caption":"","name":"ficha_las-lecciones-del-prof-tarambana-1_esp","status":"inherit","uploaded_to":51053,"date":"2021-03-08 11:07:50","modified":"2021-03-08 11:07:50","menu_order":0,"mime_type":"application\/pdf","type":"application","subtype":"pdf","icon":"https:\/\/www.editorialjuventud.es\/wp-includes\/images\/media\/document.png"},"ficheros":false,"titulo-fr":"","texto-fr":""},"yoast_head":"<!-- This site is optimized with the Yoast SEO plugin v27.3 - https:\/\/yoast.com\/product\/yoast-seo-wordpress\/ -->\n<title>Las lecciones del profesor Tarambana. Lecci\u00f3n 1: Modales - Editorial Juventud<\/title>\n<meta name=\"description\" content=\"El profesor Tarambana tiene una manera de ense\u00f1ar bastante poco formal. Se dirige a sus alumnos como &#039;especie de gusanos verdes y asquerosos&#039; y, para\" \/>\n<meta name=\"robots\" content=\"index, follow, max-snippet:-1, max-image-preview:large, max-video-preview:-1\" \/>\n<link rel=\"canonical\" href=\"https:\/\/www.editorialjuventud.es\/las-lecciones-del-profesor-tarambana-leccion-1-modales-9788426146939\/\" \/>\n<meta property=\"og:locale\" content=\"ca_ES\" \/>\n<meta property=\"og:type\" content=\"article\" \/>\n<meta property=\"og:title\" content=\"Las lecciones del profesor Tarambana. Lecci\u00f3n 1: Modales - Editorial Juventud\" \/>\n<meta property=\"og:description\" content=\"El profesor Tarambana tiene una manera de ense\u00f1ar bastante poco formal. Se dirige a sus alumnos como &#039;especie de gusanos verdes y asquerosos&#039; y, para\" \/>\n<meta property=\"og:url\" content=\"https:\/\/www.editorialjuventud.es\/las-lecciones-del-profesor-tarambana-leccion-1-modales-9788426146939\/\" \/>\n<meta property=\"og:site_name\" content=\"Editorial Juventud\" \/>\n<meta property=\"article:modified_time\" content=\"2025-01-22T11:47:42+00:00\" \/>\n<meta property=\"og:image\" content=\"https:\/\/www.editorialjuventud.es\/wp-content\/uploads\/9788426146939.jpg\" \/>\n\t<meta property=\"og:image:width\" content=\"859\" \/>\n\t<meta property=\"og:image:height\" content=\"1200\" \/>\n\t<meta property=\"og:image:type\" content=\"image\/jpeg\" \/>\n<meta name=\"twitter:card\" content=\"summary_large_image\" \/>\n<meta name=\"twitter:label1\" content=\"Temps estimat de lectura\" \/>\n\t<meta name=\"twitter:data1\" content=\"1 minut\" \/>\n<script type=\"application\/ld+json\" class=\"yoast-schema-graph\">{\"@context\":\"https:\\\/\\\/schema.org\",\"@graph\":[{\"@type\":\"WebPage\",\"@id\":\"https:\\\/\\\/www.editorialjuventud.es\\\/las-lecciones-del-profesor-tarambana-leccion-1-modales-9788426146939\\\/\",\"url\":\"https:\\\/\\\/www.editorialjuventud.es\\\/las-lecciones-del-profesor-tarambana-leccion-1-modales-9788426146939\\\/\",\"name\":\"Las lecciones del profesor Tarambana. Lecci\u00f3n 1: Modales - Editorial Juventud\",\"isPartOf\":{\"@id\":\"https:\\\/\\\/www.editorialjuventud.es\\\/#website\"},\"primaryImageOfPage\":{\"@id\":\"https:\\\/\\\/www.editorialjuventud.es\\\/las-lecciones-del-profesor-tarambana-leccion-1-modales-9788426146939\\\/#primaryimage\"},\"image\":{\"@id\":\"https:\\\/\\\/www.editorialjuventud.es\\\/las-lecciones-del-profesor-tarambana-leccion-1-modales-9788426146939\\\/#primaryimage\"},\"thumbnailUrl\":\"https:\\\/\\\/www.editorialjuventud.es\\\/wp-content\\\/uploads\\\/9788426146939.jpg\",\"datePublished\":\"2021-03-08T10:22:58+00:00\",\"dateModified\":\"2025-01-22T11:47:42+00:00\",\"description\":\"El profesor Tarambana tiene una manera de ense\u00f1ar bastante poco formal. Se dirige a sus alumnos como 'especie de gusanos verdes y asquerosos' y, para\",\"breadcrumb\":{\"@id\":\"https:\\\/\\\/www.editorialjuventud.es\\\/las-lecciones-del-profesor-tarambana-leccion-1-modales-9788426146939\\\/#breadcrumb\"},\"inLanguage\":\"ca\",\"potentialAction\":[{\"@type\":\"ReadAction\",\"target\":[\"https:\\\/\\\/www.editorialjuventud.es\\\/las-lecciones-del-profesor-tarambana-leccion-1-modales-9788426146939\\\/\"]}]},{\"@type\":\"ImageObject\",\"inLanguage\":\"ca\",\"@id\":\"https:\\\/\\\/www.editorialjuventud.es\\\/las-lecciones-del-profesor-tarambana-leccion-1-modales-9788426146939\\\/#primaryimage\",\"url\":\"https:\\\/\\\/www.editorialjuventud.es\\\/wp-content\\\/uploads\\\/9788426146939.jpg\",\"contentUrl\":\"https:\\\/\\\/www.editorialjuventud.es\\\/wp-content\\\/uploads\\\/9788426146939.jpg\",\"width\":859,\"height\":1200,\"caption\":\"9788426146939.jpg\"},{\"@type\":\"BreadcrumbList\",\"@id\":\"https:\\\/\\\/www.editorialjuventud.es\\\/las-lecciones-del-profesor-tarambana-leccion-1-modales-9788426146939\\\/#breadcrumb\",\"itemListElement\":[{\"@type\":\"ListItem\",\"position\":1,\"name\":\"Portada\",\"item\":\"https:\\\/\\\/www.editorialjuventud.es\\\/\"},{\"@type\":\"ListItem\",\"position\":2,\"name\":\"cat\u00e1logo\",\"item\":\"https:\\\/\\\/www.editorialjuventud.es\\\/coleccion\\\/catalogo\\\/\"},{\"@type\":\"ListItem\",\"position\":3,\"name\":\"castellano\",\"item\":\"https:\\\/\\\/www.editorialjuventud.es\\\/coleccion\\\/castellano\\\/\"},{\"@type\":\"ListItem\",\"position\":4,\"name\":\"Juventud C\u00f3mic\",\"item\":\"https:\\\/\\\/www.editorialjuventud.es\\\/coleccion\\\/juventud-comic\\\/\"},{\"@type\":\"ListItem\",\"position\":5,\"name\":\"Las lecciones del profesor Tarambana. Lecci\u00f3n 1: Modales\"}]},{\"@type\":\"WebSite\",\"@id\":\"https:\\\/\\\/www.editorialjuventud.es\\\/#website\",\"url\":\"https:\\\/\\\/www.editorialjuventud.es\\\/\",\"name\":\"Editorial Juventud\",\"description\":\"\",\"potentialAction\":[{\"@type\":\"SearchAction\",\"target\":{\"@type\":\"EntryPoint\",\"urlTemplate\":\"https:\\\/\\\/www.editorialjuventud.es\\\/?s={search_term_string}\"},\"query-input\":{\"@type\":\"PropertyValueSpecification\",\"valueRequired\":true,\"valueName\":\"search_term_string\"}}],\"inLanguage\":\"ca\"}]}<\/script>\n<!-- \/ Yoast SEO plugin. -->","yoast_head_json":{"title":"Las lecciones del profesor Tarambana. Lecci\u00f3n 1: Modales - Editorial Juventud","description":"El profesor Tarambana tiene una manera de ense\u00f1ar bastante poco formal. Se dirige a sus alumnos como 'especie de gusanos verdes y asquerosos' y, para","robots":{"index":"index","follow":"follow","max-snippet":"max-snippet:-1","max-image-preview":"max-image-preview:large","max-video-preview":"max-video-preview:-1"},"canonical":"https:\/\/www.editorialjuventud.es\/las-lecciones-del-profesor-tarambana-leccion-1-modales-9788426146939\/","og_locale":"ca_ES","og_type":"article","og_title":"Las lecciones del profesor Tarambana. Lecci\u00f3n 1: Modales - Editorial Juventud","og_description":"El profesor Tarambana tiene una manera de ense\u00f1ar bastante poco formal. Se dirige a sus alumnos como 'especie de gusanos verdes y asquerosos' y, para","og_url":"https:\/\/www.editorialjuventud.es\/las-lecciones-del-profesor-tarambana-leccion-1-modales-9788426146939\/","og_site_name":"Editorial Juventud","article_modified_time":"2025-01-22T11:47:42+00:00","og_image":[{"width":859,"height":1200,"url":"https:\/\/www.editorialjuventud.es\/wp-content\/uploads\/9788426146939.jpg","type":"image\/jpeg"}],"twitter_card":"summary_large_image","twitter_misc":{"Temps estimat de lectura":"1 minut"},"schema":{"@context":"https:\/\/schema.org","@graph":[{"@type":"WebPage","@id":"https:\/\/www.editorialjuventud.es\/las-lecciones-del-profesor-tarambana-leccion-1-modales-9788426146939\/","url":"https:\/\/www.editorialjuventud.es\/las-lecciones-del-profesor-tarambana-leccion-1-modales-9788426146939\/","name":"Las lecciones del profesor Tarambana. Lecci\u00f3n 1: Modales - Editorial Juventud","isPartOf":{"@id":"https:\/\/www.editorialjuventud.es\/#website"},"primaryImageOfPage":{"@id":"https:\/\/www.editorialjuventud.es\/las-lecciones-del-profesor-tarambana-leccion-1-modales-9788426146939\/#primaryimage"},"image":{"@id":"https:\/\/www.editorialjuventud.es\/las-lecciones-del-profesor-tarambana-leccion-1-modales-9788426146939\/#primaryimage"},"thumbnailUrl":"https:\/\/www.editorialjuventud.es\/wp-content\/uploads\/9788426146939.jpg","datePublished":"2021-03-08T10:22:58+00:00","dateModified":"2025-01-22T11:47:42+00:00","description":"El profesor Tarambana tiene una manera de ense\u00f1ar bastante poco formal. Se dirige a sus alumnos como 'especie de gusanos verdes y asquerosos' y, para","breadcrumb":{"@id":"https:\/\/www.editorialjuventud.es\/las-lecciones-del-profesor-tarambana-leccion-1-modales-9788426146939\/#breadcrumb"},"inLanguage":"ca","potentialAction":[{"@type":"ReadAction","target":["https:\/\/www.editorialjuventud.es\/las-lecciones-del-profesor-tarambana-leccion-1-modales-9788426146939\/"]}]},{"@type":"ImageObject","inLanguage":"ca","@id":"https:\/\/www.editorialjuventud.es\/las-lecciones-del-profesor-tarambana-leccion-1-modales-9788426146939\/#primaryimage","url":"https:\/\/www.editorialjuventud.es\/wp-content\/uploads\/9788426146939.jpg","contentUrl":"https:\/\/www.editorialjuventud.es\/wp-content\/uploads\/9788426146939.jpg","width":859,"height":1200,"caption":"9788426146939.jpg"},{"@type":"BreadcrumbList","@id":"https:\/\/www.editorialjuventud.es\/las-lecciones-del-profesor-tarambana-leccion-1-modales-9788426146939\/#breadcrumb","itemListElement":[{"@type":"ListItem","position":1,"name":"Portada","item":"https:\/\/www.editorialjuventud.es\/"},{"@type":"ListItem","position":2,"name":"cat\u00e1logo","item":"https:\/\/www.editorialjuventud.es\/coleccion\/catalogo\/"},{"@type":"ListItem","position":3,"name":"castellano","item":"https:\/\/www.editorialjuventud.es\/coleccion\/castellano\/"},{"@type":"ListItem","position":4,"name":"Juventud C\u00f3mic","item":"https:\/\/www.editorialjuventud.es\/coleccion\/juventud-comic\/"},{"@type":"ListItem","position":5,"name":"Las lecciones del profesor Tarambana. Lecci\u00f3n 1: Modales"}]},{"@type":"WebSite","@id":"https:\/\/www.editorialjuventud.es\/#website","url":"https:\/\/www.editorialjuventud.es\/","name":"Editorial Juventud","description":"","potentialAction":[{"@type":"SearchAction","target":{"@type":"EntryPoint","urlTemplate":"https:\/\/www.editorialjuventud.es\/?s={search_term_string}"},"query-input":{"@type":"PropertyValueSpecification","valueRequired":true,"valueName":"search_term_string"}}],"inLanguage":"ca"}]}},"_links":{"self":[{"href":"https:\/\/www.editorialjuventud.es\/ca\/wp-json\/wp\/v2\/product\/51053","targetHints":{"allow":["GET"]}}],"collection":[{"href":"https:\/\/www.editorialjuventud.es\/ca\/wp-json\/wp\/v2\/product"}],"about":[{"href":"https:\/\/www.editorialjuventud.es\/ca\/wp-json\/wp\/v2\/types\/product"}],"wp:featuredmedia":[{"embeddable":true,"href":"https:\/\/www.editorialjuventud.es\/ca\/wp-json\/wp\/v2\/media\/51054"}],"wp:attachment":[{"href":"https:\/\/www.editorialjuventud.es\/ca\/wp-json\/wp\/v2\/media?parent=51053"}],"wp:term":[{"taxonomy":"product_brand","embeddable":true,"href":"https:\/\/www.editorialjuventud.es\/ca\/wp-json\/wp\/v2\/product_brand?post=51053"},{"taxonomy":"product_cat","embeddable":true,"href":"https:\/\/www.editorialjuventud.es\/ca\/wp-json\/wp\/v2\/product_cat?post=51053"},{"taxonomy":"product_tag","embeddable":true,"href":"https:\/\/www.editorialjuventud.es\/ca\/wp-json\/wp\/v2\/product_tag?post=51053"},{"taxonomy":"coleccion","embeddable":true,"href":"https:\/\/www.editorialjuventud.es\/ca\/wp-json\/wp\/v2\/coleccion?post=51053"}],"curies":[{"name":"wp","href":"https:\/\/api.w.org\/{rel}","templated":true}]}}