{"id":5102,"date":"2018-08-24T12:22:58","date_gmt":"2018-08-24T08:22:58","guid":{"rendered":"http:\/\/www.editorialjuventud.es\/modales\/"},"modified":"2025-01-22T13:48:02","modified_gmt":"2025-01-22T12:48:02","slug":"modales-9788426127952","status":"publish","type":"product","link":"https:\/\/www.editorialjuventud.es\/ca\/modales-9788426127952\/","title":{"rendered":"Modales"},"content":{"rendered":"<p>Modales es un libro que nos ense\u00f1a los buenos modales de forma entretenida. Mediante las ilustraciones, los ni\u00f1os han de adivinar cu\u00e1les son las formas correctas de comportarse en casa, en sociedad o con sus amigos. Aliki nos ense\u00f1a las ventajas de tener buenos modales, y nos explica, con mucha raz\u00f3n, que tener buenos modales significa que uno sabe respetar y querer a su pr\u00f3jimo y hacerse apreciar.<\/p>\n","protected":false},"excerpt":{"rendered":"Modales es un libro que nos ense\u00f1a los buenos modales de forma entretenida. Mediante las ilustraciones, los ni\u00f1os han de adivinar cu\u00e1les son las formas correctas de comportarse en casa, en sociedad o con sus amigos. Aliki nos ense\u00f1a las [&hellip;]","protected":false},"featured_media":7102,"template":"","meta":{"_acf_changed":false,"_exactmetrics_skip_tracking":false,"_exactmetrics_sitenote_active":false,"_exactmetrics_sitenote_note":"","_exactmetrics_sitenote_category":0},"product_brand":[],"product_cat":[899,1154,1181,1123],"product_tag":[],"coleccion":[1061],"class_list":{"0":"post-5102","1":"product","2":"type-product","3":"status-publish","4":"has-post-thumbnail","6":"product_cat-a-partir-de-3-anos","7":"product_cat-comunicacion","8":"product_cat-habitos","9":"product_cat-libros-informativos-infantil","10":"coleccion-libros-de-aliki","12":"first","13":"instock","14":"taxable","15":"shipping-taxable","16":"purchasable","17":"product-type-simple"},"acf":{"autor":"Aliki","codart":"2795-9","ediciones":"2","encuadernacion":"Carton\u00e9","fecha_de_publicacion":"06\/04\/1994","novedad":"0","paginas":"32","subtitulo":"","texto_web_adicional":"","texto_web_novedad":"","orden":"999","portada":"0","texto_web_resaltado":"","indice":"","autores-libros":[16183],"ilustradores-libros":[16183],"traductores-libros":"","fecha_de_reimpresion":"","descripcion_corta":"","recomendamos":"","mas_vendido":"","idioma-libro":"","color":false,"formato":"","mas_informacion_del_producto":false,"premios":false,"deshabilitar_compra":["deshabilitar"],"texto_enlace_cubierta":"","enlace_cubierta":false,"texto_enlace_ficha_tecnica":"","enlace_ficha_tecnica":false,"ficheros":false,"titulo-fr":"","texto-fr":""},"yoast_head":"<!-- This site is optimized with the Yoast SEO plugin v27.5 - https:\/\/yoast.com\/product\/yoast-seo-wordpress\/ -->\n<title>Modales - Editorial Juventud<\/title>\n<meta name=\"description\" content=\"Modales es un libro que nos ense\u00f1a los buenos modales de forma entretenida. Mediante las ilustraciones, los ni\u00f1os han de adivinar cu\u00e1les son las formas\" \/>\n<meta name=\"robots\" content=\"index, follow, max-snippet:-1, max-image-preview:large, max-video-preview:-1\" \/>\n<link rel=\"canonical\" href=\"https:\/\/www.editorialjuventud.es\/modales-9788426127952\/\" \/>\n<meta property=\"og:locale\" content=\"ca_ES\" \/>\n<meta property=\"og:type\" content=\"article\" \/>\n<meta property=\"og:title\" content=\"Modales - Editorial Juventud\" \/>\n<meta property=\"og:description\" content=\"Modales es un libro que nos ense\u00f1a los buenos modales de forma entretenida. Mediante las ilustraciones, los ni\u00f1os han de adivinar cu\u00e1les son las formas\" \/>\n<meta property=\"og:url\" content=\"https:\/\/www.editorialjuventud.es\/modales-9788426127952\/\" \/>\n<meta property=\"og:site_name\" content=\"Editorial Juventud\" \/>\n<meta property=\"article:modified_time\" content=\"2025-01-22T12:48:02+00:00\" \/>\n<meta property=\"og:image\" content=\"https:\/\/www.editorialjuventud.es\/wp-content\/uploads\/2795.jpg\" \/>\n\t<meta property=\"og:image:width\" content=\"209\" \/>\n\t<meta property=\"og:image:height\" content=\"279\" \/>\n\t<meta property=\"og:image:type\" content=\"image\/jpeg\" \/>\n<meta name=\"twitter:card\" content=\"summary_large_image\" \/>\n<meta name=\"twitter:label1\" content=\"Temps estimat de lectura\" \/>\n\t<meta name=\"twitter:data1\" content=\"1 minut\" \/>\n<script type=\"application\/ld+json\" class=\"yoast-schema-graph\">{\"@context\":\"https:\\\/\\\/schema.org\",\"@graph\":[{\"@type\":\"WebPage\",\"@id\":\"https:\\\/\\\/www.editorialjuventud.es\\\/modales-9788426127952\\\/\",\"url\":\"https:\\\/\\\/www.editorialjuventud.es\\\/modales-9788426127952\\\/\",\"name\":\"Modales - Editorial Juventud\",\"isPartOf\":{\"@id\":\"https:\\\/\\\/www.editorialjuventud.es\\\/#website\"},\"primaryImageOfPage\":{\"@id\":\"https:\\\/\\\/www.editorialjuventud.es\\\/modales-9788426127952\\\/#primaryimage\"},\"image\":{\"@id\":\"https:\\\/\\\/www.editorialjuventud.es\\\/modales-9788426127952\\\/#primaryimage\"},\"thumbnailUrl\":\"https:\\\/\\\/www.editorialjuventud.es\\\/wp-content\\\/uploads\\\/2795.jpg\",\"datePublished\":\"2018-08-24T08:22:58+00:00\",\"dateModified\":\"2025-01-22T12:48:02+00:00\",\"description\":\"Modales es un libro que nos ense\u00f1a los buenos modales de forma entretenida. Mediante las ilustraciones, los ni\u00f1os han de adivinar cu\u00e1les son las formas\",\"breadcrumb\":{\"@id\":\"https:\\\/\\\/www.editorialjuventud.es\\\/modales-9788426127952\\\/#breadcrumb\"},\"inLanguage\":\"ca\",\"potentialAction\":[{\"@type\":\"ReadAction\",\"target\":[\"https:\\\/\\\/www.editorialjuventud.es\\\/modales-9788426127952\\\/\"]}]},{\"@type\":\"ImageObject\",\"inLanguage\":\"ca\",\"@id\":\"https:\\\/\\\/www.editorialjuventud.es\\\/modales-9788426127952\\\/#primaryimage\",\"url\":\"https:\\\/\\\/www.editorialjuventud.es\\\/wp-content\\\/uploads\\\/2795.jpg\",\"contentUrl\":\"https:\\\/\\\/www.editorialjuventud.es\\\/wp-content\\\/uploads\\\/2795.jpg\",\"width\":209,\"height\":279,\"caption\":\"2795.jpg\"},{\"@type\":\"BreadcrumbList\",\"@id\":\"https:\\\/\\\/www.editorialjuventud.es\\\/modales-9788426127952\\\/#breadcrumb\",\"itemListElement\":[{\"@type\":\"ListItem\",\"position\":1,\"name\":\"Portada\",\"item\":\"https:\\\/\\\/www.editorialjuventud.es\\\/\"},{\"@type\":\"ListItem\",\"position\":2,\"name\":\"cat\u00e1logo\",\"item\":\"https:\\\/\\\/www.editorialjuventud.es\\\/coleccion\\\/catalogo\\\/\"},{\"@type\":\"ListItem\",\"position\":3,\"name\":\"castellano\",\"item\":\"https:\\\/\\\/www.editorialjuventud.es\\\/coleccion\\\/castellano\\\/\"},{\"@type\":\"ListItem\",\"position\":4,\"name\":\"\u00c1lbumes Ilustrados\",\"item\":\"https:\\\/\\\/www.editorialjuventud.es\\\/coleccion\\\/albumes-ilustrados\\\/\"},{\"@type\":\"ListItem\",\"position\":5,\"name\":\"Conocer y Comprender\",\"item\":\"https:\\\/\\\/www.editorialjuventud.es\\\/coleccion\\\/conocer-y-comprender\\\/\"},{\"@type\":\"ListItem\",\"position\":6,\"name\":\"Libros de Aliki\",\"item\":\"https:\\\/\\\/www.editorialjuventud.es\\\/coleccion\\\/libros-de-aliki\\\/\"},{\"@type\":\"ListItem\",\"position\":7,\"name\":\"Modales\"}]},{\"@type\":\"WebSite\",\"@id\":\"https:\\\/\\\/www.editorialjuventud.es\\\/#website\",\"url\":\"https:\\\/\\\/www.editorialjuventud.es\\\/\",\"name\":\"Editorial Juventud\",\"description\":\"\",\"potentialAction\":[{\"@type\":\"SearchAction\",\"target\":{\"@type\":\"EntryPoint\",\"urlTemplate\":\"https:\\\/\\\/www.editorialjuventud.es\\\/?s={search_term_string}\"},\"query-input\":{\"@type\":\"PropertyValueSpecification\",\"valueRequired\":true,\"valueName\":\"search_term_string\"}}],\"inLanguage\":\"ca\"}]}<\/script>\n<!-- \/ Yoast SEO plugin. -->","yoast_head_json":{"title":"Modales - Editorial Juventud","description":"Modales es un libro que nos ense\u00f1a los buenos modales de forma entretenida. Mediante las ilustraciones, los ni\u00f1os han de adivinar cu\u00e1les son las formas","robots":{"index":"index","follow":"follow","max-snippet":"max-snippet:-1","max-image-preview":"max-image-preview:large","max-video-preview":"max-video-preview:-1"},"canonical":"https:\/\/www.editorialjuventud.es\/modales-9788426127952\/","og_locale":"ca_ES","og_type":"article","og_title":"Modales - Editorial Juventud","og_description":"Modales es un libro que nos ense\u00f1a los buenos modales de forma entretenida. Mediante las ilustraciones, los ni\u00f1os han de adivinar cu\u00e1les son las formas","og_url":"https:\/\/www.editorialjuventud.es\/modales-9788426127952\/","og_site_name":"Editorial Juventud","article_modified_time":"2025-01-22T12:48:02+00:00","og_image":[{"width":209,"height":279,"url":"https:\/\/www.editorialjuventud.es\/wp-content\/uploads\/2795.jpg","type":"image\/jpeg"}],"twitter_card":"summary_large_image","twitter_misc":{"Temps estimat de lectura":"1 minut"},"schema":{"@context":"https:\/\/schema.org","@graph":[{"@type":"WebPage","@id":"https:\/\/www.editorialjuventud.es\/modales-9788426127952\/","url":"https:\/\/www.editorialjuventud.es\/modales-9788426127952\/","name":"Modales - Editorial Juventud","isPartOf":{"@id":"https:\/\/www.editorialjuventud.es\/#website"},"primaryImageOfPage":{"@id":"https:\/\/www.editorialjuventud.es\/modales-9788426127952\/#primaryimage"},"image":{"@id":"https:\/\/www.editorialjuventud.es\/modales-9788426127952\/#primaryimage"},"thumbnailUrl":"https:\/\/www.editorialjuventud.es\/wp-content\/uploads\/2795.jpg","datePublished":"2018-08-24T08:22:58+00:00","dateModified":"2025-01-22T12:48:02+00:00","description":"Modales es un libro que nos ense\u00f1a los buenos modales de forma entretenida. Mediante las ilustraciones, los ni\u00f1os han de adivinar cu\u00e1les son las formas","breadcrumb":{"@id":"https:\/\/www.editorialjuventud.es\/modales-9788426127952\/#breadcrumb"},"inLanguage":"ca","potentialAction":[{"@type":"ReadAction","target":["https:\/\/www.editorialjuventud.es\/modales-9788426127952\/"]}]},{"@type":"ImageObject","inLanguage":"ca","@id":"https:\/\/www.editorialjuventud.es\/modales-9788426127952\/#primaryimage","url":"https:\/\/www.editorialjuventud.es\/wp-content\/uploads\/2795.jpg","contentUrl":"https:\/\/www.editorialjuventud.es\/wp-content\/uploads\/2795.jpg","width":209,"height":279,"caption":"2795.jpg"},{"@type":"BreadcrumbList","@id":"https:\/\/www.editorialjuventud.es\/modales-9788426127952\/#breadcrumb","itemListElement":[{"@type":"ListItem","position":1,"name":"Portada","item":"https:\/\/www.editorialjuventud.es\/"},{"@type":"ListItem","position":2,"name":"cat\u00e1logo","item":"https:\/\/www.editorialjuventud.es\/coleccion\/catalogo\/"},{"@type":"ListItem","position":3,"name":"castellano","item":"https:\/\/www.editorialjuventud.es\/coleccion\/castellano\/"},{"@type":"ListItem","position":4,"name":"\u00c1lbumes Ilustrados","item":"https:\/\/www.editorialjuventud.es\/coleccion\/albumes-ilustrados\/"},{"@type":"ListItem","position":5,"name":"Conocer y Comprender","item":"https:\/\/www.editorialjuventud.es\/coleccion\/conocer-y-comprender\/"},{"@type":"ListItem","position":6,"name":"Libros de Aliki","item":"https:\/\/www.editorialjuventud.es\/coleccion\/libros-de-aliki\/"},{"@type":"ListItem","position":7,"name":"Modales"}]},{"@type":"WebSite","@id":"https:\/\/www.editorialjuventud.es\/#website","url":"https:\/\/www.editorialjuventud.es\/","name":"Editorial Juventud","description":"","potentialAction":[{"@type":"SearchAction","target":{"@type":"EntryPoint","urlTemplate":"https:\/\/www.editorialjuventud.es\/?s={search_term_string}"},"query-input":{"@type":"PropertyValueSpecification","valueRequired":true,"valueName":"search_term_string"}}],"inLanguage":"ca"}]}},"_links":{"self":[{"href":"https:\/\/www.editorialjuventud.es\/ca\/wp-json\/wp\/v2\/product\/5102","targetHints":{"allow":["GET"]}}],"collection":[{"href":"https:\/\/www.editorialjuventud.es\/ca\/wp-json\/wp\/v2\/product"}],"about":[{"href":"https:\/\/www.editorialjuventud.es\/ca\/wp-json\/wp\/v2\/types\/product"}],"wp:featuredmedia":[{"embeddable":true,"href":"https:\/\/www.editorialjuventud.es\/ca\/wp-json\/wp\/v2\/media\/7102"}],"wp:attachment":[{"href":"https:\/\/www.editorialjuventud.es\/ca\/wp-json\/wp\/v2\/media?parent=5102"}],"wp:term":[{"taxonomy":"product_brand","embeddable":true,"href":"https:\/\/www.editorialjuventud.es\/ca\/wp-json\/wp\/v2\/product_brand?post=5102"},{"taxonomy":"product_cat","embeddable":true,"href":"https:\/\/www.editorialjuventud.es\/ca\/wp-json\/wp\/v2\/product_cat?post=5102"},{"taxonomy":"product_tag","embeddable":true,"href":"https:\/\/www.editorialjuventud.es\/ca\/wp-json\/wp\/v2\/product_tag?post=5102"},{"taxonomy":"coleccion","embeddable":true,"href":"https:\/\/www.editorialjuventud.es\/ca\/wp-json\/wp\/v2\/coleccion?post=5102"}],"curies":[{"name":"wp","href":"https:\/\/api.w.org\/{rel}","templated":true}]}}