{"id":5079,"date":"2018-08-24T10:21:17","date_gmt":"2018-08-24T08:21:17","guid":{"rendered":"http:\/\/www.editorialjuventud.es\/yo-siempre-te-querre\/"},"modified":"2025-01-22T13:48:25","modified_gmt":"2025-01-22T12:48:25","slug":"yo-siempre-te-querre-9788426124043","status":"publish","type":"product","link":"https:\/\/www.editorialjuventud.es\/ca\/yo-siempre-te-querre-9788426124043\/","title":{"rendered":"Yo siempre te querr\u00e9"},"content":{"rendered":"<p>Este libro es la historia de Elfi, la mejor perrita del mundo. Y tambi\u00e9n de la profunda amistad entre un ni\u00f1o y un perro. Se cr\u00edan juntos, pero Elfi crece m\u00e1s deprisa que su joven due\u00f1o, y despu\u00e9s de una feliz vida de perro llega el momento en que Elfi se despide para siempre. Este libro muestra sobre todo la importancia que tiene expresar los sentimientos.<\/p>\n","protected":false},"excerpt":{"rendered":"Este libro es la historia de Elfi, la mejor perrita del mundo. Y tambi\u00e9n de la profunda amistad entre un ni\u00f1o y un perro. Se cr\u00edan juntos, pero Elfi crece m\u00e1s deprisa que su joven due\u00f1o, y despu\u00e9s de una [&hellip;]","protected":false},"featured_media":15499,"template":"","meta":{"_acf_changed":false,"_exactmetrics_skip_tracking":false,"_exactmetrics_sitenote_active":false,"_exactmetrics_sitenote_note":"","_exactmetrics_sitenote_category":0},"product_brand":[],"product_cat":[900,1121,1166,1194],"product_tag":[],"coleccion":[1072],"class_list":{"0":"post-5079","1":"product","2":"type-product","3":"status-publish","4":"has-post-thumbnail","6":"product_cat-a-partir-de-5-anos","7":"product_cat-albumes-ilustrados","8":"product_cat-duelo-perdida-de-un-ser-querido","9":"product_cat-mascotas","10":"coleccion-libros-de-hans-wilhelm","12":"first","13":"instock","14":"taxable","15":"shipping-taxable","16":"purchasable","17":"product-type-simple"},"acf":{"autor":"Hans Wilhelm","codart":"2404-6","ediciones":"0","encuadernacion":"Carton\u00e9","fecha_de_publicacion":"28\/11\/1989","novedad":"0","paginas":"32","subtitulo":"","texto_web_adicional":"","texto_web_novedad":"","orden":"999","portada":"0","texto_web_resaltado":"","indice":"","autores-libros":[16684],"ilustradores-libros":[16684],"traductores-libros":[17687],"descripcion_corta":"","recomendamos":"","mas_vendido":"","idioma-libro":"","color":false,"formato":"","mas_informacion_del_producto":false,"premios":false,"texto_enlace_cubierta":"","enlace_cubierta":false,"texto_enlace_ficha_tecnica":"","enlace_ficha_tecnica":false,"ficheros":false,"titulo-fr":"","texto-fr":"","fecha_de_reimpresion":"","deshabilitar_compra":["deshabilitar"]},"yoast_head":"<!-- This site is optimized with the Yoast SEO plugin v27.5 - https:\/\/yoast.com\/product\/yoast-seo-wordpress\/ -->\n<title>Yo siempre te querr\u00e9 - Editorial Juventud<\/title>\n<meta name=\"description\" content=\"Este libro es la historia de Elfi, la mejor perrita del mundo. Y tambi\u00e9n de la profunda amistad entre un ni\u00f1o y un perro. Se cr\u00edan juntos, pero Elfi crece\" \/>\n<meta name=\"robots\" content=\"index, follow, max-snippet:-1, max-image-preview:large, max-video-preview:-1\" \/>\n<link rel=\"canonical\" href=\"https:\/\/www.editorialjuventud.es\/yo-siempre-te-querre-9788426124043\/\" \/>\n<meta property=\"og:locale\" content=\"ca_ES\" \/>\n<meta property=\"og:type\" content=\"article\" \/>\n<meta property=\"og:title\" content=\"Yo siempre te querr\u00e9 - Editorial Juventud\" \/>\n<meta property=\"og:description\" content=\"Este libro es la historia de Elfi, la mejor perrita del mundo. Y tambi\u00e9n de la profunda amistad entre un ni\u00f1o y un perro. Se cr\u00edan juntos, pero Elfi crece\" \/>\n<meta property=\"og:url\" content=\"https:\/\/www.editorialjuventud.es\/yo-siempre-te-querre-9788426124043\/\" \/>\n<meta property=\"og:site_name\" content=\"Editorial Juventud\" \/>\n<meta property=\"article:modified_time\" content=\"2025-01-22T12:48:25+00:00\" \/>\n<meta property=\"og:image\" content=\"https:\/\/www.editorialjuventud.es\/wp-content\/uploads\/9788426124043.jpg\" \/>\n\t<meta property=\"og:image:width\" content=\"280\" \/>\n\t<meta property=\"og:image:height\" content=\"228\" \/>\n\t<meta property=\"og:image:type\" content=\"image\/jpeg\" \/>\n<meta name=\"twitter:card\" content=\"summary_large_image\" \/>\n<script type=\"application\/ld+json\" class=\"yoast-schema-graph\">{\"@context\":\"https:\\\/\\\/schema.org\",\"@graph\":[{\"@type\":\"WebPage\",\"@id\":\"https:\\\/\\\/www.editorialjuventud.es\\\/yo-siempre-te-querre-9788426124043\\\/\",\"url\":\"https:\\\/\\\/www.editorialjuventud.es\\\/yo-siempre-te-querre-9788426124043\\\/\",\"name\":\"Yo siempre te querr\u00e9 - Editorial Juventud\",\"isPartOf\":{\"@id\":\"https:\\\/\\\/www.editorialjuventud.es\\\/#website\"},\"primaryImageOfPage\":{\"@id\":\"https:\\\/\\\/www.editorialjuventud.es\\\/yo-siempre-te-querre-9788426124043\\\/#primaryimage\"},\"image\":{\"@id\":\"https:\\\/\\\/www.editorialjuventud.es\\\/yo-siempre-te-querre-9788426124043\\\/#primaryimage\"},\"thumbnailUrl\":\"https:\\\/\\\/www.editorialjuventud.es\\\/wp-content\\\/uploads\\\/9788426124043.jpg\",\"datePublished\":\"2018-08-24T08:21:17+00:00\",\"dateModified\":\"2025-01-22T12:48:25+00:00\",\"description\":\"Este libro es la historia de Elfi, la mejor perrita del mundo. Y tambi\u00e9n de la profunda amistad entre un ni\u00f1o y un perro. Se cr\u00edan juntos, pero Elfi crece\",\"breadcrumb\":{\"@id\":\"https:\\\/\\\/www.editorialjuventud.es\\\/yo-siempre-te-querre-9788426124043\\\/#breadcrumb\"},\"inLanguage\":\"ca\",\"potentialAction\":[{\"@type\":\"ReadAction\",\"target\":[\"https:\\\/\\\/www.editorialjuventud.es\\\/yo-siempre-te-querre-9788426124043\\\/\"]}]},{\"@type\":\"ImageObject\",\"inLanguage\":\"ca\",\"@id\":\"https:\\\/\\\/www.editorialjuventud.es\\\/yo-siempre-te-querre-9788426124043\\\/#primaryimage\",\"url\":\"https:\\\/\\\/www.editorialjuventud.es\\\/wp-content\\\/uploads\\\/9788426124043.jpg\",\"contentUrl\":\"https:\\\/\\\/www.editorialjuventud.es\\\/wp-content\\\/uploads\\\/9788426124043.jpg\",\"width\":280,\"height\":228,\"caption\":\"9788426124043.jpg\"},{\"@type\":\"BreadcrumbList\",\"@id\":\"https:\\\/\\\/www.editorialjuventud.es\\\/yo-siempre-te-querre-9788426124043\\\/#breadcrumb\",\"itemListElement\":[{\"@type\":\"ListItem\",\"position\":1,\"name\":\"Portada\",\"item\":\"https:\\\/\\\/www.editorialjuventud.es\\\/\"},{\"@type\":\"ListItem\",\"position\":2,\"name\":\"cat\u00e1logo\",\"item\":\"https:\\\/\\\/www.editorialjuventud.es\\\/coleccion\\\/catalogo\\\/\"},{\"@type\":\"ListItem\",\"position\":3,\"name\":\"castellano\",\"item\":\"https:\\\/\\\/www.editorialjuventud.es\\\/coleccion\\\/castellano\\\/\"},{\"@type\":\"ListItem\",\"position\":4,\"name\":\"\u00c1lbumes Ilustrados\",\"item\":\"https:\\\/\\\/www.editorialjuventud.es\\\/coleccion\\\/albumes-ilustrados\\\/\"},{\"@type\":\"ListItem\",\"position\":5,\"name\":\"Crecer en Valores\",\"item\":\"https:\\\/\\\/www.editorialjuventud.es\\\/coleccion\\\/crecer-en-valores\\\/\"},{\"@type\":\"ListItem\",\"position\":6,\"name\":\"Libros de Hans Wilhelm\",\"item\":\"https:\\\/\\\/www.editorialjuventud.es\\\/coleccion\\\/libros-de-hans-wilhelm\\\/\"},{\"@type\":\"ListItem\",\"position\":7,\"name\":\"Yo siempre te querr\u00e9\"}]},{\"@type\":\"WebSite\",\"@id\":\"https:\\\/\\\/www.editorialjuventud.es\\\/#website\",\"url\":\"https:\\\/\\\/www.editorialjuventud.es\\\/\",\"name\":\"Editorial Juventud\",\"description\":\"\",\"potentialAction\":[{\"@type\":\"SearchAction\",\"target\":{\"@type\":\"EntryPoint\",\"urlTemplate\":\"https:\\\/\\\/www.editorialjuventud.es\\\/?s={search_term_string}\"},\"query-input\":{\"@type\":\"PropertyValueSpecification\",\"valueRequired\":true,\"valueName\":\"search_term_string\"}}],\"inLanguage\":\"ca\"}]}<\/script>\n<!-- \/ Yoast SEO plugin. -->","yoast_head_json":{"title":"Yo siempre te querr\u00e9 - Editorial Juventud","description":"Este libro es la historia de Elfi, la mejor perrita del mundo. Y tambi\u00e9n de la profunda amistad entre un ni\u00f1o y un perro. Se cr\u00edan juntos, pero Elfi crece","robots":{"index":"index","follow":"follow","max-snippet":"max-snippet:-1","max-image-preview":"max-image-preview:large","max-video-preview":"max-video-preview:-1"},"canonical":"https:\/\/www.editorialjuventud.es\/yo-siempre-te-querre-9788426124043\/","og_locale":"ca_ES","og_type":"article","og_title":"Yo siempre te querr\u00e9 - Editorial Juventud","og_description":"Este libro es la historia de Elfi, la mejor perrita del mundo. Y tambi\u00e9n de la profunda amistad entre un ni\u00f1o y un perro. Se cr\u00edan juntos, pero Elfi crece","og_url":"https:\/\/www.editorialjuventud.es\/yo-siempre-te-querre-9788426124043\/","og_site_name":"Editorial Juventud","article_modified_time":"2025-01-22T12:48:25+00:00","og_image":[{"width":280,"height":228,"url":"https:\/\/www.editorialjuventud.es\/wp-content\/uploads\/9788426124043.jpg","type":"image\/jpeg"}],"twitter_card":"summary_large_image","schema":{"@context":"https:\/\/schema.org","@graph":[{"@type":"WebPage","@id":"https:\/\/www.editorialjuventud.es\/yo-siempre-te-querre-9788426124043\/","url":"https:\/\/www.editorialjuventud.es\/yo-siempre-te-querre-9788426124043\/","name":"Yo siempre te querr\u00e9 - Editorial Juventud","isPartOf":{"@id":"https:\/\/www.editorialjuventud.es\/#website"},"primaryImageOfPage":{"@id":"https:\/\/www.editorialjuventud.es\/yo-siempre-te-querre-9788426124043\/#primaryimage"},"image":{"@id":"https:\/\/www.editorialjuventud.es\/yo-siempre-te-querre-9788426124043\/#primaryimage"},"thumbnailUrl":"https:\/\/www.editorialjuventud.es\/wp-content\/uploads\/9788426124043.jpg","datePublished":"2018-08-24T08:21:17+00:00","dateModified":"2025-01-22T12:48:25+00:00","description":"Este libro es la historia de Elfi, la mejor perrita del mundo. Y tambi\u00e9n de la profunda amistad entre un ni\u00f1o y un perro. Se cr\u00edan juntos, pero Elfi crece","breadcrumb":{"@id":"https:\/\/www.editorialjuventud.es\/yo-siempre-te-querre-9788426124043\/#breadcrumb"},"inLanguage":"ca","potentialAction":[{"@type":"ReadAction","target":["https:\/\/www.editorialjuventud.es\/yo-siempre-te-querre-9788426124043\/"]}]},{"@type":"ImageObject","inLanguage":"ca","@id":"https:\/\/www.editorialjuventud.es\/yo-siempre-te-querre-9788426124043\/#primaryimage","url":"https:\/\/www.editorialjuventud.es\/wp-content\/uploads\/9788426124043.jpg","contentUrl":"https:\/\/www.editorialjuventud.es\/wp-content\/uploads\/9788426124043.jpg","width":280,"height":228,"caption":"9788426124043.jpg"},{"@type":"BreadcrumbList","@id":"https:\/\/www.editorialjuventud.es\/yo-siempre-te-querre-9788426124043\/#breadcrumb","itemListElement":[{"@type":"ListItem","position":1,"name":"Portada","item":"https:\/\/www.editorialjuventud.es\/"},{"@type":"ListItem","position":2,"name":"cat\u00e1logo","item":"https:\/\/www.editorialjuventud.es\/coleccion\/catalogo\/"},{"@type":"ListItem","position":3,"name":"castellano","item":"https:\/\/www.editorialjuventud.es\/coleccion\/castellano\/"},{"@type":"ListItem","position":4,"name":"\u00c1lbumes Ilustrados","item":"https:\/\/www.editorialjuventud.es\/coleccion\/albumes-ilustrados\/"},{"@type":"ListItem","position":5,"name":"Crecer en Valores","item":"https:\/\/www.editorialjuventud.es\/coleccion\/crecer-en-valores\/"},{"@type":"ListItem","position":6,"name":"Libros de Hans Wilhelm","item":"https:\/\/www.editorialjuventud.es\/coleccion\/libros-de-hans-wilhelm\/"},{"@type":"ListItem","position":7,"name":"Yo siempre te querr\u00e9"}]},{"@type":"WebSite","@id":"https:\/\/www.editorialjuventud.es\/#website","url":"https:\/\/www.editorialjuventud.es\/","name":"Editorial Juventud","description":"","potentialAction":[{"@type":"SearchAction","target":{"@type":"EntryPoint","urlTemplate":"https:\/\/www.editorialjuventud.es\/?s={search_term_string}"},"query-input":{"@type":"PropertyValueSpecification","valueRequired":true,"valueName":"search_term_string"}}],"inLanguage":"ca"}]}},"_links":{"self":[{"href":"https:\/\/www.editorialjuventud.es\/ca\/wp-json\/wp\/v2\/product\/5079","targetHints":{"allow":["GET"]}}],"collection":[{"href":"https:\/\/www.editorialjuventud.es\/ca\/wp-json\/wp\/v2\/product"}],"about":[{"href":"https:\/\/www.editorialjuventud.es\/ca\/wp-json\/wp\/v2\/types\/product"}],"wp:featuredmedia":[{"embeddable":true,"href":"https:\/\/www.editorialjuventud.es\/ca\/wp-json\/wp\/v2\/media\/15499"}],"wp:attachment":[{"href":"https:\/\/www.editorialjuventud.es\/ca\/wp-json\/wp\/v2\/media?parent=5079"}],"wp:term":[{"taxonomy":"product_brand","embeddable":true,"href":"https:\/\/www.editorialjuventud.es\/ca\/wp-json\/wp\/v2\/product_brand?post=5079"},{"taxonomy":"product_cat","embeddable":true,"href":"https:\/\/www.editorialjuventud.es\/ca\/wp-json\/wp\/v2\/product_cat?post=5079"},{"taxonomy":"product_tag","embeddable":true,"href":"https:\/\/www.editorialjuventud.es\/ca\/wp-json\/wp\/v2\/product_tag?post=5079"},{"taxonomy":"coleccion","embeddable":true,"href":"https:\/\/www.editorialjuventud.es\/ca\/wp-json\/wp\/v2\/coleccion?post=5079"}],"curies":[{"name":"wp","href":"https:\/\/api.w.org\/{rel}","templated":true}]}}