{"id":5048,"date":"2018-08-24T10:18:48","date_gmt":"2018-08-24T08:18:48","guid":{"rendered":"http:\/\/www.editorialjuventud.es\/el-asno-de-oro\/"},"modified":"2019-10-09T21:37:17","modified_gmt":"2019-10-09T19:37:17","slug":"el-asno-de-oro-9788426120298","status":"publish","type":"product","link":"https:\/\/www.editorialjuventud.es\/ca\/el-asno-de-oro-9788426120298\/","title":{"rendered":"El asno de oro"},"content":{"rendered":"<p>Este libro se halla en la tradici\u00f3n de las obras basadas en la transformaci\u00f3n m\u00e1gica de su protagonista y se conoce tambi\u00e9n con el t\u00edtulo de La metamorfosis. Seg\u00fan algunos cr\u00edticos, se trata de una narraci\u00f3n juvenil de Apuleyo, pero otros opinan que fue compuesta en plena madurez, despu\u00e9s de su proceso por magia. Es una f\u00e1bula rica en episodios, muy movida y muy varia, sobre las inacabables desventuras del joven Lucio, que fue transformado en asno por error, y en vano buscaba las rosas que deb\u00eda masticar para recobrar la forma humana. Por su realismo, algunos consideran El asno de oro como una s\u00e1tira de costumbres.<\/p>\n","protected":false},"excerpt":{"rendered":"Este libro se halla en la tradici\u00f3n de las obras basadas en la transformaci\u00f3n m\u00e1gica de su protagonista y se conoce tambi\u00e9n con el t\u00edtulo de La metamorfosis. Seg\u00fan algunos cr\u00edticos, se trata de una narraci\u00f3n juvenil de Apuleyo, pero [&hellip;]","protected":false},"featured_media":6948,"template":"","meta":{"_acf_changed":false,"_exactmetrics_skip_tracking":false,"_exactmetrics_sitenote_active":false,"_exactmetrics_sitenote_note":"","_exactmetrics_sitenote_category":0},"product_brand":[],"product_cat":[905,892,1115,1118],"product_tag":[],"coleccion":[916,1083,1007,938],"class_list":{"0":"post-5048","1":"product","2":"type-product","3":"status-publish","4":"has-post-thumbnail","6":"product_cat-adulto","7":"product_cat-edades","8":"product_cat-generos","9":"product_cat-literatura-clasica","10":"coleccion-castellano","11":"coleccion-clasicos","12":"coleccion-coleccion-z","13":"coleccion-libros-de-bolsillo","15":"first","16":"instock","17":"taxable","18":"shipping-taxable","19":"purchasable","20":"product-type-simple"},"acf":{"autores-libros":[16193]},"yoast_head":"<!-- This site is optimized with the Yoast SEO plugin v27.5 - https:\/\/yoast.com\/product\/yoast-seo-wordpress\/ -->\n<title>El asno de oro - Editorial Juventud<\/title>\n<meta name=\"description\" content=\"Este libro se halla en la tradici\u00f3n de las obras basadas en la transformaci\u00f3n m\u00e1gica de su protagonista y se conoce tambi\u00e9n con el t\u00edtulo de La\" \/>\n<meta name=\"robots\" content=\"index, follow, max-snippet:-1, max-image-preview:large, max-video-preview:-1\" \/>\n<link rel=\"canonical\" href=\"https:\/\/www.editorialjuventud.es\/el-asno-de-oro-9788426120298\/\" \/>\n<meta property=\"og:locale\" content=\"ca_ES\" \/>\n<meta property=\"og:type\" content=\"article\" \/>\n<meta property=\"og:title\" content=\"El asno de oro - Editorial Juventud\" \/>\n<meta property=\"og:description\" content=\"Este libro se halla en la tradici\u00f3n de las obras basadas en la transformaci\u00f3n m\u00e1gica de su protagonista y se conoce tambi\u00e9n con el t\u00edtulo de La\" \/>\n<meta property=\"og:url\" content=\"https:\/\/www.editorialjuventud.es\/el-asno-de-oro-9788426120298\/\" \/>\n<meta property=\"og:site_name\" content=\"Editorial Juventud\" \/>\n<meta property=\"article:modified_time\" content=\"2019-10-09T19:37:17+00:00\" \/>\n<meta property=\"og:image\" content=\"https:\/\/www.editorialjuventud.es\/wp-content\/uploads\/2029.jpg\" \/>\n\t<meta property=\"og:image:width\" content=\"258\" \/>\n\t<meta property=\"og:image:height\" content=\"400\" \/>\n\t<meta property=\"og:image:type\" content=\"image\/jpeg\" \/>\n<meta name=\"twitter:card\" content=\"summary_large_image\" \/>\n<meta name=\"twitter:label1\" content=\"Temps estimat de lectura\" \/>\n\t<meta name=\"twitter:data1\" content=\"1 minut\" \/>\n<script type=\"application\/ld+json\" class=\"yoast-schema-graph\">{\"@context\":\"https:\\\/\\\/schema.org\",\"@graph\":[{\"@type\":\"WebPage\",\"@id\":\"https:\\\/\\\/www.editorialjuventud.es\\\/el-asno-de-oro-9788426120298\\\/\",\"url\":\"https:\\\/\\\/www.editorialjuventud.es\\\/el-asno-de-oro-9788426120298\\\/\",\"name\":\"El asno de oro - Editorial Juventud\",\"isPartOf\":{\"@id\":\"https:\\\/\\\/www.editorialjuventud.es\\\/#website\"},\"primaryImageOfPage\":{\"@id\":\"https:\\\/\\\/www.editorialjuventud.es\\\/el-asno-de-oro-9788426120298\\\/#primaryimage\"},\"image\":{\"@id\":\"https:\\\/\\\/www.editorialjuventud.es\\\/el-asno-de-oro-9788426120298\\\/#primaryimage\"},\"thumbnailUrl\":\"https:\\\/\\\/www.editorialjuventud.es\\\/wp-content\\\/uploads\\\/2029.jpg\",\"datePublished\":\"2018-08-24T08:18:48+00:00\",\"dateModified\":\"2019-10-09T19:37:17+00:00\",\"description\":\"Este libro se halla en la tradici\u00f3n de las obras basadas en la transformaci\u00f3n m\u00e1gica de su protagonista y se conoce tambi\u00e9n con el t\u00edtulo de La\",\"breadcrumb\":{\"@id\":\"https:\\\/\\\/www.editorialjuventud.es\\\/el-asno-de-oro-9788426120298\\\/#breadcrumb\"},\"inLanguage\":\"ca\",\"potentialAction\":[{\"@type\":\"ReadAction\",\"target\":[\"https:\\\/\\\/www.editorialjuventud.es\\\/el-asno-de-oro-9788426120298\\\/\"]}]},{\"@type\":\"ImageObject\",\"inLanguage\":\"ca\",\"@id\":\"https:\\\/\\\/www.editorialjuventud.es\\\/el-asno-de-oro-9788426120298\\\/#primaryimage\",\"url\":\"https:\\\/\\\/www.editorialjuventud.es\\\/wp-content\\\/uploads\\\/2029.jpg\",\"contentUrl\":\"https:\\\/\\\/www.editorialjuventud.es\\\/wp-content\\\/uploads\\\/2029.jpg\",\"width\":258,\"height\":400,\"caption\":\"2029.jpg\"},{\"@type\":\"BreadcrumbList\",\"@id\":\"https:\\\/\\\/www.editorialjuventud.es\\\/el-asno-de-oro-9788426120298\\\/#breadcrumb\",\"itemListElement\":[{\"@type\":\"ListItem\",\"position\":1,\"name\":\"Portada\",\"item\":\"https:\\\/\\\/www.editorialjuventud.es\\\/\"},{\"@type\":\"ListItem\",\"position\":2,\"name\":\"cat\u00e1logo\",\"item\":\"https:\\\/\\\/www.editorialjuventud.es\\\/coleccion\\\/catalogo\\\/\"},{\"@type\":\"ListItem\",\"position\":3,\"name\":\"castellano\",\"item\":\"https:\\\/\\\/www.editorialjuventud.es\\\/coleccion\\\/castellano\\\/\"},{\"@type\":\"ListItem\",\"position\":4,\"name\":\"Libros de Bolsillo\",\"item\":\"https:\\\/\\\/www.editorialjuventud.es\\\/coleccion\\\/libros-de-bolsillo\\\/\"},{\"@type\":\"ListItem\",\"position\":5,\"name\":\"Colecci\u00f3n Z\",\"item\":\"https:\\\/\\\/www.editorialjuventud.es\\\/coleccion\\\/coleccion-z\\\/\"},{\"@type\":\"ListItem\",\"position\":6,\"name\":\"Cl\u00e1sicos\",\"item\":\"https:\\\/\\\/www.editorialjuventud.es\\\/ca\\\/coleccion\\\/clasicos\\\/\"},{\"@type\":\"ListItem\",\"position\":7,\"name\":\"El asno de oro\"}]},{\"@type\":\"WebSite\",\"@id\":\"https:\\\/\\\/www.editorialjuventud.es\\\/#website\",\"url\":\"https:\\\/\\\/www.editorialjuventud.es\\\/\",\"name\":\"Editorial Juventud\",\"description\":\"\",\"potentialAction\":[{\"@type\":\"SearchAction\",\"target\":{\"@type\":\"EntryPoint\",\"urlTemplate\":\"https:\\\/\\\/www.editorialjuventud.es\\\/?s={search_term_string}\"},\"query-input\":{\"@type\":\"PropertyValueSpecification\",\"valueRequired\":true,\"valueName\":\"search_term_string\"}}],\"inLanguage\":\"ca\"}]}<\/script>\n<!-- \/ Yoast SEO plugin. -->","yoast_head_json":{"title":"El asno de oro - Editorial Juventud","description":"Este libro se halla en la tradici\u00f3n de las obras basadas en la transformaci\u00f3n m\u00e1gica de su protagonista y se conoce tambi\u00e9n con el t\u00edtulo de La","robots":{"index":"index","follow":"follow","max-snippet":"max-snippet:-1","max-image-preview":"max-image-preview:large","max-video-preview":"max-video-preview:-1"},"canonical":"https:\/\/www.editorialjuventud.es\/el-asno-de-oro-9788426120298\/","og_locale":"ca_ES","og_type":"article","og_title":"El asno de oro - Editorial Juventud","og_description":"Este libro se halla en la tradici\u00f3n de las obras basadas en la transformaci\u00f3n m\u00e1gica de su protagonista y se conoce tambi\u00e9n con el t\u00edtulo de La","og_url":"https:\/\/www.editorialjuventud.es\/el-asno-de-oro-9788426120298\/","og_site_name":"Editorial Juventud","article_modified_time":"2019-10-09T19:37:17+00:00","og_image":[{"width":258,"height":400,"url":"https:\/\/www.editorialjuventud.es\/wp-content\/uploads\/2029.jpg","type":"image\/jpeg"}],"twitter_card":"summary_large_image","twitter_misc":{"Temps estimat de lectura":"1 minut"},"schema":{"@context":"https:\/\/schema.org","@graph":[{"@type":"WebPage","@id":"https:\/\/www.editorialjuventud.es\/el-asno-de-oro-9788426120298\/","url":"https:\/\/www.editorialjuventud.es\/el-asno-de-oro-9788426120298\/","name":"El asno de oro - Editorial Juventud","isPartOf":{"@id":"https:\/\/www.editorialjuventud.es\/#website"},"primaryImageOfPage":{"@id":"https:\/\/www.editorialjuventud.es\/el-asno-de-oro-9788426120298\/#primaryimage"},"image":{"@id":"https:\/\/www.editorialjuventud.es\/el-asno-de-oro-9788426120298\/#primaryimage"},"thumbnailUrl":"https:\/\/www.editorialjuventud.es\/wp-content\/uploads\/2029.jpg","datePublished":"2018-08-24T08:18:48+00:00","dateModified":"2019-10-09T19:37:17+00:00","description":"Este libro se halla en la tradici\u00f3n de las obras basadas en la transformaci\u00f3n m\u00e1gica de su protagonista y se conoce tambi\u00e9n con el t\u00edtulo de La","breadcrumb":{"@id":"https:\/\/www.editorialjuventud.es\/el-asno-de-oro-9788426120298\/#breadcrumb"},"inLanguage":"ca","potentialAction":[{"@type":"ReadAction","target":["https:\/\/www.editorialjuventud.es\/el-asno-de-oro-9788426120298\/"]}]},{"@type":"ImageObject","inLanguage":"ca","@id":"https:\/\/www.editorialjuventud.es\/el-asno-de-oro-9788426120298\/#primaryimage","url":"https:\/\/www.editorialjuventud.es\/wp-content\/uploads\/2029.jpg","contentUrl":"https:\/\/www.editorialjuventud.es\/wp-content\/uploads\/2029.jpg","width":258,"height":400,"caption":"2029.jpg"},{"@type":"BreadcrumbList","@id":"https:\/\/www.editorialjuventud.es\/el-asno-de-oro-9788426120298\/#breadcrumb","itemListElement":[{"@type":"ListItem","position":1,"name":"Portada","item":"https:\/\/www.editorialjuventud.es\/"},{"@type":"ListItem","position":2,"name":"cat\u00e1logo","item":"https:\/\/www.editorialjuventud.es\/coleccion\/catalogo\/"},{"@type":"ListItem","position":3,"name":"castellano","item":"https:\/\/www.editorialjuventud.es\/coleccion\/castellano\/"},{"@type":"ListItem","position":4,"name":"Libros de Bolsillo","item":"https:\/\/www.editorialjuventud.es\/coleccion\/libros-de-bolsillo\/"},{"@type":"ListItem","position":5,"name":"Colecci\u00f3n Z","item":"https:\/\/www.editorialjuventud.es\/coleccion\/coleccion-z\/"},{"@type":"ListItem","position":6,"name":"Cl\u00e1sicos","item":"https:\/\/www.editorialjuventud.es\/ca\/coleccion\/clasicos\/"},{"@type":"ListItem","position":7,"name":"El asno de oro"}]},{"@type":"WebSite","@id":"https:\/\/www.editorialjuventud.es\/#website","url":"https:\/\/www.editorialjuventud.es\/","name":"Editorial Juventud","description":"","potentialAction":[{"@type":"SearchAction","target":{"@type":"EntryPoint","urlTemplate":"https:\/\/www.editorialjuventud.es\/?s={search_term_string}"},"query-input":{"@type":"PropertyValueSpecification","valueRequired":true,"valueName":"search_term_string"}}],"inLanguage":"ca"}]}},"_links":{"self":[{"href":"https:\/\/www.editorialjuventud.es\/ca\/wp-json\/wp\/v2\/product\/5048","targetHints":{"allow":["GET"]}}],"collection":[{"href":"https:\/\/www.editorialjuventud.es\/ca\/wp-json\/wp\/v2\/product"}],"about":[{"href":"https:\/\/www.editorialjuventud.es\/ca\/wp-json\/wp\/v2\/types\/product"}],"wp:featuredmedia":[{"embeddable":true,"href":"https:\/\/www.editorialjuventud.es\/ca\/wp-json\/wp\/v2\/media\/6948"}],"wp:attachment":[{"href":"https:\/\/www.editorialjuventud.es\/ca\/wp-json\/wp\/v2\/media?parent=5048"}],"wp:term":[{"taxonomy":"product_brand","embeddable":true,"href":"https:\/\/www.editorialjuventud.es\/ca\/wp-json\/wp\/v2\/product_brand?post=5048"},{"taxonomy":"product_cat","embeddable":true,"href":"https:\/\/www.editorialjuventud.es\/ca\/wp-json\/wp\/v2\/product_cat?post=5048"},{"taxonomy":"product_tag","embeddable":true,"href":"https:\/\/www.editorialjuventud.es\/ca\/wp-json\/wp\/v2\/product_tag?post=5048"},{"taxonomy":"coleccion","embeddable":true,"href":"https:\/\/www.editorialjuventud.es\/ca\/wp-json\/wp\/v2\/coleccion?post=5048"}],"curies":[{"name":"wp","href":"https:\/\/api.w.org\/{rel}","templated":true}]}}