{"id":5030,"date":"2018-08-24T10:17:32","date_gmt":"2018-08-24T08:17:32","guid":{"rendered":"http:\/\/www.editorialjuventud.es\/caton-el-viejo-o-de-la-vejez-y-leilo-o-de-la-amistad\/"},"modified":"2021-10-22T12:04:07","modified_gmt":"2021-10-22T10:04:07","slug":"caton-el-viejo-o-de-la-vejez-y-leilo-o-de-la-amistad-9788426118721","status":"publish","type":"product","link":"https:\/\/www.editorialjuventud.es\/ca\/caton-el-viejo-o-de-la-vejez-y-leilo-o-de-la-amistad-9788426118721\/","title":{"rendered":"Cat\u00f3n el Viejo o De la vejez y Leilo o De la amistad"},"content":{"rendered":"<p>Cicer\u00f3n propag\u00f3 la cultura antigua a trav\u00e9s de los siglos. Dotado de todas las cualidades necesarias para ser un excelente orador, nunca dej\u00f3 de proponerse una intenci\u00f3n literaria, ya que en ning\u00fan momento olvid\u00f3 la posteridad. Retuvo, con su maravillosa facultad de comprensi\u00f3n y asimilaci\u00f3n, cuanto juzg\u00f3 digno de ser recordado e imitado. Cat\u00f3n el Viejo o De la vejez es un di\u00e1logo filos\u00f3fico en el que el protagonista ha sido oportunamente escogido por Cicer\u00f3n para trenzar el elogio a la vejez. Lelio o De la amistad hace consideraciones acerca de la inmortalidad del alma, la carencia de valor de la muerte y el valor superior de la amistad. Cicer\u00f3n es uno de los hombres m\u00e1s ilustres del mundo romano. La influencia de su esp\u00edritu y de su obra se ha conservado vital y activa a trav\u00e9s de los tiempos. Edici\u00f3n enriquecida con una biograf\u00eda de Plutarco sobre Cicer\u00f3n.<\/p>\n","protected":false},"excerpt":{"rendered":"Cicer\u00f3n propag\u00f3 la cultura antigua a trav\u00e9s de los siglos. Dotado de todas las cualidades necesarias para ser un excelente orador, nunca dej\u00f3 de proponerse una intenci\u00f3n literaria, ya que en ning\u00fan momento olvid\u00f3 la posteridad. Retuvo, con su maravillosa [&hellip;]","protected":false},"featured_media":6868,"template":"","meta":{"_acf_changed":false,"_exactmetrics_skip_tracking":false,"_exactmetrics_sitenote_active":false,"_exactmetrics_sitenote_note":"","_exactmetrics_sitenote_category":0},"product_brand":[],"product_cat":[905,1136,892,1115,1118,1128],"product_tag":[],"coleccion":[916,1083,1007,938],"class_list":{"0":"post-5030","1":"product","2":"type-product","3":"status-publish","4":"has-post-thumbnail","6":"product_cat-adulto","7":"product_cat-amistad","8":"product_cat-edades","9":"product_cat-generos","10":"product_cat-literatura-clasica","11":"product_cat-tematica","12":"coleccion-castellano","13":"coleccion-clasicos","14":"coleccion-coleccion-z","15":"coleccion-libros-de-bolsillo","17":"first","18":"instock","19":"taxable","20":"shipping-taxable","21":"purchasable","22":"product-type-simple"},"acf":{"autores-libros":[16281],"traductores-libros":[16473]},"yoast_head":"<!-- This site is optimized with the Yoast SEO plugin v27.5 - https:\/\/yoast.com\/product\/yoast-seo-wordpress\/ -->\n<title>Cat\u00f3n el Viejo o De la vejez y Leilo o De la amistad - Editorial Juventud<\/title>\n<meta name=\"description\" content=\"Cicer\u00f3n propag\u00f3 la cultura antigua a trav\u00e9s de los siglos. Dotado de todas las cualidades necesarias para ser un excelente orador, nunca dej\u00f3 de\" \/>\n<meta name=\"robots\" content=\"index, follow, max-snippet:-1, max-image-preview:large, max-video-preview:-1\" \/>\n<link rel=\"canonical\" href=\"https:\/\/www.editorialjuventud.es\/caton-el-viejo-o-de-la-vejez-y-leilo-o-de-la-amistad-9788426118721\/\" \/>\n<meta property=\"og:locale\" content=\"ca_ES\" \/>\n<meta property=\"og:type\" content=\"article\" \/>\n<meta property=\"og:title\" content=\"Cat\u00f3n el Viejo o De la vejez y Leilo o De la amistad - Editorial Juventud\" \/>\n<meta property=\"og:description\" content=\"Cicer\u00f3n propag\u00f3 la cultura antigua a trav\u00e9s de los siglos. Dotado de todas las cualidades necesarias para ser un excelente orador, nunca dej\u00f3 de\" \/>\n<meta property=\"og:url\" content=\"https:\/\/www.editorialjuventud.es\/caton-el-viejo-o-de-la-vejez-y-leilo-o-de-la-amistad-9788426118721\/\" \/>\n<meta property=\"og:site_name\" content=\"Editorial Juventud\" \/>\n<meta property=\"article:modified_time\" content=\"2021-10-22T10:04:07+00:00\" \/>\n<meta property=\"og:image\" content=\"https:\/\/www.editorialjuventud.es\/wp-content\/uploads\/1872.jpg\" \/>\n\t<meta property=\"og:image:width\" content=\"245\" \/>\n\t<meta property=\"og:image:height\" content=\"400\" \/>\n\t<meta property=\"og:image:type\" content=\"image\/jpeg\" \/>\n<meta name=\"twitter:card\" content=\"summary_large_image\" \/>\n<meta name=\"twitter:label1\" content=\"Temps estimat de lectura\" \/>\n\t<meta name=\"twitter:data1\" content=\"1 minut\" \/>\n<script type=\"application\/ld+json\" class=\"yoast-schema-graph\">{\"@context\":\"https:\\\/\\\/schema.org\",\"@graph\":[{\"@type\":\"WebPage\",\"@id\":\"https:\\\/\\\/www.editorialjuventud.es\\\/caton-el-viejo-o-de-la-vejez-y-leilo-o-de-la-amistad-9788426118721\\\/\",\"url\":\"https:\\\/\\\/www.editorialjuventud.es\\\/caton-el-viejo-o-de-la-vejez-y-leilo-o-de-la-amistad-9788426118721\\\/\",\"name\":\"Cat\u00f3n el Viejo o De la vejez y Leilo o De la amistad - Editorial Juventud\",\"isPartOf\":{\"@id\":\"https:\\\/\\\/www.editorialjuventud.es\\\/#website\"},\"primaryImageOfPage\":{\"@id\":\"https:\\\/\\\/www.editorialjuventud.es\\\/caton-el-viejo-o-de-la-vejez-y-leilo-o-de-la-amistad-9788426118721\\\/#primaryimage\"},\"image\":{\"@id\":\"https:\\\/\\\/www.editorialjuventud.es\\\/caton-el-viejo-o-de-la-vejez-y-leilo-o-de-la-amistad-9788426118721\\\/#primaryimage\"},\"thumbnailUrl\":\"https:\\\/\\\/www.editorialjuventud.es\\\/wp-content\\\/uploads\\\/1872.jpg\",\"datePublished\":\"2018-08-24T08:17:32+00:00\",\"dateModified\":\"2021-10-22T10:04:07+00:00\",\"description\":\"Cicer\u00f3n propag\u00f3 la cultura antigua a trav\u00e9s de los siglos. Dotado de todas las cualidades necesarias para ser un excelente orador, nunca dej\u00f3 de\",\"breadcrumb\":{\"@id\":\"https:\\\/\\\/www.editorialjuventud.es\\\/caton-el-viejo-o-de-la-vejez-y-leilo-o-de-la-amistad-9788426118721\\\/#breadcrumb\"},\"inLanguage\":\"ca\",\"potentialAction\":[{\"@type\":\"ReadAction\",\"target\":[\"https:\\\/\\\/www.editorialjuventud.es\\\/caton-el-viejo-o-de-la-vejez-y-leilo-o-de-la-amistad-9788426118721\\\/\"]}]},{\"@type\":\"ImageObject\",\"inLanguage\":\"ca\",\"@id\":\"https:\\\/\\\/www.editorialjuventud.es\\\/caton-el-viejo-o-de-la-vejez-y-leilo-o-de-la-amistad-9788426118721\\\/#primaryimage\",\"url\":\"https:\\\/\\\/www.editorialjuventud.es\\\/wp-content\\\/uploads\\\/1872.jpg\",\"contentUrl\":\"https:\\\/\\\/www.editorialjuventud.es\\\/wp-content\\\/uploads\\\/1872.jpg\",\"width\":245,\"height\":400,\"caption\":\"1872.jpg\"},{\"@type\":\"BreadcrumbList\",\"@id\":\"https:\\\/\\\/www.editorialjuventud.es\\\/caton-el-viejo-o-de-la-vejez-y-leilo-o-de-la-amistad-9788426118721\\\/#breadcrumb\",\"itemListElement\":[{\"@type\":\"ListItem\",\"position\":1,\"name\":\"Portada\",\"item\":\"https:\\\/\\\/www.editorialjuventud.es\\\/\"},{\"@type\":\"ListItem\",\"position\":2,\"name\":\"cat\u00e1logo\",\"item\":\"https:\\\/\\\/www.editorialjuventud.es\\\/coleccion\\\/catalogo\\\/\"},{\"@type\":\"ListItem\",\"position\":3,\"name\":\"castellano\",\"item\":\"https:\\\/\\\/www.editorialjuventud.es\\\/coleccion\\\/castellano\\\/\"},{\"@type\":\"ListItem\",\"position\":4,\"name\":\"Libros de Bolsillo\",\"item\":\"https:\\\/\\\/www.editorialjuventud.es\\\/coleccion\\\/libros-de-bolsillo\\\/\"},{\"@type\":\"ListItem\",\"position\":5,\"name\":\"Colecci\u00f3n Z\",\"item\":\"https:\\\/\\\/www.editorialjuventud.es\\\/coleccion\\\/coleccion-z\\\/\"},{\"@type\":\"ListItem\",\"position\":6,\"name\":\"Cl\u00e1sicos\",\"item\":\"https:\\\/\\\/www.editorialjuventud.es\\\/ca\\\/coleccion\\\/clasicos\\\/\"},{\"@type\":\"ListItem\",\"position\":7,\"name\":\"Cat\u00f3n el Viejo o De la vejez y Leilo o De la amistad\"}]},{\"@type\":\"WebSite\",\"@id\":\"https:\\\/\\\/www.editorialjuventud.es\\\/#website\",\"url\":\"https:\\\/\\\/www.editorialjuventud.es\\\/\",\"name\":\"Editorial Juventud\",\"description\":\"\",\"potentialAction\":[{\"@type\":\"SearchAction\",\"target\":{\"@type\":\"EntryPoint\",\"urlTemplate\":\"https:\\\/\\\/www.editorialjuventud.es\\\/?s={search_term_string}\"},\"query-input\":{\"@type\":\"PropertyValueSpecification\",\"valueRequired\":true,\"valueName\":\"search_term_string\"}}],\"inLanguage\":\"ca\"}]}<\/script>\n<!-- \/ Yoast SEO plugin. -->","yoast_head_json":{"title":"Cat\u00f3n el Viejo o De la vejez y Leilo o De la amistad - Editorial Juventud","description":"Cicer\u00f3n propag\u00f3 la cultura antigua a trav\u00e9s de los siglos. Dotado de todas las cualidades necesarias para ser un excelente orador, nunca dej\u00f3 de","robots":{"index":"index","follow":"follow","max-snippet":"max-snippet:-1","max-image-preview":"max-image-preview:large","max-video-preview":"max-video-preview:-1"},"canonical":"https:\/\/www.editorialjuventud.es\/caton-el-viejo-o-de-la-vejez-y-leilo-o-de-la-amistad-9788426118721\/","og_locale":"ca_ES","og_type":"article","og_title":"Cat\u00f3n el Viejo o De la vejez y Leilo o De la amistad - Editorial Juventud","og_description":"Cicer\u00f3n propag\u00f3 la cultura antigua a trav\u00e9s de los siglos. Dotado de todas las cualidades necesarias para ser un excelente orador, nunca dej\u00f3 de","og_url":"https:\/\/www.editorialjuventud.es\/caton-el-viejo-o-de-la-vejez-y-leilo-o-de-la-amistad-9788426118721\/","og_site_name":"Editorial Juventud","article_modified_time":"2021-10-22T10:04:07+00:00","og_image":[{"width":245,"height":400,"url":"https:\/\/www.editorialjuventud.es\/wp-content\/uploads\/1872.jpg","type":"image\/jpeg"}],"twitter_card":"summary_large_image","twitter_misc":{"Temps estimat de lectura":"1 minut"},"schema":{"@context":"https:\/\/schema.org","@graph":[{"@type":"WebPage","@id":"https:\/\/www.editorialjuventud.es\/caton-el-viejo-o-de-la-vejez-y-leilo-o-de-la-amistad-9788426118721\/","url":"https:\/\/www.editorialjuventud.es\/caton-el-viejo-o-de-la-vejez-y-leilo-o-de-la-amistad-9788426118721\/","name":"Cat\u00f3n el Viejo o De la vejez y Leilo o De la amistad - Editorial Juventud","isPartOf":{"@id":"https:\/\/www.editorialjuventud.es\/#website"},"primaryImageOfPage":{"@id":"https:\/\/www.editorialjuventud.es\/caton-el-viejo-o-de-la-vejez-y-leilo-o-de-la-amistad-9788426118721\/#primaryimage"},"image":{"@id":"https:\/\/www.editorialjuventud.es\/caton-el-viejo-o-de-la-vejez-y-leilo-o-de-la-amistad-9788426118721\/#primaryimage"},"thumbnailUrl":"https:\/\/www.editorialjuventud.es\/wp-content\/uploads\/1872.jpg","datePublished":"2018-08-24T08:17:32+00:00","dateModified":"2021-10-22T10:04:07+00:00","description":"Cicer\u00f3n propag\u00f3 la cultura antigua a trav\u00e9s de los siglos. Dotado de todas las cualidades necesarias para ser un excelente orador, nunca dej\u00f3 de","breadcrumb":{"@id":"https:\/\/www.editorialjuventud.es\/caton-el-viejo-o-de-la-vejez-y-leilo-o-de-la-amistad-9788426118721\/#breadcrumb"},"inLanguage":"ca","potentialAction":[{"@type":"ReadAction","target":["https:\/\/www.editorialjuventud.es\/caton-el-viejo-o-de-la-vejez-y-leilo-o-de-la-amistad-9788426118721\/"]}]},{"@type":"ImageObject","inLanguage":"ca","@id":"https:\/\/www.editorialjuventud.es\/caton-el-viejo-o-de-la-vejez-y-leilo-o-de-la-amistad-9788426118721\/#primaryimage","url":"https:\/\/www.editorialjuventud.es\/wp-content\/uploads\/1872.jpg","contentUrl":"https:\/\/www.editorialjuventud.es\/wp-content\/uploads\/1872.jpg","width":245,"height":400,"caption":"1872.jpg"},{"@type":"BreadcrumbList","@id":"https:\/\/www.editorialjuventud.es\/caton-el-viejo-o-de-la-vejez-y-leilo-o-de-la-amistad-9788426118721\/#breadcrumb","itemListElement":[{"@type":"ListItem","position":1,"name":"Portada","item":"https:\/\/www.editorialjuventud.es\/"},{"@type":"ListItem","position":2,"name":"cat\u00e1logo","item":"https:\/\/www.editorialjuventud.es\/coleccion\/catalogo\/"},{"@type":"ListItem","position":3,"name":"castellano","item":"https:\/\/www.editorialjuventud.es\/coleccion\/castellano\/"},{"@type":"ListItem","position":4,"name":"Libros de Bolsillo","item":"https:\/\/www.editorialjuventud.es\/coleccion\/libros-de-bolsillo\/"},{"@type":"ListItem","position":5,"name":"Colecci\u00f3n Z","item":"https:\/\/www.editorialjuventud.es\/coleccion\/coleccion-z\/"},{"@type":"ListItem","position":6,"name":"Cl\u00e1sicos","item":"https:\/\/www.editorialjuventud.es\/ca\/coleccion\/clasicos\/"},{"@type":"ListItem","position":7,"name":"Cat\u00f3n el Viejo o De la vejez y Leilo o De la amistad"}]},{"@type":"WebSite","@id":"https:\/\/www.editorialjuventud.es\/#website","url":"https:\/\/www.editorialjuventud.es\/","name":"Editorial Juventud","description":"","potentialAction":[{"@type":"SearchAction","target":{"@type":"EntryPoint","urlTemplate":"https:\/\/www.editorialjuventud.es\/?s={search_term_string}"},"query-input":{"@type":"PropertyValueSpecification","valueRequired":true,"valueName":"search_term_string"}}],"inLanguage":"ca"}]}},"_links":{"self":[{"href":"https:\/\/www.editorialjuventud.es\/ca\/wp-json\/wp\/v2\/product\/5030","targetHints":{"allow":["GET"]}}],"collection":[{"href":"https:\/\/www.editorialjuventud.es\/ca\/wp-json\/wp\/v2\/product"}],"about":[{"href":"https:\/\/www.editorialjuventud.es\/ca\/wp-json\/wp\/v2\/types\/product"}],"wp:featuredmedia":[{"embeddable":true,"href":"https:\/\/www.editorialjuventud.es\/ca\/wp-json\/wp\/v2\/media\/6868"}],"wp:attachment":[{"href":"https:\/\/www.editorialjuventud.es\/ca\/wp-json\/wp\/v2\/media?parent=5030"}],"wp:term":[{"taxonomy":"product_brand","embeddable":true,"href":"https:\/\/www.editorialjuventud.es\/ca\/wp-json\/wp\/v2\/product_brand?post=5030"},{"taxonomy":"product_cat","embeddable":true,"href":"https:\/\/www.editorialjuventud.es\/ca\/wp-json\/wp\/v2\/product_cat?post=5030"},{"taxonomy":"product_tag","embeddable":true,"href":"https:\/\/www.editorialjuventud.es\/ca\/wp-json\/wp\/v2\/product_tag?post=5030"},{"taxonomy":"coleccion","embeddable":true,"href":"https:\/\/www.editorialjuventud.es\/ca\/wp-json\/wp\/v2\/coleccion?post=5030"}],"curies":[{"name":"wp","href":"https:\/\/api.w.org\/{rel}","templated":true}]}}