{"id":5028,"date":"2018-08-24T10:17:24","date_gmt":"2018-08-24T08:17:24","guid":{"rendered":"http:\/\/www.editorialjuventud.es\/ayudando\/"},"modified":"2025-01-22T13:48:43","modified_gmt":"2025-01-22T12:48:43","slug":"ayudando-9788426118707","status":"publish","type":"product","link":"https:\/\/www.editorialjuventud.es\/ca\/ayudando-9788426118707\/","title":{"rendered":"Ayudando"},"content":{"rendered":"<p>A todos los peque\u00f1os les encanta ayudar en casa, y es muy importante dej\u00e1rselo hacer y fomentarle esta actitud, en la medida de sus posibilidades. En este libro  podr\u00e1n reconocerse en estas tareas, que para ellos son un juego muy divertido.<\/p>\n","protected":false},"excerpt":{"rendered":"A todos los peque\u00f1os les encanta ayudar en casa, y es muy importante dej\u00e1rselo hacer y fomentarle esta actitud, en la medida de sus posibilidades. En este libro podr\u00e1n reconocerse en estas tareas, que para ellos son un juego muy [&hellip;]","protected":false},"featured_media":21792,"template":"","meta":{"_acf_changed":false,"_exactmetrics_skip_tracking":false,"_exactmetrics_sitenote_active":false,"_exactmetrics_sitenote_note":"","_exactmetrics_sitenote_category":0},"product_brand":[],"product_cat":[913,907,1181,1122],"product_tag":[],"coleccion":[916,1019,1296],"class_list":{"0":"post-5028","1":"product","2":"type-product","3":"status-publish","4":"has-post-thumbnail","6":"product_cat-a-partir-de-12-meses","7":"product_cat-de-0-a-2-anos","8":"product_cat-habitos","9":"product_cat-libros-de-carton","10":"coleccion-castellano","11":"coleccion-los-libros-del-chiquitin","12":"coleccion-mis-primeros-libros","14":"first","15":"instock","16":"taxable","17":"shipping-taxable","18":"purchasable","19":"product-type-simple"},"acf":{"autor":"Oxenbury, Helen","codart":"1870-4","ediciones":"0","encuadernacion":"Cart\u00f3n","fecha_de_publicacion":"27\/09\/1989","novedad":"0","paginas":"16","subtitulo":"","texto_web_adicional":"","texto_web_novedad":"","orden":"999","portada":"0","texto_web_resaltado":"","indice":"","autores-libros":[16533],"ilustradores-libros":[16533],"traductores-libros":"","descripcion_corta":"","recomendamos":"","mas_vendido":"","idioma-libro":"","color":false,"formato":"","mas_informacion_del_producto":false,"premios":false,"texto_enlace_cubierta":"","enlace_cubierta":{"ID":24175,"id":24175,"title":"cover-1870","filename":"cover-1870.jpg","filesize":40231,"url":"https:\/\/www.editorialjuventud.es\/wp-content\/uploads\/cover-1870.jpg","link":"https:\/\/www.editorialjuventud.es\/ca\/?attachment_id=24175","alt":"","author":"47","description":"","caption":"","name":"cover-1870","status":"inherit","uploaded_to":5028,"date":"2019-04-15 15:22:00","modified":"2019-04-15 15:22:00","menu_order":0,"mime_type":"image\/jpeg","type":"image","subtype":"jpeg","icon":"https:\/\/www.editorialjuventud.es\/wp-includes\/images\/media\/default.png","width":435,"height":473,"sizes":{"thumbnail":"https:\/\/www.editorialjuventud.es\/wp-content\/uploads\/cover-1870-200x200.jpg","thumbnail-width":200,"thumbnail-height":200,"medium":"https:\/\/www.editorialjuventud.es\/wp-content\/uploads\/cover-1870.jpg","medium-width":435,"medium-height":473,"medium_large":"https:\/\/www.editorialjuventud.es\/wp-content\/uploads\/cover-1870.jpg","medium_large-width":435,"medium_large-height":473,"large":"https:\/\/www.editorialjuventud.es\/wp-content\/uploads\/cover-1870.jpg","large-width":435,"large-height":473,"1536x1536":"https:\/\/www.editorialjuventud.es\/wp-content\/uploads\/cover-1870.jpg","1536x1536-width":435,"1536x1536-height":473,"2048x2048":"https:\/\/www.editorialjuventud.es\/wp-content\/uploads\/cover-1870.jpg","2048x2048-width":435,"2048x2048-height":473,"woocommerce_thumbnail":"https:\/\/www.editorialjuventud.es\/wp-content\/uploads\/cover-1870-350x381.jpg","woocommerce_thumbnail-width":350,"woocommerce_thumbnail-height":381,"woocommerce_single":"https:\/\/www.editorialjuventud.es\/wp-content\/uploads\/cover-1870.jpg","woocommerce_single-width":435,"woocommerce_single-height":473,"woocommerce_gallery_thumbnail":"https:\/\/www.editorialjuventud.es\/wp-content\/uploads\/cover-1870-100x100.jpg","woocommerce_gallery_thumbnail-width":100,"woocommerce_gallery_thumbnail-height":100,"ppec_logo_image_size":"https:\/\/www.editorialjuventud.es\/wp-content\/uploads\/cover-1870.jpg","ppec_logo_image_size-width":55,"ppec_logo_image_size-height":60,"ppec_header_image_size":"https:\/\/www.editorialjuventud.es\/wp-content\/uploads\/cover-1870.jpg","ppec_header_image_size-width":83,"ppec_header_image_size-height":90}},"texto_enlace_ficha_tecnica":"","enlace_ficha_tecnica":false,"ficheros":false,"titulo-fr":"","texto-fr":"","fecha_de_reimpresion":"","deshabilitar_compra":["deshabilitar"]},"yoast_head":"<!-- This site is optimized with the Yoast SEO plugin v27.5 - https:\/\/yoast.com\/product\/yoast-seo-wordpress\/ -->\n<title>Ayudando - Editorial Juventud<\/title>\n<meta name=\"description\" content=\"A todos los peque\u00f1os les encanta ayudar en casa, y es muy importante dej\u00e1rselo hacer y fomentarle esta actitud, en la medida de sus posibilidades. En este\" \/>\n<meta name=\"robots\" content=\"index, follow, max-snippet:-1, max-image-preview:large, max-video-preview:-1\" \/>\n<link rel=\"canonical\" href=\"https:\/\/www.editorialjuventud.es\/ayudando-9788426118707\/\" \/>\n<meta property=\"og:locale\" content=\"ca_ES\" \/>\n<meta property=\"og:type\" content=\"article\" \/>\n<meta property=\"og:title\" content=\"Ayudando - Editorial Juventud\" \/>\n<meta property=\"og:description\" content=\"A todos los peque\u00f1os les encanta ayudar en casa, y es muy importante dej\u00e1rselo hacer y fomentarle esta actitud, en la medida de sus posibilidades. En este\" \/>\n<meta property=\"og:url\" content=\"https:\/\/www.editorialjuventud.es\/ayudando-9788426118707\/\" \/>\n<meta property=\"og:site_name\" content=\"Editorial Juventud\" \/>\n<meta property=\"article:modified_time\" content=\"2025-01-22T12:48:43+00:00\" \/>\n<meta property=\"og:image\" content=\"https:\/\/www.editorialjuventud.es\/wp-content\/uploads\/9788426118707.jpg\" \/>\n\t<meta property=\"og:image:width\" content=\"435\" \/>\n\t<meta property=\"og:image:height\" content=\"473\" \/>\n\t<meta property=\"og:image:type\" content=\"image\/jpeg\" \/>\n<meta name=\"twitter:card\" content=\"summary_large_image\" \/>\n<script type=\"application\/ld+json\" class=\"yoast-schema-graph\">{\"@context\":\"https:\\\/\\\/schema.org\",\"@graph\":[{\"@type\":\"WebPage\",\"@id\":\"https:\\\/\\\/www.editorialjuventud.es\\\/ayudando-9788426118707\\\/\",\"url\":\"https:\\\/\\\/www.editorialjuventud.es\\\/ayudando-9788426118707\\\/\",\"name\":\"Ayudando - Editorial Juventud\",\"isPartOf\":{\"@id\":\"https:\\\/\\\/www.editorialjuventud.es\\\/#website\"},\"primaryImageOfPage\":{\"@id\":\"https:\\\/\\\/www.editorialjuventud.es\\\/ayudando-9788426118707\\\/#primaryimage\"},\"image\":{\"@id\":\"https:\\\/\\\/www.editorialjuventud.es\\\/ayudando-9788426118707\\\/#primaryimage\"},\"thumbnailUrl\":\"https:\\\/\\\/www.editorialjuventud.es\\\/wp-content\\\/uploads\\\/9788426118707.jpg\",\"datePublished\":\"2018-08-24T08:17:24+00:00\",\"dateModified\":\"2025-01-22T12:48:43+00:00\",\"description\":\"A todos los peque\u00f1os les encanta ayudar en casa, y es muy importante dej\u00e1rselo hacer y fomentarle esta actitud, en la medida de sus posibilidades. En este\",\"breadcrumb\":{\"@id\":\"https:\\\/\\\/www.editorialjuventud.es\\\/ayudando-9788426118707\\\/#breadcrumb\"},\"inLanguage\":\"ca\",\"potentialAction\":[{\"@type\":\"ReadAction\",\"target\":[\"https:\\\/\\\/www.editorialjuventud.es\\\/ayudando-9788426118707\\\/\"]}]},{\"@type\":\"ImageObject\",\"inLanguage\":\"ca\",\"@id\":\"https:\\\/\\\/www.editorialjuventud.es\\\/ayudando-9788426118707\\\/#primaryimage\",\"url\":\"https:\\\/\\\/www.editorialjuventud.es\\\/wp-content\\\/uploads\\\/9788426118707.jpg\",\"contentUrl\":\"https:\\\/\\\/www.editorialjuventud.es\\\/wp-content\\\/uploads\\\/9788426118707.jpg\",\"width\":435,\"height\":473,\"caption\":\"9788426118707.jpg\"},{\"@type\":\"BreadcrumbList\",\"@id\":\"https:\\\/\\\/www.editorialjuventud.es\\\/ayudando-9788426118707\\\/#breadcrumb\",\"itemListElement\":[{\"@type\":\"ListItem\",\"position\":1,\"name\":\"Portada\",\"item\":\"https:\\\/\\\/www.editorialjuventud.es\\\/\"},{\"@type\":\"ListItem\",\"position\":2,\"name\":\"cat\u00e1logo\",\"item\":\"https:\\\/\\\/www.editorialjuventud.es\\\/coleccion\\\/catalogo\\\/\"},{\"@type\":\"ListItem\",\"position\":3,\"name\":\"castellano\",\"item\":\"https:\\\/\\\/www.editorialjuventud.es\\\/coleccion\\\/castellano\\\/\"},{\"@type\":\"ListItem\",\"position\":4,\"name\":\"Mis Primeros Libros\",\"item\":\"https:\\\/\\\/www.editorialjuventud.es\\\/coleccion\\\/mis-primeros-libros\\\/\"},{\"@type\":\"ListItem\",\"position\":5,\"name\":\"Los Libros del Chiquit\u00edn\",\"item\":\"https:\\\/\\\/www.editorialjuventud.es\\\/coleccion\\\/los-libros-del-chiquitin\\\/\"},{\"@type\":\"ListItem\",\"position\":6,\"name\":\"Ayudando\"}]},{\"@type\":\"WebSite\",\"@id\":\"https:\\\/\\\/www.editorialjuventud.es\\\/#website\",\"url\":\"https:\\\/\\\/www.editorialjuventud.es\\\/\",\"name\":\"Editorial Juventud\",\"description\":\"\",\"potentialAction\":[{\"@type\":\"SearchAction\",\"target\":{\"@type\":\"EntryPoint\",\"urlTemplate\":\"https:\\\/\\\/www.editorialjuventud.es\\\/?s={search_term_string}\"},\"query-input\":{\"@type\":\"PropertyValueSpecification\",\"valueRequired\":true,\"valueName\":\"search_term_string\"}}],\"inLanguage\":\"ca\"}]}<\/script>\n<!-- \/ Yoast SEO plugin. -->","yoast_head_json":{"title":"Ayudando - Editorial Juventud","description":"A todos los peque\u00f1os les encanta ayudar en casa, y es muy importante dej\u00e1rselo hacer y fomentarle esta actitud, en la medida de sus posibilidades. En este","robots":{"index":"index","follow":"follow","max-snippet":"max-snippet:-1","max-image-preview":"max-image-preview:large","max-video-preview":"max-video-preview:-1"},"canonical":"https:\/\/www.editorialjuventud.es\/ayudando-9788426118707\/","og_locale":"ca_ES","og_type":"article","og_title":"Ayudando - Editorial Juventud","og_description":"A todos los peque\u00f1os les encanta ayudar en casa, y es muy importante dej\u00e1rselo hacer y fomentarle esta actitud, en la medida de sus posibilidades. En este","og_url":"https:\/\/www.editorialjuventud.es\/ayudando-9788426118707\/","og_site_name":"Editorial Juventud","article_modified_time":"2025-01-22T12:48:43+00:00","og_image":[{"width":435,"height":473,"url":"https:\/\/www.editorialjuventud.es\/wp-content\/uploads\/9788426118707.jpg","type":"image\/jpeg"}],"twitter_card":"summary_large_image","schema":{"@context":"https:\/\/schema.org","@graph":[{"@type":"WebPage","@id":"https:\/\/www.editorialjuventud.es\/ayudando-9788426118707\/","url":"https:\/\/www.editorialjuventud.es\/ayudando-9788426118707\/","name":"Ayudando - Editorial Juventud","isPartOf":{"@id":"https:\/\/www.editorialjuventud.es\/#website"},"primaryImageOfPage":{"@id":"https:\/\/www.editorialjuventud.es\/ayudando-9788426118707\/#primaryimage"},"image":{"@id":"https:\/\/www.editorialjuventud.es\/ayudando-9788426118707\/#primaryimage"},"thumbnailUrl":"https:\/\/www.editorialjuventud.es\/wp-content\/uploads\/9788426118707.jpg","datePublished":"2018-08-24T08:17:24+00:00","dateModified":"2025-01-22T12:48:43+00:00","description":"A todos los peque\u00f1os les encanta ayudar en casa, y es muy importante dej\u00e1rselo hacer y fomentarle esta actitud, en la medida de sus posibilidades. En este","breadcrumb":{"@id":"https:\/\/www.editorialjuventud.es\/ayudando-9788426118707\/#breadcrumb"},"inLanguage":"ca","potentialAction":[{"@type":"ReadAction","target":["https:\/\/www.editorialjuventud.es\/ayudando-9788426118707\/"]}]},{"@type":"ImageObject","inLanguage":"ca","@id":"https:\/\/www.editorialjuventud.es\/ayudando-9788426118707\/#primaryimage","url":"https:\/\/www.editorialjuventud.es\/wp-content\/uploads\/9788426118707.jpg","contentUrl":"https:\/\/www.editorialjuventud.es\/wp-content\/uploads\/9788426118707.jpg","width":435,"height":473,"caption":"9788426118707.jpg"},{"@type":"BreadcrumbList","@id":"https:\/\/www.editorialjuventud.es\/ayudando-9788426118707\/#breadcrumb","itemListElement":[{"@type":"ListItem","position":1,"name":"Portada","item":"https:\/\/www.editorialjuventud.es\/"},{"@type":"ListItem","position":2,"name":"cat\u00e1logo","item":"https:\/\/www.editorialjuventud.es\/coleccion\/catalogo\/"},{"@type":"ListItem","position":3,"name":"castellano","item":"https:\/\/www.editorialjuventud.es\/coleccion\/castellano\/"},{"@type":"ListItem","position":4,"name":"Mis Primeros Libros","item":"https:\/\/www.editorialjuventud.es\/coleccion\/mis-primeros-libros\/"},{"@type":"ListItem","position":5,"name":"Los Libros del Chiquit\u00edn","item":"https:\/\/www.editorialjuventud.es\/coleccion\/los-libros-del-chiquitin\/"},{"@type":"ListItem","position":6,"name":"Ayudando"}]},{"@type":"WebSite","@id":"https:\/\/www.editorialjuventud.es\/#website","url":"https:\/\/www.editorialjuventud.es\/","name":"Editorial Juventud","description":"","potentialAction":[{"@type":"SearchAction","target":{"@type":"EntryPoint","urlTemplate":"https:\/\/www.editorialjuventud.es\/?s={search_term_string}"},"query-input":{"@type":"PropertyValueSpecification","valueRequired":true,"valueName":"search_term_string"}}],"inLanguage":"ca"}]}},"_links":{"self":[{"href":"https:\/\/www.editorialjuventud.es\/ca\/wp-json\/wp\/v2\/product\/5028","targetHints":{"allow":["GET"]}}],"collection":[{"href":"https:\/\/www.editorialjuventud.es\/ca\/wp-json\/wp\/v2\/product"}],"about":[{"href":"https:\/\/www.editorialjuventud.es\/ca\/wp-json\/wp\/v2\/types\/product"}],"wp:featuredmedia":[{"embeddable":true,"href":"https:\/\/www.editorialjuventud.es\/ca\/wp-json\/wp\/v2\/media\/21792"}],"wp:attachment":[{"href":"https:\/\/www.editorialjuventud.es\/ca\/wp-json\/wp\/v2\/media?parent=5028"}],"wp:term":[{"taxonomy":"product_brand","embeddable":true,"href":"https:\/\/www.editorialjuventud.es\/ca\/wp-json\/wp\/v2\/product_brand?post=5028"},{"taxonomy":"product_cat","embeddable":true,"href":"https:\/\/www.editorialjuventud.es\/ca\/wp-json\/wp\/v2\/product_cat?post=5028"},{"taxonomy":"product_tag","embeddable":true,"href":"https:\/\/www.editorialjuventud.es\/ca\/wp-json\/wp\/v2\/product_tag?post=5028"},{"taxonomy":"coleccion","embeddable":true,"href":"https:\/\/www.editorialjuventud.es\/ca\/wp-json\/wp\/v2\/coleccion?post=5028"}],"curies":[{"name":"wp","href":"https:\/\/api.w.org\/{rel}","templated":true}]}}