{"id":5027,"date":"2018-08-24T12:17:20","date_gmt":"2018-08-24T08:17:20","guid":{"rendered":"http:\/\/www.editorialjuventud.es\/a-la-cama\/"},"modified":"2025-01-22T13:48:48","modified_gmt":"2025-01-22T12:48:48","slug":"a-la-cama-9788426118691","status":"publish","type":"product","link":"https:\/\/www.editorialjuventud.es\/ca\/a-la-cama-9788426118691\/","title":{"rendered":"A la cama"},"content":{"rendered":"<p>La hora de ir a la cama puede ser uno de los momentos buenos del d\u00eda: primero viene el ba\u00f1o, despu\u00e9s la cena y un ratito de juegos tranquilos, luego, para ir relaj\u00e1ndose llega la hora de explicar un cuento mientras el beb\u00e9 se adormece. Con mucho cuidado, para que no se despierte, el pap\u00e1 mete al ni\u00f1o en la cuna&#8230;<\/p>\n","protected":false},"excerpt":{"rendered":"La hora de ir a la cama puede ser uno de los momentos buenos del d\u00eda: primero viene el ba\u00f1o, despu\u00e9s la cena y un ratito de juegos tranquilos, luego, para ir relaj\u00e1ndose llega la hora de explicar un cuento [&hellip;]","protected":false},"featured_media":6858,"template":"","meta":{"_acf_changed":false,"_exactmetrics_skip_tracking":false,"_exactmetrics_sitenote_active":false,"_exactmetrics_sitenote_note":"","_exactmetrics_sitenote_category":0},"product_brand":[],"product_cat":[913,907,1165,1181,1122],"product_tag":[],"coleccion":[916,1019,1296],"class_list":{"0":"post-5027","1":"product","2":"type-product","3":"status-publish","4":"has-post-thumbnail","6":"product_cat-a-partir-de-12-meses","7":"product_cat-de-0-a-2-anos","8":"product_cat-dormir-sueno","9":"product_cat-habitos","10":"product_cat-libros-de-carton","11":"coleccion-castellano","12":"coleccion-los-libros-del-chiquitin","13":"coleccion-mis-primeros-libros","15":"first","16":"instock","17":"taxable","18":"shipping-taxable","19":"purchasable","20":"product-type-simple"},"acf":{"autor":"Oxenbury, Helen","codart":"1869-0","ediciones":"0","encuadernacion":"Cart\u00f3n","fecha_de_publicacion":"27\/09\/1989","novedad":"0","paginas":"16","subtitulo":"","texto_web_adicional":"","texto_web_novedad":"","orden":"999","portada":"0","texto_web_resaltado":"","indice":"","autores-libros":[16533],"ilustradores-libros":[16533],"traductores-libros":"","fecha_de_reimpresion":"","descripcion_corta":"","recomendamos":"","mas_vendido":"","idioma-libro":"","color":false,"formato":"","mas_informacion_del_producto":false,"premios":false,"deshabilitar_compra":["deshabilitar"],"texto_enlace_cubierta":"","enlace_cubierta":false,"texto_enlace_ficha_tecnica":"","enlace_ficha_tecnica":false,"ficheros":false,"titulo-fr":"","texto-fr":""},"yoast_head":"<!-- This site is optimized with the Yoast SEO plugin v27.5 - https:\/\/yoast.com\/product\/yoast-seo-wordpress\/ -->\n<title>A la cama - Editorial Juventud<\/title>\n<meta name=\"description\" content=\"La hora de ir a la cama puede ser uno de los momentos buenos del d\u00eda: primero viene el ba\u00f1o, despu\u00e9s la cena y un ratito de juegos tranquilos, luego, para\" \/>\n<meta name=\"robots\" content=\"index, follow, max-snippet:-1, max-image-preview:large, max-video-preview:-1\" \/>\n<link rel=\"canonical\" href=\"https:\/\/www.editorialjuventud.es\/a-la-cama-9788426118691\/\" \/>\n<meta property=\"og:locale\" content=\"ca_ES\" \/>\n<meta property=\"og:type\" content=\"article\" \/>\n<meta property=\"og:title\" content=\"A la cama - Editorial Juventud\" \/>\n<meta property=\"og:description\" content=\"La hora de ir a la cama puede ser uno de los momentos buenos del d\u00eda: primero viene el ba\u00f1o, despu\u00e9s la cena y un ratito de juegos tranquilos, luego, para\" \/>\n<meta property=\"og:url\" content=\"https:\/\/www.editorialjuventud.es\/a-la-cama-9788426118691\/\" \/>\n<meta property=\"og:site_name\" content=\"Editorial Juventud\" \/>\n<meta property=\"article:modified_time\" content=\"2025-01-22T12:48:48+00:00\" \/>\n<meta property=\"og:image\" content=\"https:\/\/www.editorialjuventud.es\/wp-content\/uploads\/1869.jpg\" \/>\n\t<meta property=\"og:image:width\" content=\"424\" \/>\n\t<meta property=\"og:image:height\" content=\"449\" \/>\n\t<meta property=\"og:image:type\" content=\"image\/jpeg\" \/>\n<meta name=\"twitter:card\" content=\"summary_large_image\" \/>\n<script type=\"application\/ld+json\" class=\"yoast-schema-graph\">{\"@context\":\"https:\\\/\\\/schema.org\",\"@graph\":[{\"@type\":\"WebPage\",\"@id\":\"https:\\\/\\\/www.editorialjuventud.es\\\/a-la-cama-9788426118691\\\/\",\"url\":\"https:\\\/\\\/www.editorialjuventud.es\\\/a-la-cama-9788426118691\\\/\",\"name\":\"A la cama - Editorial Juventud\",\"isPartOf\":{\"@id\":\"https:\\\/\\\/www.editorialjuventud.es\\\/#website\"},\"primaryImageOfPage\":{\"@id\":\"https:\\\/\\\/www.editorialjuventud.es\\\/a-la-cama-9788426118691\\\/#primaryimage\"},\"image\":{\"@id\":\"https:\\\/\\\/www.editorialjuventud.es\\\/a-la-cama-9788426118691\\\/#primaryimage\"},\"thumbnailUrl\":\"https:\\\/\\\/www.editorialjuventud.es\\\/wp-content\\\/uploads\\\/1869.jpg\",\"datePublished\":\"2018-08-24T08:17:20+00:00\",\"dateModified\":\"2025-01-22T12:48:48+00:00\",\"description\":\"La hora de ir a la cama puede ser uno de los momentos buenos del d\u00eda: primero viene el ba\u00f1o, despu\u00e9s la cena y un ratito de juegos tranquilos, luego, para\",\"breadcrumb\":{\"@id\":\"https:\\\/\\\/www.editorialjuventud.es\\\/a-la-cama-9788426118691\\\/#breadcrumb\"},\"inLanguage\":\"ca\",\"potentialAction\":[{\"@type\":\"ReadAction\",\"target\":[\"https:\\\/\\\/www.editorialjuventud.es\\\/a-la-cama-9788426118691\\\/\"]}]},{\"@type\":\"ImageObject\",\"inLanguage\":\"ca\",\"@id\":\"https:\\\/\\\/www.editorialjuventud.es\\\/a-la-cama-9788426118691\\\/#primaryimage\",\"url\":\"https:\\\/\\\/www.editorialjuventud.es\\\/wp-content\\\/uploads\\\/1869.jpg\",\"contentUrl\":\"https:\\\/\\\/www.editorialjuventud.es\\\/wp-content\\\/uploads\\\/1869.jpg\",\"width\":424,\"height\":449,\"caption\":\"1869.jpg\"},{\"@type\":\"BreadcrumbList\",\"@id\":\"https:\\\/\\\/www.editorialjuventud.es\\\/a-la-cama-9788426118691\\\/#breadcrumb\",\"itemListElement\":[{\"@type\":\"ListItem\",\"position\":1,\"name\":\"Portada\",\"item\":\"https:\\\/\\\/www.editorialjuventud.es\\\/\"},{\"@type\":\"ListItem\",\"position\":2,\"name\":\"cat\u00e1logo\",\"item\":\"https:\\\/\\\/www.editorialjuventud.es\\\/coleccion\\\/catalogo\\\/\"},{\"@type\":\"ListItem\",\"position\":3,\"name\":\"castellano\",\"item\":\"https:\\\/\\\/www.editorialjuventud.es\\\/coleccion\\\/castellano\\\/\"},{\"@type\":\"ListItem\",\"position\":4,\"name\":\"Mis Primeros Libros\",\"item\":\"https:\\\/\\\/www.editorialjuventud.es\\\/coleccion\\\/mis-primeros-libros\\\/\"},{\"@type\":\"ListItem\",\"position\":5,\"name\":\"Los Libros del Chiquit\u00edn\",\"item\":\"https:\\\/\\\/www.editorialjuventud.es\\\/coleccion\\\/los-libros-del-chiquitin\\\/\"},{\"@type\":\"ListItem\",\"position\":6,\"name\":\"A la cama\"}]},{\"@type\":\"WebSite\",\"@id\":\"https:\\\/\\\/www.editorialjuventud.es\\\/#website\",\"url\":\"https:\\\/\\\/www.editorialjuventud.es\\\/\",\"name\":\"Editorial Juventud\",\"description\":\"\",\"potentialAction\":[{\"@type\":\"SearchAction\",\"target\":{\"@type\":\"EntryPoint\",\"urlTemplate\":\"https:\\\/\\\/www.editorialjuventud.es\\\/?s={search_term_string}\"},\"query-input\":{\"@type\":\"PropertyValueSpecification\",\"valueRequired\":true,\"valueName\":\"search_term_string\"}}],\"inLanguage\":\"ca\"}]}<\/script>\n<!-- \/ Yoast SEO plugin. -->","yoast_head_json":{"title":"A la cama - Editorial Juventud","description":"La hora de ir a la cama puede ser uno de los momentos buenos del d\u00eda: primero viene el ba\u00f1o, despu\u00e9s la cena y un ratito de juegos tranquilos, luego, para","robots":{"index":"index","follow":"follow","max-snippet":"max-snippet:-1","max-image-preview":"max-image-preview:large","max-video-preview":"max-video-preview:-1"},"canonical":"https:\/\/www.editorialjuventud.es\/a-la-cama-9788426118691\/","og_locale":"ca_ES","og_type":"article","og_title":"A la cama - Editorial Juventud","og_description":"La hora de ir a la cama puede ser uno de los momentos buenos del d\u00eda: primero viene el ba\u00f1o, despu\u00e9s la cena y un ratito de juegos tranquilos, luego, para","og_url":"https:\/\/www.editorialjuventud.es\/a-la-cama-9788426118691\/","og_site_name":"Editorial Juventud","article_modified_time":"2025-01-22T12:48:48+00:00","og_image":[{"width":424,"height":449,"url":"https:\/\/www.editorialjuventud.es\/wp-content\/uploads\/1869.jpg","type":"image\/jpeg"}],"twitter_card":"summary_large_image","schema":{"@context":"https:\/\/schema.org","@graph":[{"@type":"WebPage","@id":"https:\/\/www.editorialjuventud.es\/a-la-cama-9788426118691\/","url":"https:\/\/www.editorialjuventud.es\/a-la-cama-9788426118691\/","name":"A la cama - Editorial Juventud","isPartOf":{"@id":"https:\/\/www.editorialjuventud.es\/#website"},"primaryImageOfPage":{"@id":"https:\/\/www.editorialjuventud.es\/a-la-cama-9788426118691\/#primaryimage"},"image":{"@id":"https:\/\/www.editorialjuventud.es\/a-la-cama-9788426118691\/#primaryimage"},"thumbnailUrl":"https:\/\/www.editorialjuventud.es\/wp-content\/uploads\/1869.jpg","datePublished":"2018-08-24T08:17:20+00:00","dateModified":"2025-01-22T12:48:48+00:00","description":"La hora de ir a la cama puede ser uno de los momentos buenos del d\u00eda: primero viene el ba\u00f1o, despu\u00e9s la cena y un ratito de juegos tranquilos, luego, para","breadcrumb":{"@id":"https:\/\/www.editorialjuventud.es\/a-la-cama-9788426118691\/#breadcrumb"},"inLanguage":"ca","potentialAction":[{"@type":"ReadAction","target":["https:\/\/www.editorialjuventud.es\/a-la-cama-9788426118691\/"]}]},{"@type":"ImageObject","inLanguage":"ca","@id":"https:\/\/www.editorialjuventud.es\/a-la-cama-9788426118691\/#primaryimage","url":"https:\/\/www.editorialjuventud.es\/wp-content\/uploads\/1869.jpg","contentUrl":"https:\/\/www.editorialjuventud.es\/wp-content\/uploads\/1869.jpg","width":424,"height":449,"caption":"1869.jpg"},{"@type":"BreadcrumbList","@id":"https:\/\/www.editorialjuventud.es\/a-la-cama-9788426118691\/#breadcrumb","itemListElement":[{"@type":"ListItem","position":1,"name":"Portada","item":"https:\/\/www.editorialjuventud.es\/"},{"@type":"ListItem","position":2,"name":"cat\u00e1logo","item":"https:\/\/www.editorialjuventud.es\/coleccion\/catalogo\/"},{"@type":"ListItem","position":3,"name":"castellano","item":"https:\/\/www.editorialjuventud.es\/coleccion\/castellano\/"},{"@type":"ListItem","position":4,"name":"Mis Primeros Libros","item":"https:\/\/www.editorialjuventud.es\/coleccion\/mis-primeros-libros\/"},{"@type":"ListItem","position":5,"name":"Los Libros del Chiquit\u00edn","item":"https:\/\/www.editorialjuventud.es\/coleccion\/los-libros-del-chiquitin\/"},{"@type":"ListItem","position":6,"name":"A la cama"}]},{"@type":"WebSite","@id":"https:\/\/www.editorialjuventud.es\/#website","url":"https:\/\/www.editorialjuventud.es\/","name":"Editorial Juventud","description":"","potentialAction":[{"@type":"SearchAction","target":{"@type":"EntryPoint","urlTemplate":"https:\/\/www.editorialjuventud.es\/?s={search_term_string}"},"query-input":{"@type":"PropertyValueSpecification","valueRequired":true,"valueName":"search_term_string"}}],"inLanguage":"ca"}]}},"_links":{"self":[{"href":"https:\/\/www.editorialjuventud.es\/ca\/wp-json\/wp\/v2\/product\/5027","targetHints":{"allow":["GET"]}}],"collection":[{"href":"https:\/\/www.editorialjuventud.es\/ca\/wp-json\/wp\/v2\/product"}],"about":[{"href":"https:\/\/www.editorialjuventud.es\/ca\/wp-json\/wp\/v2\/types\/product"}],"wp:featuredmedia":[{"embeddable":true,"href":"https:\/\/www.editorialjuventud.es\/ca\/wp-json\/wp\/v2\/media\/6858"}],"wp:attachment":[{"href":"https:\/\/www.editorialjuventud.es\/ca\/wp-json\/wp\/v2\/media?parent=5027"}],"wp:term":[{"taxonomy":"product_brand","embeddable":true,"href":"https:\/\/www.editorialjuventud.es\/ca\/wp-json\/wp\/v2\/product_brand?post=5027"},{"taxonomy":"product_cat","embeddable":true,"href":"https:\/\/www.editorialjuventud.es\/ca\/wp-json\/wp\/v2\/product_cat?post=5027"},{"taxonomy":"product_tag","embeddable":true,"href":"https:\/\/www.editorialjuventud.es\/ca\/wp-json\/wp\/v2\/product_tag?post=5027"},{"taxonomy":"coleccion","embeddable":true,"href":"https:\/\/www.editorialjuventud.es\/ca\/wp-json\/wp\/v2\/coleccion?post=5027"}],"curies":[{"name":"wp","href":"https:\/\/api.w.org\/{rel}","templated":true}]}}