{"id":5025,"date":"2018-08-24T10:17:11","date_gmt":"2018-08-24T08:17:11","guid":{"rendered":"http:\/\/www.editorialjuventud.es\/animales\/"},"modified":"2025-01-22T13:49:02","modified_gmt":"2025-01-22T12:49:02","slug":"animales-9788426118677","status":"publish","type":"product","link":"https:\/\/www.editorialjuventud.es\/ca\/animales-9788426118677\/","title":{"rendered":"Animales"},"content":{"rendered":"<p>Un libro de im\u00e1genes, con las p\u00e1ginas de cart\u00f3n grueso, especialmente creado para que los m\u00e1s peque\u00f1os tomen contacto con el mundo que les rodea. Podemos ver al ni\u00f1o que intenta imitar lo que hacen los animales: saltar, comer, dar volteretas\u2026<\/p>\n","protected":false},"excerpt":{"rendered":"Un libro de im\u00e1genes, con las p\u00e1ginas de cart\u00f3n grueso, especialmente creado para que los m\u00e1s peque\u00f1os tomen contacto con el mundo que les rodea. Podemos ver al ni\u00f1o que intenta imitar lo que hacen los animales: saltar, comer, dar [&hellip;]","protected":false},"featured_media":6844,"template":"","meta":{"_acf_changed":false,"_exactmetrics_skip_tracking":false,"_exactmetrics_sitenote_active":false,"_exactmetrics_sitenote_note":"","_exactmetrics_sitenote_category":0},"product_brand":[],"product_cat":[913,907,1181,1122],"product_tag":[],"coleccion":[916,1019,1296],"class_list":{"0":"post-5025","1":"product","2":"type-product","3":"status-publish","4":"has-post-thumbnail","6":"product_cat-a-partir-de-12-meses","7":"product_cat-de-0-a-2-anos","8":"product_cat-habitos","9":"product_cat-libros-de-carton","10":"coleccion-castellano","11":"coleccion-los-libros-del-chiquitin","12":"coleccion-mis-primeros-libros","14":"first","15":"instock","16":"taxable","17":"shipping-taxable","18":"purchasable","19":"product-type-simple"},"acf":{"autor":"Oxenbury, Helen ","codart":"1867-4","ediciones":"0","encuadernacion":"Cart\u00f3n","fecha_de_publicacion":"27\/09\/1989","novedad":"0","paginas":"16","subtitulo":"","texto_web_adicional":"","texto_web_novedad":"","orden":"999","portada":"0","texto_web_resaltado":"","indice":"","autores-libros":[16533],"ilustradores-libros":[16533],"traductores-libros":"","descripcion_corta":"","recomendamos":"","mas_vendido":"","idioma-libro":"","color":false,"formato":"","mas_informacion_del_producto":false,"premios":false,"texto_enlace_cubierta":"","enlace_cubierta":false,"texto_enlace_ficha_tecnica":"","enlace_ficha_tecnica":false,"ficheros":false,"titulo-fr":"","texto-fr":""},"yoast_head":"<!-- This site is optimized with the Yoast SEO plugin v27.5 - https:\/\/yoast.com\/product\/yoast-seo-wordpress\/ -->\n<title>Animales - Editorial Juventud<\/title>\n<meta name=\"description\" content=\"Un libro de im\u00e1genes, con las p\u00e1ginas de cart\u00f3n grueso, especialmente creado para que los m\u00e1s peque\u00f1os tomen contacto con el mundo que les rodea. Podemos\" \/>\n<meta name=\"robots\" content=\"index, follow, max-snippet:-1, max-image-preview:large, max-video-preview:-1\" \/>\n<link rel=\"canonical\" href=\"https:\/\/www.editorialjuventud.es\/animales-9788426118677\/\" \/>\n<meta property=\"og:locale\" content=\"ca_ES\" \/>\n<meta property=\"og:type\" content=\"article\" \/>\n<meta property=\"og:title\" content=\"Animales - Editorial Juventud\" \/>\n<meta property=\"og:description\" content=\"Un libro de im\u00e1genes, con las p\u00e1ginas de cart\u00f3n grueso, especialmente creado para que los m\u00e1s peque\u00f1os tomen contacto con el mundo que les rodea. Podemos\" \/>\n<meta property=\"og:url\" content=\"https:\/\/www.editorialjuventud.es\/animales-9788426118677\/\" \/>\n<meta property=\"og:site_name\" content=\"Editorial Juventud\" \/>\n<meta property=\"article:modified_time\" content=\"2025-01-22T12:49:02+00:00\" \/>\n<meta property=\"og:image\" content=\"https:\/\/www.editorialjuventud.es\/wp-content\/uploads\/1867.jpg\" \/>\n\t<meta property=\"og:image:width\" content=\"420\" \/>\n\t<meta property=\"og:image:height\" content=\"450\" \/>\n\t<meta property=\"og:image:type\" content=\"image\/jpeg\" \/>\n<meta name=\"twitter:card\" content=\"summary_large_image\" \/>\n<script type=\"application\/ld+json\" class=\"yoast-schema-graph\">{\"@context\":\"https:\\\/\\\/schema.org\",\"@graph\":[{\"@type\":\"WebPage\",\"@id\":\"https:\\\/\\\/www.editorialjuventud.es\\\/animales-9788426118677\\\/\",\"url\":\"https:\\\/\\\/www.editorialjuventud.es\\\/animales-9788426118677\\\/\",\"name\":\"Animales - Editorial Juventud\",\"isPartOf\":{\"@id\":\"https:\\\/\\\/www.editorialjuventud.es\\\/#website\"},\"primaryImageOfPage\":{\"@id\":\"https:\\\/\\\/www.editorialjuventud.es\\\/animales-9788426118677\\\/#primaryimage\"},\"image\":{\"@id\":\"https:\\\/\\\/www.editorialjuventud.es\\\/animales-9788426118677\\\/#primaryimage\"},\"thumbnailUrl\":\"https:\\\/\\\/www.editorialjuventud.es\\\/wp-content\\\/uploads\\\/1867.jpg\",\"datePublished\":\"2018-08-24T08:17:11+00:00\",\"dateModified\":\"2025-01-22T12:49:02+00:00\",\"description\":\"Un libro de im\u00e1genes, con las p\u00e1ginas de cart\u00f3n grueso, especialmente creado para que los m\u00e1s peque\u00f1os tomen contacto con el mundo que les rodea. Podemos\",\"breadcrumb\":{\"@id\":\"https:\\\/\\\/www.editorialjuventud.es\\\/animales-9788426118677\\\/#breadcrumb\"},\"inLanguage\":\"ca\",\"potentialAction\":[{\"@type\":\"ReadAction\",\"target\":[\"https:\\\/\\\/www.editorialjuventud.es\\\/animales-9788426118677\\\/\"]}]},{\"@type\":\"ImageObject\",\"inLanguage\":\"ca\",\"@id\":\"https:\\\/\\\/www.editorialjuventud.es\\\/animales-9788426118677\\\/#primaryimage\",\"url\":\"https:\\\/\\\/www.editorialjuventud.es\\\/wp-content\\\/uploads\\\/1867.jpg\",\"contentUrl\":\"https:\\\/\\\/www.editorialjuventud.es\\\/wp-content\\\/uploads\\\/1867.jpg\",\"width\":420,\"height\":450,\"caption\":\"1867.jpg\"},{\"@type\":\"BreadcrumbList\",\"@id\":\"https:\\\/\\\/www.editorialjuventud.es\\\/animales-9788426118677\\\/#breadcrumb\",\"itemListElement\":[{\"@type\":\"ListItem\",\"position\":1,\"name\":\"Portada\",\"item\":\"https:\\\/\\\/www.editorialjuventud.es\\\/\"},{\"@type\":\"ListItem\",\"position\":2,\"name\":\"cat\u00e1logo\",\"item\":\"https:\\\/\\\/www.editorialjuventud.es\\\/coleccion\\\/catalogo\\\/\"},{\"@type\":\"ListItem\",\"position\":3,\"name\":\"castellano\",\"item\":\"https:\\\/\\\/www.editorialjuventud.es\\\/coleccion\\\/castellano\\\/\"},{\"@type\":\"ListItem\",\"position\":4,\"name\":\"Mis Primeros Libros\",\"item\":\"https:\\\/\\\/www.editorialjuventud.es\\\/coleccion\\\/mis-primeros-libros\\\/\"},{\"@type\":\"ListItem\",\"position\":5,\"name\":\"Los Libros del Chiquit\u00edn\",\"item\":\"https:\\\/\\\/www.editorialjuventud.es\\\/coleccion\\\/los-libros-del-chiquitin\\\/\"},{\"@type\":\"ListItem\",\"position\":6,\"name\":\"Animales\"}]},{\"@type\":\"WebSite\",\"@id\":\"https:\\\/\\\/www.editorialjuventud.es\\\/#website\",\"url\":\"https:\\\/\\\/www.editorialjuventud.es\\\/\",\"name\":\"Editorial Juventud\",\"description\":\"\",\"potentialAction\":[{\"@type\":\"SearchAction\",\"target\":{\"@type\":\"EntryPoint\",\"urlTemplate\":\"https:\\\/\\\/www.editorialjuventud.es\\\/?s={search_term_string}\"},\"query-input\":{\"@type\":\"PropertyValueSpecification\",\"valueRequired\":true,\"valueName\":\"search_term_string\"}}],\"inLanguage\":\"ca\"}]}<\/script>\n<!-- \/ Yoast SEO plugin. -->","yoast_head_json":{"title":"Animales - Editorial Juventud","description":"Un libro de im\u00e1genes, con las p\u00e1ginas de cart\u00f3n grueso, especialmente creado para que los m\u00e1s peque\u00f1os tomen contacto con el mundo que les rodea. Podemos","robots":{"index":"index","follow":"follow","max-snippet":"max-snippet:-1","max-image-preview":"max-image-preview:large","max-video-preview":"max-video-preview:-1"},"canonical":"https:\/\/www.editorialjuventud.es\/animales-9788426118677\/","og_locale":"ca_ES","og_type":"article","og_title":"Animales - Editorial Juventud","og_description":"Un libro de im\u00e1genes, con las p\u00e1ginas de cart\u00f3n grueso, especialmente creado para que los m\u00e1s peque\u00f1os tomen contacto con el mundo que les rodea. Podemos","og_url":"https:\/\/www.editorialjuventud.es\/animales-9788426118677\/","og_site_name":"Editorial Juventud","article_modified_time":"2025-01-22T12:49:02+00:00","og_image":[{"width":420,"height":450,"url":"https:\/\/www.editorialjuventud.es\/wp-content\/uploads\/1867.jpg","type":"image\/jpeg"}],"twitter_card":"summary_large_image","schema":{"@context":"https:\/\/schema.org","@graph":[{"@type":"WebPage","@id":"https:\/\/www.editorialjuventud.es\/animales-9788426118677\/","url":"https:\/\/www.editorialjuventud.es\/animales-9788426118677\/","name":"Animales - Editorial Juventud","isPartOf":{"@id":"https:\/\/www.editorialjuventud.es\/#website"},"primaryImageOfPage":{"@id":"https:\/\/www.editorialjuventud.es\/animales-9788426118677\/#primaryimage"},"image":{"@id":"https:\/\/www.editorialjuventud.es\/animales-9788426118677\/#primaryimage"},"thumbnailUrl":"https:\/\/www.editorialjuventud.es\/wp-content\/uploads\/1867.jpg","datePublished":"2018-08-24T08:17:11+00:00","dateModified":"2025-01-22T12:49:02+00:00","description":"Un libro de im\u00e1genes, con las p\u00e1ginas de cart\u00f3n grueso, especialmente creado para que los m\u00e1s peque\u00f1os tomen contacto con el mundo que les rodea. Podemos","breadcrumb":{"@id":"https:\/\/www.editorialjuventud.es\/animales-9788426118677\/#breadcrumb"},"inLanguage":"ca","potentialAction":[{"@type":"ReadAction","target":["https:\/\/www.editorialjuventud.es\/animales-9788426118677\/"]}]},{"@type":"ImageObject","inLanguage":"ca","@id":"https:\/\/www.editorialjuventud.es\/animales-9788426118677\/#primaryimage","url":"https:\/\/www.editorialjuventud.es\/wp-content\/uploads\/1867.jpg","contentUrl":"https:\/\/www.editorialjuventud.es\/wp-content\/uploads\/1867.jpg","width":420,"height":450,"caption":"1867.jpg"},{"@type":"BreadcrumbList","@id":"https:\/\/www.editorialjuventud.es\/animales-9788426118677\/#breadcrumb","itemListElement":[{"@type":"ListItem","position":1,"name":"Portada","item":"https:\/\/www.editorialjuventud.es\/"},{"@type":"ListItem","position":2,"name":"cat\u00e1logo","item":"https:\/\/www.editorialjuventud.es\/coleccion\/catalogo\/"},{"@type":"ListItem","position":3,"name":"castellano","item":"https:\/\/www.editorialjuventud.es\/coleccion\/castellano\/"},{"@type":"ListItem","position":4,"name":"Mis Primeros Libros","item":"https:\/\/www.editorialjuventud.es\/coleccion\/mis-primeros-libros\/"},{"@type":"ListItem","position":5,"name":"Los Libros del Chiquit\u00edn","item":"https:\/\/www.editorialjuventud.es\/coleccion\/los-libros-del-chiquitin\/"},{"@type":"ListItem","position":6,"name":"Animales"}]},{"@type":"WebSite","@id":"https:\/\/www.editorialjuventud.es\/#website","url":"https:\/\/www.editorialjuventud.es\/","name":"Editorial Juventud","description":"","potentialAction":[{"@type":"SearchAction","target":{"@type":"EntryPoint","urlTemplate":"https:\/\/www.editorialjuventud.es\/?s={search_term_string}"},"query-input":{"@type":"PropertyValueSpecification","valueRequired":true,"valueName":"search_term_string"}}],"inLanguage":"ca"}]}},"_links":{"self":[{"href":"https:\/\/www.editorialjuventud.es\/ca\/wp-json\/wp\/v2\/product\/5025","targetHints":{"allow":["GET"]}}],"collection":[{"href":"https:\/\/www.editorialjuventud.es\/ca\/wp-json\/wp\/v2\/product"}],"about":[{"href":"https:\/\/www.editorialjuventud.es\/ca\/wp-json\/wp\/v2\/types\/product"}],"wp:featuredmedia":[{"embeddable":true,"href":"https:\/\/www.editorialjuventud.es\/ca\/wp-json\/wp\/v2\/media\/6844"}],"wp:attachment":[{"href":"https:\/\/www.editorialjuventud.es\/ca\/wp-json\/wp\/v2\/media?parent=5025"}],"wp:term":[{"taxonomy":"product_brand","embeddable":true,"href":"https:\/\/www.editorialjuventud.es\/ca\/wp-json\/wp\/v2\/product_brand?post=5025"},{"taxonomy":"product_cat","embeddable":true,"href":"https:\/\/www.editorialjuventud.es\/ca\/wp-json\/wp\/v2\/product_cat?post=5025"},{"taxonomy":"product_tag","embeddable":true,"href":"https:\/\/www.editorialjuventud.es\/ca\/wp-json\/wp\/v2\/product_tag?post=5025"},{"taxonomy":"coleccion","embeddable":true,"href":"https:\/\/www.editorialjuventud.es\/ca\/wp-json\/wp\/v2\/coleccion?post=5025"}],"curies":[{"name":"wp","href":"https:\/\/api.w.org\/{rel}","templated":true}]}}