{"id":5019,"date":"2018-08-24T12:16:37","date_gmt":"2018-08-24T08:16:37","guid":{"rendered":"http:\/\/www.editorialjuventud.es\/beethoven\/"},"modified":"2025-08-01T11:58:32","modified_gmt":"2025-08-01T09:58:32","slug":"beethoven-9788426118301","status":"publish","type":"product","link":"https:\/\/www.editorialjuventud.es\/ca\/beethoven-9788426118301\/","title":{"rendered":"Beethoven"},"content":{"rendered":"<p>El arte prodigioso del bi\u00f3grafo recoge en todo su dramatismo la angustiosa vida del preclaro compositor: los azares de su existencia pobre, sus amores incomprendidos, la implacable enfermedad que, cuando Beethoven contaba con treinta a\u00f1os, se abati\u00f3 de pronto sobre la noble cabeza del genio. Ludwig enlaza en su estudio las grandes creaciones del m\u00fasico de Bonn y los sucesos de su agitada vida, cuyas amarguras superadas por un alma que se cern\u00eda como un \u00e1guila luminosa sobre la contrariedad y el dolor nos han valido p\u00e1ginas musicales de sublime belleza.<\/p>\n","protected":false},"excerpt":{"rendered":"El arte prodigioso del bi\u00f3grafo recoge en todo su dramatismo la angustiosa vida del preclaro compositor: los azares de su existencia pobre, sus amores incomprendidos, la implacable enfermedad que, cuando Beethoven contaba con treinta a\u00f1os, se abati\u00f3 de pronto sobre [&hellip;]","protected":false},"featured_media":6808,"template":"","meta":{"_acf_changed":false,"_exactmetrics_skip_tracking":false,"_exactmetrics_sitenote_active":false,"_exactmetrics_sitenote_note":"","_exactmetrics_sitenote_category":0},"product_brand":[],"product_cat":[905,1116,892,1115],"product_tag":[],"coleccion":[1082,916,1007,938],"class_list":{"0":"post-5019","1":"product","2":"type-product","3":"status-publish","4":"has-post-thumbnail","6":"product_cat-adulto","7":"product_cat-biografia","8":"product_cat-edades","9":"product_cat-generos","10":"coleccion-biografia","11":"coleccion-castellano","12":"coleccion-coleccion-z","13":"coleccion-libros-de-bolsillo","15":"first","16":"instock","17":"taxable","18":"shipping-taxable","19":"purchasable","20":"product-type-simple"},"acf":{"autor":"LUDWIG, EMIL","codart":"1830-5","ediciones":"0","encuadernacion":"Bolsillo","fecha_de_publicacion":"29\/09\/1989","novedad":"0","paginas":"174","subtitulo":"","texto_web_adicional":"","texto_web_novedad":"","orden":"999","portada":"0","texto_web_resaltado":"","indice":"","autores-libros":[16475],"ilustradores-libros":"","traductores-libros":[17658],"fecha_de_reimpresion":"","descripcion_corta":"","recomendamos":"","mas_vendido":"","idioma-libro":"","color":false,"formato":"","mas_informacion_del_producto":false,"premios":false,"deshabilitar_compra":[],"texto_enlace_cubierta":"","enlace_cubierta":false,"texto_enlace_ficha_tecnica":"","enlace_ficha_tecnica":false,"ficheros":false,"titulo-fr":"","texto-fr":""},"yoast_head":"<!-- This site is optimized with the Yoast SEO plugin v27.5 - https:\/\/yoast.com\/product\/yoast-seo-wordpress\/ -->\n<title>Beethoven - Editorial Juventud<\/title>\n<meta name=\"description\" content=\"El arte prodigioso del bi\u00f3grafo recoge en todo su dramatismo la angustiosa vida del preclaro compositor: los azares de su existencia pobre, sus amores\" \/>\n<meta name=\"robots\" content=\"index, follow, max-snippet:-1, max-image-preview:large, max-video-preview:-1\" \/>\n<link rel=\"canonical\" href=\"https:\/\/www.editorialjuventud.es\/beethoven-9788426118301\/\" \/>\n<meta property=\"og:locale\" content=\"ca_ES\" \/>\n<meta property=\"og:type\" content=\"article\" \/>\n<meta property=\"og:title\" content=\"Beethoven - Editorial Juventud\" \/>\n<meta property=\"og:description\" content=\"El arte prodigioso del bi\u00f3grafo recoge en todo su dramatismo la angustiosa vida del preclaro compositor: los azares de su existencia pobre, sus amores\" \/>\n<meta property=\"og:url\" content=\"https:\/\/www.editorialjuventud.es\/beethoven-9788426118301\/\" \/>\n<meta property=\"og:site_name\" content=\"Editorial Juventud\" \/>\n<meta property=\"article:modified_time\" content=\"2025-08-01T09:58:32+00:00\" \/>\n<meta property=\"og:image\" content=\"https:\/\/www.editorialjuventud.es\/wp-content\/uploads\/1830.jpg\" \/>\n\t<meta property=\"og:image:width\" content=\"292\" \/>\n\t<meta property=\"og:image:height\" content=\"450\" \/>\n\t<meta property=\"og:image:type\" content=\"image\/jpeg\" \/>\n<meta name=\"twitter:card\" content=\"summary_large_image\" \/>\n<meta name=\"twitter:label1\" content=\"Temps estimat de lectura\" \/>\n\t<meta name=\"twitter:data1\" content=\"1 minut\" \/>\n<script type=\"application\/ld+json\" class=\"yoast-schema-graph\">{\"@context\":\"https:\\\/\\\/schema.org\",\"@graph\":[{\"@type\":\"WebPage\",\"@id\":\"https:\\\/\\\/www.editorialjuventud.es\\\/beethoven-9788426118301\\\/\",\"url\":\"https:\\\/\\\/www.editorialjuventud.es\\\/beethoven-9788426118301\\\/\",\"name\":\"Beethoven - Editorial Juventud\",\"isPartOf\":{\"@id\":\"https:\\\/\\\/www.editorialjuventud.es\\\/#website\"},\"primaryImageOfPage\":{\"@id\":\"https:\\\/\\\/www.editorialjuventud.es\\\/beethoven-9788426118301\\\/#primaryimage\"},\"image\":{\"@id\":\"https:\\\/\\\/www.editorialjuventud.es\\\/beethoven-9788426118301\\\/#primaryimage\"},\"thumbnailUrl\":\"https:\\\/\\\/www.editorialjuventud.es\\\/wp-content\\\/uploads\\\/1830.jpg\",\"datePublished\":\"2018-08-24T08:16:37+00:00\",\"dateModified\":\"2025-08-01T09:58:32+00:00\",\"description\":\"El arte prodigioso del bi\u00f3grafo recoge en todo su dramatismo la angustiosa vida del preclaro compositor: los azares de su existencia pobre, sus amores\",\"breadcrumb\":{\"@id\":\"https:\\\/\\\/www.editorialjuventud.es\\\/beethoven-9788426118301\\\/#breadcrumb\"},\"inLanguage\":\"ca\",\"potentialAction\":[{\"@type\":\"ReadAction\",\"target\":[\"https:\\\/\\\/www.editorialjuventud.es\\\/beethoven-9788426118301\\\/\"]}]},{\"@type\":\"ImageObject\",\"inLanguage\":\"ca\",\"@id\":\"https:\\\/\\\/www.editorialjuventud.es\\\/beethoven-9788426118301\\\/#primaryimage\",\"url\":\"https:\\\/\\\/www.editorialjuventud.es\\\/wp-content\\\/uploads\\\/1830.jpg\",\"contentUrl\":\"https:\\\/\\\/www.editorialjuventud.es\\\/wp-content\\\/uploads\\\/1830.jpg\",\"width\":292,\"height\":450,\"caption\":\"1830.jpg\"},{\"@type\":\"BreadcrumbList\",\"@id\":\"https:\\\/\\\/www.editorialjuventud.es\\\/beethoven-9788426118301\\\/#breadcrumb\",\"itemListElement\":[{\"@type\":\"ListItem\",\"position\":1,\"name\":\"Portada\",\"item\":\"https:\\\/\\\/www.editorialjuventud.es\\\/\"},{\"@type\":\"ListItem\",\"position\":2,\"name\":\"cat\u00e1logo\",\"item\":\"https:\\\/\\\/www.editorialjuventud.es\\\/coleccion\\\/catalogo\\\/\"},{\"@type\":\"ListItem\",\"position\":3,\"name\":\"castellano\",\"item\":\"https:\\\/\\\/www.editorialjuventud.es\\\/coleccion\\\/castellano\\\/\"},{\"@type\":\"ListItem\",\"position\":4,\"name\":\"Libros de Bolsillo\",\"item\":\"https:\\\/\\\/www.editorialjuventud.es\\\/coleccion\\\/libros-de-bolsillo\\\/\"},{\"@type\":\"ListItem\",\"position\":5,\"name\":\"Colecci\u00f3n Z\",\"item\":\"https:\\\/\\\/www.editorialjuventud.es\\\/coleccion\\\/coleccion-z\\\/\"},{\"@type\":\"ListItem\",\"position\":6,\"name\":\"Biograf\u00eda\",\"item\":\"https:\\\/\\\/www.editorialjuventud.es\\\/ca\\\/coleccion\\\/biografia\\\/\"},{\"@type\":\"ListItem\",\"position\":7,\"name\":\"Beethoven\"}]},{\"@type\":\"WebSite\",\"@id\":\"https:\\\/\\\/www.editorialjuventud.es\\\/#website\",\"url\":\"https:\\\/\\\/www.editorialjuventud.es\\\/\",\"name\":\"Editorial Juventud\",\"description\":\"\",\"potentialAction\":[{\"@type\":\"SearchAction\",\"target\":{\"@type\":\"EntryPoint\",\"urlTemplate\":\"https:\\\/\\\/www.editorialjuventud.es\\\/?s={search_term_string}\"},\"query-input\":{\"@type\":\"PropertyValueSpecification\",\"valueRequired\":true,\"valueName\":\"search_term_string\"}}],\"inLanguage\":\"ca\"}]}<\/script>\n<!-- \/ Yoast SEO plugin. -->","yoast_head_json":{"title":"Beethoven - Editorial Juventud","description":"El arte prodigioso del bi\u00f3grafo recoge en todo su dramatismo la angustiosa vida del preclaro compositor: los azares de su existencia pobre, sus amores","robots":{"index":"index","follow":"follow","max-snippet":"max-snippet:-1","max-image-preview":"max-image-preview:large","max-video-preview":"max-video-preview:-1"},"canonical":"https:\/\/www.editorialjuventud.es\/beethoven-9788426118301\/","og_locale":"ca_ES","og_type":"article","og_title":"Beethoven - Editorial Juventud","og_description":"El arte prodigioso del bi\u00f3grafo recoge en todo su dramatismo la angustiosa vida del preclaro compositor: los azares de su existencia pobre, sus amores","og_url":"https:\/\/www.editorialjuventud.es\/beethoven-9788426118301\/","og_site_name":"Editorial Juventud","article_modified_time":"2025-08-01T09:58:32+00:00","og_image":[{"width":292,"height":450,"url":"https:\/\/www.editorialjuventud.es\/wp-content\/uploads\/1830.jpg","type":"image\/jpeg"}],"twitter_card":"summary_large_image","twitter_misc":{"Temps estimat de lectura":"1 minut"},"schema":{"@context":"https:\/\/schema.org","@graph":[{"@type":"WebPage","@id":"https:\/\/www.editorialjuventud.es\/beethoven-9788426118301\/","url":"https:\/\/www.editorialjuventud.es\/beethoven-9788426118301\/","name":"Beethoven - Editorial Juventud","isPartOf":{"@id":"https:\/\/www.editorialjuventud.es\/#website"},"primaryImageOfPage":{"@id":"https:\/\/www.editorialjuventud.es\/beethoven-9788426118301\/#primaryimage"},"image":{"@id":"https:\/\/www.editorialjuventud.es\/beethoven-9788426118301\/#primaryimage"},"thumbnailUrl":"https:\/\/www.editorialjuventud.es\/wp-content\/uploads\/1830.jpg","datePublished":"2018-08-24T08:16:37+00:00","dateModified":"2025-08-01T09:58:32+00:00","description":"El arte prodigioso del bi\u00f3grafo recoge en todo su dramatismo la angustiosa vida del preclaro compositor: los azares de su existencia pobre, sus amores","breadcrumb":{"@id":"https:\/\/www.editorialjuventud.es\/beethoven-9788426118301\/#breadcrumb"},"inLanguage":"ca","potentialAction":[{"@type":"ReadAction","target":["https:\/\/www.editorialjuventud.es\/beethoven-9788426118301\/"]}]},{"@type":"ImageObject","inLanguage":"ca","@id":"https:\/\/www.editorialjuventud.es\/beethoven-9788426118301\/#primaryimage","url":"https:\/\/www.editorialjuventud.es\/wp-content\/uploads\/1830.jpg","contentUrl":"https:\/\/www.editorialjuventud.es\/wp-content\/uploads\/1830.jpg","width":292,"height":450,"caption":"1830.jpg"},{"@type":"BreadcrumbList","@id":"https:\/\/www.editorialjuventud.es\/beethoven-9788426118301\/#breadcrumb","itemListElement":[{"@type":"ListItem","position":1,"name":"Portada","item":"https:\/\/www.editorialjuventud.es\/"},{"@type":"ListItem","position":2,"name":"cat\u00e1logo","item":"https:\/\/www.editorialjuventud.es\/coleccion\/catalogo\/"},{"@type":"ListItem","position":3,"name":"castellano","item":"https:\/\/www.editorialjuventud.es\/coleccion\/castellano\/"},{"@type":"ListItem","position":4,"name":"Libros de Bolsillo","item":"https:\/\/www.editorialjuventud.es\/coleccion\/libros-de-bolsillo\/"},{"@type":"ListItem","position":5,"name":"Colecci\u00f3n Z","item":"https:\/\/www.editorialjuventud.es\/coleccion\/coleccion-z\/"},{"@type":"ListItem","position":6,"name":"Biograf\u00eda","item":"https:\/\/www.editorialjuventud.es\/ca\/coleccion\/biografia\/"},{"@type":"ListItem","position":7,"name":"Beethoven"}]},{"@type":"WebSite","@id":"https:\/\/www.editorialjuventud.es\/#website","url":"https:\/\/www.editorialjuventud.es\/","name":"Editorial Juventud","description":"","potentialAction":[{"@type":"SearchAction","target":{"@type":"EntryPoint","urlTemplate":"https:\/\/www.editorialjuventud.es\/?s={search_term_string}"},"query-input":{"@type":"PropertyValueSpecification","valueRequired":true,"valueName":"search_term_string"}}],"inLanguage":"ca"}]}},"_links":{"self":[{"href":"https:\/\/www.editorialjuventud.es\/ca\/wp-json\/wp\/v2\/product\/5019","targetHints":{"allow":["GET"]}}],"collection":[{"href":"https:\/\/www.editorialjuventud.es\/ca\/wp-json\/wp\/v2\/product"}],"about":[{"href":"https:\/\/www.editorialjuventud.es\/ca\/wp-json\/wp\/v2\/types\/product"}],"wp:featuredmedia":[{"embeddable":true,"href":"https:\/\/www.editorialjuventud.es\/ca\/wp-json\/wp\/v2\/media\/6808"}],"wp:attachment":[{"href":"https:\/\/www.editorialjuventud.es\/ca\/wp-json\/wp\/v2\/media?parent=5019"}],"wp:term":[{"taxonomy":"product_brand","embeddable":true,"href":"https:\/\/www.editorialjuventud.es\/ca\/wp-json\/wp\/v2\/product_brand?post=5019"},{"taxonomy":"product_cat","embeddable":true,"href":"https:\/\/www.editorialjuventud.es\/ca\/wp-json\/wp\/v2\/product_cat?post=5019"},{"taxonomy":"product_tag","embeddable":true,"href":"https:\/\/www.editorialjuventud.es\/ca\/wp-json\/wp\/v2\/product_tag?post=5019"},{"taxonomy":"coleccion","embeddable":true,"href":"https:\/\/www.editorialjuventud.es\/ca\/wp-json\/wp\/v2\/coleccion?post=5019"}],"curies":[{"name":"wp","href":"https:\/\/api.w.org\/{rel}","templated":true}]}}