{"id":5015,"date":"2018-08-24T10:16:12","date_gmt":"2018-08-24T08:16:12","guid":{"rendered":"http:\/\/www.editorialjuventud.es\/amics\/"},"modified":"2025-01-22T13:49:34","modified_gmt":"2025-01-22T12:49:34","slug":"amics-9788426117601","status":"publish","type":"product","link":"https:\/\/www.editorialjuventud.es\/ca\/amics-9788426117601\/","title":{"rendered":"Amics"},"content":{"rendered":"<p>En aquest llibre de tapes gruixudes de cartr\u00f3, els m\u00e9s petits poden recon\u00e8ixer els animals amics que comencen a trobar en el seu m\u00f3n, quasi acabat de descobrir. <br \/>Primer veiem \u201cl\u2019amic\u201d sol, i despr\u00e9s el nen amb el seu amic.<\/p>\n","protected":false},"excerpt":{"rendered":"En aquest llibre de tapes gruixudes de cartr\u00f3, els m\u00e9s petits poden recon\u00e8ixer els animals amics que comencen a trobar en el seu m\u00f3n, quasi acabat de descobrir. Primer veiem \u201cl\u2019amic\u201d sol, i despr\u00e9s el nen amb el seu amic.","protected":false},"featured_media":6786,"template":"","meta":{"_acf_changed":false,"_exactmetrics_skip_tracking":false,"_exactmetrics_sitenote_active":false,"_exactmetrics_sitenote_note":"","_exactmetrics_sitenote_category":0},"product_brand":[],"product_cat":[913,1136,1138,907,1122,1128],"product_tag":[],"coleccion":[965,920],"class_list":{"0":"post-5015","1":"product","2":"type-product","3":"status-publish","4":"has-post-thumbnail","6":"product_cat-a-partir-de-12-meses","7":"product_cat-amistad","8":"product_cat-animales","9":"product_cat-de-0-a-2-anos","10":"product_cat-libros-de-carton","11":"product_cat-tematica","12":"coleccion-els-llibres-del-petito","13":"coleccion-els-meus-primers-llibres","15":"first","16":"instock","17":"taxable","18":"shipping-taxable","19":"purchasable","20":"product-type-simple"},"acf":{"autor":"Oxenbury, Helen","codart":"1760-0","ediciones":"0","encuadernacion":"Cart\u00f3n","fecha_de_publicacion":"18\/10\/1989","novedad":"0","paginas":"16","subtitulo":"","texto_web_adicional":"","texto_web_novedad":"","orden":"999","portada":"0","texto_web_resaltado":"","indice":"","autores-libros":[16533],"ilustradores-libros":[16533],"traductores-libros":"","descripcion_corta":"","recomendamos":"","mas_vendido":"","idioma-libro":"","color":false,"formato":"","mas_informacion_del_producto":false,"premios":false,"texto_enlace_cubierta":"","enlace_cubierta":false,"texto_enlace_ficha_tecnica":"","enlace_ficha_tecnica":false,"ficheros":false,"titulo-fr":"","texto-fr":"","fecha_de_reimpresion":"","deshabilitar_compra":["deshabilitar"]},"yoast_head":"<!-- This site is optimized with the Yoast SEO plugin v27.5 - https:\/\/yoast.com\/product\/yoast-seo-wordpress\/ -->\n<title>Amics - Editorial Juventud<\/title>\n<meta name=\"description\" content=\"En aquest llibre de tapes gruixudes de cartr\u00f3, els m\u00e9s petits poden recon\u00e8ixer els animals amics que comencen a trobar en el seu m\u00f3n, quasi acabat de\" \/>\n<meta name=\"robots\" content=\"index, follow, max-snippet:-1, max-image-preview:large, max-video-preview:-1\" \/>\n<link rel=\"canonical\" href=\"https:\/\/www.editorialjuventud.es\/amics-9788426117601\/\" \/>\n<meta property=\"og:locale\" content=\"ca_ES\" \/>\n<meta property=\"og:type\" content=\"article\" \/>\n<meta property=\"og:title\" content=\"Amics - Editorial Juventud\" \/>\n<meta property=\"og:description\" content=\"En aquest llibre de tapes gruixudes de cartr\u00f3, els m\u00e9s petits poden recon\u00e8ixer els animals amics que comencen a trobar en el seu m\u00f3n, quasi acabat de\" \/>\n<meta property=\"og:url\" content=\"https:\/\/www.editorialjuventud.es\/amics-9788426117601\/\" \/>\n<meta property=\"og:site_name\" content=\"Editorial Juventud\" \/>\n<meta property=\"article:modified_time\" content=\"2025-01-22T12:49:34+00:00\" \/>\n<meta property=\"og:image\" content=\"https:\/\/www.editorialjuventud.es\/wp-content\/uploads\/1760.jpg\" \/>\n\t<meta property=\"og:image:width\" content=\"249\" \/>\n\t<meta property=\"og:image:height\" content=\"250\" \/>\n\t<meta property=\"og:image:type\" content=\"image\/jpeg\" \/>\n<meta name=\"twitter:card\" content=\"summary_large_image\" \/>\n<script type=\"application\/ld+json\" class=\"yoast-schema-graph\">{\"@context\":\"https:\\\/\\\/schema.org\",\"@graph\":[{\"@type\":\"WebPage\",\"@id\":\"https:\\\/\\\/www.editorialjuventud.es\\\/amics-9788426117601\\\/\",\"url\":\"https:\\\/\\\/www.editorialjuventud.es\\\/amics-9788426117601\\\/\",\"name\":\"Amics - Editorial Juventud\",\"isPartOf\":{\"@id\":\"https:\\\/\\\/www.editorialjuventud.es\\\/#website\"},\"primaryImageOfPage\":{\"@id\":\"https:\\\/\\\/www.editorialjuventud.es\\\/amics-9788426117601\\\/#primaryimage\"},\"image\":{\"@id\":\"https:\\\/\\\/www.editorialjuventud.es\\\/amics-9788426117601\\\/#primaryimage\"},\"thumbnailUrl\":\"https:\\\/\\\/www.editorialjuventud.es\\\/wp-content\\\/uploads\\\/1760.jpg\",\"datePublished\":\"2018-08-24T08:16:12+00:00\",\"dateModified\":\"2025-01-22T12:49:34+00:00\",\"description\":\"En aquest llibre de tapes gruixudes de cartr\u00f3, els m\u00e9s petits poden recon\u00e8ixer els animals amics que comencen a trobar en el seu m\u00f3n, quasi acabat de\",\"breadcrumb\":{\"@id\":\"https:\\\/\\\/www.editorialjuventud.es\\\/amics-9788426117601\\\/#breadcrumb\"},\"inLanguage\":\"ca\",\"potentialAction\":[{\"@type\":\"ReadAction\",\"target\":[\"https:\\\/\\\/www.editorialjuventud.es\\\/amics-9788426117601\\\/\"]}]},{\"@type\":\"ImageObject\",\"inLanguage\":\"ca\",\"@id\":\"https:\\\/\\\/www.editorialjuventud.es\\\/amics-9788426117601\\\/#primaryimage\",\"url\":\"https:\\\/\\\/www.editorialjuventud.es\\\/wp-content\\\/uploads\\\/1760.jpg\",\"contentUrl\":\"https:\\\/\\\/www.editorialjuventud.es\\\/wp-content\\\/uploads\\\/1760.jpg\",\"width\":249,\"height\":250,\"caption\":\"1760.jpg\"},{\"@type\":\"BreadcrumbList\",\"@id\":\"https:\\\/\\\/www.editorialjuventud.es\\\/amics-9788426117601\\\/#breadcrumb\",\"itemListElement\":[{\"@type\":\"ListItem\",\"position\":1,\"name\":\"Portada\",\"item\":\"https:\\\/\\\/www.editorialjuventud.es\\\/\"},{\"@type\":\"ListItem\",\"position\":2,\"name\":\"cat\u00e1logo\",\"item\":\"https:\\\/\\\/www.editorialjuventud.es\\\/coleccion\\\/catalogo\\\/\"},{\"@type\":\"ListItem\",\"position\":3,\"name\":\"catal\u00e0\",\"item\":\"https:\\\/\\\/www.editorialjuventud.es\\\/coleccion\\\/catala\\\/\"},{\"@type\":\"ListItem\",\"position\":4,\"name\":\"Els Meus Primers Llibres\",\"item\":\"https:\\\/\\\/www.editorialjuventud.es\\\/ca\\\/coleccion\\\/els-meus-primers-llibres\\\/\"},{\"@type\":\"ListItem\",\"position\":5,\"name\":\"Els Llibres del Petit\u00f3\",\"item\":\"https:\\\/\\\/www.editorialjuventud.es\\\/coleccion\\\/els-llibres-del-petito\\\/\"},{\"@type\":\"ListItem\",\"position\":6,\"name\":\"Amics\"}]},{\"@type\":\"WebSite\",\"@id\":\"https:\\\/\\\/www.editorialjuventud.es\\\/#website\",\"url\":\"https:\\\/\\\/www.editorialjuventud.es\\\/\",\"name\":\"Editorial Juventud\",\"description\":\"\",\"potentialAction\":[{\"@type\":\"SearchAction\",\"target\":{\"@type\":\"EntryPoint\",\"urlTemplate\":\"https:\\\/\\\/www.editorialjuventud.es\\\/?s={search_term_string}\"},\"query-input\":{\"@type\":\"PropertyValueSpecification\",\"valueRequired\":true,\"valueName\":\"search_term_string\"}}],\"inLanguage\":\"ca\"}]}<\/script>\n<!-- \/ Yoast SEO plugin. -->","yoast_head_json":{"title":"Amics - Editorial Juventud","description":"En aquest llibre de tapes gruixudes de cartr\u00f3, els m\u00e9s petits poden recon\u00e8ixer els animals amics que comencen a trobar en el seu m\u00f3n, quasi acabat de","robots":{"index":"index","follow":"follow","max-snippet":"max-snippet:-1","max-image-preview":"max-image-preview:large","max-video-preview":"max-video-preview:-1"},"canonical":"https:\/\/www.editorialjuventud.es\/amics-9788426117601\/","og_locale":"ca_ES","og_type":"article","og_title":"Amics - Editorial Juventud","og_description":"En aquest llibre de tapes gruixudes de cartr\u00f3, els m\u00e9s petits poden recon\u00e8ixer els animals amics que comencen a trobar en el seu m\u00f3n, quasi acabat de","og_url":"https:\/\/www.editorialjuventud.es\/amics-9788426117601\/","og_site_name":"Editorial Juventud","article_modified_time":"2025-01-22T12:49:34+00:00","og_image":[{"width":249,"height":250,"url":"https:\/\/www.editorialjuventud.es\/wp-content\/uploads\/1760.jpg","type":"image\/jpeg"}],"twitter_card":"summary_large_image","schema":{"@context":"https:\/\/schema.org","@graph":[{"@type":"WebPage","@id":"https:\/\/www.editorialjuventud.es\/amics-9788426117601\/","url":"https:\/\/www.editorialjuventud.es\/amics-9788426117601\/","name":"Amics - Editorial Juventud","isPartOf":{"@id":"https:\/\/www.editorialjuventud.es\/#website"},"primaryImageOfPage":{"@id":"https:\/\/www.editorialjuventud.es\/amics-9788426117601\/#primaryimage"},"image":{"@id":"https:\/\/www.editorialjuventud.es\/amics-9788426117601\/#primaryimage"},"thumbnailUrl":"https:\/\/www.editorialjuventud.es\/wp-content\/uploads\/1760.jpg","datePublished":"2018-08-24T08:16:12+00:00","dateModified":"2025-01-22T12:49:34+00:00","description":"En aquest llibre de tapes gruixudes de cartr\u00f3, els m\u00e9s petits poden recon\u00e8ixer els animals amics que comencen a trobar en el seu m\u00f3n, quasi acabat de","breadcrumb":{"@id":"https:\/\/www.editorialjuventud.es\/amics-9788426117601\/#breadcrumb"},"inLanguage":"ca","potentialAction":[{"@type":"ReadAction","target":["https:\/\/www.editorialjuventud.es\/amics-9788426117601\/"]}]},{"@type":"ImageObject","inLanguage":"ca","@id":"https:\/\/www.editorialjuventud.es\/amics-9788426117601\/#primaryimage","url":"https:\/\/www.editorialjuventud.es\/wp-content\/uploads\/1760.jpg","contentUrl":"https:\/\/www.editorialjuventud.es\/wp-content\/uploads\/1760.jpg","width":249,"height":250,"caption":"1760.jpg"},{"@type":"BreadcrumbList","@id":"https:\/\/www.editorialjuventud.es\/amics-9788426117601\/#breadcrumb","itemListElement":[{"@type":"ListItem","position":1,"name":"Portada","item":"https:\/\/www.editorialjuventud.es\/"},{"@type":"ListItem","position":2,"name":"cat\u00e1logo","item":"https:\/\/www.editorialjuventud.es\/coleccion\/catalogo\/"},{"@type":"ListItem","position":3,"name":"catal\u00e0","item":"https:\/\/www.editorialjuventud.es\/coleccion\/catala\/"},{"@type":"ListItem","position":4,"name":"Els Meus Primers Llibres","item":"https:\/\/www.editorialjuventud.es\/ca\/coleccion\/els-meus-primers-llibres\/"},{"@type":"ListItem","position":5,"name":"Els Llibres del Petit\u00f3","item":"https:\/\/www.editorialjuventud.es\/coleccion\/els-llibres-del-petito\/"},{"@type":"ListItem","position":6,"name":"Amics"}]},{"@type":"WebSite","@id":"https:\/\/www.editorialjuventud.es\/#website","url":"https:\/\/www.editorialjuventud.es\/","name":"Editorial Juventud","description":"","potentialAction":[{"@type":"SearchAction","target":{"@type":"EntryPoint","urlTemplate":"https:\/\/www.editorialjuventud.es\/?s={search_term_string}"},"query-input":{"@type":"PropertyValueSpecification","valueRequired":true,"valueName":"search_term_string"}}],"inLanguage":"ca"}]}},"_links":{"self":[{"href":"https:\/\/www.editorialjuventud.es\/ca\/wp-json\/wp\/v2\/product\/5015","targetHints":{"allow":["GET"]}}],"collection":[{"href":"https:\/\/www.editorialjuventud.es\/ca\/wp-json\/wp\/v2\/product"}],"about":[{"href":"https:\/\/www.editorialjuventud.es\/ca\/wp-json\/wp\/v2\/types\/product"}],"wp:featuredmedia":[{"embeddable":true,"href":"https:\/\/www.editorialjuventud.es\/ca\/wp-json\/wp\/v2\/media\/6786"}],"wp:attachment":[{"href":"https:\/\/www.editorialjuventud.es\/ca\/wp-json\/wp\/v2\/media?parent=5015"}],"wp:term":[{"taxonomy":"product_brand","embeddable":true,"href":"https:\/\/www.editorialjuventud.es\/ca\/wp-json\/wp\/v2\/product_brand?post=5015"},{"taxonomy":"product_cat","embeddable":true,"href":"https:\/\/www.editorialjuventud.es\/ca\/wp-json\/wp\/v2\/product_cat?post=5015"},{"taxonomy":"product_tag","embeddable":true,"href":"https:\/\/www.editorialjuventud.es\/ca\/wp-json\/wp\/v2\/product_tag?post=5015"},{"taxonomy":"coleccion","embeddable":true,"href":"https:\/\/www.editorialjuventud.es\/ca\/wp-json\/wp\/v2\/coleccion?post=5015"}],"curies":[{"name":"wp","href":"https:\/\/api.w.org\/{rel}","templated":true}]}}