{"id":50087,"date":"2021-02-08T11:25:37","date_gmt":"2021-02-08T10:25:37","guid":{"rendered":"https:\/\/www.editorialjuventud.es\/un-dia-en-la-playa-9788426147097\/"},"modified":"2025-03-17T09:35:07","modified_gmt":"2025-03-17T08:35:07","slug":"un-dia-en-la-playa-9788426147097","status":"publish","type":"product","link":"https:\/\/www.editorialjuventud.es\/ca\/un-dia-en-la-playa-9788426147097\/","title":{"rendered":"Un d\u00eda en la playa"},"content":{"rendered":"<p>El despertador hace RIIING RIING. Los cereales haces CRUNCH CRUNCH. El coche hace BROM BROM. El elefante dice &#8216;\u00a1BUENOS D\u00cdAS!&#8217;. Pero \u00bfqu\u00e9 hace el peque\u00f1o Cocodrilo cuando su mam\u00e1 lo deja por primera vez en la guarder\u00eda?: BUAAA BUAAA, por supuesto&#8230;<\/p>\n<p>Un libro de cart\u00f3n con el que acompa\u00f1amos al Peque\u00f1o Cocodrilo en su d\u00eda de playa, con todos sus sonidos y emociones. El libro incorpora un c\u00f3digo QR con el que se puede acceder al audiolibro.<\/p>\n<p>Este es el segundo volumen de la colecci\u00f3n &#8216;\u00bfQu\u00e9 hace el Cocodrilo?&#8217; (el primero es Un d\u00eda lleno de sonidos), que quiere introducir a los m\u00e1s peque\u00f1os de una manera amena y divertida a diferentes escenarios de su vida cotidiana que a veces pueden resultar dif\u00edciles de encajar&#8230; Por eso, lo hace a trav\u00e9s de las onomatopeyas que, junto con unos dibujos tiernos y divertidos, dan al libro un ritmo que atrapa enseguida a los peque\u00f1os lectores.<br \/>\nAdem\u00e1s, esta vez hemos incorporado a trav\u00e9s de un c\u00f3digo QR la versi\u00f3n de audiolibro que puede acompa\u00f1ar la lectura de una manera m\u00e1s teatral. El libro est\u00e1 escrito en may\u00fasculas para que los m\u00e1s peque\u00f1os puedan reconocer m\u00e1s f\u00e1cilmente las palabras y para ayudar a emprender su camino hacia la lectura aut\u00f3noma.<\/p>\n<h3>\u00a1Escucha el audiolibro!<\/h3>\n<p>A continuaci\u00f3n pod\u00e9is reproducir la<em><strong>\u00a0narraci\u00f3n oral<\/strong><\/em>\u00a0de\u00a0<em><strong>Un d\u00eda en la playa<\/strong><\/em>\u00a0realizada por Natalia Espa\u00f1a y Jose Carlos Rodr\u00edguez:<\/p>\n<audio class=\"wp-audio-shortcode\" id=\"audio-50087-1\" preload=\"none\" style=\"width: 100%;\" controls=\"controls\"><source type=\"audio\/mpeg\" src=\"https:\/\/www.editorialjuventud.es\/wp-content\/uploads\/Un-dia-en-la-playa-interpretado-por-Natalia-Espana.mp3?_=1\" \/><\/audio>\n<p>&nbsp;<\/p>\n<p><strong>Y si buscas una actividad del Peque\u00f1o Cocodrilo, la encontrar\u00e1s\u00a0<a href=\"https:\/\/www.editorialjuventud.es\/que-oye-el-cocodrilo\/\">AQU\u00cd<\/a>.<\/strong><\/p>\n","protected":false},"excerpt":{"rendered":"El despertador hace RIIING RIING. Los cereales haces CRUNCH CRUNCH. El coche hace BROM BROM. El elefante dice &#8216;\u00a1BUENOS D\u00cdAS!&#8217;. Pero \u00bfqu\u00e9 hace el peque\u00f1o Cocodrilo cuando su mam\u00e1 lo deja por primera vez en la guarder\u00eda?: BUAAA BUAAA, por [&hellip;]","protected":false},"featured_media":54273,"template":"","meta":{"_acf_changed":false,"_exactmetrics_skip_tracking":false,"_exactmetrics_sitenote_active":false,"_exactmetrics_sitenote_note":"","_exactmetrics_sitenote_category":0},"product_brand":[],"product_cat":[898,1138,1281,1181,1122,1191,893,1229],"product_tag":[],"coleccion":[1313],"class_list":{"0":"post-50087","1":"product","2":"type-product","3":"status-publish","4":"has-post-thumbnail","6":"product_cat-a-partir-de-2-anos","7":"product_cat-animales","8":"product_cat-aprendizaje","9":"product_cat-habitos","10":"product_cat-libros-de-carton","11":"product_cat-madres","12":"product_cat-novedades","13":"product_cat-vacaciones-viajes","14":"coleccion-que-hace-el-cocodrilo","16":"first","17":"instock","18":"taxable","19":"shipping-taxable","20":"purchasable","21":"product-type-simple"},"acf":{"indice":"","autor":"Montanari, Eva","codart":"4709","ediciones":"2","encuadernacion":"Cart\u00f3n","fecha_de_publicacion":"01\/06\/2021","fecha_de_reimpresion":"","novedad":"0","paginas":"36","subtitulo":"","texto_web_adicional":"","autores-libros":[38012],"ilustradores-libros":[38012],"texto_web_novedad":"","orden":"999","portada":"0","texto_web_resaltado":"","traductores-libros":[17430],"descripcion_corta":"Un libro de cart\u00f3n con el que acompa\u00f1amos al Peque\u00f1o Cocodrilo en su d\u00eda de playa.","recomendamos":"","mas_vendido":"","idioma-libro":"","color":false,"formato":"","mas_informacion_del_producto":false,"premios":[{"premio":"Nominado Prix Bernard Versele","anyo_del_premio":"2022","pais_del_premio":"B\u00e9lgica"}],"deshabilitar_compra":[],"texto_enlace_cubierta":"","enlace_cubierta":{"ID":54542,"id":54542,"title":"Un dia en la playa_Cover_300px_CAST","filename":"Un-dia-en-la-playa_Cover_300px_CAST-1.png","filesize":3748803,"url":"https:\/\/www.editorialjuventud.es\/wp-content\/uploads\/Un-dia-en-la-playa_Cover_300px_CAST-1.png","link":"https:\/\/www.editorialjuventud.es\/ca\/?attachment_id=54542","alt":"","author":"50","description":"","caption":"","name":"un-dia-en-la-playa_cover_300px_cast-2","status":"inherit","uploaded_to":50087,"date":"2021-06-14 18:35:39","modified":"2021-06-14 18:35:39","menu_order":0,"mime_type":"image\/png","type":"image","subtype":"png","icon":"https:\/\/www.editorialjuventud.es\/wp-includes\/images\/media\/default.png","width":2775,"height":1829,"sizes":{"thumbnail":"https:\/\/www.editorialjuventud.es\/wp-content\/uploads\/Un-dia-en-la-playa_Cover_300px_CAST-1-200x200.png","thumbnail-width":200,"thumbnail-height":200,"medium":"https:\/\/www.editorialjuventud.es\/wp-content\/uploads\/Un-dia-en-la-playa_Cover_300px_CAST-1.png","medium-width":2775,"medium-height":1829,"medium_large":"https:\/\/www.editorialjuventud.es\/wp-content\/uploads\/Un-dia-en-la-playa_Cover_300px_CAST-1-768x506.png","medium_large-width":768,"medium_large-height":506,"large":"https:\/\/www.editorialjuventud.es\/wp-content\/uploads\/Un-dia-en-la-playa_Cover_300px_CAST-1.png","large-width":2775,"large-height":1829,"1536x1536":"https:\/\/www.editorialjuventud.es\/wp-content\/uploads\/Un-dia-en-la-playa_Cover_300px_CAST-1.png","1536x1536-width":1536,"1536x1536-height":1012,"2048x2048":"https:\/\/www.editorialjuventud.es\/wp-content\/uploads\/Un-dia-en-la-playa_Cover_300px_CAST-1.png","2048x2048-width":2048,"2048x2048-height":1350,"woocommerce_thumbnail":"https:\/\/www.editorialjuventud.es\/wp-content\/uploads\/Un-dia-en-la-playa_Cover_300px_CAST-1-350x231.png","woocommerce_thumbnail-width":350,"woocommerce_thumbnail-height":231,"woocommerce_single":"https:\/\/www.editorialjuventud.es\/wp-content\/uploads\/Un-dia-en-la-playa_Cover_300px_CAST-1-900x593.png","woocommerce_single-width":900,"woocommerce_single-height":593,"woocommerce_gallery_thumbnail":"https:\/\/www.editorialjuventud.es\/wp-content\/uploads\/Un-dia-en-la-playa_Cover_300px_CAST-1-100x100.png","woocommerce_gallery_thumbnail-width":100,"woocommerce_gallery_thumbnail-height":100,"ppec_logo_image_size":"https:\/\/www.editorialjuventud.es\/wp-content\/uploads\/Un-dia-en-la-playa_Cover_300px_CAST-1.png","ppec_logo_image_size-width":91,"ppec_logo_image_size-height":60,"ppec_header_image_size":"https:\/\/www.editorialjuventud.es\/wp-content\/uploads\/Un-dia-en-la-playa_Cover_300px_CAST-1.png","ppec_header_image_size-width":137,"ppec_header_image_size-height":90}},"texto_enlace_ficha_tecnica":"","enlace_ficha_tecnica":{"ID":54540,"id":54540,"title":"Un di\u0301a en la playa","filename":"Un-di\u0301a-en-la-playa.pdf","filesize":776704,"url":"https:\/\/www.editorialjuventud.es\/wp-content\/uploads\/Un-di\u0301a-en-la-playa.pdf","link":"https:\/\/www.editorialjuventud.es\/ca\/?attachment_id=54540","alt":"","author":"50","description":"","caption":"","name":"un-dia-en-la-playa","status":"inherit","uploaded_to":50087,"date":"2021-06-14 18:34:24","modified":"2021-06-14 18:34:24","menu_order":0,"mime_type":"application\/pdf","type":"application","subtype":"pdf","icon":"https:\/\/www.editorialjuventud.es\/wp-includes\/images\/media\/document.png"},"ficheros":false,"titulo-fr":"","texto-fr":""},"yoast_head":"<!-- This site is optimized with the Yoast SEO plugin v27.5 - https:\/\/yoast.com\/product\/yoast-seo-wordpress\/ -->\n<title>Un d\u00eda en la playa - Editorial Juventud<\/title>\n<meta name=\"description\" content=\"El despertador hace RIIING RIING. Los cereales haces CRUNCH CRUNCH. El coche hace BROM BROM. El elefante dice &#039;\u00a1BUENOS D\u00cdAS!&#039;. Pero \u00bfqu\u00e9 hace el peque\u00f1o\" \/>\n<meta name=\"robots\" content=\"index, follow, max-snippet:-1, max-image-preview:large, max-video-preview:-1\" \/>\n<link rel=\"canonical\" href=\"https:\/\/www.editorialjuventud.es\/un-dia-en-la-playa-9788426147097\/\" \/>\n<meta property=\"og:locale\" content=\"ca_ES\" \/>\n<meta property=\"og:type\" content=\"article\" \/>\n<meta property=\"og:title\" content=\"Un d\u00eda en la playa - Editorial Juventud\" \/>\n<meta property=\"og:description\" content=\"El despertador hace RIIING RIING. Los cereales haces CRUNCH CRUNCH. El coche hace BROM BROM. El elefante dice &#039;\u00a1BUENOS D\u00cdAS!&#039;. Pero \u00bfqu\u00e9 hace el peque\u00f1o\" \/>\n<meta property=\"og:url\" content=\"https:\/\/www.editorialjuventud.es\/un-dia-en-la-playa-9788426147097\/\" \/>\n<meta property=\"og:site_name\" content=\"Editorial Juventud\" \/>\n<meta property=\"article:modified_time\" content=\"2025-03-17T08:35:07+00:00\" \/>\n<meta property=\"og:image\" content=\"https:\/\/www.editorialjuventud.es\/wp-content\/uploads\/un-dia-en-la-playa_cover.jpg\" \/>\n\t<meta property=\"og:image:width\" content=\"1200\" \/>\n\t<meta property=\"og:image:height\" content=\"792\" \/>\n\t<meta property=\"og:image:type\" content=\"image\/jpeg\" \/>\n<meta name=\"twitter:card\" content=\"summary_large_image\" \/>\n<meta name=\"twitter:label1\" content=\"Temps estimat de lectura\" \/>\n\t<meta name=\"twitter:data1\" content=\"2 minuts\" \/>\n<script type=\"application\/ld+json\" class=\"yoast-schema-graph\">{\"@context\":\"https:\\\/\\\/schema.org\",\"@graph\":[{\"@type\":\"WebPage\",\"@id\":\"https:\\\/\\\/www.editorialjuventud.es\\\/un-dia-en-la-playa-9788426147097\\\/\",\"url\":\"https:\\\/\\\/www.editorialjuventud.es\\\/un-dia-en-la-playa-9788426147097\\\/\",\"name\":\"Un d\u00eda en la playa - Editorial Juventud\",\"isPartOf\":{\"@id\":\"https:\\\/\\\/www.editorialjuventud.es\\\/#website\"},\"primaryImageOfPage\":{\"@id\":\"https:\\\/\\\/www.editorialjuventud.es\\\/un-dia-en-la-playa-9788426147097\\\/#primaryimage\"},\"image\":{\"@id\":\"https:\\\/\\\/www.editorialjuventud.es\\\/un-dia-en-la-playa-9788426147097\\\/#primaryimage\"},\"thumbnailUrl\":\"https:\\\/\\\/www.editorialjuventud.es\\\/wp-content\\\/uploads\\\/un-dia-en-la-playa_cover.jpg\",\"datePublished\":\"2021-02-08T10:25:37+00:00\",\"dateModified\":\"2025-03-17T08:35:07+00:00\",\"description\":\"El despertador hace RIIING RIING. Los cereales haces CRUNCH CRUNCH. El coche hace BROM BROM. El elefante dice '\u00a1BUENOS D\u00cdAS!'. Pero \u00bfqu\u00e9 hace el peque\u00f1o\",\"breadcrumb\":{\"@id\":\"https:\\\/\\\/www.editorialjuventud.es\\\/un-dia-en-la-playa-9788426147097\\\/#breadcrumb\"},\"inLanguage\":\"ca\",\"potentialAction\":[{\"@type\":\"ReadAction\",\"target\":[\"https:\\\/\\\/www.editorialjuventud.es\\\/un-dia-en-la-playa-9788426147097\\\/\"]}]},{\"@type\":\"ImageObject\",\"inLanguage\":\"ca\",\"@id\":\"https:\\\/\\\/www.editorialjuventud.es\\\/un-dia-en-la-playa-9788426147097\\\/#primaryimage\",\"url\":\"https:\\\/\\\/www.editorialjuventud.es\\\/wp-content\\\/uploads\\\/un-dia-en-la-playa_cover.jpg\",\"contentUrl\":\"https:\\\/\\\/www.editorialjuventud.es\\\/wp-content\\\/uploads\\\/un-dia-en-la-playa_cover.jpg\",\"width\":1200,\"height\":792},{\"@type\":\"BreadcrumbList\",\"@id\":\"https:\\\/\\\/www.editorialjuventud.es\\\/un-dia-en-la-playa-9788426147097\\\/#breadcrumb\",\"itemListElement\":[{\"@type\":\"ListItem\",\"position\":1,\"name\":\"Portada\",\"item\":\"https:\\\/\\\/www.editorialjuventud.es\\\/\"},{\"@type\":\"ListItem\",\"position\":2,\"name\":\"cat\u00e1logo\",\"item\":\"https:\\\/\\\/www.editorialjuventud.es\\\/coleccion\\\/catalogo\\\/\"},{\"@type\":\"ListItem\",\"position\":3,\"name\":\"castellano\",\"item\":\"https:\\\/\\\/www.editorialjuventud.es\\\/coleccion\\\/castellano\\\/\"},{\"@type\":\"ListItem\",\"position\":4,\"name\":\"Mis Primeros Libros\",\"item\":\"https:\\\/\\\/www.editorialjuventud.es\\\/coleccion\\\/mis-primeros-libros\\\/\"},{\"@type\":\"ListItem\",\"position\":5,\"name\":\"\u00bfQu\u00e9 hace el cocodrilo?\",\"item\":\"https:\\\/\\\/www.editorialjuventud.es\\\/coleccion\\\/que-hace-el-cocodrilo\\\/\"},{\"@type\":\"ListItem\",\"position\":6,\"name\":\"Un d\u00eda en la playa\"}]},{\"@type\":\"WebSite\",\"@id\":\"https:\\\/\\\/www.editorialjuventud.es\\\/#website\",\"url\":\"https:\\\/\\\/www.editorialjuventud.es\\\/\",\"name\":\"Editorial Juventud\",\"description\":\"\",\"potentialAction\":[{\"@type\":\"SearchAction\",\"target\":{\"@type\":\"EntryPoint\",\"urlTemplate\":\"https:\\\/\\\/www.editorialjuventud.es\\\/?s={search_term_string}\"},\"query-input\":{\"@type\":\"PropertyValueSpecification\",\"valueRequired\":true,\"valueName\":\"search_term_string\"}}],\"inLanguage\":\"ca\"}]}<\/script>\n<!-- \/ Yoast SEO plugin. -->","yoast_head_json":{"title":"Un d\u00eda en la playa - Editorial Juventud","description":"El despertador hace RIIING RIING. Los cereales haces CRUNCH CRUNCH. El coche hace BROM BROM. El elefante dice '\u00a1BUENOS D\u00cdAS!'. Pero \u00bfqu\u00e9 hace el peque\u00f1o","robots":{"index":"index","follow":"follow","max-snippet":"max-snippet:-1","max-image-preview":"max-image-preview:large","max-video-preview":"max-video-preview:-1"},"canonical":"https:\/\/www.editorialjuventud.es\/un-dia-en-la-playa-9788426147097\/","og_locale":"ca_ES","og_type":"article","og_title":"Un d\u00eda en la playa - Editorial Juventud","og_description":"El despertador hace RIIING RIING. Los cereales haces CRUNCH CRUNCH. El coche hace BROM BROM. El elefante dice '\u00a1BUENOS D\u00cdAS!'. Pero \u00bfqu\u00e9 hace el peque\u00f1o","og_url":"https:\/\/www.editorialjuventud.es\/un-dia-en-la-playa-9788426147097\/","og_site_name":"Editorial Juventud","article_modified_time":"2025-03-17T08:35:07+00:00","og_image":[{"width":1200,"height":792,"url":"https:\/\/www.editorialjuventud.es\/wp-content\/uploads\/un-dia-en-la-playa_cover.jpg","type":"image\/jpeg"}],"twitter_card":"summary_large_image","twitter_misc":{"Temps estimat de lectura":"2 minuts"},"schema":{"@context":"https:\/\/schema.org","@graph":[{"@type":"WebPage","@id":"https:\/\/www.editorialjuventud.es\/un-dia-en-la-playa-9788426147097\/","url":"https:\/\/www.editorialjuventud.es\/un-dia-en-la-playa-9788426147097\/","name":"Un d\u00eda en la playa - Editorial Juventud","isPartOf":{"@id":"https:\/\/www.editorialjuventud.es\/#website"},"primaryImageOfPage":{"@id":"https:\/\/www.editorialjuventud.es\/un-dia-en-la-playa-9788426147097\/#primaryimage"},"image":{"@id":"https:\/\/www.editorialjuventud.es\/un-dia-en-la-playa-9788426147097\/#primaryimage"},"thumbnailUrl":"https:\/\/www.editorialjuventud.es\/wp-content\/uploads\/un-dia-en-la-playa_cover.jpg","datePublished":"2021-02-08T10:25:37+00:00","dateModified":"2025-03-17T08:35:07+00:00","description":"El despertador hace RIIING RIING. Los cereales haces CRUNCH CRUNCH. El coche hace BROM BROM. El elefante dice '\u00a1BUENOS D\u00cdAS!'. Pero \u00bfqu\u00e9 hace el peque\u00f1o","breadcrumb":{"@id":"https:\/\/www.editorialjuventud.es\/un-dia-en-la-playa-9788426147097\/#breadcrumb"},"inLanguage":"ca","potentialAction":[{"@type":"ReadAction","target":["https:\/\/www.editorialjuventud.es\/un-dia-en-la-playa-9788426147097\/"]}]},{"@type":"ImageObject","inLanguage":"ca","@id":"https:\/\/www.editorialjuventud.es\/un-dia-en-la-playa-9788426147097\/#primaryimage","url":"https:\/\/www.editorialjuventud.es\/wp-content\/uploads\/un-dia-en-la-playa_cover.jpg","contentUrl":"https:\/\/www.editorialjuventud.es\/wp-content\/uploads\/un-dia-en-la-playa_cover.jpg","width":1200,"height":792},{"@type":"BreadcrumbList","@id":"https:\/\/www.editorialjuventud.es\/un-dia-en-la-playa-9788426147097\/#breadcrumb","itemListElement":[{"@type":"ListItem","position":1,"name":"Portada","item":"https:\/\/www.editorialjuventud.es\/"},{"@type":"ListItem","position":2,"name":"cat\u00e1logo","item":"https:\/\/www.editorialjuventud.es\/coleccion\/catalogo\/"},{"@type":"ListItem","position":3,"name":"castellano","item":"https:\/\/www.editorialjuventud.es\/coleccion\/castellano\/"},{"@type":"ListItem","position":4,"name":"Mis Primeros Libros","item":"https:\/\/www.editorialjuventud.es\/coleccion\/mis-primeros-libros\/"},{"@type":"ListItem","position":5,"name":"\u00bfQu\u00e9 hace el cocodrilo?","item":"https:\/\/www.editorialjuventud.es\/coleccion\/que-hace-el-cocodrilo\/"},{"@type":"ListItem","position":6,"name":"Un d\u00eda en la playa"}]},{"@type":"WebSite","@id":"https:\/\/www.editorialjuventud.es\/#website","url":"https:\/\/www.editorialjuventud.es\/","name":"Editorial Juventud","description":"","potentialAction":[{"@type":"SearchAction","target":{"@type":"EntryPoint","urlTemplate":"https:\/\/www.editorialjuventud.es\/?s={search_term_string}"},"query-input":{"@type":"PropertyValueSpecification","valueRequired":true,"valueName":"search_term_string"}}],"inLanguage":"ca"}]}},"_links":{"self":[{"href":"https:\/\/www.editorialjuventud.es\/ca\/wp-json\/wp\/v2\/product\/50087","targetHints":{"allow":["GET"]}}],"collection":[{"href":"https:\/\/www.editorialjuventud.es\/ca\/wp-json\/wp\/v2\/product"}],"about":[{"href":"https:\/\/www.editorialjuventud.es\/ca\/wp-json\/wp\/v2\/types\/product"}],"wp:featuredmedia":[{"embeddable":true,"href":"https:\/\/www.editorialjuventud.es\/ca\/wp-json\/wp\/v2\/media\/54273"}],"wp:attachment":[{"href":"https:\/\/www.editorialjuventud.es\/ca\/wp-json\/wp\/v2\/media?parent=50087"}],"wp:term":[{"taxonomy":"product_brand","embeddable":true,"href":"https:\/\/www.editorialjuventud.es\/ca\/wp-json\/wp\/v2\/product_brand?post=50087"},{"taxonomy":"product_cat","embeddable":true,"href":"https:\/\/www.editorialjuventud.es\/ca\/wp-json\/wp\/v2\/product_cat?post=50087"},{"taxonomy":"product_tag","embeddable":true,"href":"https:\/\/www.editorialjuventud.es\/ca\/wp-json\/wp\/v2\/product_tag?post=50087"},{"taxonomy":"coleccion","embeddable":true,"href":"https:\/\/www.editorialjuventud.es\/ca\/wp-json\/wp\/v2\/coleccion?post=50087"}],"curies":[{"name":"wp","href":"https:\/\/api.w.org\/{rel}","templated":true}]}}