{"id":5007,"date":"2018-08-24T10:15:33","date_gmt":"2018-08-24T08:15:33","guid":{"rendered":"http:\/\/www.editorialjuventud.es\/aprendiendo\/"},"modified":"2025-01-22T13:50:07","modified_gmt":"2025-01-22T12:50:07","slug":"aprendiendo-9788426117335","status":"publish","type":"product","link":"https:\/\/www.editorialjuventud.es\/ca\/aprendiendo-9788426117335\/","title":{"rendered":"Aprendiendo"},"content":{"rendered":"<p>\u00bfQu\u00e9 cosas tiene que aprender un beb\u00e9? Sentarse en la sillita, comer, usar el orinal, aguantar el biber\u00f3n&#8230; Un libro de im\u00e1genes sin texto donde los peque\u00f1os reconocer\u00e1n todas estas situaciones de su vida cotidiana.<\/p>\n","protected":false},"excerpt":{"rendered":"\u00bfQu\u00e9 cosas tiene que aprender un beb\u00e9? Sentarse en la sillita, comer, usar el orinal, aguantar el biber\u00f3n&#8230; Un libro de im\u00e1genes sin texto donde los peque\u00f1os reconocer\u00e1n todas estas situaciones de su vida cotidiana.","protected":false},"featured_media":6702,"template":"","meta":{"_acf_changed":false,"_exactmetrics_skip_tracking":false,"_exactmetrics_sitenote_active":false,"_exactmetrics_sitenote_note":"","_exactmetrics_sitenote_category":0},"product_brand":[],"product_cat":[913,907,1181,1122],"product_tag":[],"coleccion":[916,1019,1296],"class_list":{"0":"post-5007","1":"product","2":"type-product","3":"status-publish","4":"has-post-thumbnail","6":"product_cat-a-partir-de-12-meses","7":"product_cat-de-0-a-2-anos","8":"product_cat-habitos","9":"product_cat-libros-de-carton","10":"coleccion-castellano","11":"coleccion-los-libros-del-chiquitin","12":"coleccion-mis-primeros-libros","14":"first","15":"instock","16":"taxable","17":"shipping-taxable","18":"purchasable","19":"product-type-simple"},"acf":{"autor":"Oxenbury, Helen ","codart":"1733-3","ediciones":"0","encuadernacion":"Cart\u00f3n","fecha_de_publicacion":"06\/07\/1990","novedad":"0","paginas":"16","subtitulo":"","texto_web_adicional":"","texto_web_novedad":"","orden":"999","portada":"0","texto_web_resaltado":"","autores-libros":[16533],"ilustradores-libros":[16533]},"yoast_head":"<!-- This site is optimized with the Yoast SEO plugin v27.5 - https:\/\/yoast.com\/product\/yoast-seo-wordpress\/ -->\n<title>Aprendiendo - Editorial Juventud<\/title>\n<meta name=\"description\" content=\"\u00bfQu\u00e9 cosas tiene que aprender un beb\u00e9? Sentarse en la sillita, comer, usar el orinal, aguantar el biber\u00f3n... Un libro de im\u00e1genes sin texto donde los\" \/>\n<meta name=\"robots\" content=\"index, follow, max-snippet:-1, max-image-preview:large, max-video-preview:-1\" \/>\n<link rel=\"canonical\" href=\"https:\/\/www.editorialjuventud.es\/aprendiendo-9788426117335\/\" \/>\n<meta property=\"og:locale\" content=\"ca_ES\" \/>\n<meta property=\"og:type\" content=\"article\" \/>\n<meta property=\"og:title\" content=\"Aprendiendo - Editorial Juventud\" \/>\n<meta property=\"og:description\" content=\"\u00bfQu\u00e9 cosas tiene que aprender un beb\u00e9? Sentarse en la sillita, comer, usar el orinal, aguantar el biber\u00f3n... Un libro de im\u00e1genes sin texto donde los\" \/>\n<meta property=\"og:url\" content=\"https:\/\/www.editorialjuventud.es\/aprendiendo-9788426117335\/\" \/>\n<meta property=\"og:site_name\" content=\"Editorial Juventud\" \/>\n<meta property=\"article:modified_time\" content=\"2025-01-22T12:50:07+00:00\" \/>\n<meta property=\"og:image\" content=\"https:\/\/www.editorialjuventud.es\/wp-content\/uploads\/1733.jpg\" \/>\n\t<meta property=\"og:image:width\" content=\"236\" \/>\n\t<meta property=\"og:image:height\" content=\"250\" \/>\n\t<meta property=\"og:image:type\" content=\"image\/jpeg\" \/>\n<meta name=\"twitter:card\" content=\"summary_large_image\" \/>\n<script type=\"application\/ld+json\" class=\"yoast-schema-graph\">{\"@context\":\"https:\\\/\\\/schema.org\",\"@graph\":[{\"@type\":\"WebPage\",\"@id\":\"https:\\\/\\\/www.editorialjuventud.es\\\/aprendiendo-9788426117335\\\/\",\"url\":\"https:\\\/\\\/www.editorialjuventud.es\\\/aprendiendo-9788426117335\\\/\",\"name\":\"Aprendiendo - Editorial Juventud\",\"isPartOf\":{\"@id\":\"https:\\\/\\\/www.editorialjuventud.es\\\/#website\"},\"primaryImageOfPage\":{\"@id\":\"https:\\\/\\\/www.editorialjuventud.es\\\/aprendiendo-9788426117335\\\/#primaryimage\"},\"image\":{\"@id\":\"https:\\\/\\\/www.editorialjuventud.es\\\/aprendiendo-9788426117335\\\/#primaryimage\"},\"thumbnailUrl\":\"https:\\\/\\\/www.editorialjuventud.es\\\/wp-content\\\/uploads\\\/1733.jpg\",\"datePublished\":\"2018-08-24T08:15:33+00:00\",\"dateModified\":\"2025-01-22T12:50:07+00:00\",\"description\":\"\u00bfQu\u00e9 cosas tiene que aprender un beb\u00e9? Sentarse en la sillita, comer, usar el orinal, aguantar el biber\u00f3n... Un libro de im\u00e1genes sin texto donde los\",\"breadcrumb\":{\"@id\":\"https:\\\/\\\/www.editorialjuventud.es\\\/aprendiendo-9788426117335\\\/#breadcrumb\"},\"inLanguage\":\"ca\",\"potentialAction\":[{\"@type\":\"ReadAction\",\"target\":[\"https:\\\/\\\/www.editorialjuventud.es\\\/aprendiendo-9788426117335\\\/\"]}]},{\"@type\":\"ImageObject\",\"inLanguage\":\"ca\",\"@id\":\"https:\\\/\\\/www.editorialjuventud.es\\\/aprendiendo-9788426117335\\\/#primaryimage\",\"url\":\"https:\\\/\\\/www.editorialjuventud.es\\\/wp-content\\\/uploads\\\/1733.jpg\",\"contentUrl\":\"https:\\\/\\\/www.editorialjuventud.es\\\/wp-content\\\/uploads\\\/1733.jpg\",\"width\":236,\"height\":250,\"caption\":\"1733.jpg\"},{\"@type\":\"BreadcrumbList\",\"@id\":\"https:\\\/\\\/www.editorialjuventud.es\\\/aprendiendo-9788426117335\\\/#breadcrumb\",\"itemListElement\":[{\"@type\":\"ListItem\",\"position\":1,\"name\":\"Portada\",\"item\":\"https:\\\/\\\/www.editorialjuventud.es\\\/\"},{\"@type\":\"ListItem\",\"position\":2,\"name\":\"cat\u00e1logo\",\"item\":\"https:\\\/\\\/www.editorialjuventud.es\\\/coleccion\\\/catalogo\\\/\"},{\"@type\":\"ListItem\",\"position\":3,\"name\":\"castellano\",\"item\":\"https:\\\/\\\/www.editorialjuventud.es\\\/coleccion\\\/castellano\\\/\"},{\"@type\":\"ListItem\",\"position\":4,\"name\":\"Mis Primeros Libros\",\"item\":\"https:\\\/\\\/www.editorialjuventud.es\\\/coleccion\\\/mis-primeros-libros\\\/\"},{\"@type\":\"ListItem\",\"position\":5,\"name\":\"Los Libros del Chiquit\u00edn\",\"item\":\"https:\\\/\\\/www.editorialjuventud.es\\\/coleccion\\\/los-libros-del-chiquitin\\\/\"},{\"@type\":\"ListItem\",\"position\":6,\"name\":\"Aprendiendo\"}]},{\"@type\":\"WebSite\",\"@id\":\"https:\\\/\\\/www.editorialjuventud.es\\\/#website\",\"url\":\"https:\\\/\\\/www.editorialjuventud.es\\\/\",\"name\":\"Editorial Juventud\",\"description\":\"\",\"potentialAction\":[{\"@type\":\"SearchAction\",\"target\":{\"@type\":\"EntryPoint\",\"urlTemplate\":\"https:\\\/\\\/www.editorialjuventud.es\\\/?s={search_term_string}\"},\"query-input\":{\"@type\":\"PropertyValueSpecification\",\"valueRequired\":true,\"valueName\":\"search_term_string\"}}],\"inLanguage\":\"ca\"}]}<\/script>\n<!-- \/ Yoast SEO plugin. -->","yoast_head_json":{"title":"Aprendiendo - Editorial Juventud","description":"\u00bfQu\u00e9 cosas tiene que aprender un beb\u00e9? Sentarse en la sillita, comer, usar el orinal, aguantar el biber\u00f3n... Un libro de im\u00e1genes sin texto donde los","robots":{"index":"index","follow":"follow","max-snippet":"max-snippet:-1","max-image-preview":"max-image-preview:large","max-video-preview":"max-video-preview:-1"},"canonical":"https:\/\/www.editorialjuventud.es\/aprendiendo-9788426117335\/","og_locale":"ca_ES","og_type":"article","og_title":"Aprendiendo - Editorial Juventud","og_description":"\u00bfQu\u00e9 cosas tiene que aprender un beb\u00e9? Sentarse en la sillita, comer, usar el orinal, aguantar el biber\u00f3n... Un libro de im\u00e1genes sin texto donde los","og_url":"https:\/\/www.editorialjuventud.es\/aprendiendo-9788426117335\/","og_site_name":"Editorial Juventud","article_modified_time":"2025-01-22T12:50:07+00:00","og_image":[{"width":236,"height":250,"url":"https:\/\/www.editorialjuventud.es\/wp-content\/uploads\/1733.jpg","type":"image\/jpeg"}],"twitter_card":"summary_large_image","schema":{"@context":"https:\/\/schema.org","@graph":[{"@type":"WebPage","@id":"https:\/\/www.editorialjuventud.es\/aprendiendo-9788426117335\/","url":"https:\/\/www.editorialjuventud.es\/aprendiendo-9788426117335\/","name":"Aprendiendo - Editorial Juventud","isPartOf":{"@id":"https:\/\/www.editorialjuventud.es\/#website"},"primaryImageOfPage":{"@id":"https:\/\/www.editorialjuventud.es\/aprendiendo-9788426117335\/#primaryimage"},"image":{"@id":"https:\/\/www.editorialjuventud.es\/aprendiendo-9788426117335\/#primaryimage"},"thumbnailUrl":"https:\/\/www.editorialjuventud.es\/wp-content\/uploads\/1733.jpg","datePublished":"2018-08-24T08:15:33+00:00","dateModified":"2025-01-22T12:50:07+00:00","description":"\u00bfQu\u00e9 cosas tiene que aprender un beb\u00e9? Sentarse en la sillita, comer, usar el orinal, aguantar el biber\u00f3n... Un libro de im\u00e1genes sin texto donde los","breadcrumb":{"@id":"https:\/\/www.editorialjuventud.es\/aprendiendo-9788426117335\/#breadcrumb"},"inLanguage":"ca","potentialAction":[{"@type":"ReadAction","target":["https:\/\/www.editorialjuventud.es\/aprendiendo-9788426117335\/"]}]},{"@type":"ImageObject","inLanguage":"ca","@id":"https:\/\/www.editorialjuventud.es\/aprendiendo-9788426117335\/#primaryimage","url":"https:\/\/www.editorialjuventud.es\/wp-content\/uploads\/1733.jpg","contentUrl":"https:\/\/www.editorialjuventud.es\/wp-content\/uploads\/1733.jpg","width":236,"height":250,"caption":"1733.jpg"},{"@type":"BreadcrumbList","@id":"https:\/\/www.editorialjuventud.es\/aprendiendo-9788426117335\/#breadcrumb","itemListElement":[{"@type":"ListItem","position":1,"name":"Portada","item":"https:\/\/www.editorialjuventud.es\/"},{"@type":"ListItem","position":2,"name":"cat\u00e1logo","item":"https:\/\/www.editorialjuventud.es\/coleccion\/catalogo\/"},{"@type":"ListItem","position":3,"name":"castellano","item":"https:\/\/www.editorialjuventud.es\/coleccion\/castellano\/"},{"@type":"ListItem","position":4,"name":"Mis Primeros Libros","item":"https:\/\/www.editorialjuventud.es\/coleccion\/mis-primeros-libros\/"},{"@type":"ListItem","position":5,"name":"Los Libros del Chiquit\u00edn","item":"https:\/\/www.editorialjuventud.es\/coleccion\/los-libros-del-chiquitin\/"},{"@type":"ListItem","position":6,"name":"Aprendiendo"}]},{"@type":"WebSite","@id":"https:\/\/www.editorialjuventud.es\/#website","url":"https:\/\/www.editorialjuventud.es\/","name":"Editorial Juventud","description":"","potentialAction":[{"@type":"SearchAction","target":{"@type":"EntryPoint","urlTemplate":"https:\/\/www.editorialjuventud.es\/?s={search_term_string}"},"query-input":{"@type":"PropertyValueSpecification","valueRequired":true,"valueName":"search_term_string"}}],"inLanguage":"ca"}]}},"_links":{"self":[{"href":"https:\/\/www.editorialjuventud.es\/ca\/wp-json\/wp\/v2\/product\/5007","targetHints":{"allow":["GET"]}}],"collection":[{"href":"https:\/\/www.editorialjuventud.es\/ca\/wp-json\/wp\/v2\/product"}],"about":[{"href":"https:\/\/www.editorialjuventud.es\/ca\/wp-json\/wp\/v2\/types\/product"}],"wp:featuredmedia":[{"embeddable":true,"href":"https:\/\/www.editorialjuventud.es\/ca\/wp-json\/wp\/v2\/media\/6702"}],"wp:attachment":[{"href":"https:\/\/www.editorialjuventud.es\/ca\/wp-json\/wp\/v2\/media?parent=5007"}],"wp:term":[{"taxonomy":"product_brand","embeddable":true,"href":"https:\/\/www.editorialjuventud.es\/ca\/wp-json\/wp\/v2\/product_brand?post=5007"},{"taxonomy":"product_cat","embeddable":true,"href":"https:\/\/www.editorialjuventud.es\/ca\/wp-json\/wp\/v2\/product_cat?post=5007"},{"taxonomy":"product_tag","embeddable":true,"href":"https:\/\/www.editorialjuventud.es\/ca\/wp-json\/wp\/v2\/product_tag?post=5007"},{"taxonomy":"coleccion","embeddable":true,"href":"https:\/\/www.editorialjuventud.es\/ca\/wp-json\/wp\/v2\/coleccion?post=5007"}],"curies":[{"name":"wp","href":"https:\/\/api.w.org\/{rel}","templated":true}]}}