{"id":5002,"date":"2018-08-24T10:15:13","date_gmt":"2018-08-24T08:15:13","guid":{"rendered":"http:\/\/www.editorialjuventud.es\/el-quijote-de-avellaneda\/"},"modified":"2019-10-09T20:42:50","modified_gmt":"2019-10-09T18:42:50","slug":"el-quijote-de-avellaneda-9788426116970","status":"publish","type":"product","link":"https:\/\/www.editorialjuventud.es\/ca\/el-quijote-de-avellaneda-9788426116970\/","title":{"rendered":"El Quijote de Avellaneda"},"content":{"rendered":"<p>En 1614, un a\u00f1o antes de publicarse la segunda parte del Quijote de Cervantes, aparece el libro titulado \u0093Segundo tomo del Ingenioso Hidalgo don Quijote de la Mancha&#8221;, compuesto por el licenciado Alonso Fern\u00e1ndez de Avellaneda, natural de la villa de Tordesillas\u0094. Se narran en \u00e9l nuevas y fant\u00e1sticas aventuras de don Quijote y Sancho, vi\u00e9ndose aqu\u00e9l recluido en la casa de locos de Toledo. Avellaneda, con evidente traza, remeda el estilo y la t\u00e9cnica de Cervantes, pero ello no rebaja su originalidad.<br \/>\nLa personalidad del autor que se esconde bajo el seud\u00f3nimo de Avellaneda constituye uno de los mayores enigmas de la literatura espa\u00f1ola, existiendo numerosas teor\u00edas al respecto, sin que ninguna haya podido prevalecer.<br \/>\nEdici\u00f3n de Agust\u00edn del Saz.<\/p>\n","protected":false},"excerpt":{"rendered":"En 1614, un a\u00f1o antes de publicarse la segunda parte del Quijote de Cervantes, aparece el libro titulado \u0093Segundo tomo del Ingenioso Hidalgo don Quijote de la Mancha&#8221;, compuesto por el licenciado Alonso Fern\u00e1ndez de Avellaneda, natural de la villa [&hellip;]","protected":false},"featured_media":6676,"template":"","meta":{"_acf_changed":false,"_exactmetrics_skip_tracking":false,"_exactmetrics_sitenote_active":false,"_exactmetrics_sitenote_note":"","_exactmetrics_sitenote_category":0},"product_brand":[],"product_cat":[905,892,1115,1118],"product_tag":[],"coleccion":[916,1083,1007,938],"class_list":{"0":"post-5002","1":"product","2":"type-product","3":"status-publish","4":"has-post-thumbnail","6":"product_cat-adulto","7":"product_cat-edades","8":"product_cat-generos","9":"product_cat-literatura-clasica","10":"coleccion-castellano","11":"coleccion-clasicos","12":"coleccion-coleccion-z","13":"coleccion-libros-de-bolsillo","15":"first","16":"instock","17":"taxable","18":"shipping-taxable","19":"purchasable","20":"product-type-simple"},"acf":{"autores-libros":[16201]},"yoast_head":"<!-- This site is optimized with the Yoast SEO plugin v27.5 - https:\/\/yoast.com\/product\/yoast-seo-wordpress\/ -->\n<title>El Quijote de Avellaneda - Editorial Juventud<\/title>\n<meta name=\"description\" content=\"En 1614, un a\u00f1o antes de publicarse la segunda parte del Quijote de Cervantes, aparece el libro titulado \u0093Segundo tomo del Ingenioso Hidalgo don Quijote\" \/>\n<meta name=\"robots\" content=\"index, follow, max-snippet:-1, max-image-preview:large, max-video-preview:-1\" \/>\n<link rel=\"canonical\" href=\"https:\/\/www.editorialjuventud.es\/el-quijote-de-avellaneda-9788426116970\/\" \/>\n<meta property=\"og:locale\" content=\"ca_ES\" \/>\n<meta property=\"og:type\" content=\"article\" \/>\n<meta property=\"og:title\" content=\"El Quijote de Avellaneda - Editorial Juventud\" \/>\n<meta property=\"og:description\" content=\"En 1614, un a\u00f1o antes de publicarse la segunda parte del Quijote de Cervantes, aparece el libro titulado \u0093Segundo tomo del Ingenioso Hidalgo don Quijote\" \/>\n<meta property=\"og:url\" content=\"https:\/\/www.editorialjuventud.es\/el-quijote-de-avellaneda-9788426116970\/\" \/>\n<meta property=\"og:site_name\" content=\"Editorial Juventud\" \/>\n<meta property=\"article:modified_time\" content=\"2019-10-09T18:42:50+00:00\" \/>\n<meta property=\"og:image\" content=\"https:\/\/www.editorialjuventud.es\/wp-content\/uploads\/1697.jpg\" \/>\n\t<meta property=\"og:image:width\" content=\"287\" \/>\n\t<meta property=\"og:image:height\" content=\"450\" \/>\n\t<meta property=\"og:image:type\" content=\"image\/jpeg\" \/>\n<meta name=\"twitter:card\" content=\"summary_large_image\" \/>\n<meta name=\"twitter:label1\" content=\"Temps estimat de lectura\" \/>\n\t<meta name=\"twitter:data1\" content=\"1 minut\" \/>\n<script type=\"application\/ld+json\" class=\"yoast-schema-graph\">{\"@context\":\"https:\\\/\\\/schema.org\",\"@graph\":[{\"@type\":\"WebPage\",\"@id\":\"https:\\\/\\\/www.editorialjuventud.es\\\/el-quijote-de-avellaneda-9788426116970\\\/\",\"url\":\"https:\\\/\\\/www.editorialjuventud.es\\\/el-quijote-de-avellaneda-9788426116970\\\/\",\"name\":\"El Quijote de Avellaneda - Editorial Juventud\",\"isPartOf\":{\"@id\":\"https:\\\/\\\/www.editorialjuventud.es\\\/#website\"},\"primaryImageOfPage\":{\"@id\":\"https:\\\/\\\/www.editorialjuventud.es\\\/el-quijote-de-avellaneda-9788426116970\\\/#primaryimage\"},\"image\":{\"@id\":\"https:\\\/\\\/www.editorialjuventud.es\\\/el-quijote-de-avellaneda-9788426116970\\\/#primaryimage\"},\"thumbnailUrl\":\"https:\\\/\\\/www.editorialjuventud.es\\\/wp-content\\\/uploads\\\/1697.jpg\",\"datePublished\":\"2018-08-24T08:15:13+00:00\",\"dateModified\":\"2019-10-09T18:42:50+00:00\",\"description\":\"En 1614, un a\u00f1o antes de publicarse la segunda parte del Quijote de Cervantes, aparece el libro titulado \u0093Segundo tomo del Ingenioso Hidalgo don Quijote\",\"breadcrumb\":{\"@id\":\"https:\\\/\\\/www.editorialjuventud.es\\\/el-quijote-de-avellaneda-9788426116970\\\/#breadcrumb\"},\"inLanguage\":\"ca\",\"potentialAction\":[{\"@type\":\"ReadAction\",\"target\":[\"https:\\\/\\\/www.editorialjuventud.es\\\/el-quijote-de-avellaneda-9788426116970\\\/\"]}]},{\"@type\":\"ImageObject\",\"inLanguage\":\"ca\",\"@id\":\"https:\\\/\\\/www.editorialjuventud.es\\\/el-quijote-de-avellaneda-9788426116970\\\/#primaryimage\",\"url\":\"https:\\\/\\\/www.editorialjuventud.es\\\/wp-content\\\/uploads\\\/1697.jpg\",\"contentUrl\":\"https:\\\/\\\/www.editorialjuventud.es\\\/wp-content\\\/uploads\\\/1697.jpg\",\"width\":287,\"height\":450,\"caption\":\"1697.jpg\"},{\"@type\":\"BreadcrumbList\",\"@id\":\"https:\\\/\\\/www.editorialjuventud.es\\\/el-quijote-de-avellaneda-9788426116970\\\/#breadcrumb\",\"itemListElement\":[{\"@type\":\"ListItem\",\"position\":1,\"name\":\"Portada\",\"item\":\"https:\\\/\\\/www.editorialjuventud.es\\\/\"},{\"@type\":\"ListItem\",\"position\":2,\"name\":\"cat\u00e1logo\",\"item\":\"https:\\\/\\\/www.editorialjuventud.es\\\/coleccion\\\/catalogo\\\/\"},{\"@type\":\"ListItem\",\"position\":3,\"name\":\"castellano\",\"item\":\"https:\\\/\\\/www.editorialjuventud.es\\\/coleccion\\\/castellano\\\/\"},{\"@type\":\"ListItem\",\"position\":4,\"name\":\"Libros de Bolsillo\",\"item\":\"https:\\\/\\\/www.editorialjuventud.es\\\/coleccion\\\/libros-de-bolsillo\\\/\"},{\"@type\":\"ListItem\",\"position\":5,\"name\":\"Colecci\u00f3n Z\",\"item\":\"https:\\\/\\\/www.editorialjuventud.es\\\/coleccion\\\/coleccion-z\\\/\"},{\"@type\":\"ListItem\",\"position\":6,\"name\":\"Cl\u00e1sicos\",\"item\":\"https:\\\/\\\/www.editorialjuventud.es\\\/ca\\\/coleccion\\\/clasicos\\\/\"},{\"@type\":\"ListItem\",\"position\":7,\"name\":\"El Quijote de Avellaneda\"}]},{\"@type\":\"WebSite\",\"@id\":\"https:\\\/\\\/www.editorialjuventud.es\\\/#website\",\"url\":\"https:\\\/\\\/www.editorialjuventud.es\\\/\",\"name\":\"Editorial Juventud\",\"description\":\"\",\"potentialAction\":[{\"@type\":\"SearchAction\",\"target\":{\"@type\":\"EntryPoint\",\"urlTemplate\":\"https:\\\/\\\/www.editorialjuventud.es\\\/?s={search_term_string}\"},\"query-input\":{\"@type\":\"PropertyValueSpecification\",\"valueRequired\":true,\"valueName\":\"search_term_string\"}}],\"inLanguage\":\"ca\"}]}<\/script>\n<!-- \/ Yoast SEO plugin. -->","yoast_head_json":{"title":"El Quijote de Avellaneda - Editorial Juventud","description":"En 1614, un a\u00f1o antes de publicarse la segunda parte del Quijote de Cervantes, aparece el libro titulado \u0093Segundo tomo del Ingenioso Hidalgo don Quijote","robots":{"index":"index","follow":"follow","max-snippet":"max-snippet:-1","max-image-preview":"max-image-preview:large","max-video-preview":"max-video-preview:-1"},"canonical":"https:\/\/www.editorialjuventud.es\/el-quijote-de-avellaneda-9788426116970\/","og_locale":"ca_ES","og_type":"article","og_title":"El Quijote de Avellaneda - Editorial Juventud","og_description":"En 1614, un a\u00f1o antes de publicarse la segunda parte del Quijote de Cervantes, aparece el libro titulado \u0093Segundo tomo del Ingenioso Hidalgo don Quijote","og_url":"https:\/\/www.editorialjuventud.es\/el-quijote-de-avellaneda-9788426116970\/","og_site_name":"Editorial Juventud","article_modified_time":"2019-10-09T18:42:50+00:00","og_image":[{"width":287,"height":450,"url":"https:\/\/www.editorialjuventud.es\/wp-content\/uploads\/1697.jpg","type":"image\/jpeg"}],"twitter_card":"summary_large_image","twitter_misc":{"Temps estimat de lectura":"1 minut"},"schema":{"@context":"https:\/\/schema.org","@graph":[{"@type":"WebPage","@id":"https:\/\/www.editorialjuventud.es\/el-quijote-de-avellaneda-9788426116970\/","url":"https:\/\/www.editorialjuventud.es\/el-quijote-de-avellaneda-9788426116970\/","name":"El Quijote de Avellaneda - Editorial Juventud","isPartOf":{"@id":"https:\/\/www.editorialjuventud.es\/#website"},"primaryImageOfPage":{"@id":"https:\/\/www.editorialjuventud.es\/el-quijote-de-avellaneda-9788426116970\/#primaryimage"},"image":{"@id":"https:\/\/www.editorialjuventud.es\/el-quijote-de-avellaneda-9788426116970\/#primaryimage"},"thumbnailUrl":"https:\/\/www.editorialjuventud.es\/wp-content\/uploads\/1697.jpg","datePublished":"2018-08-24T08:15:13+00:00","dateModified":"2019-10-09T18:42:50+00:00","description":"En 1614, un a\u00f1o antes de publicarse la segunda parte del Quijote de Cervantes, aparece el libro titulado \u0093Segundo tomo del Ingenioso Hidalgo don Quijote","breadcrumb":{"@id":"https:\/\/www.editorialjuventud.es\/el-quijote-de-avellaneda-9788426116970\/#breadcrumb"},"inLanguage":"ca","potentialAction":[{"@type":"ReadAction","target":["https:\/\/www.editorialjuventud.es\/el-quijote-de-avellaneda-9788426116970\/"]}]},{"@type":"ImageObject","inLanguage":"ca","@id":"https:\/\/www.editorialjuventud.es\/el-quijote-de-avellaneda-9788426116970\/#primaryimage","url":"https:\/\/www.editorialjuventud.es\/wp-content\/uploads\/1697.jpg","contentUrl":"https:\/\/www.editorialjuventud.es\/wp-content\/uploads\/1697.jpg","width":287,"height":450,"caption":"1697.jpg"},{"@type":"BreadcrumbList","@id":"https:\/\/www.editorialjuventud.es\/el-quijote-de-avellaneda-9788426116970\/#breadcrumb","itemListElement":[{"@type":"ListItem","position":1,"name":"Portada","item":"https:\/\/www.editorialjuventud.es\/"},{"@type":"ListItem","position":2,"name":"cat\u00e1logo","item":"https:\/\/www.editorialjuventud.es\/coleccion\/catalogo\/"},{"@type":"ListItem","position":3,"name":"castellano","item":"https:\/\/www.editorialjuventud.es\/coleccion\/castellano\/"},{"@type":"ListItem","position":4,"name":"Libros de Bolsillo","item":"https:\/\/www.editorialjuventud.es\/coleccion\/libros-de-bolsillo\/"},{"@type":"ListItem","position":5,"name":"Colecci\u00f3n Z","item":"https:\/\/www.editorialjuventud.es\/coleccion\/coleccion-z\/"},{"@type":"ListItem","position":6,"name":"Cl\u00e1sicos","item":"https:\/\/www.editorialjuventud.es\/ca\/coleccion\/clasicos\/"},{"@type":"ListItem","position":7,"name":"El Quijote de Avellaneda"}]},{"@type":"WebSite","@id":"https:\/\/www.editorialjuventud.es\/#website","url":"https:\/\/www.editorialjuventud.es\/","name":"Editorial Juventud","description":"","potentialAction":[{"@type":"SearchAction","target":{"@type":"EntryPoint","urlTemplate":"https:\/\/www.editorialjuventud.es\/?s={search_term_string}"},"query-input":{"@type":"PropertyValueSpecification","valueRequired":true,"valueName":"search_term_string"}}],"inLanguage":"ca"}]}},"_links":{"self":[{"href":"https:\/\/www.editorialjuventud.es\/ca\/wp-json\/wp\/v2\/product\/5002","targetHints":{"allow":["GET"]}}],"collection":[{"href":"https:\/\/www.editorialjuventud.es\/ca\/wp-json\/wp\/v2\/product"}],"about":[{"href":"https:\/\/www.editorialjuventud.es\/ca\/wp-json\/wp\/v2\/types\/product"}],"wp:featuredmedia":[{"embeddable":true,"href":"https:\/\/www.editorialjuventud.es\/ca\/wp-json\/wp\/v2\/media\/6676"}],"wp:attachment":[{"href":"https:\/\/www.editorialjuventud.es\/ca\/wp-json\/wp\/v2\/media?parent=5002"}],"wp:term":[{"taxonomy":"product_brand","embeddable":true,"href":"https:\/\/www.editorialjuventud.es\/ca\/wp-json\/wp\/v2\/product_brand?post=5002"},{"taxonomy":"product_cat","embeddable":true,"href":"https:\/\/www.editorialjuventud.es\/ca\/wp-json\/wp\/v2\/product_cat?post=5002"},{"taxonomy":"product_tag","embeddable":true,"href":"https:\/\/www.editorialjuventud.es\/ca\/wp-json\/wp\/v2\/product_tag?post=5002"},{"taxonomy":"coleccion","embeddable":true,"href":"https:\/\/www.editorialjuventud.es\/ca\/wp-json\/wp\/v2\/coleccion?post=5002"}],"curies":[{"name":"wp","href":"https:\/\/api.w.org\/{rel}","templated":true}]}}