{"id":4997,"date":"2018-08-24T10:14:51","date_gmt":"2018-08-24T08:14:51","guid":{"rendered":"http:\/\/www.editorialjuventud.es\/la-republica\/"},"modified":"2019-10-09T20:41:22","modified_gmt":"2019-10-09T18:41:22","slug":"la-republica-9788426116338","status":"publish","type":"product","link":"https:\/\/www.editorialjuventud.es\/ca\/la-republica-9788426116338\/","title":{"rendered":"La Rep\u00fablica"},"content":{"rendered":"<p>La Rep\u00fablica es quiz\u00e1 la obra m\u00e1s significativa de Plat\u00f3n. Escrita en forma de di\u00e1logos, en los que intervienen S\u00f3crates y varios disc\u00edpulos y parientes, nos presenta toda una organizaci\u00f3n y filosof\u00eda del Estado ideal. Res publica equivale a gobierno de los s\u00fabditos. El esquema de Plat\u00f3n tiene algunos puntos clave: el ejercicio pleno de la justicia como norma moral; la educaci\u00f3n de los guerreros como defensores del Estado; la concesi\u00f3n de la propiedad limitada, pero la formaci\u00f3n de los hijos en asilos estatales, para conseguir que todos los padres consideren a los hijos de la comunidad como propios; el rechazo de la molicie y de la groser\u00eda como formas corruptoras?En este planteamiento ut\u00f3pico, el Estado es el supremo \u00e1rbitro de sus s\u00fabditos y el gobierno deben ejercerlo los fil\u00f3sofos, porque ellos saben ver el bien, la belleza y la justicia.  Pr\u00f3logo y traducci\u00f3n directa del griego por Vicente L\u00f3pez Soto.<\/p>\n","protected":false},"excerpt":{"rendered":"La Rep\u00fablica es quiz\u00e1 la obra m\u00e1s significativa de Plat\u00f3n. Escrita en forma de di\u00e1logos, en los que intervienen S\u00f3crates y varios disc\u00edpulos y parientes, nos presenta toda una organizaci\u00f3n y filosof\u00eda del Estado ideal. Res publica equivale a gobierno [&hellip;]","protected":false},"featured_media":6674,"template":"","meta":{"_acf_changed":false,"_exactmetrics_skip_tracking":false,"_exactmetrics_sitenote_active":false,"_exactmetrics_sitenote_note":"","_exactmetrics_sitenote_category":0},"product_brand":[],"product_cat":[905,892,1115,1118],"product_tag":[],"coleccion":[916,1083,1007,938],"class_list":{"0":"post-4997","1":"product","2":"type-product","3":"status-publish","4":"has-post-thumbnail","6":"product_cat-adulto","7":"product_cat-edades","8":"product_cat-generos","9":"product_cat-literatura-clasica","10":"coleccion-castellano","11":"coleccion-clasicos","12":"coleccion-coleccion-z","13":"coleccion-libros-de-bolsillo","15":"first","16":"instock","17":"taxable","18":"shipping-taxable","19":"purchasable","20":"product-type-simple"},"acf":{"autores-libros":[16557],"traductores-libros":[16473]},"yoast_head":"<!-- This site is optimized with the Yoast SEO plugin v27.5 - https:\/\/yoast.com\/product\/yoast-seo-wordpress\/ -->\n<title>La Rep\u00fablica - Editorial Juventud<\/title>\n<meta name=\"description\" content=\"La Rep\u00fablica es quiz\u00e1 la obra m\u00e1s significativa de Plat\u00f3n. Escrita en forma de di\u00e1logos, en los que intervienen S\u00f3crates y varios disc\u00edpulos y parientes,\" \/>\n<meta name=\"robots\" content=\"index, follow, max-snippet:-1, max-image-preview:large, max-video-preview:-1\" \/>\n<link rel=\"canonical\" href=\"https:\/\/www.editorialjuventud.es\/ca\/la-republica-9788426116338\/\" \/>\n<meta property=\"og:locale\" content=\"ca_ES\" \/>\n<meta property=\"og:type\" content=\"article\" \/>\n<meta property=\"og:title\" content=\"La Rep\u00fablica - Editorial Juventud\" \/>\n<meta property=\"og:description\" content=\"La Rep\u00fablica es quiz\u00e1 la obra m\u00e1s significativa de Plat\u00f3n. Escrita en forma de di\u00e1logos, en los que intervienen S\u00f3crates y varios disc\u00edpulos y parientes,\" \/>\n<meta property=\"og:url\" content=\"https:\/\/www.editorialjuventud.es\/ca\/la-republica-9788426116338\/\" \/>\n<meta property=\"og:site_name\" content=\"Editorial Juventud\" \/>\n<meta property=\"article:modified_time\" content=\"2019-10-09T18:41:22+00:00\" \/>\n<meta property=\"og:image\" content=\"https:\/\/www.editorialjuventud.es\/wp-content\/uploads\/1633.jpg\" \/>\n\t<meta property=\"og:image:width\" content=\"289\" \/>\n\t<meta property=\"og:image:height\" content=\"450\" \/>\n\t<meta property=\"og:image:type\" content=\"image\/jpeg\" \/>\n<meta name=\"twitter:card\" content=\"summary_large_image\" \/>\n<meta name=\"twitter:label1\" content=\"Temps estimat de lectura\" \/>\n\t<meta name=\"twitter:data1\" content=\"1 minut\" \/>\n<script type=\"application\/ld+json\" class=\"yoast-schema-graph\">{\"@context\":\"https:\\\/\\\/schema.org\",\"@graph\":[{\"@type\":\"WebPage\",\"@id\":\"https:\\\/\\\/www.editorialjuventud.es\\\/ca\\\/la-republica-9788426116338\\\/\",\"url\":\"https:\\\/\\\/www.editorialjuventud.es\\\/ca\\\/la-republica-9788426116338\\\/\",\"name\":\"La Rep\u00fablica - Editorial Juventud\",\"isPartOf\":{\"@id\":\"https:\\\/\\\/www.editorialjuventud.es\\\/#website\"},\"primaryImageOfPage\":{\"@id\":\"https:\\\/\\\/www.editorialjuventud.es\\\/ca\\\/la-republica-9788426116338\\\/#primaryimage\"},\"image\":{\"@id\":\"https:\\\/\\\/www.editorialjuventud.es\\\/ca\\\/la-republica-9788426116338\\\/#primaryimage\"},\"thumbnailUrl\":\"https:\\\/\\\/www.editorialjuventud.es\\\/wp-content\\\/uploads\\\/1633.jpg\",\"datePublished\":\"2018-08-24T08:14:51+00:00\",\"dateModified\":\"2019-10-09T18:41:22+00:00\",\"description\":\"La Rep\u00fablica es quiz\u00e1 la obra m\u00e1s significativa de Plat\u00f3n. Escrita en forma de di\u00e1logos, en los que intervienen S\u00f3crates y varios disc\u00edpulos y parientes,\",\"breadcrumb\":{\"@id\":\"https:\\\/\\\/www.editorialjuventud.es\\\/ca\\\/la-republica-9788426116338\\\/#breadcrumb\"},\"inLanguage\":\"ca\",\"potentialAction\":[{\"@type\":\"ReadAction\",\"target\":[\"https:\\\/\\\/www.editorialjuventud.es\\\/ca\\\/la-republica-9788426116338\\\/\"]}]},{\"@type\":\"ImageObject\",\"inLanguage\":\"ca\",\"@id\":\"https:\\\/\\\/www.editorialjuventud.es\\\/ca\\\/la-republica-9788426116338\\\/#primaryimage\",\"url\":\"https:\\\/\\\/www.editorialjuventud.es\\\/wp-content\\\/uploads\\\/1633.jpg\",\"contentUrl\":\"https:\\\/\\\/www.editorialjuventud.es\\\/wp-content\\\/uploads\\\/1633.jpg\",\"width\":289,\"height\":450,\"caption\":\"1633.jpg\"},{\"@type\":\"BreadcrumbList\",\"@id\":\"https:\\\/\\\/www.editorialjuventud.es\\\/ca\\\/la-republica-9788426116338\\\/#breadcrumb\",\"itemListElement\":[{\"@type\":\"ListItem\",\"position\":1,\"name\":\"Portada\",\"item\":\"https:\\\/\\\/www.editorialjuventud.es\\\/\"},{\"@type\":\"ListItem\",\"position\":2,\"name\":\"cat\u00e1logo\",\"item\":\"https:\\\/\\\/www.editorialjuventud.es\\\/coleccion\\\/catalogo\\\/\"},{\"@type\":\"ListItem\",\"position\":3,\"name\":\"castellano\",\"item\":\"https:\\\/\\\/www.editorialjuventud.es\\\/coleccion\\\/castellano\\\/\"},{\"@type\":\"ListItem\",\"position\":4,\"name\":\"Libros de Bolsillo\",\"item\":\"https:\\\/\\\/www.editorialjuventud.es\\\/coleccion\\\/libros-de-bolsillo\\\/\"},{\"@type\":\"ListItem\",\"position\":5,\"name\":\"Colecci\u00f3n Z\",\"item\":\"https:\\\/\\\/www.editorialjuventud.es\\\/coleccion\\\/coleccion-z\\\/\"},{\"@type\":\"ListItem\",\"position\":6,\"name\":\"Cl\u00e1sicos\",\"item\":\"https:\\\/\\\/www.editorialjuventud.es\\\/ca\\\/coleccion\\\/clasicos\\\/\"},{\"@type\":\"ListItem\",\"position\":7,\"name\":\"La Rep\u00fablica\"}]},{\"@type\":\"WebSite\",\"@id\":\"https:\\\/\\\/www.editorialjuventud.es\\\/#website\",\"url\":\"https:\\\/\\\/www.editorialjuventud.es\\\/\",\"name\":\"Editorial Juventud\",\"description\":\"\",\"potentialAction\":[{\"@type\":\"SearchAction\",\"target\":{\"@type\":\"EntryPoint\",\"urlTemplate\":\"https:\\\/\\\/www.editorialjuventud.es\\\/?s={search_term_string}\"},\"query-input\":{\"@type\":\"PropertyValueSpecification\",\"valueRequired\":true,\"valueName\":\"search_term_string\"}}],\"inLanguage\":\"ca\"}]}<\/script>\n<!-- \/ Yoast SEO plugin. -->","yoast_head_json":{"title":"La Rep\u00fablica - Editorial Juventud","description":"La Rep\u00fablica es quiz\u00e1 la obra m\u00e1s significativa de Plat\u00f3n. Escrita en forma de di\u00e1logos, en los que intervienen S\u00f3crates y varios disc\u00edpulos y parientes,","robots":{"index":"index","follow":"follow","max-snippet":"max-snippet:-1","max-image-preview":"max-image-preview:large","max-video-preview":"max-video-preview:-1"},"canonical":"https:\/\/www.editorialjuventud.es\/ca\/la-republica-9788426116338\/","og_locale":"ca_ES","og_type":"article","og_title":"La Rep\u00fablica - Editorial Juventud","og_description":"La Rep\u00fablica es quiz\u00e1 la obra m\u00e1s significativa de Plat\u00f3n. Escrita en forma de di\u00e1logos, en los que intervienen S\u00f3crates y varios disc\u00edpulos y parientes,","og_url":"https:\/\/www.editorialjuventud.es\/ca\/la-republica-9788426116338\/","og_site_name":"Editorial Juventud","article_modified_time":"2019-10-09T18:41:22+00:00","og_image":[{"width":289,"height":450,"url":"https:\/\/www.editorialjuventud.es\/wp-content\/uploads\/1633.jpg","type":"image\/jpeg"}],"twitter_card":"summary_large_image","twitter_misc":{"Temps estimat de lectura":"1 minut"},"schema":{"@context":"https:\/\/schema.org","@graph":[{"@type":"WebPage","@id":"https:\/\/www.editorialjuventud.es\/ca\/la-republica-9788426116338\/","url":"https:\/\/www.editorialjuventud.es\/ca\/la-republica-9788426116338\/","name":"La Rep\u00fablica - Editorial Juventud","isPartOf":{"@id":"https:\/\/www.editorialjuventud.es\/#website"},"primaryImageOfPage":{"@id":"https:\/\/www.editorialjuventud.es\/ca\/la-republica-9788426116338\/#primaryimage"},"image":{"@id":"https:\/\/www.editorialjuventud.es\/ca\/la-republica-9788426116338\/#primaryimage"},"thumbnailUrl":"https:\/\/www.editorialjuventud.es\/wp-content\/uploads\/1633.jpg","datePublished":"2018-08-24T08:14:51+00:00","dateModified":"2019-10-09T18:41:22+00:00","description":"La Rep\u00fablica es quiz\u00e1 la obra m\u00e1s significativa de Plat\u00f3n. Escrita en forma de di\u00e1logos, en los que intervienen S\u00f3crates y varios disc\u00edpulos y parientes,","breadcrumb":{"@id":"https:\/\/www.editorialjuventud.es\/ca\/la-republica-9788426116338\/#breadcrumb"},"inLanguage":"ca","potentialAction":[{"@type":"ReadAction","target":["https:\/\/www.editorialjuventud.es\/ca\/la-republica-9788426116338\/"]}]},{"@type":"ImageObject","inLanguage":"ca","@id":"https:\/\/www.editorialjuventud.es\/ca\/la-republica-9788426116338\/#primaryimage","url":"https:\/\/www.editorialjuventud.es\/wp-content\/uploads\/1633.jpg","contentUrl":"https:\/\/www.editorialjuventud.es\/wp-content\/uploads\/1633.jpg","width":289,"height":450,"caption":"1633.jpg"},{"@type":"BreadcrumbList","@id":"https:\/\/www.editorialjuventud.es\/ca\/la-republica-9788426116338\/#breadcrumb","itemListElement":[{"@type":"ListItem","position":1,"name":"Portada","item":"https:\/\/www.editorialjuventud.es\/"},{"@type":"ListItem","position":2,"name":"cat\u00e1logo","item":"https:\/\/www.editorialjuventud.es\/coleccion\/catalogo\/"},{"@type":"ListItem","position":3,"name":"castellano","item":"https:\/\/www.editorialjuventud.es\/coleccion\/castellano\/"},{"@type":"ListItem","position":4,"name":"Libros de Bolsillo","item":"https:\/\/www.editorialjuventud.es\/coleccion\/libros-de-bolsillo\/"},{"@type":"ListItem","position":5,"name":"Colecci\u00f3n Z","item":"https:\/\/www.editorialjuventud.es\/coleccion\/coleccion-z\/"},{"@type":"ListItem","position":6,"name":"Cl\u00e1sicos","item":"https:\/\/www.editorialjuventud.es\/ca\/coleccion\/clasicos\/"},{"@type":"ListItem","position":7,"name":"La Rep\u00fablica"}]},{"@type":"WebSite","@id":"https:\/\/www.editorialjuventud.es\/#website","url":"https:\/\/www.editorialjuventud.es\/","name":"Editorial Juventud","description":"","potentialAction":[{"@type":"SearchAction","target":{"@type":"EntryPoint","urlTemplate":"https:\/\/www.editorialjuventud.es\/?s={search_term_string}"},"query-input":{"@type":"PropertyValueSpecification","valueRequired":true,"valueName":"search_term_string"}}],"inLanguage":"ca"}]}},"_links":{"self":[{"href":"https:\/\/www.editorialjuventud.es\/ca\/wp-json\/wp\/v2\/product\/4997","targetHints":{"allow":["GET"]}}],"collection":[{"href":"https:\/\/www.editorialjuventud.es\/ca\/wp-json\/wp\/v2\/product"}],"about":[{"href":"https:\/\/www.editorialjuventud.es\/ca\/wp-json\/wp\/v2\/types\/product"}],"wp:featuredmedia":[{"embeddable":true,"href":"https:\/\/www.editorialjuventud.es\/ca\/wp-json\/wp\/v2\/media\/6674"}],"wp:attachment":[{"href":"https:\/\/www.editorialjuventud.es\/ca\/wp-json\/wp\/v2\/media?parent=4997"}],"wp:term":[{"taxonomy":"product_brand","embeddable":true,"href":"https:\/\/www.editorialjuventud.es\/ca\/wp-json\/wp\/v2\/product_brand?post=4997"},{"taxonomy":"product_cat","embeddable":true,"href":"https:\/\/www.editorialjuventud.es\/ca\/wp-json\/wp\/v2\/product_cat?post=4997"},{"taxonomy":"product_tag","embeddable":true,"href":"https:\/\/www.editorialjuventud.es\/ca\/wp-json\/wp\/v2\/product_tag?post=4997"},{"taxonomy":"coleccion","embeddable":true,"href":"https:\/\/www.editorialjuventud.es\/ca\/wp-json\/wp\/v2\/coleccion?post=4997"}],"curies":[{"name":"wp","href":"https:\/\/api.w.org\/{rel}","templated":true}]}}