{"id":49770,"date":"2021-02-01T10:43:38","date_gmt":"2021-02-01T09:43:38","guid":{"rendered":"https:\/\/www.editorialjuventud.es\/mamut-rock-9788426146793\/"},"modified":"2025-01-22T12:48:46","modified_gmt":"2025-01-22T11:48:46","slug":"mamut-rock-9788426146793","status":"publish","type":"product","link":"https:\/\/www.editorialjuventud.es\/ca\/mamut-rock-9788426146793\/","title":{"rendered":"Mamut Rock"},"content":{"rendered":"<p>\u00bfCre\u00e9is que el mamut no es un animal de compa\u00f1\u00eda? Despu\u00e9s de asistir a la erudita presentaci\u00f3n del trabajo de investigaci\u00f3n de Luis, ya no estar\u00e9is tan seguros&#8230;<br \/>Luis tiene que hacer una presentaci\u00f3n oral sobre su mascota. Para sorpresa de todos, elige presentar al mamut. Y lo que todav\u00eda es m\u00e1s sorprendente, habla de una nueva especie de elefante peludo, hasta ahora desconocido: el Mammuthus rockus. Este orgulloso antepasado de los melenudos m\u00fasicos de la d\u00e9cada de 1970 no habr\u00eda desaparecido totalmente. De hecho, estaba cansado de ser una estrella del rock y anhelaba una vida m\u00e1s tranquila, por lo que decidi\u00f3 permanecer oculto durante los \u00faltimos milenios. Un secreto muy bien guardado hasta que Luis, gran aficionado a los mamuts y riguroso aprendiz cient\u00edfico, acaba descubri\u00e9ndolo y revel\u00e1ndolo a toda su clase.<br \/>Este libro nos desgrana minuciosamente y con mucho humor el riguroso m\u00e9todo cient\u00edfico que debe seguir un trabajo de investigaci\u00f3n. Los j\u00f3venes lectores, al igual que los compa\u00f1eros de clase de Luis, no querr\u00e1n dejar a medias esta magn\u00edfica presentaci\u00f3n, tal vez llena de imaginaci\u00f3n, y admirar\u00e1n el af\u00e1n cient\u00edfico de Luis, un peque\u00f1o investigador muy peculiar.<\/p>\n","protected":false},"excerpt":{"rendered":"\u00bfCre\u00e9is que el mamut no es un animal de compa\u00f1\u00eda? Despu\u00e9s de asistir a la erudita presentaci\u00f3n del trabajo de investigaci\u00f3n de Luis, ya no estar\u00e9is tan seguros&#8230;Luis tiene que hacer una presentaci\u00f3n oral sobre su mascota. Para sorpresa de [&hellip;]","protected":false},"featured_media":49771,"template":"","meta":{"_acf_changed":false,"_exactmetrics_skip_tracking":false,"_exactmetrics_sitenote_active":false,"_exactmetrics_sitenote_note":"","_exactmetrics_sitenote_category":0},"product_brand":[],"product_cat":[902,1121,1173,1184,1194,910],"product_tag":[],"coleccion":[984],"class_list":{"0":"post-49770","1":"product","2":"type-product","3":"status-publish","4":"has-post-thumbnail","6":"product_cat-a-partir-de-7-anos","7":"product_cat-albumes-ilustrados","8":"product_cat-escuela","9":"product_cat-humor","10":"product_cat-mascotas","11":"product_cat-ultimas-novedades","12":"coleccion-ya-leo-solo","14":"first","15":"instock","16":"taxable","17":"shipping-taxable","18":"purchasable","19":"product-type-simple"},"acf":{"indice":"","autor":"Payette, Eveline","codart":"4679","ediciones":"1","encuadernacion":"FlexiBook","fecha_de_publicacion":"01\/02\/2021","fecha_de_reimpresion":"","novedad":"0","paginas":"56","subtitulo":"","texto_web_adicional":"","autores-libros":[50150],"ilustradores-libros":[16547],"texto_web_novedad":"","orden":"999","portada":"0","texto_web_resaltado":"","traductores-libros":[18265],"descripcion_corta":"","recomendamos":"","mas_vendido":"","idioma-libro":"","color":false,"formato":"","mas_informacion_del_producto":false,"premios":[{"premio":"Premio Communication-Jeunesse (Finalista)","anyo_del_premio":"2019","pais_del_premio":"Canad\u00e1"},{"premio":"Premio Tamarack Express (ganador)","anyo_del_premio":"2019","pais_del_premio":"Canad\u00e1"},{"premio":"Premio de Ilustraci\u00f3n Juvenil de la Feria del Libro de Trois-Rivi\u00e8res (Ganador)","anyo_del_premio":"2018","pais_del_premio":"Canad\u00e1"},{"premio":"Premio Harry Black Youth Album (finalista)","anyo_del_premio":"2018","pais_del_premio":"EE.UU."},{"premio":"Prix jeunesse des Libraires du Qu\u00e9bec (ganador)","anyo_del_premio":"2018","pais_del_premio":"Canad\u00e1"},{"premio":"","anyo_del_premio":"","pais_del_premio":""}],"deshabilitar_compra":[],"texto_enlace_cubierta":"","enlace_cubierta":{"ID":49928,"id":49928,"title":"9788426146793","filename":"9788426146793-1.jpg","filesize":64332,"url":"https:\/\/www.editorialjuventud.es\/wp-content\/uploads\/9788426146793-1.jpg","link":"https:\/\/www.editorialjuventud.es\/ca\/?attachment_id=49928","alt":"","author":"47","description":"","caption":"","name":"9788426146793","status":"inherit","uploaded_to":49770,"date":"2021-02-03 19:33:25","modified":"2021-02-03 19:33:25","menu_order":0,"mime_type":"image\/jpeg","type":"image","subtype":"jpeg","icon":"https:\/\/www.editorialjuventud.es\/wp-includes\/images\/media\/default.png","width":929,"height":1200,"sizes":{"thumbnail":"https:\/\/www.editorialjuventud.es\/wp-content\/uploads\/9788426146793-1-200x200.jpg","thumbnail-width":200,"thumbnail-height":200,"medium":"https:\/\/www.editorialjuventud.es\/wp-content\/uploads\/9788426146793-1.jpg","medium-width":929,"medium-height":1200,"medium_large":"https:\/\/www.editorialjuventud.es\/wp-content\/uploads\/9788426146793-1-768x992.jpg","medium_large-width":768,"medium_large-height":992,"large":"https:\/\/www.editorialjuventud.es\/wp-content\/uploads\/9788426146793-1.jpg","large-width":929,"large-height":1200,"1536x1536":"https:\/\/www.editorialjuventud.es\/wp-content\/uploads\/9788426146793-1.jpg","1536x1536-width":929,"1536x1536-height":1200,"2048x2048":"https:\/\/www.editorialjuventud.es\/wp-content\/uploads\/9788426146793-1.jpg","2048x2048-width":929,"2048x2048-height":1200,"woocommerce_thumbnail":"https:\/\/www.editorialjuventud.es\/wp-content\/uploads\/9788426146793-1-350x452.jpg","woocommerce_thumbnail-width":350,"woocommerce_thumbnail-height":452,"woocommerce_single":"https:\/\/www.editorialjuventud.es\/wp-content\/uploads\/9788426146793-1-900x1163.jpg","woocommerce_single-width":900,"woocommerce_single-height":1163,"woocommerce_gallery_thumbnail":"https:\/\/www.editorialjuventud.es\/wp-content\/uploads\/9788426146793-1-100x100.jpg","woocommerce_gallery_thumbnail-width":100,"woocommerce_gallery_thumbnail-height":100,"ppec_logo_image_size":"https:\/\/www.editorialjuventud.es\/wp-content\/uploads\/9788426146793-1.jpg","ppec_logo_image_size-width":46,"ppec_logo_image_size-height":60,"ppec_header_image_size":"https:\/\/www.editorialjuventud.es\/wp-content\/uploads\/9788426146793-1.jpg","ppec_header_image_size-width":70,"ppec_header_image_size-height":90}},"texto_enlace_ficha_tecnica":"","enlace_ficha_tecnica":{"ID":49930,"id":49930,"title":"Ficha_Mamut_Rock_esp","filename":"Ficha_Mamut_Rock_esp.pdf","filesize":418815,"url":"https:\/\/www.editorialjuventud.es\/wp-content\/uploads\/Ficha_Mamut_Rock_esp.pdf","link":"https:\/\/www.editorialjuventud.es\/ca\/?attachment_id=49930","alt":"","author":"47","description":"","caption":"","name":"ficha_mamut_rock_esp","status":"inherit","uploaded_to":49770,"date":"2021-02-03 19:34:09","modified":"2021-02-03 19:34:09","menu_order":0,"mime_type":"application\/pdf","type":"application","subtype":"pdf","icon":"https:\/\/www.editorialjuventud.es\/wp-includes\/images\/media\/document.png"},"ficheros":false,"titulo-fr":"","texto-fr":""},"yoast_head":"<!-- This site is optimized with the Yoast SEO plugin v27.3 - https:\/\/yoast.com\/product\/yoast-seo-wordpress\/ -->\n<title>Mamut Rock - Editorial Juventud<\/title>\n<meta name=\"description\" content=\"\u00bfCre\u00e9is que el mamut no es un animal de compa\u00f1\u00eda? Despu\u00e9s de asistir a la erudita presentaci\u00f3n del trabajo de investigaci\u00f3n de Luis, ya no estar\u00e9is tan\" \/>\n<meta name=\"robots\" content=\"index, follow, max-snippet:-1, max-image-preview:large, max-video-preview:-1\" \/>\n<link rel=\"canonical\" href=\"https:\/\/www.editorialjuventud.es\/mamut-rock-9788426146793\/\" \/>\n<meta property=\"og:locale\" content=\"ca_ES\" \/>\n<meta property=\"og:type\" content=\"article\" \/>\n<meta property=\"og:title\" content=\"Mamut Rock - Editorial Juventud\" \/>\n<meta property=\"og:description\" content=\"\u00bfCre\u00e9is que el mamut no es un animal de compa\u00f1\u00eda? Despu\u00e9s de asistir a la erudita presentaci\u00f3n del trabajo de investigaci\u00f3n de Luis, ya no estar\u00e9is tan\" \/>\n<meta property=\"og:url\" content=\"https:\/\/www.editorialjuventud.es\/mamut-rock-9788426146793\/\" \/>\n<meta property=\"og:site_name\" content=\"Editorial Juventud\" \/>\n<meta property=\"article:modified_time\" content=\"2025-01-22T11:48:46+00:00\" \/>\n<meta property=\"og:image\" content=\"https:\/\/www.editorialjuventud.es\/wp-content\/uploads\/9788426146793.jpg\" \/>\n\t<meta property=\"og:image:width\" content=\"929\" \/>\n\t<meta property=\"og:image:height\" content=\"1200\" \/>\n\t<meta property=\"og:image:type\" content=\"image\/jpeg\" \/>\n<meta name=\"twitter:card\" content=\"summary_large_image\" \/>\n<meta name=\"twitter:label1\" content=\"Temps estimat de lectura\" \/>\n\t<meta name=\"twitter:data1\" content=\"1 minut\" \/>\n<script type=\"application\/ld+json\" class=\"yoast-schema-graph\">{\"@context\":\"https:\\\/\\\/schema.org\",\"@graph\":[{\"@type\":\"WebPage\",\"@id\":\"https:\\\/\\\/www.editorialjuventud.es\\\/mamut-rock-9788426146793\\\/\",\"url\":\"https:\\\/\\\/www.editorialjuventud.es\\\/mamut-rock-9788426146793\\\/\",\"name\":\"Mamut Rock - Editorial Juventud\",\"isPartOf\":{\"@id\":\"https:\\\/\\\/www.editorialjuventud.es\\\/#website\"},\"primaryImageOfPage\":{\"@id\":\"https:\\\/\\\/www.editorialjuventud.es\\\/mamut-rock-9788426146793\\\/#primaryimage\"},\"image\":{\"@id\":\"https:\\\/\\\/www.editorialjuventud.es\\\/mamut-rock-9788426146793\\\/#primaryimage\"},\"thumbnailUrl\":\"https:\\\/\\\/www.editorialjuventud.es\\\/wp-content\\\/uploads\\\/9788426146793.jpg\",\"datePublished\":\"2021-02-01T09:43:38+00:00\",\"dateModified\":\"2025-01-22T11:48:46+00:00\",\"description\":\"\u00bfCre\u00e9is que el mamut no es un animal de compa\u00f1\u00eda? Despu\u00e9s de asistir a la erudita presentaci\u00f3n del trabajo de investigaci\u00f3n de Luis, ya no estar\u00e9is tan\",\"breadcrumb\":{\"@id\":\"https:\\\/\\\/www.editorialjuventud.es\\\/mamut-rock-9788426146793\\\/#breadcrumb\"},\"inLanguage\":\"ca\",\"potentialAction\":[{\"@type\":\"ReadAction\",\"target\":[\"https:\\\/\\\/www.editorialjuventud.es\\\/mamut-rock-9788426146793\\\/\"]}]},{\"@type\":\"ImageObject\",\"inLanguage\":\"ca\",\"@id\":\"https:\\\/\\\/www.editorialjuventud.es\\\/mamut-rock-9788426146793\\\/#primaryimage\",\"url\":\"https:\\\/\\\/www.editorialjuventud.es\\\/wp-content\\\/uploads\\\/9788426146793.jpg\",\"contentUrl\":\"https:\\\/\\\/www.editorialjuventud.es\\\/wp-content\\\/uploads\\\/9788426146793.jpg\",\"width\":929,\"height\":1200,\"caption\":\"9788426146793.jpg\"},{\"@type\":\"BreadcrumbList\",\"@id\":\"https:\\\/\\\/www.editorialjuventud.es\\\/mamut-rock-9788426146793\\\/#breadcrumb\",\"itemListElement\":[{\"@type\":\"ListItem\",\"position\":1,\"name\":\"Portada\",\"item\":\"https:\\\/\\\/www.editorialjuventud.es\\\/\"},{\"@type\":\"ListItem\",\"position\":2,\"name\":\"cat\u00e1logo\",\"item\":\"https:\\\/\\\/www.editorialjuventud.es\\\/coleccion\\\/catalogo\\\/\"},{\"@type\":\"ListItem\",\"position\":3,\"name\":\"castellano\",\"item\":\"https:\\\/\\\/www.editorialjuventud.es\\\/coleccion\\\/castellano\\\/\"},{\"@type\":\"ListItem\",\"position\":4,\"name\":\"\u00c1lbumes Ilustrados\",\"item\":\"https:\\\/\\\/www.editorialjuventud.es\\\/coleccion\\\/albumes-ilustrados\\\/\"},{\"@type\":\"ListItem\",\"position\":5,\"name\":\"\u00a1Ya Leo Solo!\",\"item\":\"https:\\\/\\\/www.editorialjuventud.es\\\/coleccion\\\/ya-leo-solo\\\/\"},{\"@type\":\"ListItem\",\"position\":6,\"name\":\"Mamut Rock\"}]},{\"@type\":\"WebSite\",\"@id\":\"https:\\\/\\\/www.editorialjuventud.es\\\/#website\",\"url\":\"https:\\\/\\\/www.editorialjuventud.es\\\/\",\"name\":\"Editorial Juventud\",\"description\":\"\",\"potentialAction\":[{\"@type\":\"SearchAction\",\"target\":{\"@type\":\"EntryPoint\",\"urlTemplate\":\"https:\\\/\\\/www.editorialjuventud.es\\\/?s={search_term_string}\"},\"query-input\":{\"@type\":\"PropertyValueSpecification\",\"valueRequired\":true,\"valueName\":\"search_term_string\"}}],\"inLanguage\":\"ca\"}]}<\/script>\n<!-- \/ Yoast SEO plugin. -->","yoast_head_json":{"title":"Mamut Rock - Editorial Juventud","description":"\u00bfCre\u00e9is que el mamut no es un animal de compa\u00f1\u00eda? Despu\u00e9s de asistir a la erudita presentaci\u00f3n del trabajo de investigaci\u00f3n de Luis, ya no estar\u00e9is tan","robots":{"index":"index","follow":"follow","max-snippet":"max-snippet:-1","max-image-preview":"max-image-preview:large","max-video-preview":"max-video-preview:-1"},"canonical":"https:\/\/www.editorialjuventud.es\/mamut-rock-9788426146793\/","og_locale":"ca_ES","og_type":"article","og_title":"Mamut Rock - Editorial Juventud","og_description":"\u00bfCre\u00e9is que el mamut no es un animal de compa\u00f1\u00eda? Despu\u00e9s de asistir a la erudita presentaci\u00f3n del trabajo de investigaci\u00f3n de Luis, ya no estar\u00e9is tan","og_url":"https:\/\/www.editorialjuventud.es\/mamut-rock-9788426146793\/","og_site_name":"Editorial Juventud","article_modified_time":"2025-01-22T11:48:46+00:00","og_image":[{"width":929,"height":1200,"url":"https:\/\/www.editorialjuventud.es\/wp-content\/uploads\/9788426146793.jpg","type":"image\/jpeg"}],"twitter_card":"summary_large_image","twitter_misc":{"Temps estimat de lectura":"1 minut"},"schema":{"@context":"https:\/\/schema.org","@graph":[{"@type":"WebPage","@id":"https:\/\/www.editorialjuventud.es\/mamut-rock-9788426146793\/","url":"https:\/\/www.editorialjuventud.es\/mamut-rock-9788426146793\/","name":"Mamut Rock - Editorial Juventud","isPartOf":{"@id":"https:\/\/www.editorialjuventud.es\/#website"},"primaryImageOfPage":{"@id":"https:\/\/www.editorialjuventud.es\/mamut-rock-9788426146793\/#primaryimage"},"image":{"@id":"https:\/\/www.editorialjuventud.es\/mamut-rock-9788426146793\/#primaryimage"},"thumbnailUrl":"https:\/\/www.editorialjuventud.es\/wp-content\/uploads\/9788426146793.jpg","datePublished":"2021-02-01T09:43:38+00:00","dateModified":"2025-01-22T11:48:46+00:00","description":"\u00bfCre\u00e9is que el mamut no es un animal de compa\u00f1\u00eda? Despu\u00e9s de asistir a la erudita presentaci\u00f3n del trabajo de investigaci\u00f3n de Luis, ya no estar\u00e9is tan","breadcrumb":{"@id":"https:\/\/www.editorialjuventud.es\/mamut-rock-9788426146793\/#breadcrumb"},"inLanguage":"ca","potentialAction":[{"@type":"ReadAction","target":["https:\/\/www.editorialjuventud.es\/mamut-rock-9788426146793\/"]}]},{"@type":"ImageObject","inLanguage":"ca","@id":"https:\/\/www.editorialjuventud.es\/mamut-rock-9788426146793\/#primaryimage","url":"https:\/\/www.editorialjuventud.es\/wp-content\/uploads\/9788426146793.jpg","contentUrl":"https:\/\/www.editorialjuventud.es\/wp-content\/uploads\/9788426146793.jpg","width":929,"height":1200,"caption":"9788426146793.jpg"},{"@type":"BreadcrumbList","@id":"https:\/\/www.editorialjuventud.es\/mamut-rock-9788426146793\/#breadcrumb","itemListElement":[{"@type":"ListItem","position":1,"name":"Portada","item":"https:\/\/www.editorialjuventud.es\/"},{"@type":"ListItem","position":2,"name":"cat\u00e1logo","item":"https:\/\/www.editorialjuventud.es\/coleccion\/catalogo\/"},{"@type":"ListItem","position":3,"name":"castellano","item":"https:\/\/www.editorialjuventud.es\/coleccion\/castellano\/"},{"@type":"ListItem","position":4,"name":"\u00c1lbumes Ilustrados","item":"https:\/\/www.editorialjuventud.es\/coleccion\/albumes-ilustrados\/"},{"@type":"ListItem","position":5,"name":"\u00a1Ya Leo Solo!","item":"https:\/\/www.editorialjuventud.es\/coleccion\/ya-leo-solo\/"},{"@type":"ListItem","position":6,"name":"Mamut Rock"}]},{"@type":"WebSite","@id":"https:\/\/www.editorialjuventud.es\/#website","url":"https:\/\/www.editorialjuventud.es\/","name":"Editorial Juventud","description":"","potentialAction":[{"@type":"SearchAction","target":{"@type":"EntryPoint","urlTemplate":"https:\/\/www.editorialjuventud.es\/?s={search_term_string}"},"query-input":{"@type":"PropertyValueSpecification","valueRequired":true,"valueName":"search_term_string"}}],"inLanguage":"ca"}]}},"_links":{"self":[{"href":"https:\/\/www.editorialjuventud.es\/ca\/wp-json\/wp\/v2\/product\/49770","targetHints":{"allow":["GET"]}}],"collection":[{"href":"https:\/\/www.editorialjuventud.es\/ca\/wp-json\/wp\/v2\/product"}],"about":[{"href":"https:\/\/www.editorialjuventud.es\/ca\/wp-json\/wp\/v2\/types\/product"}],"wp:featuredmedia":[{"embeddable":true,"href":"https:\/\/www.editorialjuventud.es\/ca\/wp-json\/wp\/v2\/media\/49771"}],"wp:attachment":[{"href":"https:\/\/www.editorialjuventud.es\/ca\/wp-json\/wp\/v2\/media?parent=49770"}],"wp:term":[{"taxonomy":"product_brand","embeddable":true,"href":"https:\/\/www.editorialjuventud.es\/ca\/wp-json\/wp\/v2\/product_brand?post=49770"},{"taxonomy":"product_cat","embeddable":true,"href":"https:\/\/www.editorialjuventud.es\/ca\/wp-json\/wp\/v2\/product_cat?post=49770"},{"taxonomy":"product_tag","embeddable":true,"href":"https:\/\/www.editorialjuventud.es\/ca\/wp-json\/wp\/v2\/product_tag?post=49770"},{"taxonomy":"coleccion","embeddable":true,"href":"https:\/\/www.editorialjuventud.es\/ca\/wp-json\/wp\/v2\/coleccion?post=49770"}],"curies":[{"name":"wp","href":"https:\/\/api.w.org\/{rel}","templated":true}]}}