{"id":49763,"date":"2021-02-01T10:27:28","date_gmt":"2021-02-01T09:27:28","guid":{"rendered":"https:\/\/www.editorialjuventud.es\/binky-al-rescate-9788426147073\/"},"modified":"2025-01-22T12:46:36","modified_gmt":"2025-01-22T11:46:36","slug":"binky-al-rescate-9788426147073","status":"publish","type":"product","link":"https:\/\/www.editorialjuventud.es\/ca\/binky-al-rescate-9788426147073\/","title":{"rendered":"Binky al rescate"},"content":{"rendered":"<p>\u00a1Binky ha vuelto! Ya tiene el t\u00edtulo de agente espacial, pero ahora le espera una peligrosa misi\u00f3n. Y esta vez es algo personal&#8230; Persiguiendo a un extraterrestre (un bicho), Binky cae por la escotilla (ventana del ba\u00f1o) de la estaci\u00f3n espacial y acaba en el espacio exterior (fuera de casa) por primera vez. Pero justo cuando empieza a explorar, Binky descubre que su copiloto Ted (rat\u00f3n de peluche) est\u00e1 atrapado bajo una nave enemiga (avispero). Binky DEBE rescatar a Ted de las garras de esos malvados extraterrestres. \u00bfLograr\u00e1 salvar a su mejor amigo? \u00bfPodr\u00e1 Ted salir con vida? \u00bfSeguir\u00e1 Binky sufriendo de gases espaciales?<\/p>\n<p>\u00a1Acompa\u00f1a a Binky en su segunda aventura como Agente Espacial! Una nueva serie, escrita en may\u00fasculas, que encandilar\u00e1 a los fans de Narval. <\/p>\n","protected":false},"excerpt":{"rendered":"\u00a1Binky ha vuelto! Ya tiene el t\u00edtulo de agente espacial, pero ahora le espera una peligrosa misi\u00f3n. Y esta vez es algo personal&#8230; Persiguiendo a un extraterrestre (un bicho), Binky cae por la escotilla (ventana del ba\u00f1o) de la estaci\u00f3n [&hellip;]","protected":false},"featured_media":49764,"template":"","meta":{"_acf_changed":false,"_exactmetrics_skip_tracking":false,"_exactmetrics_sitenote_active":false,"_exactmetrics_sitenote_note":"","_exactmetrics_sitenote_category":0},"product_brand":[],"product_cat":[902,1142,1284,1127,1184,1194,910],"product_tag":[],"coleccion":[1342],"class_list":{"0":"post-49763","1":"product","2":"type-product","3":"status-publish","4":"has-post-thumbnail","6":"product_cat-a-partir-de-7-anos","7":"product_cat-aventura","8":"product_cat-comic-tematica","9":"product_cat-comic","10":"product_cat-humor","11":"product_cat-mascotas","12":"product_cat-ultimas-novedades","13":"coleccion-las-aventuras-de-binky","15":"first","16":"instock","17":"taxable","18":"shipping-taxable","19":"purchasable","20":"product-type-simple"},"acf":{"indice":"","autor":"Spires, Ashley","codart":"4707","ediciones":"1","encuadernacion":"Carton\u00e9","fecha_de_publicacion":"01\/02\/2021","fecha_de_reimpresion":"","novedad":"1","paginas":"64","subtitulo":"","texto_web_adicional":"","autores-libros":[46317],"ilustradores-libros":[46317],"texto_web_novedad":"","orden":"999","portada":"0","texto_web_resaltado":"","traductores-libros":[37490],"descripcion_corta":"","recomendamos":"","mas_vendido":"","idioma-libro":"","color":false,"formato":"","mas_informacion_del_producto":false,"premios":[{"premio":"Mejor c\u00f3mic infantil, Joe Shuster Awards (nominado)","anyo_del_premio":"2011","pais_del_premio":"Canad\u00e1"},{"premio":"Mejor c\u00f3mic infantil, Will Eisner Comic Industry Awards (nominado)","anyo_del_premio":"2011","pais_del_premio":"EE.UU."},{"premio":"Mejor libro infantil del a\u00f1o, Bank Street Children's Book Committee (ganador)","anyo_del_premio":"2011","pais_del_premio":"EE.UU."},{"premio":"Mejores libros infantiles y juveniles, Canadian Children's Book Centre (ganador)","anyo_del_premio":"2011","pais_del_premio":"Canad\u00e1"},{"premio":"Libro del a\u00f1o, ForeWord Reviews (ganador)","anyo_del_premio":"2010","pais_del_premio":"EE.UU."},{"premio":"","anyo_del_premio":"","pais_del_premio":""}],"deshabilitar_compra":[],"texto_enlace_cubierta":"","enlace_cubierta":{"ID":49924,"id":49924,"title":"9788426147073","filename":"9788426147073-1.jpg","filesize":195274,"url":"https:\/\/www.editorialjuventud.es\/wp-content\/uploads\/9788426147073-1.jpg","link":"https:\/\/www.editorialjuventud.es\/ca\/?attachment_id=49924","alt":"","author":"47","description":"","caption":"","name":"9788426147073","status":"inherit","uploaded_to":49763,"date":"2021-02-03 19:29:28","modified":"2021-02-03 19:29:28","menu_order":0,"mime_type":"image\/jpeg","type":"image","subtype":"jpeg","icon":"https:\/\/www.editorialjuventud.es\/wp-includes\/images\/media\/default.png","width":927,"height":1200,"sizes":{"thumbnail":"https:\/\/www.editorialjuventud.es\/wp-content\/uploads\/9788426147073-1-200x200.jpg","thumbnail-width":200,"thumbnail-height":200,"medium":"https:\/\/www.editorialjuventud.es\/wp-content\/uploads\/9788426147073-1.jpg","medium-width":927,"medium-height":1200,"medium_large":"https:\/\/www.editorialjuventud.es\/wp-content\/uploads\/9788426147073-1-768x994.jpg","medium_large-width":768,"medium_large-height":994,"large":"https:\/\/www.editorialjuventud.es\/wp-content\/uploads\/9788426147073-1.jpg","large-width":927,"large-height":1200,"1536x1536":"https:\/\/www.editorialjuventud.es\/wp-content\/uploads\/9788426147073-1.jpg","1536x1536-width":927,"1536x1536-height":1200,"2048x2048":"https:\/\/www.editorialjuventud.es\/wp-content\/uploads\/9788426147073-1.jpg","2048x2048-width":927,"2048x2048-height":1200,"woocommerce_thumbnail":"https:\/\/www.editorialjuventud.es\/wp-content\/uploads\/9788426147073-1-350x453.jpg","woocommerce_thumbnail-width":350,"woocommerce_thumbnail-height":453,"woocommerce_single":"https:\/\/www.editorialjuventud.es\/wp-content\/uploads\/9788426147073-1-900x1165.jpg","woocommerce_single-width":900,"woocommerce_single-height":1165,"woocommerce_gallery_thumbnail":"https:\/\/www.editorialjuventud.es\/wp-content\/uploads\/9788426147073-1-100x100.jpg","woocommerce_gallery_thumbnail-width":100,"woocommerce_gallery_thumbnail-height":100,"ppec_logo_image_size":"https:\/\/www.editorialjuventud.es\/wp-content\/uploads\/9788426147073-1.jpg","ppec_logo_image_size-width":46,"ppec_logo_image_size-height":60,"ppec_header_image_size":"https:\/\/www.editorialjuventud.es\/wp-content\/uploads\/9788426147073-1.jpg","ppec_header_image_size-width":70,"ppec_header_image_size-height":90}},"texto_enlace_ficha_tecnica":"","enlace_ficha_tecnica":{"ID":49926,"id":49926,"title":"Ficha_Binky_al_rescate_esp","filename":"Ficha_Binky_al_rescate_esp.pdf","filesize":580091,"url":"https:\/\/www.editorialjuventud.es\/wp-content\/uploads\/Ficha_Binky_al_rescate_esp.pdf","link":"https:\/\/www.editorialjuventud.es\/ca\/?attachment_id=49926","alt":"","author":"47","description":"","caption":"","name":"ficha_binky_al_rescate_esp","status":"inherit","uploaded_to":49763,"date":"2021-02-03 19:29:56","modified":"2021-02-03 19:29:56","menu_order":0,"mime_type":"application\/pdf","type":"application","subtype":"pdf","icon":"https:\/\/www.editorialjuventud.es\/wp-includes\/images\/media\/document.png"},"ficheros":false,"titulo-fr":"","texto-fr":""},"yoast_head":"<!-- This site is optimized with the Yoast SEO plugin v27.5 - https:\/\/yoast.com\/product\/yoast-seo-wordpress\/ -->\n<title>Binky al rescate - Editorial Juventud<\/title>\n<meta name=\"description\" content=\"\u00a1Binky ha vuelto! Ya tiene el t\u00edtulo de agente espacial, pero ahora le espera una peligrosa misi\u00f3n. Y esta vez es algo personal... Persiguiendo a un\" \/>\n<meta name=\"robots\" content=\"index, follow, max-snippet:-1, max-image-preview:large, max-video-preview:-1\" \/>\n<link rel=\"canonical\" href=\"https:\/\/www.editorialjuventud.es\/binky-al-rescate-9788426147073\/\" \/>\n<meta property=\"og:locale\" content=\"ca_ES\" \/>\n<meta property=\"og:type\" content=\"article\" \/>\n<meta property=\"og:title\" content=\"Binky al rescate - Editorial Juventud\" \/>\n<meta property=\"og:description\" content=\"\u00a1Binky ha vuelto! Ya tiene el t\u00edtulo de agente espacial, pero ahora le espera una peligrosa misi\u00f3n. Y esta vez es algo personal... Persiguiendo a un\" \/>\n<meta property=\"og:url\" content=\"https:\/\/www.editorialjuventud.es\/binky-al-rescate-9788426147073\/\" \/>\n<meta property=\"og:site_name\" content=\"Editorial Juventud\" \/>\n<meta property=\"article:modified_time\" content=\"2025-01-22T11:46:36+00:00\" \/>\n<meta property=\"og:image\" content=\"https:\/\/www.editorialjuventud.es\/wp-content\/uploads\/9788426147073.jpg\" \/>\n\t<meta property=\"og:image:width\" content=\"927\" \/>\n\t<meta property=\"og:image:height\" content=\"1200\" \/>\n\t<meta property=\"og:image:type\" content=\"image\/jpeg\" \/>\n<meta name=\"twitter:card\" content=\"summary_large_image\" \/>\n<meta name=\"twitter:label1\" content=\"Temps estimat de lectura\" \/>\n\t<meta name=\"twitter:data1\" content=\"1 minut\" \/>\n<script type=\"application\/ld+json\" class=\"yoast-schema-graph\">{\"@context\":\"https:\\\/\\\/schema.org\",\"@graph\":[{\"@type\":\"WebPage\",\"@id\":\"https:\\\/\\\/www.editorialjuventud.es\\\/binky-al-rescate-9788426147073\\\/\",\"url\":\"https:\\\/\\\/www.editorialjuventud.es\\\/binky-al-rescate-9788426147073\\\/\",\"name\":\"Binky al rescate - Editorial Juventud\",\"isPartOf\":{\"@id\":\"https:\\\/\\\/www.editorialjuventud.es\\\/#website\"},\"primaryImageOfPage\":{\"@id\":\"https:\\\/\\\/www.editorialjuventud.es\\\/binky-al-rescate-9788426147073\\\/#primaryimage\"},\"image\":{\"@id\":\"https:\\\/\\\/www.editorialjuventud.es\\\/binky-al-rescate-9788426147073\\\/#primaryimage\"},\"thumbnailUrl\":\"https:\\\/\\\/www.editorialjuventud.es\\\/wp-content\\\/uploads\\\/9788426147073.jpg\",\"datePublished\":\"2021-02-01T09:27:28+00:00\",\"dateModified\":\"2025-01-22T11:46:36+00:00\",\"description\":\"\u00a1Binky ha vuelto! Ya tiene el t\u00edtulo de agente espacial, pero ahora le espera una peligrosa misi\u00f3n. Y esta vez es algo personal... Persiguiendo a un\",\"breadcrumb\":{\"@id\":\"https:\\\/\\\/www.editorialjuventud.es\\\/binky-al-rescate-9788426147073\\\/#breadcrumb\"},\"inLanguage\":\"ca\",\"potentialAction\":[{\"@type\":\"ReadAction\",\"target\":[\"https:\\\/\\\/www.editorialjuventud.es\\\/binky-al-rescate-9788426147073\\\/\"]}]},{\"@type\":\"ImageObject\",\"inLanguage\":\"ca\",\"@id\":\"https:\\\/\\\/www.editorialjuventud.es\\\/binky-al-rescate-9788426147073\\\/#primaryimage\",\"url\":\"https:\\\/\\\/www.editorialjuventud.es\\\/wp-content\\\/uploads\\\/9788426147073.jpg\",\"contentUrl\":\"https:\\\/\\\/www.editorialjuventud.es\\\/wp-content\\\/uploads\\\/9788426147073.jpg\",\"width\":927,\"height\":1200,\"caption\":\"9788426147073.jpg\"},{\"@type\":\"BreadcrumbList\",\"@id\":\"https:\\\/\\\/www.editorialjuventud.es\\\/binky-al-rescate-9788426147073\\\/#breadcrumb\",\"itemListElement\":[{\"@type\":\"ListItem\",\"position\":1,\"name\":\"Portada\",\"item\":\"https:\\\/\\\/www.editorialjuventud.es\\\/\"},{\"@type\":\"ListItem\",\"position\":2,\"name\":\"cat\u00e1logo\",\"item\":\"https:\\\/\\\/www.editorialjuventud.es\\\/coleccion\\\/catalogo\\\/\"},{\"@type\":\"ListItem\",\"position\":3,\"name\":\"castellano\",\"item\":\"https:\\\/\\\/www.editorialjuventud.es\\\/coleccion\\\/castellano\\\/\"},{\"@type\":\"ListItem\",\"position\":4,\"name\":\"Juventud C\u00f3mic\",\"item\":\"https:\\\/\\\/www.editorialjuventud.es\\\/coleccion\\\/juventud-comic\\\/\"},{\"@type\":\"ListItem\",\"position\":5,\"name\":\"Las aventuras de Binky\",\"item\":\"https:\\\/\\\/www.editorialjuventud.es\\\/coleccion\\\/las-aventuras-de-binky\\\/\"},{\"@type\":\"ListItem\",\"position\":6,\"name\":\"Binky al rescate\"}]},{\"@type\":\"WebSite\",\"@id\":\"https:\\\/\\\/www.editorialjuventud.es\\\/#website\",\"url\":\"https:\\\/\\\/www.editorialjuventud.es\\\/\",\"name\":\"Editorial Juventud\",\"description\":\"\",\"potentialAction\":[{\"@type\":\"SearchAction\",\"target\":{\"@type\":\"EntryPoint\",\"urlTemplate\":\"https:\\\/\\\/www.editorialjuventud.es\\\/?s={search_term_string}\"},\"query-input\":{\"@type\":\"PropertyValueSpecification\",\"valueRequired\":true,\"valueName\":\"search_term_string\"}}],\"inLanguage\":\"ca\"}]}<\/script>\n<!-- \/ Yoast SEO plugin. -->","yoast_head_json":{"title":"Binky al rescate - Editorial Juventud","description":"\u00a1Binky ha vuelto! Ya tiene el t\u00edtulo de agente espacial, pero ahora le espera una peligrosa misi\u00f3n. Y esta vez es algo personal... Persiguiendo a un","robots":{"index":"index","follow":"follow","max-snippet":"max-snippet:-1","max-image-preview":"max-image-preview:large","max-video-preview":"max-video-preview:-1"},"canonical":"https:\/\/www.editorialjuventud.es\/binky-al-rescate-9788426147073\/","og_locale":"ca_ES","og_type":"article","og_title":"Binky al rescate - Editorial Juventud","og_description":"\u00a1Binky ha vuelto! Ya tiene el t\u00edtulo de agente espacial, pero ahora le espera una peligrosa misi\u00f3n. Y esta vez es algo personal... Persiguiendo a un","og_url":"https:\/\/www.editorialjuventud.es\/binky-al-rescate-9788426147073\/","og_site_name":"Editorial Juventud","article_modified_time":"2025-01-22T11:46:36+00:00","og_image":[{"width":927,"height":1200,"url":"https:\/\/www.editorialjuventud.es\/wp-content\/uploads\/9788426147073.jpg","type":"image\/jpeg"}],"twitter_card":"summary_large_image","twitter_misc":{"Temps estimat de lectura":"1 minut"},"schema":{"@context":"https:\/\/schema.org","@graph":[{"@type":"WebPage","@id":"https:\/\/www.editorialjuventud.es\/binky-al-rescate-9788426147073\/","url":"https:\/\/www.editorialjuventud.es\/binky-al-rescate-9788426147073\/","name":"Binky al rescate - Editorial Juventud","isPartOf":{"@id":"https:\/\/www.editorialjuventud.es\/#website"},"primaryImageOfPage":{"@id":"https:\/\/www.editorialjuventud.es\/binky-al-rescate-9788426147073\/#primaryimage"},"image":{"@id":"https:\/\/www.editorialjuventud.es\/binky-al-rescate-9788426147073\/#primaryimage"},"thumbnailUrl":"https:\/\/www.editorialjuventud.es\/wp-content\/uploads\/9788426147073.jpg","datePublished":"2021-02-01T09:27:28+00:00","dateModified":"2025-01-22T11:46:36+00:00","description":"\u00a1Binky ha vuelto! Ya tiene el t\u00edtulo de agente espacial, pero ahora le espera una peligrosa misi\u00f3n. Y esta vez es algo personal... Persiguiendo a un","breadcrumb":{"@id":"https:\/\/www.editorialjuventud.es\/binky-al-rescate-9788426147073\/#breadcrumb"},"inLanguage":"ca","potentialAction":[{"@type":"ReadAction","target":["https:\/\/www.editorialjuventud.es\/binky-al-rescate-9788426147073\/"]}]},{"@type":"ImageObject","inLanguage":"ca","@id":"https:\/\/www.editorialjuventud.es\/binky-al-rescate-9788426147073\/#primaryimage","url":"https:\/\/www.editorialjuventud.es\/wp-content\/uploads\/9788426147073.jpg","contentUrl":"https:\/\/www.editorialjuventud.es\/wp-content\/uploads\/9788426147073.jpg","width":927,"height":1200,"caption":"9788426147073.jpg"},{"@type":"BreadcrumbList","@id":"https:\/\/www.editorialjuventud.es\/binky-al-rescate-9788426147073\/#breadcrumb","itemListElement":[{"@type":"ListItem","position":1,"name":"Portada","item":"https:\/\/www.editorialjuventud.es\/"},{"@type":"ListItem","position":2,"name":"cat\u00e1logo","item":"https:\/\/www.editorialjuventud.es\/coleccion\/catalogo\/"},{"@type":"ListItem","position":3,"name":"castellano","item":"https:\/\/www.editorialjuventud.es\/coleccion\/castellano\/"},{"@type":"ListItem","position":4,"name":"Juventud C\u00f3mic","item":"https:\/\/www.editorialjuventud.es\/coleccion\/juventud-comic\/"},{"@type":"ListItem","position":5,"name":"Las aventuras de Binky","item":"https:\/\/www.editorialjuventud.es\/coleccion\/las-aventuras-de-binky\/"},{"@type":"ListItem","position":6,"name":"Binky al rescate"}]},{"@type":"WebSite","@id":"https:\/\/www.editorialjuventud.es\/#website","url":"https:\/\/www.editorialjuventud.es\/","name":"Editorial Juventud","description":"","potentialAction":[{"@type":"SearchAction","target":{"@type":"EntryPoint","urlTemplate":"https:\/\/www.editorialjuventud.es\/?s={search_term_string}"},"query-input":{"@type":"PropertyValueSpecification","valueRequired":true,"valueName":"search_term_string"}}],"inLanguage":"ca"}]}},"_links":{"self":[{"href":"https:\/\/www.editorialjuventud.es\/ca\/wp-json\/wp\/v2\/product\/49763","targetHints":{"allow":["GET"]}}],"collection":[{"href":"https:\/\/www.editorialjuventud.es\/ca\/wp-json\/wp\/v2\/product"}],"about":[{"href":"https:\/\/www.editorialjuventud.es\/ca\/wp-json\/wp\/v2\/types\/product"}],"wp:featuredmedia":[{"embeddable":true,"href":"https:\/\/www.editorialjuventud.es\/ca\/wp-json\/wp\/v2\/media\/49764"}],"wp:attachment":[{"href":"https:\/\/www.editorialjuventud.es\/ca\/wp-json\/wp\/v2\/media?parent=49763"}],"wp:term":[{"taxonomy":"product_brand","embeddable":true,"href":"https:\/\/www.editorialjuventud.es\/ca\/wp-json\/wp\/v2\/product_brand?post=49763"},{"taxonomy":"product_cat","embeddable":true,"href":"https:\/\/www.editorialjuventud.es\/ca\/wp-json\/wp\/v2\/product_cat?post=49763"},{"taxonomy":"product_tag","embeddable":true,"href":"https:\/\/www.editorialjuventud.es\/ca\/wp-json\/wp\/v2\/product_tag?post=49763"},{"taxonomy":"coleccion","embeddable":true,"href":"https:\/\/www.editorialjuventud.es\/ca\/wp-json\/wp\/v2\/coleccion?post=49763"}],"curies":[{"name":"wp","href":"https:\/\/api.w.org\/{rel}","templated":true}]}}