{"id":49760,"date":"2021-02-01T10:21:57","date_gmt":"2021-02-01T09:21:57","guid":{"rendered":"https:\/\/www.editorialjuventud.es\/binky-al-rescat-9788426147080\/"},"modified":"2025-01-22T12:46:42","modified_gmt":"2025-01-22T11:46:42","slug":"binky-al-rescat-9788426147080","status":"publish","type":"product","link":"https:\/\/www.editorialjuventud.es\/ca\/binky-al-rescat-9788426147080\/","title":{"rendered":"Binky al rescat"},"content":{"rendered":"<p>Un GAT ESPACIAL. Un RATOL\u00cd. Una MISSI\u00d3.<br \/>Torna el Binky! Encara \u00e9s un agent espacial amb t\u00edtol oficial, per\u00f2 ara t\u00e9 una nova i arriscada missi\u00f3. I aquesta vegada, \u00e9s personal&#8230; Tot perseguint un invasor extraterrestre (un insecte), el Binky cau sense voler per la comporta de l&#8217;estaci\u00f3 espacial (finestra del bany) i es troba a l&#8217;espai exterior (fora) per primera vegada. Per\u00f2 just quan comen\u00e7a a explorar, el Binky descobreix que el seu copilot Ted (ratol\u00ed de peluix) est\u00e0 atrapat sota una nau enemiga (niu de vespes). El Binky HA DE RESCATAR el Ted de les urpes d&#8217;aquests malvats extraterrestres. Podr\u00e0 salvar el seu millor amic? Podr\u00e0 el Ted sortir-ne viu? Segueix patint el Binky de gasos espacials?<\/p>\n<p>Acompanya el Binky en la seva segona aventura com a Agent Espacial! Una nova s\u00e8rie, escrita en maj\u00fascules, que enlluernar\u00e0 els fans de Narval.<\/p>\n","protected":false},"excerpt":{"rendered":"Un GAT ESPACIAL. Un RATOL\u00cd. Una MISSI\u00d3.Torna el Binky! Encara \u00e9s un agent espacial amb t\u00edtol oficial, per\u00f2 ara t\u00e9 una nova i arriscada missi\u00f3. I aquesta vegada, \u00e9s personal&#8230; Tot perseguint un invasor extraterrestre (un insecte), el Binky cau [&hellip;]","protected":false},"featured_media":49761,"template":"","meta":{"_acf_changed":false,"_exactmetrics_skip_tracking":false,"_exactmetrics_sitenote_active":false,"_exactmetrics_sitenote_note":"","_exactmetrics_sitenote_category":0},"product_brand":[],"product_cat":[902,1142,1284,1127,892,1184,1194],"product_tag":[],"coleccion":[922],"class_list":{"0":"post-49760","1":"product","2":"type-product","3":"status-publish","4":"has-post-thumbnail","6":"product_cat-a-partir-de-7-anos","7":"product_cat-aventura","8":"product_cat-comic-tematica","9":"product_cat-comic","10":"product_cat-edades","11":"product_cat-humor","12":"product_cat-mascotas","13":"coleccion-joventut-comic","15":"first","16":"instock","17":"taxable","18":"shipping-taxable","19":"purchasable","20":"product-type-simple"},"acf":{"indice":"","autor":"Spires, Ashley","codart":"4708","ediciones":"1","encuadernacion":"Carton\u00e9","fecha_de_publicacion":"01\/02\/2021","fecha_de_reimpresion":"","novedad":"1","paginas":"64","subtitulo":"","texto_web_adicional":"","autores-libros":[46317],"ilustradores-libros":[46317],"texto_web_novedad":"","orden":"999","portada":"0","texto_web_resaltado":"","traductores-libros":[58416],"descripcion_corta":"","recomendamos":"","mas_vendido":"","idioma-libro":"","color":false,"formato":"","mas_informacion_del_producto":false,"premios":[{"premio":"Millor c\u00f2mic infantil, Joe Shuster Awards (nominat)","anyo_del_premio":"2011","pais_del_premio":"Canad\u00e0"},{"premio":"Millor c\u00f2mic infantil, Will Eisner Comic Industry Awards (nominat)","anyo_del_premio":"2011","pais_del_premio":"EE.UU."},{"premio":"Millor llibre infantil de l\u2019any, Bank Street Children's Book Committee (guanyador)","anyo_del_premio":"2011","pais_del_premio":"EE.UU."},{"premio":"Millors llibres infantils i juvenils, Canadian Children's Book Centre (guanyador)","anyo_del_premio":"2011","pais_del_premio":"Canad\u00e0"},{"premio":"Llibre de l\u2019any, ForeWord Reviews (guanyador)","anyo_del_premio":"2010","pais_del_premio":"EE.UU."},{"premio":"","anyo_del_premio":"","pais_del_premio":""}],"deshabilitar_compra":[],"texto_enlace_cubierta":"","enlace_cubierta":{"ID":49908,"id":49908,"title":"9788426147080","filename":"9788426147080-1.jpg","filesize":192549,"url":"https:\/\/www.editorialjuventud.es\/wp-content\/uploads\/9788426147080-1.jpg","link":"https:\/\/www.editorialjuventud.es\/ca\/?attachment_id=49908","alt":"","author":"47","description":"","caption":"","name":"9788426147080","status":"inherit","uploaded_to":49760,"date":"2021-02-03 19:15:09","modified":"2021-02-03 19:15:09","menu_order":0,"mime_type":"image\/jpeg","type":"image","subtype":"jpeg","icon":"https:\/\/www.editorialjuventud.es\/wp-includes\/images\/media\/default.png","width":920,"height":1200,"sizes":{"thumbnail":"https:\/\/www.editorialjuventud.es\/wp-content\/uploads\/9788426147080-1-200x200.jpg","thumbnail-width":200,"thumbnail-height":200,"medium":"https:\/\/www.editorialjuventud.es\/wp-content\/uploads\/9788426147080-1.jpg","medium-width":920,"medium-height":1200,"medium_large":"https:\/\/www.editorialjuventud.es\/wp-content\/uploads\/9788426147080-1-768x1002.jpg","medium_large-width":768,"medium_large-height":1002,"large":"https:\/\/www.editorialjuventud.es\/wp-content\/uploads\/9788426147080-1.jpg","large-width":920,"large-height":1200,"1536x1536":"https:\/\/www.editorialjuventud.es\/wp-content\/uploads\/9788426147080-1.jpg","1536x1536-width":920,"1536x1536-height":1200,"2048x2048":"https:\/\/www.editorialjuventud.es\/wp-content\/uploads\/9788426147080-1.jpg","2048x2048-width":920,"2048x2048-height":1200,"woocommerce_thumbnail":"https:\/\/www.editorialjuventud.es\/wp-content\/uploads\/9788426147080-1-350x457.jpg","woocommerce_thumbnail-width":350,"woocommerce_thumbnail-height":457,"woocommerce_single":"https:\/\/www.editorialjuventud.es\/wp-content\/uploads\/9788426147080-1-900x1174.jpg","woocommerce_single-width":900,"woocommerce_single-height":1174,"woocommerce_gallery_thumbnail":"https:\/\/www.editorialjuventud.es\/wp-content\/uploads\/9788426147080-1-100x100.jpg","woocommerce_gallery_thumbnail-width":100,"woocommerce_gallery_thumbnail-height":100,"ppec_logo_image_size":"https:\/\/www.editorialjuventud.es\/wp-content\/uploads\/9788426147080-1.jpg","ppec_logo_image_size-width":46,"ppec_logo_image_size-height":60,"ppec_header_image_size":"https:\/\/www.editorialjuventud.es\/wp-content\/uploads\/9788426147080-1.jpg","ppec_header_image_size-width":69,"ppec_header_image_size-height":90}},"texto_enlace_ficha_tecnica":"","enlace_ficha_tecnica":{"ID":49910,"id":49910,"title":"Fitxa_Binky_al_rescat_cat","filename":"Fitxa_Binky_al_rescat_cat.pdf","filesize":579647,"url":"https:\/\/www.editorialjuventud.es\/wp-content\/uploads\/Fitxa_Binky_al_rescat_cat.pdf","link":"https:\/\/www.editorialjuventud.es\/ca\/?attachment_id=49910","alt":"","author":"47","description":"","caption":"","name":"fitxa_binky_al_rescat_cat","status":"inherit","uploaded_to":49760,"date":"2021-02-03 19:17:42","modified":"2021-02-03 19:17:42","menu_order":0,"mime_type":"application\/pdf","type":"application","subtype":"pdf","icon":"https:\/\/www.editorialjuventud.es\/wp-includes\/images\/media\/document.png"},"ficheros":false,"titulo-fr":"","texto-fr":""},"yoast_head":"<!-- This site is optimized with the Yoast SEO plugin v27.3 - https:\/\/yoast.com\/product\/yoast-seo-wordpress\/ -->\n<title>Binky al rescat - Editorial Juventud<\/title>\n<meta name=\"description\" content=\"Un GAT ESPACIAL. Un RATOL\u00cd. Una MISSI\u00d3.Torna el Binky! Encara \u00e9s un agent espacial amb t\u00edtol oficial, per\u00f2 ara t\u00e9 una nova i arriscada missi\u00f3. I aquesta\" \/>\n<meta name=\"robots\" content=\"index, follow, max-snippet:-1, max-image-preview:large, max-video-preview:-1\" \/>\n<link rel=\"canonical\" href=\"https:\/\/www.editorialjuventud.es\/binky-al-rescat-9788426147080\/\" \/>\n<meta property=\"og:locale\" content=\"ca_ES\" \/>\n<meta property=\"og:type\" content=\"article\" \/>\n<meta property=\"og:title\" content=\"Binky al rescat - Editorial Juventud\" \/>\n<meta property=\"og:description\" content=\"Un GAT ESPACIAL. Un RATOL\u00cd. Una MISSI\u00d3.Torna el Binky! Encara \u00e9s un agent espacial amb t\u00edtol oficial, per\u00f2 ara t\u00e9 una nova i arriscada missi\u00f3. I aquesta\" \/>\n<meta property=\"og:url\" content=\"https:\/\/www.editorialjuventud.es\/binky-al-rescat-9788426147080\/\" \/>\n<meta property=\"og:site_name\" content=\"Editorial Juventud\" \/>\n<meta property=\"article:modified_time\" content=\"2025-01-22T11:46:42+00:00\" \/>\n<meta property=\"og:image\" content=\"https:\/\/www.editorialjuventud.es\/wp-content\/uploads\/9788426147080.jpg\" \/>\n\t<meta property=\"og:image:width\" content=\"920\" \/>\n\t<meta property=\"og:image:height\" content=\"1200\" \/>\n\t<meta property=\"og:image:type\" content=\"image\/jpeg\" \/>\n<meta name=\"twitter:card\" content=\"summary_large_image\" \/>\n<meta name=\"twitter:label1\" content=\"Temps estimat de lectura\" \/>\n\t<meta name=\"twitter:data1\" content=\"1 minut\" \/>\n<script type=\"application\/ld+json\" class=\"yoast-schema-graph\">{\"@context\":\"https:\\\/\\\/schema.org\",\"@graph\":[{\"@type\":\"WebPage\",\"@id\":\"https:\\\/\\\/www.editorialjuventud.es\\\/binky-al-rescat-9788426147080\\\/\",\"url\":\"https:\\\/\\\/www.editorialjuventud.es\\\/binky-al-rescat-9788426147080\\\/\",\"name\":\"Binky al rescat - Editorial Juventud\",\"isPartOf\":{\"@id\":\"https:\\\/\\\/www.editorialjuventud.es\\\/#website\"},\"primaryImageOfPage\":{\"@id\":\"https:\\\/\\\/www.editorialjuventud.es\\\/binky-al-rescat-9788426147080\\\/#primaryimage\"},\"image\":{\"@id\":\"https:\\\/\\\/www.editorialjuventud.es\\\/binky-al-rescat-9788426147080\\\/#primaryimage\"},\"thumbnailUrl\":\"https:\\\/\\\/www.editorialjuventud.es\\\/wp-content\\\/uploads\\\/9788426147080.jpg\",\"datePublished\":\"2021-02-01T09:21:57+00:00\",\"dateModified\":\"2025-01-22T11:46:42+00:00\",\"description\":\"Un GAT ESPACIAL. Un RATOL\u00cd. Una MISSI\u00d3.Torna el Binky! Encara \u00e9s un agent espacial amb t\u00edtol oficial, per\u00f2 ara t\u00e9 una nova i arriscada missi\u00f3. I aquesta\",\"breadcrumb\":{\"@id\":\"https:\\\/\\\/www.editorialjuventud.es\\\/binky-al-rescat-9788426147080\\\/#breadcrumb\"},\"inLanguage\":\"ca\",\"potentialAction\":[{\"@type\":\"ReadAction\",\"target\":[\"https:\\\/\\\/www.editorialjuventud.es\\\/binky-al-rescat-9788426147080\\\/\"]}]},{\"@type\":\"ImageObject\",\"inLanguage\":\"ca\",\"@id\":\"https:\\\/\\\/www.editorialjuventud.es\\\/binky-al-rescat-9788426147080\\\/#primaryimage\",\"url\":\"https:\\\/\\\/www.editorialjuventud.es\\\/wp-content\\\/uploads\\\/9788426147080.jpg\",\"contentUrl\":\"https:\\\/\\\/www.editorialjuventud.es\\\/wp-content\\\/uploads\\\/9788426147080.jpg\",\"width\":920,\"height\":1200,\"caption\":\"9788426147080.jpg\"},{\"@type\":\"BreadcrumbList\",\"@id\":\"https:\\\/\\\/www.editorialjuventud.es\\\/binky-al-rescat-9788426147080\\\/#breadcrumb\",\"itemListElement\":[{\"@type\":\"ListItem\",\"position\":1,\"name\":\"Portada\",\"item\":\"https:\\\/\\\/www.editorialjuventud.es\\\/\"},{\"@type\":\"ListItem\",\"position\":2,\"name\":\"cat\u00e1logo\",\"item\":\"https:\\\/\\\/www.editorialjuventud.es\\\/coleccion\\\/catalogo\\\/\"},{\"@type\":\"ListItem\",\"position\":3,\"name\":\"catal\u00e0\",\"item\":\"https:\\\/\\\/www.editorialjuventud.es\\\/coleccion\\\/catala\\\/\"},{\"@type\":\"ListItem\",\"position\":4,\"name\":\"Joventut C\u00f2mic\",\"item\":\"https:\\\/\\\/www.editorialjuventud.es\\\/ca\\\/coleccion\\\/joventut-comic\\\/\"},{\"@type\":\"ListItem\",\"position\":5,\"name\":\"Binky\",\"item\":\"https:\\\/\\\/www.editorialjuventud.es\\\/coleccion\\\/binky-2\\\/\"},{\"@type\":\"ListItem\",\"position\":6,\"name\":\"Binky al rescat\"}]},{\"@type\":\"WebSite\",\"@id\":\"https:\\\/\\\/www.editorialjuventud.es\\\/#website\",\"url\":\"https:\\\/\\\/www.editorialjuventud.es\\\/\",\"name\":\"Editorial Juventud\",\"description\":\"\",\"potentialAction\":[{\"@type\":\"SearchAction\",\"target\":{\"@type\":\"EntryPoint\",\"urlTemplate\":\"https:\\\/\\\/www.editorialjuventud.es\\\/?s={search_term_string}\"},\"query-input\":{\"@type\":\"PropertyValueSpecification\",\"valueRequired\":true,\"valueName\":\"search_term_string\"}}],\"inLanguage\":\"ca\"}]}<\/script>\n<!-- \/ Yoast SEO plugin. -->","yoast_head_json":{"title":"Binky al rescat - Editorial Juventud","description":"Un GAT ESPACIAL. Un RATOL\u00cd. Una MISSI\u00d3.Torna el Binky! Encara \u00e9s un agent espacial amb t\u00edtol oficial, per\u00f2 ara t\u00e9 una nova i arriscada missi\u00f3. I aquesta","robots":{"index":"index","follow":"follow","max-snippet":"max-snippet:-1","max-image-preview":"max-image-preview:large","max-video-preview":"max-video-preview:-1"},"canonical":"https:\/\/www.editorialjuventud.es\/binky-al-rescat-9788426147080\/","og_locale":"ca_ES","og_type":"article","og_title":"Binky al rescat - Editorial Juventud","og_description":"Un GAT ESPACIAL. Un RATOL\u00cd. Una MISSI\u00d3.Torna el Binky! Encara \u00e9s un agent espacial amb t\u00edtol oficial, per\u00f2 ara t\u00e9 una nova i arriscada missi\u00f3. I aquesta","og_url":"https:\/\/www.editorialjuventud.es\/binky-al-rescat-9788426147080\/","og_site_name":"Editorial Juventud","article_modified_time":"2025-01-22T11:46:42+00:00","og_image":[{"width":920,"height":1200,"url":"https:\/\/www.editorialjuventud.es\/wp-content\/uploads\/9788426147080.jpg","type":"image\/jpeg"}],"twitter_card":"summary_large_image","twitter_misc":{"Temps estimat de lectura":"1 minut"},"schema":{"@context":"https:\/\/schema.org","@graph":[{"@type":"WebPage","@id":"https:\/\/www.editorialjuventud.es\/binky-al-rescat-9788426147080\/","url":"https:\/\/www.editorialjuventud.es\/binky-al-rescat-9788426147080\/","name":"Binky al rescat - Editorial Juventud","isPartOf":{"@id":"https:\/\/www.editorialjuventud.es\/#website"},"primaryImageOfPage":{"@id":"https:\/\/www.editorialjuventud.es\/binky-al-rescat-9788426147080\/#primaryimage"},"image":{"@id":"https:\/\/www.editorialjuventud.es\/binky-al-rescat-9788426147080\/#primaryimage"},"thumbnailUrl":"https:\/\/www.editorialjuventud.es\/wp-content\/uploads\/9788426147080.jpg","datePublished":"2021-02-01T09:21:57+00:00","dateModified":"2025-01-22T11:46:42+00:00","description":"Un GAT ESPACIAL. Un RATOL\u00cd. Una MISSI\u00d3.Torna el Binky! Encara \u00e9s un agent espacial amb t\u00edtol oficial, per\u00f2 ara t\u00e9 una nova i arriscada missi\u00f3. I aquesta","breadcrumb":{"@id":"https:\/\/www.editorialjuventud.es\/binky-al-rescat-9788426147080\/#breadcrumb"},"inLanguage":"ca","potentialAction":[{"@type":"ReadAction","target":["https:\/\/www.editorialjuventud.es\/binky-al-rescat-9788426147080\/"]}]},{"@type":"ImageObject","inLanguage":"ca","@id":"https:\/\/www.editorialjuventud.es\/binky-al-rescat-9788426147080\/#primaryimage","url":"https:\/\/www.editorialjuventud.es\/wp-content\/uploads\/9788426147080.jpg","contentUrl":"https:\/\/www.editorialjuventud.es\/wp-content\/uploads\/9788426147080.jpg","width":920,"height":1200,"caption":"9788426147080.jpg"},{"@type":"BreadcrumbList","@id":"https:\/\/www.editorialjuventud.es\/binky-al-rescat-9788426147080\/#breadcrumb","itemListElement":[{"@type":"ListItem","position":1,"name":"Portada","item":"https:\/\/www.editorialjuventud.es\/"},{"@type":"ListItem","position":2,"name":"cat\u00e1logo","item":"https:\/\/www.editorialjuventud.es\/coleccion\/catalogo\/"},{"@type":"ListItem","position":3,"name":"catal\u00e0","item":"https:\/\/www.editorialjuventud.es\/coleccion\/catala\/"},{"@type":"ListItem","position":4,"name":"Joventut C\u00f2mic","item":"https:\/\/www.editorialjuventud.es\/ca\/coleccion\/joventut-comic\/"},{"@type":"ListItem","position":5,"name":"Binky","item":"https:\/\/www.editorialjuventud.es\/coleccion\/binky-2\/"},{"@type":"ListItem","position":6,"name":"Binky al rescat"}]},{"@type":"WebSite","@id":"https:\/\/www.editorialjuventud.es\/#website","url":"https:\/\/www.editorialjuventud.es\/","name":"Editorial Juventud","description":"","potentialAction":[{"@type":"SearchAction","target":{"@type":"EntryPoint","urlTemplate":"https:\/\/www.editorialjuventud.es\/?s={search_term_string}"},"query-input":{"@type":"PropertyValueSpecification","valueRequired":true,"valueName":"search_term_string"}}],"inLanguage":"ca"}]}},"_links":{"self":[{"href":"https:\/\/www.editorialjuventud.es\/ca\/wp-json\/wp\/v2\/product\/49760","targetHints":{"allow":["GET"]}}],"collection":[{"href":"https:\/\/www.editorialjuventud.es\/ca\/wp-json\/wp\/v2\/product"}],"about":[{"href":"https:\/\/www.editorialjuventud.es\/ca\/wp-json\/wp\/v2\/types\/product"}],"wp:featuredmedia":[{"embeddable":true,"href":"https:\/\/www.editorialjuventud.es\/ca\/wp-json\/wp\/v2\/media\/49761"}],"wp:attachment":[{"href":"https:\/\/www.editorialjuventud.es\/ca\/wp-json\/wp\/v2\/media?parent=49760"}],"wp:term":[{"taxonomy":"product_brand","embeddable":true,"href":"https:\/\/www.editorialjuventud.es\/ca\/wp-json\/wp\/v2\/product_brand?post=49760"},{"taxonomy":"product_cat","embeddable":true,"href":"https:\/\/www.editorialjuventud.es\/ca\/wp-json\/wp\/v2\/product_cat?post=49760"},{"taxonomy":"product_tag","embeddable":true,"href":"https:\/\/www.editorialjuventud.es\/ca\/wp-json\/wp\/v2\/product_tag?post=49760"},{"taxonomy":"coleccion","embeddable":true,"href":"https:\/\/www.editorialjuventud.es\/ca\/wp-json\/wp\/v2\/coleccion?post=49760"}],"curies":[{"name":"wp","href":"https:\/\/api.w.org\/{rel}","templated":true}]}}