{"id":4957,"date":"2018-08-24T10:12:07","date_gmt":"2018-08-24T08:12:07","guid":{"rendered":"http:\/\/www.editorialjuventud.es\/el-cranc-de-les-pinces-dor\/"},"modified":"2025-01-22T13:50:18","modified_gmt":"2025-01-22T12:50:18","slug":"el-cranc-de-les-pinces-dor-9788426111869","status":"publish","type":"product","link":"https:\/\/www.editorialjuventud.es\/ca\/el-cranc-de-les-pinces-dor-9788426111869\/","title":{"rendered":"El Cranc de les pinces d&#8217;or"},"content":{"rendered":"<p>Tot seguint la pista d\u2019una misteriosa llauna de cranc, en Tint\u00edn cau presoner dins d\u2019un vaixell d\u2019una banda de malfactors traficants d\u2019opi. All\u00ed hi ha el malvat Allan i troba per primera vegada el capit\u00e0 Haddock, aleshores fet un pat\u00e8tic esclau per la seva addici\u00f3 a l\u2019alcohol, vici que li dona innombrables problemes, tant a ell com a en Tint\u00edn, perqu\u00e8 aquest intenta ajudar-lo. La desintoxicaci\u00f3 del capit\u00e0 es far\u00e0 efectiva al llarg de la seva for\u00e7ada travessia del desert.<\/p>\n","protected":false},"excerpt":{"rendered":"Tot seguint la pista d\u2019una misteriosa llauna de cranc, en Tint\u00edn cau presoner dins d\u2019un vaixell d\u2019una banda de malfactors traficants d\u2019opi. All\u00ed hi ha el malvat Allan i troba per primera vegada el capit\u00e0 Haddock, aleshores fet un pat\u00e8tic [&hellip;]","protected":false},"featured_media":65870,"template":"","meta":{"_acf_changed":false,"_exactmetrics_skip_tracking":false,"_exactmetrics_sitenote_active":false,"_exactmetrics_sitenote_note":"","_exactmetrics_sitenote_category":0},"product_brand":[],"product_cat":[902,1142,1127,892,1128,1229],"product_tag":[],"coleccion":[1087],"class_list":{"0":"post-4957","1":"product","2":"type-product","3":"status-publish","4":"has-post-thumbnail","6":"product_cat-a-partir-de-7-anos","7":"product_cat-aventura","8":"product_cat-comic","9":"product_cat-edades","10":"product_cat-tematica","11":"product_cat-vacaciones-viajes","12":"coleccion-les-aventures-de-tintin-llibres-de-tintin","14":"first","15":"instock","16":"taxable","17":"shipping-taxable","18":"purchasable","19":"product-type-simple"},"acf":{"autor":"HERGE-TINTIN CATALAN","codart":"1186-6","ediciones":"19","encuadernacion":"Carton\u00e9","fecha_de_publicacion":"18\/10\/1989","novedad":"0","paginas":"64","subtitulo":"","texto_web_adicional":"","texto_web_novedad":"","orden":"999","portada":"0","texto_web_resaltado":"","indice":"","autores-libros":[16407],"ilustradores-libros":[16407],"traductores-libros":[18322],"fecha_de_reimpresion":"01\/05\/2022","descripcion_corta":"","recomendamos":"","mas_vendido":"","idioma-libro":"","color":false,"formato":"","mas_informacion_del_producto":false,"premios":false,"deshabilitar_compra":[],"texto_enlace_cubierta":"","enlace_cubierta":false,"texto_enlace_ficha_tecnica":"","enlace_ficha_tecnica":false,"ficheros":false,"titulo-fr":"","texto-fr":""},"yoast_head":"<!-- This site is optimized with the Yoast SEO plugin v27.5 - https:\/\/yoast.com\/product\/yoast-seo-wordpress\/ -->\n<title>El Cranc de les pinces d&#039;or - Editorial Juventud<\/title>\n<meta name=\"description\" content=\"Tot seguint la pista d\u2019una misteriosa llauna de cranc, en Tint\u00edn cau presoner dins d\u2019un vaixell d\u2019una banda de malfactors traficants d\u2019opi. All\u00ed hi ha el\" \/>\n<meta name=\"robots\" content=\"index, follow, max-snippet:-1, max-image-preview:large, max-video-preview:-1\" \/>\n<link rel=\"canonical\" href=\"https:\/\/www.editorialjuventud.es\/el-cranc-de-les-pinces-dor-9788426111869\/\" \/>\n<meta property=\"og:locale\" content=\"ca_ES\" \/>\n<meta property=\"og:type\" content=\"article\" \/>\n<meta property=\"og:title\" content=\"El Cranc de les pinces d&#039;or - Editorial Juventud\" \/>\n<meta property=\"og:description\" content=\"Tot seguint la pista d\u2019una misteriosa llauna de cranc, en Tint\u00edn cau presoner dins d\u2019un vaixell d\u2019una banda de malfactors traficants d\u2019opi. All\u00ed hi ha el\" \/>\n<meta property=\"og:url\" content=\"https:\/\/www.editorialjuventud.es\/el-cranc-de-les-pinces-dor-9788426111869\/\" \/>\n<meta property=\"og:site_name\" content=\"Editorial Juventud\" \/>\n<meta property=\"article:modified_time\" content=\"2025-01-22T12:50:18+00:00\" \/>\n<meta property=\"og:image\" content=\"https:\/\/www.editorialjuventud.es\/wp-content\/uploads\/1186.jpg\" \/>\n\t<meta property=\"og:image:width\" content=\"320\" \/>\n\t<meta property=\"og:image:height\" content=\"450\" \/>\n\t<meta property=\"og:image:type\" content=\"image\/jpeg\" \/>\n<meta name=\"twitter:card\" content=\"summary_large_image\" \/>\n<script type=\"application\/ld+json\" class=\"yoast-schema-graph\">{\"@context\":\"https:\\\/\\\/schema.org\",\"@graph\":[{\"@type\":\"WebPage\",\"@id\":\"https:\\\/\\\/www.editorialjuventud.es\\\/el-cranc-de-les-pinces-dor-9788426111869\\\/\",\"url\":\"https:\\\/\\\/www.editorialjuventud.es\\\/el-cranc-de-les-pinces-dor-9788426111869\\\/\",\"name\":\"El Cranc de les pinces d'or - Editorial Juventud\",\"isPartOf\":{\"@id\":\"https:\\\/\\\/www.editorialjuventud.es\\\/#website\"},\"primaryImageOfPage\":{\"@id\":\"https:\\\/\\\/www.editorialjuventud.es\\\/el-cranc-de-les-pinces-dor-9788426111869\\\/#primaryimage\"},\"image\":{\"@id\":\"https:\\\/\\\/www.editorialjuventud.es\\\/el-cranc-de-les-pinces-dor-9788426111869\\\/#primaryimage\"},\"thumbnailUrl\":\"https:\\\/\\\/www.editorialjuventud.es\\\/wp-content\\\/uploads\\\/1186.jpg\",\"datePublished\":\"2018-08-24T08:12:07+00:00\",\"dateModified\":\"2025-01-22T12:50:18+00:00\",\"description\":\"Tot seguint la pista d\u2019una misteriosa llauna de cranc, en Tint\u00edn cau presoner dins d\u2019un vaixell d\u2019una banda de malfactors traficants d\u2019opi. All\u00ed hi ha el\",\"breadcrumb\":{\"@id\":\"https:\\\/\\\/www.editorialjuventud.es\\\/el-cranc-de-les-pinces-dor-9788426111869\\\/#breadcrumb\"},\"inLanguage\":\"ca\",\"potentialAction\":[{\"@type\":\"ReadAction\",\"target\":[\"https:\\\/\\\/www.editorialjuventud.es\\\/el-cranc-de-les-pinces-dor-9788426111869\\\/\"]}]},{\"@type\":\"ImageObject\",\"inLanguage\":\"ca\",\"@id\":\"https:\\\/\\\/www.editorialjuventud.es\\\/el-cranc-de-les-pinces-dor-9788426111869\\\/#primaryimage\",\"url\":\"https:\\\/\\\/www.editorialjuventud.es\\\/wp-content\\\/uploads\\\/1186.jpg\",\"contentUrl\":\"https:\\\/\\\/www.editorialjuventud.es\\\/wp-content\\\/uploads\\\/1186.jpg\",\"width\":320,\"height\":450,\"caption\":\"1186.jpg\"},{\"@type\":\"BreadcrumbList\",\"@id\":\"https:\\\/\\\/www.editorialjuventud.es\\\/el-cranc-de-les-pinces-dor-9788426111869\\\/#breadcrumb\",\"itemListElement\":[{\"@type\":\"ListItem\",\"position\":1,\"name\":\"Portada\",\"item\":\"https:\\\/\\\/www.editorialjuventud.es\\\/\"},{\"@type\":\"ListItem\",\"position\":2,\"name\":\"cat\u00e1logo\",\"item\":\"https:\\\/\\\/www.editorialjuventud.es\\\/coleccion\\\/catalogo\\\/\"},{\"@type\":\"ListItem\",\"position\":3,\"name\":\"catal\u00e0\",\"item\":\"https:\\\/\\\/www.editorialjuventud.es\\\/coleccion\\\/catala\\\/\"},{\"@type\":\"ListItem\",\"position\":4,\"name\":\"Llibres de Tint\u00edn\",\"item\":\"https:\\\/\\\/www.editorialjuventud.es\\\/ca\\\/coleccion\\\/llibres-de-tintin\\\/\"},{\"@type\":\"ListItem\",\"position\":5,\"name\":\"Les Aventures de Tint\u00edn\",\"item\":\"https:\\\/\\\/www.editorialjuventud.es\\\/ca\\\/coleccion\\\/les-aventures-de-tintin-llibres-de-tintin\\\/\"},{\"@type\":\"ListItem\",\"position\":6,\"name\":\"El Cranc de les pinces d'or\"}]},{\"@type\":\"WebSite\",\"@id\":\"https:\\\/\\\/www.editorialjuventud.es\\\/#website\",\"url\":\"https:\\\/\\\/www.editorialjuventud.es\\\/\",\"name\":\"Editorial Juventud\",\"description\":\"\",\"potentialAction\":[{\"@type\":\"SearchAction\",\"target\":{\"@type\":\"EntryPoint\",\"urlTemplate\":\"https:\\\/\\\/www.editorialjuventud.es\\\/?s={search_term_string}\"},\"query-input\":{\"@type\":\"PropertyValueSpecification\",\"valueRequired\":true,\"valueName\":\"search_term_string\"}}],\"inLanguage\":\"ca\"}]}<\/script>\n<!-- \/ Yoast SEO plugin. -->","yoast_head_json":{"title":"El Cranc de les pinces d'or - Editorial Juventud","description":"Tot seguint la pista d\u2019una misteriosa llauna de cranc, en Tint\u00edn cau presoner dins d\u2019un vaixell d\u2019una banda de malfactors traficants d\u2019opi. All\u00ed hi ha el","robots":{"index":"index","follow":"follow","max-snippet":"max-snippet:-1","max-image-preview":"max-image-preview:large","max-video-preview":"max-video-preview:-1"},"canonical":"https:\/\/www.editorialjuventud.es\/el-cranc-de-les-pinces-dor-9788426111869\/","og_locale":"ca_ES","og_type":"article","og_title":"El Cranc de les pinces d'or - Editorial Juventud","og_description":"Tot seguint la pista d\u2019una misteriosa llauna de cranc, en Tint\u00edn cau presoner dins d\u2019un vaixell d\u2019una banda de malfactors traficants d\u2019opi. All\u00ed hi ha el","og_url":"https:\/\/www.editorialjuventud.es\/el-cranc-de-les-pinces-dor-9788426111869\/","og_site_name":"Editorial Juventud","article_modified_time":"2025-01-22T12:50:18+00:00","og_image":[{"width":320,"height":450,"url":"https:\/\/www.editorialjuventud.es\/wp-content\/uploads\/1186.jpg","type":"image\/jpeg"}],"twitter_card":"summary_large_image","schema":{"@context":"https:\/\/schema.org","@graph":[{"@type":"WebPage","@id":"https:\/\/www.editorialjuventud.es\/el-cranc-de-les-pinces-dor-9788426111869\/","url":"https:\/\/www.editorialjuventud.es\/el-cranc-de-les-pinces-dor-9788426111869\/","name":"El Cranc de les pinces d'or - Editorial Juventud","isPartOf":{"@id":"https:\/\/www.editorialjuventud.es\/#website"},"primaryImageOfPage":{"@id":"https:\/\/www.editorialjuventud.es\/el-cranc-de-les-pinces-dor-9788426111869\/#primaryimage"},"image":{"@id":"https:\/\/www.editorialjuventud.es\/el-cranc-de-les-pinces-dor-9788426111869\/#primaryimage"},"thumbnailUrl":"https:\/\/www.editorialjuventud.es\/wp-content\/uploads\/1186.jpg","datePublished":"2018-08-24T08:12:07+00:00","dateModified":"2025-01-22T12:50:18+00:00","description":"Tot seguint la pista d\u2019una misteriosa llauna de cranc, en Tint\u00edn cau presoner dins d\u2019un vaixell d\u2019una banda de malfactors traficants d\u2019opi. All\u00ed hi ha el","breadcrumb":{"@id":"https:\/\/www.editorialjuventud.es\/el-cranc-de-les-pinces-dor-9788426111869\/#breadcrumb"},"inLanguage":"ca","potentialAction":[{"@type":"ReadAction","target":["https:\/\/www.editorialjuventud.es\/el-cranc-de-les-pinces-dor-9788426111869\/"]}]},{"@type":"ImageObject","inLanguage":"ca","@id":"https:\/\/www.editorialjuventud.es\/el-cranc-de-les-pinces-dor-9788426111869\/#primaryimage","url":"https:\/\/www.editorialjuventud.es\/wp-content\/uploads\/1186.jpg","contentUrl":"https:\/\/www.editorialjuventud.es\/wp-content\/uploads\/1186.jpg","width":320,"height":450,"caption":"1186.jpg"},{"@type":"BreadcrumbList","@id":"https:\/\/www.editorialjuventud.es\/el-cranc-de-les-pinces-dor-9788426111869\/#breadcrumb","itemListElement":[{"@type":"ListItem","position":1,"name":"Portada","item":"https:\/\/www.editorialjuventud.es\/"},{"@type":"ListItem","position":2,"name":"cat\u00e1logo","item":"https:\/\/www.editorialjuventud.es\/coleccion\/catalogo\/"},{"@type":"ListItem","position":3,"name":"catal\u00e0","item":"https:\/\/www.editorialjuventud.es\/coleccion\/catala\/"},{"@type":"ListItem","position":4,"name":"Llibres de Tint\u00edn","item":"https:\/\/www.editorialjuventud.es\/ca\/coleccion\/llibres-de-tintin\/"},{"@type":"ListItem","position":5,"name":"Les Aventures de Tint\u00edn","item":"https:\/\/www.editorialjuventud.es\/ca\/coleccion\/les-aventures-de-tintin-llibres-de-tintin\/"},{"@type":"ListItem","position":6,"name":"El Cranc de les pinces d'or"}]},{"@type":"WebSite","@id":"https:\/\/www.editorialjuventud.es\/#website","url":"https:\/\/www.editorialjuventud.es\/","name":"Editorial Juventud","description":"","potentialAction":[{"@type":"SearchAction","target":{"@type":"EntryPoint","urlTemplate":"https:\/\/www.editorialjuventud.es\/?s={search_term_string}"},"query-input":{"@type":"PropertyValueSpecification","valueRequired":true,"valueName":"search_term_string"}}],"inLanguage":"ca"}]}},"_links":{"self":[{"href":"https:\/\/www.editorialjuventud.es\/ca\/wp-json\/wp\/v2\/product\/4957","targetHints":{"allow":["GET"]}}],"collection":[{"href":"https:\/\/www.editorialjuventud.es\/ca\/wp-json\/wp\/v2\/product"}],"about":[{"href":"https:\/\/www.editorialjuventud.es\/ca\/wp-json\/wp\/v2\/types\/product"}],"wp:featuredmedia":[{"embeddable":true,"href":"https:\/\/www.editorialjuventud.es\/ca\/wp-json\/wp\/v2\/media\/65870"}],"wp:attachment":[{"href":"https:\/\/www.editorialjuventud.es\/ca\/wp-json\/wp\/v2\/media?parent=4957"}],"wp:term":[{"taxonomy":"product_brand","embeddable":true,"href":"https:\/\/www.editorialjuventud.es\/ca\/wp-json\/wp\/v2\/product_brand?post=4957"},{"taxonomy":"product_cat","embeddable":true,"href":"https:\/\/www.editorialjuventud.es\/ca\/wp-json\/wp\/v2\/product_cat?post=4957"},{"taxonomy":"product_tag","embeddable":true,"href":"https:\/\/www.editorialjuventud.es\/ca\/wp-json\/wp\/v2\/product_tag?post=4957"},{"taxonomy":"coleccion","embeddable":true,"href":"https:\/\/www.editorialjuventud.es\/ca\/wp-json\/wp\/v2\/coleccion?post=4957"}],"curies":[{"name":"wp","href":"https:\/\/api.w.org\/{rel}","templated":true}]}}