{"id":4956,"date":"2018-08-24T10:12:03","date_gmt":"2018-08-24T08:12:03","guid":{"rendered":"http:\/\/www.editorialjuventud.es\/el-lotus-blau\/"},"modified":"2025-01-22T13:50:23","modified_gmt":"2025-01-22T12:50:23","slug":"el-lotus-blau-9788426111852","status":"publish","type":"product","link":"https:\/\/www.editorialjuventud.es\/ca\/el-lotus-blau-9788426111852\/","title":{"rendered":"El Lotus Blau"},"content":{"rendered":"<p>En Tint\u00edn aquesta vegada viatjar\u00e0 cap a la misteriosa Xina. A Xangai descobreix l\u2019origen d\u2019un poder\u00f3s ver\u00ed que fa embogir. All\u00ed s\u2019enfronta a una banda terrible de traficants d\u2019opi aix\u00ed com tamb\u00e9 a uns agents japonesos que fins que el llibre s\u2019acaba mantenen el lector en suspens.<br \/>Quan va acabar Els cigars del Fara\u00f3, Herg\u00e9 ja havia anunciat a Le Petit Vingti\u00e8me que en Tint\u00edn es disposava a seguir el seu viatge cap a l\u2019Extrem Orient. Llavors va rebre una carta del Pare Gosset, capell\u00e0 dels estudiants xinesos de la Universitat de Lovaina, en la qual l\u2019aconsellava que s\u2019inform\u00e9s b\u00e9 sobre la Xina i la seva cultura i li va presentar el jove xin\u00e8s Txang-Txong-Jen, estudiant d\u2019art a l\u2019Acad\u00e8mia de Belles Arts de Lovaina. De seguida varen simpatitzar i es feren grans amics. (Podem recon\u00e8ixer el jove Txang en el noi xin\u00e8s amic de Tint\u00edn.) Gr\u00e0cies a les llargues converses amb en Txang, Herg\u00e9 va poder endinsar-se en el coneixement de la cultura de la Xina, fugint dels t\u00f2pics sobre els xinesos que llavors tenien els europeus, absolutament lluny de la realitat. L\u2019amistat amb en Txang duraria tota la vida, tant en la ficci\u00f3 com en la vida real. <br \/>Aquest \u00e9s el primer \u00e0lbum que Herg\u00e9 assumiria del tot, i a partir del qual sempre es va documentar profundament sobre els pa\u00efsos on en Tint\u00edn havia de viatjar.<\/p>\n","protected":false},"excerpt":{"rendered":"En Tint\u00edn aquesta vegada viatjar\u00e0 cap a la misteriosa Xina. A Xangai descobreix l\u2019origen d\u2019un poder\u00f3s ver\u00ed que fa embogir. All\u00ed s\u2019enfronta a una banda terrible de traficants d\u2019opi aix\u00ed com tamb\u00e9 a uns agents japonesos que fins que el [&hellip;]","protected":false},"featured_media":15357,"template":"","meta":{"_acf_changed":false,"_exactmetrics_skip_tracking":false,"_exactmetrics_sitenote_active":false,"_exactmetrics_sitenote_note":"","_exactmetrics_sitenote_category":0},"product_brand":[],"product_cat":[902,1142,1127,892,1128],"product_tag":[],"coleccion":[1087],"class_list":{"0":"post-4956","1":"product","2":"type-product","3":"status-publish","4":"has-post-thumbnail","6":"product_cat-a-partir-de-7-anos","7":"product_cat-aventura","8":"product_cat-comic","9":"product_cat-edades","10":"product_cat-tematica","11":"coleccion-les-aventures-de-tintin-llibres-de-tintin","13":"first","14":"instock","15":"taxable","16":"shipping-taxable","17":"purchasable","18":"product-type-simple"},"acf":{"autor":"HERGE-TINTIN CATALAN","codart":"1185-8","ediciones":"20","encuadernacion":"Carton\u00e9","fecha_de_publicacion":"11\/10\/1989","novedad":"0","paginas":"64","subtitulo":"","texto_web_adicional":"","texto_web_novedad":"","orden":"999","portada":"0","texto_web_resaltado":"","indice":"","autores-libros":[16407],"ilustradores-libros":[16407],"traductores-libros":[18322],"descripcion_corta":"","recomendamos":"","mas_vendido":"","idioma-libro":"","color":false,"formato":"","mas_informacion_del_producto":false,"premios":false,"texto_enlace_cubierta":"","enlace_cubierta":false,"texto_enlace_ficha_tecnica":"","enlace_ficha_tecnica":false,"ficheros":false,"titulo-fr":"","texto-fr":"","fecha_de_reimpresion":"01\/04\/2019","deshabilitar_compra":[]},"yoast_head":"<!-- This site is optimized with the Yoast SEO plugin v27.3 - https:\/\/yoast.com\/product\/yoast-seo-wordpress\/ -->\n<title>El Lotus Blau - Editorial Juventud<\/title>\n<meta name=\"description\" content=\"En Tint\u00edn aquesta vegada viatjar\u00e0 cap a la misteriosa Xina. A Xangai descobreix l\u2019origen d\u2019un poder\u00f3s ver\u00ed que fa embogir. All\u00ed s\u2019enfronta a una banda\" \/>\n<meta name=\"robots\" content=\"index, follow, max-snippet:-1, max-image-preview:large, max-video-preview:-1\" \/>\n<link rel=\"canonical\" href=\"https:\/\/www.editorialjuventud.es\/el-lotus-blau-9788426111852\/\" \/>\n<meta property=\"og:locale\" content=\"ca_ES\" \/>\n<meta property=\"og:type\" content=\"article\" \/>\n<meta property=\"og:title\" content=\"El Lotus Blau - Editorial Juventud\" \/>\n<meta property=\"og:description\" content=\"En Tint\u00edn aquesta vegada viatjar\u00e0 cap a la misteriosa Xina. A Xangai descobreix l\u2019origen d\u2019un poder\u00f3s ver\u00ed que fa embogir. All\u00ed s\u2019enfronta a una banda\" \/>\n<meta property=\"og:url\" content=\"https:\/\/www.editorialjuventud.es\/el-lotus-blau-9788426111852\/\" \/>\n<meta property=\"og:site_name\" content=\"Editorial Juventud\" \/>\n<meta property=\"article:modified_time\" content=\"2025-01-22T12:50:23+00:00\" \/>\n<meta property=\"og:image\" content=\"https:\/\/www.editorialjuventud.es\/wp-content\/uploads\/9788426111852.jpg\" \/>\n\t<meta property=\"og:image:width\" content=\"317\" \/>\n\t<meta property=\"og:image:height\" content=\"450\" \/>\n\t<meta property=\"og:image:type\" content=\"image\/jpeg\" \/>\n<meta name=\"twitter:card\" content=\"summary_large_image\" \/>\n<meta name=\"twitter:label1\" content=\"Temps estimat de lectura\" \/>\n\t<meta name=\"twitter:data1\" content=\"2 minuts\" \/>\n<script type=\"application\/ld+json\" class=\"yoast-schema-graph\">{\"@context\":\"https:\\\/\\\/schema.org\",\"@graph\":[{\"@type\":\"WebPage\",\"@id\":\"https:\\\/\\\/www.editorialjuventud.es\\\/el-lotus-blau-9788426111852\\\/\",\"url\":\"https:\\\/\\\/www.editorialjuventud.es\\\/el-lotus-blau-9788426111852\\\/\",\"name\":\"El Lotus Blau - Editorial Juventud\",\"isPartOf\":{\"@id\":\"https:\\\/\\\/www.editorialjuventud.es\\\/#website\"},\"primaryImageOfPage\":{\"@id\":\"https:\\\/\\\/www.editorialjuventud.es\\\/el-lotus-blau-9788426111852\\\/#primaryimage\"},\"image\":{\"@id\":\"https:\\\/\\\/www.editorialjuventud.es\\\/el-lotus-blau-9788426111852\\\/#primaryimage\"},\"thumbnailUrl\":\"https:\\\/\\\/www.editorialjuventud.es\\\/wp-content\\\/uploads\\\/9788426111852.jpg\",\"datePublished\":\"2018-08-24T08:12:03+00:00\",\"dateModified\":\"2025-01-22T12:50:23+00:00\",\"description\":\"En Tint\u00edn aquesta vegada viatjar\u00e0 cap a la misteriosa Xina. A Xangai descobreix l\u2019origen d\u2019un poder\u00f3s ver\u00ed que fa embogir. All\u00ed s\u2019enfronta a una banda\",\"breadcrumb\":{\"@id\":\"https:\\\/\\\/www.editorialjuventud.es\\\/el-lotus-blau-9788426111852\\\/#breadcrumb\"},\"inLanguage\":\"ca\",\"potentialAction\":[{\"@type\":\"ReadAction\",\"target\":[\"https:\\\/\\\/www.editorialjuventud.es\\\/el-lotus-blau-9788426111852\\\/\"]}]},{\"@type\":\"ImageObject\",\"inLanguage\":\"ca\",\"@id\":\"https:\\\/\\\/www.editorialjuventud.es\\\/el-lotus-blau-9788426111852\\\/#primaryimage\",\"url\":\"https:\\\/\\\/www.editorialjuventud.es\\\/wp-content\\\/uploads\\\/9788426111852.jpg\",\"contentUrl\":\"https:\\\/\\\/www.editorialjuventud.es\\\/wp-content\\\/uploads\\\/9788426111852.jpg\",\"width\":317,\"height\":450,\"caption\":\"9788426111852.jpg\"},{\"@type\":\"BreadcrumbList\",\"@id\":\"https:\\\/\\\/www.editorialjuventud.es\\\/el-lotus-blau-9788426111852\\\/#breadcrumb\",\"itemListElement\":[{\"@type\":\"ListItem\",\"position\":1,\"name\":\"Portada\",\"item\":\"https:\\\/\\\/www.editorialjuventud.es\\\/\"},{\"@type\":\"ListItem\",\"position\":2,\"name\":\"cat\u00e1logo\",\"item\":\"https:\\\/\\\/www.editorialjuventud.es\\\/coleccion\\\/catalogo\\\/\"},{\"@type\":\"ListItem\",\"position\":3,\"name\":\"catal\u00e0\",\"item\":\"https:\\\/\\\/www.editorialjuventud.es\\\/coleccion\\\/catala\\\/\"},{\"@type\":\"ListItem\",\"position\":4,\"name\":\"Llibres de Tint\u00edn\",\"item\":\"https:\\\/\\\/www.editorialjuventud.es\\\/ca\\\/coleccion\\\/llibres-de-tintin\\\/\"},{\"@type\":\"ListItem\",\"position\":5,\"name\":\"Les Aventures de Tint\u00edn\",\"item\":\"https:\\\/\\\/www.editorialjuventud.es\\\/ca\\\/coleccion\\\/les-aventures-de-tintin-llibres-de-tintin\\\/\"},{\"@type\":\"ListItem\",\"position\":6,\"name\":\"El Lotus Blau\"}]},{\"@type\":\"WebSite\",\"@id\":\"https:\\\/\\\/www.editorialjuventud.es\\\/#website\",\"url\":\"https:\\\/\\\/www.editorialjuventud.es\\\/\",\"name\":\"Editorial Juventud\",\"description\":\"\",\"potentialAction\":[{\"@type\":\"SearchAction\",\"target\":{\"@type\":\"EntryPoint\",\"urlTemplate\":\"https:\\\/\\\/www.editorialjuventud.es\\\/?s={search_term_string}\"},\"query-input\":{\"@type\":\"PropertyValueSpecification\",\"valueRequired\":true,\"valueName\":\"search_term_string\"}}],\"inLanguage\":\"ca\"}]}<\/script>\n<!-- \/ Yoast SEO plugin. -->","yoast_head_json":{"title":"El Lotus Blau - Editorial Juventud","description":"En Tint\u00edn aquesta vegada viatjar\u00e0 cap a la misteriosa Xina. A Xangai descobreix l\u2019origen d\u2019un poder\u00f3s ver\u00ed que fa embogir. All\u00ed s\u2019enfronta a una banda","robots":{"index":"index","follow":"follow","max-snippet":"max-snippet:-1","max-image-preview":"max-image-preview:large","max-video-preview":"max-video-preview:-1"},"canonical":"https:\/\/www.editorialjuventud.es\/el-lotus-blau-9788426111852\/","og_locale":"ca_ES","og_type":"article","og_title":"El Lotus Blau - Editorial Juventud","og_description":"En Tint\u00edn aquesta vegada viatjar\u00e0 cap a la misteriosa Xina. A Xangai descobreix l\u2019origen d\u2019un poder\u00f3s ver\u00ed que fa embogir. All\u00ed s\u2019enfronta a una banda","og_url":"https:\/\/www.editorialjuventud.es\/el-lotus-blau-9788426111852\/","og_site_name":"Editorial Juventud","article_modified_time":"2025-01-22T12:50:23+00:00","og_image":[{"width":317,"height":450,"url":"https:\/\/www.editorialjuventud.es\/wp-content\/uploads\/9788426111852.jpg","type":"image\/jpeg"}],"twitter_card":"summary_large_image","twitter_misc":{"Temps estimat de lectura":"2 minuts"},"schema":{"@context":"https:\/\/schema.org","@graph":[{"@type":"WebPage","@id":"https:\/\/www.editorialjuventud.es\/el-lotus-blau-9788426111852\/","url":"https:\/\/www.editorialjuventud.es\/el-lotus-blau-9788426111852\/","name":"El Lotus Blau - Editorial Juventud","isPartOf":{"@id":"https:\/\/www.editorialjuventud.es\/#website"},"primaryImageOfPage":{"@id":"https:\/\/www.editorialjuventud.es\/el-lotus-blau-9788426111852\/#primaryimage"},"image":{"@id":"https:\/\/www.editorialjuventud.es\/el-lotus-blau-9788426111852\/#primaryimage"},"thumbnailUrl":"https:\/\/www.editorialjuventud.es\/wp-content\/uploads\/9788426111852.jpg","datePublished":"2018-08-24T08:12:03+00:00","dateModified":"2025-01-22T12:50:23+00:00","description":"En Tint\u00edn aquesta vegada viatjar\u00e0 cap a la misteriosa Xina. A Xangai descobreix l\u2019origen d\u2019un poder\u00f3s ver\u00ed que fa embogir. All\u00ed s\u2019enfronta a una banda","breadcrumb":{"@id":"https:\/\/www.editorialjuventud.es\/el-lotus-blau-9788426111852\/#breadcrumb"},"inLanguage":"ca","potentialAction":[{"@type":"ReadAction","target":["https:\/\/www.editorialjuventud.es\/el-lotus-blau-9788426111852\/"]}]},{"@type":"ImageObject","inLanguage":"ca","@id":"https:\/\/www.editorialjuventud.es\/el-lotus-blau-9788426111852\/#primaryimage","url":"https:\/\/www.editorialjuventud.es\/wp-content\/uploads\/9788426111852.jpg","contentUrl":"https:\/\/www.editorialjuventud.es\/wp-content\/uploads\/9788426111852.jpg","width":317,"height":450,"caption":"9788426111852.jpg"},{"@type":"BreadcrumbList","@id":"https:\/\/www.editorialjuventud.es\/el-lotus-blau-9788426111852\/#breadcrumb","itemListElement":[{"@type":"ListItem","position":1,"name":"Portada","item":"https:\/\/www.editorialjuventud.es\/"},{"@type":"ListItem","position":2,"name":"cat\u00e1logo","item":"https:\/\/www.editorialjuventud.es\/coleccion\/catalogo\/"},{"@type":"ListItem","position":3,"name":"catal\u00e0","item":"https:\/\/www.editorialjuventud.es\/coleccion\/catala\/"},{"@type":"ListItem","position":4,"name":"Llibres de Tint\u00edn","item":"https:\/\/www.editorialjuventud.es\/ca\/coleccion\/llibres-de-tintin\/"},{"@type":"ListItem","position":5,"name":"Les Aventures de Tint\u00edn","item":"https:\/\/www.editorialjuventud.es\/ca\/coleccion\/les-aventures-de-tintin-llibres-de-tintin\/"},{"@type":"ListItem","position":6,"name":"El Lotus Blau"}]},{"@type":"WebSite","@id":"https:\/\/www.editorialjuventud.es\/#website","url":"https:\/\/www.editorialjuventud.es\/","name":"Editorial Juventud","description":"","potentialAction":[{"@type":"SearchAction","target":{"@type":"EntryPoint","urlTemplate":"https:\/\/www.editorialjuventud.es\/?s={search_term_string}"},"query-input":{"@type":"PropertyValueSpecification","valueRequired":true,"valueName":"search_term_string"}}],"inLanguage":"ca"}]}},"_links":{"self":[{"href":"https:\/\/www.editorialjuventud.es\/ca\/wp-json\/wp\/v2\/product\/4956","targetHints":{"allow":["GET"]}}],"collection":[{"href":"https:\/\/www.editorialjuventud.es\/ca\/wp-json\/wp\/v2\/product"}],"about":[{"href":"https:\/\/www.editorialjuventud.es\/ca\/wp-json\/wp\/v2\/types\/product"}],"wp:featuredmedia":[{"embeddable":true,"href":"https:\/\/www.editorialjuventud.es\/ca\/wp-json\/wp\/v2\/media\/15357"}],"wp:attachment":[{"href":"https:\/\/www.editorialjuventud.es\/ca\/wp-json\/wp\/v2\/media?parent=4956"}],"wp:term":[{"taxonomy":"product_brand","embeddable":true,"href":"https:\/\/www.editorialjuventud.es\/ca\/wp-json\/wp\/v2\/product_brand?post=4956"},{"taxonomy":"product_cat","embeddable":true,"href":"https:\/\/www.editorialjuventud.es\/ca\/wp-json\/wp\/v2\/product_cat?post=4956"},{"taxonomy":"product_tag","embeddable":true,"href":"https:\/\/www.editorialjuventud.es\/ca\/wp-json\/wp\/v2\/product_tag?post=4956"},{"taxonomy":"coleccion","embeddable":true,"href":"https:\/\/www.editorialjuventud.es\/ca\/wp-json\/wp\/v2\/coleccion?post=4956"}],"curies":[{"name":"wp","href":"https:\/\/api.w.org\/{rel}","templated":true}]}}