{"id":4955,"date":"2018-08-24T10:11:59","date_gmt":"2018-08-24T08:11:59","guid":{"rendered":"http:\/\/www.editorialjuventud.es\/tintin-al-pais-de-lor-negre\/"},"modified":"2025-01-22T13:50:29","modified_gmt":"2025-01-22T12:50:29","slug":"tintin-al-pais-de-lor-negre-9788426111845","status":"publish","type":"product","link":"https:\/\/www.editorialjuventud.es\/ca\/tintin-al-pais-de-lor-negre-9788426111845\/","title":{"rendered":"Tint\u00edn al pa\u00eds de l&#8217;Or Negre"},"content":{"rendered":"<p>Aquesta aventura d\u2019en Tint\u00edn tracta de la guerra entre les grans companyies petrolieres. Tot comen\u00e7a quan la gasolina adulterada envaeix el mercat. En Tint\u00edn viatja cap el pa\u00eds de Khemed, en el qual hi ha una lluita de poders, que enfronta l\u2019emir Ben Kalish Ezab contra Bab El Ehr, cadascun d\u2019ells finan\u00e7at per una companyia de petroli diferent. Entra a l\u2019escena el terrible Abdalah, fill de l\u2019emir. Herg\u00e9 va inspirar-se per aquesta figura amb una fotografia del rei Faisal II, quan era un infant. Aquest \u00e0lbum ha passat per nombroses versions abans de trobar la seva forma definitiva. <br \/>Va comen\u00e7ar a apar\u00e8ixer el 25 de setembre del 1939 a Le Petit Vingti\u00e8me, despr\u00e9s d\u2019El ceptre d\u00b4Ottokar, per\u00f2 va esclatar la guerra. El 9 de maig de 1940 les tropes alemanyes entren a Brussel\u00b7les i la publicaci\u00f3 de Le Petit Vingti\u00e8me es va interrompre acabant-se aix\u00ed la de Tint\u00edn al pa\u00eds de l\u2019Or Negre. La hist\u00f2ria s\u2019atura a la p\u00e0gina actual 26 de l\u2019\u00e0lbum, que no ser\u00e0 continuada fins sis anys m\u00e9s tard en la revista Tint\u00edn.<\/p>\n","protected":false},"excerpt":{"rendered":"Aquesta aventura d\u2019en Tint\u00edn tracta de la guerra entre les grans companyies petrolieres. Tot comen\u00e7a quan la gasolina adulterada envaeix el mercat. En Tint\u00edn viatja cap el pa\u00eds de Khemed, en el qual hi ha una lluita de poders, que [&hellip;]","protected":false},"featured_media":15355,"template":"","meta":{"_acf_changed":false,"_exactmetrics_skip_tracking":false,"_exactmetrics_sitenote_active":false,"_exactmetrics_sitenote_note":"","_exactmetrics_sitenote_category":0},"product_brand":[],"product_cat":[902,1142,1127,892,1128],"product_tag":[],"coleccion":[1087],"class_list":{"0":"post-4955","1":"product","2":"type-product","3":"status-publish","4":"has-post-thumbnail","6":"product_cat-a-partir-de-7-anos","7":"product_cat-aventura","8":"product_cat-comic","9":"product_cat-edades","10":"product_cat-tematica","11":"coleccion-les-aventures-de-tintin-llibres-de-tintin","13":"first","14":"instock","15":"taxable","16":"shipping-taxable","17":"purchasable","18":"product-type-simple"},"acf":{"autor":"HERGE-TINTIN CATALAN","codart":"1184-X","ediciones":"18","encuadernacion":"Carton\u00e9","fecha_de_publicacion":"11\/10\/1989","novedad":"0","paginas":"64","subtitulo":"","texto_web_adicional":"","texto_web_novedad":"","orden":"999","portada":"0","texto_web_resaltado":"","indice":"","autores-libros":[16407],"ilustradores-libros":[16407],"traductores-libros":[18322],"descripcion_corta":"","recomendamos":"","mas_vendido":"","idioma-libro":"","color":false,"formato":"","mas_informacion_del_producto":false,"premios":false,"texto_enlace_cubierta":"","enlace_cubierta":false,"texto_enlace_ficha_tecnica":"","enlace_ficha_tecnica":false,"ficheros":false,"titulo-fr":"","texto-fr":"","fecha_de_reimpresion":"01\/02\/2023","deshabilitar_compra":[]},"yoast_head":"<!-- This site is optimized with the Yoast SEO plugin v27.5 - https:\/\/yoast.com\/product\/yoast-seo-wordpress\/ -->\n<title>Tint\u00edn al pa\u00eds de l&#039;Or Negre - Editorial Juventud<\/title>\n<meta name=\"description\" content=\"Aquesta aventura d&#039;en Tint\u00edn tracta de la guerra entre les grans companyies petrolieres. Tot comen\u00e7a quan la gasolina adulterada envaeix el mercat.\" \/>\n<meta name=\"robots\" content=\"index, follow, max-snippet:-1, max-image-preview:large, max-video-preview:-1\" \/>\n<link rel=\"canonical\" href=\"https:\/\/www.editorialjuventud.es\/tintin-al-pais-de-lor-negre-9788426111845\/\" \/>\n<meta property=\"og:locale\" content=\"ca_ES\" \/>\n<meta property=\"og:type\" content=\"article\" \/>\n<meta property=\"og:title\" content=\"Tint\u00edn al pa\u00eds de l&#039;Or Negre - Editorial Juventud\" \/>\n<meta property=\"og:description\" content=\"Aquesta aventura d&#039;en Tint\u00edn tracta de la guerra entre les grans companyies petrolieres. Tot comen\u00e7a quan la gasolina adulterada envaeix el mercat.\" \/>\n<meta property=\"og:url\" content=\"https:\/\/www.editorialjuventud.es\/tintin-al-pais-de-lor-negre-9788426111845\/\" \/>\n<meta property=\"og:site_name\" content=\"Editorial Juventud\" \/>\n<meta property=\"article:modified_time\" content=\"2025-01-22T12:50:29+00:00\" \/>\n<meta property=\"og:image\" content=\"https:\/\/www.editorialjuventud.es\/wp-content\/uploads\/9788426111845.jpg\" \/>\n\t<meta property=\"og:image:width\" content=\"336\" \/>\n\t<meta property=\"og:image:height\" content=\"450\" \/>\n\t<meta property=\"og:image:type\" content=\"image\/jpeg\" \/>\n<meta name=\"twitter:card\" content=\"summary_large_image\" \/>\n<meta name=\"twitter:label1\" content=\"Temps estimat de lectura\" \/>\n\t<meta name=\"twitter:data1\" content=\"1 minut\" \/>\n<script type=\"application\/ld+json\" class=\"yoast-schema-graph\">{\"@context\":\"https:\\\/\\\/schema.org\",\"@graph\":[{\"@type\":\"WebPage\",\"@id\":\"https:\\\/\\\/www.editorialjuventud.es\\\/tintin-al-pais-de-lor-negre-9788426111845\\\/\",\"url\":\"https:\\\/\\\/www.editorialjuventud.es\\\/tintin-al-pais-de-lor-negre-9788426111845\\\/\",\"name\":\"Tint\u00edn al pa\u00eds de l'Or Negre - Editorial Juventud\",\"isPartOf\":{\"@id\":\"https:\\\/\\\/www.editorialjuventud.es\\\/#website\"},\"primaryImageOfPage\":{\"@id\":\"https:\\\/\\\/www.editorialjuventud.es\\\/tintin-al-pais-de-lor-negre-9788426111845\\\/#primaryimage\"},\"image\":{\"@id\":\"https:\\\/\\\/www.editorialjuventud.es\\\/tintin-al-pais-de-lor-negre-9788426111845\\\/#primaryimage\"},\"thumbnailUrl\":\"https:\\\/\\\/www.editorialjuventud.es\\\/wp-content\\\/uploads\\\/9788426111845.jpg\",\"datePublished\":\"2018-08-24T08:11:59+00:00\",\"dateModified\":\"2025-01-22T12:50:29+00:00\",\"description\":\"Aquesta aventura d'en Tint\u00edn tracta de la guerra entre les grans companyies petrolieres. Tot comen\u00e7a quan la gasolina adulterada envaeix el mercat.\",\"breadcrumb\":{\"@id\":\"https:\\\/\\\/www.editorialjuventud.es\\\/tintin-al-pais-de-lor-negre-9788426111845\\\/#breadcrumb\"},\"inLanguage\":\"ca\",\"potentialAction\":[{\"@type\":\"ReadAction\",\"target\":[\"https:\\\/\\\/www.editorialjuventud.es\\\/tintin-al-pais-de-lor-negre-9788426111845\\\/\"]}]},{\"@type\":\"ImageObject\",\"inLanguage\":\"ca\",\"@id\":\"https:\\\/\\\/www.editorialjuventud.es\\\/tintin-al-pais-de-lor-negre-9788426111845\\\/#primaryimage\",\"url\":\"https:\\\/\\\/www.editorialjuventud.es\\\/wp-content\\\/uploads\\\/9788426111845.jpg\",\"contentUrl\":\"https:\\\/\\\/www.editorialjuventud.es\\\/wp-content\\\/uploads\\\/9788426111845.jpg\",\"width\":336,\"height\":450,\"caption\":\"9788426111845.jpg\"},{\"@type\":\"BreadcrumbList\",\"@id\":\"https:\\\/\\\/www.editorialjuventud.es\\\/tintin-al-pais-de-lor-negre-9788426111845\\\/#breadcrumb\",\"itemListElement\":[{\"@type\":\"ListItem\",\"position\":1,\"name\":\"Portada\",\"item\":\"https:\\\/\\\/www.editorialjuventud.es\\\/\"},{\"@type\":\"ListItem\",\"position\":2,\"name\":\"cat\u00e1logo\",\"item\":\"https:\\\/\\\/www.editorialjuventud.es\\\/coleccion\\\/catalogo\\\/\"},{\"@type\":\"ListItem\",\"position\":3,\"name\":\"catal\u00e0\",\"item\":\"https:\\\/\\\/www.editorialjuventud.es\\\/coleccion\\\/catala\\\/\"},{\"@type\":\"ListItem\",\"position\":4,\"name\":\"Llibres de Tint\u00edn\",\"item\":\"https:\\\/\\\/www.editorialjuventud.es\\\/ca\\\/coleccion\\\/llibres-de-tintin\\\/\"},{\"@type\":\"ListItem\",\"position\":5,\"name\":\"Les Aventures de Tint\u00edn\",\"item\":\"https:\\\/\\\/www.editorialjuventud.es\\\/ca\\\/coleccion\\\/les-aventures-de-tintin-llibres-de-tintin\\\/\"},{\"@type\":\"ListItem\",\"position\":6,\"name\":\"Tint\u00edn al pa\u00eds de l'Or Negre\"}]},{\"@type\":\"WebSite\",\"@id\":\"https:\\\/\\\/www.editorialjuventud.es\\\/#website\",\"url\":\"https:\\\/\\\/www.editorialjuventud.es\\\/\",\"name\":\"Editorial Juventud\",\"description\":\"\",\"potentialAction\":[{\"@type\":\"SearchAction\",\"target\":{\"@type\":\"EntryPoint\",\"urlTemplate\":\"https:\\\/\\\/www.editorialjuventud.es\\\/?s={search_term_string}\"},\"query-input\":{\"@type\":\"PropertyValueSpecification\",\"valueRequired\":true,\"valueName\":\"search_term_string\"}}],\"inLanguage\":\"ca\"}]}<\/script>\n<!-- \/ Yoast SEO plugin. -->","yoast_head_json":{"title":"Tint\u00edn al pa\u00eds de l'Or Negre - Editorial Juventud","description":"Aquesta aventura d'en Tint\u00edn tracta de la guerra entre les grans companyies petrolieres. Tot comen\u00e7a quan la gasolina adulterada envaeix el mercat.","robots":{"index":"index","follow":"follow","max-snippet":"max-snippet:-1","max-image-preview":"max-image-preview:large","max-video-preview":"max-video-preview:-1"},"canonical":"https:\/\/www.editorialjuventud.es\/tintin-al-pais-de-lor-negre-9788426111845\/","og_locale":"ca_ES","og_type":"article","og_title":"Tint\u00edn al pa\u00eds de l'Or Negre - Editorial Juventud","og_description":"Aquesta aventura d'en Tint\u00edn tracta de la guerra entre les grans companyies petrolieres. Tot comen\u00e7a quan la gasolina adulterada envaeix el mercat.","og_url":"https:\/\/www.editorialjuventud.es\/tintin-al-pais-de-lor-negre-9788426111845\/","og_site_name":"Editorial Juventud","article_modified_time":"2025-01-22T12:50:29+00:00","og_image":[{"width":336,"height":450,"url":"https:\/\/www.editorialjuventud.es\/wp-content\/uploads\/9788426111845.jpg","type":"image\/jpeg"}],"twitter_card":"summary_large_image","twitter_misc":{"Temps estimat de lectura":"1 minut"},"schema":{"@context":"https:\/\/schema.org","@graph":[{"@type":"WebPage","@id":"https:\/\/www.editorialjuventud.es\/tintin-al-pais-de-lor-negre-9788426111845\/","url":"https:\/\/www.editorialjuventud.es\/tintin-al-pais-de-lor-negre-9788426111845\/","name":"Tint\u00edn al pa\u00eds de l'Or Negre - Editorial Juventud","isPartOf":{"@id":"https:\/\/www.editorialjuventud.es\/#website"},"primaryImageOfPage":{"@id":"https:\/\/www.editorialjuventud.es\/tintin-al-pais-de-lor-negre-9788426111845\/#primaryimage"},"image":{"@id":"https:\/\/www.editorialjuventud.es\/tintin-al-pais-de-lor-negre-9788426111845\/#primaryimage"},"thumbnailUrl":"https:\/\/www.editorialjuventud.es\/wp-content\/uploads\/9788426111845.jpg","datePublished":"2018-08-24T08:11:59+00:00","dateModified":"2025-01-22T12:50:29+00:00","description":"Aquesta aventura d'en Tint\u00edn tracta de la guerra entre les grans companyies petrolieres. Tot comen\u00e7a quan la gasolina adulterada envaeix el mercat.","breadcrumb":{"@id":"https:\/\/www.editorialjuventud.es\/tintin-al-pais-de-lor-negre-9788426111845\/#breadcrumb"},"inLanguage":"ca","potentialAction":[{"@type":"ReadAction","target":["https:\/\/www.editorialjuventud.es\/tintin-al-pais-de-lor-negre-9788426111845\/"]}]},{"@type":"ImageObject","inLanguage":"ca","@id":"https:\/\/www.editorialjuventud.es\/tintin-al-pais-de-lor-negre-9788426111845\/#primaryimage","url":"https:\/\/www.editorialjuventud.es\/wp-content\/uploads\/9788426111845.jpg","contentUrl":"https:\/\/www.editorialjuventud.es\/wp-content\/uploads\/9788426111845.jpg","width":336,"height":450,"caption":"9788426111845.jpg"},{"@type":"BreadcrumbList","@id":"https:\/\/www.editorialjuventud.es\/tintin-al-pais-de-lor-negre-9788426111845\/#breadcrumb","itemListElement":[{"@type":"ListItem","position":1,"name":"Portada","item":"https:\/\/www.editorialjuventud.es\/"},{"@type":"ListItem","position":2,"name":"cat\u00e1logo","item":"https:\/\/www.editorialjuventud.es\/coleccion\/catalogo\/"},{"@type":"ListItem","position":3,"name":"catal\u00e0","item":"https:\/\/www.editorialjuventud.es\/coleccion\/catala\/"},{"@type":"ListItem","position":4,"name":"Llibres de Tint\u00edn","item":"https:\/\/www.editorialjuventud.es\/ca\/coleccion\/llibres-de-tintin\/"},{"@type":"ListItem","position":5,"name":"Les Aventures de Tint\u00edn","item":"https:\/\/www.editorialjuventud.es\/ca\/coleccion\/les-aventures-de-tintin-llibres-de-tintin\/"},{"@type":"ListItem","position":6,"name":"Tint\u00edn al pa\u00eds de l'Or Negre"}]},{"@type":"WebSite","@id":"https:\/\/www.editorialjuventud.es\/#website","url":"https:\/\/www.editorialjuventud.es\/","name":"Editorial Juventud","description":"","potentialAction":[{"@type":"SearchAction","target":{"@type":"EntryPoint","urlTemplate":"https:\/\/www.editorialjuventud.es\/?s={search_term_string}"},"query-input":{"@type":"PropertyValueSpecification","valueRequired":true,"valueName":"search_term_string"}}],"inLanguage":"ca"}]}},"_links":{"self":[{"href":"https:\/\/www.editorialjuventud.es\/ca\/wp-json\/wp\/v2\/product\/4955","targetHints":{"allow":["GET"]}}],"collection":[{"href":"https:\/\/www.editorialjuventud.es\/ca\/wp-json\/wp\/v2\/product"}],"about":[{"href":"https:\/\/www.editorialjuventud.es\/ca\/wp-json\/wp\/v2\/types\/product"}],"wp:featuredmedia":[{"embeddable":true,"href":"https:\/\/www.editorialjuventud.es\/ca\/wp-json\/wp\/v2\/media\/15355"}],"wp:attachment":[{"href":"https:\/\/www.editorialjuventud.es\/ca\/wp-json\/wp\/v2\/media?parent=4955"}],"wp:term":[{"taxonomy":"product_brand","embeddable":true,"href":"https:\/\/www.editorialjuventud.es\/ca\/wp-json\/wp\/v2\/product_brand?post=4955"},{"taxonomy":"product_cat","embeddable":true,"href":"https:\/\/www.editorialjuventud.es\/ca\/wp-json\/wp\/v2\/product_cat?post=4955"},{"taxonomy":"product_tag","embeddable":true,"href":"https:\/\/www.editorialjuventud.es\/ca\/wp-json\/wp\/v2\/product_tag?post=4955"},{"taxonomy":"coleccion","embeddable":true,"href":"https:\/\/www.editorialjuventud.es\/ca\/wp-json\/wp\/v2\/coleccion?post=4955"}],"curies":[{"name":"wp","href":"https:\/\/api.w.org\/{rel}","templated":true}]}}