{"id":4954,"date":"2018-08-24T10:11:56","date_gmt":"2018-08-24T08:11:56","guid":{"rendered":"http:\/\/www.editorialjuventud.es\/lestel-misterios\/"},"modified":"2025-06-10T12:46:16","modified_gmt":"2025-06-10T10:46:16","slug":"lestel-misterios-9788426111838","status":"publish","type":"product","link":"https:\/\/www.editorialjuventud.es\/ca\/lestel-misterios-9788426111838\/","title":{"rendered":"L&#8217;estel misteri\u00f3s"},"content":{"rendered":"<p>Un aer\u00f2lit avan\u00e7a cap a la terra i molts presagien la fi del m\u00f3n. En Tint\u00edn va a l\u2019observatori astron\u00f2mic on hi coneix el professor C\u00e0lix. Per sort, els presagis no s\u2019acompleixen i nom\u00e9s arriba a la terra un fragment del meteorit que cau a l\u2019oce\u00e0 \u00c0rtic. En adonar-se que en aquest fragment hi ha un element desconegut, el professor C\u00e0lix organitza una expedici\u00f3 amb el vaixell Aurora, en la qual hi formaran part en Tint\u00edn, i el capit\u00e0 Haddock.<br \/>L\u2019estel misteri\u00f3s ser\u00e0 el primer \u00e0lbum dissenyat directament a color, i va ser publicat l\u2019any 1942.<\/p>\n","protected":false},"excerpt":{"rendered":"Un aer\u00f2lit avan\u00e7a cap a la terra i molts presagien la fi del m\u00f3n. En Tint\u00edn va a l\u2019observatori astron\u00f2mic on hi coneix el professor C\u00e0lix. Per sort, els presagis no s\u2019acompleixen i nom\u00e9s arriba a la terra un fragment [&hellip;]","protected":false},"featured_media":15353,"template":"","meta":{"_acf_changed":false,"_exactmetrics_skip_tracking":false,"_exactmetrics_sitenote_active":false,"_exactmetrics_sitenote_note":"","_exactmetrics_sitenote_category":0},"product_brand":[],"product_cat":[902,1142,1127,892,1128],"product_tag":[],"coleccion":[1087],"class_list":{"0":"post-4954","1":"product","2":"type-product","3":"status-publish","4":"has-post-thumbnail","6":"product_cat-a-partir-de-7-anos","7":"product_cat-aventura","8":"product_cat-comic","9":"product_cat-edades","10":"product_cat-tematica","11":"coleccion-les-aventures-de-tintin-llibres-de-tintin","13":"first","14":"instock","15":"taxable","16":"shipping-taxable","17":"purchasable","18":"product-type-simple"},"acf":{"autor":"HERGE-TINTIN CATALAN","codart":"1183-1","ediciones":"11","encuadernacion":"Carton\u00e9","fecha_de_publicacion":"11\/10\/1989","novedad":"0","paginas":"64","subtitulo":"","texto_web_adicional":"","texto_web_novedad":"","orden":"999","portada":"0","texto_web_resaltado":"","autores-libros":[16407],"ilustradores-libros":[16407],"traductores-libros":[18322]},"yoast_head":"<!-- This site is optimized with the Yoast SEO plugin v27.5 - https:\/\/yoast.com\/product\/yoast-seo-wordpress\/ -->\n<title>L&#039;estel misteri\u00f3s - Editorial Juventud<\/title>\n<meta name=\"description\" content=\"Un aer\u00f2lit avan\u00e7a cap a la terra i molts presagien la fi del m\u00f3n. En Tint\u00edn va a l\u2019observatori astron\u00f2mic on hi coneix el professor C\u00e0lix. Per sort, els\" \/>\n<meta name=\"robots\" content=\"index, follow, max-snippet:-1, max-image-preview:large, max-video-preview:-1\" \/>\n<link rel=\"canonical\" href=\"https:\/\/www.editorialjuventud.es\/lestel-misterios-9788426111838\/\" \/>\n<meta property=\"og:locale\" content=\"ca_ES\" \/>\n<meta property=\"og:type\" content=\"article\" \/>\n<meta property=\"og:title\" content=\"L&#039;estel misteri\u00f3s - Editorial Juventud\" \/>\n<meta property=\"og:description\" content=\"Un aer\u00f2lit avan\u00e7a cap a la terra i molts presagien la fi del m\u00f3n. En Tint\u00edn va a l\u2019observatori astron\u00f2mic on hi coneix el professor C\u00e0lix. Per sort, els\" \/>\n<meta property=\"og:url\" content=\"https:\/\/www.editorialjuventud.es\/lestel-misterios-9788426111838\/\" \/>\n<meta property=\"og:site_name\" content=\"Editorial Juventud\" \/>\n<meta property=\"article:modified_time\" content=\"2025-06-10T10:46:16+00:00\" \/>\n<meta property=\"og:image\" content=\"https:\/\/www.editorialjuventud.es\/wp-content\/uploads\/9788426111838.jpg\" \/>\n\t<meta property=\"og:image:width\" content=\"322\" \/>\n\t<meta property=\"og:image:height\" content=\"450\" \/>\n\t<meta property=\"og:image:type\" content=\"image\/jpeg\" \/>\n<meta name=\"twitter:card\" content=\"summary_large_image\" \/>\n<meta name=\"twitter:label1\" content=\"Temps estimat de lectura\" \/>\n\t<meta name=\"twitter:data1\" content=\"1 minut\" \/>\n<script type=\"application\/ld+json\" class=\"yoast-schema-graph\">{\"@context\":\"https:\\\/\\\/schema.org\",\"@graph\":[{\"@type\":\"WebPage\",\"@id\":\"https:\\\/\\\/www.editorialjuventud.es\\\/lestel-misterios-9788426111838\\\/\",\"url\":\"https:\\\/\\\/www.editorialjuventud.es\\\/lestel-misterios-9788426111838\\\/\",\"name\":\"L'estel misteri\u00f3s - Editorial Juventud\",\"isPartOf\":{\"@id\":\"https:\\\/\\\/www.editorialjuventud.es\\\/#website\"},\"primaryImageOfPage\":{\"@id\":\"https:\\\/\\\/www.editorialjuventud.es\\\/lestel-misterios-9788426111838\\\/#primaryimage\"},\"image\":{\"@id\":\"https:\\\/\\\/www.editorialjuventud.es\\\/lestel-misterios-9788426111838\\\/#primaryimage\"},\"thumbnailUrl\":\"https:\\\/\\\/www.editorialjuventud.es\\\/wp-content\\\/uploads\\\/9788426111838.jpg\",\"datePublished\":\"2018-08-24T08:11:56+00:00\",\"dateModified\":\"2025-06-10T10:46:16+00:00\",\"description\":\"Un aer\u00f2lit avan\u00e7a cap a la terra i molts presagien la fi del m\u00f3n. En Tint\u00edn va a l\u2019observatori astron\u00f2mic on hi coneix el professor C\u00e0lix. Per sort, els\",\"breadcrumb\":{\"@id\":\"https:\\\/\\\/www.editorialjuventud.es\\\/lestel-misterios-9788426111838\\\/#breadcrumb\"},\"inLanguage\":\"ca\",\"potentialAction\":[{\"@type\":\"ReadAction\",\"target\":[\"https:\\\/\\\/www.editorialjuventud.es\\\/lestel-misterios-9788426111838\\\/\"]}]},{\"@type\":\"ImageObject\",\"inLanguage\":\"ca\",\"@id\":\"https:\\\/\\\/www.editorialjuventud.es\\\/lestel-misterios-9788426111838\\\/#primaryimage\",\"url\":\"https:\\\/\\\/www.editorialjuventud.es\\\/wp-content\\\/uploads\\\/9788426111838.jpg\",\"contentUrl\":\"https:\\\/\\\/www.editorialjuventud.es\\\/wp-content\\\/uploads\\\/9788426111838.jpg\",\"width\":322,\"height\":450,\"caption\":\"9788426111838.jpg\"},{\"@type\":\"BreadcrumbList\",\"@id\":\"https:\\\/\\\/www.editorialjuventud.es\\\/lestel-misterios-9788426111838\\\/#breadcrumb\",\"itemListElement\":[{\"@type\":\"ListItem\",\"position\":1,\"name\":\"Portada\",\"item\":\"https:\\\/\\\/www.editorialjuventud.es\\\/\"},{\"@type\":\"ListItem\",\"position\":2,\"name\":\"cat\u00e1logo\",\"item\":\"https:\\\/\\\/www.editorialjuventud.es\\\/coleccion\\\/catalogo\\\/\"},{\"@type\":\"ListItem\",\"position\":3,\"name\":\"catal\u00e0\",\"item\":\"https:\\\/\\\/www.editorialjuventud.es\\\/coleccion\\\/catala\\\/\"},{\"@type\":\"ListItem\",\"position\":4,\"name\":\"Llibres de Tint\u00edn\",\"item\":\"https:\\\/\\\/www.editorialjuventud.es\\\/ca\\\/coleccion\\\/llibres-de-tintin\\\/\"},{\"@type\":\"ListItem\",\"position\":5,\"name\":\"Les Aventures de Tint\u00edn\",\"item\":\"https:\\\/\\\/www.editorialjuventud.es\\\/ca\\\/coleccion\\\/les-aventures-de-tintin-llibres-de-tintin\\\/\"},{\"@type\":\"ListItem\",\"position\":6,\"name\":\"L'estel misteri\u00f3s\"}]},{\"@type\":\"WebSite\",\"@id\":\"https:\\\/\\\/www.editorialjuventud.es\\\/#website\",\"url\":\"https:\\\/\\\/www.editorialjuventud.es\\\/\",\"name\":\"Editorial Juventud\",\"description\":\"\",\"potentialAction\":[{\"@type\":\"SearchAction\",\"target\":{\"@type\":\"EntryPoint\",\"urlTemplate\":\"https:\\\/\\\/www.editorialjuventud.es\\\/?s={search_term_string}\"},\"query-input\":{\"@type\":\"PropertyValueSpecification\",\"valueRequired\":true,\"valueName\":\"search_term_string\"}}],\"inLanguage\":\"ca\"}]}<\/script>\n<!-- \/ Yoast SEO plugin. -->","yoast_head_json":{"title":"L'estel misteri\u00f3s - Editorial Juventud","description":"Un aer\u00f2lit avan\u00e7a cap a la terra i molts presagien la fi del m\u00f3n. En Tint\u00edn va a l\u2019observatori astron\u00f2mic on hi coneix el professor C\u00e0lix. Per sort, els","robots":{"index":"index","follow":"follow","max-snippet":"max-snippet:-1","max-image-preview":"max-image-preview:large","max-video-preview":"max-video-preview:-1"},"canonical":"https:\/\/www.editorialjuventud.es\/lestel-misterios-9788426111838\/","og_locale":"ca_ES","og_type":"article","og_title":"L'estel misteri\u00f3s - Editorial Juventud","og_description":"Un aer\u00f2lit avan\u00e7a cap a la terra i molts presagien la fi del m\u00f3n. En Tint\u00edn va a l\u2019observatori astron\u00f2mic on hi coneix el professor C\u00e0lix. Per sort, els","og_url":"https:\/\/www.editorialjuventud.es\/lestel-misterios-9788426111838\/","og_site_name":"Editorial Juventud","article_modified_time":"2025-06-10T10:46:16+00:00","og_image":[{"width":322,"height":450,"url":"https:\/\/www.editorialjuventud.es\/wp-content\/uploads\/9788426111838.jpg","type":"image\/jpeg"}],"twitter_card":"summary_large_image","twitter_misc":{"Temps estimat de lectura":"1 minut"},"schema":{"@context":"https:\/\/schema.org","@graph":[{"@type":"WebPage","@id":"https:\/\/www.editorialjuventud.es\/lestel-misterios-9788426111838\/","url":"https:\/\/www.editorialjuventud.es\/lestel-misterios-9788426111838\/","name":"L'estel misteri\u00f3s - Editorial Juventud","isPartOf":{"@id":"https:\/\/www.editorialjuventud.es\/#website"},"primaryImageOfPage":{"@id":"https:\/\/www.editorialjuventud.es\/lestel-misterios-9788426111838\/#primaryimage"},"image":{"@id":"https:\/\/www.editorialjuventud.es\/lestel-misterios-9788426111838\/#primaryimage"},"thumbnailUrl":"https:\/\/www.editorialjuventud.es\/wp-content\/uploads\/9788426111838.jpg","datePublished":"2018-08-24T08:11:56+00:00","dateModified":"2025-06-10T10:46:16+00:00","description":"Un aer\u00f2lit avan\u00e7a cap a la terra i molts presagien la fi del m\u00f3n. En Tint\u00edn va a l\u2019observatori astron\u00f2mic on hi coneix el professor C\u00e0lix. Per sort, els","breadcrumb":{"@id":"https:\/\/www.editorialjuventud.es\/lestel-misterios-9788426111838\/#breadcrumb"},"inLanguage":"ca","potentialAction":[{"@type":"ReadAction","target":["https:\/\/www.editorialjuventud.es\/lestel-misterios-9788426111838\/"]}]},{"@type":"ImageObject","inLanguage":"ca","@id":"https:\/\/www.editorialjuventud.es\/lestel-misterios-9788426111838\/#primaryimage","url":"https:\/\/www.editorialjuventud.es\/wp-content\/uploads\/9788426111838.jpg","contentUrl":"https:\/\/www.editorialjuventud.es\/wp-content\/uploads\/9788426111838.jpg","width":322,"height":450,"caption":"9788426111838.jpg"},{"@type":"BreadcrumbList","@id":"https:\/\/www.editorialjuventud.es\/lestel-misterios-9788426111838\/#breadcrumb","itemListElement":[{"@type":"ListItem","position":1,"name":"Portada","item":"https:\/\/www.editorialjuventud.es\/"},{"@type":"ListItem","position":2,"name":"cat\u00e1logo","item":"https:\/\/www.editorialjuventud.es\/coleccion\/catalogo\/"},{"@type":"ListItem","position":3,"name":"catal\u00e0","item":"https:\/\/www.editorialjuventud.es\/coleccion\/catala\/"},{"@type":"ListItem","position":4,"name":"Llibres de Tint\u00edn","item":"https:\/\/www.editorialjuventud.es\/ca\/coleccion\/llibres-de-tintin\/"},{"@type":"ListItem","position":5,"name":"Les Aventures de Tint\u00edn","item":"https:\/\/www.editorialjuventud.es\/ca\/coleccion\/les-aventures-de-tintin-llibres-de-tintin\/"},{"@type":"ListItem","position":6,"name":"L'estel misteri\u00f3s"}]},{"@type":"WebSite","@id":"https:\/\/www.editorialjuventud.es\/#website","url":"https:\/\/www.editorialjuventud.es\/","name":"Editorial Juventud","description":"","potentialAction":[{"@type":"SearchAction","target":{"@type":"EntryPoint","urlTemplate":"https:\/\/www.editorialjuventud.es\/?s={search_term_string}"},"query-input":{"@type":"PropertyValueSpecification","valueRequired":true,"valueName":"search_term_string"}}],"inLanguage":"ca"}]}},"_links":{"self":[{"href":"https:\/\/www.editorialjuventud.es\/ca\/wp-json\/wp\/v2\/product\/4954","targetHints":{"allow":["GET"]}}],"collection":[{"href":"https:\/\/www.editorialjuventud.es\/ca\/wp-json\/wp\/v2\/product"}],"about":[{"href":"https:\/\/www.editorialjuventud.es\/ca\/wp-json\/wp\/v2\/types\/product"}],"wp:featuredmedia":[{"embeddable":true,"href":"https:\/\/www.editorialjuventud.es\/ca\/wp-json\/wp\/v2\/media\/15353"}],"wp:attachment":[{"href":"https:\/\/www.editorialjuventud.es\/ca\/wp-json\/wp\/v2\/media?parent=4954"}],"wp:term":[{"taxonomy":"product_brand","embeddable":true,"href":"https:\/\/www.editorialjuventud.es\/ca\/wp-json\/wp\/v2\/product_brand?post=4954"},{"taxonomy":"product_cat","embeddable":true,"href":"https:\/\/www.editorialjuventud.es\/ca\/wp-json\/wp\/v2\/product_cat?post=4954"},{"taxonomy":"product_tag","embeddable":true,"href":"https:\/\/www.editorialjuventud.es\/ca\/wp-json\/wp\/v2\/product_tag?post=4954"},{"taxonomy":"coleccion","embeddable":true,"href":"https:\/\/www.editorialjuventud.es\/ca\/wp-json\/wp\/v2\/coleccion?post=4954"}],"curies":[{"name":"wp","href":"https:\/\/api.w.org\/{rel}","templated":true}]}}