{"id":4953,"date":"2018-08-24T10:11:52","date_gmt":"2018-08-24T08:11:52","guid":{"rendered":"http:\/\/www.editorialjuventud.es\/tintin-al-tibet\/"},"modified":"2026-03-24T12:48:35","modified_gmt":"2026-03-24T11:48:35","slug":"tintin-al-tibet-9788426111821","status":"publish","type":"product","link":"https:\/\/www.editorialjuventud.es\/ca\/tintin-al-tibet-9788426111821\/","title":{"rendered":"Tint\u00edn al Tibet"},"content":{"rendered":"<p>Despr\u00e9s de llegir als diaris la not\u00edcia d\u2019un accident aeri a l\u2019Him\u00e0laia, Tint\u00edn t\u00e9 un somni en el qual el seu jove amic Tchang est\u00e0 ferit i mig enterrat a la neu i li demana ajut. A l\u2019endem\u00e0 s\u2019assabenta pel diari que Tchang viatjava en l\u2019avi\u00f3 sinistrat i que no s\u2019han trobat supervivents. Per\u00f2 en Tint\u00edn t\u00e9 la certesa que el seu amic \u00e9s viu i se\u2019n va cap a Katmand\u00fa, amb l\u2019objectiu d\u2019organitzar una expedici\u00f3 de rescat.<br \/>\nAquesta obra coincideix amb una \u00e8poca de grans turbul\u00e8ncies en la vida d\u2019Herg\u00e9, i la seva creaci\u00f3 va constituir per a ell una veritable ter\u00e0pia, que el va ajudar a tirar endavant. Segons ens explica el mateix Herg\u00e9, per aquella \u00e8poca, travessava una aut\u00e8ntica crisi vital: sofria somnis i malsons gaireb\u00e9 sempre blancs, nevats, que es repetien una i altra vegada, fins el punt que l\u2019autor va haver d\u2019anar a un psiquiatre, el qual va aconsellar-li que deix\u00e9s aquell treball que no era capa\u00e7 d\u2019acabar. Per sort, l\u2019Herg\u00e9 no ho va fer. No tan sols va acabar Tintin al Tibet, sin\u00f3 que \u2013segons l\u2019opini\u00f3 de molts\u2013 \u00e9s una de les seves obres mestres. El color blanc tamb\u00e9 regna en gaireb\u00e9 tota l\u2019obra, per\u00f2 ara no \u00e9s com un malson sin\u00f3 com una depuraci\u00f3. Aqu\u00ed veiem Tint\u00edn en la seva versi\u00f3 m\u00e9s humana, molt preocupat pel seu amic desaparegut i que empr\u00e8n un llarg i perill\u00f3s viatge seguint un somni en el qual l\u2019ha vist amb vida. En aquesta obra, Herg\u00e9 dona curs a la seva fascinaci\u00f3 per l\u2019Orient i per els fen\u00f2mens paranormals, somnis premonitoris, telepaties, levitaci\u00f3, etc.<br \/>\nL\u2019Herg\u00e9 va documentar-se molt a fons per realitzar aquesta obra. Segons ens informa ell mateix, per a la figura del yeti, tenia la llista de totes les persones dignes de cr\u00e8dit que l\u2019havien vist, amb una descripci\u00f3 molt precisa de la seva forma de vida, i la fotografia de les seves petjades. Herg\u00e9 va con\u00e8ixer el vencedor de l\u2019Anapurna, Maurice Herzog, el qual tamb\u00e9 havia vist les petjades i les hi va descriure, indicant que no eren les de cap \u00f3s sin\u00f3 les d\u2019algun b\u00edpede que s\u2019aturava al peu d\u2019una muntanya rocosa.<\/p>\n","protected":false},"excerpt":{"rendered":"Despr\u00e9s de llegir als diaris la not\u00edcia d\u2019un accident aeri a l\u2019Him\u00e0laia, Tint\u00edn t\u00e9 un somni en el qual el seu jove amic Tchang est\u00e0 ferit i mig enterrat a la neu i li demana ajut. A l\u2019endem\u00e0 s\u2019assabenta pel [&hellip;]","protected":false},"featured_media":15351,"template":"","meta":{"_acf_changed":false,"_exactmetrics_skip_tracking":false,"_exactmetrics_sitenote_active":false,"_exactmetrics_sitenote_note":"","_exactmetrics_sitenote_category":0},"product_brand":[],"product_cat":[902,1142,1127,892,1128],"product_tag":[],"coleccion":[1087],"class_list":{"0":"post-4953","1":"product","2":"type-product","3":"status-publish","4":"has-post-thumbnail","6":"product_cat-a-partir-de-7-anos","7":"product_cat-aventura","8":"product_cat-comic","9":"product_cat-edades","10":"product_cat-tematica","11":"coleccion-les-aventures-de-tintin-llibres-de-tintin","13":"first","14":"instock","15":"taxable","16":"shipping-taxable","17":"purchasable","18":"product-type-simple"},"acf":{"autor":"HERGE-TINTIN CATALAN","codart":"1182-3","ediciones":"21","encuadernacion":"Carton\u00e9","fecha_de_publicacion":"11\/10\/1989","novedad":"0","paginas":"64","subtitulo":"","texto_web_adicional":"","texto_web_novedad":"","orden":"999","portada":"0","texto_web_resaltado":"","indice":"","autores-libros":[16407],"ilustradores-libros":[16407],"traductores-libros":[18322],"fecha_de_reimpresion":"01\/05\/2023","descripcion_corta":"","recomendamos":"","mas_vendido":"","texto_enlace_cubierta":"","enlace_cubierta":false,"texto_enlace_ficha_tecnica":"","enlace_ficha_tecnica":false,"ficheros":false,"idioma-libro":"","color":false,"formato":"","mas_informacion_del_producto":false,"premios":false,"deshabilitar_compra":["deshabilitar"],"titulo-fr":"","texto-fr":""},"yoast_head":"<!-- This site is optimized with the Yoast SEO plugin v27.5 - https:\/\/yoast.com\/product\/yoast-seo-wordpress\/ -->\n<title>Tint\u00edn al Tibet - Editorial Juventud<\/title>\n<meta name=\"description\" content=\"Despr\u00e9s de llegir als diaris la not\u00edcia d\u2019un accident aeri a l\u2019Him\u00e0laia, Tint\u00edn t\u00e9 un somni en el qual el seu jove amic Tchang est\u00e0 ferit i mig enterrat a\" \/>\n<meta name=\"robots\" content=\"index, follow, max-snippet:-1, max-image-preview:large, max-video-preview:-1\" \/>\n<link rel=\"canonical\" href=\"https:\/\/www.editorialjuventud.es\/tintin-al-tibet-9788426111821\/\" \/>\n<meta property=\"og:locale\" content=\"ca_ES\" \/>\n<meta property=\"og:type\" content=\"article\" \/>\n<meta property=\"og:title\" content=\"Tint\u00edn al Tibet - Editorial Juventud\" \/>\n<meta property=\"og:description\" content=\"Despr\u00e9s de llegir als diaris la not\u00edcia d\u2019un accident aeri a l\u2019Him\u00e0laia, Tint\u00edn t\u00e9 un somni en el qual el seu jove amic Tchang est\u00e0 ferit i mig enterrat a\" \/>\n<meta property=\"og:url\" content=\"https:\/\/www.editorialjuventud.es\/tintin-al-tibet-9788426111821\/\" \/>\n<meta property=\"og:site_name\" content=\"Editorial Juventud\" \/>\n<meta property=\"article:modified_time\" content=\"2026-03-24T11:48:35+00:00\" \/>\n<meta property=\"og:image\" content=\"https:\/\/www.editorialjuventud.es\/wp-content\/uploads\/9788426111821.jpg\" \/>\n\t<meta property=\"og:image:width\" content=\"327\" \/>\n\t<meta property=\"og:image:height\" content=\"450\" \/>\n\t<meta property=\"og:image:type\" content=\"image\/jpeg\" \/>\n<meta name=\"twitter:card\" content=\"summary_large_image\" \/>\n<meta name=\"twitter:label1\" content=\"Temps estimat de lectura\" \/>\n\t<meta name=\"twitter:data1\" content=\"2 minuts\" \/>\n<script type=\"application\/ld+json\" class=\"yoast-schema-graph\">{\"@context\":\"https:\\\/\\\/schema.org\",\"@graph\":[{\"@type\":\"WebPage\",\"@id\":\"https:\\\/\\\/www.editorialjuventud.es\\\/tintin-al-tibet-9788426111821\\\/\",\"url\":\"https:\\\/\\\/www.editorialjuventud.es\\\/tintin-al-tibet-9788426111821\\\/\",\"name\":\"Tint\u00edn al Tibet - Editorial Juventud\",\"isPartOf\":{\"@id\":\"https:\\\/\\\/www.editorialjuventud.es\\\/#website\"},\"primaryImageOfPage\":{\"@id\":\"https:\\\/\\\/www.editorialjuventud.es\\\/tintin-al-tibet-9788426111821\\\/#primaryimage\"},\"image\":{\"@id\":\"https:\\\/\\\/www.editorialjuventud.es\\\/tintin-al-tibet-9788426111821\\\/#primaryimage\"},\"thumbnailUrl\":\"https:\\\/\\\/www.editorialjuventud.es\\\/wp-content\\\/uploads\\\/9788426111821.jpg\",\"datePublished\":\"2018-08-24T08:11:52+00:00\",\"dateModified\":\"2026-03-24T11:48:35+00:00\",\"description\":\"Despr\u00e9s de llegir als diaris la not\u00edcia d\u2019un accident aeri a l\u2019Him\u00e0laia, Tint\u00edn t\u00e9 un somni en el qual el seu jove amic Tchang est\u00e0 ferit i mig enterrat a\",\"breadcrumb\":{\"@id\":\"https:\\\/\\\/www.editorialjuventud.es\\\/tintin-al-tibet-9788426111821\\\/#breadcrumb\"},\"inLanguage\":\"ca\",\"potentialAction\":[{\"@type\":\"ReadAction\",\"target\":[\"https:\\\/\\\/www.editorialjuventud.es\\\/tintin-al-tibet-9788426111821\\\/\"]}]},{\"@type\":\"ImageObject\",\"inLanguage\":\"ca\",\"@id\":\"https:\\\/\\\/www.editorialjuventud.es\\\/tintin-al-tibet-9788426111821\\\/#primaryimage\",\"url\":\"https:\\\/\\\/www.editorialjuventud.es\\\/wp-content\\\/uploads\\\/9788426111821.jpg\",\"contentUrl\":\"https:\\\/\\\/www.editorialjuventud.es\\\/wp-content\\\/uploads\\\/9788426111821.jpg\",\"width\":327,\"height\":450,\"caption\":\"9788426111821.jpg\"},{\"@type\":\"BreadcrumbList\",\"@id\":\"https:\\\/\\\/www.editorialjuventud.es\\\/tintin-al-tibet-9788426111821\\\/#breadcrumb\",\"itemListElement\":[{\"@type\":\"ListItem\",\"position\":1,\"name\":\"Portada\",\"item\":\"https:\\\/\\\/www.editorialjuventud.es\\\/\"},{\"@type\":\"ListItem\",\"position\":2,\"name\":\"cat\u00e1logo\",\"item\":\"https:\\\/\\\/www.editorialjuventud.es\\\/coleccion\\\/catalogo\\\/\"},{\"@type\":\"ListItem\",\"position\":3,\"name\":\"catal\u00e0\",\"item\":\"https:\\\/\\\/www.editorialjuventud.es\\\/coleccion\\\/catala\\\/\"},{\"@type\":\"ListItem\",\"position\":4,\"name\":\"Llibres de Tint\u00edn\",\"item\":\"https:\\\/\\\/www.editorialjuventud.es\\\/ca\\\/coleccion\\\/llibres-de-tintin\\\/\"},{\"@type\":\"ListItem\",\"position\":5,\"name\":\"Les Aventures de Tint\u00edn\",\"item\":\"https:\\\/\\\/www.editorialjuventud.es\\\/ca\\\/coleccion\\\/les-aventures-de-tintin-llibres-de-tintin\\\/\"},{\"@type\":\"ListItem\",\"position\":6,\"name\":\"Tint\u00edn al Tibet\"}]},{\"@type\":\"WebSite\",\"@id\":\"https:\\\/\\\/www.editorialjuventud.es\\\/#website\",\"url\":\"https:\\\/\\\/www.editorialjuventud.es\\\/\",\"name\":\"Editorial Juventud\",\"description\":\"\",\"potentialAction\":[{\"@type\":\"SearchAction\",\"target\":{\"@type\":\"EntryPoint\",\"urlTemplate\":\"https:\\\/\\\/www.editorialjuventud.es\\\/?s={search_term_string}\"},\"query-input\":{\"@type\":\"PropertyValueSpecification\",\"valueRequired\":true,\"valueName\":\"search_term_string\"}}],\"inLanguage\":\"ca\"}]}<\/script>\n<!-- \/ Yoast SEO plugin. -->","yoast_head_json":{"title":"Tint\u00edn al Tibet - Editorial Juventud","description":"Despr\u00e9s de llegir als diaris la not\u00edcia d\u2019un accident aeri a l\u2019Him\u00e0laia, Tint\u00edn t\u00e9 un somni en el qual el seu jove amic Tchang est\u00e0 ferit i mig enterrat a","robots":{"index":"index","follow":"follow","max-snippet":"max-snippet:-1","max-image-preview":"max-image-preview:large","max-video-preview":"max-video-preview:-1"},"canonical":"https:\/\/www.editorialjuventud.es\/tintin-al-tibet-9788426111821\/","og_locale":"ca_ES","og_type":"article","og_title":"Tint\u00edn al Tibet - Editorial Juventud","og_description":"Despr\u00e9s de llegir als diaris la not\u00edcia d\u2019un accident aeri a l\u2019Him\u00e0laia, Tint\u00edn t\u00e9 un somni en el qual el seu jove amic Tchang est\u00e0 ferit i mig enterrat a","og_url":"https:\/\/www.editorialjuventud.es\/tintin-al-tibet-9788426111821\/","og_site_name":"Editorial Juventud","article_modified_time":"2026-03-24T11:48:35+00:00","og_image":[{"width":327,"height":450,"url":"https:\/\/www.editorialjuventud.es\/wp-content\/uploads\/9788426111821.jpg","type":"image\/jpeg"}],"twitter_card":"summary_large_image","twitter_misc":{"Temps estimat de lectura":"2 minuts"},"schema":{"@context":"https:\/\/schema.org","@graph":[{"@type":"WebPage","@id":"https:\/\/www.editorialjuventud.es\/tintin-al-tibet-9788426111821\/","url":"https:\/\/www.editorialjuventud.es\/tintin-al-tibet-9788426111821\/","name":"Tint\u00edn al Tibet - Editorial Juventud","isPartOf":{"@id":"https:\/\/www.editorialjuventud.es\/#website"},"primaryImageOfPage":{"@id":"https:\/\/www.editorialjuventud.es\/tintin-al-tibet-9788426111821\/#primaryimage"},"image":{"@id":"https:\/\/www.editorialjuventud.es\/tintin-al-tibet-9788426111821\/#primaryimage"},"thumbnailUrl":"https:\/\/www.editorialjuventud.es\/wp-content\/uploads\/9788426111821.jpg","datePublished":"2018-08-24T08:11:52+00:00","dateModified":"2026-03-24T11:48:35+00:00","description":"Despr\u00e9s de llegir als diaris la not\u00edcia d\u2019un accident aeri a l\u2019Him\u00e0laia, Tint\u00edn t\u00e9 un somni en el qual el seu jove amic Tchang est\u00e0 ferit i mig enterrat a","breadcrumb":{"@id":"https:\/\/www.editorialjuventud.es\/tintin-al-tibet-9788426111821\/#breadcrumb"},"inLanguage":"ca","potentialAction":[{"@type":"ReadAction","target":["https:\/\/www.editorialjuventud.es\/tintin-al-tibet-9788426111821\/"]}]},{"@type":"ImageObject","inLanguage":"ca","@id":"https:\/\/www.editorialjuventud.es\/tintin-al-tibet-9788426111821\/#primaryimage","url":"https:\/\/www.editorialjuventud.es\/wp-content\/uploads\/9788426111821.jpg","contentUrl":"https:\/\/www.editorialjuventud.es\/wp-content\/uploads\/9788426111821.jpg","width":327,"height":450,"caption":"9788426111821.jpg"},{"@type":"BreadcrumbList","@id":"https:\/\/www.editorialjuventud.es\/tintin-al-tibet-9788426111821\/#breadcrumb","itemListElement":[{"@type":"ListItem","position":1,"name":"Portada","item":"https:\/\/www.editorialjuventud.es\/"},{"@type":"ListItem","position":2,"name":"cat\u00e1logo","item":"https:\/\/www.editorialjuventud.es\/coleccion\/catalogo\/"},{"@type":"ListItem","position":3,"name":"catal\u00e0","item":"https:\/\/www.editorialjuventud.es\/coleccion\/catala\/"},{"@type":"ListItem","position":4,"name":"Llibres de Tint\u00edn","item":"https:\/\/www.editorialjuventud.es\/ca\/coleccion\/llibres-de-tintin\/"},{"@type":"ListItem","position":5,"name":"Les Aventures de Tint\u00edn","item":"https:\/\/www.editorialjuventud.es\/ca\/coleccion\/les-aventures-de-tintin-llibres-de-tintin\/"},{"@type":"ListItem","position":6,"name":"Tint\u00edn al Tibet"}]},{"@type":"WebSite","@id":"https:\/\/www.editorialjuventud.es\/#website","url":"https:\/\/www.editorialjuventud.es\/","name":"Editorial Juventud","description":"","potentialAction":[{"@type":"SearchAction","target":{"@type":"EntryPoint","urlTemplate":"https:\/\/www.editorialjuventud.es\/?s={search_term_string}"},"query-input":{"@type":"PropertyValueSpecification","valueRequired":true,"valueName":"search_term_string"}}],"inLanguage":"ca"}]}},"_links":{"self":[{"href":"https:\/\/www.editorialjuventud.es\/ca\/wp-json\/wp\/v2\/product\/4953","targetHints":{"allow":["GET"]}}],"collection":[{"href":"https:\/\/www.editorialjuventud.es\/ca\/wp-json\/wp\/v2\/product"}],"about":[{"href":"https:\/\/www.editorialjuventud.es\/ca\/wp-json\/wp\/v2\/types\/product"}],"wp:featuredmedia":[{"embeddable":true,"href":"https:\/\/www.editorialjuventud.es\/ca\/wp-json\/wp\/v2\/media\/15351"}],"wp:attachment":[{"href":"https:\/\/www.editorialjuventud.es\/ca\/wp-json\/wp\/v2\/media?parent=4953"}],"wp:term":[{"taxonomy":"product_brand","embeddable":true,"href":"https:\/\/www.editorialjuventud.es\/ca\/wp-json\/wp\/v2\/product_brand?post=4953"},{"taxonomy":"product_cat","embeddable":true,"href":"https:\/\/www.editorialjuventud.es\/ca\/wp-json\/wp\/v2\/product_cat?post=4953"},{"taxonomy":"product_tag","embeddable":true,"href":"https:\/\/www.editorialjuventud.es\/ca\/wp-json\/wp\/v2\/product_tag?post=4953"},{"taxonomy":"coleccion","embeddable":true,"href":"https:\/\/www.editorialjuventud.es\/ca\/wp-json\/wp\/v2\/coleccion?post=4953"}],"curies":[{"name":"wp","href":"https:\/\/api.w.org\/{rel}","templated":true}]}}