{"id":4951,"date":"2018-08-24T10:11:44","date_gmt":"2018-08-24T08:11:44","guid":{"rendered":"http:\/\/www.editorialjuventud.es\/el-secret-de-lunicorn\/"},"modified":"2025-09-16T11:35:18","modified_gmt":"2025-09-16T09:35:18","slug":"el-secret-de-lunicorn-9788426111807","status":"publish","type":"product","link":"https:\/\/www.editorialjuventud.es\/ca\/el-secret-de-lunicorn-9788426111807\/","title":{"rendered":"El secret de l&#8217;Unicorn"},"content":{"rendered":"<p>En Tint\u00edn compra al mercat de vell la maqueta d\u2019un gali\u00f3 antic, que resulta ser una r\u00e8plica del navili comandat per l\u2019avantpassat del capit\u00e0 Haddock, el cavaller de Haddok, que va lluitar contra el pirata Rackham el Roig, qui transportava al seu vaixell un gran tresor, que ha estat i segueix estant amagat durant segles.<br \/>\nAquesta hist\u00f2ria es va comen\u00e7ar a publicar a Le Soir l\u201911 de juny del 1942, en plena \u00e8poca de l\u2019ocupaci\u00f3 de B\u00e8lgica pels alemanys, i fou un dels \u00e0lbums preferits d\u2019Herg\u00e9. Per realitzar el disseny de l\u2019Unicorni, Herg\u00e9 es va basar en una documentaci\u00f3 molt precisa de navilis del segle XVII, al Museu de la Marina, de Par\u00eds.<\/p>\n","protected":false},"excerpt":{"rendered":"En Tint\u00edn compra al mercat de vell la maqueta d\u2019un gali\u00f3 antic, que resulta ser una r\u00e8plica del navili comandat per l\u2019avantpassat del capit\u00e0 Haddock, el cavaller de Haddok, que va lluitar contra el pirata Rackham el Roig, qui transportava [&hellip;]","protected":false},"featured_media":15347,"template":"","meta":{"_acf_changed":false,"_exactmetrics_skip_tracking":false,"_exactmetrics_sitenote_active":false,"_exactmetrics_sitenote_note":"","_exactmetrics_sitenote_category":0},"product_brand":[],"product_cat":[902,1142,1127,892,1128],"product_tag":[],"coleccion":[1087],"class_list":{"0":"post-4951","1":"product","2":"type-product","3":"status-publish","4":"has-post-thumbnail","6":"product_cat-a-partir-de-7-anos","7":"product_cat-aventura","8":"product_cat-comic","9":"product_cat-edades","10":"product_cat-tematica","11":"coleccion-les-aventures-de-tintin-llibres-de-tintin","13":"first","14":"instock","15":"taxable","16":"shipping-taxable","17":"purchasable","18":"product-type-simple"},"acf":{"autor":"HERGE-TINTIN CATALAN","codart":"1180-7","ediciones":"21","encuadernacion":"Carton\u00e9","fecha_de_publicacion":"11\/10\/1989","novedad":"0","paginas":"64","subtitulo":"","texto_web_adicional":"","texto_web_novedad":"","orden":"999","portada":"0","texto_web_resaltado":"","indice":"","autores-libros":[16407],"ilustradores-libros":[16407],"traductores-libros":[18322],"fecha_de_reimpresion":"01\/05\/2022","descripcion_corta":"","recomendamos":"","mas_vendido":"","idioma-libro":"","color":false,"formato":"","mas_informacion_del_producto":false,"premios":false,"deshabilitar_compra":[],"texto_enlace_cubierta":"","enlace_cubierta":false,"texto_enlace_ficha_tecnica":"","enlace_ficha_tecnica":false,"ficheros":false,"titulo-fr":"","texto-fr":""},"yoast_head":"<!-- This site is optimized with the Yoast SEO plugin v27.5 - https:\/\/yoast.com\/product\/yoast-seo-wordpress\/ -->\n<title>El secret de l&#039;Unicorn - Editorial Juventud<\/title>\n<meta name=\"description\" content=\"En Tint\u00edn compra al mercat de vell la maqueta d\u2019un gali\u00f3 antic, que resulta ser una r\u00e8plica del navili comandat per l\u2019avantpassat del capit\u00e0 Haddock, el\" \/>\n<meta name=\"robots\" content=\"index, follow, max-snippet:-1, max-image-preview:large, max-video-preview:-1\" \/>\n<link rel=\"canonical\" href=\"https:\/\/www.editorialjuventud.es\/el-secret-de-lunicorn-9788426111807\/\" \/>\n<meta property=\"og:locale\" content=\"ca_ES\" \/>\n<meta property=\"og:type\" content=\"article\" \/>\n<meta property=\"og:title\" content=\"El secret de l&#039;Unicorn - Editorial Juventud\" \/>\n<meta property=\"og:description\" content=\"En Tint\u00edn compra al mercat de vell la maqueta d\u2019un gali\u00f3 antic, que resulta ser una r\u00e8plica del navili comandat per l\u2019avantpassat del capit\u00e0 Haddock, el\" \/>\n<meta property=\"og:url\" content=\"https:\/\/www.editorialjuventud.es\/el-secret-de-lunicorn-9788426111807\/\" \/>\n<meta property=\"og:site_name\" content=\"Editorial Juventud\" \/>\n<meta property=\"article:modified_time\" content=\"2025-09-16T09:35:18+00:00\" \/>\n<meta property=\"og:image\" content=\"https:\/\/www.editorialjuventud.es\/wp-content\/uploads\/9788426111807.jpg\" \/>\n\t<meta property=\"og:image:width\" content=\"328\" \/>\n\t<meta property=\"og:image:height\" content=\"450\" \/>\n\t<meta property=\"og:image:type\" content=\"image\/jpeg\" \/>\n<meta name=\"twitter:card\" content=\"summary_large_image\" \/>\n<meta name=\"twitter:label1\" content=\"Temps estimat de lectura\" \/>\n\t<meta name=\"twitter:data1\" content=\"1 minut\" \/>\n<script type=\"application\/ld+json\" class=\"yoast-schema-graph\">{\"@context\":\"https:\\\/\\\/schema.org\",\"@graph\":[{\"@type\":\"WebPage\",\"@id\":\"https:\\\/\\\/www.editorialjuventud.es\\\/el-secret-de-lunicorn-9788426111807\\\/\",\"url\":\"https:\\\/\\\/www.editorialjuventud.es\\\/el-secret-de-lunicorn-9788426111807\\\/\",\"name\":\"El secret de l'Unicorn - Editorial Juventud\",\"isPartOf\":{\"@id\":\"https:\\\/\\\/www.editorialjuventud.es\\\/#website\"},\"primaryImageOfPage\":{\"@id\":\"https:\\\/\\\/www.editorialjuventud.es\\\/el-secret-de-lunicorn-9788426111807\\\/#primaryimage\"},\"image\":{\"@id\":\"https:\\\/\\\/www.editorialjuventud.es\\\/el-secret-de-lunicorn-9788426111807\\\/#primaryimage\"},\"thumbnailUrl\":\"https:\\\/\\\/www.editorialjuventud.es\\\/wp-content\\\/uploads\\\/9788426111807.jpg\",\"datePublished\":\"2018-08-24T08:11:44+00:00\",\"dateModified\":\"2025-09-16T09:35:18+00:00\",\"description\":\"En Tint\u00edn compra al mercat de vell la maqueta d\u2019un gali\u00f3 antic, que resulta ser una r\u00e8plica del navili comandat per l\u2019avantpassat del capit\u00e0 Haddock, el\",\"breadcrumb\":{\"@id\":\"https:\\\/\\\/www.editorialjuventud.es\\\/el-secret-de-lunicorn-9788426111807\\\/#breadcrumb\"},\"inLanguage\":\"ca\",\"potentialAction\":[{\"@type\":\"ReadAction\",\"target\":[\"https:\\\/\\\/www.editorialjuventud.es\\\/el-secret-de-lunicorn-9788426111807\\\/\"]}]},{\"@type\":\"ImageObject\",\"inLanguage\":\"ca\",\"@id\":\"https:\\\/\\\/www.editorialjuventud.es\\\/el-secret-de-lunicorn-9788426111807\\\/#primaryimage\",\"url\":\"https:\\\/\\\/www.editorialjuventud.es\\\/wp-content\\\/uploads\\\/9788426111807.jpg\",\"contentUrl\":\"https:\\\/\\\/www.editorialjuventud.es\\\/wp-content\\\/uploads\\\/9788426111807.jpg\",\"width\":328,\"height\":450,\"caption\":\"9788426111807.jpg\"},{\"@type\":\"BreadcrumbList\",\"@id\":\"https:\\\/\\\/www.editorialjuventud.es\\\/el-secret-de-lunicorn-9788426111807\\\/#breadcrumb\",\"itemListElement\":[{\"@type\":\"ListItem\",\"position\":1,\"name\":\"Portada\",\"item\":\"https:\\\/\\\/www.editorialjuventud.es\\\/\"},{\"@type\":\"ListItem\",\"position\":2,\"name\":\"cat\u00e1logo\",\"item\":\"https:\\\/\\\/www.editorialjuventud.es\\\/coleccion\\\/catalogo\\\/\"},{\"@type\":\"ListItem\",\"position\":3,\"name\":\"catal\u00e0\",\"item\":\"https:\\\/\\\/www.editorialjuventud.es\\\/coleccion\\\/catala\\\/\"},{\"@type\":\"ListItem\",\"position\":4,\"name\":\"Llibres de Tint\u00edn\",\"item\":\"https:\\\/\\\/www.editorialjuventud.es\\\/ca\\\/coleccion\\\/llibres-de-tintin\\\/\"},{\"@type\":\"ListItem\",\"position\":5,\"name\":\"Les Aventures de Tint\u00edn\",\"item\":\"https:\\\/\\\/www.editorialjuventud.es\\\/ca\\\/coleccion\\\/les-aventures-de-tintin-llibres-de-tintin\\\/\"},{\"@type\":\"ListItem\",\"position\":6,\"name\":\"El secret de l'Unicorn\"}]},{\"@type\":\"WebSite\",\"@id\":\"https:\\\/\\\/www.editorialjuventud.es\\\/#website\",\"url\":\"https:\\\/\\\/www.editorialjuventud.es\\\/\",\"name\":\"Editorial Juventud\",\"description\":\"\",\"potentialAction\":[{\"@type\":\"SearchAction\",\"target\":{\"@type\":\"EntryPoint\",\"urlTemplate\":\"https:\\\/\\\/www.editorialjuventud.es\\\/?s={search_term_string}\"},\"query-input\":{\"@type\":\"PropertyValueSpecification\",\"valueRequired\":true,\"valueName\":\"search_term_string\"}}],\"inLanguage\":\"ca\"}]}<\/script>\n<!-- \/ Yoast SEO plugin. -->","yoast_head_json":{"title":"El secret de l'Unicorn - Editorial Juventud","description":"En Tint\u00edn compra al mercat de vell la maqueta d\u2019un gali\u00f3 antic, que resulta ser una r\u00e8plica del navili comandat per l\u2019avantpassat del capit\u00e0 Haddock, el","robots":{"index":"index","follow":"follow","max-snippet":"max-snippet:-1","max-image-preview":"max-image-preview:large","max-video-preview":"max-video-preview:-1"},"canonical":"https:\/\/www.editorialjuventud.es\/el-secret-de-lunicorn-9788426111807\/","og_locale":"ca_ES","og_type":"article","og_title":"El secret de l'Unicorn - Editorial Juventud","og_description":"En Tint\u00edn compra al mercat de vell la maqueta d\u2019un gali\u00f3 antic, que resulta ser una r\u00e8plica del navili comandat per l\u2019avantpassat del capit\u00e0 Haddock, el","og_url":"https:\/\/www.editorialjuventud.es\/el-secret-de-lunicorn-9788426111807\/","og_site_name":"Editorial Juventud","article_modified_time":"2025-09-16T09:35:18+00:00","og_image":[{"width":328,"height":450,"url":"https:\/\/www.editorialjuventud.es\/wp-content\/uploads\/9788426111807.jpg","type":"image\/jpeg"}],"twitter_card":"summary_large_image","twitter_misc":{"Temps estimat de lectura":"1 minut"},"schema":{"@context":"https:\/\/schema.org","@graph":[{"@type":"WebPage","@id":"https:\/\/www.editorialjuventud.es\/el-secret-de-lunicorn-9788426111807\/","url":"https:\/\/www.editorialjuventud.es\/el-secret-de-lunicorn-9788426111807\/","name":"El secret de l'Unicorn - Editorial Juventud","isPartOf":{"@id":"https:\/\/www.editorialjuventud.es\/#website"},"primaryImageOfPage":{"@id":"https:\/\/www.editorialjuventud.es\/el-secret-de-lunicorn-9788426111807\/#primaryimage"},"image":{"@id":"https:\/\/www.editorialjuventud.es\/el-secret-de-lunicorn-9788426111807\/#primaryimage"},"thumbnailUrl":"https:\/\/www.editorialjuventud.es\/wp-content\/uploads\/9788426111807.jpg","datePublished":"2018-08-24T08:11:44+00:00","dateModified":"2025-09-16T09:35:18+00:00","description":"En Tint\u00edn compra al mercat de vell la maqueta d\u2019un gali\u00f3 antic, que resulta ser una r\u00e8plica del navili comandat per l\u2019avantpassat del capit\u00e0 Haddock, el","breadcrumb":{"@id":"https:\/\/www.editorialjuventud.es\/el-secret-de-lunicorn-9788426111807\/#breadcrumb"},"inLanguage":"ca","potentialAction":[{"@type":"ReadAction","target":["https:\/\/www.editorialjuventud.es\/el-secret-de-lunicorn-9788426111807\/"]}]},{"@type":"ImageObject","inLanguage":"ca","@id":"https:\/\/www.editorialjuventud.es\/el-secret-de-lunicorn-9788426111807\/#primaryimage","url":"https:\/\/www.editorialjuventud.es\/wp-content\/uploads\/9788426111807.jpg","contentUrl":"https:\/\/www.editorialjuventud.es\/wp-content\/uploads\/9788426111807.jpg","width":328,"height":450,"caption":"9788426111807.jpg"},{"@type":"BreadcrumbList","@id":"https:\/\/www.editorialjuventud.es\/el-secret-de-lunicorn-9788426111807\/#breadcrumb","itemListElement":[{"@type":"ListItem","position":1,"name":"Portada","item":"https:\/\/www.editorialjuventud.es\/"},{"@type":"ListItem","position":2,"name":"cat\u00e1logo","item":"https:\/\/www.editorialjuventud.es\/coleccion\/catalogo\/"},{"@type":"ListItem","position":3,"name":"catal\u00e0","item":"https:\/\/www.editorialjuventud.es\/coleccion\/catala\/"},{"@type":"ListItem","position":4,"name":"Llibres de Tint\u00edn","item":"https:\/\/www.editorialjuventud.es\/ca\/coleccion\/llibres-de-tintin\/"},{"@type":"ListItem","position":5,"name":"Les Aventures de Tint\u00edn","item":"https:\/\/www.editorialjuventud.es\/ca\/coleccion\/les-aventures-de-tintin-llibres-de-tintin\/"},{"@type":"ListItem","position":6,"name":"El secret de l'Unicorn"}]},{"@type":"WebSite","@id":"https:\/\/www.editorialjuventud.es\/#website","url":"https:\/\/www.editorialjuventud.es\/","name":"Editorial Juventud","description":"","potentialAction":[{"@type":"SearchAction","target":{"@type":"EntryPoint","urlTemplate":"https:\/\/www.editorialjuventud.es\/?s={search_term_string}"},"query-input":{"@type":"PropertyValueSpecification","valueRequired":true,"valueName":"search_term_string"}}],"inLanguage":"ca"}]}},"_links":{"self":[{"href":"https:\/\/www.editorialjuventud.es\/ca\/wp-json\/wp\/v2\/product\/4951","targetHints":{"allow":["GET"]}}],"collection":[{"href":"https:\/\/www.editorialjuventud.es\/ca\/wp-json\/wp\/v2\/product"}],"about":[{"href":"https:\/\/www.editorialjuventud.es\/ca\/wp-json\/wp\/v2\/types\/product"}],"wp:featuredmedia":[{"embeddable":true,"href":"https:\/\/www.editorialjuventud.es\/ca\/wp-json\/wp\/v2\/media\/15347"}],"wp:attachment":[{"href":"https:\/\/www.editorialjuventud.es\/ca\/wp-json\/wp\/v2\/media?parent=4951"}],"wp:term":[{"taxonomy":"product_brand","embeddable":true,"href":"https:\/\/www.editorialjuventud.es\/ca\/wp-json\/wp\/v2\/product_brand?post=4951"},{"taxonomy":"product_cat","embeddable":true,"href":"https:\/\/www.editorialjuventud.es\/ca\/wp-json\/wp\/v2\/product_cat?post=4951"},{"taxonomy":"product_tag","embeddable":true,"href":"https:\/\/www.editorialjuventud.es\/ca\/wp-json\/wp\/v2\/product_tag?post=4951"},{"taxonomy":"coleccion","embeddable":true,"href":"https:\/\/www.editorialjuventud.es\/ca\/wp-json\/wp\/v2\/coleccion?post=4951"}],"curies":[{"name":"wp","href":"https:\/\/api.w.org\/{rel}","templated":true}]}}