{"id":4949,"date":"2018-08-24T10:11:36","date_gmt":"2018-08-24T08:11:36","guid":{"rendered":"http:\/\/www.editorialjuventud.es\/el-ceptre-dottokar\/"},"modified":"2025-01-22T13:51:04","modified_gmt":"2025-01-22T12:51:04","slug":"el-ceptre-dottokar-9788426111784","status":"publish","type":"product","link":"https:\/\/www.editorialjuventud.es\/ca\/el-ceptre-dottokar-9788426111784\/","title":{"rendered":"El ceptre d&#8217;Ottokar"},"content":{"rendered":"<p>Quan en Tint\u00edn troba i recull una cartera oblidada en un banc p\u00fablic, no es pot ni imaginar que aix\u00f2 el portar\u00e0 a viatjar fins al pa\u00eds de Sild\u00e0via, situat al centre dels Balcans. All\u00ed s\u2019assabenta d\u2019una conspiraci\u00f3 que vol robar el ceptre del rei Muskar XII, sense el qual el rei no pot seguir regnant. A m\u00e9s, el pa\u00eds ve\u00ed, Bord\u00faria, t\u00e9 clares intencions d\u2019envair-los. La trama est\u00e0 clarament influ\u00efda per l\u2019\u00e8poca.<br \/>La hist\u00f2ria es va publicar a Le Petit Vingti\u00e8me des del 4 d\u2019agost de 1938 al 10 d\u2019agost de l\u2019any seg\u00fcent Els signes que aleshores anunciaven l\u2019esclat de la segona guerra mundial eren evidents i nombrosos. L\u2019Alemanya de Hitler preparava la invasi\u00f3 d\u2019\u00c0ustria, que va quedar annexionada, convertint-se aix\u00ed en una prov\u00edncia m\u00e9s del tercer Reich. Veiem en El ceptre d\u2019Ottokar com Bord\u00faria intenta annexionar-se el regne de Sild\u00e0via, amb l\u2019ajut d\u2019un tal Mussler (el nom del qual \u00e9s una composici\u00f3 de Mussolini i Hitler). Els borduris es poden identificar com els nazis en molt\u00edssims aspectes: els noms dels personatges, els uniformes que porten, els avions, \u00e0dhuc la seva t\u00e0ctica d\u2019infiltraci\u00f3 a Sild\u00e0via. <br \/>L\u2019any 1947 va ser reeditada en color.<\/p>\n","protected":false},"excerpt":{"rendered":"Quan en Tint\u00edn troba i recull una cartera oblidada en un banc p\u00fablic, no es pot ni imaginar que aix\u00f2 el portar\u00e0 a viatjar fins al pa\u00eds de Sild\u00e0via, situat al centre dels Balcans. All\u00ed s\u2019assabenta d\u2019una conspiraci\u00f3 que vol [&hellip;]","protected":false},"featured_media":77378,"template":"","meta":{"_acf_changed":false,"_exactmetrics_skip_tracking":false,"_exactmetrics_sitenote_active":false,"_exactmetrics_sitenote_note":"","_exactmetrics_sitenote_category":0},"product_brand":[],"product_cat":[902,1142,1127,892,1128],"product_tag":[],"coleccion":[1087],"class_list":{"0":"post-4949","1":"product","2":"type-product","3":"status-publish","4":"has-post-thumbnail","6":"product_cat-a-partir-de-7-anos","7":"product_cat-aventura","8":"product_cat-comic","9":"product_cat-edades","10":"product_cat-tematica","11":"coleccion-les-aventures-de-tintin-llibres-de-tintin","13":"first","14":"instock","15":"taxable","16":"shipping-taxable","17":"purchasable","18":"product-type-simple"},"acf":{"autor":"HERGE-TINTIN CATALAN","codart":"1178-5","ediciones":"18","encuadernacion":"Carton\u00e9","fecha_de_publicacion":"11\/10\/1989","novedad":"0","paginas":"64","subtitulo":"","texto_web_adicional":"","texto_web_novedad":"","orden":"999","portada":"0","texto_web_resaltado":"","indice":"","autores-libros":[16407],"ilustradores-libros":[16407],"traductores-libros":[18322],"fecha_de_reimpresion":"","descripcion_corta":"","recomendamos":"","mas_vendido":"","idioma-libro":"","color":false,"formato":"","mas_informacion_del_producto":false,"premios":false,"deshabilitar_compra":[],"titulo-fr":"","texto-fr":"","texto_enlace_cubierta":"","enlace_cubierta":{"ID":77380,"id":77380,"title":"cover CETRO catalan.indd","filename":"Tintin_EL-CEPTRE-SOTTOKAR-scaled.jpg","filesize":840977,"url":"https:\/\/www.editorialjuventud.es\/wp-content\/uploads\/Tintin_EL-CEPTRE-SOTTOKAR-scaled.jpg","link":"https:\/\/www.editorialjuventud.es\/ca\/?attachment_id=77380","alt":"","author":"50","description":"","caption":"","name":"cover-cetro-catalan-indd-2","status":"inherit","uploaded_to":4949,"date":"2023-11-23 11:07:06","modified":"2023-11-23 11:07:06","menu_order":0,"mime_type":"image\/jpeg","type":"image","subtype":"jpeg","icon":"https:\/\/www.editorialjuventud.es\/wp-includes\/images\/media\/default.png","width":1908,"height":2560,"sizes":{"thumbnail":"https:\/\/www.editorialjuventud.es\/wp-content\/uploads\/Tintin_EL-CEPTRE-SOTTOKAR-200x200.jpg","thumbnail-width":200,"thumbnail-height":200,"medium":"https:\/\/www.editorialjuventud.es\/wp-content\/uploads\/Tintin_EL-CEPTRE-SOTTOKAR-scaled.jpg","medium-width":1908,"medium-height":2560,"medium_large":"https:\/\/www.editorialjuventud.es\/wp-content\/uploads\/Tintin_EL-CEPTRE-SOTTOKAR-768x1030.jpg","medium_large-width":768,"medium_large-height":1030,"large":"https:\/\/www.editorialjuventud.es\/wp-content\/uploads\/Tintin_EL-CEPTRE-SOTTOKAR-scaled.jpg","large-width":1908,"large-height":2560,"1536x1536":"https:\/\/www.editorialjuventud.es\/wp-content\/uploads\/Tintin_EL-CEPTRE-SOTTOKAR-1145x1536.jpg","1536x1536-width":1145,"1536x1536-height":1536,"2048x2048":"https:\/\/www.editorialjuventud.es\/wp-content\/uploads\/Tintin_EL-CEPTRE-SOTTOKAR-1527x2048.jpg","2048x2048-width":1527,"2048x2048-height":2048,"woocommerce_thumbnail":"https:\/\/www.editorialjuventud.es\/wp-content\/uploads\/Tintin_EL-CEPTRE-SOTTOKAR-350x470.jpg","woocommerce_thumbnail-width":350,"woocommerce_thumbnail-height":470,"woocommerce_single":"https:\/\/www.editorialjuventud.es\/wp-content\/uploads\/Tintin_EL-CEPTRE-SOTTOKAR-900x1207.jpg","woocommerce_single-width":900,"woocommerce_single-height":1207,"woocommerce_gallery_thumbnail":"https:\/\/www.editorialjuventud.es\/wp-content\/uploads\/Tintin_EL-CEPTRE-SOTTOKAR-100x100.jpg","woocommerce_gallery_thumbnail-width":100,"woocommerce_gallery_thumbnail-height":100,"ppec_logo_image_size":"https:\/\/www.editorialjuventud.es\/wp-content\/uploads\/Tintin_EL-CEPTRE-SOTTOKAR-45x60.jpg","ppec_logo_image_size-width":45,"ppec_logo_image_size-height":60,"ppec_header_image_size":"https:\/\/www.editorialjuventud.es\/wp-content\/uploads\/Tintin_EL-CEPTRE-SOTTOKAR-67x90.jpg","ppec_header_image_size-width":67,"ppec_header_image_size-height":90}},"texto_enlace_ficha_tecnica":"","enlace_ficha_tecnica":false,"ficheros":false},"yoast_head":"<!-- This site is optimized with the Yoast SEO plugin v27.5 - https:\/\/yoast.com\/product\/yoast-seo-wordpress\/ -->\n<title>El ceptre d&#039;Ottokar - Editorial Juventud<\/title>\n<meta name=\"description\" content=\"Quan en Tint\u00edn troba i recull una cartera oblidada en un banc p\u00fablic, no es pot ni imaginar que aix\u00f2 el portar\u00e0 a viatjar fins al pa\u00eds de Sild\u00e0via, situat\" \/>\n<meta name=\"robots\" content=\"index, follow, max-snippet:-1, max-image-preview:large, max-video-preview:-1\" \/>\n<link rel=\"canonical\" href=\"https:\/\/www.editorialjuventud.es\/el-ceptre-dottokar-9788426111784\/\" \/>\n<meta property=\"og:locale\" content=\"ca_ES\" \/>\n<meta property=\"og:type\" content=\"article\" \/>\n<meta property=\"og:title\" content=\"El ceptre d&#039;Ottokar - Editorial Juventud\" \/>\n<meta property=\"og:description\" content=\"Quan en Tint\u00edn troba i recull una cartera oblidada en un banc p\u00fablic, no es pot ni imaginar que aix\u00f2 el portar\u00e0 a viatjar fins al pa\u00eds de Sild\u00e0via, situat\" \/>\n<meta property=\"og:url\" content=\"https:\/\/www.editorialjuventud.es\/el-ceptre-dottokar-9788426111784\/\" \/>\n<meta property=\"og:site_name\" content=\"Editorial Juventud\" \/>\n<meta property=\"article:modified_time\" content=\"2025-01-22T12:51:04+00:00\" \/>\n<meta property=\"og:image\" content=\"https:\/\/www.editorialjuventud.es\/wp-content\/uploads\/Tintin_EL-CEPTRE-SOTTOKAR_web.jpg\" \/>\n\t<meta property=\"og:image:width\" content=\"500\" \/>\n\t<meta property=\"og:image:height\" content=\"671\" \/>\n\t<meta property=\"og:image:type\" content=\"image\/jpeg\" \/>\n<meta name=\"twitter:card\" content=\"summary_large_image\" \/>\n<meta name=\"twitter:label1\" content=\"Temps estimat de lectura\" \/>\n\t<meta name=\"twitter:data1\" content=\"1 minut\" \/>\n<script type=\"application\/ld+json\" class=\"yoast-schema-graph\">{\"@context\":\"https:\\\/\\\/schema.org\",\"@graph\":[{\"@type\":\"WebPage\",\"@id\":\"https:\\\/\\\/www.editorialjuventud.es\\\/el-ceptre-dottokar-9788426111784\\\/\",\"url\":\"https:\\\/\\\/www.editorialjuventud.es\\\/el-ceptre-dottokar-9788426111784\\\/\",\"name\":\"El ceptre d'Ottokar - Editorial Juventud\",\"isPartOf\":{\"@id\":\"https:\\\/\\\/www.editorialjuventud.es\\\/#website\"},\"primaryImageOfPage\":{\"@id\":\"https:\\\/\\\/www.editorialjuventud.es\\\/el-ceptre-dottokar-9788426111784\\\/#primaryimage\"},\"image\":{\"@id\":\"https:\\\/\\\/www.editorialjuventud.es\\\/el-ceptre-dottokar-9788426111784\\\/#primaryimage\"},\"thumbnailUrl\":\"https:\\\/\\\/www.editorialjuventud.es\\\/wp-content\\\/uploads\\\/Tintin_EL-CEPTRE-SOTTOKAR_web.jpg\",\"datePublished\":\"2018-08-24T08:11:36+00:00\",\"dateModified\":\"2025-01-22T12:51:04+00:00\",\"description\":\"Quan en Tint\u00edn troba i recull una cartera oblidada en un banc p\u00fablic, no es pot ni imaginar que aix\u00f2 el portar\u00e0 a viatjar fins al pa\u00eds de Sild\u00e0via, situat\",\"breadcrumb\":{\"@id\":\"https:\\\/\\\/www.editorialjuventud.es\\\/el-ceptre-dottokar-9788426111784\\\/#breadcrumb\"},\"inLanguage\":\"ca\",\"potentialAction\":[{\"@type\":\"ReadAction\",\"target\":[\"https:\\\/\\\/www.editorialjuventud.es\\\/el-ceptre-dottokar-9788426111784\\\/\"]}]},{\"@type\":\"ImageObject\",\"inLanguage\":\"ca\",\"@id\":\"https:\\\/\\\/www.editorialjuventud.es\\\/el-ceptre-dottokar-9788426111784\\\/#primaryimage\",\"url\":\"https:\\\/\\\/www.editorialjuventud.es\\\/wp-content\\\/uploads\\\/Tintin_EL-CEPTRE-SOTTOKAR_web.jpg\",\"contentUrl\":\"https:\\\/\\\/www.editorialjuventud.es\\\/wp-content\\\/uploads\\\/Tintin_EL-CEPTRE-SOTTOKAR_web.jpg\",\"width\":500,\"height\":671},{\"@type\":\"BreadcrumbList\",\"@id\":\"https:\\\/\\\/www.editorialjuventud.es\\\/el-ceptre-dottokar-9788426111784\\\/#breadcrumb\",\"itemListElement\":[{\"@type\":\"ListItem\",\"position\":1,\"name\":\"Portada\",\"item\":\"https:\\\/\\\/www.editorialjuventud.es\\\/\"},{\"@type\":\"ListItem\",\"position\":2,\"name\":\"cat\u00e1logo\",\"item\":\"https:\\\/\\\/www.editorialjuventud.es\\\/coleccion\\\/catalogo\\\/\"},{\"@type\":\"ListItem\",\"position\":3,\"name\":\"catal\u00e0\",\"item\":\"https:\\\/\\\/www.editorialjuventud.es\\\/coleccion\\\/catala\\\/\"},{\"@type\":\"ListItem\",\"position\":4,\"name\":\"Llibres de Tint\u00edn\",\"item\":\"https:\\\/\\\/www.editorialjuventud.es\\\/ca\\\/coleccion\\\/llibres-de-tintin\\\/\"},{\"@type\":\"ListItem\",\"position\":5,\"name\":\"Les Aventures de Tint\u00edn\",\"item\":\"https:\\\/\\\/www.editorialjuventud.es\\\/ca\\\/coleccion\\\/les-aventures-de-tintin-llibres-de-tintin\\\/\"},{\"@type\":\"ListItem\",\"position\":6,\"name\":\"El ceptre d'Ottokar\"}]},{\"@type\":\"WebSite\",\"@id\":\"https:\\\/\\\/www.editorialjuventud.es\\\/#website\",\"url\":\"https:\\\/\\\/www.editorialjuventud.es\\\/\",\"name\":\"Editorial Juventud\",\"description\":\"\",\"potentialAction\":[{\"@type\":\"SearchAction\",\"target\":{\"@type\":\"EntryPoint\",\"urlTemplate\":\"https:\\\/\\\/www.editorialjuventud.es\\\/?s={search_term_string}\"},\"query-input\":{\"@type\":\"PropertyValueSpecification\",\"valueRequired\":true,\"valueName\":\"search_term_string\"}}],\"inLanguage\":\"ca\"}]}<\/script>\n<!-- \/ Yoast SEO plugin. -->","yoast_head_json":{"title":"El ceptre d'Ottokar - Editorial Juventud","description":"Quan en Tint\u00edn troba i recull una cartera oblidada en un banc p\u00fablic, no es pot ni imaginar que aix\u00f2 el portar\u00e0 a viatjar fins al pa\u00eds de Sild\u00e0via, situat","robots":{"index":"index","follow":"follow","max-snippet":"max-snippet:-1","max-image-preview":"max-image-preview:large","max-video-preview":"max-video-preview:-1"},"canonical":"https:\/\/www.editorialjuventud.es\/el-ceptre-dottokar-9788426111784\/","og_locale":"ca_ES","og_type":"article","og_title":"El ceptre d'Ottokar - Editorial Juventud","og_description":"Quan en Tint\u00edn troba i recull una cartera oblidada en un banc p\u00fablic, no es pot ni imaginar que aix\u00f2 el portar\u00e0 a viatjar fins al pa\u00eds de Sild\u00e0via, situat","og_url":"https:\/\/www.editorialjuventud.es\/el-ceptre-dottokar-9788426111784\/","og_site_name":"Editorial Juventud","article_modified_time":"2025-01-22T12:51:04+00:00","og_image":[{"width":500,"height":671,"url":"https:\/\/www.editorialjuventud.es\/wp-content\/uploads\/Tintin_EL-CEPTRE-SOTTOKAR_web.jpg","type":"image\/jpeg"}],"twitter_card":"summary_large_image","twitter_misc":{"Temps estimat de lectura":"1 minut"},"schema":{"@context":"https:\/\/schema.org","@graph":[{"@type":"WebPage","@id":"https:\/\/www.editorialjuventud.es\/el-ceptre-dottokar-9788426111784\/","url":"https:\/\/www.editorialjuventud.es\/el-ceptre-dottokar-9788426111784\/","name":"El ceptre d'Ottokar - Editorial Juventud","isPartOf":{"@id":"https:\/\/www.editorialjuventud.es\/#website"},"primaryImageOfPage":{"@id":"https:\/\/www.editorialjuventud.es\/el-ceptre-dottokar-9788426111784\/#primaryimage"},"image":{"@id":"https:\/\/www.editorialjuventud.es\/el-ceptre-dottokar-9788426111784\/#primaryimage"},"thumbnailUrl":"https:\/\/www.editorialjuventud.es\/wp-content\/uploads\/Tintin_EL-CEPTRE-SOTTOKAR_web.jpg","datePublished":"2018-08-24T08:11:36+00:00","dateModified":"2025-01-22T12:51:04+00:00","description":"Quan en Tint\u00edn troba i recull una cartera oblidada en un banc p\u00fablic, no es pot ni imaginar que aix\u00f2 el portar\u00e0 a viatjar fins al pa\u00eds de Sild\u00e0via, situat","breadcrumb":{"@id":"https:\/\/www.editorialjuventud.es\/el-ceptre-dottokar-9788426111784\/#breadcrumb"},"inLanguage":"ca","potentialAction":[{"@type":"ReadAction","target":["https:\/\/www.editorialjuventud.es\/el-ceptre-dottokar-9788426111784\/"]}]},{"@type":"ImageObject","inLanguage":"ca","@id":"https:\/\/www.editorialjuventud.es\/el-ceptre-dottokar-9788426111784\/#primaryimage","url":"https:\/\/www.editorialjuventud.es\/wp-content\/uploads\/Tintin_EL-CEPTRE-SOTTOKAR_web.jpg","contentUrl":"https:\/\/www.editorialjuventud.es\/wp-content\/uploads\/Tintin_EL-CEPTRE-SOTTOKAR_web.jpg","width":500,"height":671},{"@type":"BreadcrumbList","@id":"https:\/\/www.editorialjuventud.es\/el-ceptre-dottokar-9788426111784\/#breadcrumb","itemListElement":[{"@type":"ListItem","position":1,"name":"Portada","item":"https:\/\/www.editorialjuventud.es\/"},{"@type":"ListItem","position":2,"name":"cat\u00e1logo","item":"https:\/\/www.editorialjuventud.es\/coleccion\/catalogo\/"},{"@type":"ListItem","position":3,"name":"catal\u00e0","item":"https:\/\/www.editorialjuventud.es\/coleccion\/catala\/"},{"@type":"ListItem","position":4,"name":"Llibres de Tint\u00edn","item":"https:\/\/www.editorialjuventud.es\/ca\/coleccion\/llibres-de-tintin\/"},{"@type":"ListItem","position":5,"name":"Les Aventures de Tint\u00edn","item":"https:\/\/www.editorialjuventud.es\/ca\/coleccion\/les-aventures-de-tintin-llibres-de-tintin\/"},{"@type":"ListItem","position":6,"name":"El ceptre d'Ottokar"}]},{"@type":"WebSite","@id":"https:\/\/www.editorialjuventud.es\/#website","url":"https:\/\/www.editorialjuventud.es\/","name":"Editorial Juventud","description":"","potentialAction":[{"@type":"SearchAction","target":{"@type":"EntryPoint","urlTemplate":"https:\/\/www.editorialjuventud.es\/?s={search_term_string}"},"query-input":{"@type":"PropertyValueSpecification","valueRequired":true,"valueName":"search_term_string"}}],"inLanguage":"ca"}]}},"_links":{"self":[{"href":"https:\/\/www.editorialjuventud.es\/ca\/wp-json\/wp\/v2\/product\/4949","targetHints":{"allow":["GET"]}}],"collection":[{"href":"https:\/\/www.editorialjuventud.es\/ca\/wp-json\/wp\/v2\/product"}],"about":[{"href":"https:\/\/www.editorialjuventud.es\/ca\/wp-json\/wp\/v2\/types\/product"}],"wp:featuredmedia":[{"embeddable":true,"href":"https:\/\/www.editorialjuventud.es\/ca\/wp-json\/wp\/v2\/media\/77378"}],"wp:attachment":[{"href":"https:\/\/www.editorialjuventud.es\/ca\/wp-json\/wp\/v2\/media?parent=4949"}],"wp:term":[{"taxonomy":"product_brand","embeddable":true,"href":"https:\/\/www.editorialjuventud.es\/ca\/wp-json\/wp\/v2\/product_brand?post=4949"},{"taxonomy":"product_cat","embeddable":true,"href":"https:\/\/www.editorialjuventud.es\/ca\/wp-json\/wp\/v2\/product_cat?post=4949"},{"taxonomy":"product_tag","embeddable":true,"href":"https:\/\/www.editorialjuventud.es\/ca\/wp-json\/wp\/v2\/product_tag?post=4949"},{"taxonomy":"coleccion","embeddable":true,"href":"https:\/\/www.editorialjuventud.es\/ca\/wp-json\/wp\/v2\/coleccion?post=4949"}],"curies":[{"name":"wp","href":"https:\/\/api.w.org\/{rel}","templated":true}]}}