{"id":4948,"date":"2018-08-24T10:11:32","date_gmt":"2018-08-24T08:11:32","guid":{"rendered":"http:\/\/www.editorialjuventud.es\/els-cigars-del-farao\/"},"modified":"2025-01-22T13:51:10","modified_gmt":"2025-01-22T12:51:10","slug":"els-cigars-del-farao-9788426111777","status":"publish","type":"product","link":"https:\/\/www.editorialjuventud.es\/ca\/els-cigars-del-farao-9788426111777\/","title":{"rendered":"Els cigars del fara\u00f3"},"content":{"rendered":"<p>En Tint\u00edn va de viatge en un creuer cap a l\u2019Extrem Orient. A bord coneix un estrany egipt\u00f2leg, en Filem\u00f3 Sicl\u00f3, el qual viatja per cercar la tomba del fara\u00f3 egipci Kih-Oskh. En Tint\u00edn l\u2019acompanyar\u00e0 fins a la tomba, i un cop all\u00ed descobreix els misteriosos cigars que amaguen alguna cosa m\u00e9s que tabac. Llavors \u00e9s quan \u00e9s segrestat i abandonat a la mar, per\u00f2 es salva i desembarca a l\u2019Ar\u00e0bia. Despr\u00e9s de passar per nombroses perip\u00e8cies va a parar a l\u2019\u00cdndia, on s\u2019allotja a casa del Maharaj\u00e0 de Rawhapurtal\u00e0h. Aqu\u00ed apareixeran personatges que despr\u00e9s trobarem en altres aventures, com els inefables policies Dupond i Dupont, el malvat Rastapopoulos i el peculiar Oliveira da Figueira.<br \/>Els cigars del Fara\u00f3 comen\u00e7aren a publicar-se a Le Petit Vingti\u00e8me el 8 de desembre del 1932. Era l\u2019\u00e8poca en la qual corria la not\u00edcia sobre la maledicci\u00f3 de la tomba de Tutankamon, que omplia moltes p\u00e0gines dels diaris sensacionalistes. Aquest tema va interessar a Herg\u00e9 fins el punt de que uns anys m\u00e9s tard, el va tornar a plantejar en el llibre Les set boles de cristall.<\/p>\n","protected":false},"excerpt":{"rendered":"En Tint\u00edn va de viatge en un creuer cap a l\u2019Extrem Orient. A bord coneix un estrany egipt\u00f2leg, en Filem\u00f3 Sicl\u00f3, el qual viatja per cercar la tomba del fara\u00f3 egipci Kih-Oskh. En Tint\u00edn l\u2019acompanyar\u00e0 fins a la tomba, i [&hellip;]","protected":false},"featured_media":15341,"template":"","meta":{"_acf_changed":false,"_exactmetrics_skip_tracking":false,"_exactmetrics_sitenote_active":false,"_exactmetrics_sitenote_note":"","_exactmetrics_sitenote_category":0},"product_brand":[],"product_cat":[902,1142,1127,892,1128],"product_tag":[],"coleccion":[1087],"class_list":{"0":"post-4948","1":"product","2":"type-product","3":"status-publish","4":"has-post-thumbnail","6":"product_cat-a-partir-de-7-anos","7":"product_cat-aventura","8":"product_cat-comic","9":"product_cat-edades","10":"product_cat-tematica","11":"coleccion-les-aventures-de-tintin-llibres-de-tintin","13":"first","14":"instock","15":"taxable","16":"shipping-taxable","17":"purchasable","18":"product-type-simple"},"acf":{"autor":"HERGE-TINTIN CATALAN","codart":"1177-7","ediciones":"23","encuadernacion":"Carton\u00e9","fecha_de_publicacion":"18\/10\/1989","novedad":"0","paginas":"64","subtitulo":"","texto_web_adicional":"","texto_web_novedad":"","orden":"999","portada":"0","texto_web_resaltado":"","autores-libros":[16407],"ilustradores-libros":[16407],"traductores-libros":[18322]},"yoast_head":"<!-- This site is optimized with the Yoast SEO plugin v27.5 - https:\/\/yoast.com\/product\/yoast-seo-wordpress\/ -->\n<title>Els cigars del fara\u00f3 - Editorial Juventud<\/title>\n<meta name=\"description\" content=\"En Tint\u00edn va de viatge en un creuer cap a l\u2019Extrem Orient. A bord coneix un estrany egipt\u00f2leg, en Filem\u00f3 Sicl\u00f3, el qual viatja per cercar la tomba del\" \/>\n<meta name=\"robots\" content=\"index, follow, max-snippet:-1, max-image-preview:large, max-video-preview:-1\" \/>\n<link rel=\"canonical\" href=\"https:\/\/www.editorialjuventud.es\/els-cigars-del-farao-9788426111777\/\" \/>\n<meta property=\"og:locale\" content=\"ca_ES\" \/>\n<meta property=\"og:type\" content=\"article\" \/>\n<meta property=\"og:title\" content=\"Els cigars del fara\u00f3 - Editorial Juventud\" \/>\n<meta property=\"og:description\" content=\"En Tint\u00edn va de viatge en un creuer cap a l\u2019Extrem Orient. A bord coneix un estrany egipt\u00f2leg, en Filem\u00f3 Sicl\u00f3, el qual viatja per cercar la tomba del\" \/>\n<meta property=\"og:url\" content=\"https:\/\/www.editorialjuventud.es\/els-cigars-del-farao-9788426111777\/\" \/>\n<meta property=\"og:site_name\" content=\"Editorial Juventud\" \/>\n<meta property=\"article:modified_time\" content=\"2025-01-22T12:51:10+00:00\" \/>\n<meta property=\"og:image\" content=\"https:\/\/www.editorialjuventud.es\/wp-content\/uploads\/9788426111777.jpg\" \/>\n\t<meta property=\"og:image:width\" content=\"318\" \/>\n\t<meta property=\"og:image:height\" content=\"450\" \/>\n\t<meta property=\"og:image:type\" content=\"image\/jpeg\" \/>\n<meta name=\"twitter:card\" content=\"summary_large_image\" \/>\n<meta name=\"twitter:label1\" content=\"Temps estimat de lectura\" \/>\n\t<meta name=\"twitter:data1\" content=\"1 minut\" \/>\n<script type=\"application\/ld+json\" class=\"yoast-schema-graph\">{\"@context\":\"https:\\\/\\\/schema.org\",\"@graph\":[{\"@type\":\"WebPage\",\"@id\":\"https:\\\/\\\/www.editorialjuventud.es\\\/els-cigars-del-farao-9788426111777\\\/\",\"url\":\"https:\\\/\\\/www.editorialjuventud.es\\\/els-cigars-del-farao-9788426111777\\\/\",\"name\":\"Els cigars del fara\u00f3 - Editorial Juventud\",\"isPartOf\":{\"@id\":\"https:\\\/\\\/www.editorialjuventud.es\\\/#website\"},\"primaryImageOfPage\":{\"@id\":\"https:\\\/\\\/www.editorialjuventud.es\\\/els-cigars-del-farao-9788426111777\\\/#primaryimage\"},\"image\":{\"@id\":\"https:\\\/\\\/www.editorialjuventud.es\\\/els-cigars-del-farao-9788426111777\\\/#primaryimage\"},\"thumbnailUrl\":\"https:\\\/\\\/www.editorialjuventud.es\\\/wp-content\\\/uploads\\\/9788426111777.jpg\",\"datePublished\":\"2018-08-24T08:11:32+00:00\",\"dateModified\":\"2025-01-22T12:51:10+00:00\",\"description\":\"En Tint\u00edn va de viatge en un creuer cap a l\u2019Extrem Orient. A bord coneix un estrany egipt\u00f2leg, en Filem\u00f3 Sicl\u00f3, el qual viatja per cercar la tomba del\",\"breadcrumb\":{\"@id\":\"https:\\\/\\\/www.editorialjuventud.es\\\/els-cigars-del-farao-9788426111777\\\/#breadcrumb\"},\"inLanguage\":\"ca\",\"potentialAction\":[{\"@type\":\"ReadAction\",\"target\":[\"https:\\\/\\\/www.editorialjuventud.es\\\/els-cigars-del-farao-9788426111777\\\/\"]}]},{\"@type\":\"ImageObject\",\"inLanguage\":\"ca\",\"@id\":\"https:\\\/\\\/www.editorialjuventud.es\\\/els-cigars-del-farao-9788426111777\\\/#primaryimage\",\"url\":\"https:\\\/\\\/www.editorialjuventud.es\\\/wp-content\\\/uploads\\\/9788426111777.jpg\",\"contentUrl\":\"https:\\\/\\\/www.editorialjuventud.es\\\/wp-content\\\/uploads\\\/9788426111777.jpg\",\"width\":318,\"height\":450,\"caption\":\"9788426111777.jpg\"},{\"@type\":\"BreadcrumbList\",\"@id\":\"https:\\\/\\\/www.editorialjuventud.es\\\/els-cigars-del-farao-9788426111777\\\/#breadcrumb\",\"itemListElement\":[{\"@type\":\"ListItem\",\"position\":1,\"name\":\"Portada\",\"item\":\"https:\\\/\\\/www.editorialjuventud.es\\\/\"},{\"@type\":\"ListItem\",\"position\":2,\"name\":\"cat\u00e1logo\",\"item\":\"https:\\\/\\\/www.editorialjuventud.es\\\/coleccion\\\/catalogo\\\/\"},{\"@type\":\"ListItem\",\"position\":3,\"name\":\"catal\u00e0\",\"item\":\"https:\\\/\\\/www.editorialjuventud.es\\\/coleccion\\\/catala\\\/\"},{\"@type\":\"ListItem\",\"position\":4,\"name\":\"Llibres de Tint\u00edn\",\"item\":\"https:\\\/\\\/www.editorialjuventud.es\\\/ca\\\/coleccion\\\/llibres-de-tintin\\\/\"},{\"@type\":\"ListItem\",\"position\":5,\"name\":\"Les Aventures de Tint\u00edn\",\"item\":\"https:\\\/\\\/www.editorialjuventud.es\\\/ca\\\/coleccion\\\/les-aventures-de-tintin-llibres-de-tintin\\\/\"},{\"@type\":\"ListItem\",\"position\":6,\"name\":\"Els cigars del fara\u00f3\"}]},{\"@type\":\"WebSite\",\"@id\":\"https:\\\/\\\/www.editorialjuventud.es\\\/#website\",\"url\":\"https:\\\/\\\/www.editorialjuventud.es\\\/\",\"name\":\"Editorial Juventud\",\"description\":\"\",\"potentialAction\":[{\"@type\":\"SearchAction\",\"target\":{\"@type\":\"EntryPoint\",\"urlTemplate\":\"https:\\\/\\\/www.editorialjuventud.es\\\/?s={search_term_string}\"},\"query-input\":{\"@type\":\"PropertyValueSpecification\",\"valueRequired\":true,\"valueName\":\"search_term_string\"}}],\"inLanguage\":\"ca\"}]}<\/script>\n<!-- \/ Yoast SEO plugin. -->","yoast_head_json":{"title":"Els cigars del fara\u00f3 - Editorial Juventud","description":"En Tint\u00edn va de viatge en un creuer cap a l\u2019Extrem Orient. A bord coneix un estrany egipt\u00f2leg, en Filem\u00f3 Sicl\u00f3, el qual viatja per cercar la tomba del","robots":{"index":"index","follow":"follow","max-snippet":"max-snippet:-1","max-image-preview":"max-image-preview:large","max-video-preview":"max-video-preview:-1"},"canonical":"https:\/\/www.editorialjuventud.es\/els-cigars-del-farao-9788426111777\/","og_locale":"ca_ES","og_type":"article","og_title":"Els cigars del fara\u00f3 - Editorial Juventud","og_description":"En Tint\u00edn va de viatge en un creuer cap a l\u2019Extrem Orient. A bord coneix un estrany egipt\u00f2leg, en Filem\u00f3 Sicl\u00f3, el qual viatja per cercar la tomba del","og_url":"https:\/\/www.editorialjuventud.es\/els-cigars-del-farao-9788426111777\/","og_site_name":"Editorial Juventud","article_modified_time":"2025-01-22T12:51:10+00:00","og_image":[{"width":318,"height":450,"url":"https:\/\/www.editorialjuventud.es\/wp-content\/uploads\/9788426111777.jpg","type":"image\/jpeg"}],"twitter_card":"summary_large_image","twitter_misc":{"Temps estimat de lectura":"1 minut"},"schema":{"@context":"https:\/\/schema.org","@graph":[{"@type":"WebPage","@id":"https:\/\/www.editorialjuventud.es\/els-cigars-del-farao-9788426111777\/","url":"https:\/\/www.editorialjuventud.es\/els-cigars-del-farao-9788426111777\/","name":"Els cigars del fara\u00f3 - Editorial Juventud","isPartOf":{"@id":"https:\/\/www.editorialjuventud.es\/#website"},"primaryImageOfPage":{"@id":"https:\/\/www.editorialjuventud.es\/els-cigars-del-farao-9788426111777\/#primaryimage"},"image":{"@id":"https:\/\/www.editorialjuventud.es\/els-cigars-del-farao-9788426111777\/#primaryimage"},"thumbnailUrl":"https:\/\/www.editorialjuventud.es\/wp-content\/uploads\/9788426111777.jpg","datePublished":"2018-08-24T08:11:32+00:00","dateModified":"2025-01-22T12:51:10+00:00","description":"En Tint\u00edn va de viatge en un creuer cap a l\u2019Extrem Orient. A bord coneix un estrany egipt\u00f2leg, en Filem\u00f3 Sicl\u00f3, el qual viatja per cercar la tomba del","breadcrumb":{"@id":"https:\/\/www.editorialjuventud.es\/els-cigars-del-farao-9788426111777\/#breadcrumb"},"inLanguage":"ca","potentialAction":[{"@type":"ReadAction","target":["https:\/\/www.editorialjuventud.es\/els-cigars-del-farao-9788426111777\/"]}]},{"@type":"ImageObject","inLanguage":"ca","@id":"https:\/\/www.editorialjuventud.es\/els-cigars-del-farao-9788426111777\/#primaryimage","url":"https:\/\/www.editorialjuventud.es\/wp-content\/uploads\/9788426111777.jpg","contentUrl":"https:\/\/www.editorialjuventud.es\/wp-content\/uploads\/9788426111777.jpg","width":318,"height":450,"caption":"9788426111777.jpg"},{"@type":"BreadcrumbList","@id":"https:\/\/www.editorialjuventud.es\/els-cigars-del-farao-9788426111777\/#breadcrumb","itemListElement":[{"@type":"ListItem","position":1,"name":"Portada","item":"https:\/\/www.editorialjuventud.es\/"},{"@type":"ListItem","position":2,"name":"cat\u00e1logo","item":"https:\/\/www.editorialjuventud.es\/coleccion\/catalogo\/"},{"@type":"ListItem","position":3,"name":"catal\u00e0","item":"https:\/\/www.editorialjuventud.es\/coleccion\/catala\/"},{"@type":"ListItem","position":4,"name":"Llibres de Tint\u00edn","item":"https:\/\/www.editorialjuventud.es\/ca\/coleccion\/llibres-de-tintin\/"},{"@type":"ListItem","position":5,"name":"Les Aventures de Tint\u00edn","item":"https:\/\/www.editorialjuventud.es\/ca\/coleccion\/les-aventures-de-tintin-llibres-de-tintin\/"},{"@type":"ListItem","position":6,"name":"Els cigars del fara\u00f3"}]},{"@type":"WebSite","@id":"https:\/\/www.editorialjuventud.es\/#website","url":"https:\/\/www.editorialjuventud.es\/","name":"Editorial Juventud","description":"","potentialAction":[{"@type":"SearchAction","target":{"@type":"EntryPoint","urlTemplate":"https:\/\/www.editorialjuventud.es\/?s={search_term_string}"},"query-input":{"@type":"PropertyValueSpecification","valueRequired":true,"valueName":"search_term_string"}}],"inLanguage":"ca"}]}},"_links":{"self":[{"href":"https:\/\/www.editorialjuventud.es\/ca\/wp-json\/wp\/v2\/product\/4948","targetHints":{"allow":["GET"]}}],"collection":[{"href":"https:\/\/www.editorialjuventud.es\/ca\/wp-json\/wp\/v2\/product"}],"about":[{"href":"https:\/\/www.editorialjuventud.es\/ca\/wp-json\/wp\/v2\/types\/product"}],"wp:featuredmedia":[{"embeddable":true,"href":"https:\/\/www.editorialjuventud.es\/ca\/wp-json\/wp\/v2\/media\/15341"}],"wp:attachment":[{"href":"https:\/\/www.editorialjuventud.es\/ca\/wp-json\/wp\/v2\/media?parent=4948"}],"wp:term":[{"taxonomy":"product_brand","embeddable":true,"href":"https:\/\/www.editorialjuventud.es\/ca\/wp-json\/wp\/v2\/product_brand?post=4948"},{"taxonomy":"product_cat","embeddable":true,"href":"https:\/\/www.editorialjuventud.es\/ca\/wp-json\/wp\/v2\/product_cat?post=4948"},{"taxonomy":"product_tag","embeddable":true,"href":"https:\/\/www.editorialjuventud.es\/ca\/wp-json\/wp\/v2\/product_tag?post=4948"},{"taxonomy":"coleccion","embeddable":true,"href":"https:\/\/www.editorialjuventud.es\/ca\/wp-json\/wp\/v2\/coleccion?post=4948"}],"curies":[{"name":"wp","href":"https:\/\/api.w.org\/{rel}","templated":true}]}}