{"id":4938,"date":"2018-08-24T10:10:44","date_gmt":"2018-08-24T08:10:44","guid":{"rendered":"http:\/\/www.editorialjuventud.es\/objectiu-la-lluna\/"},"modified":"2026-05-15T14:55:06","modified_gmt":"2026-05-15T12:55:06","slug":"objectiu-la-lluna-9788426110633","status":"publish","type":"product","link":"https:\/\/www.editorialjuventud.es\/ca\/objectiu-la-lluna-9788426110633\/","title":{"rendered":"Objectiu: La Lluna"},"content":{"rendered":"<p>Aquesta obra va comen\u00e7ar a publicar-se al setmanari Tint\u00edn, a partir del 30 de mar\u00e7 de l\u2019any 1950, dinou anys abans de l\u2019arribada de l\u2019home a la lluna. No es tracta d\u2019una obra de ci\u00e8ncia-ficci\u00f3, sin\u00f3 d\u2019una anticipaci\u00f3 tan precisa com li fou possible a l\u2019autor. Herg\u00e9 va entrar en contacte amb el doctor Bernard Heuvelmans, que havia escrit el llibre L\u2019homme parmi les \u00e9toiles (L\u2019home entre les estrelles), que era un especialista en el tema i que va col\u00b7laborar amb l\u2019equip.<br \/>Es va realitzar una maqueta extraordin\u00e0ria del coet, que fou sotmesa a l\u2019aprovaci\u00f3 de l\u2019autor del llibre L\u2019astron\u00e0utica, doctor Anamolf. Aquesta maqueta era completament desmuntable, la qual cosa li permetia al jove Bob de Moor, responsable principal dels decorats, saber exactament a quin lloc de la nau espacial es trobaven els personatges de la hist\u00f2ria. <br \/>Herg\u00e9 t\u00e9 una gr\u00e0cia especial per donar un to humor\u00edstic a totes les escenes on hi ha explicacions cient\u00edfiques, que podrien resultar avorrides per algun lector. Per exemple, quan en Wolf i en Tornassol expliquen elements m\u00e9s o menys complicats, surt el capit\u00e0 Haddock per fer somriure el lector, amb algun acudit.<\/p>\n","protected":false},"excerpt":{"rendered":"Aquesta obra va comen\u00e7ar a publicar-se al setmanari Tint\u00edn, a partir del 30 de mar\u00e7 de l\u2019any 1950, dinou anys abans de l\u2019arribada de l\u2019home a la lluna. No es tracta d\u2019una obra de ci\u00e8ncia-ficci\u00f3, sin\u00f3 d\u2019una anticipaci\u00f3 tan precisa [&hellip;]","protected":false},"featured_media":20445,"template":"","meta":{"_acf_changed":false,"_exactmetrics_skip_tracking":false,"_exactmetrics_sitenote_active":false,"_exactmetrics_sitenote_note":"","_exactmetrics_sitenote_category":0},"product_brand":[],"product_cat":[902,1142,1127,892,1128],"product_tag":[],"coleccion":[1087],"class_list":{"0":"post-4938","1":"product","2":"type-product","3":"status-publish","4":"has-post-thumbnail","6":"product_cat-a-partir-de-7-anos","7":"product_cat-aventura","8":"product_cat-comic","9":"product_cat-edades","10":"product_cat-tematica","11":"coleccion-les-aventures-de-tintin-llibres-de-tintin","13":"first","14":"instock","15":"taxable","16":"shipping-taxable","17":"purchasable","18":"product-type-simple"},"acf":{"autor":"HERGE-TINTIN CATALAN","codart":"1063-0","ediciones":"21","encuadernacion":"Carton\u00e9","fecha_de_publicacion":"01\/10\/1989","novedad":"0","paginas":"64","subtitulo":"","texto_web_adicional":"","texto_web_novedad":"","orden":"999","portada":"0","texto_web_resaltado":"","indice":"","autores-libros":[16407],"ilustradores-libros":[16407],"traductores-libros":[18322],"descripcion_corta":"","recomendamos":"","mas_vendido":"","idioma-libro":"","color":false,"formato":"","mas_informacion_del_producto":false,"premios":false,"texto_enlace_cubierta":"","enlace_cubierta":false,"texto_enlace_ficha_tecnica":"","enlace_ficha_tecnica":false,"ficheros":false,"titulo-fr":"","texto-fr":"","fecha_de_reimpresion":"01\/03\/2023","deshabilitar_compra":[]},"yoast_head":"<!-- This site is optimized with the Yoast SEO plugin v27.5 - https:\/\/yoast.com\/product\/yoast-seo-wordpress\/ -->\n<title>Objectiu: La Lluna - Editorial Juventud<\/title>\n<meta name=\"description\" content=\"Aquesta obra va comen\u00e7ar a publicar-se al setmanari Tint\u00edn, a partir del 30 de mar\u00e7 de l\u0092any 1950, dinou anys abans de l\u0092arribada de l\u0092\u00b4home a la lluna. No es tracta d\u0092&#039;una obra de ci\u00e8ncia-ficci\u00f3, sin\u00f3 d\u0092una anticipaci\u00f3 tan precisa com li fou possible a l\u0092autor.\" \/>\n<meta name=\"robots\" content=\"index, follow, max-snippet:-1, max-image-preview:large, max-video-preview:-1\" \/>\n<link rel=\"canonical\" href=\"https:\/\/www.editorialjuventud.es\/objectiu-la-lluna-9788426110633\/\" \/>\n<meta property=\"og:locale\" content=\"ca_ES\" \/>\n<meta property=\"og:type\" content=\"article\" \/>\n<meta property=\"og:title\" content=\"Objectiu: La Lluna - Editorial Juventud\" \/>\n<meta property=\"og:description\" content=\"Aquesta obra va comen\u00e7ar a publicar-se al setmanari Tint\u00edn, a partir del 30 de mar\u00e7 de l\u0092any 1950, dinou anys abans de l\u0092arribada de l\u0092\u00b4home a la lluna. No es tracta d\u0092&#039;una obra de ci\u00e8ncia-ficci\u00f3, sin\u00f3 d\u0092una anticipaci\u00f3 tan precisa com li fou possible a l\u0092autor.\" \/>\n<meta property=\"og:url\" content=\"https:\/\/www.editorialjuventud.es\/objectiu-la-lluna-9788426110633\/\" \/>\n<meta property=\"og:site_name\" content=\"Editorial Juventud\" \/>\n<meta property=\"article:modified_time\" content=\"2026-05-15T12:55:06+00:00\" \/>\n<meta property=\"og:image\" content=\"https:\/\/www.editorialjuventud.es\/wp-content\/uploads\/portada_CAT_def.jpg\" \/>\n\t<meta property=\"og:image:width\" content=\"1444\" \/>\n\t<meta property=\"og:image:height\" content=\"2005\" \/>\n\t<meta property=\"og:image:type\" content=\"image\/jpeg\" \/>\n<meta name=\"twitter:card\" content=\"summary_large_image\" \/>\n<meta name=\"twitter:label1\" content=\"Temps estimat de lectura\" \/>\n\t<meta name=\"twitter:data1\" content=\"2 minuts\" \/>\n<script type=\"application\/ld+json\" class=\"yoast-schema-graph\">{\"@context\":\"https:\\\/\\\/schema.org\",\"@graph\":[{\"@type\":\"WebPage\",\"@id\":\"https:\\\/\\\/www.editorialjuventud.es\\\/objectiu-la-lluna-9788426110633\\\/\",\"url\":\"https:\\\/\\\/www.editorialjuventud.es\\\/objectiu-la-lluna-9788426110633\\\/\",\"name\":\"Objectiu: La Lluna - Editorial Juventud\",\"isPartOf\":{\"@id\":\"https:\\\/\\\/www.editorialjuventud.es\\\/#website\"},\"primaryImageOfPage\":{\"@id\":\"https:\\\/\\\/www.editorialjuventud.es\\\/objectiu-la-lluna-9788426110633\\\/#primaryimage\"},\"image\":{\"@id\":\"https:\\\/\\\/www.editorialjuventud.es\\\/objectiu-la-lluna-9788426110633\\\/#primaryimage\"},\"thumbnailUrl\":\"https:\\\/\\\/www.editorialjuventud.es\\\/wp-content\\\/uploads\\\/portada_CAT_def.jpg\",\"datePublished\":\"2018-08-24T08:10:44+00:00\",\"dateModified\":\"2026-05-15T12:55:06+00:00\",\"description\":\"Aquesta obra va comen\u00e7ar a publicar-se al setmanari Tint\u00edn, a partir del 30 de mar\u00e7 de l\u0092any 1950, dinou anys abans de l\u0092arribada de l\u0092\u00b4home a la lluna. No es tracta d\u0092'una obra de ci\u00e8ncia-ficci\u00f3, sin\u00f3 d\u0092una anticipaci\u00f3 tan precisa com li fou possible a l\u0092autor.\",\"breadcrumb\":{\"@id\":\"https:\\\/\\\/www.editorialjuventud.es\\\/objectiu-la-lluna-9788426110633\\\/#breadcrumb\"},\"inLanguage\":\"ca\",\"potentialAction\":[{\"@type\":\"ReadAction\",\"target\":[\"https:\\\/\\\/www.editorialjuventud.es\\\/objectiu-la-lluna-9788426110633\\\/\"]}]},{\"@type\":\"ImageObject\",\"inLanguage\":\"ca\",\"@id\":\"https:\\\/\\\/www.editorialjuventud.es\\\/objectiu-la-lluna-9788426110633\\\/#primaryimage\",\"url\":\"https:\\\/\\\/www.editorialjuventud.es\\\/wp-content\\\/uploads\\\/portada_CAT_def.jpg\",\"contentUrl\":\"https:\\\/\\\/www.editorialjuventud.es\\\/wp-content\\\/uploads\\\/portada_CAT_def.jpg\",\"width\":1444,\"height\":2005},{\"@type\":\"BreadcrumbList\",\"@id\":\"https:\\\/\\\/www.editorialjuventud.es\\\/objectiu-la-lluna-9788426110633\\\/#breadcrumb\",\"itemListElement\":[{\"@type\":\"ListItem\",\"position\":1,\"name\":\"Portada\",\"item\":\"https:\\\/\\\/www.editorialjuventud.es\\\/\"},{\"@type\":\"ListItem\",\"position\":2,\"name\":\"cat\u00e1logo\",\"item\":\"https:\\\/\\\/www.editorialjuventud.es\\\/coleccion\\\/catalogo\\\/\"},{\"@type\":\"ListItem\",\"position\":3,\"name\":\"catal\u00e0\",\"item\":\"https:\\\/\\\/www.editorialjuventud.es\\\/coleccion\\\/catala\\\/\"},{\"@type\":\"ListItem\",\"position\":4,\"name\":\"Llibres de Tint\u00edn\",\"item\":\"https:\\\/\\\/www.editorialjuventud.es\\\/ca\\\/coleccion\\\/llibres-de-tintin\\\/\"},{\"@type\":\"ListItem\",\"position\":5,\"name\":\"Les Aventures de Tint\u00edn\",\"item\":\"https:\\\/\\\/www.editorialjuventud.es\\\/ca\\\/coleccion\\\/les-aventures-de-tintin-llibres-de-tintin\\\/\"},{\"@type\":\"ListItem\",\"position\":6,\"name\":\"Objectiu: La Lluna\"}]},{\"@type\":\"WebSite\",\"@id\":\"https:\\\/\\\/www.editorialjuventud.es\\\/#website\",\"url\":\"https:\\\/\\\/www.editorialjuventud.es\\\/\",\"name\":\"Editorial Juventud\",\"description\":\"\",\"potentialAction\":[{\"@type\":\"SearchAction\",\"target\":{\"@type\":\"EntryPoint\",\"urlTemplate\":\"https:\\\/\\\/www.editorialjuventud.es\\\/?s={search_term_string}\"},\"query-input\":{\"@type\":\"PropertyValueSpecification\",\"valueRequired\":true,\"valueName\":\"search_term_string\"}}],\"inLanguage\":\"ca\"}]}<\/script>\n<!-- \/ Yoast SEO plugin. -->","yoast_head_json":{"title":"Objectiu: La Lluna - Editorial Juventud","description":"Aquesta obra va comen\u00e7ar a publicar-se al setmanari Tint\u00edn, a partir del 30 de mar\u00e7 de l\u0092any 1950, dinou anys abans de l\u0092arribada de l\u0092\u00b4home a la lluna. No es tracta d\u0092'una obra de ci\u00e8ncia-ficci\u00f3, sin\u00f3 d\u0092una anticipaci\u00f3 tan precisa com li fou possible a l\u0092autor.","robots":{"index":"index","follow":"follow","max-snippet":"max-snippet:-1","max-image-preview":"max-image-preview:large","max-video-preview":"max-video-preview:-1"},"canonical":"https:\/\/www.editorialjuventud.es\/objectiu-la-lluna-9788426110633\/","og_locale":"ca_ES","og_type":"article","og_title":"Objectiu: La Lluna - Editorial Juventud","og_description":"Aquesta obra va comen\u00e7ar a publicar-se al setmanari Tint\u00edn, a partir del 30 de mar\u00e7 de l\u0092any 1950, dinou anys abans de l\u0092arribada de l\u0092\u00b4home a la lluna. No es tracta d\u0092'una obra de ci\u00e8ncia-ficci\u00f3, sin\u00f3 d\u0092una anticipaci\u00f3 tan precisa com li fou possible a l\u0092autor.","og_url":"https:\/\/www.editorialjuventud.es\/objectiu-la-lluna-9788426110633\/","og_site_name":"Editorial Juventud","article_modified_time":"2026-05-15T12:55:06+00:00","og_image":[{"width":1444,"height":2005,"url":"https:\/\/www.editorialjuventud.es\/wp-content\/uploads\/portada_CAT_def.jpg","type":"image\/jpeg"}],"twitter_card":"summary_large_image","twitter_misc":{"Temps estimat de lectura":"2 minuts"},"schema":{"@context":"https:\/\/schema.org","@graph":[{"@type":"WebPage","@id":"https:\/\/www.editorialjuventud.es\/objectiu-la-lluna-9788426110633\/","url":"https:\/\/www.editorialjuventud.es\/objectiu-la-lluna-9788426110633\/","name":"Objectiu: La Lluna - Editorial Juventud","isPartOf":{"@id":"https:\/\/www.editorialjuventud.es\/#website"},"primaryImageOfPage":{"@id":"https:\/\/www.editorialjuventud.es\/objectiu-la-lluna-9788426110633\/#primaryimage"},"image":{"@id":"https:\/\/www.editorialjuventud.es\/objectiu-la-lluna-9788426110633\/#primaryimage"},"thumbnailUrl":"https:\/\/www.editorialjuventud.es\/wp-content\/uploads\/portada_CAT_def.jpg","datePublished":"2018-08-24T08:10:44+00:00","dateModified":"2026-05-15T12:55:06+00:00","description":"Aquesta obra va comen\u00e7ar a publicar-se al setmanari Tint\u00edn, a partir del 30 de mar\u00e7 de l\u0092any 1950, dinou anys abans de l\u0092arribada de l\u0092\u00b4home a la lluna. No es tracta d\u0092'una obra de ci\u00e8ncia-ficci\u00f3, sin\u00f3 d\u0092una anticipaci\u00f3 tan precisa com li fou possible a l\u0092autor.","breadcrumb":{"@id":"https:\/\/www.editorialjuventud.es\/objectiu-la-lluna-9788426110633\/#breadcrumb"},"inLanguage":"ca","potentialAction":[{"@type":"ReadAction","target":["https:\/\/www.editorialjuventud.es\/objectiu-la-lluna-9788426110633\/"]}]},{"@type":"ImageObject","inLanguage":"ca","@id":"https:\/\/www.editorialjuventud.es\/objectiu-la-lluna-9788426110633\/#primaryimage","url":"https:\/\/www.editorialjuventud.es\/wp-content\/uploads\/portada_CAT_def.jpg","contentUrl":"https:\/\/www.editorialjuventud.es\/wp-content\/uploads\/portada_CAT_def.jpg","width":1444,"height":2005},{"@type":"BreadcrumbList","@id":"https:\/\/www.editorialjuventud.es\/objectiu-la-lluna-9788426110633\/#breadcrumb","itemListElement":[{"@type":"ListItem","position":1,"name":"Portada","item":"https:\/\/www.editorialjuventud.es\/"},{"@type":"ListItem","position":2,"name":"cat\u00e1logo","item":"https:\/\/www.editorialjuventud.es\/coleccion\/catalogo\/"},{"@type":"ListItem","position":3,"name":"catal\u00e0","item":"https:\/\/www.editorialjuventud.es\/coleccion\/catala\/"},{"@type":"ListItem","position":4,"name":"Llibres de Tint\u00edn","item":"https:\/\/www.editorialjuventud.es\/ca\/coleccion\/llibres-de-tintin\/"},{"@type":"ListItem","position":5,"name":"Les Aventures de Tint\u00edn","item":"https:\/\/www.editorialjuventud.es\/ca\/coleccion\/les-aventures-de-tintin-llibres-de-tintin\/"},{"@type":"ListItem","position":6,"name":"Objectiu: La Lluna"}]},{"@type":"WebSite","@id":"https:\/\/www.editorialjuventud.es\/#website","url":"https:\/\/www.editorialjuventud.es\/","name":"Editorial Juventud","description":"","potentialAction":[{"@type":"SearchAction","target":{"@type":"EntryPoint","urlTemplate":"https:\/\/www.editorialjuventud.es\/?s={search_term_string}"},"query-input":{"@type":"PropertyValueSpecification","valueRequired":true,"valueName":"search_term_string"}}],"inLanguage":"ca"}]}},"_links":{"self":[{"href":"https:\/\/www.editorialjuventud.es\/ca\/wp-json\/wp\/v2\/product\/4938","targetHints":{"allow":["GET"]}}],"collection":[{"href":"https:\/\/www.editorialjuventud.es\/ca\/wp-json\/wp\/v2\/product"}],"about":[{"href":"https:\/\/www.editorialjuventud.es\/ca\/wp-json\/wp\/v2\/types\/product"}],"wp:featuredmedia":[{"embeddable":true,"href":"https:\/\/www.editorialjuventud.es\/ca\/wp-json\/wp\/v2\/media\/20445"}],"wp:attachment":[{"href":"https:\/\/www.editorialjuventud.es\/ca\/wp-json\/wp\/v2\/media?parent=4938"}],"wp:term":[{"taxonomy":"product_brand","embeddable":true,"href":"https:\/\/www.editorialjuventud.es\/ca\/wp-json\/wp\/v2\/product_brand?post=4938"},{"taxonomy":"product_cat","embeddable":true,"href":"https:\/\/www.editorialjuventud.es\/ca\/wp-json\/wp\/v2\/product_cat?post=4938"},{"taxonomy":"product_tag","embeddable":true,"href":"https:\/\/www.editorialjuventud.es\/ca\/wp-json\/wp\/v2\/product_tag?post=4938"},{"taxonomy":"coleccion","embeddable":true,"href":"https:\/\/www.editorialjuventud.es\/ca\/wp-json\/wp\/v2\/coleccion?post=4938"}],"curies":[{"name":"wp","href":"https:\/\/api.w.org\/{rel}","templated":true}]}}