{"id":4936,"date":"2018-08-24T10:10:33","date_gmt":"2018-08-24T08:10:33","guid":{"rendered":"http:\/\/www.editorialjuventud.es\/les-set-boles-de-cristall\/"},"modified":"2025-01-22T13:51:37","modified_gmt":"2025-01-22T12:51:37","slug":"les-7-boles-de-cristall-9788426110619","status":"publish","type":"product","link":"https:\/\/www.editorialjuventud.es\/ca\/les-7-boles-de-cristall-9788426110619\/","title":{"rendered":"Les 7 boles de cristall"},"content":{"rendered":"<p>Despr\u00e9s de dos anys d\u2019abs\u00e8ncia, durant els quals l\u2019expedici\u00f3 etnogr\u00e0fica Sanders- Hardmuth, ha viatjat pel Per\u00fa i Bol\u00edvia, retorna a Europa despr\u00e9s del descobriment de diverses tombes inques. N\u2019han portat la m\u00f2mia de l\u2019inca Rascar Capac, tamb\u00e9 anomenat &#8216;el qui desencadena foc del cel&#8217;, que anava enjoiat amb peces d\u2019or mass\u00eds.<br \/>Al cap de poc temps, comencen a caure els participants de l\u2019expedici\u00f3, un per un, i sempre que aix\u00f2 succeeix, es troben al costat, uns fragments d\u2019una bola de cristall.<\/p>\n","protected":false},"excerpt":{"rendered":"Despr\u00e9s de dos anys d\u2019abs\u00e8ncia, durant els quals l\u2019expedici\u00f3 etnogr\u00e0fica Sanders- Hardmuth, ha viatjat pel Per\u00fa i Bol\u00edvia, retorna a Europa despr\u00e9s del descobriment de diverses tombes inques. N\u2019han portat la m\u00f2mia de l\u2019inca Rascar Capac, tamb\u00e9 anomenat &#8216;el qui [&hellip;]","protected":false},"featured_media":15321,"template":"","meta":{"_acf_changed":false,"_exactmetrics_skip_tracking":false,"_exactmetrics_sitenote_active":false,"_exactmetrics_sitenote_note":"","_exactmetrics_sitenote_category":0},"product_brand":[],"product_cat":[902,1142,1127,892,1128],"product_tag":[],"coleccion":[1087,925],"class_list":{"0":"post-4936","1":"product","2":"type-product","3":"status-publish","4":"has-post-thumbnail","6":"product_cat-a-partir-de-7-anos","7":"product_cat-aventura","8":"product_cat-comic","9":"product_cat-edades","10":"product_cat-tematica","11":"coleccion-les-aventures-de-tintin-llibres-de-tintin","12":"coleccion-llibres-de-tintin","14":"first","15":"instock","16":"taxable","17":"shipping-taxable","18":"purchasable","19":"product-type-simple"},"acf":{"autor":"HERGE-TINTIN CATALAN","codart":"1061-4","ediciones":"9","encuadernacion":"Carton\u00e9","fecha_de_publicacion":"11\/10\/1989","novedad":"0","paginas":"64","subtitulo":"","texto_web_adicional":"","texto_web_novedad":"","orden":"999","portada":"0","texto_web_resaltado":"","indice":"","autores-libros":[16407],"ilustradores-libros":[16407],"traductores-libros":[18322],"fecha_de_reimpresion":"01\/05\/2022","descripcion_corta":"","recomendamos":"","mas_vendido":"","idioma-libro":"","color":false,"formato":"","mas_informacion_del_producto":false,"premios":false,"deshabilitar_compra":[],"texto_enlace_cubierta":"","enlace_cubierta":false,"texto_enlace_ficha_tecnica":"","enlace_ficha_tecnica":false,"ficheros":false,"titulo-fr":"","texto-fr":""},"yoast_head":"<!-- This site is optimized with the Yoast SEO plugin v27.3 - https:\/\/yoast.com\/product\/yoast-seo-wordpress\/ -->\n<title>Les 7 boles de cristall - Editorial Juventud<\/title>\n<meta name=\"description\" content=\"Despr\u00e9s de dos anys d\u2019abs\u00e8ncia, durant els quals l\u2019expedici\u00f3 etnogr\u00e0fica Sanders- Hardmuth, ha viatjat pel Per\u00fa i Bol\u00edvia, retorna a Europa despr\u00e9s del\" \/>\n<meta name=\"robots\" content=\"index, follow, max-snippet:-1, max-image-preview:large, max-video-preview:-1\" \/>\n<link rel=\"canonical\" href=\"https:\/\/www.editorialjuventud.es\/les-7-boles-de-cristall-9788426110619\/\" \/>\n<meta property=\"og:locale\" content=\"ca_ES\" \/>\n<meta property=\"og:type\" content=\"article\" \/>\n<meta property=\"og:title\" content=\"Les 7 boles de cristall - Editorial Juventud\" \/>\n<meta property=\"og:description\" content=\"Despr\u00e9s de dos anys d\u2019abs\u00e8ncia, durant els quals l\u2019expedici\u00f3 etnogr\u00e0fica Sanders- Hardmuth, ha viatjat pel Per\u00fa i Bol\u00edvia, retorna a Europa despr\u00e9s del\" \/>\n<meta property=\"og:url\" content=\"https:\/\/www.editorialjuventud.es\/les-7-boles-de-cristall-9788426110619\/\" \/>\n<meta property=\"og:site_name\" content=\"Editorial Juventud\" \/>\n<meta property=\"article:modified_time\" content=\"2025-01-22T12:51:37+00:00\" \/>\n<meta property=\"og:image\" content=\"https:\/\/www.editorialjuventud.es\/wp-content\/uploads\/9788426110619.jpg\" \/>\n\t<meta property=\"og:image:width\" content=\"329\" \/>\n\t<meta property=\"og:image:height\" content=\"450\" \/>\n\t<meta property=\"og:image:type\" content=\"image\/jpeg\" \/>\n<meta name=\"twitter:card\" content=\"summary_large_image\" \/>\n<script type=\"application\/ld+json\" class=\"yoast-schema-graph\">{\"@context\":\"https:\\\/\\\/schema.org\",\"@graph\":[{\"@type\":\"WebPage\",\"@id\":\"https:\\\/\\\/www.editorialjuventud.es\\\/les-7-boles-de-cristall-9788426110619\\\/\",\"url\":\"https:\\\/\\\/www.editorialjuventud.es\\\/les-7-boles-de-cristall-9788426110619\\\/\",\"name\":\"Les 7 boles de cristall - Editorial Juventud\",\"isPartOf\":{\"@id\":\"https:\\\/\\\/www.editorialjuventud.es\\\/#website\"},\"primaryImageOfPage\":{\"@id\":\"https:\\\/\\\/www.editorialjuventud.es\\\/les-7-boles-de-cristall-9788426110619\\\/#primaryimage\"},\"image\":{\"@id\":\"https:\\\/\\\/www.editorialjuventud.es\\\/les-7-boles-de-cristall-9788426110619\\\/#primaryimage\"},\"thumbnailUrl\":\"https:\\\/\\\/www.editorialjuventud.es\\\/wp-content\\\/uploads\\\/9788426110619.jpg\",\"datePublished\":\"2018-08-24T08:10:33+00:00\",\"dateModified\":\"2025-01-22T12:51:37+00:00\",\"description\":\"Despr\u00e9s de dos anys d\u2019abs\u00e8ncia, durant els quals l\u2019expedici\u00f3 etnogr\u00e0fica Sanders- Hardmuth, ha viatjat pel Per\u00fa i Bol\u00edvia, retorna a Europa despr\u00e9s del\",\"breadcrumb\":{\"@id\":\"https:\\\/\\\/www.editorialjuventud.es\\\/les-7-boles-de-cristall-9788426110619\\\/#breadcrumb\"},\"inLanguage\":\"ca\",\"potentialAction\":[{\"@type\":\"ReadAction\",\"target\":[\"https:\\\/\\\/www.editorialjuventud.es\\\/les-7-boles-de-cristall-9788426110619\\\/\"]}]},{\"@type\":\"ImageObject\",\"inLanguage\":\"ca\",\"@id\":\"https:\\\/\\\/www.editorialjuventud.es\\\/les-7-boles-de-cristall-9788426110619\\\/#primaryimage\",\"url\":\"https:\\\/\\\/www.editorialjuventud.es\\\/wp-content\\\/uploads\\\/9788426110619.jpg\",\"contentUrl\":\"https:\\\/\\\/www.editorialjuventud.es\\\/wp-content\\\/uploads\\\/9788426110619.jpg\",\"width\":329,\"height\":450,\"caption\":\"9788426110619.jpg\"},{\"@type\":\"BreadcrumbList\",\"@id\":\"https:\\\/\\\/www.editorialjuventud.es\\\/les-7-boles-de-cristall-9788426110619\\\/#breadcrumb\",\"itemListElement\":[{\"@type\":\"ListItem\",\"position\":1,\"name\":\"Portada\",\"item\":\"https:\\\/\\\/www.editorialjuventud.es\\\/\"},{\"@type\":\"ListItem\",\"position\":2,\"name\":\"cat\u00e1logo\",\"item\":\"https:\\\/\\\/www.editorialjuventud.es\\\/coleccion\\\/catalogo\\\/\"},{\"@type\":\"ListItem\",\"position\":3,\"name\":\"catal\u00e0\",\"item\":\"https:\\\/\\\/www.editorialjuventud.es\\\/coleccion\\\/catala\\\/\"},{\"@type\":\"ListItem\",\"position\":4,\"name\":\"Llibres de Tint\u00edn\",\"item\":\"https:\\\/\\\/www.editorialjuventud.es\\\/ca\\\/coleccion\\\/llibres-de-tintin\\\/\"},{\"@type\":\"ListItem\",\"position\":5,\"name\":\"Les Aventures de Tint\u00edn\",\"item\":\"https:\\\/\\\/www.editorialjuventud.es\\\/ca\\\/coleccion\\\/les-aventures-de-tintin-llibres-de-tintin\\\/\"},{\"@type\":\"ListItem\",\"position\":6,\"name\":\"Les 7 boles de cristall\"}]},{\"@type\":\"WebSite\",\"@id\":\"https:\\\/\\\/www.editorialjuventud.es\\\/#website\",\"url\":\"https:\\\/\\\/www.editorialjuventud.es\\\/\",\"name\":\"Editorial Juventud\",\"description\":\"\",\"potentialAction\":[{\"@type\":\"SearchAction\",\"target\":{\"@type\":\"EntryPoint\",\"urlTemplate\":\"https:\\\/\\\/www.editorialjuventud.es\\\/?s={search_term_string}\"},\"query-input\":{\"@type\":\"PropertyValueSpecification\",\"valueRequired\":true,\"valueName\":\"search_term_string\"}}],\"inLanguage\":\"ca\"}]}<\/script>\n<!-- \/ Yoast SEO plugin. -->","yoast_head_json":{"title":"Les 7 boles de cristall - Editorial Juventud","description":"Despr\u00e9s de dos anys d\u2019abs\u00e8ncia, durant els quals l\u2019expedici\u00f3 etnogr\u00e0fica Sanders- Hardmuth, ha viatjat pel Per\u00fa i Bol\u00edvia, retorna a Europa despr\u00e9s del","robots":{"index":"index","follow":"follow","max-snippet":"max-snippet:-1","max-image-preview":"max-image-preview:large","max-video-preview":"max-video-preview:-1"},"canonical":"https:\/\/www.editorialjuventud.es\/les-7-boles-de-cristall-9788426110619\/","og_locale":"ca_ES","og_type":"article","og_title":"Les 7 boles de cristall - Editorial Juventud","og_description":"Despr\u00e9s de dos anys d\u2019abs\u00e8ncia, durant els quals l\u2019expedici\u00f3 etnogr\u00e0fica Sanders- Hardmuth, ha viatjat pel Per\u00fa i Bol\u00edvia, retorna a Europa despr\u00e9s del","og_url":"https:\/\/www.editorialjuventud.es\/les-7-boles-de-cristall-9788426110619\/","og_site_name":"Editorial Juventud","article_modified_time":"2025-01-22T12:51:37+00:00","og_image":[{"width":329,"height":450,"url":"https:\/\/www.editorialjuventud.es\/wp-content\/uploads\/9788426110619.jpg","type":"image\/jpeg"}],"twitter_card":"summary_large_image","schema":{"@context":"https:\/\/schema.org","@graph":[{"@type":"WebPage","@id":"https:\/\/www.editorialjuventud.es\/les-7-boles-de-cristall-9788426110619\/","url":"https:\/\/www.editorialjuventud.es\/les-7-boles-de-cristall-9788426110619\/","name":"Les 7 boles de cristall - Editorial Juventud","isPartOf":{"@id":"https:\/\/www.editorialjuventud.es\/#website"},"primaryImageOfPage":{"@id":"https:\/\/www.editorialjuventud.es\/les-7-boles-de-cristall-9788426110619\/#primaryimage"},"image":{"@id":"https:\/\/www.editorialjuventud.es\/les-7-boles-de-cristall-9788426110619\/#primaryimage"},"thumbnailUrl":"https:\/\/www.editorialjuventud.es\/wp-content\/uploads\/9788426110619.jpg","datePublished":"2018-08-24T08:10:33+00:00","dateModified":"2025-01-22T12:51:37+00:00","description":"Despr\u00e9s de dos anys d\u2019abs\u00e8ncia, durant els quals l\u2019expedici\u00f3 etnogr\u00e0fica Sanders- Hardmuth, ha viatjat pel Per\u00fa i Bol\u00edvia, retorna a Europa despr\u00e9s del","breadcrumb":{"@id":"https:\/\/www.editorialjuventud.es\/les-7-boles-de-cristall-9788426110619\/#breadcrumb"},"inLanguage":"ca","potentialAction":[{"@type":"ReadAction","target":["https:\/\/www.editorialjuventud.es\/les-7-boles-de-cristall-9788426110619\/"]}]},{"@type":"ImageObject","inLanguage":"ca","@id":"https:\/\/www.editorialjuventud.es\/les-7-boles-de-cristall-9788426110619\/#primaryimage","url":"https:\/\/www.editorialjuventud.es\/wp-content\/uploads\/9788426110619.jpg","contentUrl":"https:\/\/www.editorialjuventud.es\/wp-content\/uploads\/9788426110619.jpg","width":329,"height":450,"caption":"9788426110619.jpg"},{"@type":"BreadcrumbList","@id":"https:\/\/www.editorialjuventud.es\/les-7-boles-de-cristall-9788426110619\/#breadcrumb","itemListElement":[{"@type":"ListItem","position":1,"name":"Portada","item":"https:\/\/www.editorialjuventud.es\/"},{"@type":"ListItem","position":2,"name":"cat\u00e1logo","item":"https:\/\/www.editorialjuventud.es\/coleccion\/catalogo\/"},{"@type":"ListItem","position":3,"name":"catal\u00e0","item":"https:\/\/www.editorialjuventud.es\/coleccion\/catala\/"},{"@type":"ListItem","position":4,"name":"Llibres de Tint\u00edn","item":"https:\/\/www.editorialjuventud.es\/ca\/coleccion\/llibres-de-tintin\/"},{"@type":"ListItem","position":5,"name":"Les Aventures de Tint\u00edn","item":"https:\/\/www.editorialjuventud.es\/ca\/coleccion\/les-aventures-de-tintin-llibres-de-tintin\/"},{"@type":"ListItem","position":6,"name":"Les 7 boles de cristall"}]},{"@type":"WebSite","@id":"https:\/\/www.editorialjuventud.es\/#website","url":"https:\/\/www.editorialjuventud.es\/","name":"Editorial Juventud","description":"","potentialAction":[{"@type":"SearchAction","target":{"@type":"EntryPoint","urlTemplate":"https:\/\/www.editorialjuventud.es\/?s={search_term_string}"},"query-input":{"@type":"PropertyValueSpecification","valueRequired":true,"valueName":"search_term_string"}}],"inLanguage":"ca"}]}},"_links":{"self":[{"href":"https:\/\/www.editorialjuventud.es\/ca\/wp-json\/wp\/v2\/product\/4936","targetHints":{"allow":["GET"]}}],"collection":[{"href":"https:\/\/www.editorialjuventud.es\/ca\/wp-json\/wp\/v2\/product"}],"about":[{"href":"https:\/\/www.editorialjuventud.es\/ca\/wp-json\/wp\/v2\/types\/product"}],"wp:featuredmedia":[{"embeddable":true,"href":"https:\/\/www.editorialjuventud.es\/ca\/wp-json\/wp\/v2\/media\/15321"}],"wp:attachment":[{"href":"https:\/\/www.editorialjuventud.es\/ca\/wp-json\/wp\/v2\/media?parent=4936"}],"wp:term":[{"taxonomy":"product_brand","embeddable":true,"href":"https:\/\/www.editorialjuventud.es\/ca\/wp-json\/wp\/v2\/product_brand?post=4936"},{"taxonomy":"product_cat","embeddable":true,"href":"https:\/\/www.editorialjuventud.es\/ca\/wp-json\/wp\/v2\/product_cat?post=4936"},{"taxonomy":"product_tag","embeddable":true,"href":"https:\/\/www.editorialjuventud.es\/ca\/wp-json\/wp\/v2\/product_tag?post=4936"},{"taxonomy":"coleccion","embeddable":true,"href":"https:\/\/www.editorialjuventud.es\/ca\/wp-json\/wp\/v2\/coleccion?post=4936"}],"curies":[{"name":"wp","href":"https:\/\/api.w.org\/{rel}","templated":true}]}}