{"id":4933,"date":"2018-08-24T10:10:18","date_gmt":"2018-08-24T08:10:18","guid":{"rendered":"http:\/\/www.editorialjuventud.es\/les-joies-de-la-castafiore\/"},"modified":"2025-01-22T13:51:59","modified_gmt":"2025-01-22T12:51:59","slug":"les-joies-de-la-castafiore-9788426110589","status":"publish","type":"product","link":"https:\/\/www.editorialjuventud.es\/ca\/les-joies-de-la-castafiore-9788426110589\/","title":{"rendered":"Les joies de la Castafiore"},"content":{"rendered":"<p>La diva Castafiore anuncia la seva arribada a Moulinsart i el capit\u00e0 Haddock vol fugir d\u2019all\u00ed i anar-se\u2019n de viatge, per\u00f2 en baixar l\u2019escala, ensopega amb un gra\u00f3 espatllat, que encara no han vingut a arreglar, i cau trencant-se els lligaments de la cama. Llavors comen\u00e7a a circular el rumor que hi ha una relaci\u00f3 sentimental entre la cantant i el vell \u201cllop de mar\u201d i comencen a arribar paparazzis. I les joies de la diva desapareixen&#8230;<br \/>En aquest \u00e0lbum no hi ha viatges ni grans aventures, i aqu\u00ed veurem la gr\u00e0cia que t\u00e9 l\u2019Herg\u00e9 per fer interessant la intriga. Tota l\u2019acci\u00f3 passa a Moulinsart, dins el castell, pels seus jardins i voltants. Segons el mateix Herg\u00e9 ens explica: \u201cEn comen\u00e7ar aquest \u00e0lbum, la meva intenci\u00f3 tamb\u00e9 era la de simplificar les coses, la d\u2019entrenar-me a narrar, aquesta vegada, una hist\u00f2ria en la qual no pass\u00e9s res, sense haver de rec\u00f3rrer a l\u2019exotisme. Simplement, volia veure si era capa\u00e7 de mantenir el lector en suspens fins a la fi de la hist\u00f2ria\u201d.<\/p>\n","protected":false},"excerpt":{"rendered":"La diva Castafiore anuncia la seva arribada a Moulinsart i el capit\u00e0 Haddock vol fugir d\u2019all\u00ed i anar-se\u2019n de viatge, per\u00f2 en baixar l\u2019escala, ensopega amb un gra\u00f3 espatllat, que encara no han vingut a arreglar, i cau trencant-se els [&hellip;]","protected":false},"featured_media":15315,"template":"","meta":{"_acf_changed":false,"_exactmetrics_skip_tracking":false,"_exactmetrics_sitenote_active":false,"_exactmetrics_sitenote_note":"","_exactmetrics_sitenote_category":0},"product_brand":[],"product_cat":[902,1142,1127,892,1128],"product_tag":[],"coleccion":[1087,925],"class_list":{"0":"post-4933","1":"product","2":"type-product","3":"status-publish","4":"has-post-thumbnail","6":"product_cat-a-partir-de-7-anos","7":"product_cat-aventura","8":"product_cat-comic","9":"product_cat-edades","10":"product_cat-tematica","11":"coleccion-les-aventures-de-tintin-llibres-de-tintin","12":"coleccion-llibres-de-tintin","14":"first","15":"instock","16":"taxable","17":"shipping-taxable","18":"purchasable","19":"product-type-simple"},"acf":{"autor":"HERGE-TINTIN CATALAN","codart":"1058-4","ediciones":"21","encuadernacion":"Carton\u00e9","fecha_de_publicacion":"11\/10\/1989","novedad":"0","paginas":"64","subtitulo":"","texto_web_adicional":"","texto_web_novedad":"","orden":"999","portada":"0","texto_web_resaltado":"","autores-libros":[16407],"ilustradores-libros":[16407],"traductores-libros":[18322]},"yoast_head":"<!-- This site is optimized with the Yoast SEO plugin v27.5 - https:\/\/yoast.com\/product\/yoast-seo-wordpress\/ -->\n<title>Les joies de la Castafiore - Editorial Juventud<\/title>\n<meta name=\"description\" content=\"La diva Castafiore anuncia la seva arribada a Moulinsart i el capit\u00e0 Haddock vol fugir d\u2019all\u00ed i anar-se\u2019n de viatge, per\u00f2 en baixar l\u2019escala, ensopega amb\" \/>\n<meta name=\"robots\" content=\"index, follow, max-snippet:-1, max-image-preview:large, max-video-preview:-1\" \/>\n<link rel=\"canonical\" href=\"https:\/\/www.editorialjuventud.es\/les-joies-de-la-castafiore-9788426110589\/\" \/>\n<meta property=\"og:locale\" content=\"ca_ES\" \/>\n<meta property=\"og:type\" content=\"article\" \/>\n<meta property=\"og:title\" content=\"Les joies de la Castafiore - Editorial Juventud\" \/>\n<meta property=\"og:description\" content=\"La diva Castafiore anuncia la seva arribada a Moulinsart i el capit\u00e0 Haddock vol fugir d\u2019all\u00ed i anar-se\u2019n de viatge, per\u00f2 en baixar l\u2019escala, ensopega amb\" \/>\n<meta property=\"og:url\" content=\"https:\/\/www.editorialjuventud.es\/les-joies-de-la-castafiore-9788426110589\/\" \/>\n<meta property=\"og:site_name\" content=\"Editorial Juventud\" \/>\n<meta property=\"article:modified_time\" content=\"2025-01-22T12:51:59+00:00\" \/>\n<meta property=\"og:image\" content=\"https:\/\/www.editorialjuventud.es\/wp-content\/uploads\/9788426110589.jpg\" \/>\n\t<meta property=\"og:image:width\" content=\"329\" \/>\n\t<meta property=\"og:image:height\" content=\"450\" \/>\n\t<meta property=\"og:image:type\" content=\"image\/jpeg\" \/>\n<meta name=\"twitter:card\" content=\"summary_large_image\" \/>\n<meta name=\"twitter:label1\" content=\"Temps estimat de lectura\" \/>\n\t<meta name=\"twitter:data1\" content=\"1 minut\" \/>\n<script type=\"application\/ld+json\" class=\"yoast-schema-graph\">{\"@context\":\"https:\\\/\\\/schema.org\",\"@graph\":[{\"@type\":\"WebPage\",\"@id\":\"https:\\\/\\\/www.editorialjuventud.es\\\/les-joies-de-la-castafiore-9788426110589\\\/\",\"url\":\"https:\\\/\\\/www.editorialjuventud.es\\\/les-joies-de-la-castafiore-9788426110589\\\/\",\"name\":\"Les joies de la Castafiore - Editorial Juventud\",\"isPartOf\":{\"@id\":\"https:\\\/\\\/www.editorialjuventud.es\\\/#website\"},\"primaryImageOfPage\":{\"@id\":\"https:\\\/\\\/www.editorialjuventud.es\\\/les-joies-de-la-castafiore-9788426110589\\\/#primaryimage\"},\"image\":{\"@id\":\"https:\\\/\\\/www.editorialjuventud.es\\\/les-joies-de-la-castafiore-9788426110589\\\/#primaryimage\"},\"thumbnailUrl\":\"https:\\\/\\\/www.editorialjuventud.es\\\/wp-content\\\/uploads\\\/9788426110589.jpg\",\"datePublished\":\"2018-08-24T08:10:18+00:00\",\"dateModified\":\"2025-01-22T12:51:59+00:00\",\"description\":\"La diva Castafiore anuncia la seva arribada a Moulinsart i el capit\u00e0 Haddock vol fugir d\u2019all\u00ed i anar-se\u2019n de viatge, per\u00f2 en baixar l\u2019escala, ensopega amb\",\"breadcrumb\":{\"@id\":\"https:\\\/\\\/www.editorialjuventud.es\\\/les-joies-de-la-castafiore-9788426110589\\\/#breadcrumb\"},\"inLanguage\":\"ca\",\"potentialAction\":[{\"@type\":\"ReadAction\",\"target\":[\"https:\\\/\\\/www.editorialjuventud.es\\\/les-joies-de-la-castafiore-9788426110589\\\/\"]}]},{\"@type\":\"ImageObject\",\"inLanguage\":\"ca\",\"@id\":\"https:\\\/\\\/www.editorialjuventud.es\\\/les-joies-de-la-castafiore-9788426110589\\\/#primaryimage\",\"url\":\"https:\\\/\\\/www.editorialjuventud.es\\\/wp-content\\\/uploads\\\/9788426110589.jpg\",\"contentUrl\":\"https:\\\/\\\/www.editorialjuventud.es\\\/wp-content\\\/uploads\\\/9788426110589.jpg\",\"width\":329,\"height\":450,\"caption\":\"9788426110589.jpg\"},{\"@type\":\"BreadcrumbList\",\"@id\":\"https:\\\/\\\/www.editorialjuventud.es\\\/les-joies-de-la-castafiore-9788426110589\\\/#breadcrumb\",\"itemListElement\":[{\"@type\":\"ListItem\",\"position\":1,\"name\":\"Portada\",\"item\":\"https:\\\/\\\/www.editorialjuventud.es\\\/\"},{\"@type\":\"ListItem\",\"position\":2,\"name\":\"cat\u00e1logo\",\"item\":\"https:\\\/\\\/www.editorialjuventud.es\\\/coleccion\\\/catalogo\\\/\"},{\"@type\":\"ListItem\",\"position\":3,\"name\":\"catal\u00e0\",\"item\":\"https:\\\/\\\/www.editorialjuventud.es\\\/coleccion\\\/catala\\\/\"},{\"@type\":\"ListItem\",\"position\":4,\"name\":\"Llibres de Tint\u00edn\",\"item\":\"https:\\\/\\\/www.editorialjuventud.es\\\/ca\\\/coleccion\\\/llibres-de-tintin\\\/\"},{\"@type\":\"ListItem\",\"position\":5,\"name\":\"Les Aventures de Tint\u00edn\",\"item\":\"https:\\\/\\\/www.editorialjuventud.es\\\/ca\\\/coleccion\\\/les-aventures-de-tintin-llibres-de-tintin\\\/\"},{\"@type\":\"ListItem\",\"position\":6,\"name\":\"Les joies de la Castafiore\"}]},{\"@type\":\"WebSite\",\"@id\":\"https:\\\/\\\/www.editorialjuventud.es\\\/#website\",\"url\":\"https:\\\/\\\/www.editorialjuventud.es\\\/\",\"name\":\"Editorial Juventud\",\"description\":\"\",\"potentialAction\":[{\"@type\":\"SearchAction\",\"target\":{\"@type\":\"EntryPoint\",\"urlTemplate\":\"https:\\\/\\\/www.editorialjuventud.es\\\/?s={search_term_string}\"},\"query-input\":{\"@type\":\"PropertyValueSpecification\",\"valueRequired\":true,\"valueName\":\"search_term_string\"}}],\"inLanguage\":\"ca\"}]}<\/script>\n<!-- \/ Yoast SEO plugin. -->","yoast_head_json":{"title":"Les joies de la Castafiore - Editorial Juventud","description":"La diva Castafiore anuncia la seva arribada a Moulinsart i el capit\u00e0 Haddock vol fugir d\u2019all\u00ed i anar-se\u2019n de viatge, per\u00f2 en baixar l\u2019escala, ensopega amb","robots":{"index":"index","follow":"follow","max-snippet":"max-snippet:-1","max-image-preview":"max-image-preview:large","max-video-preview":"max-video-preview:-1"},"canonical":"https:\/\/www.editorialjuventud.es\/les-joies-de-la-castafiore-9788426110589\/","og_locale":"ca_ES","og_type":"article","og_title":"Les joies de la Castafiore - Editorial Juventud","og_description":"La diva Castafiore anuncia la seva arribada a Moulinsart i el capit\u00e0 Haddock vol fugir d\u2019all\u00ed i anar-se\u2019n de viatge, per\u00f2 en baixar l\u2019escala, ensopega amb","og_url":"https:\/\/www.editorialjuventud.es\/les-joies-de-la-castafiore-9788426110589\/","og_site_name":"Editorial Juventud","article_modified_time":"2025-01-22T12:51:59+00:00","og_image":[{"width":329,"height":450,"url":"https:\/\/www.editorialjuventud.es\/wp-content\/uploads\/9788426110589.jpg","type":"image\/jpeg"}],"twitter_card":"summary_large_image","twitter_misc":{"Temps estimat de lectura":"1 minut"},"schema":{"@context":"https:\/\/schema.org","@graph":[{"@type":"WebPage","@id":"https:\/\/www.editorialjuventud.es\/les-joies-de-la-castafiore-9788426110589\/","url":"https:\/\/www.editorialjuventud.es\/les-joies-de-la-castafiore-9788426110589\/","name":"Les joies de la Castafiore - Editorial Juventud","isPartOf":{"@id":"https:\/\/www.editorialjuventud.es\/#website"},"primaryImageOfPage":{"@id":"https:\/\/www.editorialjuventud.es\/les-joies-de-la-castafiore-9788426110589\/#primaryimage"},"image":{"@id":"https:\/\/www.editorialjuventud.es\/les-joies-de-la-castafiore-9788426110589\/#primaryimage"},"thumbnailUrl":"https:\/\/www.editorialjuventud.es\/wp-content\/uploads\/9788426110589.jpg","datePublished":"2018-08-24T08:10:18+00:00","dateModified":"2025-01-22T12:51:59+00:00","description":"La diva Castafiore anuncia la seva arribada a Moulinsart i el capit\u00e0 Haddock vol fugir d\u2019all\u00ed i anar-se\u2019n de viatge, per\u00f2 en baixar l\u2019escala, ensopega amb","breadcrumb":{"@id":"https:\/\/www.editorialjuventud.es\/les-joies-de-la-castafiore-9788426110589\/#breadcrumb"},"inLanguage":"ca","potentialAction":[{"@type":"ReadAction","target":["https:\/\/www.editorialjuventud.es\/les-joies-de-la-castafiore-9788426110589\/"]}]},{"@type":"ImageObject","inLanguage":"ca","@id":"https:\/\/www.editorialjuventud.es\/les-joies-de-la-castafiore-9788426110589\/#primaryimage","url":"https:\/\/www.editorialjuventud.es\/wp-content\/uploads\/9788426110589.jpg","contentUrl":"https:\/\/www.editorialjuventud.es\/wp-content\/uploads\/9788426110589.jpg","width":329,"height":450,"caption":"9788426110589.jpg"},{"@type":"BreadcrumbList","@id":"https:\/\/www.editorialjuventud.es\/les-joies-de-la-castafiore-9788426110589\/#breadcrumb","itemListElement":[{"@type":"ListItem","position":1,"name":"Portada","item":"https:\/\/www.editorialjuventud.es\/"},{"@type":"ListItem","position":2,"name":"cat\u00e1logo","item":"https:\/\/www.editorialjuventud.es\/coleccion\/catalogo\/"},{"@type":"ListItem","position":3,"name":"catal\u00e0","item":"https:\/\/www.editorialjuventud.es\/coleccion\/catala\/"},{"@type":"ListItem","position":4,"name":"Llibres de Tint\u00edn","item":"https:\/\/www.editorialjuventud.es\/ca\/coleccion\/llibres-de-tintin\/"},{"@type":"ListItem","position":5,"name":"Les Aventures de Tint\u00edn","item":"https:\/\/www.editorialjuventud.es\/ca\/coleccion\/les-aventures-de-tintin-llibres-de-tintin\/"},{"@type":"ListItem","position":6,"name":"Les joies de la Castafiore"}]},{"@type":"WebSite","@id":"https:\/\/www.editorialjuventud.es\/#website","url":"https:\/\/www.editorialjuventud.es\/","name":"Editorial Juventud","description":"","potentialAction":[{"@type":"SearchAction","target":{"@type":"EntryPoint","urlTemplate":"https:\/\/www.editorialjuventud.es\/?s={search_term_string}"},"query-input":{"@type":"PropertyValueSpecification","valueRequired":true,"valueName":"search_term_string"}}],"inLanguage":"ca"}]}},"_links":{"self":[{"href":"https:\/\/www.editorialjuventud.es\/ca\/wp-json\/wp\/v2\/product\/4933","targetHints":{"allow":["GET"]}}],"collection":[{"href":"https:\/\/www.editorialjuventud.es\/ca\/wp-json\/wp\/v2\/product"}],"about":[{"href":"https:\/\/www.editorialjuventud.es\/ca\/wp-json\/wp\/v2\/types\/product"}],"wp:featuredmedia":[{"embeddable":true,"href":"https:\/\/www.editorialjuventud.es\/ca\/wp-json\/wp\/v2\/media\/15315"}],"wp:attachment":[{"href":"https:\/\/www.editorialjuventud.es\/ca\/wp-json\/wp\/v2\/media?parent=4933"}],"wp:term":[{"taxonomy":"product_brand","embeddable":true,"href":"https:\/\/www.editorialjuventud.es\/ca\/wp-json\/wp\/v2\/product_brand?post=4933"},{"taxonomy":"product_cat","embeddable":true,"href":"https:\/\/www.editorialjuventud.es\/ca\/wp-json\/wp\/v2\/product_cat?post=4933"},{"taxonomy":"product_tag","embeddable":true,"href":"https:\/\/www.editorialjuventud.es\/ca\/wp-json\/wp\/v2\/product_tag?post=4933"},{"taxonomy":"coleccion","embeddable":true,"href":"https:\/\/www.editorialjuventud.es\/ca\/wp-json\/wp\/v2\/coleccion?post=4933"}],"curies":[{"name":"wp","href":"https:\/\/api.w.org\/{rel}","templated":true}]}}