{"id":4931,"date":"2018-08-24T10:10:05","date_gmt":"2018-08-24T08:10:05","guid":{"rendered":"http:\/\/www.editorialjuventud.es\/el-cangrejo-de-las-pinzas-de-oro\/"},"modified":"2025-09-16T11:35:09","modified_gmt":"2025-09-16T09:35:09","slug":"el-cangrejo-de-las-pinzas-de-oro-9788426110466","status":"publish","type":"product","link":"https:\/\/www.editorialjuventud.es\/ca\/el-cangrejo-de-las-pinzas-de-oro-9788426110466\/","title":{"rendered":"El cangrejo de las pinzas de oro"},"content":{"rendered":"<p>Siguiendo la pista de una misteriosa lata de cangrejo, Tint\u00edn acaba prisionero en un barco de una banda de traficantes de opio. All\u00ed encuentra al malvado Allan y por primera vez al capit\u00e1n Haddock, entonces un pat\u00e9tico esclavo de su adicci\u00f3n al alcohol, vicio que le acarrea innumerables problemas a \u00e9l y a Tint\u00edn que intenta ayudarle. La rehabilitaci\u00f3n del capit\u00e1n vendr\u00e1 tras su forzada desintoxicaci\u00f3n en su traves\u00eda del desierto. El 10 de mayo las tropas alemanas entran en B\u00e9lgica, interrumpiendo la publicaci\u00f3n de Tint\u00edn en el pa\u00eds del oro negro. El desastre se cierne sobre todo el pa\u00eds. Herg\u00e9, con su hija y su cu\u00f1ada, march\u00f3 a Par\u00eds el 15 de Mayo y de ah\u00ed marcharon a casa de unos amigos en la regi\u00f3n de Aubergne, a la espera de los acontecimientos. El 30 de junio volvieron a Bruselas y all\u00ed se encontr\u00f3 Herg\u00e9 que Le Vingti\u00e8me Si\u00e8cle hab\u00eda muerto, y con el hab\u00eda desaparecido tambi\u00e9n Le Petit Vingti\u00e8me.<\/p>\n","protected":false},"excerpt":{"rendered":"Siguiendo la pista de una misteriosa lata de cangrejo, Tint\u00edn acaba prisionero en un barco de una banda de traficantes de opio. All\u00ed encuentra al malvado Allan y por primera vez al capit\u00e1n Haddock, entonces un pat\u00e9tico esclavo de su [&hellip;]","protected":false},"featured_media":65864,"template":"","meta":{"_acf_changed":false,"_exactmetrics_skip_tracking":false,"_exactmetrics_sitenote_active":false,"_exactmetrics_sitenote_note":"","_exactmetrics_sitenote_category":0},"product_brand":[],"product_cat":[902,1142,1127,892],"product_tag":[],"coleccion":[1008],"class_list":{"0":"post-4931","1":"product","2":"type-product","3":"status-publish","4":"has-post-thumbnail","6":"product_cat-a-partir-de-7-anos","7":"product_cat-aventura","8":"product_cat-comic","9":"product_cat-edades","10":"coleccion-las-aventuras-de-tintin","12":"first","13":"instock","14":"taxable","15":"shipping-taxable","16":"purchasable","17":"product-type-simple"},"acf":{"autor":"HERGE-TINTIN CARTONE II","codart":"1046-0","ediciones":"29","encuadernacion":"Carton\u00e9","fecha_de_publicacion":"05\/10\/1989","novedad":"0","paginas":"64","subtitulo":"","texto_web_adicional":"","texto_web_novedad":"","orden":"999","portada":"0","texto_web_resaltado":"","indice":"","autores-libros":[16407],"ilustradores-libros":[16407],"traductores-libros":"","fecha_de_reimpresion":"01\/06\/2022","descripcion_corta":"","recomendamos":"","mas_vendido":"","idioma-libro":"","color":false,"formato":"","mas_informacion_del_producto":false,"premios":false,"deshabilitar_compra":[],"texto_enlace_cubierta":"","enlace_cubierta":false,"texto_enlace_ficha_tecnica":"","enlace_ficha_tecnica":false,"ficheros":false,"titulo-fr":"","texto-fr":""},"yoast_head":"<!-- This site is optimized with the Yoast SEO plugin v27.5 - https:\/\/yoast.com\/product\/yoast-seo-wordpress\/ -->\n<title>El cangrejo de las pinzas de oro - Editorial Juventud<\/title>\n<meta name=\"description\" content=\"Siguiendo la pista de una misteriosa lata de cangrejo, Tint\u00edn acaba prisionero en un barco de una banda de traficantes de opio. All\u00ed encuentra al malvado\" \/>\n<meta name=\"robots\" content=\"index, follow, max-snippet:-1, max-image-preview:large, max-video-preview:-1\" \/>\n<link rel=\"canonical\" href=\"https:\/\/www.editorialjuventud.es\/el-cangrejo-de-las-pinzas-de-oro-9788426110466\/\" \/>\n<meta property=\"og:locale\" content=\"ca_ES\" \/>\n<meta property=\"og:type\" content=\"article\" \/>\n<meta property=\"og:title\" content=\"El cangrejo de las pinzas de oro - Editorial Juventud\" \/>\n<meta property=\"og:description\" content=\"Siguiendo la pista de una misteriosa lata de cangrejo, Tint\u00edn acaba prisionero en un barco de una banda de traficantes de opio. All\u00ed encuentra al malvado\" \/>\n<meta property=\"og:url\" content=\"https:\/\/www.editorialjuventud.es\/el-cangrejo-de-las-pinzas-de-oro-9788426110466\/\" \/>\n<meta property=\"og:site_name\" content=\"Editorial Juventud\" \/>\n<meta property=\"article:modified_time\" content=\"2025-09-16T09:35:09+00:00\" \/>\n<meta property=\"og:image\" content=\"https:\/\/www.editorialjuventud.es\/wp-content\/uploads\/1046.jpg\" \/>\n\t<meta property=\"og:image:width\" content=\"313\" \/>\n\t<meta property=\"og:image:height\" content=\"450\" \/>\n\t<meta property=\"og:image:type\" content=\"image\/jpeg\" \/>\n<meta name=\"twitter:card\" content=\"summary_large_image\" \/>\n<meta name=\"twitter:label1\" content=\"Temps estimat de lectura\" \/>\n\t<meta name=\"twitter:data1\" content=\"1 minut\" \/>\n<script type=\"application\/ld+json\" class=\"yoast-schema-graph\">{\"@context\":\"https:\\\/\\\/schema.org\",\"@graph\":[{\"@type\":\"WebPage\",\"@id\":\"https:\\\/\\\/www.editorialjuventud.es\\\/el-cangrejo-de-las-pinzas-de-oro-9788426110466\\\/\",\"url\":\"https:\\\/\\\/www.editorialjuventud.es\\\/el-cangrejo-de-las-pinzas-de-oro-9788426110466\\\/\",\"name\":\"El cangrejo de las pinzas de oro - Editorial Juventud\",\"isPartOf\":{\"@id\":\"https:\\\/\\\/www.editorialjuventud.es\\\/#website\"},\"primaryImageOfPage\":{\"@id\":\"https:\\\/\\\/www.editorialjuventud.es\\\/el-cangrejo-de-las-pinzas-de-oro-9788426110466\\\/#primaryimage\"},\"image\":{\"@id\":\"https:\\\/\\\/www.editorialjuventud.es\\\/el-cangrejo-de-las-pinzas-de-oro-9788426110466\\\/#primaryimage\"},\"thumbnailUrl\":\"https:\\\/\\\/www.editorialjuventud.es\\\/wp-content\\\/uploads\\\/1046.jpg\",\"datePublished\":\"2018-08-24T08:10:05+00:00\",\"dateModified\":\"2025-09-16T09:35:09+00:00\",\"description\":\"Siguiendo la pista de una misteriosa lata de cangrejo, Tint\u00edn acaba prisionero en un barco de una banda de traficantes de opio. All\u00ed encuentra al malvado\",\"breadcrumb\":{\"@id\":\"https:\\\/\\\/www.editorialjuventud.es\\\/el-cangrejo-de-las-pinzas-de-oro-9788426110466\\\/#breadcrumb\"},\"inLanguage\":\"ca\",\"potentialAction\":[{\"@type\":\"ReadAction\",\"target\":[\"https:\\\/\\\/www.editorialjuventud.es\\\/el-cangrejo-de-las-pinzas-de-oro-9788426110466\\\/\"]}]},{\"@type\":\"ImageObject\",\"inLanguage\":\"ca\",\"@id\":\"https:\\\/\\\/www.editorialjuventud.es\\\/el-cangrejo-de-las-pinzas-de-oro-9788426110466\\\/#primaryimage\",\"url\":\"https:\\\/\\\/www.editorialjuventud.es\\\/wp-content\\\/uploads\\\/1046.jpg\",\"contentUrl\":\"https:\\\/\\\/www.editorialjuventud.es\\\/wp-content\\\/uploads\\\/1046.jpg\",\"width\":313,\"height\":450,\"caption\":\"1046.jpg\"},{\"@type\":\"BreadcrumbList\",\"@id\":\"https:\\\/\\\/www.editorialjuventud.es\\\/el-cangrejo-de-las-pinzas-de-oro-9788426110466\\\/#breadcrumb\",\"itemListElement\":[{\"@type\":\"ListItem\",\"position\":1,\"name\":\"Portada\",\"item\":\"https:\\\/\\\/www.editorialjuventud.es\\\/\"},{\"@type\":\"ListItem\",\"position\":2,\"name\":\"cat\u00e1logo\",\"item\":\"https:\\\/\\\/www.editorialjuventud.es\\\/coleccion\\\/catalogo\\\/\"},{\"@type\":\"ListItem\",\"position\":3,\"name\":\"castellano\",\"item\":\"https:\\\/\\\/www.editorialjuventud.es\\\/coleccion\\\/castellano\\\/\"},{\"@type\":\"ListItem\",\"position\":4,\"name\":\"Libros de Tint\u00edn\",\"item\":\"https:\\\/\\\/www.editorialjuventud.es\\\/coleccion\\\/libros-de-tintin\\\/\"},{\"@type\":\"ListItem\",\"position\":5,\"name\":\"Las Aventuras de Tint\u00edn\",\"item\":\"https:\\\/\\\/www.editorialjuventud.es\\\/coleccion\\\/las-aventuras-de-tintin\\\/\"},{\"@type\":\"ListItem\",\"position\":6,\"name\":\"El cangrejo de las pinzas de oro\"}]},{\"@type\":\"WebSite\",\"@id\":\"https:\\\/\\\/www.editorialjuventud.es\\\/#website\",\"url\":\"https:\\\/\\\/www.editorialjuventud.es\\\/\",\"name\":\"Editorial Juventud\",\"description\":\"\",\"potentialAction\":[{\"@type\":\"SearchAction\",\"target\":{\"@type\":\"EntryPoint\",\"urlTemplate\":\"https:\\\/\\\/www.editorialjuventud.es\\\/?s={search_term_string}\"},\"query-input\":{\"@type\":\"PropertyValueSpecification\",\"valueRequired\":true,\"valueName\":\"search_term_string\"}}],\"inLanguage\":\"ca\"}]}<\/script>\n<!-- \/ Yoast SEO plugin. -->","yoast_head_json":{"title":"El cangrejo de las pinzas de oro - Editorial Juventud","description":"Siguiendo la pista de una misteriosa lata de cangrejo, Tint\u00edn acaba prisionero en un barco de una banda de traficantes de opio. All\u00ed encuentra al malvado","robots":{"index":"index","follow":"follow","max-snippet":"max-snippet:-1","max-image-preview":"max-image-preview:large","max-video-preview":"max-video-preview:-1"},"canonical":"https:\/\/www.editorialjuventud.es\/el-cangrejo-de-las-pinzas-de-oro-9788426110466\/","og_locale":"ca_ES","og_type":"article","og_title":"El cangrejo de las pinzas de oro - Editorial Juventud","og_description":"Siguiendo la pista de una misteriosa lata de cangrejo, Tint\u00edn acaba prisionero en un barco de una banda de traficantes de opio. All\u00ed encuentra al malvado","og_url":"https:\/\/www.editorialjuventud.es\/el-cangrejo-de-las-pinzas-de-oro-9788426110466\/","og_site_name":"Editorial Juventud","article_modified_time":"2025-09-16T09:35:09+00:00","og_image":[{"width":313,"height":450,"url":"https:\/\/www.editorialjuventud.es\/wp-content\/uploads\/1046.jpg","type":"image\/jpeg"}],"twitter_card":"summary_large_image","twitter_misc":{"Temps estimat de lectura":"1 minut"},"schema":{"@context":"https:\/\/schema.org","@graph":[{"@type":"WebPage","@id":"https:\/\/www.editorialjuventud.es\/el-cangrejo-de-las-pinzas-de-oro-9788426110466\/","url":"https:\/\/www.editorialjuventud.es\/el-cangrejo-de-las-pinzas-de-oro-9788426110466\/","name":"El cangrejo de las pinzas de oro - Editorial Juventud","isPartOf":{"@id":"https:\/\/www.editorialjuventud.es\/#website"},"primaryImageOfPage":{"@id":"https:\/\/www.editorialjuventud.es\/el-cangrejo-de-las-pinzas-de-oro-9788426110466\/#primaryimage"},"image":{"@id":"https:\/\/www.editorialjuventud.es\/el-cangrejo-de-las-pinzas-de-oro-9788426110466\/#primaryimage"},"thumbnailUrl":"https:\/\/www.editorialjuventud.es\/wp-content\/uploads\/1046.jpg","datePublished":"2018-08-24T08:10:05+00:00","dateModified":"2025-09-16T09:35:09+00:00","description":"Siguiendo la pista de una misteriosa lata de cangrejo, Tint\u00edn acaba prisionero en un barco de una banda de traficantes de opio. All\u00ed encuentra al malvado","breadcrumb":{"@id":"https:\/\/www.editorialjuventud.es\/el-cangrejo-de-las-pinzas-de-oro-9788426110466\/#breadcrumb"},"inLanguage":"ca","potentialAction":[{"@type":"ReadAction","target":["https:\/\/www.editorialjuventud.es\/el-cangrejo-de-las-pinzas-de-oro-9788426110466\/"]}]},{"@type":"ImageObject","inLanguage":"ca","@id":"https:\/\/www.editorialjuventud.es\/el-cangrejo-de-las-pinzas-de-oro-9788426110466\/#primaryimage","url":"https:\/\/www.editorialjuventud.es\/wp-content\/uploads\/1046.jpg","contentUrl":"https:\/\/www.editorialjuventud.es\/wp-content\/uploads\/1046.jpg","width":313,"height":450,"caption":"1046.jpg"},{"@type":"BreadcrumbList","@id":"https:\/\/www.editorialjuventud.es\/el-cangrejo-de-las-pinzas-de-oro-9788426110466\/#breadcrumb","itemListElement":[{"@type":"ListItem","position":1,"name":"Portada","item":"https:\/\/www.editorialjuventud.es\/"},{"@type":"ListItem","position":2,"name":"cat\u00e1logo","item":"https:\/\/www.editorialjuventud.es\/coleccion\/catalogo\/"},{"@type":"ListItem","position":3,"name":"castellano","item":"https:\/\/www.editorialjuventud.es\/coleccion\/castellano\/"},{"@type":"ListItem","position":4,"name":"Libros de Tint\u00edn","item":"https:\/\/www.editorialjuventud.es\/coleccion\/libros-de-tintin\/"},{"@type":"ListItem","position":5,"name":"Las Aventuras de Tint\u00edn","item":"https:\/\/www.editorialjuventud.es\/coleccion\/las-aventuras-de-tintin\/"},{"@type":"ListItem","position":6,"name":"El cangrejo de las pinzas de oro"}]},{"@type":"WebSite","@id":"https:\/\/www.editorialjuventud.es\/#website","url":"https:\/\/www.editorialjuventud.es\/","name":"Editorial Juventud","description":"","potentialAction":[{"@type":"SearchAction","target":{"@type":"EntryPoint","urlTemplate":"https:\/\/www.editorialjuventud.es\/?s={search_term_string}"},"query-input":{"@type":"PropertyValueSpecification","valueRequired":true,"valueName":"search_term_string"}}],"inLanguage":"ca"}]}},"_links":{"self":[{"href":"https:\/\/www.editorialjuventud.es\/ca\/wp-json\/wp\/v2\/product\/4931","targetHints":{"allow":["GET"]}}],"collection":[{"href":"https:\/\/www.editorialjuventud.es\/ca\/wp-json\/wp\/v2\/product"}],"about":[{"href":"https:\/\/www.editorialjuventud.es\/ca\/wp-json\/wp\/v2\/types\/product"}],"wp:featuredmedia":[{"embeddable":true,"href":"https:\/\/www.editorialjuventud.es\/ca\/wp-json\/wp\/v2\/media\/65864"}],"wp:attachment":[{"href":"https:\/\/www.editorialjuventud.es\/ca\/wp-json\/wp\/v2\/media?parent=4931"}],"wp:term":[{"taxonomy":"product_brand","embeddable":true,"href":"https:\/\/www.editorialjuventud.es\/ca\/wp-json\/wp\/v2\/product_brand?post=4931"},{"taxonomy":"product_cat","embeddable":true,"href":"https:\/\/www.editorialjuventud.es\/ca\/wp-json\/wp\/v2\/product_cat?post=4931"},{"taxonomy":"product_tag","embeddable":true,"href":"https:\/\/www.editorialjuventud.es\/ca\/wp-json\/wp\/v2\/product_tag?post=4931"},{"taxonomy":"coleccion","embeddable":true,"href":"https:\/\/www.editorialjuventud.es\/ca\/wp-json\/wp\/v2\/coleccion?post=4931"}],"curies":[{"name":"wp","href":"https:\/\/api.w.org\/{rel}","templated":true}]}}