{"id":4923,"date":"2018-08-24T12:09:30","date_gmt":"2018-08-24T08:09:30","guid":{"rendered":"http:\/\/www.editorialjuventud.es\/diccionario-maritimo\/"},"modified":"2025-07-23T09:35:26","modified_gmt":"2025-07-23T07:35:26","slug":"diccionario-maritimo-9788426110084","status":"publish","type":"product","link":"https:\/\/www.editorialjuventud.es\/ca\/diccionario-maritimo-9788426110084\/","title":{"rendered":"Diccionario mar\u00edtimo"},"content":{"rendered":"<p>La lectura de este libro puede considerarse como un agradable pasatiempo, sin menoscabo de su funci\u00f3n b\u00e1sica: resolver las dudas que puedan ofrecerse a todo aficionado profesional de actividades relacionadas con el mar.  Los vocablos llevan su traducci\u00f3n inglesa y francesa, y, para mayor facilidad del lector, figuran al final de este libro vocabularios en dichos idiomas.  El Diccionario mar\u00edtimo no se ci\u00f1e s\u00f3lo a la descripci\u00f3n de todas las clases de buques, aparatos n\u00e1uticos, arte de navegar, astronom\u00eda y meteorolog\u00eda mar\u00edtimas, c\u00f3digo internacional de se\u00f1ales, maniobras, cabuller\u00eda, velas y tantos otros conceptos mar\u00edtimos importantes; habr\u00eda resultado incompleto si dejase de incluir una descripci\u00f3n de las especies de peces que son capturados en nuestros mares, as\u00ed como las redes y artes de pesca utilizados en ellos.<\/p>\n","protected":false},"excerpt":{"rendered":"La lectura de este libro puede considerarse como un agradable pasatiempo, sin menoscabo de su funci\u00f3n b\u00e1sica: resolver las dudas que puedan ofrecerse a todo aficionado profesional de actividades relacionadas con el mar. Los vocablos llevan su traducci\u00f3n inglesa y [&hellip;]","protected":false},"featured_media":6642,"template":"","meta":{"_acf_changed":false,"_exactmetrics_skip_tracking":false,"_exactmetrics_sitenote_active":false,"_exactmetrics_sitenote_note":"","_exactmetrics_sitenote_category":0},"product_brand":[],"product_cat":[905,1114],"product_tag":[],"coleccion":[936,1006],"class_list":{"0":"post-4923","1":"product","2":"type-product","3":"status-publish","4":"has-post-thumbnail","6":"product_cat-adulto","7":"product_cat-diccionarios","8":"coleccion-lecturas-en-torno-al-mar","9":"coleccion-libros-tecnicos","11":"first","12":"outofstock","13":"taxable","14":"shipping-taxable","15":"purchasable","16":"product-type-simple"},"acf":{"autor":"Amich, Julian","codart":"1008-8","ediciones":"7","encuadernacion":"R\u00fastica","fecha_de_publicacion":"26\/09\/1989","novedad":"0","paginas":"514","subtitulo":"","texto_web_adicional":"","texto_web_novedad":"","orden":"999","portada":"0","texto_web_resaltado":"","autores-libros":[16188]},"yoast_head":"<!-- This site is optimized with the Yoast SEO plugin v27.3 - https:\/\/yoast.com\/product\/yoast-seo-wordpress\/ -->\n<title>Diccionario mar\u00edtimo - Editorial Juventud<\/title>\n<meta name=\"description\" content=\"La lectura de este libro puede considerarse como un agradable pasatiempo, sin menoscabo de su funci\u00f3n b\u00e1sica: resolver las dudas que puedan ofrecerse a\" \/>\n<meta name=\"robots\" content=\"index, follow, max-snippet:-1, max-image-preview:large, max-video-preview:-1\" \/>\n<link rel=\"canonical\" href=\"https:\/\/www.editorialjuventud.es\/diccionario-maritimo-9788426110084\/\" \/>\n<meta property=\"og:locale\" content=\"ca_ES\" \/>\n<meta property=\"og:type\" content=\"article\" \/>\n<meta property=\"og:title\" content=\"Diccionario mar\u00edtimo - Editorial Juventud\" \/>\n<meta property=\"og:description\" content=\"La lectura de este libro puede considerarse como un agradable pasatiempo, sin menoscabo de su funci\u00f3n b\u00e1sica: resolver las dudas que puedan ofrecerse a\" \/>\n<meta property=\"og:url\" content=\"https:\/\/www.editorialjuventud.es\/diccionario-maritimo-9788426110084\/\" \/>\n<meta property=\"og:site_name\" content=\"Editorial Juventud\" \/>\n<meta property=\"article:modified_time\" content=\"2025-07-23T07:35:26+00:00\" \/>\n<meta property=\"og:image\" content=\"https:\/\/www.editorialjuventud.es\/wp-content\/uploads\/1008.jpg\" \/>\n\t<meta property=\"og:image:width\" content=\"305\" \/>\n\t<meta property=\"og:image:height\" content=\"450\" \/>\n\t<meta property=\"og:image:type\" content=\"image\/jpeg\" \/>\n<meta name=\"twitter:card\" content=\"summary_large_image\" \/>\n<meta name=\"twitter:label1\" content=\"Temps estimat de lectura\" \/>\n\t<meta name=\"twitter:data1\" content=\"1 minut\" \/>\n<script type=\"application\/ld+json\" class=\"yoast-schema-graph\">{\"@context\":\"https:\\\/\\\/schema.org\",\"@graph\":[{\"@type\":\"WebPage\",\"@id\":\"https:\\\/\\\/www.editorialjuventud.es\\\/diccionario-maritimo-9788426110084\\\/\",\"url\":\"https:\\\/\\\/www.editorialjuventud.es\\\/diccionario-maritimo-9788426110084\\\/\",\"name\":\"Diccionario mar\u00edtimo - Editorial Juventud\",\"isPartOf\":{\"@id\":\"https:\\\/\\\/www.editorialjuventud.es\\\/#website\"},\"primaryImageOfPage\":{\"@id\":\"https:\\\/\\\/www.editorialjuventud.es\\\/diccionario-maritimo-9788426110084\\\/#primaryimage\"},\"image\":{\"@id\":\"https:\\\/\\\/www.editorialjuventud.es\\\/diccionario-maritimo-9788426110084\\\/#primaryimage\"},\"thumbnailUrl\":\"https:\\\/\\\/www.editorialjuventud.es\\\/wp-content\\\/uploads\\\/1008.jpg\",\"datePublished\":\"2018-08-24T08:09:30+00:00\",\"dateModified\":\"2025-07-23T07:35:26+00:00\",\"description\":\"La lectura de este libro puede considerarse como un agradable pasatiempo, sin menoscabo de su funci\u00f3n b\u00e1sica: resolver las dudas que puedan ofrecerse a\",\"breadcrumb\":{\"@id\":\"https:\\\/\\\/www.editorialjuventud.es\\\/diccionario-maritimo-9788426110084\\\/#breadcrumb\"},\"inLanguage\":\"ca\",\"potentialAction\":[{\"@type\":\"ReadAction\",\"target\":[\"https:\\\/\\\/www.editorialjuventud.es\\\/diccionario-maritimo-9788426110084\\\/\"]}]},{\"@type\":\"ImageObject\",\"inLanguage\":\"ca\",\"@id\":\"https:\\\/\\\/www.editorialjuventud.es\\\/diccionario-maritimo-9788426110084\\\/#primaryimage\",\"url\":\"https:\\\/\\\/www.editorialjuventud.es\\\/wp-content\\\/uploads\\\/1008.jpg\",\"contentUrl\":\"https:\\\/\\\/www.editorialjuventud.es\\\/wp-content\\\/uploads\\\/1008.jpg\",\"width\":305,\"height\":450,\"caption\":\"1008.jpg\"},{\"@type\":\"BreadcrumbList\",\"@id\":\"https:\\\/\\\/www.editorialjuventud.es\\\/diccionario-maritimo-9788426110084\\\/#breadcrumb\",\"itemListElement\":[{\"@type\":\"ListItem\",\"position\":1,\"name\":\"Portada\",\"item\":\"https:\\\/\\\/www.editorialjuventud.es\\\/\"},{\"@type\":\"ListItem\",\"position\":2,\"name\":\"cat\u00e1logo\",\"item\":\"https:\\\/\\\/www.editorialjuventud.es\\\/coleccion\\\/catalogo\\\/\"},{\"@type\":\"ListItem\",\"position\":3,\"name\":\"castellano\",\"item\":\"https:\\\/\\\/www.editorialjuventud.es\\\/coleccion\\\/castellano\\\/\"},{\"@type\":\"ListItem\",\"position\":4,\"name\":\"Lecturas En torno al Mar\",\"item\":\"https:\\\/\\\/www.editorialjuventud.es\\\/coleccion\\\/lecturas-en-torno-al-mar\\\/\"},{\"@type\":\"ListItem\",\"position\":5,\"name\":\"Libros T\u00e9cnicos\",\"item\":\"https:\\\/\\\/www.editorialjuventud.es\\\/coleccion\\\/libros-tecnicos\\\/\"},{\"@type\":\"ListItem\",\"position\":6,\"name\":\"Diccionario mar\u00edtimo\"}]},{\"@type\":\"WebSite\",\"@id\":\"https:\\\/\\\/www.editorialjuventud.es\\\/#website\",\"url\":\"https:\\\/\\\/www.editorialjuventud.es\\\/\",\"name\":\"Editorial Juventud\",\"description\":\"\",\"potentialAction\":[{\"@type\":\"SearchAction\",\"target\":{\"@type\":\"EntryPoint\",\"urlTemplate\":\"https:\\\/\\\/www.editorialjuventud.es\\\/?s={search_term_string}\"},\"query-input\":{\"@type\":\"PropertyValueSpecification\",\"valueRequired\":true,\"valueName\":\"search_term_string\"}}],\"inLanguage\":\"ca\"}]}<\/script>\n<!-- \/ Yoast SEO plugin. -->","yoast_head_json":{"title":"Diccionario mar\u00edtimo - Editorial Juventud","description":"La lectura de este libro puede considerarse como un agradable pasatiempo, sin menoscabo de su funci\u00f3n b\u00e1sica: resolver las dudas que puedan ofrecerse a","robots":{"index":"index","follow":"follow","max-snippet":"max-snippet:-1","max-image-preview":"max-image-preview:large","max-video-preview":"max-video-preview:-1"},"canonical":"https:\/\/www.editorialjuventud.es\/diccionario-maritimo-9788426110084\/","og_locale":"ca_ES","og_type":"article","og_title":"Diccionario mar\u00edtimo - Editorial Juventud","og_description":"La lectura de este libro puede considerarse como un agradable pasatiempo, sin menoscabo de su funci\u00f3n b\u00e1sica: resolver las dudas que puedan ofrecerse a","og_url":"https:\/\/www.editorialjuventud.es\/diccionario-maritimo-9788426110084\/","og_site_name":"Editorial Juventud","article_modified_time":"2025-07-23T07:35:26+00:00","og_image":[{"width":305,"height":450,"url":"https:\/\/www.editorialjuventud.es\/wp-content\/uploads\/1008.jpg","type":"image\/jpeg"}],"twitter_card":"summary_large_image","twitter_misc":{"Temps estimat de lectura":"1 minut"},"schema":{"@context":"https:\/\/schema.org","@graph":[{"@type":"WebPage","@id":"https:\/\/www.editorialjuventud.es\/diccionario-maritimo-9788426110084\/","url":"https:\/\/www.editorialjuventud.es\/diccionario-maritimo-9788426110084\/","name":"Diccionario mar\u00edtimo - Editorial Juventud","isPartOf":{"@id":"https:\/\/www.editorialjuventud.es\/#website"},"primaryImageOfPage":{"@id":"https:\/\/www.editorialjuventud.es\/diccionario-maritimo-9788426110084\/#primaryimage"},"image":{"@id":"https:\/\/www.editorialjuventud.es\/diccionario-maritimo-9788426110084\/#primaryimage"},"thumbnailUrl":"https:\/\/www.editorialjuventud.es\/wp-content\/uploads\/1008.jpg","datePublished":"2018-08-24T08:09:30+00:00","dateModified":"2025-07-23T07:35:26+00:00","description":"La lectura de este libro puede considerarse como un agradable pasatiempo, sin menoscabo de su funci\u00f3n b\u00e1sica: resolver las dudas que puedan ofrecerse a","breadcrumb":{"@id":"https:\/\/www.editorialjuventud.es\/diccionario-maritimo-9788426110084\/#breadcrumb"},"inLanguage":"ca","potentialAction":[{"@type":"ReadAction","target":["https:\/\/www.editorialjuventud.es\/diccionario-maritimo-9788426110084\/"]}]},{"@type":"ImageObject","inLanguage":"ca","@id":"https:\/\/www.editorialjuventud.es\/diccionario-maritimo-9788426110084\/#primaryimage","url":"https:\/\/www.editorialjuventud.es\/wp-content\/uploads\/1008.jpg","contentUrl":"https:\/\/www.editorialjuventud.es\/wp-content\/uploads\/1008.jpg","width":305,"height":450,"caption":"1008.jpg"},{"@type":"BreadcrumbList","@id":"https:\/\/www.editorialjuventud.es\/diccionario-maritimo-9788426110084\/#breadcrumb","itemListElement":[{"@type":"ListItem","position":1,"name":"Portada","item":"https:\/\/www.editorialjuventud.es\/"},{"@type":"ListItem","position":2,"name":"cat\u00e1logo","item":"https:\/\/www.editorialjuventud.es\/coleccion\/catalogo\/"},{"@type":"ListItem","position":3,"name":"castellano","item":"https:\/\/www.editorialjuventud.es\/coleccion\/castellano\/"},{"@type":"ListItem","position":4,"name":"Lecturas En torno al Mar","item":"https:\/\/www.editorialjuventud.es\/coleccion\/lecturas-en-torno-al-mar\/"},{"@type":"ListItem","position":5,"name":"Libros T\u00e9cnicos","item":"https:\/\/www.editorialjuventud.es\/coleccion\/libros-tecnicos\/"},{"@type":"ListItem","position":6,"name":"Diccionario mar\u00edtimo"}]},{"@type":"WebSite","@id":"https:\/\/www.editorialjuventud.es\/#website","url":"https:\/\/www.editorialjuventud.es\/","name":"Editorial Juventud","description":"","potentialAction":[{"@type":"SearchAction","target":{"@type":"EntryPoint","urlTemplate":"https:\/\/www.editorialjuventud.es\/?s={search_term_string}"},"query-input":{"@type":"PropertyValueSpecification","valueRequired":true,"valueName":"search_term_string"}}],"inLanguage":"ca"}]}},"_links":{"self":[{"href":"https:\/\/www.editorialjuventud.es\/ca\/wp-json\/wp\/v2\/product\/4923","targetHints":{"allow":["GET"]}}],"collection":[{"href":"https:\/\/www.editorialjuventud.es\/ca\/wp-json\/wp\/v2\/product"}],"about":[{"href":"https:\/\/www.editorialjuventud.es\/ca\/wp-json\/wp\/v2\/types\/product"}],"wp:featuredmedia":[{"embeddable":true,"href":"https:\/\/www.editorialjuventud.es\/ca\/wp-json\/wp\/v2\/media\/6642"}],"wp:attachment":[{"href":"https:\/\/www.editorialjuventud.es\/ca\/wp-json\/wp\/v2\/media?parent=4923"}],"wp:term":[{"taxonomy":"product_brand","embeddable":true,"href":"https:\/\/www.editorialjuventud.es\/ca\/wp-json\/wp\/v2\/product_brand?post=4923"},{"taxonomy":"product_cat","embeddable":true,"href":"https:\/\/www.editorialjuventud.es\/ca\/wp-json\/wp\/v2\/product_cat?post=4923"},{"taxonomy":"product_tag","embeddable":true,"href":"https:\/\/www.editorialjuventud.es\/ca\/wp-json\/wp\/v2\/product_tag?post=4923"},{"taxonomy":"coleccion","embeddable":true,"href":"https:\/\/www.editorialjuventud.es\/ca\/wp-json\/wp\/v2\/coleccion?post=4923"}],"curies":[{"name":"wp","href":"https:\/\/api.w.org\/{rel}","templated":true}]}}