{"id":4916,"date":"2018-08-24T12:08:59","date_gmt":"2018-08-24T08:08:59","guid":{"rendered":"http:\/\/www.editorialjuventud.es\/la-vida-sale-al-encuentro\/"},"modified":"2023-07-04T13:18:15","modified_gmt":"2023-07-04T11:18:15","slug":"la-vida-sale-al-encuentro-9788426109859","status":"publish","type":"product","link":"https:\/\/www.editorialjuventud.es\/ca\/la-vida-sale-al-encuentro-9788426109859\/","title":{"rendered":"La vida sale al encuentro"},"content":{"rendered":"<p>En esta novela, un muchacho de quince a\u00f1os nos relata su vida en el seno de su familia, en el c\u00edrculo de sus amigos y en el colegio donde est\u00e1 interno; todo ello en el transcurso de un a\u00f1o pr\u00f3digo en contrariedades para \u00e9l. La descripci\u00f3n es minuciosa en detalles. Se siente su gran admiraci\u00f3n por su padre, el cari\u00f1o hacia su hermano, la total entrega que hace de su confianza en el padre \u00darcola&#8230; y el amor por su prima. El protagonista posee un coraz\u00f3n grande y un temple magn\u00edfico, a pesar de las ca\u00eddas.<\/p>\n","protected":false},"excerpt":{"rendered":"En esta novela, un muchacho de quince a\u00f1os nos relata su vida en el seno de su familia, en el c\u00edrculo de sus amigos y en el colegio donde est\u00e1 interno; todo ello en el transcurso de un a\u00f1o pr\u00f3digo [&hellip;]","protected":false},"featured_media":15289,"template":"","meta":{"_acf_changed":false,"_exactmetrics_skip_tracking":false,"_exactmetrics_sitenote_active":false,"_exactmetrics_sitenote_note":"","_exactmetrics_sitenote_category":0},"product_brand":[],"product_cat":[905,1136,1137,892,1115,1182,1118,1205,1128],"product_tag":[],"coleccion":[916,1007,938,1085],"class_list":{"0":"post-4916","1":"product","2":"type-product","3":"status-publish","4":"has-post-thumbnail","6":"product_cat-adulto","7":"product_cat-amistad","8":"product_cat-amor","9":"product_cat-edades","10":"product_cat-generos","11":"product_cat-hermanos","12":"product_cat-literatura-clasica","13":"product_cat-padres","14":"product_cat-tematica","15":"coleccion-castellano","16":"coleccion-coleccion-z","17":"coleccion-libros-de-bolsillo","18":"coleccion-novela","20":"first","21":"instock","22":"taxable","23":"shipping-taxable","24":"purchasable","25":"product-type-simple"},"acf":{"autor":"Mart\u00edn Vigil, Jos\u00e9 Luis","codart":"0985-3","ediciones":"29","encuadernacion":"Bolsillo","fecha_de_publicacion":"29\/09\/1989","novedad":"0","paginas":"360","subtitulo":"","texto_web_adicional":"","texto_web_novedad":"","orden":"999","portada":"0","texto_web_resaltado":"","indice":"","autores-libros":[16490],"ilustradores-libros":"","traductores-libros":"","fecha_de_reimpresion":"01\/10\/2022","descripcion_corta":"","recomendamos":"","mas_vendido":"","idioma-libro":"","color":false,"formato":"","mas_informacion_del_producto":false,"premios":false,"deshabilitar_compra":[],"texto_enlace_cubierta":"","enlace_cubierta":false,"texto_enlace_ficha_tecnica":"","enlace_ficha_tecnica":false,"ficheros":false,"titulo-fr":"","texto-fr":""},"yoast_head":"<!-- This site is optimized with the Yoast SEO plugin v27.5 - https:\/\/yoast.com\/product\/yoast-seo-wordpress\/ -->\n<title>La vida sale al encuentro - Editorial Juventud<\/title>\n<meta name=\"description\" content=\"En esta novela, un muchacho de quince a\u00f1os nos relata su vida en el seno de su familia, en el c\u00edrculo de sus amigos y en el colegio donde est\u00e1 interno;\" \/>\n<meta name=\"robots\" content=\"index, follow, max-snippet:-1, max-image-preview:large, max-video-preview:-1\" \/>\n<link rel=\"canonical\" href=\"https:\/\/www.editorialjuventud.es\/ca\/la-vida-sale-al-encuentro-9788426109859\/\" \/>\n<meta property=\"og:locale\" content=\"ca_ES\" \/>\n<meta property=\"og:type\" content=\"article\" \/>\n<meta property=\"og:title\" content=\"La vida sale al encuentro - Editorial Juventud\" \/>\n<meta property=\"og:description\" content=\"En esta novela, un muchacho de quince a\u00f1os nos relata su vida en el seno de su familia, en el c\u00edrculo de sus amigos y en el colegio donde est\u00e1 interno;\" \/>\n<meta property=\"og:url\" content=\"https:\/\/www.editorialjuventud.es\/ca\/la-vida-sale-al-encuentro-9788426109859\/\" \/>\n<meta property=\"og:site_name\" content=\"Editorial Juventud\" \/>\n<meta property=\"article:modified_time\" content=\"2023-07-04T11:18:15+00:00\" \/>\n<meta property=\"og:image\" content=\"https:\/\/www.editorialjuventud.es\/wp-content\/uploads\/9788426109859.gif\" \/>\n\t<meta property=\"og:image:width\" content=\"307\" \/>\n\t<meta property=\"og:image:height\" content=\"450\" \/>\n\t<meta property=\"og:image:type\" content=\"image\/gif\" \/>\n<meta name=\"twitter:card\" content=\"summary_large_image\" \/>\n<meta name=\"twitter:label1\" content=\"Temps estimat de lectura\" \/>\n\t<meta name=\"twitter:data1\" content=\"1 minut\" \/>\n<script type=\"application\/ld+json\" class=\"yoast-schema-graph\">{\"@context\":\"https:\\\/\\\/schema.org\",\"@graph\":[{\"@type\":\"WebPage\",\"@id\":\"https:\\\/\\\/www.editorialjuventud.es\\\/ca\\\/la-vida-sale-al-encuentro-9788426109859\\\/\",\"url\":\"https:\\\/\\\/www.editorialjuventud.es\\\/ca\\\/la-vida-sale-al-encuentro-9788426109859\\\/\",\"name\":\"La vida sale al encuentro - Editorial Juventud\",\"isPartOf\":{\"@id\":\"https:\\\/\\\/www.editorialjuventud.es\\\/#website\"},\"primaryImageOfPage\":{\"@id\":\"https:\\\/\\\/www.editorialjuventud.es\\\/ca\\\/la-vida-sale-al-encuentro-9788426109859\\\/#primaryimage\"},\"image\":{\"@id\":\"https:\\\/\\\/www.editorialjuventud.es\\\/ca\\\/la-vida-sale-al-encuentro-9788426109859\\\/#primaryimage\"},\"thumbnailUrl\":\"https:\\\/\\\/www.editorialjuventud.es\\\/wp-content\\\/uploads\\\/9788426109859.gif\",\"datePublished\":\"2018-08-24T08:08:59+00:00\",\"dateModified\":\"2023-07-04T11:18:15+00:00\",\"description\":\"En esta novela, un muchacho de quince a\u00f1os nos relata su vida en el seno de su familia, en el c\u00edrculo de sus amigos y en el colegio donde est\u00e1 interno;\",\"breadcrumb\":{\"@id\":\"https:\\\/\\\/www.editorialjuventud.es\\\/ca\\\/la-vida-sale-al-encuentro-9788426109859\\\/#breadcrumb\"},\"inLanguage\":\"ca\",\"potentialAction\":[{\"@type\":\"ReadAction\",\"target\":[\"https:\\\/\\\/www.editorialjuventud.es\\\/ca\\\/la-vida-sale-al-encuentro-9788426109859\\\/\"]}]},{\"@type\":\"ImageObject\",\"inLanguage\":\"ca\",\"@id\":\"https:\\\/\\\/www.editorialjuventud.es\\\/ca\\\/la-vida-sale-al-encuentro-9788426109859\\\/#primaryimage\",\"url\":\"https:\\\/\\\/www.editorialjuventud.es\\\/wp-content\\\/uploads\\\/9788426109859.gif\",\"contentUrl\":\"https:\\\/\\\/www.editorialjuventud.es\\\/wp-content\\\/uploads\\\/9788426109859.gif\",\"width\":307,\"height\":450,\"caption\":\"9788426109859.gif\"},{\"@type\":\"BreadcrumbList\",\"@id\":\"https:\\\/\\\/www.editorialjuventud.es\\\/ca\\\/la-vida-sale-al-encuentro-9788426109859\\\/#breadcrumb\",\"itemListElement\":[{\"@type\":\"ListItem\",\"position\":1,\"name\":\"Portada\",\"item\":\"https:\\\/\\\/www.editorialjuventud.es\\\/\"},{\"@type\":\"ListItem\",\"position\":2,\"name\":\"cat\u00e1logo\",\"item\":\"https:\\\/\\\/www.editorialjuventud.es\\\/coleccion\\\/catalogo\\\/\"},{\"@type\":\"ListItem\",\"position\":3,\"name\":\"castellano\",\"item\":\"https:\\\/\\\/www.editorialjuventud.es\\\/coleccion\\\/castellano\\\/\"},{\"@type\":\"ListItem\",\"position\":4,\"name\":\"Libros de Bolsillo\",\"item\":\"https:\\\/\\\/www.editorialjuventud.es\\\/coleccion\\\/libros-de-bolsillo\\\/\"},{\"@type\":\"ListItem\",\"position\":5,\"name\":\"Colecci\u00f3n Z\",\"item\":\"https:\\\/\\\/www.editorialjuventud.es\\\/coleccion\\\/coleccion-z\\\/\"},{\"@type\":\"ListItem\",\"position\":6,\"name\":\"Novela\",\"item\":\"https:\\\/\\\/www.editorialjuventud.es\\\/coleccion\\\/novela\\\/\"},{\"@type\":\"ListItem\",\"position\":7,\"name\":\"La vida sale al encuentro\"}]},{\"@type\":\"WebSite\",\"@id\":\"https:\\\/\\\/www.editorialjuventud.es\\\/#website\",\"url\":\"https:\\\/\\\/www.editorialjuventud.es\\\/\",\"name\":\"Editorial Juventud\",\"description\":\"\",\"potentialAction\":[{\"@type\":\"SearchAction\",\"target\":{\"@type\":\"EntryPoint\",\"urlTemplate\":\"https:\\\/\\\/www.editorialjuventud.es\\\/?s={search_term_string}\"},\"query-input\":{\"@type\":\"PropertyValueSpecification\",\"valueRequired\":true,\"valueName\":\"search_term_string\"}}],\"inLanguage\":\"ca\"}]}<\/script>\n<!-- \/ Yoast SEO plugin. -->","yoast_head_json":{"title":"La vida sale al encuentro - Editorial Juventud","description":"En esta novela, un muchacho de quince a\u00f1os nos relata su vida en el seno de su familia, en el c\u00edrculo de sus amigos y en el colegio donde est\u00e1 interno;","robots":{"index":"index","follow":"follow","max-snippet":"max-snippet:-1","max-image-preview":"max-image-preview:large","max-video-preview":"max-video-preview:-1"},"canonical":"https:\/\/www.editorialjuventud.es\/ca\/la-vida-sale-al-encuentro-9788426109859\/","og_locale":"ca_ES","og_type":"article","og_title":"La vida sale al encuentro - Editorial Juventud","og_description":"En esta novela, un muchacho de quince a\u00f1os nos relata su vida en el seno de su familia, en el c\u00edrculo de sus amigos y en el colegio donde est\u00e1 interno;","og_url":"https:\/\/www.editorialjuventud.es\/ca\/la-vida-sale-al-encuentro-9788426109859\/","og_site_name":"Editorial Juventud","article_modified_time":"2023-07-04T11:18:15+00:00","og_image":[{"width":307,"height":450,"url":"https:\/\/www.editorialjuventud.es\/wp-content\/uploads\/9788426109859.gif","type":"image\/gif"}],"twitter_card":"summary_large_image","twitter_misc":{"Temps estimat de lectura":"1 minut"},"schema":{"@context":"https:\/\/schema.org","@graph":[{"@type":"WebPage","@id":"https:\/\/www.editorialjuventud.es\/ca\/la-vida-sale-al-encuentro-9788426109859\/","url":"https:\/\/www.editorialjuventud.es\/ca\/la-vida-sale-al-encuentro-9788426109859\/","name":"La vida sale al encuentro - Editorial Juventud","isPartOf":{"@id":"https:\/\/www.editorialjuventud.es\/#website"},"primaryImageOfPage":{"@id":"https:\/\/www.editorialjuventud.es\/ca\/la-vida-sale-al-encuentro-9788426109859\/#primaryimage"},"image":{"@id":"https:\/\/www.editorialjuventud.es\/ca\/la-vida-sale-al-encuentro-9788426109859\/#primaryimage"},"thumbnailUrl":"https:\/\/www.editorialjuventud.es\/wp-content\/uploads\/9788426109859.gif","datePublished":"2018-08-24T08:08:59+00:00","dateModified":"2023-07-04T11:18:15+00:00","description":"En esta novela, un muchacho de quince a\u00f1os nos relata su vida en el seno de su familia, en el c\u00edrculo de sus amigos y en el colegio donde est\u00e1 interno;","breadcrumb":{"@id":"https:\/\/www.editorialjuventud.es\/ca\/la-vida-sale-al-encuentro-9788426109859\/#breadcrumb"},"inLanguage":"ca","potentialAction":[{"@type":"ReadAction","target":["https:\/\/www.editorialjuventud.es\/ca\/la-vida-sale-al-encuentro-9788426109859\/"]}]},{"@type":"ImageObject","inLanguage":"ca","@id":"https:\/\/www.editorialjuventud.es\/ca\/la-vida-sale-al-encuentro-9788426109859\/#primaryimage","url":"https:\/\/www.editorialjuventud.es\/wp-content\/uploads\/9788426109859.gif","contentUrl":"https:\/\/www.editorialjuventud.es\/wp-content\/uploads\/9788426109859.gif","width":307,"height":450,"caption":"9788426109859.gif"},{"@type":"BreadcrumbList","@id":"https:\/\/www.editorialjuventud.es\/ca\/la-vida-sale-al-encuentro-9788426109859\/#breadcrumb","itemListElement":[{"@type":"ListItem","position":1,"name":"Portada","item":"https:\/\/www.editorialjuventud.es\/"},{"@type":"ListItem","position":2,"name":"cat\u00e1logo","item":"https:\/\/www.editorialjuventud.es\/coleccion\/catalogo\/"},{"@type":"ListItem","position":3,"name":"castellano","item":"https:\/\/www.editorialjuventud.es\/coleccion\/castellano\/"},{"@type":"ListItem","position":4,"name":"Libros de Bolsillo","item":"https:\/\/www.editorialjuventud.es\/coleccion\/libros-de-bolsillo\/"},{"@type":"ListItem","position":5,"name":"Colecci\u00f3n Z","item":"https:\/\/www.editorialjuventud.es\/coleccion\/coleccion-z\/"},{"@type":"ListItem","position":6,"name":"Novela","item":"https:\/\/www.editorialjuventud.es\/coleccion\/novela\/"},{"@type":"ListItem","position":7,"name":"La vida sale al encuentro"}]},{"@type":"WebSite","@id":"https:\/\/www.editorialjuventud.es\/#website","url":"https:\/\/www.editorialjuventud.es\/","name":"Editorial Juventud","description":"","potentialAction":[{"@type":"SearchAction","target":{"@type":"EntryPoint","urlTemplate":"https:\/\/www.editorialjuventud.es\/?s={search_term_string}"},"query-input":{"@type":"PropertyValueSpecification","valueRequired":true,"valueName":"search_term_string"}}],"inLanguage":"ca"}]}},"_links":{"self":[{"href":"https:\/\/www.editorialjuventud.es\/ca\/wp-json\/wp\/v2\/product\/4916","targetHints":{"allow":["GET"]}}],"collection":[{"href":"https:\/\/www.editorialjuventud.es\/ca\/wp-json\/wp\/v2\/product"}],"about":[{"href":"https:\/\/www.editorialjuventud.es\/ca\/wp-json\/wp\/v2\/types\/product"}],"wp:featuredmedia":[{"embeddable":true,"href":"https:\/\/www.editorialjuventud.es\/ca\/wp-json\/wp\/v2\/media\/15289"}],"wp:attachment":[{"href":"https:\/\/www.editorialjuventud.es\/ca\/wp-json\/wp\/v2\/media?parent=4916"}],"wp:term":[{"taxonomy":"product_brand","embeddable":true,"href":"https:\/\/www.editorialjuventud.es\/ca\/wp-json\/wp\/v2\/product_brand?post=4916"},{"taxonomy":"product_cat","embeddable":true,"href":"https:\/\/www.editorialjuventud.es\/ca\/wp-json\/wp\/v2\/product_cat?post=4916"},{"taxonomy":"product_tag","embeddable":true,"href":"https:\/\/www.editorialjuventud.es\/ca\/wp-json\/wp\/v2\/product_tag?post=4916"},{"taxonomy":"coleccion","embeddable":true,"href":"https:\/\/www.editorialjuventud.es\/ca\/wp-json\/wp\/v2\/coleccion?post=4916"}],"curies":[{"name":"wp","href":"https:\/\/api.w.org\/{rel}","templated":true}]}}