{"id":4910,"date":"2018-08-24T12:08:34","date_gmt":"2018-08-24T08:08:34","guid":{"rendered":"http:\/\/www.editorialjuventud.es\/la-estrella-misteriosa\/"},"modified":"2025-06-10T12:45:59","modified_gmt":"2025-06-10T10:45:59","slug":"la-estrella-misteriosa-9788426109651","status":"publish","type":"product","link":"https:\/\/www.editorialjuventud.es\/ca\/la-estrella-misteriosa-9788426109651\/","title":{"rendered":"La estrella misteriosa"},"content":{"rendered":"<p>Un meteorito se dirige hacia la tierra y muchos presagian el fin del mundo. Tint\u00edn acude al observatorio astron\u00f3mico donde conoce al profesor Calys. Por suerte los presagios no se cumplen y solo llega a la tierra un fragmento del meteorito, que cae en el oc\u00e9ano \u00c1rtico. Al advertir la presencia de un elemento desconocido, el profesor Calys organiza una expedici\u00f3n en el nav\u00edo Aurora, de la que forman parte Tint\u00edn y el capit\u00e1n Haddock. La estrella misteriosa ser\u00e1 en primer \u00e1lbum dise\u00f1ado ya directamente a color y fue publicado en el a\u00f1o 1942.<\/p>\n","protected":false},"excerpt":{"rendered":"Un meteorito se dirige hacia la tierra y muchos presagian el fin del mundo. Tint\u00edn acude al observatorio astron\u00f3mico donde conoce al profesor Calys. Por suerte los presagios no se cumplen y solo llega a la tierra un fragmento del [&hellip;]","protected":false},"featured_media":65862,"template":"","meta":{"_acf_changed":false,"_exactmetrics_skip_tracking":false,"_exactmetrics_sitenote_active":false,"_exactmetrics_sitenote_note":"","_exactmetrics_sitenote_category":0},"product_brand":[],"product_cat":[902,1142,1127,892],"product_tag":[],"coleccion":[1008],"class_list":{"0":"post-4910","1":"product","2":"type-product","3":"status-publish","4":"has-post-thumbnail","6":"product_cat-a-partir-de-7-anos","7":"product_cat-aventura","8":"product_cat-comic","9":"product_cat-edades","10":"coleccion-las-aventuras-de-tintin","12":"first","13":"instock","14":"taxable","15":"shipping-taxable","16":"purchasable","17":"product-type-simple"},"acf":{"autor":"HERGE-TINTIN CARTONE II","codart":"0965-9","ediciones":"32","encuadernacion":"Carton\u00e9","fecha_de_publicacion":"05\/10\/1989","novedad":"0","paginas":"64","subtitulo":"","texto_web_adicional":"","texto_web_novedad":"","orden":"999","portada":"0","texto_web_resaltado":"","indice":"","autores-libros":[16407],"ilustradores-libros":[16407],"traductores-libros":[18388],"fecha_de_reimpresion":"01\/06\/2022","descripcion_corta":"","recomendamos":"","mas_vendido":"","idioma-libro":"","color":false,"formato":"","mas_informacion_del_producto":false,"premios":false,"deshabilitar_compra":[],"texto_enlace_cubierta":"","enlace_cubierta":false,"texto_enlace_ficha_tecnica":"","enlace_ficha_tecnica":false,"ficheros":false,"titulo-fr":"","texto-fr":""},"yoast_head":"<!-- This site is optimized with the Yoast SEO plugin v27.5 - https:\/\/yoast.com\/product\/yoast-seo-wordpress\/ -->\n<title>La estrella misteriosa - Editorial Juventud<\/title>\n<meta name=\"description\" content=\"Un meteorito se dirige hacia la tierra y muchos presagian el fin del mundo. Tint\u00edn acude al observatorio astron\u00f3mico donde conoce al profesor Calys. Por\" \/>\n<meta name=\"robots\" content=\"index, follow, max-snippet:-1, max-image-preview:large, max-video-preview:-1\" \/>\n<link rel=\"canonical\" href=\"https:\/\/www.editorialjuventud.es\/la-estrella-misteriosa-9788426109651\/\" \/>\n<meta property=\"og:locale\" content=\"ca_ES\" \/>\n<meta property=\"og:type\" content=\"article\" \/>\n<meta property=\"og:title\" content=\"La estrella misteriosa - Editorial Juventud\" \/>\n<meta property=\"og:description\" content=\"Un meteorito se dirige hacia la tierra y muchos presagian el fin del mundo. Tint\u00edn acude al observatorio astron\u00f3mico donde conoce al profesor Calys. Por\" \/>\n<meta property=\"og:url\" content=\"https:\/\/www.editorialjuventud.es\/la-estrella-misteriosa-9788426109651\/\" \/>\n<meta property=\"og:site_name\" content=\"Editorial Juventud\" \/>\n<meta property=\"article:modified_time\" content=\"2025-06-10T10:45:59+00:00\" \/>\n<meta property=\"og:image\" content=\"https:\/\/www.editorialjuventud.es\/wp-content\/uploads\/0965.jpg\" \/>\n\t<meta property=\"og:image:width\" content=\"313\" \/>\n\t<meta property=\"og:image:height\" content=\"450\" \/>\n\t<meta property=\"og:image:type\" content=\"image\/jpeg\" \/>\n<meta name=\"twitter:card\" content=\"summary_large_image\" \/>\n<meta name=\"twitter:label1\" content=\"Temps estimat de lectura\" \/>\n\t<meta name=\"twitter:data1\" content=\"1 minut\" \/>\n<script type=\"application\/ld+json\" class=\"yoast-schema-graph\">{\"@context\":\"https:\\\/\\\/schema.org\",\"@graph\":[{\"@type\":\"WebPage\",\"@id\":\"https:\\\/\\\/www.editorialjuventud.es\\\/la-estrella-misteriosa-9788426109651\\\/\",\"url\":\"https:\\\/\\\/www.editorialjuventud.es\\\/la-estrella-misteriosa-9788426109651\\\/\",\"name\":\"La estrella misteriosa - Editorial Juventud\",\"isPartOf\":{\"@id\":\"https:\\\/\\\/www.editorialjuventud.es\\\/#website\"},\"primaryImageOfPage\":{\"@id\":\"https:\\\/\\\/www.editorialjuventud.es\\\/la-estrella-misteriosa-9788426109651\\\/#primaryimage\"},\"image\":{\"@id\":\"https:\\\/\\\/www.editorialjuventud.es\\\/la-estrella-misteriosa-9788426109651\\\/#primaryimage\"},\"thumbnailUrl\":\"https:\\\/\\\/www.editorialjuventud.es\\\/wp-content\\\/uploads\\\/0965.jpg\",\"datePublished\":\"2018-08-24T08:08:34+00:00\",\"dateModified\":\"2025-06-10T10:45:59+00:00\",\"description\":\"Un meteorito se dirige hacia la tierra y muchos presagian el fin del mundo. Tint\u00edn acude al observatorio astron\u00f3mico donde conoce al profesor Calys. Por\",\"breadcrumb\":{\"@id\":\"https:\\\/\\\/www.editorialjuventud.es\\\/la-estrella-misteriosa-9788426109651\\\/#breadcrumb\"},\"inLanguage\":\"ca\",\"potentialAction\":[{\"@type\":\"ReadAction\",\"target\":[\"https:\\\/\\\/www.editorialjuventud.es\\\/la-estrella-misteriosa-9788426109651\\\/\"]}]},{\"@type\":\"ImageObject\",\"inLanguage\":\"ca\",\"@id\":\"https:\\\/\\\/www.editorialjuventud.es\\\/la-estrella-misteriosa-9788426109651\\\/#primaryimage\",\"url\":\"https:\\\/\\\/www.editorialjuventud.es\\\/wp-content\\\/uploads\\\/0965.jpg\",\"contentUrl\":\"https:\\\/\\\/www.editorialjuventud.es\\\/wp-content\\\/uploads\\\/0965.jpg\",\"width\":313,\"height\":450,\"caption\":\"0965.jpg\"},{\"@type\":\"BreadcrumbList\",\"@id\":\"https:\\\/\\\/www.editorialjuventud.es\\\/la-estrella-misteriosa-9788426109651\\\/#breadcrumb\",\"itemListElement\":[{\"@type\":\"ListItem\",\"position\":1,\"name\":\"Portada\",\"item\":\"https:\\\/\\\/www.editorialjuventud.es\\\/\"},{\"@type\":\"ListItem\",\"position\":2,\"name\":\"cat\u00e1logo\",\"item\":\"https:\\\/\\\/www.editorialjuventud.es\\\/coleccion\\\/catalogo\\\/\"},{\"@type\":\"ListItem\",\"position\":3,\"name\":\"castellano\",\"item\":\"https:\\\/\\\/www.editorialjuventud.es\\\/coleccion\\\/castellano\\\/\"},{\"@type\":\"ListItem\",\"position\":4,\"name\":\"Libros de Tint\u00edn\",\"item\":\"https:\\\/\\\/www.editorialjuventud.es\\\/coleccion\\\/libros-de-tintin\\\/\"},{\"@type\":\"ListItem\",\"position\":5,\"name\":\"Las Aventuras de Tint\u00edn\",\"item\":\"https:\\\/\\\/www.editorialjuventud.es\\\/coleccion\\\/las-aventuras-de-tintin\\\/\"},{\"@type\":\"ListItem\",\"position\":6,\"name\":\"La estrella misteriosa\"}]},{\"@type\":\"WebSite\",\"@id\":\"https:\\\/\\\/www.editorialjuventud.es\\\/#website\",\"url\":\"https:\\\/\\\/www.editorialjuventud.es\\\/\",\"name\":\"Editorial Juventud\",\"description\":\"\",\"potentialAction\":[{\"@type\":\"SearchAction\",\"target\":{\"@type\":\"EntryPoint\",\"urlTemplate\":\"https:\\\/\\\/www.editorialjuventud.es\\\/?s={search_term_string}\"},\"query-input\":{\"@type\":\"PropertyValueSpecification\",\"valueRequired\":true,\"valueName\":\"search_term_string\"}}],\"inLanguage\":\"ca\"}]}<\/script>\n<!-- \/ Yoast SEO plugin. -->","yoast_head_json":{"title":"La estrella misteriosa - Editorial Juventud","description":"Un meteorito se dirige hacia la tierra y muchos presagian el fin del mundo. Tint\u00edn acude al observatorio astron\u00f3mico donde conoce al profesor Calys. Por","robots":{"index":"index","follow":"follow","max-snippet":"max-snippet:-1","max-image-preview":"max-image-preview:large","max-video-preview":"max-video-preview:-1"},"canonical":"https:\/\/www.editorialjuventud.es\/la-estrella-misteriosa-9788426109651\/","og_locale":"ca_ES","og_type":"article","og_title":"La estrella misteriosa - Editorial Juventud","og_description":"Un meteorito se dirige hacia la tierra y muchos presagian el fin del mundo. Tint\u00edn acude al observatorio astron\u00f3mico donde conoce al profesor Calys. Por","og_url":"https:\/\/www.editorialjuventud.es\/la-estrella-misteriosa-9788426109651\/","og_site_name":"Editorial Juventud","article_modified_time":"2025-06-10T10:45:59+00:00","og_image":[{"width":313,"height":450,"url":"https:\/\/www.editorialjuventud.es\/wp-content\/uploads\/0965.jpg","type":"image\/jpeg"}],"twitter_card":"summary_large_image","twitter_misc":{"Temps estimat de lectura":"1 minut"},"schema":{"@context":"https:\/\/schema.org","@graph":[{"@type":"WebPage","@id":"https:\/\/www.editorialjuventud.es\/la-estrella-misteriosa-9788426109651\/","url":"https:\/\/www.editorialjuventud.es\/la-estrella-misteriosa-9788426109651\/","name":"La estrella misteriosa - Editorial Juventud","isPartOf":{"@id":"https:\/\/www.editorialjuventud.es\/#website"},"primaryImageOfPage":{"@id":"https:\/\/www.editorialjuventud.es\/la-estrella-misteriosa-9788426109651\/#primaryimage"},"image":{"@id":"https:\/\/www.editorialjuventud.es\/la-estrella-misteriosa-9788426109651\/#primaryimage"},"thumbnailUrl":"https:\/\/www.editorialjuventud.es\/wp-content\/uploads\/0965.jpg","datePublished":"2018-08-24T08:08:34+00:00","dateModified":"2025-06-10T10:45:59+00:00","description":"Un meteorito se dirige hacia la tierra y muchos presagian el fin del mundo. Tint\u00edn acude al observatorio astron\u00f3mico donde conoce al profesor Calys. Por","breadcrumb":{"@id":"https:\/\/www.editorialjuventud.es\/la-estrella-misteriosa-9788426109651\/#breadcrumb"},"inLanguage":"ca","potentialAction":[{"@type":"ReadAction","target":["https:\/\/www.editorialjuventud.es\/la-estrella-misteriosa-9788426109651\/"]}]},{"@type":"ImageObject","inLanguage":"ca","@id":"https:\/\/www.editorialjuventud.es\/la-estrella-misteriosa-9788426109651\/#primaryimage","url":"https:\/\/www.editorialjuventud.es\/wp-content\/uploads\/0965.jpg","contentUrl":"https:\/\/www.editorialjuventud.es\/wp-content\/uploads\/0965.jpg","width":313,"height":450,"caption":"0965.jpg"},{"@type":"BreadcrumbList","@id":"https:\/\/www.editorialjuventud.es\/la-estrella-misteriosa-9788426109651\/#breadcrumb","itemListElement":[{"@type":"ListItem","position":1,"name":"Portada","item":"https:\/\/www.editorialjuventud.es\/"},{"@type":"ListItem","position":2,"name":"cat\u00e1logo","item":"https:\/\/www.editorialjuventud.es\/coleccion\/catalogo\/"},{"@type":"ListItem","position":3,"name":"castellano","item":"https:\/\/www.editorialjuventud.es\/coleccion\/castellano\/"},{"@type":"ListItem","position":4,"name":"Libros de Tint\u00edn","item":"https:\/\/www.editorialjuventud.es\/coleccion\/libros-de-tintin\/"},{"@type":"ListItem","position":5,"name":"Las Aventuras de Tint\u00edn","item":"https:\/\/www.editorialjuventud.es\/coleccion\/las-aventuras-de-tintin\/"},{"@type":"ListItem","position":6,"name":"La estrella misteriosa"}]},{"@type":"WebSite","@id":"https:\/\/www.editorialjuventud.es\/#website","url":"https:\/\/www.editorialjuventud.es\/","name":"Editorial Juventud","description":"","potentialAction":[{"@type":"SearchAction","target":{"@type":"EntryPoint","urlTemplate":"https:\/\/www.editorialjuventud.es\/?s={search_term_string}"},"query-input":{"@type":"PropertyValueSpecification","valueRequired":true,"valueName":"search_term_string"}}],"inLanguage":"ca"}]}},"_links":{"self":[{"href":"https:\/\/www.editorialjuventud.es\/ca\/wp-json\/wp\/v2\/product\/4910","targetHints":{"allow":["GET"]}}],"collection":[{"href":"https:\/\/www.editorialjuventud.es\/ca\/wp-json\/wp\/v2\/product"}],"about":[{"href":"https:\/\/www.editorialjuventud.es\/ca\/wp-json\/wp\/v2\/types\/product"}],"wp:featuredmedia":[{"embeddable":true,"href":"https:\/\/www.editorialjuventud.es\/ca\/wp-json\/wp\/v2\/media\/65862"}],"wp:attachment":[{"href":"https:\/\/www.editorialjuventud.es\/ca\/wp-json\/wp\/v2\/media?parent=4910"}],"wp:term":[{"taxonomy":"product_brand","embeddable":true,"href":"https:\/\/www.editorialjuventud.es\/ca\/wp-json\/wp\/v2\/product_brand?post=4910"},{"taxonomy":"product_cat","embeddable":true,"href":"https:\/\/www.editorialjuventud.es\/ca\/wp-json\/wp\/v2\/product_cat?post=4910"},{"taxonomy":"product_tag","embeddable":true,"href":"https:\/\/www.editorialjuventud.es\/ca\/wp-json\/wp\/v2\/product_tag?post=4910"},{"taxonomy":"coleccion","embeddable":true,"href":"https:\/\/www.editorialjuventud.es\/ca\/wp-json\/wp\/v2\/coleccion?post=4910"}],"curies":[{"name":"wp","href":"https:\/\/api.w.org\/{rel}","templated":true}]}}