{"id":4909,"date":"2018-08-24T10:08:30","date_gmt":"2018-08-24T08:08:30","guid":{"rendered":"http:\/\/www.editorialjuventud.es\/aterrizaje-en-la-luna\/"},"modified":"2025-01-22T13:52:27","modified_gmt":"2025-01-22T12:52:27","slug":"aterrizaje-en-la-luna-9788426109644","status":"publish","type":"product","link":"https:\/\/www.editorialjuventud.es\/ca\/aterrizaje-en-la-luna-9788426109644\/","title":{"rendered":"Aterrizaje en la Luna"},"content":{"rendered":"<p>Esta segunda entrega de la aventura lunar de Tint\u00edn fue publicada por primera vez en 1954 (15 a\u00f1os antes del primer alunizaje tripulado del Apolo 11).  Como en la primera parte, Objetivo: la Luna, Herg\u00e9 se document\u00f3 exhaustivamente para la realizaci\u00f3n de este \u00e1lbum. De hecho, el realismo de estos dos libros hizo que la revista Par\u00eds-Match encargara a Herg\u00e9 ilustrar la explicaci\u00f3n de la misi\u00f3n del Apolo 12.<\/p>\n","protected":false},"excerpt":{"rendered":"Esta segunda entrega de la aventura lunar de Tint\u00edn fue publicada por primera vez en 1954 (15 a\u00f1os antes del primer alunizaje tripulado del Apolo 11). Como en la primera parte, Objetivo: la Luna, Herg\u00e9 se document\u00f3 exhaustivamente para la [&hellip;]","protected":false},"featured_media":20438,"template":"","meta":{"_acf_changed":false,"_exactmetrics_skip_tracking":false,"_exactmetrics_sitenote_active":false,"_exactmetrics_sitenote_note":"","_exactmetrics_sitenote_category":0},"product_brand":[],"product_cat":[902,1142,1150,1127],"product_tag":[],"coleccion":[1008,939],"class_list":{"0":"post-4909","1":"product","2":"type-product","3":"status-publish","4":"has-post-thumbnail","6":"product_cat-a-partir-de-7-anos","7":"product_cat-aventura","8":"product_cat-ciencia-ficcion","9":"product_cat-comic","10":"coleccion-las-aventuras-de-tintin","11":"coleccion-libros-de-tintin","13":"first","14":"instock","15":"taxable","16":"shipping-taxable","17":"purchasable","18":"product-type-simple"},"acf":{"autor":"HERGE-TINTIN CARTONE III","codart":"0964-0","ediciones":"31","encuadernacion":"Carton\u00e9","fecha_de_publicacion":"05\/10\/1989","novedad":"0","paginas":"64","subtitulo":"","texto_web_adicional":"","texto_web_novedad":"","orden":"999","portada":"0","texto_web_resaltado":"","indice":"","autores-libros":[16407],"ilustradores-libros":[16407],"traductores-libros":"","descripcion_corta":"","recomendamos":"","mas_vendido":"","idioma-libro":"","color":false,"formato":"","mas_informacion_del_producto":false,"premios":false,"texto_enlace_cubierta":"","enlace_cubierta":false,"texto_enlace_ficha_tecnica":"","enlace_ficha_tecnica":false,"ficheros":false,"titulo-fr":"","texto-fr":"","fecha_de_reimpresion":"01\/01\/2022","deshabilitar_compra":[]},"yoast_head":"<!-- This site is optimized with the Yoast SEO plugin v27.5 - https:\/\/yoast.com\/product\/yoast-seo-wordpress\/ -->\n<title>Aterrizaje en la Luna - Editorial Juventud<\/title>\n<meta name=\"description\" content=\"Esta segunda entrega de la aventura lunar de Tint\u00edn fue publicada por primera vez en 1954 (15 a\u00f1os antes del primer alunizaje tripulado del Apolo 11. Como en la primera parte, Objetivo: la Luna, Herg\u00e9 se document\u00f3 exhaustivamente para la realizaci\u00f3n de este \u00e1lbum.\" \/>\n<meta name=\"robots\" content=\"index, follow, max-snippet:-1, max-image-preview:large, max-video-preview:-1\" \/>\n<link rel=\"canonical\" href=\"https:\/\/www.editorialjuventud.es\/aterrizaje-en-la-luna-9788426109644\/\" \/>\n<meta property=\"og:locale\" content=\"ca_ES\" \/>\n<meta property=\"og:type\" content=\"article\" \/>\n<meta property=\"og:title\" content=\"Aterrizaje en la Luna - Editorial Juventud\" \/>\n<meta property=\"og:description\" content=\"Esta segunda entrega de la aventura lunar de Tint\u00edn fue publicada por primera vez en 1954 (15 a\u00f1os antes del primer alunizaje tripulado del Apolo 11. Como en la primera parte, Objetivo: la Luna, Herg\u00e9 se document\u00f3 exhaustivamente para la realizaci\u00f3n de este \u00e1lbum.\" \/>\n<meta property=\"og:url\" content=\"https:\/\/www.editorialjuventud.es\/aterrizaje-en-la-luna-9788426109644\/\" \/>\n<meta property=\"og:site_name\" content=\"Editorial Juventud\" \/>\n<meta property=\"article:modified_time\" content=\"2025-01-22T12:52:27+00:00\" \/>\n<meta property=\"og:image\" content=\"https:\/\/www.editorialjuventud.es\/wp-content\/uploads\/portada_CAST_aterrizaje.jpg\" \/>\n\t<meta property=\"og:image:width\" content=\"1160\" \/>\n\t<meta property=\"og:image:height\" content=\"1592\" \/>\n\t<meta property=\"og:image:type\" content=\"image\/jpeg\" \/>\n<meta name=\"twitter:card\" content=\"summary_large_image\" \/>\n<meta name=\"twitter:label1\" content=\"Temps estimat de lectura\" \/>\n\t<meta name=\"twitter:data1\" content=\"1 minut\" \/>\n<script type=\"application\/ld+json\" class=\"yoast-schema-graph\">{\"@context\":\"https:\\\/\\\/schema.org\",\"@graph\":[{\"@type\":\"WebPage\",\"@id\":\"https:\\\/\\\/www.editorialjuventud.es\\\/aterrizaje-en-la-luna-9788426109644\\\/\",\"url\":\"https:\\\/\\\/www.editorialjuventud.es\\\/aterrizaje-en-la-luna-9788426109644\\\/\",\"name\":\"Aterrizaje en la Luna - Editorial Juventud\",\"isPartOf\":{\"@id\":\"https:\\\/\\\/www.editorialjuventud.es\\\/#website\"},\"primaryImageOfPage\":{\"@id\":\"https:\\\/\\\/www.editorialjuventud.es\\\/aterrizaje-en-la-luna-9788426109644\\\/#primaryimage\"},\"image\":{\"@id\":\"https:\\\/\\\/www.editorialjuventud.es\\\/aterrizaje-en-la-luna-9788426109644\\\/#primaryimage\"},\"thumbnailUrl\":\"https:\\\/\\\/www.editorialjuventud.es\\\/wp-content\\\/uploads\\\/portada_CAST_aterrizaje.jpg\",\"datePublished\":\"2018-08-24T08:08:30+00:00\",\"dateModified\":\"2025-01-22T12:52:27+00:00\",\"description\":\"Esta segunda entrega de la aventura lunar de Tint\u00edn fue publicada por primera vez en 1954 (15 a\u00f1os antes del primer alunizaje tripulado del Apolo 11. Como en la primera parte, Objetivo: la Luna, Herg\u00e9 se document\u00f3 exhaustivamente para la realizaci\u00f3n de este \u00e1lbum.\",\"breadcrumb\":{\"@id\":\"https:\\\/\\\/www.editorialjuventud.es\\\/aterrizaje-en-la-luna-9788426109644\\\/#breadcrumb\"},\"inLanguage\":\"ca\",\"potentialAction\":[{\"@type\":\"ReadAction\",\"target\":[\"https:\\\/\\\/www.editorialjuventud.es\\\/aterrizaje-en-la-luna-9788426109644\\\/\"]}]},{\"@type\":\"ImageObject\",\"inLanguage\":\"ca\",\"@id\":\"https:\\\/\\\/www.editorialjuventud.es\\\/aterrizaje-en-la-luna-9788426109644\\\/#primaryimage\",\"url\":\"https:\\\/\\\/www.editorialjuventud.es\\\/wp-content\\\/uploads\\\/portada_CAST_aterrizaje.jpg\",\"contentUrl\":\"https:\\\/\\\/www.editorialjuventud.es\\\/wp-content\\\/uploads\\\/portada_CAST_aterrizaje.jpg\",\"width\":1160,\"height\":1592},{\"@type\":\"BreadcrumbList\",\"@id\":\"https:\\\/\\\/www.editorialjuventud.es\\\/aterrizaje-en-la-luna-9788426109644\\\/#breadcrumb\",\"itemListElement\":[{\"@type\":\"ListItem\",\"position\":1,\"name\":\"Portada\",\"item\":\"https:\\\/\\\/www.editorialjuventud.es\\\/\"},{\"@type\":\"ListItem\",\"position\":2,\"name\":\"cat\u00e1logo\",\"item\":\"https:\\\/\\\/www.editorialjuventud.es\\\/coleccion\\\/catalogo\\\/\"},{\"@type\":\"ListItem\",\"position\":3,\"name\":\"castellano\",\"item\":\"https:\\\/\\\/www.editorialjuventud.es\\\/coleccion\\\/castellano\\\/\"},{\"@type\":\"ListItem\",\"position\":4,\"name\":\"Libros de Tint\u00edn\",\"item\":\"https:\\\/\\\/www.editorialjuventud.es\\\/coleccion\\\/libros-de-tintin\\\/\"},{\"@type\":\"ListItem\",\"position\":5,\"name\":\"Las Aventuras de Tint\u00edn\",\"item\":\"https:\\\/\\\/www.editorialjuventud.es\\\/coleccion\\\/las-aventuras-de-tintin\\\/\"},{\"@type\":\"ListItem\",\"position\":6,\"name\":\"Aterrizaje en la Luna\"}]},{\"@type\":\"WebSite\",\"@id\":\"https:\\\/\\\/www.editorialjuventud.es\\\/#website\",\"url\":\"https:\\\/\\\/www.editorialjuventud.es\\\/\",\"name\":\"Editorial Juventud\",\"description\":\"\",\"potentialAction\":[{\"@type\":\"SearchAction\",\"target\":{\"@type\":\"EntryPoint\",\"urlTemplate\":\"https:\\\/\\\/www.editorialjuventud.es\\\/?s={search_term_string}\"},\"query-input\":{\"@type\":\"PropertyValueSpecification\",\"valueRequired\":true,\"valueName\":\"search_term_string\"}}],\"inLanguage\":\"ca\"}]}<\/script>\n<!-- \/ Yoast SEO plugin. -->","yoast_head_json":{"title":"Aterrizaje en la Luna - Editorial Juventud","description":"Esta segunda entrega de la aventura lunar de Tint\u00edn fue publicada por primera vez en 1954 (15 a\u00f1os antes del primer alunizaje tripulado del Apolo 11. Como en la primera parte, Objetivo: la Luna, Herg\u00e9 se document\u00f3 exhaustivamente para la realizaci\u00f3n de este \u00e1lbum.","robots":{"index":"index","follow":"follow","max-snippet":"max-snippet:-1","max-image-preview":"max-image-preview:large","max-video-preview":"max-video-preview:-1"},"canonical":"https:\/\/www.editorialjuventud.es\/aterrizaje-en-la-luna-9788426109644\/","og_locale":"ca_ES","og_type":"article","og_title":"Aterrizaje en la Luna - Editorial Juventud","og_description":"Esta segunda entrega de la aventura lunar de Tint\u00edn fue publicada por primera vez en 1954 (15 a\u00f1os antes del primer alunizaje tripulado del Apolo 11. Como en la primera parte, Objetivo: la Luna, Herg\u00e9 se document\u00f3 exhaustivamente para la realizaci\u00f3n de este \u00e1lbum.","og_url":"https:\/\/www.editorialjuventud.es\/aterrizaje-en-la-luna-9788426109644\/","og_site_name":"Editorial Juventud","article_modified_time":"2025-01-22T12:52:27+00:00","og_image":[{"width":1160,"height":1592,"url":"https:\/\/www.editorialjuventud.es\/wp-content\/uploads\/portada_CAST_aterrizaje.jpg","type":"image\/jpeg"}],"twitter_card":"summary_large_image","twitter_misc":{"Temps estimat de lectura":"1 minut"},"schema":{"@context":"https:\/\/schema.org","@graph":[{"@type":"WebPage","@id":"https:\/\/www.editorialjuventud.es\/aterrizaje-en-la-luna-9788426109644\/","url":"https:\/\/www.editorialjuventud.es\/aterrizaje-en-la-luna-9788426109644\/","name":"Aterrizaje en la Luna - Editorial Juventud","isPartOf":{"@id":"https:\/\/www.editorialjuventud.es\/#website"},"primaryImageOfPage":{"@id":"https:\/\/www.editorialjuventud.es\/aterrizaje-en-la-luna-9788426109644\/#primaryimage"},"image":{"@id":"https:\/\/www.editorialjuventud.es\/aterrizaje-en-la-luna-9788426109644\/#primaryimage"},"thumbnailUrl":"https:\/\/www.editorialjuventud.es\/wp-content\/uploads\/portada_CAST_aterrizaje.jpg","datePublished":"2018-08-24T08:08:30+00:00","dateModified":"2025-01-22T12:52:27+00:00","description":"Esta segunda entrega de la aventura lunar de Tint\u00edn fue publicada por primera vez en 1954 (15 a\u00f1os antes del primer alunizaje tripulado del Apolo 11. Como en la primera parte, Objetivo: la Luna, Herg\u00e9 se document\u00f3 exhaustivamente para la realizaci\u00f3n de este \u00e1lbum.","breadcrumb":{"@id":"https:\/\/www.editorialjuventud.es\/aterrizaje-en-la-luna-9788426109644\/#breadcrumb"},"inLanguage":"ca","potentialAction":[{"@type":"ReadAction","target":["https:\/\/www.editorialjuventud.es\/aterrizaje-en-la-luna-9788426109644\/"]}]},{"@type":"ImageObject","inLanguage":"ca","@id":"https:\/\/www.editorialjuventud.es\/aterrizaje-en-la-luna-9788426109644\/#primaryimage","url":"https:\/\/www.editorialjuventud.es\/wp-content\/uploads\/portada_CAST_aterrizaje.jpg","contentUrl":"https:\/\/www.editorialjuventud.es\/wp-content\/uploads\/portada_CAST_aterrizaje.jpg","width":1160,"height":1592},{"@type":"BreadcrumbList","@id":"https:\/\/www.editorialjuventud.es\/aterrizaje-en-la-luna-9788426109644\/#breadcrumb","itemListElement":[{"@type":"ListItem","position":1,"name":"Portada","item":"https:\/\/www.editorialjuventud.es\/"},{"@type":"ListItem","position":2,"name":"cat\u00e1logo","item":"https:\/\/www.editorialjuventud.es\/coleccion\/catalogo\/"},{"@type":"ListItem","position":3,"name":"castellano","item":"https:\/\/www.editorialjuventud.es\/coleccion\/castellano\/"},{"@type":"ListItem","position":4,"name":"Libros de Tint\u00edn","item":"https:\/\/www.editorialjuventud.es\/coleccion\/libros-de-tintin\/"},{"@type":"ListItem","position":5,"name":"Las Aventuras de Tint\u00edn","item":"https:\/\/www.editorialjuventud.es\/coleccion\/las-aventuras-de-tintin\/"},{"@type":"ListItem","position":6,"name":"Aterrizaje en la Luna"}]},{"@type":"WebSite","@id":"https:\/\/www.editorialjuventud.es\/#website","url":"https:\/\/www.editorialjuventud.es\/","name":"Editorial Juventud","description":"","potentialAction":[{"@type":"SearchAction","target":{"@type":"EntryPoint","urlTemplate":"https:\/\/www.editorialjuventud.es\/?s={search_term_string}"},"query-input":{"@type":"PropertyValueSpecification","valueRequired":true,"valueName":"search_term_string"}}],"inLanguage":"ca"}]}},"_links":{"self":[{"href":"https:\/\/www.editorialjuventud.es\/ca\/wp-json\/wp\/v2\/product\/4909","targetHints":{"allow":["GET"]}}],"collection":[{"href":"https:\/\/www.editorialjuventud.es\/ca\/wp-json\/wp\/v2\/product"}],"about":[{"href":"https:\/\/www.editorialjuventud.es\/ca\/wp-json\/wp\/v2\/types\/product"}],"wp:featuredmedia":[{"embeddable":true,"href":"https:\/\/www.editorialjuventud.es\/ca\/wp-json\/wp\/v2\/media\/20438"}],"wp:attachment":[{"href":"https:\/\/www.editorialjuventud.es\/ca\/wp-json\/wp\/v2\/media?parent=4909"}],"wp:term":[{"taxonomy":"product_brand","embeddable":true,"href":"https:\/\/www.editorialjuventud.es\/ca\/wp-json\/wp\/v2\/product_brand?post=4909"},{"taxonomy":"product_cat","embeddable":true,"href":"https:\/\/www.editorialjuventud.es\/ca\/wp-json\/wp\/v2\/product_cat?post=4909"},{"taxonomy":"product_tag","embeddable":true,"href":"https:\/\/www.editorialjuventud.es\/ca\/wp-json\/wp\/v2\/product_tag?post=4909"},{"taxonomy":"coleccion","embeddable":true,"href":"https:\/\/www.editorialjuventud.es\/ca\/wp-json\/wp\/v2\/coleccion?post=4909"}],"curies":[{"name":"wp","href":"https:\/\/api.w.org\/{rel}","templated":true}]}}