{"id":4899,"date":"2018-08-24T10:07:08","date_gmt":"2018-08-24T08:07:08","guid":{"rendered":"http:\/\/www.editorialjuventud.es\/el-loto-azul\/"},"modified":"2025-01-22T13:52:43","modified_gmt":"2025-01-22T12:52:43","slug":"el-loto-azul-9788426109262","status":"publish","type":"product","link":"https:\/\/www.editorialjuventud.es\/ca\/el-loto-azul-9788426109262\/","title":{"rendered":"El Loto Azul"},"content":{"rendered":"<p>Tint\u00edn viajar\u00e1 esta vez a la milenaria China. En Shangai descubre el origen de un poderoso veneno que hace enloquecer. Se enfrenta con una terrible banda de traficantes de opio y con unos agentes japoneses que hasta el final del libro mantienen el suspense del lector. Al finalizar Los cigarros del fara\u00f3n, Herg\u00e9 hab\u00eda anunciado en &#8216;Le Petit Vingti\u00e8me&#8217;  que Tint\u00edn iba a proseguir su viaje hacia Extremo Oriente. Entonces recibi\u00f3 una carta del Padre Gosset, capell\u00e1n de los estudiantes chinos en la Universidad de Lovaina, que le aconsej\u00f3 documentarse bien sobre China y su cultura y le present\u00f3 a Tchang Tchong-Jen, joven chino estudiante de arte en la Academia de Bellas Artes de Lovaina. Enseguida simpatizaron y se hicieron grandes amigos. (Podemos reconocerlo en el personaje Tchang, el chico chino amigo de Tint\u00edn). A trav\u00e9s de largas conversaciones con Tchang, Herg\u00e9 pudo adentrarse en el conocimiento de la cultura de China, alej\u00e1ndose de los t\u00f3picos sobre los chinos que ten\u00edan los europeos, absolutamente alejados de la realidad. La amistad con Tchang  durar\u00eda toda la vida, tanto en la ficci\u00f3n como en la realidad. Este es el primer \u00e1lbum que Herg\u00e9 asumir\u00eda plenamente, y a partir de aqu\u00ed se document\u00f3 siempre en profundidad sobre los pa\u00edses a donde ten\u00eda que viajar Tint\u00edn.<\/p>\n","protected":false},"excerpt":{"rendered":"Tint\u00edn viajar\u00e1 esta vez a la milenaria China. En Shangai descubre el origen de un poderoso veneno que hace enloquecer. Se enfrenta con una terrible banda de traficantes de opio y con unos agentes japoneses que hasta el final del [&hellip;]","protected":false},"featured_media":15259,"template":"","meta":{"_acf_changed":false,"_exactmetrics_skip_tracking":false,"_exactmetrics_sitenote_active":false,"_exactmetrics_sitenote_note":"","_exactmetrics_sitenote_category":0},"product_brand":[],"product_cat":[902,1142,1127,892],"product_tag":[],"coleccion":[1008],"class_list":{"0":"post-4899","1":"product","2":"type-product","3":"status-publish","4":"has-post-thumbnail","6":"product_cat-a-partir-de-7-anos","7":"product_cat-aventura","8":"product_cat-comic","9":"product_cat-edades","10":"coleccion-las-aventuras-de-tintin","12":"first","13":"instock","14":"taxable","15":"shipping-taxable","16":"purchasable","17":"product-type-simple"},"acf":{"autor":"HERGE-TINTIN CARTON\u00c9","codart":"0926-8","ediciones":"32","encuadernacion":"Carton\u00e9","fecha_de_publicacion":"05\/10\/1989","novedad":"0","paginas":"64","subtitulo":"","texto_web_adicional":"","texto_web_novedad":"","orden":"999","portada":"0","texto_web_resaltado":"","indice":"","autores-libros":[16407],"ilustradores-libros":[16407],"traductores-libros":[18388],"descripcion_corta":"","recomendamos":"","mas_vendido":"","idioma-libro":"","color":false,"formato":"","mas_informacion_del_producto":false,"premios":false,"texto_enlace_cubierta":"","enlace_cubierta":false,"texto_enlace_ficha_tecnica":"","enlace_ficha_tecnica":false,"ficheros":false,"titulo-fr":"","texto-fr":"","fecha_de_reimpresion":"01\/02\/2022","deshabilitar_compra":[]},"yoast_head":"<!-- This site is optimized with the Yoast SEO plugin v27.5 - https:\/\/yoast.com\/product\/yoast-seo-wordpress\/ -->\n<title>El Loto Azul - Editorial Juventud<\/title>\n<meta name=\"description\" content=\"Tint\u00edn viajar\u00e1 esta vez a la milenaria China. En Shangai descubre el origen de un poderoso veneno que hace enloquecer. Se enfrenta con una terrible banda\" \/>\n<meta name=\"robots\" content=\"index, follow, max-snippet:-1, max-image-preview:large, max-video-preview:-1\" \/>\n<link rel=\"canonical\" href=\"https:\/\/www.editorialjuventud.es\/el-loto-azul-9788426109262\/\" \/>\n<meta property=\"og:locale\" content=\"ca_ES\" \/>\n<meta property=\"og:type\" content=\"article\" \/>\n<meta property=\"og:title\" content=\"El Loto Azul - Editorial Juventud\" \/>\n<meta property=\"og:description\" content=\"Tint\u00edn viajar\u00e1 esta vez a la milenaria China. En Shangai descubre el origen de un poderoso veneno que hace enloquecer. Se enfrenta con una terrible banda\" \/>\n<meta property=\"og:url\" content=\"https:\/\/www.editorialjuventud.es\/el-loto-azul-9788426109262\/\" \/>\n<meta property=\"og:site_name\" content=\"Editorial Juventud\" \/>\n<meta property=\"article:modified_time\" content=\"2025-01-22T12:52:43+00:00\" \/>\n<meta property=\"og:image\" content=\"https:\/\/www.editorialjuventud.es\/wp-content\/uploads\/9788426109262.jpg\" \/>\n\t<meta property=\"og:image:width\" content=\"317\" \/>\n\t<meta property=\"og:image:height\" content=\"450\" \/>\n\t<meta property=\"og:image:type\" content=\"image\/jpeg\" \/>\n<meta name=\"twitter:card\" content=\"summary_large_image\" \/>\n<meta name=\"twitter:label1\" content=\"Temps estimat de lectura\" \/>\n\t<meta name=\"twitter:data1\" content=\"1 minut\" \/>\n<script type=\"application\/ld+json\" class=\"yoast-schema-graph\">{\"@context\":\"https:\\\/\\\/schema.org\",\"@graph\":[{\"@type\":\"WebPage\",\"@id\":\"https:\\\/\\\/www.editorialjuventud.es\\\/el-loto-azul-9788426109262\\\/\",\"url\":\"https:\\\/\\\/www.editorialjuventud.es\\\/el-loto-azul-9788426109262\\\/\",\"name\":\"El Loto Azul - Editorial Juventud\",\"isPartOf\":{\"@id\":\"https:\\\/\\\/www.editorialjuventud.es\\\/#website\"},\"primaryImageOfPage\":{\"@id\":\"https:\\\/\\\/www.editorialjuventud.es\\\/el-loto-azul-9788426109262\\\/#primaryimage\"},\"image\":{\"@id\":\"https:\\\/\\\/www.editorialjuventud.es\\\/el-loto-azul-9788426109262\\\/#primaryimage\"},\"thumbnailUrl\":\"https:\\\/\\\/www.editorialjuventud.es\\\/wp-content\\\/uploads\\\/9788426109262.jpg\",\"datePublished\":\"2018-08-24T08:07:08+00:00\",\"dateModified\":\"2025-01-22T12:52:43+00:00\",\"description\":\"Tint\u00edn viajar\u00e1 esta vez a la milenaria China. En Shangai descubre el origen de un poderoso veneno que hace enloquecer. Se enfrenta con una terrible banda\",\"breadcrumb\":{\"@id\":\"https:\\\/\\\/www.editorialjuventud.es\\\/el-loto-azul-9788426109262\\\/#breadcrumb\"},\"inLanguage\":\"ca\",\"potentialAction\":[{\"@type\":\"ReadAction\",\"target\":[\"https:\\\/\\\/www.editorialjuventud.es\\\/el-loto-azul-9788426109262\\\/\"]}]},{\"@type\":\"ImageObject\",\"inLanguage\":\"ca\",\"@id\":\"https:\\\/\\\/www.editorialjuventud.es\\\/el-loto-azul-9788426109262\\\/#primaryimage\",\"url\":\"https:\\\/\\\/www.editorialjuventud.es\\\/wp-content\\\/uploads\\\/9788426109262.jpg\",\"contentUrl\":\"https:\\\/\\\/www.editorialjuventud.es\\\/wp-content\\\/uploads\\\/9788426109262.jpg\",\"width\":317,\"height\":450,\"caption\":\"9788426109262.jpg\"},{\"@type\":\"BreadcrumbList\",\"@id\":\"https:\\\/\\\/www.editorialjuventud.es\\\/el-loto-azul-9788426109262\\\/#breadcrumb\",\"itemListElement\":[{\"@type\":\"ListItem\",\"position\":1,\"name\":\"Portada\",\"item\":\"https:\\\/\\\/www.editorialjuventud.es\\\/\"},{\"@type\":\"ListItem\",\"position\":2,\"name\":\"cat\u00e1logo\",\"item\":\"https:\\\/\\\/www.editorialjuventud.es\\\/coleccion\\\/catalogo\\\/\"},{\"@type\":\"ListItem\",\"position\":3,\"name\":\"castellano\",\"item\":\"https:\\\/\\\/www.editorialjuventud.es\\\/coleccion\\\/castellano\\\/\"},{\"@type\":\"ListItem\",\"position\":4,\"name\":\"Libros de Tint\u00edn\",\"item\":\"https:\\\/\\\/www.editorialjuventud.es\\\/coleccion\\\/libros-de-tintin\\\/\"},{\"@type\":\"ListItem\",\"position\":5,\"name\":\"Las Aventuras de Tint\u00edn\",\"item\":\"https:\\\/\\\/www.editorialjuventud.es\\\/coleccion\\\/las-aventuras-de-tintin\\\/\"},{\"@type\":\"ListItem\",\"position\":6,\"name\":\"El Loto Azul\"}]},{\"@type\":\"WebSite\",\"@id\":\"https:\\\/\\\/www.editorialjuventud.es\\\/#website\",\"url\":\"https:\\\/\\\/www.editorialjuventud.es\\\/\",\"name\":\"Editorial Juventud\",\"description\":\"\",\"potentialAction\":[{\"@type\":\"SearchAction\",\"target\":{\"@type\":\"EntryPoint\",\"urlTemplate\":\"https:\\\/\\\/www.editorialjuventud.es\\\/?s={search_term_string}\"},\"query-input\":{\"@type\":\"PropertyValueSpecification\",\"valueRequired\":true,\"valueName\":\"search_term_string\"}}],\"inLanguage\":\"ca\"}]}<\/script>\n<!-- \/ Yoast SEO plugin. -->","yoast_head_json":{"title":"El Loto Azul - Editorial Juventud","description":"Tint\u00edn viajar\u00e1 esta vez a la milenaria China. En Shangai descubre el origen de un poderoso veneno que hace enloquecer. Se enfrenta con una terrible banda","robots":{"index":"index","follow":"follow","max-snippet":"max-snippet:-1","max-image-preview":"max-image-preview:large","max-video-preview":"max-video-preview:-1"},"canonical":"https:\/\/www.editorialjuventud.es\/el-loto-azul-9788426109262\/","og_locale":"ca_ES","og_type":"article","og_title":"El Loto Azul - Editorial Juventud","og_description":"Tint\u00edn viajar\u00e1 esta vez a la milenaria China. En Shangai descubre el origen de un poderoso veneno que hace enloquecer. Se enfrenta con una terrible banda","og_url":"https:\/\/www.editorialjuventud.es\/el-loto-azul-9788426109262\/","og_site_name":"Editorial Juventud","article_modified_time":"2025-01-22T12:52:43+00:00","og_image":[{"width":317,"height":450,"url":"https:\/\/www.editorialjuventud.es\/wp-content\/uploads\/9788426109262.jpg","type":"image\/jpeg"}],"twitter_card":"summary_large_image","twitter_misc":{"Temps estimat de lectura":"1 minut"},"schema":{"@context":"https:\/\/schema.org","@graph":[{"@type":"WebPage","@id":"https:\/\/www.editorialjuventud.es\/el-loto-azul-9788426109262\/","url":"https:\/\/www.editorialjuventud.es\/el-loto-azul-9788426109262\/","name":"El Loto Azul - Editorial Juventud","isPartOf":{"@id":"https:\/\/www.editorialjuventud.es\/#website"},"primaryImageOfPage":{"@id":"https:\/\/www.editorialjuventud.es\/el-loto-azul-9788426109262\/#primaryimage"},"image":{"@id":"https:\/\/www.editorialjuventud.es\/el-loto-azul-9788426109262\/#primaryimage"},"thumbnailUrl":"https:\/\/www.editorialjuventud.es\/wp-content\/uploads\/9788426109262.jpg","datePublished":"2018-08-24T08:07:08+00:00","dateModified":"2025-01-22T12:52:43+00:00","description":"Tint\u00edn viajar\u00e1 esta vez a la milenaria China. En Shangai descubre el origen de un poderoso veneno que hace enloquecer. Se enfrenta con una terrible banda","breadcrumb":{"@id":"https:\/\/www.editorialjuventud.es\/el-loto-azul-9788426109262\/#breadcrumb"},"inLanguage":"ca","potentialAction":[{"@type":"ReadAction","target":["https:\/\/www.editorialjuventud.es\/el-loto-azul-9788426109262\/"]}]},{"@type":"ImageObject","inLanguage":"ca","@id":"https:\/\/www.editorialjuventud.es\/el-loto-azul-9788426109262\/#primaryimage","url":"https:\/\/www.editorialjuventud.es\/wp-content\/uploads\/9788426109262.jpg","contentUrl":"https:\/\/www.editorialjuventud.es\/wp-content\/uploads\/9788426109262.jpg","width":317,"height":450,"caption":"9788426109262.jpg"},{"@type":"BreadcrumbList","@id":"https:\/\/www.editorialjuventud.es\/el-loto-azul-9788426109262\/#breadcrumb","itemListElement":[{"@type":"ListItem","position":1,"name":"Portada","item":"https:\/\/www.editorialjuventud.es\/"},{"@type":"ListItem","position":2,"name":"cat\u00e1logo","item":"https:\/\/www.editorialjuventud.es\/coleccion\/catalogo\/"},{"@type":"ListItem","position":3,"name":"castellano","item":"https:\/\/www.editorialjuventud.es\/coleccion\/castellano\/"},{"@type":"ListItem","position":4,"name":"Libros de Tint\u00edn","item":"https:\/\/www.editorialjuventud.es\/coleccion\/libros-de-tintin\/"},{"@type":"ListItem","position":5,"name":"Las Aventuras de Tint\u00edn","item":"https:\/\/www.editorialjuventud.es\/coleccion\/las-aventuras-de-tintin\/"},{"@type":"ListItem","position":6,"name":"El Loto Azul"}]},{"@type":"WebSite","@id":"https:\/\/www.editorialjuventud.es\/#website","url":"https:\/\/www.editorialjuventud.es\/","name":"Editorial Juventud","description":"","potentialAction":[{"@type":"SearchAction","target":{"@type":"EntryPoint","urlTemplate":"https:\/\/www.editorialjuventud.es\/?s={search_term_string}"},"query-input":{"@type":"PropertyValueSpecification","valueRequired":true,"valueName":"search_term_string"}}],"inLanguage":"ca"}]}},"_links":{"self":[{"href":"https:\/\/www.editorialjuventud.es\/ca\/wp-json\/wp\/v2\/product\/4899","targetHints":{"allow":["GET"]}}],"collection":[{"href":"https:\/\/www.editorialjuventud.es\/ca\/wp-json\/wp\/v2\/product"}],"about":[{"href":"https:\/\/www.editorialjuventud.es\/ca\/wp-json\/wp\/v2\/types\/product"}],"wp:featuredmedia":[{"embeddable":true,"href":"https:\/\/www.editorialjuventud.es\/ca\/wp-json\/wp\/v2\/media\/15259"}],"wp:attachment":[{"href":"https:\/\/www.editorialjuventud.es\/ca\/wp-json\/wp\/v2\/media?parent=4899"}],"wp:term":[{"taxonomy":"product_brand","embeddable":true,"href":"https:\/\/www.editorialjuventud.es\/ca\/wp-json\/wp\/v2\/product_brand?post=4899"},{"taxonomy":"product_cat","embeddable":true,"href":"https:\/\/www.editorialjuventud.es\/ca\/wp-json\/wp\/v2\/product_cat?post=4899"},{"taxonomy":"product_tag","embeddable":true,"href":"https:\/\/www.editorialjuventud.es\/ca\/wp-json\/wp\/v2\/product_tag?post=4899"},{"taxonomy":"coleccion","embeddable":true,"href":"https:\/\/www.editorialjuventud.es\/ca\/wp-json\/wp\/v2\/coleccion?post=4899"}],"curies":[{"name":"wp","href":"https:\/\/api.w.org\/{rel}","templated":true}]}}