{"id":4897,"date":"2018-08-24T10:07:01","date_gmt":"2018-08-24T08:07:01","guid":{"rendered":"http:\/\/www.editorialjuventud.es\/el-alcalde-de-zalamea\/"},"modified":"2019-10-09T19:40:21","modified_gmt":"2019-10-09T17:40:21","slug":"el-alcalde-de-zalamea-9788426109224","status":"publish","type":"product","link":"https:\/\/www.editorialjuventud.es\/ca\/el-alcalde-de-zalamea-9788426109224\/","title":{"rendered":"El alcalde de Zalamea"},"content":{"rendered":"<p>El alcalde de Zalamea de Calder\u00f3n de la Barca es uno de los grandes cl\u00e1sicos de la literatura espa\u00f1ola y universal. El tema de honda raigambre hist\u00f3rico-popular, tiene una vigencia eterna. La novedad de esta edici\u00f3n consiste en incorporar la versi\u00f3n que, con el mismo t\u00edtulo, escribiera Lope de Vega, para que el lector pueda juzgar las concepciones esc\u00e9nicas y los elementos populares e intelectuales que cabe distinguir en ambos autores.  El pr\u00f3logo y las notas del profesor Alcina Franch, catedr\u00e1tico de literatura, son la imprescindible puerta que hay que franquear para iniciarse en la lectura de dos cl\u00e1sicos de la Espa\u00f1a del Siglo de Oro.<\/p>\n","protected":false},"excerpt":{"rendered":"El alcalde de Zalamea de Calder\u00f3n de la Barca es uno de los grandes cl\u00e1sicos de la literatura espa\u00f1ola y universal. El tema de honda raigambre hist\u00f3rico-popular, tiene una vigencia eterna. La novedad de esta edici\u00f3n consiste en incorporar la [&hellip;]","protected":false},"featured_media":6634,"template":"","meta":{"_acf_changed":false,"_exactmetrics_skip_tracking":false,"_exactmetrics_sitenote_active":false,"_exactmetrics_sitenote_note":"","_exactmetrics_sitenote_category":0},"product_brand":[],"product_cat":[905,892,1115,1118],"product_tag":[],"coleccion":[916,1083,1007,938],"class_list":{"0":"post-4897","1":"product","2":"type-product","3":"status-publish","4":"has-post-thumbnail","6":"product_cat-adulto","7":"product_cat-edades","8":"product_cat-generos","9":"product_cat-literatura-clasica","10":"coleccion-castellano","11":"coleccion-clasicos","12":"coleccion-coleccion-z","13":"coleccion-libros-de-bolsillo","15":"first","16":"instock","17":"taxable","18":"shipping-taxable","19":"purchasable","20":"product-type-simple"},"acf":{"autores-libros":[16472,16257],"ilustradores-libros":[17372]},"yoast_head":"<!-- This site is optimized with the Yoast SEO plugin v27.5 - https:\/\/yoast.com\/product\/yoast-seo-wordpress\/ -->\n<title>El alcalde de Zalamea - Editorial Juventud<\/title>\n<meta name=\"description\" content=\"El alcalde de Zalamea de Calder\u00f3n de la Barca es uno de los grandes cl\u00e1sicos de la literatura espa\u00f1ola y universal. El tema de honda raigambre\" \/>\n<meta name=\"robots\" content=\"index, follow, max-snippet:-1, max-image-preview:large, max-video-preview:-1\" \/>\n<link rel=\"canonical\" href=\"https:\/\/www.editorialjuventud.es\/el-alcalde-de-zalamea-9788426109224\/\" \/>\n<meta property=\"og:locale\" content=\"ca_ES\" \/>\n<meta property=\"og:type\" content=\"article\" \/>\n<meta property=\"og:title\" content=\"El alcalde de Zalamea - Editorial Juventud\" \/>\n<meta property=\"og:description\" content=\"El alcalde de Zalamea de Calder\u00f3n de la Barca es uno de los grandes cl\u00e1sicos de la literatura espa\u00f1ola y universal. El tema de honda raigambre\" \/>\n<meta property=\"og:url\" content=\"https:\/\/www.editorialjuventud.es\/el-alcalde-de-zalamea-9788426109224\/\" \/>\n<meta property=\"og:site_name\" content=\"Editorial Juventud\" \/>\n<meta property=\"article:modified_time\" content=\"2019-10-09T17:40:21+00:00\" \/>\n<meta property=\"og:image\" content=\"https:\/\/www.editorialjuventud.es\/wp-content\/uploads\/0922.jpg\" \/>\n\t<meta property=\"og:image:width\" content=\"286\" \/>\n\t<meta property=\"og:image:height\" content=\"450\" \/>\n\t<meta property=\"og:image:type\" content=\"image\/jpeg\" \/>\n<meta name=\"twitter:card\" content=\"summary_large_image\" \/>\n<meta name=\"twitter:label1\" content=\"Temps estimat de lectura\" \/>\n\t<meta name=\"twitter:data1\" content=\"1 minut\" \/>\n<script type=\"application\/ld+json\" class=\"yoast-schema-graph\">{\"@context\":\"https:\\\/\\\/schema.org\",\"@graph\":[{\"@type\":\"WebPage\",\"@id\":\"https:\\\/\\\/www.editorialjuventud.es\\\/el-alcalde-de-zalamea-9788426109224\\\/\",\"url\":\"https:\\\/\\\/www.editorialjuventud.es\\\/el-alcalde-de-zalamea-9788426109224\\\/\",\"name\":\"El alcalde de Zalamea - Editorial Juventud\",\"isPartOf\":{\"@id\":\"https:\\\/\\\/www.editorialjuventud.es\\\/#website\"},\"primaryImageOfPage\":{\"@id\":\"https:\\\/\\\/www.editorialjuventud.es\\\/el-alcalde-de-zalamea-9788426109224\\\/#primaryimage\"},\"image\":{\"@id\":\"https:\\\/\\\/www.editorialjuventud.es\\\/el-alcalde-de-zalamea-9788426109224\\\/#primaryimage\"},\"thumbnailUrl\":\"https:\\\/\\\/www.editorialjuventud.es\\\/wp-content\\\/uploads\\\/0922.jpg\",\"datePublished\":\"2018-08-24T08:07:01+00:00\",\"dateModified\":\"2019-10-09T17:40:21+00:00\",\"description\":\"El alcalde de Zalamea de Calder\u00f3n de la Barca es uno de los grandes cl\u00e1sicos de la literatura espa\u00f1ola y universal. El tema de honda raigambre\",\"breadcrumb\":{\"@id\":\"https:\\\/\\\/www.editorialjuventud.es\\\/el-alcalde-de-zalamea-9788426109224\\\/#breadcrumb\"},\"inLanguage\":\"ca\",\"potentialAction\":[{\"@type\":\"ReadAction\",\"target\":[\"https:\\\/\\\/www.editorialjuventud.es\\\/el-alcalde-de-zalamea-9788426109224\\\/\"]}]},{\"@type\":\"ImageObject\",\"inLanguage\":\"ca\",\"@id\":\"https:\\\/\\\/www.editorialjuventud.es\\\/el-alcalde-de-zalamea-9788426109224\\\/#primaryimage\",\"url\":\"https:\\\/\\\/www.editorialjuventud.es\\\/wp-content\\\/uploads\\\/0922.jpg\",\"contentUrl\":\"https:\\\/\\\/www.editorialjuventud.es\\\/wp-content\\\/uploads\\\/0922.jpg\",\"width\":286,\"height\":450,\"caption\":\"0922.jpg\"},{\"@type\":\"BreadcrumbList\",\"@id\":\"https:\\\/\\\/www.editorialjuventud.es\\\/el-alcalde-de-zalamea-9788426109224\\\/#breadcrumb\",\"itemListElement\":[{\"@type\":\"ListItem\",\"position\":1,\"name\":\"Portada\",\"item\":\"https:\\\/\\\/www.editorialjuventud.es\\\/\"},{\"@type\":\"ListItem\",\"position\":2,\"name\":\"cat\u00e1logo\",\"item\":\"https:\\\/\\\/www.editorialjuventud.es\\\/coleccion\\\/catalogo\\\/\"},{\"@type\":\"ListItem\",\"position\":3,\"name\":\"castellano\",\"item\":\"https:\\\/\\\/www.editorialjuventud.es\\\/coleccion\\\/castellano\\\/\"},{\"@type\":\"ListItem\",\"position\":4,\"name\":\"Libros de Bolsillo\",\"item\":\"https:\\\/\\\/www.editorialjuventud.es\\\/coleccion\\\/libros-de-bolsillo\\\/\"},{\"@type\":\"ListItem\",\"position\":5,\"name\":\"Colecci\u00f3n Z\",\"item\":\"https:\\\/\\\/www.editorialjuventud.es\\\/coleccion\\\/coleccion-z\\\/\"},{\"@type\":\"ListItem\",\"position\":6,\"name\":\"Cl\u00e1sicos\",\"item\":\"https:\\\/\\\/www.editorialjuventud.es\\\/ca\\\/coleccion\\\/clasicos\\\/\"},{\"@type\":\"ListItem\",\"position\":7,\"name\":\"El alcalde de Zalamea\"}]},{\"@type\":\"WebSite\",\"@id\":\"https:\\\/\\\/www.editorialjuventud.es\\\/#website\",\"url\":\"https:\\\/\\\/www.editorialjuventud.es\\\/\",\"name\":\"Editorial Juventud\",\"description\":\"\",\"potentialAction\":[{\"@type\":\"SearchAction\",\"target\":{\"@type\":\"EntryPoint\",\"urlTemplate\":\"https:\\\/\\\/www.editorialjuventud.es\\\/?s={search_term_string}\"},\"query-input\":{\"@type\":\"PropertyValueSpecification\",\"valueRequired\":true,\"valueName\":\"search_term_string\"}}],\"inLanguage\":\"ca\"}]}<\/script>\n<!-- \/ Yoast SEO plugin. -->","yoast_head_json":{"title":"El alcalde de Zalamea - Editorial Juventud","description":"El alcalde de Zalamea de Calder\u00f3n de la Barca es uno de los grandes cl\u00e1sicos de la literatura espa\u00f1ola y universal. El tema de honda raigambre","robots":{"index":"index","follow":"follow","max-snippet":"max-snippet:-1","max-image-preview":"max-image-preview:large","max-video-preview":"max-video-preview:-1"},"canonical":"https:\/\/www.editorialjuventud.es\/el-alcalde-de-zalamea-9788426109224\/","og_locale":"ca_ES","og_type":"article","og_title":"El alcalde de Zalamea - Editorial Juventud","og_description":"El alcalde de Zalamea de Calder\u00f3n de la Barca es uno de los grandes cl\u00e1sicos de la literatura espa\u00f1ola y universal. El tema de honda raigambre","og_url":"https:\/\/www.editorialjuventud.es\/el-alcalde-de-zalamea-9788426109224\/","og_site_name":"Editorial Juventud","article_modified_time":"2019-10-09T17:40:21+00:00","og_image":[{"width":286,"height":450,"url":"https:\/\/www.editorialjuventud.es\/wp-content\/uploads\/0922.jpg","type":"image\/jpeg"}],"twitter_card":"summary_large_image","twitter_misc":{"Temps estimat de lectura":"1 minut"},"schema":{"@context":"https:\/\/schema.org","@graph":[{"@type":"WebPage","@id":"https:\/\/www.editorialjuventud.es\/el-alcalde-de-zalamea-9788426109224\/","url":"https:\/\/www.editorialjuventud.es\/el-alcalde-de-zalamea-9788426109224\/","name":"El alcalde de Zalamea - Editorial Juventud","isPartOf":{"@id":"https:\/\/www.editorialjuventud.es\/#website"},"primaryImageOfPage":{"@id":"https:\/\/www.editorialjuventud.es\/el-alcalde-de-zalamea-9788426109224\/#primaryimage"},"image":{"@id":"https:\/\/www.editorialjuventud.es\/el-alcalde-de-zalamea-9788426109224\/#primaryimage"},"thumbnailUrl":"https:\/\/www.editorialjuventud.es\/wp-content\/uploads\/0922.jpg","datePublished":"2018-08-24T08:07:01+00:00","dateModified":"2019-10-09T17:40:21+00:00","description":"El alcalde de Zalamea de Calder\u00f3n de la Barca es uno de los grandes cl\u00e1sicos de la literatura espa\u00f1ola y universal. El tema de honda raigambre","breadcrumb":{"@id":"https:\/\/www.editorialjuventud.es\/el-alcalde-de-zalamea-9788426109224\/#breadcrumb"},"inLanguage":"ca","potentialAction":[{"@type":"ReadAction","target":["https:\/\/www.editorialjuventud.es\/el-alcalde-de-zalamea-9788426109224\/"]}]},{"@type":"ImageObject","inLanguage":"ca","@id":"https:\/\/www.editorialjuventud.es\/el-alcalde-de-zalamea-9788426109224\/#primaryimage","url":"https:\/\/www.editorialjuventud.es\/wp-content\/uploads\/0922.jpg","contentUrl":"https:\/\/www.editorialjuventud.es\/wp-content\/uploads\/0922.jpg","width":286,"height":450,"caption":"0922.jpg"},{"@type":"BreadcrumbList","@id":"https:\/\/www.editorialjuventud.es\/el-alcalde-de-zalamea-9788426109224\/#breadcrumb","itemListElement":[{"@type":"ListItem","position":1,"name":"Portada","item":"https:\/\/www.editorialjuventud.es\/"},{"@type":"ListItem","position":2,"name":"cat\u00e1logo","item":"https:\/\/www.editorialjuventud.es\/coleccion\/catalogo\/"},{"@type":"ListItem","position":3,"name":"castellano","item":"https:\/\/www.editorialjuventud.es\/coleccion\/castellano\/"},{"@type":"ListItem","position":4,"name":"Libros de Bolsillo","item":"https:\/\/www.editorialjuventud.es\/coleccion\/libros-de-bolsillo\/"},{"@type":"ListItem","position":5,"name":"Colecci\u00f3n Z","item":"https:\/\/www.editorialjuventud.es\/coleccion\/coleccion-z\/"},{"@type":"ListItem","position":6,"name":"Cl\u00e1sicos","item":"https:\/\/www.editorialjuventud.es\/ca\/coleccion\/clasicos\/"},{"@type":"ListItem","position":7,"name":"El alcalde de Zalamea"}]},{"@type":"WebSite","@id":"https:\/\/www.editorialjuventud.es\/#website","url":"https:\/\/www.editorialjuventud.es\/","name":"Editorial Juventud","description":"","potentialAction":[{"@type":"SearchAction","target":{"@type":"EntryPoint","urlTemplate":"https:\/\/www.editorialjuventud.es\/?s={search_term_string}"},"query-input":{"@type":"PropertyValueSpecification","valueRequired":true,"valueName":"search_term_string"}}],"inLanguage":"ca"}]}},"_links":{"self":[{"href":"https:\/\/www.editorialjuventud.es\/ca\/wp-json\/wp\/v2\/product\/4897","targetHints":{"allow":["GET"]}}],"collection":[{"href":"https:\/\/www.editorialjuventud.es\/ca\/wp-json\/wp\/v2\/product"}],"about":[{"href":"https:\/\/www.editorialjuventud.es\/ca\/wp-json\/wp\/v2\/types\/product"}],"wp:featuredmedia":[{"embeddable":true,"href":"https:\/\/www.editorialjuventud.es\/ca\/wp-json\/wp\/v2\/media\/6634"}],"wp:attachment":[{"href":"https:\/\/www.editorialjuventud.es\/ca\/wp-json\/wp\/v2\/media?parent=4897"}],"wp:term":[{"taxonomy":"product_brand","embeddable":true,"href":"https:\/\/www.editorialjuventud.es\/ca\/wp-json\/wp\/v2\/product_brand?post=4897"},{"taxonomy":"product_cat","embeddable":true,"href":"https:\/\/www.editorialjuventud.es\/ca\/wp-json\/wp\/v2\/product_cat?post=4897"},{"taxonomy":"product_tag","embeddable":true,"href":"https:\/\/www.editorialjuventud.es\/ca\/wp-json\/wp\/v2\/product_tag?post=4897"},{"taxonomy":"coleccion","embeddable":true,"href":"https:\/\/www.editorialjuventud.es\/ca\/wp-json\/wp\/v2\/coleccion?post=4897"}],"curies":[{"name":"wp","href":"https:\/\/api.w.org\/{rel}","templated":true}]}}