{"id":4894,"date":"2018-08-24T12:06:49","date_gmt":"2018-08-24T08:06:49","guid":{"rendered":"http:\/\/www.editorialjuventud.es\/memorias-del-subsuelo\/"},"modified":"2024-02-01T13:15:55","modified_gmt":"2024-02-01T12:15:55","slug":"memorias-del-subsuelo-9788426109095","status":"publish","type":"product","link":"https:\/\/www.editorialjuventud.es\/ca\/memorias-del-subsuelo-9788426109095\/","title":{"rendered":"Memorias del subsuelo"},"content":{"rendered":"<p>Ver el mundo desde el subsuelo, hacer psicol\u00f3gicamente de espele\u00f3logo en las profundidades del alma humana, he aqu\u00ed una de las virtudes que m\u00e1s apasionan en el novelista ruso. El trasfondo de la realidad, la intimidad del hombre y la turbulencia de su \u00e9poca son tres aspectos de las Memorias del subsuelo que confirman los valores cl\u00e1sicos del novelista que conoci\u00f3 por experiencia los campos de Siberia.<\/p>\n","protected":false},"excerpt":{"rendered":"Ver el mundo desde el subsuelo, hacer psicol\u00f3gicamente de espele\u00f3logo en las profundidades del alma humana, he aqu\u00ed una de las virtudes que m\u00e1s apasionan en el novelista ruso. El trasfondo de la realidad, la intimidad del hombre y la [&hellip;]","protected":false},"featured_media":6632,"template":"","meta":{"_acf_changed":false,"_exactmetrics_skip_tracking":false,"_exactmetrics_sitenote_active":false,"_exactmetrics_sitenote_note":"","_exactmetrics_sitenote_category":0},"product_brand":[],"product_cat":[905,892,1115,1118],"product_tag":[],"coleccion":[916,1007,938,1085],"class_list":{"0":"post-4894","1":"product","2":"type-product","3":"status-publish","4":"has-post-thumbnail","6":"product_cat-adulto","7":"product_cat-edades","8":"product_cat-generos","9":"product_cat-literatura-clasica","10":"coleccion-castellano","11":"coleccion-coleccion-z","12":"coleccion-libros-de-bolsillo","13":"coleccion-novela","15":"first","16":"instock","17":"taxable","18":"shipping-taxable","19":"purchasable","20":"product-type-simple"},"acf":{"autor":"DOSTOIEWSKI,  FEDOR","codart":"0909-8","ediciones":"0","encuadernacion":"Bolsillo","fecha_de_publicacion":"07\/05\/1998","novedad":"0","paginas":"180","subtitulo":"","texto_web_adicional":"","texto_web_novedad":"","orden":"999","portada":"0","texto_web_resaltado":"","indice":"","autores-libros":[16330],"ilustradores-libros":"","traductores-libros":[16530],"fecha_de_reimpresion":"","descripcion_corta":"","recomendamos":"","mas_vendido":"","idioma-libro":"","color":false,"formato":"","mas_informacion_del_producto":false,"premios":false,"deshabilitar_compra":["deshabilitar"],"texto_enlace_cubierta":"","enlace_cubierta":false,"texto_enlace_ficha_tecnica":"","enlace_ficha_tecnica":false,"ficheros":false,"titulo-fr":"","texto-fr":""},"yoast_head":"<!-- This site is optimized with the Yoast SEO plugin v27.5 - https:\/\/yoast.com\/product\/yoast-seo-wordpress\/ -->\n<title>Memorias del subsuelo - Editorial Juventud<\/title>\n<meta name=\"description\" content=\"Ver el mundo desde el subsuelo, hacer psicol\u00f3gicamente de espele\u00f3logo en las profundidades del alma humana, he aqu\u00ed una de las virtudes que m\u00e1s apasionan\" \/>\n<meta name=\"robots\" content=\"index, follow, max-snippet:-1, max-image-preview:large, max-video-preview:-1\" \/>\n<link rel=\"canonical\" href=\"https:\/\/www.editorialjuventud.es\/ca\/memorias-del-subsuelo-9788426109095\/\" \/>\n<meta property=\"og:locale\" content=\"ca_ES\" \/>\n<meta property=\"og:type\" content=\"article\" \/>\n<meta property=\"og:title\" content=\"Memorias del subsuelo - Editorial Juventud\" \/>\n<meta property=\"og:description\" content=\"Ver el mundo desde el subsuelo, hacer psicol\u00f3gicamente de espele\u00f3logo en las profundidades del alma humana, he aqu\u00ed una de las virtudes que m\u00e1s apasionan\" \/>\n<meta property=\"og:url\" content=\"https:\/\/www.editorialjuventud.es\/ca\/memorias-del-subsuelo-9788426109095\/\" \/>\n<meta property=\"og:site_name\" content=\"Editorial Juventud\" \/>\n<meta property=\"article:modified_time\" content=\"2024-02-01T12:15:55+00:00\" \/>\n<meta property=\"og:image\" content=\"https:\/\/www.editorialjuventud.es\/wp-content\/uploads\/0909.jpg\" \/>\n\t<meta property=\"og:image:width\" content=\"257\" \/>\n\t<meta property=\"og:image:height\" content=\"400\" \/>\n\t<meta property=\"og:image:type\" content=\"image\/jpeg\" \/>\n<meta name=\"twitter:card\" content=\"summary_large_image\" \/>\n<script type=\"application\/ld+json\" class=\"yoast-schema-graph\">{\"@context\":\"https:\\\/\\\/schema.org\",\"@graph\":[{\"@type\":\"WebPage\",\"@id\":\"https:\\\/\\\/www.editorialjuventud.es\\\/ca\\\/memorias-del-subsuelo-9788426109095\\\/\",\"url\":\"https:\\\/\\\/www.editorialjuventud.es\\\/ca\\\/memorias-del-subsuelo-9788426109095\\\/\",\"name\":\"Memorias del subsuelo - Editorial Juventud\",\"isPartOf\":{\"@id\":\"https:\\\/\\\/www.editorialjuventud.es\\\/#website\"},\"primaryImageOfPage\":{\"@id\":\"https:\\\/\\\/www.editorialjuventud.es\\\/ca\\\/memorias-del-subsuelo-9788426109095\\\/#primaryimage\"},\"image\":{\"@id\":\"https:\\\/\\\/www.editorialjuventud.es\\\/ca\\\/memorias-del-subsuelo-9788426109095\\\/#primaryimage\"},\"thumbnailUrl\":\"https:\\\/\\\/www.editorialjuventud.es\\\/wp-content\\\/uploads\\\/0909.jpg\",\"datePublished\":\"2018-08-24T08:06:49+00:00\",\"dateModified\":\"2024-02-01T12:15:55+00:00\",\"description\":\"Ver el mundo desde el subsuelo, hacer psicol\u00f3gicamente de espele\u00f3logo en las profundidades del alma humana, he aqu\u00ed una de las virtudes que m\u00e1s apasionan\",\"breadcrumb\":{\"@id\":\"https:\\\/\\\/www.editorialjuventud.es\\\/ca\\\/memorias-del-subsuelo-9788426109095\\\/#breadcrumb\"},\"inLanguage\":\"ca\",\"potentialAction\":[{\"@type\":\"ReadAction\",\"target\":[\"https:\\\/\\\/www.editorialjuventud.es\\\/ca\\\/memorias-del-subsuelo-9788426109095\\\/\"]}]},{\"@type\":\"ImageObject\",\"inLanguage\":\"ca\",\"@id\":\"https:\\\/\\\/www.editorialjuventud.es\\\/ca\\\/memorias-del-subsuelo-9788426109095\\\/#primaryimage\",\"url\":\"https:\\\/\\\/www.editorialjuventud.es\\\/wp-content\\\/uploads\\\/0909.jpg\",\"contentUrl\":\"https:\\\/\\\/www.editorialjuventud.es\\\/wp-content\\\/uploads\\\/0909.jpg\",\"width\":257,\"height\":400,\"caption\":\"0909.jpg\"},{\"@type\":\"BreadcrumbList\",\"@id\":\"https:\\\/\\\/www.editorialjuventud.es\\\/ca\\\/memorias-del-subsuelo-9788426109095\\\/#breadcrumb\",\"itemListElement\":[{\"@type\":\"ListItem\",\"position\":1,\"name\":\"Portada\",\"item\":\"https:\\\/\\\/www.editorialjuventud.es\\\/\"},{\"@type\":\"ListItem\",\"position\":2,\"name\":\"cat\u00e1logo\",\"item\":\"https:\\\/\\\/www.editorialjuventud.es\\\/coleccion\\\/catalogo\\\/\"},{\"@type\":\"ListItem\",\"position\":3,\"name\":\"castellano\",\"item\":\"https:\\\/\\\/www.editorialjuventud.es\\\/coleccion\\\/castellano\\\/\"},{\"@type\":\"ListItem\",\"position\":4,\"name\":\"Libros de Bolsillo\",\"item\":\"https:\\\/\\\/www.editorialjuventud.es\\\/coleccion\\\/libros-de-bolsillo\\\/\"},{\"@type\":\"ListItem\",\"position\":5,\"name\":\"Colecci\u00f3n Z\",\"item\":\"https:\\\/\\\/www.editorialjuventud.es\\\/coleccion\\\/coleccion-z\\\/\"},{\"@type\":\"ListItem\",\"position\":6,\"name\":\"Novela\",\"item\":\"https:\\\/\\\/www.editorialjuventud.es\\\/coleccion\\\/novela\\\/\"},{\"@type\":\"ListItem\",\"position\":7,\"name\":\"Memorias del subsuelo\"}]},{\"@type\":\"WebSite\",\"@id\":\"https:\\\/\\\/www.editorialjuventud.es\\\/#website\",\"url\":\"https:\\\/\\\/www.editorialjuventud.es\\\/\",\"name\":\"Editorial Juventud\",\"description\":\"\",\"potentialAction\":[{\"@type\":\"SearchAction\",\"target\":{\"@type\":\"EntryPoint\",\"urlTemplate\":\"https:\\\/\\\/www.editorialjuventud.es\\\/?s={search_term_string}\"},\"query-input\":{\"@type\":\"PropertyValueSpecification\",\"valueRequired\":true,\"valueName\":\"search_term_string\"}}],\"inLanguage\":\"ca\"}]}<\/script>\n<!-- \/ Yoast SEO plugin. -->","yoast_head_json":{"title":"Memorias del subsuelo - Editorial Juventud","description":"Ver el mundo desde el subsuelo, hacer psicol\u00f3gicamente de espele\u00f3logo en las profundidades del alma humana, he aqu\u00ed una de las virtudes que m\u00e1s apasionan","robots":{"index":"index","follow":"follow","max-snippet":"max-snippet:-1","max-image-preview":"max-image-preview:large","max-video-preview":"max-video-preview:-1"},"canonical":"https:\/\/www.editorialjuventud.es\/ca\/memorias-del-subsuelo-9788426109095\/","og_locale":"ca_ES","og_type":"article","og_title":"Memorias del subsuelo - Editorial Juventud","og_description":"Ver el mundo desde el subsuelo, hacer psicol\u00f3gicamente de espele\u00f3logo en las profundidades del alma humana, he aqu\u00ed una de las virtudes que m\u00e1s apasionan","og_url":"https:\/\/www.editorialjuventud.es\/ca\/memorias-del-subsuelo-9788426109095\/","og_site_name":"Editorial Juventud","article_modified_time":"2024-02-01T12:15:55+00:00","og_image":[{"width":257,"height":400,"url":"https:\/\/www.editorialjuventud.es\/wp-content\/uploads\/0909.jpg","type":"image\/jpeg"}],"twitter_card":"summary_large_image","schema":{"@context":"https:\/\/schema.org","@graph":[{"@type":"WebPage","@id":"https:\/\/www.editorialjuventud.es\/ca\/memorias-del-subsuelo-9788426109095\/","url":"https:\/\/www.editorialjuventud.es\/ca\/memorias-del-subsuelo-9788426109095\/","name":"Memorias del subsuelo - Editorial Juventud","isPartOf":{"@id":"https:\/\/www.editorialjuventud.es\/#website"},"primaryImageOfPage":{"@id":"https:\/\/www.editorialjuventud.es\/ca\/memorias-del-subsuelo-9788426109095\/#primaryimage"},"image":{"@id":"https:\/\/www.editorialjuventud.es\/ca\/memorias-del-subsuelo-9788426109095\/#primaryimage"},"thumbnailUrl":"https:\/\/www.editorialjuventud.es\/wp-content\/uploads\/0909.jpg","datePublished":"2018-08-24T08:06:49+00:00","dateModified":"2024-02-01T12:15:55+00:00","description":"Ver el mundo desde el subsuelo, hacer psicol\u00f3gicamente de espele\u00f3logo en las profundidades del alma humana, he aqu\u00ed una de las virtudes que m\u00e1s apasionan","breadcrumb":{"@id":"https:\/\/www.editorialjuventud.es\/ca\/memorias-del-subsuelo-9788426109095\/#breadcrumb"},"inLanguage":"ca","potentialAction":[{"@type":"ReadAction","target":["https:\/\/www.editorialjuventud.es\/ca\/memorias-del-subsuelo-9788426109095\/"]}]},{"@type":"ImageObject","inLanguage":"ca","@id":"https:\/\/www.editorialjuventud.es\/ca\/memorias-del-subsuelo-9788426109095\/#primaryimage","url":"https:\/\/www.editorialjuventud.es\/wp-content\/uploads\/0909.jpg","contentUrl":"https:\/\/www.editorialjuventud.es\/wp-content\/uploads\/0909.jpg","width":257,"height":400,"caption":"0909.jpg"},{"@type":"BreadcrumbList","@id":"https:\/\/www.editorialjuventud.es\/ca\/memorias-del-subsuelo-9788426109095\/#breadcrumb","itemListElement":[{"@type":"ListItem","position":1,"name":"Portada","item":"https:\/\/www.editorialjuventud.es\/"},{"@type":"ListItem","position":2,"name":"cat\u00e1logo","item":"https:\/\/www.editorialjuventud.es\/coleccion\/catalogo\/"},{"@type":"ListItem","position":3,"name":"castellano","item":"https:\/\/www.editorialjuventud.es\/coleccion\/castellano\/"},{"@type":"ListItem","position":4,"name":"Libros de Bolsillo","item":"https:\/\/www.editorialjuventud.es\/coleccion\/libros-de-bolsillo\/"},{"@type":"ListItem","position":5,"name":"Colecci\u00f3n Z","item":"https:\/\/www.editorialjuventud.es\/coleccion\/coleccion-z\/"},{"@type":"ListItem","position":6,"name":"Novela","item":"https:\/\/www.editorialjuventud.es\/coleccion\/novela\/"},{"@type":"ListItem","position":7,"name":"Memorias del subsuelo"}]},{"@type":"WebSite","@id":"https:\/\/www.editorialjuventud.es\/#website","url":"https:\/\/www.editorialjuventud.es\/","name":"Editorial Juventud","description":"","potentialAction":[{"@type":"SearchAction","target":{"@type":"EntryPoint","urlTemplate":"https:\/\/www.editorialjuventud.es\/?s={search_term_string}"},"query-input":{"@type":"PropertyValueSpecification","valueRequired":true,"valueName":"search_term_string"}}],"inLanguage":"ca"}]}},"_links":{"self":[{"href":"https:\/\/www.editorialjuventud.es\/ca\/wp-json\/wp\/v2\/product\/4894","targetHints":{"allow":["GET"]}}],"collection":[{"href":"https:\/\/www.editorialjuventud.es\/ca\/wp-json\/wp\/v2\/product"}],"about":[{"href":"https:\/\/www.editorialjuventud.es\/ca\/wp-json\/wp\/v2\/types\/product"}],"wp:featuredmedia":[{"embeddable":true,"href":"https:\/\/www.editorialjuventud.es\/ca\/wp-json\/wp\/v2\/media\/6632"}],"wp:attachment":[{"href":"https:\/\/www.editorialjuventud.es\/ca\/wp-json\/wp\/v2\/media?parent=4894"}],"wp:term":[{"taxonomy":"product_brand","embeddable":true,"href":"https:\/\/www.editorialjuventud.es\/ca\/wp-json\/wp\/v2\/product_brand?post=4894"},{"taxonomy":"product_cat","embeddable":true,"href":"https:\/\/www.editorialjuventud.es\/ca\/wp-json\/wp\/v2\/product_cat?post=4894"},{"taxonomy":"product_tag","embeddable":true,"href":"https:\/\/www.editorialjuventud.es\/ca\/wp-json\/wp\/v2\/product_tag?post=4894"},{"taxonomy":"coleccion","embeddable":true,"href":"https:\/\/www.editorialjuventud.es\/ca\/wp-json\/wp\/v2\/coleccion?post=4894"}],"curies":[{"name":"wp","href":"https:\/\/api.w.org\/{rel}","templated":true}]}}