{"id":4891,"date":"2018-08-24T12:06:37","date_gmt":"2018-08-24T08:06:37","guid":{"rendered":"http:\/\/www.editorialjuventud.es\/la-eneida\/"},"modified":"2024-02-01T13:17:49","modified_gmt":"2024-02-01T12:17:49","slug":"la-eneida-9788426108814","status":"publish","type":"product","link":"https:\/\/www.editorialjuventud.es\/ca\/la-eneida-9788426108814\/","title":{"rendered":"La Eneida"},"content":{"rendered":"<p>Tres son las epopeyas indiscutibles de la antig\u00fcedad: La Il\u00edada, La Odisea y La Eneida. Fiel reflejo de un mundo mitol\u00f3gico, po\u00e9tico y realista, estos poemas \u00e9pico-heroicos tienen a veces la sugesti\u00f3n de un aut\u00e9ntico libro de viajes. La Eneida, escrita por Virgilio en el siglo I a. J. C., fue salvada de la destrucci\u00f3n del Emperador, que se opuso a la voluntad del autor, que mand\u00f3 quemar el manuscrito. En ella se recoge la leyenda de que los emperadores romanos descend\u00edan de los dioses, y Eneas es su h\u00e9roe central. Esta obra maestra, ilustrada por Jaime Azpelicueta, ha sido traducida directa y literalmente del lat\u00edn por el profesor Vicente L\u00f3pez-Soto.<\/p>\n","protected":false},"excerpt":{"rendered":"Tres son las epopeyas indiscutibles de la antig\u00fcedad: La Il\u00edada, La Odisea y La Eneida. Fiel reflejo de un mundo mitol\u00f3gico, po\u00e9tico y realista, estos poemas \u00e9pico-heroicos tienen a veces la sugesti\u00f3n de un aut\u00e9ntico libro de viajes. La Eneida, [&hellip;]","protected":false},"featured_media":6626,"template":"","meta":{"_acf_changed":false,"_exactmetrics_skip_tracking":false,"_exactmetrics_sitenote_active":false,"_exactmetrics_sitenote_note":"","_exactmetrics_sitenote_category":0},"product_brand":[],"product_cat":[905,892,1115,1118],"product_tag":[],"coleccion":[916,1083,1007,938],"class_list":{"0":"post-4891","1":"product","2":"type-product","3":"status-publish","4":"has-post-thumbnail","6":"product_cat-adulto","7":"product_cat-edades","8":"product_cat-generos","9":"product_cat-literatura-clasica","10":"coleccion-castellano","11":"coleccion-clasicos","12":"coleccion-coleccion-z","13":"coleccion-libros-de-bolsillo","15":"first","16":"instock","17":"taxable","18":"shipping-taxable","19":"purchasable","20":"product-type-simple"},"acf":{"autores-libros":[16673],"traductores-libros":[16473]},"yoast_head":"<!-- This site is optimized with the Yoast SEO plugin v27.5 - https:\/\/yoast.com\/product\/yoast-seo-wordpress\/ -->\n<title>La Eneida - Editorial Juventud<\/title>\n<meta name=\"description\" content=\"Tres son las epopeyas indiscutibles de la antig\u00fcedad: La Il\u00edada, La Odisea y La Eneida. Fiel reflejo de un mundo mitol\u00f3gico, po\u00e9tico y realista, estos\" \/>\n<meta name=\"robots\" content=\"index, follow, max-snippet:-1, max-image-preview:large, max-video-preview:-1\" \/>\n<link rel=\"canonical\" href=\"https:\/\/www.editorialjuventud.es\/la-eneida-9788426108814\/\" \/>\n<meta property=\"og:locale\" content=\"ca_ES\" \/>\n<meta property=\"og:type\" content=\"article\" \/>\n<meta property=\"og:title\" content=\"La Eneida - Editorial Juventud\" \/>\n<meta property=\"og:description\" content=\"Tres son las epopeyas indiscutibles de la antig\u00fcedad: La Il\u00edada, La Odisea y La Eneida. Fiel reflejo de un mundo mitol\u00f3gico, po\u00e9tico y realista, estos\" \/>\n<meta property=\"og:url\" content=\"https:\/\/www.editorialjuventud.es\/la-eneida-9788426108814\/\" \/>\n<meta property=\"og:site_name\" content=\"Editorial Juventud\" \/>\n<meta property=\"article:modified_time\" content=\"2024-02-01T12:17:49+00:00\" \/>\n<meta property=\"og:image\" content=\"https:\/\/www.editorialjuventud.es\/wp-content\/uploads\/0881.jpg\" \/>\n\t<meta property=\"og:image:width\" content=\"290\" \/>\n\t<meta property=\"og:image:height\" content=\"450\" \/>\n\t<meta property=\"og:image:type\" content=\"image\/jpeg\" \/>\n<meta name=\"twitter:card\" content=\"summary_large_image\" \/>\n<meta name=\"twitter:label1\" content=\"Temps estimat de lectura\" \/>\n\t<meta name=\"twitter:data1\" content=\"1 minut\" \/>\n<script type=\"application\/ld+json\" class=\"yoast-schema-graph\">{\"@context\":\"https:\\\/\\\/schema.org\",\"@graph\":[{\"@type\":\"WebPage\",\"@id\":\"https:\\\/\\\/www.editorialjuventud.es\\\/la-eneida-9788426108814\\\/\",\"url\":\"https:\\\/\\\/www.editorialjuventud.es\\\/la-eneida-9788426108814\\\/\",\"name\":\"La Eneida - Editorial Juventud\",\"isPartOf\":{\"@id\":\"https:\\\/\\\/www.editorialjuventud.es\\\/#website\"},\"primaryImageOfPage\":{\"@id\":\"https:\\\/\\\/www.editorialjuventud.es\\\/la-eneida-9788426108814\\\/#primaryimage\"},\"image\":{\"@id\":\"https:\\\/\\\/www.editorialjuventud.es\\\/la-eneida-9788426108814\\\/#primaryimage\"},\"thumbnailUrl\":\"https:\\\/\\\/www.editorialjuventud.es\\\/wp-content\\\/uploads\\\/0881.jpg\",\"datePublished\":\"2018-08-24T08:06:37+00:00\",\"dateModified\":\"2024-02-01T12:17:49+00:00\",\"description\":\"Tres son las epopeyas indiscutibles de la antig\u00fcedad: La Il\u00edada, La Odisea y La Eneida. Fiel reflejo de un mundo mitol\u00f3gico, po\u00e9tico y realista, estos\",\"breadcrumb\":{\"@id\":\"https:\\\/\\\/www.editorialjuventud.es\\\/la-eneida-9788426108814\\\/#breadcrumb\"},\"inLanguage\":\"ca\",\"potentialAction\":[{\"@type\":\"ReadAction\",\"target\":[\"https:\\\/\\\/www.editorialjuventud.es\\\/la-eneida-9788426108814\\\/\"]}]},{\"@type\":\"ImageObject\",\"inLanguage\":\"ca\",\"@id\":\"https:\\\/\\\/www.editorialjuventud.es\\\/la-eneida-9788426108814\\\/#primaryimage\",\"url\":\"https:\\\/\\\/www.editorialjuventud.es\\\/wp-content\\\/uploads\\\/0881.jpg\",\"contentUrl\":\"https:\\\/\\\/www.editorialjuventud.es\\\/wp-content\\\/uploads\\\/0881.jpg\",\"width\":290,\"height\":450,\"caption\":\"0881.jpg\"},{\"@type\":\"BreadcrumbList\",\"@id\":\"https:\\\/\\\/www.editorialjuventud.es\\\/la-eneida-9788426108814\\\/#breadcrumb\",\"itemListElement\":[{\"@type\":\"ListItem\",\"position\":1,\"name\":\"Portada\",\"item\":\"https:\\\/\\\/www.editorialjuventud.es\\\/\"},{\"@type\":\"ListItem\",\"position\":2,\"name\":\"cat\u00e1logo\",\"item\":\"https:\\\/\\\/www.editorialjuventud.es\\\/coleccion\\\/catalogo\\\/\"},{\"@type\":\"ListItem\",\"position\":3,\"name\":\"castellano\",\"item\":\"https:\\\/\\\/www.editorialjuventud.es\\\/coleccion\\\/castellano\\\/\"},{\"@type\":\"ListItem\",\"position\":4,\"name\":\"Libros de Bolsillo\",\"item\":\"https:\\\/\\\/www.editorialjuventud.es\\\/coleccion\\\/libros-de-bolsillo\\\/\"},{\"@type\":\"ListItem\",\"position\":5,\"name\":\"Colecci\u00f3n Z\",\"item\":\"https:\\\/\\\/www.editorialjuventud.es\\\/coleccion\\\/coleccion-z\\\/\"},{\"@type\":\"ListItem\",\"position\":6,\"name\":\"Cl\u00e1sicos\",\"item\":\"https:\\\/\\\/www.editorialjuventud.es\\\/ca\\\/coleccion\\\/clasicos\\\/\"},{\"@type\":\"ListItem\",\"position\":7,\"name\":\"La Eneida\"}]},{\"@type\":\"WebSite\",\"@id\":\"https:\\\/\\\/www.editorialjuventud.es\\\/#website\",\"url\":\"https:\\\/\\\/www.editorialjuventud.es\\\/\",\"name\":\"Editorial Juventud\",\"description\":\"\",\"potentialAction\":[{\"@type\":\"SearchAction\",\"target\":{\"@type\":\"EntryPoint\",\"urlTemplate\":\"https:\\\/\\\/www.editorialjuventud.es\\\/?s={search_term_string}\"},\"query-input\":{\"@type\":\"PropertyValueSpecification\",\"valueRequired\":true,\"valueName\":\"search_term_string\"}}],\"inLanguage\":\"ca\"}]}<\/script>\n<!-- \/ Yoast SEO plugin. -->","yoast_head_json":{"title":"La Eneida - Editorial Juventud","description":"Tres son las epopeyas indiscutibles de la antig\u00fcedad: La Il\u00edada, La Odisea y La Eneida. Fiel reflejo de un mundo mitol\u00f3gico, po\u00e9tico y realista, estos","robots":{"index":"index","follow":"follow","max-snippet":"max-snippet:-1","max-image-preview":"max-image-preview:large","max-video-preview":"max-video-preview:-1"},"canonical":"https:\/\/www.editorialjuventud.es\/la-eneida-9788426108814\/","og_locale":"ca_ES","og_type":"article","og_title":"La Eneida - Editorial Juventud","og_description":"Tres son las epopeyas indiscutibles de la antig\u00fcedad: La Il\u00edada, La Odisea y La Eneida. Fiel reflejo de un mundo mitol\u00f3gico, po\u00e9tico y realista, estos","og_url":"https:\/\/www.editorialjuventud.es\/la-eneida-9788426108814\/","og_site_name":"Editorial Juventud","article_modified_time":"2024-02-01T12:17:49+00:00","og_image":[{"width":290,"height":450,"url":"https:\/\/www.editorialjuventud.es\/wp-content\/uploads\/0881.jpg","type":"image\/jpeg"}],"twitter_card":"summary_large_image","twitter_misc":{"Temps estimat de lectura":"1 minut"},"schema":{"@context":"https:\/\/schema.org","@graph":[{"@type":"WebPage","@id":"https:\/\/www.editorialjuventud.es\/la-eneida-9788426108814\/","url":"https:\/\/www.editorialjuventud.es\/la-eneida-9788426108814\/","name":"La Eneida - Editorial Juventud","isPartOf":{"@id":"https:\/\/www.editorialjuventud.es\/#website"},"primaryImageOfPage":{"@id":"https:\/\/www.editorialjuventud.es\/la-eneida-9788426108814\/#primaryimage"},"image":{"@id":"https:\/\/www.editorialjuventud.es\/la-eneida-9788426108814\/#primaryimage"},"thumbnailUrl":"https:\/\/www.editorialjuventud.es\/wp-content\/uploads\/0881.jpg","datePublished":"2018-08-24T08:06:37+00:00","dateModified":"2024-02-01T12:17:49+00:00","description":"Tres son las epopeyas indiscutibles de la antig\u00fcedad: La Il\u00edada, La Odisea y La Eneida. Fiel reflejo de un mundo mitol\u00f3gico, po\u00e9tico y realista, estos","breadcrumb":{"@id":"https:\/\/www.editorialjuventud.es\/la-eneida-9788426108814\/#breadcrumb"},"inLanguage":"ca","potentialAction":[{"@type":"ReadAction","target":["https:\/\/www.editorialjuventud.es\/la-eneida-9788426108814\/"]}]},{"@type":"ImageObject","inLanguage":"ca","@id":"https:\/\/www.editorialjuventud.es\/la-eneida-9788426108814\/#primaryimage","url":"https:\/\/www.editorialjuventud.es\/wp-content\/uploads\/0881.jpg","contentUrl":"https:\/\/www.editorialjuventud.es\/wp-content\/uploads\/0881.jpg","width":290,"height":450,"caption":"0881.jpg"},{"@type":"BreadcrumbList","@id":"https:\/\/www.editorialjuventud.es\/la-eneida-9788426108814\/#breadcrumb","itemListElement":[{"@type":"ListItem","position":1,"name":"Portada","item":"https:\/\/www.editorialjuventud.es\/"},{"@type":"ListItem","position":2,"name":"cat\u00e1logo","item":"https:\/\/www.editorialjuventud.es\/coleccion\/catalogo\/"},{"@type":"ListItem","position":3,"name":"castellano","item":"https:\/\/www.editorialjuventud.es\/coleccion\/castellano\/"},{"@type":"ListItem","position":4,"name":"Libros de Bolsillo","item":"https:\/\/www.editorialjuventud.es\/coleccion\/libros-de-bolsillo\/"},{"@type":"ListItem","position":5,"name":"Colecci\u00f3n Z","item":"https:\/\/www.editorialjuventud.es\/coleccion\/coleccion-z\/"},{"@type":"ListItem","position":6,"name":"Cl\u00e1sicos","item":"https:\/\/www.editorialjuventud.es\/ca\/coleccion\/clasicos\/"},{"@type":"ListItem","position":7,"name":"La Eneida"}]},{"@type":"WebSite","@id":"https:\/\/www.editorialjuventud.es\/#website","url":"https:\/\/www.editorialjuventud.es\/","name":"Editorial Juventud","description":"","potentialAction":[{"@type":"SearchAction","target":{"@type":"EntryPoint","urlTemplate":"https:\/\/www.editorialjuventud.es\/?s={search_term_string}"},"query-input":{"@type":"PropertyValueSpecification","valueRequired":true,"valueName":"search_term_string"}}],"inLanguage":"ca"}]}},"_links":{"self":[{"href":"https:\/\/www.editorialjuventud.es\/ca\/wp-json\/wp\/v2\/product\/4891","targetHints":{"allow":["GET"]}}],"collection":[{"href":"https:\/\/www.editorialjuventud.es\/ca\/wp-json\/wp\/v2\/product"}],"about":[{"href":"https:\/\/www.editorialjuventud.es\/ca\/wp-json\/wp\/v2\/types\/product"}],"wp:featuredmedia":[{"embeddable":true,"href":"https:\/\/www.editorialjuventud.es\/ca\/wp-json\/wp\/v2\/media\/6626"}],"wp:attachment":[{"href":"https:\/\/www.editorialjuventud.es\/ca\/wp-json\/wp\/v2\/media?parent=4891"}],"wp:term":[{"taxonomy":"product_brand","embeddable":true,"href":"https:\/\/www.editorialjuventud.es\/ca\/wp-json\/wp\/v2\/product_brand?post=4891"},{"taxonomy":"product_cat","embeddable":true,"href":"https:\/\/www.editorialjuventud.es\/ca\/wp-json\/wp\/v2\/product_cat?post=4891"},{"taxonomy":"product_tag","embeddable":true,"href":"https:\/\/www.editorialjuventud.es\/ca\/wp-json\/wp\/v2\/product_tag?post=4891"},{"taxonomy":"coleccion","embeddable":true,"href":"https:\/\/www.editorialjuventud.es\/ca\/wp-json\/wp\/v2\/coleccion?post=4891"}],"curies":[{"name":"wp","href":"https:\/\/api.w.org\/{rel}","templated":true}]}}