{"id":4889,"date":"2018-08-24T10:06:29","date_gmt":"2018-08-24T08:06:29","guid":{"rendered":"http:\/\/www.editorialjuventud.es\/objetivo-la-luna\/"},"modified":"2026-05-11T11:45:08","modified_gmt":"2026-05-11T09:45:08","slug":"objetivo-la-luna-9788426108654","status":"publish","type":"product","link":"https:\/\/www.editorialjuventud.es\/ca\/objetivo-la-luna-9788426108654\/","title":{"rendered":"Objetivo: la Luna"},"content":{"rendered":"<p>Esta obra empez\u00f3 a publicarse en el semanario Tint\u00edn a partir del 30 de marzo del a\u00f1o 1950, diecinueve a\u00f1os antes de la llegada del hombre a la luna. No se trata de ciencia ficci\u00f3n sino de una anticipaci\u00f3n tan precisa como le fue posible. Herg\u00e9 entr\u00f3 en contacto con el doctor Bernard Heuvelmans, autor del libro L&#8217;homme parmis les \u00e9toiles (El hombre entre las estrellas), especialista en el tema, que colabor\u00f3 con el equipo.<br \/>\nSe realiz\u00f3 una maqueta extraordinaria del cohete, que fue sometida a la aprobaci\u00f3n de Ananolf, autor del libro La astron\u00e1utica. Era enteramente desmontable y le permit\u00eda en todo momento al joven Bob de Moor, responsable principal de los decorados, saber en qu\u00e9 lugar de la nave espacial se encontraban los personajes.<br \/>\nHerg\u00e9 tiene la gracia de dar un tono humor\u00edstico a todas las escenas de explicaciones cient\u00edficas que podr\u00edan aburrir al lector. As\u00ed, cuando Wolf y Tornasol explican elementos mas o menos complicados, all\u00ed est\u00e1 el capit\u00e1n Haddock para hacer saltar la sonrisa con sus r\u00e9plicas.<\/p>\n","protected":false},"excerpt":{"rendered":"Esta obra empez\u00f3 a publicarse en el semanario Tint\u00edn a partir del 30 de marzo del a\u00f1o 1950, diecinueve a\u00f1os antes de la llegada del hombre a la luna. No se trata de ciencia ficci\u00f3n sino de una anticipaci\u00f3n tan [&hellip;]","protected":false},"featured_media":20379,"template":"","meta":{"_acf_changed":false,"_exactmetrics_skip_tracking":false,"_exactmetrics_sitenote_active":false,"_exactmetrics_sitenote_note":"","_exactmetrics_sitenote_category":0},"product_brand":[],"product_cat":[902,1142,1150,1127,892],"product_tag":[],"coleccion":[1008],"class_list":{"0":"post-4889","1":"product","2":"type-product","3":"status-publish","4":"has-post-thumbnail","6":"product_cat-a-partir-de-7-anos","7":"product_cat-aventura","8":"product_cat-ciencia-ficcion","9":"product_cat-comic","10":"product_cat-edades","11":"coleccion-las-aventuras-de-tintin","13":"first","14":"outofstock","15":"taxable","16":"shipping-taxable","17":"purchasable","18":"product-type-simple"},"acf":{"autor":"HERGE-TINTIN CARTONE III","codart":"0865-2","ediciones":"29","encuadernacion":"Carton\u00e9","fecha_de_publicacion":"05\/10\/1989","novedad":"0","paginas":"64","subtitulo":"","texto_web_adicional":"","texto_web_novedad":"","orden":"999","portada":"0","texto_web_resaltado":"","indice":"","autores-libros":[16407],"ilustradores-libros":[16407],"traductores-libros":[18388],"descripcion_corta":"","recomendamos":"","mas_vendido":"","idioma-libro":"","color":false,"formato":"","mas_informacion_del_producto":false,"premios":false,"texto_enlace_cubierta":"","enlace_cubierta":false,"texto_enlace_ficha_tecnica":"","enlace_ficha_tecnica":false,"ficheros":false,"titulo-fr":"","texto-fr":"","fecha_de_reimpresion":"01\/03\/2023","deshabilitar_compra":[]},"yoast_head":"<!-- This site is optimized with the Yoast SEO plugin v27.5 - https:\/\/yoast.com\/product\/yoast-seo-wordpress\/ -->\n<title>Objetivo: la Luna - Editorial Juventud<\/title>\n<meta name=\"description\" content=\"Esta obra empez\u00f3 a publicarse en el semanario Tint\u00edn a partir del 30 de marzo del a\u00f1o 1950, diecinueve a\u00f1os antes de la llegada del hombre a la luna. No se trata de ciencia ficci\u00f3n sino de una anticipaci\u00f3n tan precisa como le fue posible.\" \/>\n<meta name=\"robots\" content=\"index, follow, max-snippet:-1, max-image-preview:large, max-video-preview:-1\" \/>\n<link rel=\"canonical\" href=\"https:\/\/www.editorialjuventud.es\/objetivo-la-luna-9788426108654\/\" \/>\n<meta property=\"og:locale\" content=\"ca_ES\" \/>\n<meta property=\"og:type\" content=\"article\" \/>\n<meta property=\"og:title\" content=\"Objetivo: la Luna - Editorial Juventud\" \/>\n<meta property=\"og:description\" content=\"Esta obra empez\u00f3 a publicarse en el semanario Tint\u00edn a partir del 30 de marzo del a\u00f1o 1950, diecinueve a\u00f1os antes de la llegada del hombre a la luna. No se trata de ciencia ficci\u00f3n sino de una anticipaci\u00f3n tan precisa como le fue posible.\" \/>\n<meta property=\"og:url\" content=\"https:\/\/www.editorialjuventud.es\/objetivo-la-luna-9788426108654\/\" \/>\n<meta property=\"og:site_name\" content=\"Editorial Juventud\" \/>\n<meta property=\"article:modified_time\" content=\"2026-05-11T09:45:08+00:00\" \/>\n<meta property=\"og:image\" content=\"https:\/\/www.editorialjuventud.es\/wp-content\/uploads\/portada_CAST_def.jpg\" \/>\n\t<meta property=\"og:image:width\" content=\"1447\" \/>\n\t<meta property=\"og:image:height\" content=\"2005\" \/>\n\t<meta property=\"og:image:type\" content=\"image\/jpeg\" \/>\n<meta name=\"twitter:card\" content=\"summary_large_image\" \/>\n<meta name=\"twitter:label1\" content=\"Temps estimat de lectura\" \/>\n\t<meta name=\"twitter:data1\" content=\"1 minut\" \/>\n<script type=\"application\/ld+json\" class=\"yoast-schema-graph\">{\"@context\":\"https:\\\/\\\/schema.org\",\"@graph\":[{\"@type\":\"WebPage\",\"@id\":\"https:\\\/\\\/www.editorialjuventud.es\\\/objetivo-la-luna-9788426108654\\\/\",\"url\":\"https:\\\/\\\/www.editorialjuventud.es\\\/objetivo-la-luna-9788426108654\\\/\",\"name\":\"Objetivo: la Luna - Editorial Juventud\",\"isPartOf\":{\"@id\":\"https:\\\/\\\/www.editorialjuventud.es\\\/#website\"},\"primaryImageOfPage\":{\"@id\":\"https:\\\/\\\/www.editorialjuventud.es\\\/objetivo-la-luna-9788426108654\\\/#primaryimage\"},\"image\":{\"@id\":\"https:\\\/\\\/www.editorialjuventud.es\\\/objetivo-la-luna-9788426108654\\\/#primaryimage\"},\"thumbnailUrl\":\"https:\\\/\\\/www.editorialjuventud.es\\\/wp-content\\\/uploads\\\/portada_CAST_def.jpg\",\"datePublished\":\"2018-08-24T08:06:29+00:00\",\"dateModified\":\"2026-05-11T09:45:08+00:00\",\"description\":\"Esta obra empez\u00f3 a publicarse en el semanario Tint\u00edn a partir del 30 de marzo del a\u00f1o 1950, diecinueve a\u00f1os antes de la llegada del hombre a la luna. No se trata de ciencia ficci\u00f3n sino de una anticipaci\u00f3n tan precisa como le fue posible.\",\"breadcrumb\":{\"@id\":\"https:\\\/\\\/www.editorialjuventud.es\\\/objetivo-la-luna-9788426108654\\\/#breadcrumb\"},\"inLanguage\":\"ca\",\"potentialAction\":[{\"@type\":\"ReadAction\",\"target\":[\"https:\\\/\\\/www.editorialjuventud.es\\\/objetivo-la-luna-9788426108654\\\/\"]}]},{\"@type\":\"ImageObject\",\"inLanguage\":\"ca\",\"@id\":\"https:\\\/\\\/www.editorialjuventud.es\\\/objetivo-la-luna-9788426108654\\\/#primaryimage\",\"url\":\"https:\\\/\\\/www.editorialjuventud.es\\\/wp-content\\\/uploads\\\/portada_CAST_def.jpg\",\"contentUrl\":\"https:\\\/\\\/www.editorialjuventud.es\\\/wp-content\\\/uploads\\\/portada_CAST_def.jpg\",\"width\":1447,\"height\":2005},{\"@type\":\"BreadcrumbList\",\"@id\":\"https:\\\/\\\/www.editorialjuventud.es\\\/objetivo-la-luna-9788426108654\\\/#breadcrumb\",\"itemListElement\":[{\"@type\":\"ListItem\",\"position\":1,\"name\":\"Portada\",\"item\":\"https:\\\/\\\/www.editorialjuventud.es\\\/\"},{\"@type\":\"ListItem\",\"position\":2,\"name\":\"cat\u00e1logo\",\"item\":\"https:\\\/\\\/www.editorialjuventud.es\\\/coleccion\\\/catalogo\\\/\"},{\"@type\":\"ListItem\",\"position\":3,\"name\":\"castellano\",\"item\":\"https:\\\/\\\/www.editorialjuventud.es\\\/coleccion\\\/castellano\\\/\"},{\"@type\":\"ListItem\",\"position\":4,\"name\":\"Libros de Tint\u00edn\",\"item\":\"https:\\\/\\\/www.editorialjuventud.es\\\/coleccion\\\/libros-de-tintin\\\/\"},{\"@type\":\"ListItem\",\"position\":5,\"name\":\"Las Aventuras de Tint\u00edn\",\"item\":\"https:\\\/\\\/www.editorialjuventud.es\\\/coleccion\\\/las-aventuras-de-tintin\\\/\"},{\"@type\":\"ListItem\",\"position\":6,\"name\":\"Objetivo: la Luna\"}]},{\"@type\":\"WebSite\",\"@id\":\"https:\\\/\\\/www.editorialjuventud.es\\\/#website\",\"url\":\"https:\\\/\\\/www.editorialjuventud.es\\\/\",\"name\":\"Editorial Juventud\",\"description\":\"\",\"potentialAction\":[{\"@type\":\"SearchAction\",\"target\":{\"@type\":\"EntryPoint\",\"urlTemplate\":\"https:\\\/\\\/www.editorialjuventud.es\\\/?s={search_term_string}\"},\"query-input\":{\"@type\":\"PropertyValueSpecification\",\"valueRequired\":true,\"valueName\":\"search_term_string\"}}],\"inLanguage\":\"ca\"}]}<\/script>\n<!-- \/ Yoast SEO plugin. -->","yoast_head_json":{"title":"Objetivo: la Luna - Editorial Juventud","description":"Esta obra empez\u00f3 a publicarse en el semanario Tint\u00edn a partir del 30 de marzo del a\u00f1o 1950, diecinueve a\u00f1os antes de la llegada del hombre a la luna. No se trata de ciencia ficci\u00f3n sino de una anticipaci\u00f3n tan precisa como le fue posible.","robots":{"index":"index","follow":"follow","max-snippet":"max-snippet:-1","max-image-preview":"max-image-preview:large","max-video-preview":"max-video-preview:-1"},"canonical":"https:\/\/www.editorialjuventud.es\/objetivo-la-luna-9788426108654\/","og_locale":"ca_ES","og_type":"article","og_title":"Objetivo: la Luna - Editorial Juventud","og_description":"Esta obra empez\u00f3 a publicarse en el semanario Tint\u00edn a partir del 30 de marzo del a\u00f1o 1950, diecinueve a\u00f1os antes de la llegada del hombre a la luna. No se trata de ciencia ficci\u00f3n sino de una anticipaci\u00f3n tan precisa como le fue posible.","og_url":"https:\/\/www.editorialjuventud.es\/objetivo-la-luna-9788426108654\/","og_site_name":"Editorial Juventud","article_modified_time":"2026-05-11T09:45:08+00:00","og_image":[{"width":1447,"height":2005,"url":"https:\/\/www.editorialjuventud.es\/wp-content\/uploads\/portada_CAST_def.jpg","type":"image\/jpeg"}],"twitter_card":"summary_large_image","twitter_misc":{"Temps estimat de lectura":"1 minut"},"schema":{"@context":"https:\/\/schema.org","@graph":[{"@type":"WebPage","@id":"https:\/\/www.editorialjuventud.es\/objetivo-la-luna-9788426108654\/","url":"https:\/\/www.editorialjuventud.es\/objetivo-la-luna-9788426108654\/","name":"Objetivo: la Luna - Editorial Juventud","isPartOf":{"@id":"https:\/\/www.editorialjuventud.es\/#website"},"primaryImageOfPage":{"@id":"https:\/\/www.editorialjuventud.es\/objetivo-la-luna-9788426108654\/#primaryimage"},"image":{"@id":"https:\/\/www.editorialjuventud.es\/objetivo-la-luna-9788426108654\/#primaryimage"},"thumbnailUrl":"https:\/\/www.editorialjuventud.es\/wp-content\/uploads\/portada_CAST_def.jpg","datePublished":"2018-08-24T08:06:29+00:00","dateModified":"2026-05-11T09:45:08+00:00","description":"Esta obra empez\u00f3 a publicarse en el semanario Tint\u00edn a partir del 30 de marzo del a\u00f1o 1950, diecinueve a\u00f1os antes de la llegada del hombre a la luna. No se trata de ciencia ficci\u00f3n sino de una anticipaci\u00f3n tan precisa como le fue posible.","breadcrumb":{"@id":"https:\/\/www.editorialjuventud.es\/objetivo-la-luna-9788426108654\/#breadcrumb"},"inLanguage":"ca","potentialAction":[{"@type":"ReadAction","target":["https:\/\/www.editorialjuventud.es\/objetivo-la-luna-9788426108654\/"]}]},{"@type":"ImageObject","inLanguage":"ca","@id":"https:\/\/www.editorialjuventud.es\/objetivo-la-luna-9788426108654\/#primaryimage","url":"https:\/\/www.editorialjuventud.es\/wp-content\/uploads\/portada_CAST_def.jpg","contentUrl":"https:\/\/www.editorialjuventud.es\/wp-content\/uploads\/portada_CAST_def.jpg","width":1447,"height":2005},{"@type":"BreadcrumbList","@id":"https:\/\/www.editorialjuventud.es\/objetivo-la-luna-9788426108654\/#breadcrumb","itemListElement":[{"@type":"ListItem","position":1,"name":"Portada","item":"https:\/\/www.editorialjuventud.es\/"},{"@type":"ListItem","position":2,"name":"cat\u00e1logo","item":"https:\/\/www.editorialjuventud.es\/coleccion\/catalogo\/"},{"@type":"ListItem","position":3,"name":"castellano","item":"https:\/\/www.editorialjuventud.es\/coleccion\/castellano\/"},{"@type":"ListItem","position":4,"name":"Libros de Tint\u00edn","item":"https:\/\/www.editorialjuventud.es\/coleccion\/libros-de-tintin\/"},{"@type":"ListItem","position":5,"name":"Las Aventuras de Tint\u00edn","item":"https:\/\/www.editorialjuventud.es\/coleccion\/las-aventuras-de-tintin\/"},{"@type":"ListItem","position":6,"name":"Objetivo: la Luna"}]},{"@type":"WebSite","@id":"https:\/\/www.editorialjuventud.es\/#website","url":"https:\/\/www.editorialjuventud.es\/","name":"Editorial Juventud","description":"","potentialAction":[{"@type":"SearchAction","target":{"@type":"EntryPoint","urlTemplate":"https:\/\/www.editorialjuventud.es\/?s={search_term_string}"},"query-input":{"@type":"PropertyValueSpecification","valueRequired":true,"valueName":"search_term_string"}}],"inLanguage":"ca"}]}},"_links":{"self":[{"href":"https:\/\/www.editorialjuventud.es\/ca\/wp-json\/wp\/v2\/product\/4889","targetHints":{"allow":["GET"]}}],"collection":[{"href":"https:\/\/www.editorialjuventud.es\/ca\/wp-json\/wp\/v2\/product"}],"about":[{"href":"https:\/\/www.editorialjuventud.es\/ca\/wp-json\/wp\/v2\/types\/product"}],"wp:featuredmedia":[{"embeddable":true,"href":"https:\/\/www.editorialjuventud.es\/ca\/wp-json\/wp\/v2\/media\/20379"}],"wp:attachment":[{"href":"https:\/\/www.editorialjuventud.es\/ca\/wp-json\/wp\/v2\/media?parent=4889"}],"wp:term":[{"taxonomy":"product_brand","embeddable":true,"href":"https:\/\/www.editorialjuventud.es\/ca\/wp-json\/wp\/v2\/product_brand?post=4889"},{"taxonomy":"product_cat","embeddable":true,"href":"https:\/\/www.editorialjuventud.es\/ca\/wp-json\/wp\/v2\/product_cat?post=4889"},{"taxonomy":"product_tag","embeddable":true,"href":"https:\/\/www.editorialjuventud.es\/ca\/wp-json\/wp\/v2\/product_tag?post=4889"},{"taxonomy":"coleccion","embeddable":true,"href":"https:\/\/www.editorialjuventud.es\/ca\/wp-json\/wp\/v2\/coleccion?post=4889"}],"curies":[{"name":"wp","href":"https:\/\/api.w.org\/{rel}","templated":true}]}}