{"id":4873,"date":"2018-08-24T12:05:24","date_gmt":"2018-08-24T08:05:24","guid":{"rendered":"http:\/\/www.editorialjuventud.es\/la-divina-comedia\/"},"modified":"2024-02-01T09:38:09","modified_gmt":"2024-02-01T08:38:09","slug":"la-divina-comedia-9788426107824","status":"publish","type":"product","link":"https:\/\/www.editorialjuventud.es\/ca\/la-divina-comedia-9788426107824\/","title":{"rendered":"La divina comedia"},"content":{"rendered":"<p>Este vasto poema en tres partes presenta aleg\u00f3ricamente el itinerario del alma, desde las torturas del Infierno al Purgatorio y a las cumbres del Para\u00edso. La marcha de Dante por el M\u00e1s All\u00e1 empieza la noche del 7 de abril de 1300, cuando el poeta ten\u00eda treinta y cinco a\u00f1os, edad que considera \u0093la mitad del camino de nuestra vida\u0094: Virgilio, s\u00edmbolo de la cultura antigua, en la que se hab\u00eda nutrido Dante Alighieri, y Beatriz, s\u00edmbolo de la Revelaci\u00f3n cristiana, gu\u00edan sucesivamente al poeta en su misterioso viaje. Es una sublime summa po\u00e9tica del saber medieval y un maravilloso crisol de elementos teol\u00f3gicos, cient\u00edficos y l\u00edricos. La Divina Comedia es la obra cumbre de toda la Edad Media y una de las creaciones se\u00f1eras de la poes\u00eda universal.<\/p>\n","protected":false},"excerpt":{"rendered":"Este vasto poema en tres partes presenta aleg\u00f3ricamente el itinerario del alma, desde las torturas del Infierno al Purgatorio y a las cumbres del Para\u00edso. La marcha de Dante por el M\u00e1s All\u00e1 empieza la noche del 7 de abril [&hellip;]","protected":false},"featured_media":6606,"template":"","meta":{"_acf_changed":false,"_exactmetrics_skip_tracking":false,"_exactmetrics_sitenote_active":false,"_exactmetrics_sitenote_note":"","_exactmetrics_sitenote_category":0},"product_brand":[],"product_cat":[905,892,1115,1118],"product_tag":[],"coleccion":[916,1083,1007,938],"class_list":{"0":"post-4873","1":"product","2":"type-product","3":"status-publish","4":"has-post-thumbnail","6":"product_cat-adulto","7":"product_cat-edades","8":"product_cat-generos","9":"product_cat-literatura-clasica","10":"coleccion-castellano","11":"coleccion-clasicos","12":"coleccion-coleccion-z","13":"coleccion-libros-de-bolsillo","15":"first","16":"instock","17":"taxable","18":"shipping-taxable","19":"purchasable","20":"product-type-simple"},"acf":{"autor":"DANTE","codart":"0782-6","ediciones":"7","encuadernacion":"Bolsillo","fecha_de_publicacion":"01\/05\/1987","novedad":"0","paginas":"360","subtitulo":"","texto_web_adicional":"","texto_web_novedad":"","orden":"999","portada":"0","texto_web_resaltado":"","indice":"","autores-libros":[16182],"ilustradores-libros":"","traductores-libros":[17944],"fecha_de_reimpresion":"01\/01\/2017","descripcion_corta":"","recomendamos":"","mas_vendido":"","idioma-libro":"","color":false,"formato":"","mas_informacion_del_producto":false,"premios":false,"deshabilitar_compra":["deshabilitar"],"texto_enlace_cubierta":"","enlace_cubierta":false,"texto_enlace_ficha_tecnica":"","enlace_ficha_tecnica":false,"ficheros":false,"titulo-fr":"","texto-fr":""},"yoast_head":"<!-- This site is optimized with the Yoast SEO plugin v27.5 - https:\/\/yoast.com\/product\/yoast-seo-wordpress\/ -->\n<title>La divina comedia - Editorial Juventud<\/title>\n<meta name=\"description\" content=\"Este vasto poema en tres partes presenta aleg\u00f3ricamente el itinerario del alma, desde las torturas del Infierno al Purgatorio y a las cumbres del Para\u00edso.\" \/>\n<meta name=\"robots\" content=\"index, follow, max-snippet:-1, max-image-preview:large, max-video-preview:-1\" \/>\n<link rel=\"canonical\" href=\"https:\/\/www.editorialjuventud.es\/la-divina-comedia-9788426107824\/\" \/>\n<meta property=\"og:locale\" content=\"ca_ES\" \/>\n<meta property=\"og:type\" content=\"article\" \/>\n<meta property=\"og:title\" content=\"La divina comedia - Editorial Juventud\" \/>\n<meta property=\"og:description\" content=\"Este vasto poema en tres partes presenta aleg\u00f3ricamente el itinerario del alma, desde las torturas del Infierno al Purgatorio y a las cumbres del Para\u00edso.\" \/>\n<meta property=\"og:url\" content=\"https:\/\/www.editorialjuventud.es\/la-divina-comedia-9788426107824\/\" \/>\n<meta property=\"og:site_name\" content=\"Editorial Juventud\" \/>\n<meta property=\"article:modified_time\" content=\"2024-02-01T08:38:09+00:00\" \/>\n<meta property=\"og:image\" content=\"https:\/\/www.editorialjuventud.es\/wp-content\/uploads\/0782.jpg\" \/>\n\t<meta property=\"og:image:width\" content=\"292\" \/>\n\t<meta property=\"og:image:height\" content=\"450\" \/>\n\t<meta property=\"og:image:type\" content=\"image\/jpeg\" \/>\n<meta name=\"twitter:card\" content=\"summary_large_image\" \/>\n<meta name=\"twitter:label1\" content=\"Temps estimat de lectura\" \/>\n\t<meta name=\"twitter:data1\" content=\"1 minut\" \/>\n<script type=\"application\/ld+json\" class=\"yoast-schema-graph\">{\"@context\":\"https:\\\/\\\/schema.org\",\"@graph\":[{\"@type\":\"WebPage\",\"@id\":\"https:\\\/\\\/www.editorialjuventud.es\\\/la-divina-comedia-9788426107824\\\/\",\"url\":\"https:\\\/\\\/www.editorialjuventud.es\\\/la-divina-comedia-9788426107824\\\/\",\"name\":\"La divina comedia - Editorial Juventud\",\"isPartOf\":{\"@id\":\"https:\\\/\\\/www.editorialjuventud.es\\\/#website\"},\"primaryImageOfPage\":{\"@id\":\"https:\\\/\\\/www.editorialjuventud.es\\\/la-divina-comedia-9788426107824\\\/#primaryimage\"},\"image\":{\"@id\":\"https:\\\/\\\/www.editorialjuventud.es\\\/la-divina-comedia-9788426107824\\\/#primaryimage\"},\"thumbnailUrl\":\"https:\\\/\\\/www.editorialjuventud.es\\\/wp-content\\\/uploads\\\/0782.jpg\",\"datePublished\":\"2018-08-24T08:05:24+00:00\",\"dateModified\":\"2024-02-01T08:38:09+00:00\",\"description\":\"Este vasto poema en tres partes presenta aleg\u00f3ricamente el itinerario del alma, desde las torturas del Infierno al Purgatorio y a las cumbres del Para\u00edso.\",\"breadcrumb\":{\"@id\":\"https:\\\/\\\/www.editorialjuventud.es\\\/la-divina-comedia-9788426107824\\\/#breadcrumb\"},\"inLanguage\":\"ca\",\"potentialAction\":[{\"@type\":\"ReadAction\",\"target\":[\"https:\\\/\\\/www.editorialjuventud.es\\\/la-divina-comedia-9788426107824\\\/\"]}]},{\"@type\":\"ImageObject\",\"inLanguage\":\"ca\",\"@id\":\"https:\\\/\\\/www.editorialjuventud.es\\\/la-divina-comedia-9788426107824\\\/#primaryimage\",\"url\":\"https:\\\/\\\/www.editorialjuventud.es\\\/wp-content\\\/uploads\\\/0782.jpg\",\"contentUrl\":\"https:\\\/\\\/www.editorialjuventud.es\\\/wp-content\\\/uploads\\\/0782.jpg\",\"width\":292,\"height\":450,\"caption\":\"0782.jpg\"},{\"@type\":\"BreadcrumbList\",\"@id\":\"https:\\\/\\\/www.editorialjuventud.es\\\/la-divina-comedia-9788426107824\\\/#breadcrumb\",\"itemListElement\":[{\"@type\":\"ListItem\",\"position\":1,\"name\":\"Portada\",\"item\":\"https:\\\/\\\/www.editorialjuventud.es\\\/\"},{\"@type\":\"ListItem\",\"position\":2,\"name\":\"cat\u00e1logo\",\"item\":\"https:\\\/\\\/www.editorialjuventud.es\\\/coleccion\\\/catalogo\\\/\"},{\"@type\":\"ListItem\",\"position\":3,\"name\":\"castellano\",\"item\":\"https:\\\/\\\/www.editorialjuventud.es\\\/coleccion\\\/castellano\\\/\"},{\"@type\":\"ListItem\",\"position\":4,\"name\":\"Libros de Bolsillo\",\"item\":\"https:\\\/\\\/www.editorialjuventud.es\\\/coleccion\\\/libros-de-bolsillo\\\/\"},{\"@type\":\"ListItem\",\"position\":5,\"name\":\"Colecci\u00f3n Z\",\"item\":\"https:\\\/\\\/www.editorialjuventud.es\\\/coleccion\\\/coleccion-z\\\/\"},{\"@type\":\"ListItem\",\"position\":6,\"name\":\"Cl\u00e1sicos\",\"item\":\"https:\\\/\\\/www.editorialjuventud.es\\\/ca\\\/coleccion\\\/clasicos\\\/\"},{\"@type\":\"ListItem\",\"position\":7,\"name\":\"La divina comedia\"}]},{\"@type\":\"WebSite\",\"@id\":\"https:\\\/\\\/www.editorialjuventud.es\\\/#website\",\"url\":\"https:\\\/\\\/www.editorialjuventud.es\\\/\",\"name\":\"Editorial Juventud\",\"description\":\"\",\"potentialAction\":[{\"@type\":\"SearchAction\",\"target\":{\"@type\":\"EntryPoint\",\"urlTemplate\":\"https:\\\/\\\/www.editorialjuventud.es\\\/?s={search_term_string}\"},\"query-input\":{\"@type\":\"PropertyValueSpecification\",\"valueRequired\":true,\"valueName\":\"search_term_string\"}}],\"inLanguage\":\"ca\"}]}<\/script>\n<!-- \/ Yoast SEO plugin. -->","yoast_head_json":{"title":"La divina comedia - Editorial Juventud","description":"Este vasto poema en tres partes presenta aleg\u00f3ricamente el itinerario del alma, desde las torturas del Infierno al Purgatorio y a las cumbres del Para\u00edso.","robots":{"index":"index","follow":"follow","max-snippet":"max-snippet:-1","max-image-preview":"max-image-preview:large","max-video-preview":"max-video-preview:-1"},"canonical":"https:\/\/www.editorialjuventud.es\/la-divina-comedia-9788426107824\/","og_locale":"ca_ES","og_type":"article","og_title":"La divina comedia - Editorial Juventud","og_description":"Este vasto poema en tres partes presenta aleg\u00f3ricamente el itinerario del alma, desde las torturas del Infierno al Purgatorio y a las cumbres del Para\u00edso.","og_url":"https:\/\/www.editorialjuventud.es\/la-divina-comedia-9788426107824\/","og_site_name":"Editorial Juventud","article_modified_time":"2024-02-01T08:38:09+00:00","og_image":[{"width":292,"height":450,"url":"https:\/\/www.editorialjuventud.es\/wp-content\/uploads\/0782.jpg","type":"image\/jpeg"}],"twitter_card":"summary_large_image","twitter_misc":{"Temps estimat de lectura":"1 minut"},"schema":{"@context":"https:\/\/schema.org","@graph":[{"@type":"WebPage","@id":"https:\/\/www.editorialjuventud.es\/la-divina-comedia-9788426107824\/","url":"https:\/\/www.editorialjuventud.es\/la-divina-comedia-9788426107824\/","name":"La divina comedia - Editorial Juventud","isPartOf":{"@id":"https:\/\/www.editorialjuventud.es\/#website"},"primaryImageOfPage":{"@id":"https:\/\/www.editorialjuventud.es\/la-divina-comedia-9788426107824\/#primaryimage"},"image":{"@id":"https:\/\/www.editorialjuventud.es\/la-divina-comedia-9788426107824\/#primaryimage"},"thumbnailUrl":"https:\/\/www.editorialjuventud.es\/wp-content\/uploads\/0782.jpg","datePublished":"2018-08-24T08:05:24+00:00","dateModified":"2024-02-01T08:38:09+00:00","description":"Este vasto poema en tres partes presenta aleg\u00f3ricamente el itinerario del alma, desde las torturas del Infierno al Purgatorio y a las cumbres del Para\u00edso.","breadcrumb":{"@id":"https:\/\/www.editorialjuventud.es\/la-divina-comedia-9788426107824\/#breadcrumb"},"inLanguage":"ca","potentialAction":[{"@type":"ReadAction","target":["https:\/\/www.editorialjuventud.es\/la-divina-comedia-9788426107824\/"]}]},{"@type":"ImageObject","inLanguage":"ca","@id":"https:\/\/www.editorialjuventud.es\/la-divina-comedia-9788426107824\/#primaryimage","url":"https:\/\/www.editorialjuventud.es\/wp-content\/uploads\/0782.jpg","contentUrl":"https:\/\/www.editorialjuventud.es\/wp-content\/uploads\/0782.jpg","width":292,"height":450,"caption":"0782.jpg"},{"@type":"BreadcrumbList","@id":"https:\/\/www.editorialjuventud.es\/la-divina-comedia-9788426107824\/#breadcrumb","itemListElement":[{"@type":"ListItem","position":1,"name":"Portada","item":"https:\/\/www.editorialjuventud.es\/"},{"@type":"ListItem","position":2,"name":"cat\u00e1logo","item":"https:\/\/www.editorialjuventud.es\/coleccion\/catalogo\/"},{"@type":"ListItem","position":3,"name":"castellano","item":"https:\/\/www.editorialjuventud.es\/coleccion\/castellano\/"},{"@type":"ListItem","position":4,"name":"Libros de Bolsillo","item":"https:\/\/www.editorialjuventud.es\/coleccion\/libros-de-bolsillo\/"},{"@type":"ListItem","position":5,"name":"Colecci\u00f3n Z","item":"https:\/\/www.editorialjuventud.es\/coleccion\/coleccion-z\/"},{"@type":"ListItem","position":6,"name":"Cl\u00e1sicos","item":"https:\/\/www.editorialjuventud.es\/ca\/coleccion\/clasicos\/"},{"@type":"ListItem","position":7,"name":"La divina comedia"}]},{"@type":"WebSite","@id":"https:\/\/www.editorialjuventud.es\/#website","url":"https:\/\/www.editorialjuventud.es\/","name":"Editorial Juventud","description":"","potentialAction":[{"@type":"SearchAction","target":{"@type":"EntryPoint","urlTemplate":"https:\/\/www.editorialjuventud.es\/?s={search_term_string}"},"query-input":{"@type":"PropertyValueSpecification","valueRequired":true,"valueName":"search_term_string"}}],"inLanguage":"ca"}]}},"_links":{"self":[{"href":"https:\/\/www.editorialjuventud.es\/ca\/wp-json\/wp\/v2\/product\/4873","targetHints":{"allow":["GET"]}}],"collection":[{"href":"https:\/\/www.editorialjuventud.es\/ca\/wp-json\/wp\/v2\/product"}],"about":[{"href":"https:\/\/www.editorialjuventud.es\/ca\/wp-json\/wp\/v2\/types\/product"}],"wp:featuredmedia":[{"embeddable":true,"href":"https:\/\/www.editorialjuventud.es\/ca\/wp-json\/wp\/v2\/media\/6606"}],"wp:attachment":[{"href":"https:\/\/www.editorialjuventud.es\/ca\/wp-json\/wp\/v2\/media?parent=4873"}],"wp:term":[{"taxonomy":"product_brand","embeddable":true,"href":"https:\/\/www.editorialjuventud.es\/ca\/wp-json\/wp\/v2\/product_brand?post=4873"},{"taxonomy":"product_cat","embeddable":true,"href":"https:\/\/www.editorialjuventud.es\/ca\/wp-json\/wp\/v2\/product_cat?post=4873"},{"taxonomy":"product_tag","embeddable":true,"href":"https:\/\/www.editorialjuventud.es\/ca\/wp-json\/wp\/v2\/product_tag?post=4873"},{"taxonomy":"coleccion","embeddable":true,"href":"https:\/\/www.editorialjuventud.es\/ca\/wp-json\/wp\/v2\/coleccion?post=4873"}],"curies":[{"name":"wp","href":"https:\/\/api.w.org\/{rel}","templated":true}]}}