{"id":4864,"date":"2018-08-24T12:04:46","date_gmt":"2018-08-24T08:04:46","guid":{"rendered":"http:\/\/www.editorialjuventud.es\/la-vuelta-al-mundo-del-gipsy-moth\/"},"modified":"2022-11-25T09:07:42","modified_gmt":"2022-11-25T08:07:42","slug":"la-vuelta-al-mundo-del-gipsy-moth-9788426107442","status":"publish","type":"product","link":"https:\/\/www.editorialjuventud.es\/ca\/la-vuelta-al-mundo-del-gipsy-moth-9788426107442\/","title":{"rendered":"La vuelta al mundo del Gipsy Moth"},"content":{"rendered":"<p>La vuelta al mundo del Gipsy Moth es uno de los \u0093cl\u00e1sicos\u0094 m\u00e1s le\u00eddos entre los relatos de navegaci\u00f3n.<br \/>\nSir Francis Chichester zarp\u00f3 de Plymouth el 27 de agosto de 1966, cumpli\u00f3 en alta mar sus 65 a\u00f1os, y sin apenas ver tierra arrib\u00f3 a Sidney, tras 107 d\u00edas de navegaci\u00f3n. Despu\u00e9s de un merecido descanso emprendi\u00f3 el camino de regreso, llegando a Plymouth el 28 de mayo de 1967. En el curso de su circunnavegaci\u00f3n, el autor hubo de enfrentarse a los elementos adversos y bati\u00f3 varios r\u00e9cords, pero lo que entusiasm\u00f3 a la prensa y las gentes de todo el mundo fue que un hombre que ya no era joven, superando los peligros y obst\u00e1culos, realizara una gran proeza individual en un periplo tan largo.<br \/>\nEste libro es la apasionante cr\u00f3nica, escrita por el mismo protagonista, de una de las gestas m\u00e1s importantes de nuestra \u00e9poca. Escrito en buena parte durante el per\u00edodo de navegaci\u00f3n, es un documento excepcional para explicarse la entereza, la tenacidad y la valent\u00eda del extraordinario navegante solitario.<\/p>\n","protected":false},"excerpt":{"rendered":"La vuelta al mundo del Gipsy Moth es uno de los \u0093cl\u00e1sicos\u0094 m\u00e1s le\u00eddos entre los relatos de navegaci\u00f3n. Sir Francis Chichester zarp\u00f3 de Plymouth el 27 de agosto de 1966, cumpli\u00f3 en alta mar sus 65 a\u00f1os, y sin [&hellip;]","protected":false},"featured_media":6574,"template":"","meta":{"_acf_changed":false,"_exactmetrics_skip_tracking":false,"_exactmetrics_sitenote_active":false,"_exactmetrics_sitenote_note":"","_exactmetrics_sitenote_category":0},"product_brand":[],"product_cat":[905,892,1115,1120,1117],"product_tag":[],"coleccion":[916,936,1363],"class_list":{"0":"post-4864","1":"product","2":"type-product","3":"status-publish","4":"has-post-thumbnail","6":"product_cat-adulto","7":"product_cat-edades","8":"product_cat-generos","9":"product_cat-nautica","10":"product_cat-no-ficcion-adulto","11":"coleccion-castellano","12":"coleccion-lecturas-en-torno-al-mar","13":"coleccion-viajes-aventuras-y-expediciones-lecturas-en-torno-al-mar","15":"first","16":"instock","17":"taxable","18":"shipping-taxable","19":"purchasable","20":"product-type-simple"},"acf":{"autores-libros":[16277]},"yoast_head":"<!-- This site is optimized with the Yoast SEO plugin v27.5 - https:\/\/yoast.com\/product\/yoast-seo-wordpress\/ -->\n<title>La vuelta al mundo del Gipsy Moth - Editorial Juventud<\/title>\n<meta name=\"description\" content=\"La vuelta al mundo del Gipsy Moth es uno de los \u0093cl\u00e1sicos\u0094 m\u00e1s le\u00eddos entre los relatos de navegaci\u00f3n. Sir Francis Chichester zarp\u00f3 de Plymouth el 27 de\" \/>\n<meta name=\"robots\" content=\"index, follow, max-snippet:-1, max-image-preview:large, max-video-preview:-1\" \/>\n<link rel=\"canonical\" href=\"https:\/\/www.editorialjuventud.es\/la-vuelta-al-mundo-del-gipsy-moth-9788426107442\/\" \/>\n<meta property=\"og:locale\" content=\"ca_ES\" \/>\n<meta property=\"og:type\" content=\"article\" \/>\n<meta property=\"og:title\" content=\"La vuelta al mundo del Gipsy Moth - Editorial Juventud\" \/>\n<meta property=\"og:description\" content=\"La vuelta al mundo del Gipsy Moth es uno de los \u0093cl\u00e1sicos\u0094 m\u00e1s le\u00eddos entre los relatos de navegaci\u00f3n. Sir Francis Chichester zarp\u00f3 de Plymouth el 27 de\" \/>\n<meta property=\"og:url\" content=\"https:\/\/www.editorialjuventud.es\/la-vuelta-al-mundo-del-gipsy-moth-9788426107442\/\" \/>\n<meta property=\"og:site_name\" content=\"Editorial Juventud\" \/>\n<meta property=\"article:modified_time\" content=\"2022-11-25T08:07:42+00:00\" \/>\n<meta property=\"og:image\" content=\"https:\/\/www.editorialjuventud.es\/wp-content\/uploads\/0744.jpg\" \/>\n\t<meta property=\"og:image:width\" content=\"285\" \/>\n\t<meta property=\"og:image:height\" content=\"434\" \/>\n\t<meta property=\"og:image:type\" content=\"image\/jpeg\" \/>\n<meta name=\"twitter:card\" content=\"summary_large_image\" \/>\n<meta name=\"twitter:label1\" content=\"Temps estimat de lectura\" \/>\n\t<meta name=\"twitter:data1\" content=\"1 minut\" \/>\n<script type=\"application\/ld+json\" class=\"yoast-schema-graph\">{\"@context\":\"https:\\\/\\\/schema.org\",\"@graph\":[{\"@type\":\"WebPage\",\"@id\":\"https:\\\/\\\/www.editorialjuventud.es\\\/la-vuelta-al-mundo-del-gipsy-moth-9788426107442\\\/\",\"url\":\"https:\\\/\\\/www.editorialjuventud.es\\\/la-vuelta-al-mundo-del-gipsy-moth-9788426107442\\\/\",\"name\":\"La vuelta al mundo del Gipsy Moth - Editorial Juventud\",\"isPartOf\":{\"@id\":\"https:\\\/\\\/www.editorialjuventud.es\\\/#website\"},\"primaryImageOfPage\":{\"@id\":\"https:\\\/\\\/www.editorialjuventud.es\\\/la-vuelta-al-mundo-del-gipsy-moth-9788426107442\\\/#primaryimage\"},\"image\":{\"@id\":\"https:\\\/\\\/www.editorialjuventud.es\\\/la-vuelta-al-mundo-del-gipsy-moth-9788426107442\\\/#primaryimage\"},\"thumbnailUrl\":\"https:\\\/\\\/www.editorialjuventud.es\\\/wp-content\\\/uploads\\\/0744.jpg\",\"datePublished\":\"2018-08-24T08:04:46+00:00\",\"dateModified\":\"2022-11-25T08:07:42+00:00\",\"description\":\"La vuelta al mundo del Gipsy Moth es uno de los \u0093cl\u00e1sicos\u0094 m\u00e1s le\u00eddos entre los relatos de navegaci\u00f3n. Sir Francis Chichester zarp\u00f3 de Plymouth el 27 de\",\"breadcrumb\":{\"@id\":\"https:\\\/\\\/www.editorialjuventud.es\\\/la-vuelta-al-mundo-del-gipsy-moth-9788426107442\\\/#breadcrumb\"},\"inLanguage\":\"ca\",\"potentialAction\":[{\"@type\":\"ReadAction\",\"target\":[\"https:\\\/\\\/www.editorialjuventud.es\\\/la-vuelta-al-mundo-del-gipsy-moth-9788426107442\\\/\"]}]},{\"@type\":\"ImageObject\",\"inLanguage\":\"ca\",\"@id\":\"https:\\\/\\\/www.editorialjuventud.es\\\/la-vuelta-al-mundo-del-gipsy-moth-9788426107442\\\/#primaryimage\",\"url\":\"https:\\\/\\\/www.editorialjuventud.es\\\/wp-content\\\/uploads\\\/0744.jpg\",\"contentUrl\":\"https:\\\/\\\/www.editorialjuventud.es\\\/wp-content\\\/uploads\\\/0744.jpg\",\"width\":285,\"height\":434,\"caption\":\"0744.jpg\"},{\"@type\":\"BreadcrumbList\",\"@id\":\"https:\\\/\\\/www.editorialjuventud.es\\\/la-vuelta-al-mundo-del-gipsy-moth-9788426107442\\\/#breadcrumb\",\"itemListElement\":[{\"@type\":\"ListItem\",\"position\":1,\"name\":\"Portada\",\"item\":\"https:\\\/\\\/www.editorialjuventud.es\\\/\"},{\"@type\":\"ListItem\",\"position\":2,\"name\":\"cat\u00e1logo\",\"item\":\"https:\\\/\\\/www.editorialjuventud.es\\\/coleccion\\\/catalogo\\\/\"},{\"@type\":\"ListItem\",\"position\":3,\"name\":\"castellano\",\"item\":\"https:\\\/\\\/www.editorialjuventud.es\\\/coleccion\\\/castellano\\\/\"},{\"@type\":\"ListItem\",\"position\":4,\"name\":\"Lecturas En torno al Mar\",\"item\":\"https:\\\/\\\/www.editorialjuventud.es\\\/coleccion\\\/lecturas-en-torno-al-mar\\\/\"},{\"@type\":\"ListItem\",\"position\":5,\"name\":\"Viajes, Aventuras y Expediciones\",\"item\":\"https:\\\/\\\/www.editorialjuventud.es\\\/coleccion\\\/viajes-aventuras-y-expediciones-lecturas-en-torno-al-mar\\\/\"},{\"@type\":\"ListItem\",\"position\":6,\"name\":\"La vuelta al mundo del Gipsy Moth\"}]},{\"@type\":\"WebSite\",\"@id\":\"https:\\\/\\\/www.editorialjuventud.es\\\/#website\",\"url\":\"https:\\\/\\\/www.editorialjuventud.es\\\/\",\"name\":\"Editorial Juventud\",\"description\":\"\",\"potentialAction\":[{\"@type\":\"SearchAction\",\"target\":{\"@type\":\"EntryPoint\",\"urlTemplate\":\"https:\\\/\\\/www.editorialjuventud.es\\\/?s={search_term_string}\"},\"query-input\":{\"@type\":\"PropertyValueSpecification\",\"valueRequired\":true,\"valueName\":\"search_term_string\"}}],\"inLanguage\":\"ca\"}]}<\/script>\n<!-- \/ Yoast SEO plugin. -->","yoast_head_json":{"title":"La vuelta al mundo del Gipsy Moth - Editorial Juventud","description":"La vuelta al mundo del Gipsy Moth es uno de los \u0093cl\u00e1sicos\u0094 m\u00e1s le\u00eddos entre los relatos de navegaci\u00f3n. Sir Francis Chichester zarp\u00f3 de Plymouth el 27 de","robots":{"index":"index","follow":"follow","max-snippet":"max-snippet:-1","max-image-preview":"max-image-preview:large","max-video-preview":"max-video-preview:-1"},"canonical":"https:\/\/www.editorialjuventud.es\/la-vuelta-al-mundo-del-gipsy-moth-9788426107442\/","og_locale":"ca_ES","og_type":"article","og_title":"La vuelta al mundo del Gipsy Moth - Editorial Juventud","og_description":"La vuelta al mundo del Gipsy Moth es uno de los \u0093cl\u00e1sicos\u0094 m\u00e1s le\u00eddos entre los relatos de navegaci\u00f3n. Sir Francis Chichester zarp\u00f3 de Plymouth el 27 de","og_url":"https:\/\/www.editorialjuventud.es\/la-vuelta-al-mundo-del-gipsy-moth-9788426107442\/","og_site_name":"Editorial Juventud","article_modified_time":"2022-11-25T08:07:42+00:00","og_image":[{"width":285,"height":434,"url":"https:\/\/www.editorialjuventud.es\/wp-content\/uploads\/0744.jpg","type":"image\/jpeg"}],"twitter_card":"summary_large_image","twitter_misc":{"Temps estimat de lectura":"1 minut"},"schema":{"@context":"https:\/\/schema.org","@graph":[{"@type":"WebPage","@id":"https:\/\/www.editorialjuventud.es\/la-vuelta-al-mundo-del-gipsy-moth-9788426107442\/","url":"https:\/\/www.editorialjuventud.es\/la-vuelta-al-mundo-del-gipsy-moth-9788426107442\/","name":"La vuelta al mundo del Gipsy Moth - Editorial Juventud","isPartOf":{"@id":"https:\/\/www.editorialjuventud.es\/#website"},"primaryImageOfPage":{"@id":"https:\/\/www.editorialjuventud.es\/la-vuelta-al-mundo-del-gipsy-moth-9788426107442\/#primaryimage"},"image":{"@id":"https:\/\/www.editorialjuventud.es\/la-vuelta-al-mundo-del-gipsy-moth-9788426107442\/#primaryimage"},"thumbnailUrl":"https:\/\/www.editorialjuventud.es\/wp-content\/uploads\/0744.jpg","datePublished":"2018-08-24T08:04:46+00:00","dateModified":"2022-11-25T08:07:42+00:00","description":"La vuelta al mundo del Gipsy Moth es uno de los \u0093cl\u00e1sicos\u0094 m\u00e1s le\u00eddos entre los relatos de navegaci\u00f3n. Sir Francis Chichester zarp\u00f3 de Plymouth el 27 de","breadcrumb":{"@id":"https:\/\/www.editorialjuventud.es\/la-vuelta-al-mundo-del-gipsy-moth-9788426107442\/#breadcrumb"},"inLanguage":"ca","potentialAction":[{"@type":"ReadAction","target":["https:\/\/www.editorialjuventud.es\/la-vuelta-al-mundo-del-gipsy-moth-9788426107442\/"]}]},{"@type":"ImageObject","inLanguage":"ca","@id":"https:\/\/www.editorialjuventud.es\/la-vuelta-al-mundo-del-gipsy-moth-9788426107442\/#primaryimage","url":"https:\/\/www.editorialjuventud.es\/wp-content\/uploads\/0744.jpg","contentUrl":"https:\/\/www.editorialjuventud.es\/wp-content\/uploads\/0744.jpg","width":285,"height":434,"caption":"0744.jpg"},{"@type":"BreadcrumbList","@id":"https:\/\/www.editorialjuventud.es\/la-vuelta-al-mundo-del-gipsy-moth-9788426107442\/#breadcrumb","itemListElement":[{"@type":"ListItem","position":1,"name":"Portada","item":"https:\/\/www.editorialjuventud.es\/"},{"@type":"ListItem","position":2,"name":"cat\u00e1logo","item":"https:\/\/www.editorialjuventud.es\/coleccion\/catalogo\/"},{"@type":"ListItem","position":3,"name":"castellano","item":"https:\/\/www.editorialjuventud.es\/coleccion\/castellano\/"},{"@type":"ListItem","position":4,"name":"Lecturas En torno al Mar","item":"https:\/\/www.editorialjuventud.es\/coleccion\/lecturas-en-torno-al-mar\/"},{"@type":"ListItem","position":5,"name":"Viajes, Aventuras y Expediciones","item":"https:\/\/www.editorialjuventud.es\/coleccion\/viajes-aventuras-y-expediciones-lecturas-en-torno-al-mar\/"},{"@type":"ListItem","position":6,"name":"La vuelta al mundo del Gipsy Moth"}]},{"@type":"WebSite","@id":"https:\/\/www.editorialjuventud.es\/#website","url":"https:\/\/www.editorialjuventud.es\/","name":"Editorial Juventud","description":"","potentialAction":[{"@type":"SearchAction","target":{"@type":"EntryPoint","urlTemplate":"https:\/\/www.editorialjuventud.es\/?s={search_term_string}"},"query-input":{"@type":"PropertyValueSpecification","valueRequired":true,"valueName":"search_term_string"}}],"inLanguage":"ca"}]}},"_links":{"self":[{"href":"https:\/\/www.editorialjuventud.es\/ca\/wp-json\/wp\/v2\/product\/4864","targetHints":{"allow":["GET"]}}],"collection":[{"href":"https:\/\/www.editorialjuventud.es\/ca\/wp-json\/wp\/v2\/product"}],"about":[{"href":"https:\/\/www.editorialjuventud.es\/ca\/wp-json\/wp\/v2\/types\/product"}],"wp:featuredmedia":[{"embeddable":true,"href":"https:\/\/www.editorialjuventud.es\/ca\/wp-json\/wp\/v2\/media\/6574"}],"wp:attachment":[{"href":"https:\/\/www.editorialjuventud.es\/ca\/wp-json\/wp\/v2\/media?parent=4864"}],"wp:term":[{"taxonomy":"product_brand","embeddable":true,"href":"https:\/\/www.editorialjuventud.es\/ca\/wp-json\/wp\/v2\/product_brand?post=4864"},{"taxonomy":"product_cat","embeddable":true,"href":"https:\/\/www.editorialjuventud.es\/ca\/wp-json\/wp\/v2\/product_cat?post=4864"},{"taxonomy":"product_tag","embeddable":true,"href":"https:\/\/www.editorialjuventud.es\/ca\/wp-json\/wp\/v2\/product_tag?post=4864"},{"taxonomy":"coleccion","embeddable":true,"href":"https:\/\/www.editorialjuventud.es\/ca\/wp-json\/wp\/v2\/coleccion?post=4864"}],"curies":[{"name":"wp","href":"https:\/\/api.w.org\/{rel}","templated":true}]}}