{"id":4863,"date":"2018-08-24T12:04:42","date_gmt":"2018-08-24T08:04:42","guid":{"rendered":"http:\/\/www.editorialjuventud.es\/asi-fue-la-guerra-submarina\/"},"modified":"2025-07-23T09:15:09","modified_gmt":"2025-07-23T07:15:09","slug":"asi-fue-la-guerra-submarina-9788426107381","status":"publish","type":"product","link":"https:\/\/www.editorialjuventud.es\/ca\/asi-fue-la-guerra-submarina-9788426107381\/","title":{"rendered":"As\u00ed fue la guerra submarina"},"content":{"rendered":"<p>Para escribir su extraordinario libro Busch se ha documentado profundamente en archivos de las dos partes que lucharon en la \u00faltima gran guerra. Adem\u00e1s de largas conversaciones con sus antiguos camaradas, se ha basado en las fuentes m\u00e1s responsables para reflejar todo el hero\u00edsmo de aquellas haza\u00f1as realizadas por unos seres que eran hombres y no dioses y que en la amarga hora del combate se encontraban &#8220;con el alma desnuda y el rostro al viento&#8221;<\/p>\n","protected":false},"excerpt":{"rendered":"Para escribir su extraordinario libro Busch se ha documentado profundamente en archivos de las dos partes que lucharon en la \u00faltima gran guerra. Adem\u00e1s de largas conversaciones con sus antiguos camaradas, se ha basado en las fuentes m\u00e1s responsables para [&hellip;]","protected":false},"featured_media":6566,"template":"","meta":{"_acf_changed":false,"_exactmetrics_skip_tracking":false,"_exactmetrics_sitenote_active":false,"_exactmetrics_sitenote_note":"","_exactmetrics_sitenote_category":0},"product_brand":[],"product_cat":[905,1180,1117],"product_tag":[],"coleccion":[936,1363],"class_list":{"0":"post-4863","1":"product","2":"type-product","3":"status-publish","4":"has-post-thumbnail","6":"product_cat-adulto","7":"product_cat-guerra","8":"product_cat-no-ficcion-adulto","9":"coleccion-lecturas-en-torno-al-mar","10":"coleccion-viajes-aventuras-y-expediciones-lecturas-en-torno-al-mar","12":"first","13":"instock","14":"taxable","15":"shipping-taxable","16":"purchasable","17":"product-type-simple"},"acf":{"autor":"Busch, Harald","codart":"0738-9","ediciones":"6","encuadernacion":"R\u00fastica","fecha_de_publicacion":"27\/09\/1989","novedad":"0","paginas":"532","subtitulo":"","texto_web_adicional":"","texto_web_novedad":"","orden":"999","portada":"0","texto_web_resaltado":"","autores-libros":[16253]},"yoast_head":"<!-- This site is optimized with the Yoast SEO plugin v27.5 - https:\/\/yoast.com\/product\/yoast-seo-wordpress\/ -->\n<title>As\u00ed fue la guerra submarina - Editorial Juventud<\/title>\n<meta name=\"description\" content=\"Para escribir su extraordinario libro Busch se ha documentado profundamente en archivos de las dos partes que lucharon en la \u00faltima gran guerra. Adem\u00e1s de\" \/>\n<meta name=\"robots\" content=\"index, follow, max-snippet:-1, max-image-preview:large, max-video-preview:-1\" \/>\n<link rel=\"canonical\" href=\"https:\/\/www.editorialjuventud.es\/asi-fue-la-guerra-submarina-9788426107381\/\" \/>\n<meta property=\"og:locale\" content=\"ca_ES\" \/>\n<meta property=\"og:type\" content=\"article\" \/>\n<meta property=\"og:title\" content=\"As\u00ed fue la guerra submarina - Editorial Juventud\" \/>\n<meta property=\"og:description\" content=\"Para escribir su extraordinario libro Busch se ha documentado profundamente en archivos de las dos partes que lucharon en la \u00faltima gran guerra. Adem\u00e1s de\" \/>\n<meta property=\"og:url\" content=\"https:\/\/www.editorialjuventud.es\/asi-fue-la-guerra-submarina-9788426107381\/\" \/>\n<meta property=\"og:site_name\" content=\"Editorial Juventud\" \/>\n<meta property=\"article:modified_time\" content=\"2025-07-23T07:15:09+00:00\" \/>\n<meta property=\"og:image\" content=\"https:\/\/www.editorialjuventud.es\/wp-content\/uploads\/0738.jpg\" \/>\n\t<meta property=\"og:image:width\" content=\"298\" \/>\n\t<meta property=\"og:image:height\" content=\"450\" \/>\n\t<meta property=\"og:image:type\" content=\"image\/jpeg\" \/>\n<meta name=\"twitter:card\" content=\"summary_large_image\" \/>\n<script type=\"application\/ld+json\" class=\"yoast-schema-graph\">{\"@context\":\"https:\\\/\\\/schema.org\",\"@graph\":[{\"@type\":\"WebPage\",\"@id\":\"https:\\\/\\\/www.editorialjuventud.es\\\/asi-fue-la-guerra-submarina-9788426107381\\\/\",\"url\":\"https:\\\/\\\/www.editorialjuventud.es\\\/asi-fue-la-guerra-submarina-9788426107381\\\/\",\"name\":\"As\u00ed fue la guerra submarina - Editorial Juventud\",\"isPartOf\":{\"@id\":\"https:\\\/\\\/www.editorialjuventud.es\\\/#website\"},\"primaryImageOfPage\":{\"@id\":\"https:\\\/\\\/www.editorialjuventud.es\\\/asi-fue-la-guerra-submarina-9788426107381\\\/#primaryimage\"},\"image\":{\"@id\":\"https:\\\/\\\/www.editorialjuventud.es\\\/asi-fue-la-guerra-submarina-9788426107381\\\/#primaryimage\"},\"thumbnailUrl\":\"https:\\\/\\\/www.editorialjuventud.es\\\/wp-content\\\/uploads\\\/0738.jpg\",\"datePublished\":\"2018-08-24T08:04:42+00:00\",\"dateModified\":\"2025-07-23T07:15:09+00:00\",\"description\":\"Para escribir su extraordinario libro Busch se ha documentado profundamente en archivos de las dos partes que lucharon en la \u00faltima gran guerra. Adem\u00e1s de\",\"breadcrumb\":{\"@id\":\"https:\\\/\\\/www.editorialjuventud.es\\\/asi-fue-la-guerra-submarina-9788426107381\\\/#breadcrumb\"},\"inLanguage\":\"ca\",\"potentialAction\":[{\"@type\":\"ReadAction\",\"target\":[\"https:\\\/\\\/www.editorialjuventud.es\\\/asi-fue-la-guerra-submarina-9788426107381\\\/\"]}]},{\"@type\":\"ImageObject\",\"inLanguage\":\"ca\",\"@id\":\"https:\\\/\\\/www.editorialjuventud.es\\\/asi-fue-la-guerra-submarina-9788426107381\\\/#primaryimage\",\"url\":\"https:\\\/\\\/www.editorialjuventud.es\\\/wp-content\\\/uploads\\\/0738.jpg\",\"contentUrl\":\"https:\\\/\\\/www.editorialjuventud.es\\\/wp-content\\\/uploads\\\/0738.jpg\",\"width\":298,\"height\":450,\"caption\":\"0738.jpg\"},{\"@type\":\"BreadcrumbList\",\"@id\":\"https:\\\/\\\/www.editorialjuventud.es\\\/asi-fue-la-guerra-submarina-9788426107381\\\/#breadcrumb\",\"itemListElement\":[{\"@type\":\"ListItem\",\"position\":1,\"name\":\"Portada\",\"item\":\"https:\\\/\\\/www.editorialjuventud.es\\\/\"},{\"@type\":\"ListItem\",\"position\":2,\"name\":\"cat\u00e1logo\",\"item\":\"https:\\\/\\\/www.editorialjuventud.es\\\/coleccion\\\/catalogo\\\/\"},{\"@type\":\"ListItem\",\"position\":3,\"name\":\"castellano\",\"item\":\"https:\\\/\\\/www.editorialjuventud.es\\\/coleccion\\\/castellano\\\/\"},{\"@type\":\"ListItem\",\"position\":4,\"name\":\"Lecturas En torno al Mar\",\"item\":\"https:\\\/\\\/www.editorialjuventud.es\\\/coleccion\\\/lecturas-en-torno-al-mar\\\/\"},{\"@type\":\"ListItem\",\"position\":5,\"name\":\"Viajes, Aventuras y Expediciones\",\"item\":\"https:\\\/\\\/www.editorialjuventud.es\\\/coleccion\\\/viajes-aventuras-y-expediciones-lecturas-en-torno-al-mar\\\/\"},{\"@type\":\"ListItem\",\"position\":6,\"name\":\"As\u00ed fue la guerra submarina\"}]},{\"@type\":\"WebSite\",\"@id\":\"https:\\\/\\\/www.editorialjuventud.es\\\/#website\",\"url\":\"https:\\\/\\\/www.editorialjuventud.es\\\/\",\"name\":\"Editorial Juventud\",\"description\":\"\",\"potentialAction\":[{\"@type\":\"SearchAction\",\"target\":{\"@type\":\"EntryPoint\",\"urlTemplate\":\"https:\\\/\\\/www.editorialjuventud.es\\\/?s={search_term_string}\"},\"query-input\":{\"@type\":\"PropertyValueSpecification\",\"valueRequired\":true,\"valueName\":\"search_term_string\"}}],\"inLanguage\":\"ca\"}]}<\/script>\n<!-- \/ Yoast SEO plugin. -->","yoast_head_json":{"title":"As\u00ed fue la guerra submarina - Editorial Juventud","description":"Para escribir su extraordinario libro Busch se ha documentado profundamente en archivos de las dos partes que lucharon en la \u00faltima gran guerra. Adem\u00e1s de","robots":{"index":"index","follow":"follow","max-snippet":"max-snippet:-1","max-image-preview":"max-image-preview:large","max-video-preview":"max-video-preview:-1"},"canonical":"https:\/\/www.editorialjuventud.es\/asi-fue-la-guerra-submarina-9788426107381\/","og_locale":"ca_ES","og_type":"article","og_title":"As\u00ed fue la guerra submarina - Editorial Juventud","og_description":"Para escribir su extraordinario libro Busch se ha documentado profundamente en archivos de las dos partes que lucharon en la \u00faltima gran guerra. Adem\u00e1s de","og_url":"https:\/\/www.editorialjuventud.es\/asi-fue-la-guerra-submarina-9788426107381\/","og_site_name":"Editorial Juventud","article_modified_time":"2025-07-23T07:15:09+00:00","og_image":[{"width":298,"height":450,"url":"https:\/\/www.editorialjuventud.es\/wp-content\/uploads\/0738.jpg","type":"image\/jpeg"}],"twitter_card":"summary_large_image","schema":{"@context":"https:\/\/schema.org","@graph":[{"@type":"WebPage","@id":"https:\/\/www.editorialjuventud.es\/asi-fue-la-guerra-submarina-9788426107381\/","url":"https:\/\/www.editorialjuventud.es\/asi-fue-la-guerra-submarina-9788426107381\/","name":"As\u00ed fue la guerra submarina - Editorial Juventud","isPartOf":{"@id":"https:\/\/www.editorialjuventud.es\/#website"},"primaryImageOfPage":{"@id":"https:\/\/www.editorialjuventud.es\/asi-fue-la-guerra-submarina-9788426107381\/#primaryimage"},"image":{"@id":"https:\/\/www.editorialjuventud.es\/asi-fue-la-guerra-submarina-9788426107381\/#primaryimage"},"thumbnailUrl":"https:\/\/www.editorialjuventud.es\/wp-content\/uploads\/0738.jpg","datePublished":"2018-08-24T08:04:42+00:00","dateModified":"2025-07-23T07:15:09+00:00","description":"Para escribir su extraordinario libro Busch se ha documentado profundamente en archivos de las dos partes que lucharon en la \u00faltima gran guerra. Adem\u00e1s de","breadcrumb":{"@id":"https:\/\/www.editorialjuventud.es\/asi-fue-la-guerra-submarina-9788426107381\/#breadcrumb"},"inLanguage":"ca","potentialAction":[{"@type":"ReadAction","target":["https:\/\/www.editorialjuventud.es\/asi-fue-la-guerra-submarina-9788426107381\/"]}]},{"@type":"ImageObject","inLanguage":"ca","@id":"https:\/\/www.editorialjuventud.es\/asi-fue-la-guerra-submarina-9788426107381\/#primaryimage","url":"https:\/\/www.editorialjuventud.es\/wp-content\/uploads\/0738.jpg","contentUrl":"https:\/\/www.editorialjuventud.es\/wp-content\/uploads\/0738.jpg","width":298,"height":450,"caption":"0738.jpg"},{"@type":"BreadcrumbList","@id":"https:\/\/www.editorialjuventud.es\/asi-fue-la-guerra-submarina-9788426107381\/#breadcrumb","itemListElement":[{"@type":"ListItem","position":1,"name":"Portada","item":"https:\/\/www.editorialjuventud.es\/"},{"@type":"ListItem","position":2,"name":"cat\u00e1logo","item":"https:\/\/www.editorialjuventud.es\/coleccion\/catalogo\/"},{"@type":"ListItem","position":3,"name":"castellano","item":"https:\/\/www.editorialjuventud.es\/coleccion\/castellano\/"},{"@type":"ListItem","position":4,"name":"Lecturas En torno al Mar","item":"https:\/\/www.editorialjuventud.es\/coleccion\/lecturas-en-torno-al-mar\/"},{"@type":"ListItem","position":5,"name":"Viajes, Aventuras y Expediciones","item":"https:\/\/www.editorialjuventud.es\/coleccion\/viajes-aventuras-y-expediciones-lecturas-en-torno-al-mar\/"},{"@type":"ListItem","position":6,"name":"As\u00ed fue la guerra submarina"}]},{"@type":"WebSite","@id":"https:\/\/www.editorialjuventud.es\/#website","url":"https:\/\/www.editorialjuventud.es\/","name":"Editorial Juventud","description":"","potentialAction":[{"@type":"SearchAction","target":{"@type":"EntryPoint","urlTemplate":"https:\/\/www.editorialjuventud.es\/?s={search_term_string}"},"query-input":{"@type":"PropertyValueSpecification","valueRequired":true,"valueName":"search_term_string"}}],"inLanguage":"ca"}]}},"_links":{"self":[{"href":"https:\/\/www.editorialjuventud.es\/ca\/wp-json\/wp\/v2\/product\/4863","targetHints":{"allow":["GET"]}}],"collection":[{"href":"https:\/\/www.editorialjuventud.es\/ca\/wp-json\/wp\/v2\/product"}],"about":[{"href":"https:\/\/www.editorialjuventud.es\/ca\/wp-json\/wp\/v2\/types\/product"}],"wp:featuredmedia":[{"embeddable":true,"href":"https:\/\/www.editorialjuventud.es\/ca\/wp-json\/wp\/v2\/media\/6566"}],"wp:attachment":[{"href":"https:\/\/www.editorialjuventud.es\/ca\/wp-json\/wp\/v2\/media?parent=4863"}],"wp:term":[{"taxonomy":"product_brand","embeddable":true,"href":"https:\/\/www.editorialjuventud.es\/ca\/wp-json\/wp\/v2\/product_brand?post=4863"},{"taxonomy":"product_cat","embeddable":true,"href":"https:\/\/www.editorialjuventud.es\/ca\/wp-json\/wp\/v2\/product_cat?post=4863"},{"taxonomy":"product_tag","embeddable":true,"href":"https:\/\/www.editorialjuventud.es\/ca\/wp-json\/wp\/v2\/product_tag?post=4863"},{"taxonomy":"coleccion","embeddable":true,"href":"https:\/\/www.editorialjuventud.es\/ca\/wp-json\/wp\/v2\/coleccion?post=4863"}],"curies":[{"name":"wp","href":"https:\/\/api.w.org\/{rel}","templated":true}]}}