{"id":4857,"date":"2018-08-24T10:04:17","date_gmt":"2018-08-24T08:04:17","guid":{"rendered":"http:\/\/www.editorialjuventud.es\/confesiones\/"},"modified":"2020-01-23T11:09:35","modified_gmt":"2020-01-23T10:09:35","slug":"confesiones-9788426106643","status":"publish","type":"product","link":"https:\/\/www.editorialjuventud.es\/ca\/confesiones-9788426106643\/","title":{"rendered":"Confesiones"},"content":{"rendered":"<p>Aurelio Agust\u00edn, que \u00e9ste era el verdadero nombre de San Agust\u00edn, naci\u00f3 en Tagaste, en la Numidia, cerca de Cartago, el a\u00f1o 354. Su obra filos\u00f3fica y teol\u00f3gica compila y transforma una serie de doctrinas griegas o hel\u00e9nicas, que influyeron profundamente en su intelecto, sobre todo en la \u00faltima etapa de su crisis, hasta la conversi\u00f3n. En Confesiones, narraci\u00f3n autobiogr\u00e1fica dividida en trece libros, el autor nos cuenta su vida hasta el a\u00f1o 387, despu\u00e9s de su conversi\u00f3n y de la muerte de su madre, llev\u00e1ndonos por las m\u00faltiples etapas de su formaci\u00f3n intelectual, hasta llegar a descubrir la verdad cristiana. Este libro nos brinda con claridad el verdadero sentido de la evoluci\u00f3n del pensamiento de San Agust\u00edn.<\/p>\n","protected":false},"excerpt":{"rendered":"Aurelio Agust\u00edn, que \u00e9ste era el verdadero nombre de San Agust\u00edn, naci\u00f3 en Tagaste, en la Numidia, cerca de Cartago, el a\u00f1o 354. Su obra filos\u00f3fica y teol\u00f3gica compila y transforma una serie de doctrinas griegas o hel\u00e9nicas, que influyeron [&hellip;]","protected":false},"featured_media":6550,"template":"","meta":{"_acf_changed":false,"_exactmetrics_skip_tracking":false,"_exactmetrics_sitenote_active":false,"_exactmetrics_sitenote_note":"","_exactmetrics_sitenote_category":0},"product_brand":[],"product_cat":[905,892,1115,1118],"product_tag":[],"coleccion":[916,1083,1007,938],"class_list":{"0":"post-4857","1":"product","2":"type-product","3":"status-publish","4":"has-post-thumbnail","6":"product_cat-adulto","7":"product_cat-edades","8":"product_cat-generos","9":"product_cat-literatura-clasica","10":"coleccion-castellano","11":"coleccion-clasicos","12":"coleccion-coleccion-z","13":"coleccion-libros-de-bolsillo","15":"first","16":"instock","17":"taxable","18":"shipping-taxable","19":"purchasable","20":"product-type-simple"},"acf":{"autor":"SAN AGUSTIN","codart":"0664-1","ediciones":"0","encuadernacion":"Bolsillo","fecha_de_publicacion":"11\/11\/1911","novedad":"0","paginas":"334","subtitulo":"","texto_web_adicional":"","texto_web_novedad":"","orden":"999","portada":"0","texto_web_resaltado":"","indice":"","autores-libros":[16597],"ilustradores-libros":"","traductores-libros":"","fecha_de_reimpresion":"","descripcion_corta":"","recomendamos":"","mas_vendido":"","idioma-libro":"","color":false,"formato":"","mas_informacion_del_producto":false,"premios":false,"deshabilitar_compra":["deshabilitar"],"texto_enlace_cubierta":"","enlace_cubierta":false,"texto_enlace_ficha_tecnica":"","enlace_ficha_tecnica":false,"ficheros":false,"titulo-fr":"","texto-fr":""},"yoast_head":"<!-- This site is optimized with the Yoast SEO plugin v27.3 - https:\/\/yoast.com\/product\/yoast-seo-wordpress\/ -->\n<title>Confesiones - Editorial Juventud<\/title>\n<meta name=\"description\" content=\"Aurelio Agust\u00edn, que \u00e9ste era el verdadero nombre de San Agust\u00edn, naci\u00f3 en Tagaste, en la Numidia, cerca de Cartago, el a\u00f1o 354. Su obra filos\u00f3fica y\" \/>\n<meta name=\"robots\" content=\"index, follow, max-snippet:-1, max-image-preview:large, max-video-preview:-1\" \/>\n<link rel=\"canonical\" href=\"https:\/\/www.editorialjuventud.es\/confesiones-9788426106643\/\" \/>\n<meta property=\"og:locale\" content=\"ca_ES\" \/>\n<meta property=\"og:type\" content=\"article\" \/>\n<meta property=\"og:title\" content=\"Confesiones - Editorial Juventud\" \/>\n<meta property=\"og:description\" content=\"Aurelio Agust\u00edn, que \u00e9ste era el verdadero nombre de San Agust\u00edn, naci\u00f3 en Tagaste, en la Numidia, cerca de Cartago, el a\u00f1o 354. Su obra filos\u00f3fica y\" \/>\n<meta property=\"og:url\" content=\"https:\/\/www.editorialjuventud.es\/confesiones-9788426106643\/\" \/>\n<meta property=\"og:site_name\" content=\"Editorial Juventud\" \/>\n<meta property=\"article:modified_time\" content=\"2020-01-23T10:09:35+00:00\" \/>\n<meta property=\"og:image\" content=\"https:\/\/www.editorialjuventud.es\/wp-content\/uploads\/0664.jpg\" \/>\n\t<meta property=\"og:image:width\" content=\"285\" \/>\n\t<meta property=\"og:image:height\" content=\"450\" \/>\n\t<meta property=\"og:image:type\" content=\"image\/jpeg\" \/>\n<meta name=\"twitter:card\" content=\"summary_large_image\" \/>\n<meta name=\"twitter:label1\" content=\"Temps estimat de lectura\" \/>\n\t<meta name=\"twitter:data1\" content=\"1 minut\" \/>\n<script type=\"application\/ld+json\" class=\"yoast-schema-graph\">{\"@context\":\"https:\\\/\\\/schema.org\",\"@graph\":[{\"@type\":\"WebPage\",\"@id\":\"https:\\\/\\\/www.editorialjuventud.es\\\/confesiones-9788426106643\\\/\",\"url\":\"https:\\\/\\\/www.editorialjuventud.es\\\/confesiones-9788426106643\\\/\",\"name\":\"Confesiones - Editorial Juventud\",\"isPartOf\":{\"@id\":\"https:\\\/\\\/www.editorialjuventud.es\\\/#website\"},\"primaryImageOfPage\":{\"@id\":\"https:\\\/\\\/www.editorialjuventud.es\\\/confesiones-9788426106643\\\/#primaryimage\"},\"image\":{\"@id\":\"https:\\\/\\\/www.editorialjuventud.es\\\/confesiones-9788426106643\\\/#primaryimage\"},\"thumbnailUrl\":\"https:\\\/\\\/www.editorialjuventud.es\\\/wp-content\\\/uploads\\\/0664.jpg\",\"datePublished\":\"2018-08-24T08:04:17+00:00\",\"dateModified\":\"2020-01-23T10:09:35+00:00\",\"description\":\"Aurelio Agust\u00edn, que \u00e9ste era el verdadero nombre de San Agust\u00edn, naci\u00f3 en Tagaste, en la Numidia, cerca de Cartago, el a\u00f1o 354. Su obra filos\u00f3fica y\",\"breadcrumb\":{\"@id\":\"https:\\\/\\\/www.editorialjuventud.es\\\/confesiones-9788426106643\\\/#breadcrumb\"},\"inLanguage\":\"ca\",\"potentialAction\":[{\"@type\":\"ReadAction\",\"target\":[\"https:\\\/\\\/www.editorialjuventud.es\\\/confesiones-9788426106643\\\/\"]}]},{\"@type\":\"ImageObject\",\"inLanguage\":\"ca\",\"@id\":\"https:\\\/\\\/www.editorialjuventud.es\\\/confesiones-9788426106643\\\/#primaryimage\",\"url\":\"https:\\\/\\\/www.editorialjuventud.es\\\/wp-content\\\/uploads\\\/0664.jpg\",\"contentUrl\":\"https:\\\/\\\/www.editorialjuventud.es\\\/wp-content\\\/uploads\\\/0664.jpg\",\"width\":285,\"height\":450,\"caption\":\"0664.jpg\"},{\"@type\":\"BreadcrumbList\",\"@id\":\"https:\\\/\\\/www.editorialjuventud.es\\\/confesiones-9788426106643\\\/#breadcrumb\",\"itemListElement\":[{\"@type\":\"ListItem\",\"position\":1,\"name\":\"Portada\",\"item\":\"https:\\\/\\\/www.editorialjuventud.es\\\/\"},{\"@type\":\"ListItem\",\"position\":2,\"name\":\"cat\u00e1logo\",\"item\":\"https:\\\/\\\/www.editorialjuventud.es\\\/coleccion\\\/catalogo\\\/\"},{\"@type\":\"ListItem\",\"position\":3,\"name\":\"castellano\",\"item\":\"https:\\\/\\\/www.editorialjuventud.es\\\/coleccion\\\/castellano\\\/\"},{\"@type\":\"ListItem\",\"position\":4,\"name\":\"Libros de Bolsillo\",\"item\":\"https:\\\/\\\/www.editorialjuventud.es\\\/coleccion\\\/libros-de-bolsillo\\\/\"},{\"@type\":\"ListItem\",\"position\":5,\"name\":\"Colecci\u00f3n Z\",\"item\":\"https:\\\/\\\/www.editorialjuventud.es\\\/coleccion\\\/coleccion-z\\\/\"},{\"@type\":\"ListItem\",\"position\":6,\"name\":\"Cl\u00e1sicos\",\"item\":\"https:\\\/\\\/www.editorialjuventud.es\\\/ca\\\/coleccion\\\/clasicos\\\/\"},{\"@type\":\"ListItem\",\"position\":7,\"name\":\"Confesiones\"}]},{\"@type\":\"WebSite\",\"@id\":\"https:\\\/\\\/www.editorialjuventud.es\\\/#website\",\"url\":\"https:\\\/\\\/www.editorialjuventud.es\\\/\",\"name\":\"Editorial Juventud\",\"description\":\"\",\"potentialAction\":[{\"@type\":\"SearchAction\",\"target\":{\"@type\":\"EntryPoint\",\"urlTemplate\":\"https:\\\/\\\/www.editorialjuventud.es\\\/?s={search_term_string}\"},\"query-input\":{\"@type\":\"PropertyValueSpecification\",\"valueRequired\":true,\"valueName\":\"search_term_string\"}}],\"inLanguage\":\"ca\"}]}<\/script>\n<!-- \/ Yoast SEO plugin. -->","yoast_head_json":{"title":"Confesiones - Editorial Juventud","description":"Aurelio Agust\u00edn, que \u00e9ste era el verdadero nombre de San Agust\u00edn, naci\u00f3 en Tagaste, en la Numidia, cerca de Cartago, el a\u00f1o 354. Su obra filos\u00f3fica y","robots":{"index":"index","follow":"follow","max-snippet":"max-snippet:-1","max-image-preview":"max-image-preview:large","max-video-preview":"max-video-preview:-1"},"canonical":"https:\/\/www.editorialjuventud.es\/confesiones-9788426106643\/","og_locale":"ca_ES","og_type":"article","og_title":"Confesiones - Editorial Juventud","og_description":"Aurelio Agust\u00edn, que \u00e9ste era el verdadero nombre de San Agust\u00edn, naci\u00f3 en Tagaste, en la Numidia, cerca de Cartago, el a\u00f1o 354. Su obra filos\u00f3fica y","og_url":"https:\/\/www.editorialjuventud.es\/confesiones-9788426106643\/","og_site_name":"Editorial Juventud","article_modified_time":"2020-01-23T10:09:35+00:00","og_image":[{"width":285,"height":450,"url":"https:\/\/www.editorialjuventud.es\/wp-content\/uploads\/0664.jpg","type":"image\/jpeg"}],"twitter_card":"summary_large_image","twitter_misc":{"Temps estimat de lectura":"1 minut"},"schema":{"@context":"https:\/\/schema.org","@graph":[{"@type":"WebPage","@id":"https:\/\/www.editorialjuventud.es\/confesiones-9788426106643\/","url":"https:\/\/www.editorialjuventud.es\/confesiones-9788426106643\/","name":"Confesiones - Editorial Juventud","isPartOf":{"@id":"https:\/\/www.editorialjuventud.es\/#website"},"primaryImageOfPage":{"@id":"https:\/\/www.editorialjuventud.es\/confesiones-9788426106643\/#primaryimage"},"image":{"@id":"https:\/\/www.editorialjuventud.es\/confesiones-9788426106643\/#primaryimage"},"thumbnailUrl":"https:\/\/www.editorialjuventud.es\/wp-content\/uploads\/0664.jpg","datePublished":"2018-08-24T08:04:17+00:00","dateModified":"2020-01-23T10:09:35+00:00","description":"Aurelio Agust\u00edn, que \u00e9ste era el verdadero nombre de San Agust\u00edn, naci\u00f3 en Tagaste, en la Numidia, cerca de Cartago, el a\u00f1o 354. Su obra filos\u00f3fica y","breadcrumb":{"@id":"https:\/\/www.editorialjuventud.es\/confesiones-9788426106643\/#breadcrumb"},"inLanguage":"ca","potentialAction":[{"@type":"ReadAction","target":["https:\/\/www.editorialjuventud.es\/confesiones-9788426106643\/"]}]},{"@type":"ImageObject","inLanguage":"ca","@id":"https:\/\/www.editorialjuventud.es\/confesiones-9788426106643\/#primaryimage","url":"https:\/\/www.editorialjuventud.es\/wp-content\/uploads\/0664.jpg","contentUrl":"https:\/\/www.editorialjuventud.es\/wp-content\/uploads\/0664.jpg","width":285,"height":450,"caption":"0664.jpg"},{"@type":"BreadcrumbList","@id":"https:\/\/www.editorialjuventud.es\/confesiones-9788426106643\/#breadcrumb","itemListElement":[{"@type":"ListItem","position":1,"name":"Portada","item":"https:\/\/www.editorialjuventud.es\/"},{"@type":"ListItem","position":2,"name":"cat\u00e1logo","item":"https:\/\/www.editorialjuventud.es\/coleccion\/catalogo\/"},{"@type":"ListItem","position":3,"name":"castellano","item":"https:\/\/www.editorialjuventud.es\/coleccion\/castellano\/"},{"@type":"ListItem","position":4,"name":"Libros de Bolsillo","item":"https:\/\/www.editorialjuventud.es\/coleccion\/libros-de-bolsillo\/"},{"@type":"ListItem","position":5,"name":"Colecci\u00f3n Z","item":"https:\/\/www.editorialjuventud.es\/coleccion\/coleccion-z\/"},{"@type":"ListItem","position":6,"name":"Cl\u00e1sicos","item":"https:\/\/www.editorialjuventud.es\/ca\/coleccion\/clasicos\/"},{"@type":"ListItem","position":7,"name":"Confesiones"}]},{"@type":"WebSite","@id":"https:\/\/www.editorialjuventud.es\/#website","url":"https:\/\/www.editorialjuventud.es\/","name":"Editorial Juventud","description":"","potentialAction":[{"@type":"SearchAction","target":{"@type":"EntryPoint","urlTemplate":"https:\/\/www.editorialjuventud.es\/?s={search_term_string}"},"query-input":{"@type":"PropertyValueSpecification","valueRequired":true,"valueName":"search_term_string"}}],"inLanguage":"ca"}]}},"_links":{"self":[{"href":"https:\/\/www.editorialjuventud.es\/ca\/wp-json\/wp\/v2\/product\/4857","targetHints":{"allow":["GET"]}}],"collection":[{"href":"https:\/\/www.editorialjuventud.es\/ca\/wp-json\/wp\/v2\/product"}],"about":[{"href":"https:\/\/www.editorialjuventud.es\/ca\/wp-json\/wp\/v2\/types\/product"}],"wp:featuredmedia":[{"embeddable":true,"href":"https:\/\/www.editorialjuventud.es\/ca\/wp-json\/wp\/v2\/media\/6550"}],"wp:attachment":[{"href":"https:\/\/www.editorialjuventud.es\/ca\/wp-json\/wp\/v2\/media?parent=4857"}],"wp:term":[{"taxonomy":"product_brand","embeddable":true,"href":"https:\/\/www.editorialjuventud.es\/ca\/wp-json\/wp\/v2\/product_brand?post=4857"},{"taxonomy":"product_cat","embeddable":true,"href":"https:\/\/www.editorialjuventud.es\/ca\/wp-json\/wp\/v2\/product_cat?post=4857"},{"taxonomy":"product_tag","embeddable":true,"href":"https:\/\/www.editorialjuventud.es\/ca\/wp-json\/wp\/v2\/product_tag?post=4857"},{"taxonomy":"coleccion","embeddable":true,"href":"https:\/\/www.editorialjuventud.es\/ca\/wp-json\/wp\/v2\/coleccion?post=4857"}],"curies":[{"name":"wp","href":"https:\/\/api.w.org\/{rel}","templated":true}]}}