{"id":4856,"date":"2018-08-24T10:04:14","date_gmt":"2018-08-24T08:04:14","guid":{"rendered":"http:\/\/www.editorialjuventud.es\/poema-de-mio-cid\/"},"modified":"2020-01-23T10:00:33","modified_gmt":"2020-01-23T09:00:33","slug":"poema-de-mio-cid-9788426106605","status":"publish","type":"product","link":"https:\/\/www.editorialjuventud.es\/ca\/poema-de-mio-cid-9788426106605\/","title":{"rendered":"Poema de M\u00edo Cid"},"content":{"rendered":"<p>El poema, que explica con humor, gracia l\u00edrica, fuerza \u00e9pica y conocimiento del alma humana las haza\u00f1as del h\u00e9roe medieval, es adem\u00e1s uno de los grandes poemas medievales europeos y nuestro m\u00e1s antiguo cantar de gesta conservado. Con la adaptaci\u00f3n en verso moderno, presentado frente al texto original, podr\u00e1 el lector llegar a un cabal conocimiento del poema y leerlo de una tirada sin tener que acudir a la consulta de notas, como sucede con el texto original. La adaptaci\u00f3n moderna conserva, adem\u00e1s, el sabor del viejo castellano de la Reconquista. La adaptaci\u00f3n en verso fue elaborada por Mari\u00e0 Manent. Los pr\u00f3logos de D\u00e1maso Alonso y Alsina Franch aportan esclarecedores elementos cr\u00edticos, hist\u00f3ricos y bibliogr\u00e1ficos para la comprensi\u00f3n total del poema cidiano. El libro est\u00e1 ilustrado por Jos\u00e9 Narro. El antiguo cantar de Poema de M\u00edo Cid fue escrito a mediados del siglo XII y es el primer monumento literario de la lengua castellana.<\/p>\n","protected":false},"excerpt":{"rendered":"El poema, que explica con humor, gracia l\u00edrica, fuerza \u00e9pica y conocimiento del alma humana las haza\u00f1as del h\u00e9roe medieval, es adem\u00e1s uno de los grandes poemas medievales europeos y nuestro m\u00e1s antiguo cantar de gesta conservado. Con la adaptaci\u00f3n [&hellip;]","protected":false},"featured_media":6548,"template":"","meta":{"_acf_changed":false,"_exactmetrics_skip_tracking":false,"_exactmetrics_sitenote_active":false,"_exactmetrics_sitenote_note":"","_exactmetrics_sitenote_category":0},"product_brand":[],"product_cat":[905,892,1115,1118],"product_tag":[],"coleccion":[916,1083,1007,938],"class_list":{"0":"post-4856","1":"product","2":"type-product","3":"status-publish","4":"has-post-thumbnail","6":"product_cat-adulto","7":"product_cat-edades","8":"product_cat-generos","9":"product_cat-literatura-clasica","10":"coleccion-castellano","11":"coleccion-clasicos","12":"coleccion-coleccion-z","13":"coleccion-libros-de-bolsillo","15":"first","16":"instock","17":"taxable","18":"shipping-taxable","19":"purchasable","20":"product-type-simple"},"acf":{"autor":"ANONIMO","codart":"0660-9","ediciones":"0","encuadernacion":"Bolsillo","fecha_de_publicacion":"10\/02\/1989","novedad":"0","paginas":"384","subtitulo":"","texto_web_adicional":"","texto_web_novedad":"","orden":"999","portada":"0","texto_web_resaltado":"","indice":"","autores-libros":[16191],"ilustradores-libros":[17948],"traductores-libros":"","fecha_de_reimpresion":"","descripcion_corta":"","recomendamos":"","mas_vendido":"","idioma-libro":"","color":false,"formato":"","mas_informacion_del_producto":false,"premios":false,"deshabilitar_compra":["deshabilitar"],"texto_enlace_cubierta":"","enlace_cubierta":false,"texto_enlace_ficha_tecnica":"","enlace_ficha_tecnica":false,"ficheros":false,"titulo-fr":"","texto-fr":""},"yoast_head":"<!-- This site is optimized with the Yoast SEO plugin v27.5 - https:\/\/yoast.com\/product\/yoast-seo-wordpress\/ -->\n<title>Poema de M\u00edo Cid - Editorial Juventud<\/title>\n<meta name=\"description\" content=\"El poema, que explica con humor, gracia l\u00edrica, fuerza \u00e9pica y conocimiento del alma humana las haza\u00f1as del h\u00e9roe medieval, es adem\u00e1s uno de los grandes\" \/>\n<meta name=\"robots\" content=\"index, follow, max-snippet:-1, max-image-preview:large, max-video-preview:-1\" \/>\n<link rel=\"canonical\" href=\"https:\/\/www.editorialjuventud.es\/poema-de-mio-cid-9788426106605\/\" \/>\n<meta property=\"og:locale\" content=\"ca_ES\" \/>\n<meta property=\"og:type\" content=\"article\" \/>\n<meta property=\"og:title\" content=\"Poema de M\u00edo Cid - Editorial Juventud\" \/>\n<meta property=\"og:description\" content=\"El poema, que explica con humor, gracia l\u00edrica, fuerza \u00e9pica y conocimiento del alma humana las haza\u00f1as del h\u00e9roe medieval, es adem\u00e1s uno de los grandes\" \/>\n<meta property=\"og:url\" content=\"https:\/\/www.editorialjuventud.es\/poema-de-mio-cid-9788426106605\/\" \/>\n<meta property=\"og:site_name\" content=\"Editorial Juventud\" \/>\n<meta property=\"article:modified_time\" content=\"2020-01-23T09:00:33+00:00\" \/>\n<meta property=\"og:image\" content=\"https:\/\/www.editorialjuventud.es\/wp-content\/uploads\/0660.jpg\" \/>\n\t<meta property=\"og:image:width\" content=\"286\" \/>\n\t<meta property=\"og:image:height\" content=\"450\" \/>\n\t<meta property=\"og:image:type\" content=\"image\/jpeg\" \/>\n<meta name=\"twitter:card\" content=\"summary_large_image\" \/>\n<meta name=\"twitter:label1\" content=\"Temps estimat de lectura\" \/>\n\t<meta name=\"twitter:data1\" content=\"1 minut\" \/>\n<script type=\"application\/ld+json\" class=\"yoast-schema-graph\">{\"@context\":\"https:\\\/\\\/schema.org\",\"@graph\":[{\"@type\":\"WebPage\",\"@id\":\"https:\\\/\\\/www.editorialjuventud.es\\\/poema-de-mio-cid-9788426106605\\\/\",\"url\":\"https:\\\/\\\/www.editorialjuventud.es\\\/poema-de-mio-cid-9788426106605\\\/\",\"name\":\"Poema de M\u00edo Cid - Editorial Juventud\",\"isPartOf\":{\"@id\":\"https:\\\/\\\/www.editorialjuventud.es\\\/#website\"},\"primaryImageOfPage\":{\"@id\":\"https:\\\/\\\/www.editorialjuventud.es\\\/poema-de-mio-cid-9788426106605\\\/#primaryimage\"},\"image\":{\"@id\":\"https:\\\/\\\/www.editorialjuventud.es\\\/poema-de-mio-cid-9788426106605\\\/#primaryimage\"},\"thumbnailUrl\":\"https:\\\/\\\/www.editorialjuventud.es\\\/wp-content\\\/uploads\\\/0660.jpg\",\"datePublished\":\"2018-08-24T08:04:14+00:00\",\"dateModified\":\"2020-01-23T09:00:33+00:00\",\"description\":\"El poema, que explica con humor, gracia l\u00edrica, fuerza \u00e9pica y conocimiento del alma humana las haza\u00f1as del h\u00e9roe medieval, es adem\u00e1s uno de los grandes\",\"breadcrumb\":{\"@id\":\"https:\\\/\\\/www.editorialjuventud.es\\\/poema-de-mio-cid-9788426106605\\\/#breadcrumb\"},\"inLanguage\":\"ca\",\"potentialAction\":[{\"@type\":\"ReadAction\",\"target\":[\"https:\\\/\\\/www.editorialjuventud.es\\\/poema-de-mio-cid-9788426106605\\\/\"]}]},{\"@type\":\"ImageObject\",\"inLanguage\":\"ca\",\"@id\":\"https:\\\/\\\/www.editorialjuventud.es\\\/poema-de-mio-cid-9788426106605\\\/#primaryimage\",\"url\":\"https:\\\/\\\/www.editorialjuventud.es\\\/wp-content\\\/uploads\\\/0660.jpg\",\"contentUrl\":\"https:\\\/\\\/www.editorialjuventud.es\\\/wp-content\\\/uploads\\\/0660.jpg\",\"width\":286,\"height\":450,\"caption\":\"0660.jpg\"},{\"@type\":\"BreadcrumbList\",\"@id\":\"https:\\\/\\\/www.editorialjuventud.es\\\/poema-de-mio-cid-9788426106605\\\/#breadcrumb\",\"itemListElement\":[{\"@type\":\"ListItem\",\"position\":1,\"name\":\"Portada\",\"item\":\"https:\\\/\\\/www.editorialjuventud.es\\\/\"},{\"@type\":\"ListItem\",\"position\":2,\"name\":\"cat\u00e1logo\",\"item\":\"https:\\\/\\\/www.editorialjuventud.es\\\/coleccion\\\/catalogo\\\/\"},{\"@type\":\"ListItem\",\"position\":3,\"name\":\"castellano\",\"item\":\"https:\\\/\\\/www.editorialjuventud.es\\\/coleccion\\\/castellano\\\/\"},{\"@type\":\"ListItem\",\"position\":4,\"name\":\"Libros de Bolsillo\",\"item\":\"https:\\\/\\\/www.editorialjuventud.es\\\/coleccion\\\/libros-de-bolsillo\\\/\"},{\"@type\":\"ListItem\",\"position\":5,\"name\":\"Colecci\u00f3n Z\",\"item\":\"https:\\\/\\\/www.editorialjuventud.es\\\/coleccion\\\/coleccion-z\\\/\"},{\"@type\":\"ListItem\",\"position\":6,\"name\":\"Cl\u00e1sicos\",\"item\":\"https:\\\/\\\/www.editorialjuventud.es\\\/ca\\\/coleccion\\\/clasicos\\\/\"},{\"@type\":\"ListItem\",\"position\":7,\"name\":\"Poema de M\u00edo Cid\"}]},{\"@type\":\"WebSite\",\"@id\":\"https:\\\/\\\/www.editorialjuventud.es\\\/#website\",\"url\":\"https:\\\/\\\/www.editorialjuventud.es\\\/\",\"name\":\"Editorial Juventud\",\"description\":\"\",\"potentialAction\":[{\"@type\":\"SearchAction\",\"target\":{\"@type\":\"EntryPoint\",\"urlTemplate\":\"https:\\\/\\\/www.editorialjuventud.es\\\/?s={search_term_string}\"},\"query-input\":{\"@type\":\"PropertyValueSpecification\",\"valueRequired\":true,\"valueName\":\"search_term_string\"}}],\"inLanguage\":\"ca\"}]}<\/script>\n<!-- \/ Yoast SEO plugin. -->","yoast_head_json":{"title":"Poema de M\u00edo Cid - Editorial Juventud","description":"El poema, que explica con humor, gracia l\u00edrica, fuerza \u00e9pica y conocimiento del alma humana las haza\u00f1as del h\u00e9roe medieval, es adem\u00e1s uno de los grandes","robots":{"index":"index","follow":"follow","max-snippet":"max-snippet:-1","max-image-preview":"max-image-preview:large","max-video-preview":"max-video-preview:-1"},"canonical":"https:\/\/www.editorialjuventud.es\/poema-de-mio-cid-9788426106605\/","og_locale":"ca_ES","og_type":"article","og_title":"Poema de M\u00edo Cid - Editorial Juventud","og_description":"El poema, que explica con humor, gracia l\u00edrica, fuerza \u00e9pica y conocimiento del alma humana las haza\u00f1as del h\u00e9roe medieval, es adem\u00e1s uno de los grandes","og_url":"https:\/\/www.editorialjuventud.es\/poema-de-mio-cid-9788426106605\/","og_site_name":"Editorial Juventud","article_modified_time":"2020-01-23T09:00:33+00:00","og_image":[{"width":286,"height":450,"url":"https:\/\/www.editorialjuventud.es\/wp-content\/uploads\/0660.jpg","type":"image\/jpeg"}],"twitter_card":"summary_large_image","twitter_misc":{"Temps estimat de lectura":"1 minut"},"schema":{"@context":"https:\/\/schema.org","@graph":[{"@type":"WebPage","@id":"https:\/\/www.editorialjuventud.es\/poema-de-mio-cid-9788426106605\/","url":"https:\/\/www.editorialjuventud.es\/poema-de-mio-cid-9788426106605\/","name":"Poema de M\u00edo Cid - Editorial Juventud","isPartOf":{"@id":"https:\/\/www.editorialjuventud.es\/#website"},"primaryImageOfPage":{"@id":"https:\/\/www.editorialjuventud.es\/poema-de-mio-cid-9788426106605\/#primaryimage"},"image":{"@id":"https:\/\/www.editorialjuventud.es\/poema-de-mio-cid-9788426106605\/#primaryimage"},"thumbnailUrl":"https:\/\/www.editorialjuventud.es\/wp-content\/uploads\/0660.jpg","datePublished":"2018-08-24T08:04:14+00:00","dateModified":"2020-01-23T09:00:33+00:00","description":"El poema, que explica con humor, gracia l\u00edrica, fuerza \u00e9pica y conocimiento del alma humana las haza\u00f1as del h\u00e9roe medieval, es adem\u00e1s uno de los grandes","breadcrumb":{"@id":"https:\/\/www.editorialjuventud.es\/poema-de-mio-cid-9788426106605\/#breadcrumb"},"inLanguage":"ca","potentialAction":[{"@type":"ReadAction","target":["https:\/\/www.editorialjuventud.es\/poema-de-mio-cid-9788426106605\/"]}]},{"@type":"ImageObject","inLanguage":"ca","@id":"https:\/\/www.editorialjuventud.es\/poema-de-mio-cid-9788426106605\/#primaryimage","url":"https:\/\/www.editorialjuventud.es\/wp-content\/uploads\/0660.jpg","contentUrl":"https:\/\/www.editorialjuventud.es\/wp-content\/uploads\/0660.jpg","width":286,"height":450,"caption":"0660.jpg"},{"@type":"BreadcrumbList","@id":"https:\/\/www.editorialjuventud.es\/poema-de-mio-cid-9788426106605\/#breadcrumb","itemListElement":[{"@type":"ListItem","position":1,"name":"Portada","item":"https:\/\/www.editorialjuventud.es\/"},{"@type":"ListItem","position":2,"name":"cat\u00e1logo","item":"https:\/\/www.editorialjuventud.es\/coleccion\/catalogo\/"},{"@type":"ListItem","position":3,"name":"castellano","item":"https:\/\/www.editorialjuventud.es\/coleccion\/castellano\/"},{"@type":"ListItem","position":4,"name":"Libros de Bolsillo","item":"https:\/\/www.editorialjuventud.es\/coleccion\/libros-de-bolsillo\/"},{"@type":"ListItem","position":5,"name":"Colecci\u00f3n Z","item":"https:\/\/www.editorialjuventud.es\/coleccion\/coleccion-z\/"},{"@type":"ListItem","position":6,"name":"Cl\u00e1sicos","item":"https:\/\/www.editorialjuventud.es\/ca\/coleccion\/clasicos\/"},{"@type":"ListItem","position":7,"name":"Poema de M\u00edo Cid"}]},{"@type":"WebSite","@id":"https:\/\/www.editorialjuventud.es\/#website","url":"https:\/\/www.editorialjuventud.es\/","name":"Editorial Juventud","description":"","potentialAction":[{"@type":"SearchAction","target":{"@type":"EntryPoint","urlTemplate":"https:\/\/www.editorialjuventud.es\/?s={search_term_string}"},"query-input":{"@type":"PropertyValueSpecification","valueRequired":true,"valueName":"search_term_string"}}],"inLanguage":"ca"}]}},"_links":{"self":[{"href":"https:\/\/www.editorialjuventud.es\/ca\/wp-json\/wp\/v2\/product\/4856","targetHints":{"allow":["GET"]}}],"collection":[{"href":"https:\/\/www.editorialjuventud.es\/ca\/wp-json\/wp\/v2\/product"}],"about":[{"href":"https:\/\/www.editorialjuventud.es\/ca\/wp-json\/wp\/v2\/types\/product"}],"wp:featuredmedia":[{"embeddable":true,"href":"https:\/\/www.editorialjuventud.es\/ca\/wp-json\/wp\/v2\/media\/6548"}],"wp:attachment":[{"href":"https:\/\/www.editorialjuventud.es\/ca\/wp-json\/wp\/v2\/media?parent=4856"}],"wp:term":[{"taxonomy":"product_brand","embeddable":true,"href":"https:\/\/www.editorialjuventud.es\/ca\/wp-json\/wp\/v2\/product_brand?post=4856"},{"taxonomy":"product_cat","embeddable":true,"href":"https:\/\/www.editorialjuventud.es\/ca\/wp-json\/wp\/v2\/product_cat?post=4856"},{"taxonomy":"product_tag","embeddable":true,"href":"https:\/\/www.editorialjuventud.es\/ca\/wp-json\/wp\/v2\/product_tag?post=4856"},{"taxonomy":"coleccion","embeddable":true,"href":"https:\/\/www.editorialjuventud.es\/ca\/wp-json\/wp\/v2\/coleccion?post=4856"}],"curies":[{"name":"wp","href":"https:\/\/api.w.org\/{rel}","templated":true}]}}