{"id":4855,"date":"2018-08-24T12:04:07","date_gmt":"2018-08-24T08:04:07","guid":{"rendered":"http:\/\/www.editorialjuventud.es\/la-odisea\/"},"modified":"2024-01-31T14:33:21","modified_gmt":"2024-01-31T13:33:21","slug":"la-odisea-9788426106582","status":"publish","type":"product","link":"https:\/\/www.editorialjuventud.es\/ca\/la-odisea-9788426106582\/","title":{"rendered":"La Odisea"},"content":{"rendered":"<p>Las aventuras de Ulises constituyen una de las grandes epopeyas de la Humanidad. El h\u00e9roe griego, despu\u00e9s de veinte a\u00f1os de ausencia, regresa en busca de su fiel Pen\u00e9lope. Pero antes de conseguir su deseada meta, los azares y los dioses le llevan por las rutas laber\u00ednticas en las que muchas veces est\u00e1 a punto de sucumbir. Homero funda con la Odisea toda una literatura narrativa, llena de s\u00edmbolos, de escenas realistas y de una inimitable poes\u00eda. La Odisea y la Il\u00edada est\u00e1n en la fuente de nuestra cultura occidental y constituyen las dos obras capitales de este enigm\u00e1tico bardo griego que fue Homero. La versi\u00f3n es directa y lineal del griego y fue realizada por el ilustre especialista y catedr\u00e1tico de la universidad de Barcelona, doctor Luis Segal\u00e1 Estalella.<\/p>\n","protected":false},"excerpt":{"rendered":"Las aventuras de Ulises constituyen una de las grandes epopeyas de la Humanidad. El h\u00e9roe griego, despu\u00e9s de veinte a\u00f1os de ausencia, regresa en busca de su fiel Pen\u00e9lope. Pero antes de conseguir su deseada meta, los azares y los [&hellip;]","protected":false},"featured_media":6546,"template":"","meta":{"_acf_changed":false,"_exactmetrics_skip_tracking":false,"_exactmetrics_sitenote_active":false,"_exactmetrics_sitenote_note":"","_exactmetrics_sitenote_category":0},"product_brand":[],"product_cat":[905,892,1115,1118],"product_tag":[],"coleccion":[916,1083,1007,938],"class_list":{"0":"post-4855","1":"product","2":"type-product","3":"status-publish","4":"has-post-thumbnail","6":"product_cat-adulto","7":"product_cat-edades","8":"product_cat-generos","9":"product_cat-literatura-clasica","10":"coleccion-castellano","11":"coleccion-clasicos","12":"coleccion-coleccion-z","13":"coleccion-libros-de-bolsillo","15":"first","16":"instock","17":"taxable","18":"shipping-taxable","19":"purchasable","20":"product-type-simple"},"acf":{"autor":"HOMERO","codart":"0658-7","ediciones":"0","encuadernacion":"Bolsillo","fecha_de_publicacion":"11\/11\/1911","novedad":"0","paginas":"318","subtitulo":"","texto_web_adicional":"","texto_web_novedad":"","orden":"999","portada":"0","texto_web_resaltado":"","indice":"","autores-libros":[16419],"ilustradores-libros":"","traductores-libros":[77911],"fecha_de_reimpresion":"","descripcion_corta":"","recomendamos":"","mas_vendido":"","idioma-libro":"","color":false,"formato":"","mas_informacion_del_producto":false,"premios":false,"deshabilitar_compra":["deshabilitar"],"texto_enlace_cubierta":"","enlace_cubierta":false,"texto_enlace_ficha_tecnica":"","enlace_ficha_tecnica":false,"ficheros":false,"titulo-fr":"","texto-fr":""},"yoast_head":"<!-- This site is optimized with the Yoast SEO plugin v27.5 - https:\/\/yoast.com\/product\/yoast-seo-wordpress\/ -->\n<title>La Odisea - Editorial Juventud<\/title>\n<meta name=\"description\" content=\"Las aventuras de Ulises constituyen una de las grandes epopeyas de la Humanidad. El h\u00e9roe griego, despu\u00e9s de veinte a\u00f1os de ausencia, regresa en busca de\" \/>\n<meta name=\"robots\" content=\"index, follow, max-snippet:-1, max-image-preview:large, max-video-preview:-1\" \/>\n<link rel=\"canonical\" href=\"https:\/\/www.editorialjuventud.es\/ca\/la-odisea-9788426106582\/\" \/>\n<meta property=\"og:locale\" content=\"ca_ES\" \/>\n<meta property=\"og:type\" content=\"article\" \/>\n<meta property=\"og:title\" content=\"La Odisea - Editorial Juventud\" \/>\n<meta property=\"og:description\" content=\"Las aventuras de Ulises constituyen una de las grandes epopeyas de la Humanidad. El h\u00e9roe griego, despu\u00e9s de veinte a\u00f1os de ausencia, regresa en busca de\" \/>\n<meta property=\"og:url\" content=\"https:\/\/www.editorialjuventud.es\/ca\/la-odisea-9788426106582\/\" \/>\n<meta property=\"og:site_name\" content=\"Editorial Juventud\" \/>\n<meta property=\"article:modified_time\" content=\"2024-01-31T13:33:21+00:00\" \/>\n<meta property=\"og:image\" content=\"https:\/\/www.editorialjuventud.es\/wp-content\/uploads\/0658.jpg\" \/>\n\t<meta property=\"og:image:width\" content=\"303\" \/>\n\t<meta property=\"og:image:height\" content=\"450\" \/>\n\t<meta property=\"og:image:type\" content=\"image\/jpeg\" \/>\n<meta name=\"twitter:card\" content=\"summary_large_image\" \/>\n<meta name=\"twitter:label1\" content=\"Temps estimat de lectura\" \/>\n\t<meta name=\"twitter:data1\" content=\"1 minut\" \/>\n<script type=\"application\/ld+json\" class=\"yoast-schema-graph\">{\"@context\":\"https:\\\/\\\/schema.org\",\"@graph\":[{\"@type\":\"WebPage\",\"@id\":\"https:\\\/\\\/www.editorialjuventud.es\\\/ca\\\/la-odisea-9788426106582\\\/\",\"url\":\"https:\\\/\\\/www.editorialjuventud.es\\\/ca\\\/la-odisea-9788426106582\\\/\",\"name\":\"La Odisea - Editorial Juventud\",\"isPartOf\":{\"@id\":\"https:\\\/\\\/www.editorialjuventud.es\\\/#website\"},\"primaryImageOfPage\":{\"@id\":\"https:\\\/\\\/www.editorialjuventud.es\\\/ca\\\/la-odisea-9788426106582\\\/#primaryimage\"},\"image\":{\"@id\":\"https:\\\/\\\/www.editorialjuventud.es\\\/ca\\\/la-odisea-9788426106582\\\/#primaryimage\"},\"thumbnailUrl\":\"https:\\\/\\\/www.editorialjuventud.es\\\/wp-content\\\/uploads\\\/0658.jpg\",\"datePublished\":\"2018-08-24T08:04:07+00:00\",\"dateModified\":\"2024-01-31T13:33:21+00:00\",\"description\":\"Las aventuras de Ulises constituyen una de las grandes epopeyas de la Humanidad. El h\u00e9roe griego, despu\u00e9s de veinte a\u00f1os de ausencia, regresa en busca de\",\"breadcrumb\":{\"@id\":\"https:\\\/\\\/www.editorialjuventud.es\\\/ca\\\/la-odisea-9788426106582\\\/#breadcrumb\"},\"inLanguage\":\"ca\",\"potentialAction\":[{\"@type\":\"ReadAction\",\"target\":[\"https:\\\/\\\/www.editorialjuventud.es\\\/ca\\\/la-odisea-9788426106582\\\/\"]}]},{\"@type\":\"ImageObject\",\"inLanguage\":\"ca\",\"@id\":\"https:\\\/\\\/www.editorialjuventud.es\\\/ca\\\/la-odisea-9788426106582\\\/#primaryimage\",\"url\":\"https:\\\/\\\/www.editorialjuventud.es\\\/wp-content\\\/uploads\\\/0658.jpg\",\"contentUrl\":\"https:\\\/\\\/www.editorialjuventud.es\\\/wp-content\\\/uploads\\\/0658.jpg\",\"width\":303,\"height\":450,\"caption\":\"0658.jpg\"},{\"@type\":\"BreadcrumbList\",\"@id\":\"https:\\\/\\\/www.editorialjuventud.es\\\/ca\\\/la-odisea-9788426106582\\\/#breadcrumb\",\"itemListElement\":[{\"@type\":\"ListItem\",\"position\":1,\"name\":\"Portada\",\"item\":\"https:\\\/\\\/www.editorialjuventud.es\\\/\"},{\"@type\":\"ListItem\",\"position\":2,\"name\":\"cat\u00e1logo\",\"item\":\"https:\\\/\\\/www.editorialjuventud.es\\\/coleccion\\\/catalogo\\\/\"},{\"@type\":\"ListItem\",\"position\":3,\"name\":\"castellano\",\"item\":\"https:\\\/\\\/www.editorialjuventud.es\\\/coleccion\\\/castellano\\\/\"},{\"@type\":\"ListItem\",\"position\":4,\"name\":\"Libros de Bolsillo\",\"item\":\"https:\\\/\\\/www.editorialjuventud.es\\\/coleccion\\\/libros-de-bolsillo\\\/\"},{\"@type\":\"ListItem\",\"position\":5,\"name\":\"Colecci\u00f3n Z\",\"item\":\"https:\\\/\\\/www.editorialjuventud.es\\\/coleccion\\\/coleccion-z\\\/\"},{\"@type\":\"ListItem\",\"position\":6,\"name\":\"Cl\u00e1sicos\",\"item\":\"https:\\\/\\\/www.editorialjuventud.es\\\/ca\\\/coleccion\\\/clasicos\\\/\"},{\"@type\":\"ListItem\",\"position\":7,\"name\":\"La Odisea\"}]},{\"@type\":\"WebSite\",\"@id\":\"https:\\\/\\\/www.editorialjuventud.es\\\/#website\",\"url\":\"https:\\\/\\\/www.editorialjuventud.es\\\/\",\"name\":\"Editorial Juventud\",\"description\":\"\",\"potentialAction\":[{\"@type\":\"SearchAction\",\"target\":{\"@type\":\"EntryPoint\",\"urlTemplate\":\"https:\\\/\\\/www.editorialjuventud.es\\\/?s={search_term_string}\"},\"query-input\":{\"@type\":\"PropertyValueSpecification\",\"valueRequired\":true,\"valueName\":\"search_term_string\"}}],\"inLanguage\":\"ca\"}]}<\/script>\n<!-- \/ Yoast SEO plugin. -->","yoast_head_json":{"title":"La Odisea - Editorial Juventud","description":"Las aventuras de Ulises constituyen una de las grandes epopeyas de la Humanidad. El h\u00e9roe griego, despu\u00e9s de veinte a\u00f1os de ausencia, regresa en busca de","robots":{"index":"index","follow":"follow","max-snippet":"max-snippet:-1","max-image-preview":"max-image-preview:large","max-video-preview":"max-video-preview:-1"},"canonical":"https:\/\/www.editorialjuventud.es\/ca\/la-odisea-9788426106582\/","og_locale":"ca_ES","og_type":"article","og_title":"La Odisea - Editorial Juventud","og_description":"Las aventuras de Ulises constituyen una de las grandes epopeyas de la Humanidad. El h\u00e9roe griego, despu\u00e9s de veinte a\u00f1os de ausencia, regresa en busca de","og_url":"https:\/\/www.editorialjuventud.es\/ca\/la-odisea-9788426106582\/","og_site_name":"Editorial Juventud","article_modified_time":"2024-01-31T13:33:21+00:00","og_image":[{"width":303,"height":450,"url":"https:\/\/www.editorialjuventud.es\/wp-content\/uploads\/0658.jpg","type":"image\/jpeg"}],"twitter_card":"summary_large_image","twitter_misc":{"Temps estimat de lectura":"1 minut"},"schema":{"@context":"https:\/\/schema.org","@graph":[{"@type":"WebPage","@id":"https:\/\/www.editorialjuventud.es\/ca\/la-odisea-9788426106582\/","url":"https:\/\/www.editorialjuventud.es\/ca\/la-odisea-9788426106582\/","name":"La Odisea - Editorial Juventud","isPartOf":{"@id":"https:\/\/www.editorialjuventud.es\/#website"},"primaryImageOfPage":{"@id":"https:\/\/www.editorialjuventud.es\/ca\/la-odisea-9788426106582\/#primaryimage"},"image":{"@id":"https:\/\/www.editorialjuventud.es\/ca\/la-odisea-9788426106582\/#primaryimage"},"thumbnailUrl":"https:\/\/www.editorialjuventud.es\/wp-content\/uploads\/0658.jpg","datePublished":"2018-08-24T08:04:07+00:00","dateModified":"2024-01-31T13:33:21+00:00","description":"Las aventuras de Ulises constituyen una de las grandes epopeyas de la Humanidad. El h\u00e9roe griego, despu\u00e9s de veinte a\u00f1os de ausencia, regresa en busca de","breadcrumb":{"@id":"https:\/\/www.editorialjuventud.es\/ca\/la-odisea-9788426106582\/#breadcrumb"},"inLanguage":"ca","potentialAction":[{"@type":"ReadAction","target":["https:\/\/www.editorialjuventud.es\/ca\/la-odisea-9788426106582\/"]}]},{"@type":"ImageObject","inLanguage":"ca","@id":"https:\/\/www.editorialjuventud.es\/ca\/la-odisea-9788426106582\/#primaryimage","url":"https:\/\/www.editorialjuventud.es\/wp-content\/uploads\/0658.jpg","contentUrl":"https:\/\/www.editorialjuventud.es\/wp-content\/uploads\/0658.jpg","width":303,"height":450,"caption":"0658.jpg"},{"@type":"BreadcrumbList","@id":"https:\/\/www.editorialjuventud.es\/ca\/la-odisea-9788426106582\/#breadcrumb","itemListElement":[{"@type":"ListItem","position":1,"name":"Portada","item":"https:\/\/www.editorialjuventud.es\/"},{"@type":"ListItem","position":2,"name":"cat\u00e1logo","item":"https:\/\/www.editorialjuventud.es\/coleccion\/catalogo\/"},{"@type":"ListItem","position":3,"name":"castellano","item":"https:\/\/www.editorialjuventud.es\/coleccion\/castellano\/"},{"@type":"ListItem","position":4,"name":"Libros de Bolsillo","item":"https:\/\/www.editorialjuventud.es\/coleccion\/libros-de-bolsillo\/"},{"@type":"ListItem","position":5,"name":"Colecci\u00f3n Z","item":"https:\/\/www.editorialjuventud.es\/coleccion\/coleccion-z\/"},{"@type":"ListItem","position":6,"name":"Cl\u00e1sicos","item":"https:\/\/www.editorialjuventud.es\/ca\/coleccion\/clasicos\/"},{"@type":"ListItem","position":7,"name":"La Odisea"}]},{"@type":"WebSite","@id":"https:\/\/www.editorialjuventud.es\/#website","url":"https:\/\/www.editorialjuventud.es\/","name":"Editorial Juventud","description":"","potentialAction":[{"@type":"SearchAction","target":{"@type":"EntryPoint","urlTemplate":"https:\/\/www.editorialjuventud.es\/?s={search_term_string}"},"query-input":{"@type":"PropertyValueSpecification","valueRequired":true,"valueName":"search_term_string"}}],"inLanguage":"ca"}]}},"_links":{"self":[{"href":"https:\/\/www.editorialjuventud.es\/ca\/wp-json\/wp\/v2\/product\/4855","targetHints":{"allow":["GET"]}}],"collection":[{"href":"https:\/\/www.editorialjuventud.es\/ca\/wp-json\/wp\/v2\/product"}],"about":[{"href":"https:\/\/www.editorialjuventud.es\/ca\/wp-json\/wp\/v2\/types\/product"}],"wp:featuredmedia":[{"embeddable":true,"href":"https:\/\/www.editorialjuventud.es\/ca\/wp-json\/wp\/v2\/media\/6546"}],"wp:attachment":[{"href":"https:\/\/www.editorialjuventud.es\/ca\/wp-json\/wp\/v2\/media?parent=4855"}],"wp:term":[{"taxonomy":"product_brand","embeddable":true,"href":"https:\/\/www.editorialjuventud.es\/ca\/wp-json\/wp\/v2\/product_brand?post=4855"},{"taxonomy":"product_cat","embeddable":true,"href":"https:\/\/www.editorialjuventud.es\/ca\/wp-json\/wp\/v2\/product_cat?post=4855"},{"taxonomy":"product_tag","embeddable":true,"href":"https:\/\/www.editorialjuventud.es\/ca\/wp-json\/wp\/v2\/product_tag?post=4855"},{"taxonomy":"coleccion","embeddable":true,"href":"https:\/\/www.editorialjuventud.es\/ca\/wp-json\/wp\/v2\/coleccion?post=4855"}],"curies":[{"name":"wp","href":"https:\/\/api.w.org\/{rel}","templated":true}]}}