{"id":4853,"date":"2018-08-24T12:03:59","date_gmt":"2018-08-24T08:03:59","guid":{"rendered":"http:\/\/www.editorialjuventud.es\/narraciones-extraordinarias\/"},"modified":"2024-02-01T13:22:03","modified_gmt":"2024-02-01T12:22:03","slug":"narraciones-extraordinarias-9788426106148","status":"publish","type":"product","link":"https:\/\/www.editorialjuventud.es\/ca\/narraciones-extraordinarias-9788426106148\/","title":{"rendered":"Narraciones extraordinarias"},"content":{"rendered":"<p>Poe ha sido calificado como uno de los m\u00e1s grandes fisi\u00f3logos del miedo, y de este autor se ha dicho que nadie jam\u00e1s profundiz\u00f3 como \u00e9l en la mente del hombre y en sus m\u00e1s horribles abismos, adentr\u00e1ndose en las soledades m\u00e1s desiertas y oscuras.  \u00c9l mismo vivi\u00f3 extraordinarias aventuras y si la vida le neg\u00f3 un instante siquiera de felicidad, como contraste le otorg\u00f3 la m\u00e1s portentosa imaginaci\u00f3n. Este volumen incluye las siguientes narraciones: El doble asesinato de la calle Morgue, El misterio de Mar\u00eda Roget, La m\u00e1scara de la Muerte Roja, El coraz\u00f3n revelador, La barrica de amontillado, La carta robada, El escarabajo de oro, y Un descenso en el Maelstr\u00f6m.<\/p>\n","protected":false},"excerpt":{"rendered":"Poe ha sido calificado como uno de los m\u00e1s grandes fisi\u00f3logos del miedo, y de este autor se ha dicho que nadie jam\u00e1s profundiz\u00f3 como \u00e9l en la mente del hombre y en sus m\u00e1s horribles abismos, adentr\u00e1ndose en las [&hellip;]","protected":false},"featured_media":6544,"template":"","meta":{"_acf_changed":false,"_exactmetrics_skip_tracking":false,"_exactmetrics_sitenote_active":false,"_exactmetrics_sitenote_note":"","_exactmetrics_sitenote_category":0},"product_brand":[],"product_cat":[905,892,1115,1118],"product_tag":[],"coleccion":[916,1007,938,1085],"class_list":{"0":"post-4853","1":"product","2":"type-product","3":"status-publish","4":"has-post-thumbnail","6":"product_cat-adulto","7":"product_cat-edades","8":"product_cat-generos","9":"product_cat-literatura-clasica","10":"coleccion-castellano","11":"coleccion-coleccion-z","12":"coleccion-libros-de-bolsillo","13":"coleccion-novela","15":"first","16":"instock","17":"taxable","18":"shipping-taxable","19":"purchasable","20":"product-type-simple"},"acf":{"autor":"POE, EDGAR ALAN","codart":"0614-5","ediciones":"0","encuadernacion":"Bolsillo","fecha_de_publicacion":"11\/11\/1911","novedad":"0","paginas":"222","subtitulo":"","texto_web_adicional":"","texto_web_novedad":"","orden":"999","portada":"0","texto_web_resaltado":"","indice":"","autores-libros":[16558],"ilustradores-libros":"","traductores-libros":[17658],"fecha_de_reimpresion":"","descripcion_corta":"","recomendamos":"","mas_vendido":"","idioma-libro":"","color":false,"formato":"","mas_informacion_del_producto":false,"premios":false,"deshabilitar_compra":["deshabilitar"],"texto_enlace_cubierta":"","enlace_cubierta":false,"texto_enlace_ficha_tecnica":"","enlace_ficha_tecnica":false,"ficheros":false,"titulo-fr":"","texto-fr":""},"yoast_head":"<!-- This site is optimized with the Yoast SEO plugin v27.5 - https:\/\/yoast.com\/product\/yoast-seo-wordpress\/ -->\n<title>Narraciones extraordinarias - Editorial Juventud<\/title>\n<meta name=\"description\" content=\"Poe ha sido calificado como uno de los m\u00e1s grandes fisi\u00f3logos del miedo, y de este autor se ha dicho que nadie jam\u00e1s profundiz\u00f3 como \u00e9l en la mente del\" \/>\n<meta name=\"robots\" content=\"index, follow, max-snippet:-1, max-image-preview:large, max-video-preview:-1\" \/>\n<link rel=\"canonical\" href=\"https:\/\/www.editorialjuventud.es\/ca\/narraciones-extraordinarias-9788426106148\/\" \/>\n<meta property=\"og:locale\" content=\"ca_ES\" \/>\n<meta property=\"og:type\" content=\"article\" \/>\n<meta property=\"og:title\" content=\"Narraciones extraordinarias - Editorial Juventud\" \/>\n<meta property=\"og:description\" content=\"Poe ha sido calificado como uno de los m\u00e1s grandes fisi\u00f3logos del miedo, y de este autor se ha dicho que nadie jam\u00e1s profundiz\u00f3 como \u00e9l en la mente del\" \/>\n<meta property=\"og:url\" content=\"https:\/\/www.editorialjuventud.es\/ca\/narraciones-extraordinarias-9788426106148\/\" \/>\n<meta property=\"og:site_name\" content=\"Editorial Juventud\" \/>\n<meta property=\"article:modified_time\" content=\"2024-02-01T12:22:03+00:00\" \/>\n<meta property=\"og:image\" content=\"https:\/\/www.editorialjuventud.es\/wp-content\/uploads\/0614.jpg\" \/>\n\t<meta property=\"og:image:width\" content=\"308\" \/>\n\t<meta property=\"og:image:height\" content=\"494\" \/>\n\t<meta property=\"og:image:type\" content=\"image\/jpeg\" \/>\n<meta name=\"twitter:card\" content=\"summary_large_image\" \/>\n<meta name=\"twitter:label1\" content=\"Temps estimat de lectura\" \/>\n\t<meta name=\"twitter:data1\" content=\"1 minut\" \/>\n<script type=\"application\/ld+json\" class=\"yoast-schema-graph\">{\"@context\":\"https:\\\/\\\/schema.org\",\"@graph\":[{\"@type\":\"WebPage\",\"@id\":\"https:\\\/\\\/www.editorialjuventud.es\\\/ca\\\/narraciones-extraordinarias-9788426106148\\\/\",\"url\":\"https:\\\/\\\/www.editorialjuventud.es\\\/ca\\\/narraciones-extraordinarias-9788426106148\\\/\",\"name\":\"Narraciones extraordinarias - Editorial Juventud\",\"isPartOf\":{\"@id\":\"https:\\\/\\\/www.editorialjuventud.es\\\/#website\"},\"primaryImageOfPage\":{\"@id\":\"https:\\\/\\\/www.editorialjuventud.es\\\/ca\\\/narraciones-extraordinarias-9788426106148\\\/#primaryimage\"},\"image\":{\"@id\":\"https:\\\/\\\/www.editorialjuventud.es\\\/ca\\\/narraciones-extraordinarias-9788426106148\\\/#primaryimage\"},\"thumbnailUrl\":\"https:\\\/\\\/www.editorialjuventud.es\\\/wp-content\\\/uploads\\\/0614.jpg\",\"datePublished\":\"2018-08-24T08:03:59+00:00\",\"dateModified\":\"2024-02-01T12:22:03+00:00\",\"description\":\"Poe ha sido calificado como uno de los m\u00e1s grandes fisi\u00f3logos del miedo, y de este autor se ha dicho que nadie jam\u00e1s profundiz\u00f3 como \u00e9l en la mente del\",\"breadcrumb\":{\"@id\":\"https:\\\/\\\/www.editorialjuventud.es\\\/ca\\\/narraciones-extraordinarias-9788426106148\\\/#breadcrumb\"},\"inLanguage\":\"ca\",\"potentialAction\":[{\"@type\":\"ReadAction\",\"target\":[\"https:\\\/\\\/www.editorialjuventud.es\\\/ca\\\/narraciones-extraordinarias-9788426106148\\\/\"]}]},{\"@type\":\"ImageObject\",\"inLanguage\":\"ca\",\"@id\":\"https:\\\/\\\/www.editorialjuventud.es\\\/ca\\\/narraciones-extraordinarias-9788426106148\\\/#primaryimage\",\"url\":\"https:\\\/\\\/www.editorialjuventud.es\\\/wp-content\\\/uploads\\\/0614.jpg\",\"contentUrl\":\"https:\\\/\\\/www.editorialjuventud.es\\\/wp-content\\\/uploads\\\/0614.jpg\",\"width\":308,\"height\":494,\"caption\":\"0614.jpg\"},{\"@type\":\"BreadcrumbList\",\"@id\":\"https:\\\/\\\/www.editorialjuventud.es\\\/ca\\\/narraciones-extraordinarias-9788426106148\\\/#breadcrumb\",\"itemListElement\":[{\"@type\":\"ListItem\",\"position\":1,\"name\":\"Portada\",\"item\":\"https:\\\/\\\/www.editorialjuventud.es\\\/\"},{\"@type\":\"ListItem\",\"position\":2,\"name\":\"cat\u00e1logo\",\"item\":\"https:\\\/\\\/www.editorialjuventud.es\\\/coleccion\\\/catalogo\\\/\"},{\"@type\":\"ListItem\",\"position\":3,\"name\":\"castellano\",\"item\":\"https:\\\/\\\/www.editorialjuventud.es\\\/coleccion\\\/castellano\\\/\"},{\"@type\":\"ListItem\",\"position\":4,\"name\":\"Libros de Bolsillo\",\"item\":\"https:\\\/\\\/www.editorialjuventud.es\\\/coleccion\\\/libros-de-bolsillo\\\/\"},{\"@type\":\"ListItem\",\"position\":5,\"name\":\"Colecci\u00f3n Z\",\"item\":\"https:\\\/\\\/www.editorialjuventud.es\\\/coleccion\\\/coleccion-z\\\/\"},{\"@type\":\"ListItem\",\"position\":6,\"name\":\"Novela\",\"item\":\"https:\\\/\\\/www.editorialjuventud.es\\\/coleccion\\\/novela\\\/\"},{\"@type\":\"ListItem\",\"position\":7,\"name\":\"Narraciones extraordinarias\"}]},{\"@type\":\"WebSite\",\"@id\":\"https:\\\/\\\/www.editorialjuventud.es\\\/#website\",\"url\":\"https:\\\/\\\/www.editorialjuventud.es\\\/\",\"name\":\"Editorial Juventud\",\"description\":\"\",\"potentialAction\":[{\"@type\":\"SearchAction\",\"target\":{\"@type\":\"EntryPoint\",\"urlTemplate\":\"https:\\\/\\\/www.editorialjuventud.es\\\/?s={search_term_string}\"},\"query-input\":{\"@type\":\"PropertyValueSpecification\",\"valueRequired\":true,\"valueName\":\"search_term_string\"}}],\"inLanguage\":\"ca\"}]}<\/script>\n<!-- \/ Yoast SEO plugin. -->","yoast_head_json":{"title":"Narraciones extraordinarias - Editorial Juventud","description":"Poe ha sido calificado como uno de los m\u00e1s grandes fisi\u00f3logos del miedo, y de este autor se ha dicho que nadie jam\u00e1s profundiz\u00f3 como \u00e9l en la mente del","robots":{"index":"index","follow":"follow","max-snippet":"max-snippet:-1","max-image-preview":"max-image-preview:large","max-video-preview":"max-video-preview:-1"},"canonical":"https:\/\/www.editorialjuventud.es\/ca\/narraciones-extraordinarias-9788426106148\/","og_locale":"ca_ES","og_type":"article","og_title":"Narraciones extraordinarias - Editorial Juventud","og_description":"Poe ha sido calificado como uno de los m\u00e1s grandes fisi\u00f3logos del miedo, y de este autor se ha dicho que nadie jam\u00e1s profundiz\u00f3 como \u00e9l en la mente del","og_url":"https:\/\/www.editorialjuventud.es\/ca\/narraciones-extraordinarias-9788426106148\/","og_site_name":"Editorial Juventud","article_modified_time":"2024-02-01T12:22:03+00:00","og_image":[{"width":308,"height":494,"url":"https:\/\/www.editorialjuventud.es\/wp-content\/uploads\/0614.jpg","type":"image\/jpeg"}],"twitter_card":"summary_large_image","twitter_misc":{"Temps estimat de lectura":"1 minut"},"schema":{"@context":"https:\/\/schema.org","@graph":[{"@type":"WebPage","@id":"https:\/\/www.editorialjuventud.es\/ca\/narraciones-extraordinarias-9788426106148\/","url":"https:\/\/www.editorialjuventud.es\/ca\/narraciones-extraordinarias-9788426106148\/","name":"Narraciones extraordinarias - Editorial Juventud","isPartOf":{"@id":"https:\/\/www.editorialjuventud.es\/#website"},"primaryImageOfPage":{"@id":"https:\/\/www.editorialjuventud.es\/ca\/narraciones-extraordinarias-9788426106148\/#primaryimage"},"image":{"@id":"https:\/\/www.editorialjuventud.es\/ca\/narraciones-extraordinarias-9788426106148\/#primaryimage"},"thumbnailUrl":"https:\/\/www.editorialjuventud.es\/wp-content\/uploads\/0614.jpg","datePublished":"2018-08-24T08:03:59+00:00","dateModified":"2024-02-01T12:22:03+00:00","description":"Poe ha sido calificado como uno de los m\u00e1s grandes fisi\u00f3logos del miedo, y de este autor se ha dicho que nadie jam\u00e1s profundiz\u00f3 como \u00e9l en la mente del","breadcrumb":{"@id":"https:\/\/www.editorialjuventud.es\/ca\/narraciones-extraordinarias-9788426106148\/#breadcrumb"},"inLanguage":"ca","potentialAction":[{"@type":"ReadAction","target":["https:\/\/www.editorialjuventud.es\/ca\/narraciones-extraordinarias-9788426106148\/"]}]},{"@type":"ImageObject","inLanguage":"ca","@id":"https:\/\/www.editorialjuventud.es\/ca\/narraciones-extraordinarias-9788426106148\/#primaryimage","url":"https:\/\/www.editorialjuventud.es\/wp-content\/uploads\/0614.jpg","contentUrl":"https:\/\/www.editorialjuventud.es\/wp-content\/uploads\/0614.jpg","width":308,"height":494,"caption":"0614.jpg"},{"@type":"BreadcrumbList","@id":"https:\/\/www.editorialjuventud.es\/ca\/narraciones-extraordinarias-9788426106148\/#breadcrumb","itemListElement":[{"@type":"ListItem","position":1,"name":"Portada","item":"https:\/\/www.editorialjuventud.es\/"},{"@type":"ListItem","position":2,"name":"cat\u00e1logo","item":"https:\/\/www.editorialjuventud.es\/coleccion\/catalogo\/"},{"@type":"ListItem","position":3,"name":"castellano","item":"https:\/\/www.editorialjuventud.es\/coleccion\/castellano\/"},{"@type":"ListItem","position":4,"name":"Libros de Bolsillo","item":"https:\/\/www.editorialjuventud.es\/coleccion\/libros-de-bolsillo\/"},{"@type":"ListItem","position":5,"name":"Colecci\u00f3n Z","item":"https:\/\/www.editorialjuventud.es\/coleccion\/coleccion-z\/"},{"@type":"ListItem","position":6,"name":"Novela","item":"https:\/\/www.editorialjuventud.es\/coleccion\/novela\/"},{"@type":"ListItem","position":7,"name":"Narraciones extraordinarias"}]},{"@type":"WebSite","@id":"https:\/\/www.editorialjuventud.es\/#website","url":"https:\/\/www.editorialjuventud.es\/","name":"Editorial Juventud","description":"","potentialAction":[{"@type":"SearchAction","target":{"@type":"EntryPoint","urlTemplate":"https:\/\/www.editorialjuventud.es\/?s={search_term_string}"},"query-input":{"@type":"PropertyValueSpecification","valueRequired":true,"valueName":"search_term_string"}}],"inLanguage":"ca"}]}},"_links":{"self":[{"href":"https:\/\/www.editorialjuventud.es\/ca\/wp-json\/wp\/v2\/product\/4853","targetHints":{"allow":["GET"]}}],"collection":[{"href":"https:\/\/www.editorialjuventud.es\/ca\/wp-json\/wp\/v2\/product"}],"about":[{"href":"https:\/\/www.editorialjuventud.es\/ca\/wp-json\/wp\/v2\/types\/product"}],"wp:featuredmedia":[{"embeddable":true,"href":"https:\/\/www.editorialjuventud.es\/ca\/wp-json\/wp\/v2\/media\/6544"}],"wp:attachment":[{"href":"https:\/\/www.editorialjuventud.es\/ca\/wp-json\/wp\/v2\/media?parent=4853"}],"wp:term":[{"taxonomy":"product_brand","embeddable":true,"href":"https:\/\/www.editorialjuventud.es\/ca\/wp-json\/wp\/v2\/product_brand?post=4853"},{"taxonomy":"product_cat","embeddable":true,"href":"https:\/\/www.editorialjuventud.es\/ca\/wp-json\/wp\/v2\/product_cat?post=4853"},{"taxonomy":"product_tag","embeddable":true,"href":"https:\/\/www.editorialjuventud.es\/ca\/wp-json\/wp\/v2\/product_tag?post=4853"},{"taxonomy":"coleccion","embeddable":true,"href":"https:\/\/www.editorialjuventud.es\/ca\/wp-json\/wp\/v2\/coleccion?post=4853"}],"curies":[{"name":"wp","href":"https:\/\/api.w.org\/{rel}","templated":true}]}}