{"id":4846,"date":"2018-08-24T12:03:30","date_gmt":"2018-08-24T08:03:30","guid":{"rendered":"http:\/\/www.editorialjuventud.es\/don-quijote-de-la-mancha\/"},"modified":"2023-02-24T14:21:44","modified_gmt":"2023-02-24T13:21:44","slug":"don-quijote-de-la-mancha-9788426105134","status":"publish","type":"product","link":"https:\/\/www.editorialjuventud.es\/ca\/don-quijote-de-la-mancha-9788426105134\/","title":{"rendered":"Don Quijote de la Mancha"},"content":{"rendered":"<p>La gran obra del Quijote se considera como una cr\u00edtica de los llamados libros de caballer\u00eda, muy populares en el siglo XVI, llenos de aventuras fant\u00e1sticas. Simboliza el idealismo, representado por Don Quijote, frente al materialismo de Sancho Panza y refleja con iron\u00eda las virtudes y los defectos de la sociedad espa\u00f1ola. Esta edici\u00f3n del Quijote, preparada y anotada por Mart\u00edn de Riquer, miembro de la Real Academia de Letras, es fiel al texto de las primeras ediciones (de los a\u00f1os 1605 y 1615), y contiene notas e \u00edndices para facilitar la comprensi\u00f3n y lectura a un amplio p\u00fablico.<\/p>\n","protected":false},"excerpt":{"rendered":"La gran obra del Quijote se considera como una cr\u00edtica de los llamados libros de caballer\u00eda, muy populares en el siglo XVI, llenos de aventuras fant\u00e1sticas. Simboliza el idealismo, representado por Don Quijote, frente al materialismo de Sancho Panza y [&hellip;]","protected":false},"featured_media":6532,"template":"","meta":{"_acf_changed":false,"_exactmetrics_skip_tracking":false,"_exactmetrics_sitenote_active":false,"_exactmetrics_sitenote_note":"","_exactmetrics_sitenote_category":0},"product_brand":[],"product_cat":[905,1136,892,1115,1118,1128],"product_tag":[],"coleccion":[916,1083,1007,938],"class_list":{"0":"post-4846","1":"product","2":"type-product","3":"status-publish","4":"has-post-thumbnail","6":"product_cat-adulto","7":"product_cat-amistad","8":"product_cat-edades","9":"product_cat-generos","10":"product_cat-literatura-clasica","11":"product_cat-tematica","12":"coleccion-castellano","13":"coleccion-clasicos","14":"coleccion-coleccion-z","15":"coleccion-libros-de-bolsillo","17":"first","18":"instock","19":"taxable","20":"shipping-taxable","21":"purchasable","22":"product-type-simple"},"acf":{"autor":"Cervantes","codart":"0513-0","ediciones":"19","encuadernacion":"Bolsillo","fecha_de_publicacion":"29\/09\/1989","novedad":"0","paginas":"1100","subtitulo":"","texto_web_adicional":"","texto_web_novedad":"","orden":"999","portada":"0","texto_web_resaltado":"","indice":"","autores-libros":[16313],"ilustradores-libros":"","traductores-libros":"","fecha_de_reimpresion":"01\/01\/2013","descripcion_corta":"","recomendamos":"","mas_vendido":"","idioma-libro":"","color":false,"formato":"","mas_informacion_del_producto":false,"premios":false,"deshabilitar_compra":["deshabilitar"],"texto_enlace_cubierta":"","enlace_cubierta":false,"texto_enlace_ficha_tecnica":"","enlace_ficha_tecnica":false,"ficheros":false,"titulo-fr":"","texto-fr":""},"yoast_head":"<!-- This site is optimized with the Yoast SEO plugin v27.5 - https:\/\/yoast.com\/product\/yoast-seo-wordpress\/ -->\n<title>Don Quijote de la Mancha - Editorial Juventud<\/title>\n<meta name=\"description\" content=\"La gran obra del Quijote se considera como una cr\u00edtica de los llamados libros de caballer\u00eda, muy populares en el siglo XVI, llenos de aventuras\" \/>\n<meta name=\"robots\" content=\"index, follow, max-snippet:-1, max-image-preview:large, max-video-preview:-1\" \/>\n<link rel=\"canonical\" href=\"https:\/\/www.editorialjuventud.es\/ca\/don-quijote-de-la-mancha-9788426105134\/\" \/>\n<meta property=\"og:locale\" content=\"ca_ES\" \/>\n<meta property=\"og:type\" content=\"article\" \/>\n<meta property=\"og:title\" content=\"Don Quijote de la Mancha - Editorial Juventud\" \/>\n<meta property=\"og:description\" content=\"La gran obra del Quijote se considera como una cr\u00edtica de los llamados libros de caballer\u00eda, muy populares en el siglo XVI, llenos de aventuras\" \/>\n<meta property=\"og:url\" content=\"https:\/\/www.editorialjuventud.es\/ca\/don-quijote-de-la-mancha-9788426105134\/\" \/>\n<meta property=\"og:site_name\" content=\"Editorial Juventud\" \/>\n<meta property=\"article:modified_time\" content=\"2023-02-24T13:21:44+00:00\" \/>\n<meta property=\"og:image\" content=\"https:\/\/www.editorialjuventud.es\/wp-content\/uploads\/0513.jpg\" \/>\n\t<meta property=\"og:image:width\" content=\"292\" \/>\n\t<meta property=\"og:image:height\" content=\"450\" \/>\n\t<meta property=\"og:image:type\" content=\"image\/jpeg\" \/>\n<meta name=\"twitter:card\" content=\"summary_large_image\" \/>\n<meta name=\"twitter:label1\" content=\"Temps estimat de lectura\" \/>\n\t<meta name=\"twitter:data1\" content=\"1 minut\" \/>\n<script type=\"application\/ld+json\" class=\"yoast-schema-graph\">{\"@context\":\"https:\\\/\\\/schema.org\",\"@graph\":[{\"@type\":\"WebPage\",\"@id\":\"https:\\\/\\\/www.editorialjuventud.es\\\/ca\\\/don-quijote-de-la-mancha-9788426105134\\\/\",\"url\":\"https:\\\/\\\/www.editorialjuventud.es\\\/ca\\\/don-quijote-de-la-mancha-9788426105134\\\/\",\"name\":\"Don Quijote de la Mancha - Editorial Juventud\",\"isPartOf\":{\"@id\":\"https:\\\/\\\/www.editorialjuventud.es\\\/#website\"},\"primaryImageOfPage\":{\"@id\":\"https:\\\/\\\/www.editorialjuventud.es\\\/ca\\\/don-quijote-de-la-mancha-9788426105134\\\/#primaryimage\"},\"image\":{\"@id\":\"https:\\\/\\\/www.editorialjuventud.es\\\/ca\\\/don-quijote-de-la-mancha-9788426105134\\\/#primaryimage\"},\"thumbnailUrl\":\"https:\\\/\\\/www.editorialjuventud.es\\\/wp-content\\\/uploads\\\/0513.jpg\",\"datePublished\":\"2018-08-24T08:03:30+00:00\",\"dateModified\":\"2023-02-24T13:21:44+00:00\",\"description\":\"La gran obra del Quijote se considera como una cr\u00edtica de los llamados libros de caballer\u00eda, muy populares en el siglo XVI, llenos de aventuras\",\"breadcrumb\":{\"@id\":\"https:\\\/\\\/www.editorialjuventud.es\\\/ca\\\/don-quijote-de-la-mancha-9788426105134\\\/#breadcrumb\"},\"inLanguage\":\"ca\",\"potentialAction\":[{\"@type\":\"ReadAction\",\"target\":[\"https:\\\/\\\/www.editorialjuventud.es\\\/ca\\\/don-quijote-de-la-mancha-9788426105134\\\/\"]}]},{\"@type\":\"ImageObject\",\"inLanguage\":\"ca\",\"@id\":\"https:\\\/\\\/www.editorialjuventud.es\\\/ca\\\/don-quijote-de-la-mancha-9788426105134\\\/#primaryimage\",\"url\":\"https:\\\/\\\/www.editorialjuventud.es\\\/wp-content\\\/uploads\\\/0513.jpg\",\"contentUrl\":\"https:\\\/\\\/www.editorialjuventud.es\\\/wp-content\\\/uploads\\\/0513.jpg\",\"width\":292,\"height\":450,\"caption\":\"0513.jpg\"},{\"@type\":\"BreadcrumbList\",\"@id\":\"https:\\\/\\\/www.editorialjuventud.es\\\/ca\\\/don-quijote-de-la-mancha-9788426105134\\\/#breadcrumb\",\"itemListElement\":[{\"@type\":\"ListItem\",\"position\":1,\"name\":\"Portada\",\"item\":\"https:\\\/\\\/www.editorialjuventud.es\\\/\"},{\"@type\":\"ListItem\",\"position\":2,\"name\":\"cat\u00e1logo\",\"item\":\"https:\\\/\\\/www.editorialjuventud.es\\\/coleccion\\\/catalogo\\\/\"},{\"@type\":\"ListItem\",\"position\":3,\"name\":\"castellano\",\"item\":\"https:\\\/\\\/www.editorialjuventud.es\\\/coleccion\\\/castellano\\\/\"},{\"@type\":\"ListItem\",\"position\":4,\"name\":\"Libros de Bolsillo\",\"item\":\"https:\\\/\\\/www.editorialjuventud.es\\\/coleccion\\\/libros-de-bolsillo\\\/\"},{\"@type\":\"ListItem\",\"position\":5,\"name\":\"Colecci\u00f3n Z\",\"item\":\"https:\\\/\\\/www.editorialjuventud.es\\\/coleccion\\\/coleccion-z\\\/\"},{\"@type\":\"ListItem\",\"position\":6,\"name\":\"Cl\u00e1sicos\",\"item\":\"https:\\\/\\\/www.editorialjuventud.es\\\/ca\\\/coleccion\\\/clasicos\\\/\"},{\"@type\":\"ListItem\",\"position\":7,\"name\":\"Don Quijote de la Mancha\"}]},{\"@type\":\"WebSite\",\"@id\":\"https:\\\/\\\/www.editorialjuventud.es\\\/#website\",\"url\":\"https:\\\/\\\/www.editorialjuventud.es\\\/\",\"name\":\"Editorial Juventud\",\"description\":\"\",\"potentialAction\":[{\"@type\":\"SearchAction\",\"target\":{\"@type\":\"EntryPoint\",\"urlTemplate\":\"https:\\\/\\\/www.editorialjuventud.es\\\/?s={search_term_string}\"},\"query-input\":{\"@type\":\"PropertyValueSpecification\",\"valueRequired\":true,\"valueName\":\"search_term_string\"}}],\"inLanguage\":\"ca\"}]}<\/script>\n<!-- \/ Yoast SEO plugin. -->","yoast_head_json":{"title":"Don Quijote de la Mancha - Editorial Juventud","description":"La gran obra del Quijote se considera como una cr\u00edtica de los llamados libros de caballer\u00eda, muy populares en el siglo XVI, llenos de aventuras","robots":{"index":"index","follow":"follow","max-snippet":"max-snippet:-1","max-image-preview":"max-image-preview:large","max-video-preview":"max-video-preview:-1"},"canonical":"https:\/\/www.editorialjuventud.es\/ca\/don-quijote-de-la-mancha-9788426105134\/","og_locale":"ca_ES","og_type":"article","og_title":"Don Quijote de la Mancha - Editorial Juventud","og_description":"La gran obra del Quijote se considera como una cr\u00edtica de los llamados libros de caballer\u00eda, muy populares en el siglo XVI, llenos de aventuras","og_url":"https:\/\/www.editorialjuventud.es\/ca\/don-quijote-de-la-mancha-9788426105134\/","og_site_name":"Editorial Juventud","article_modified_time":"2023-02-24T13:21:44+00:00","og_image":[{"width":292,"height":450,"url":"https:\/\/www.editorialjuventud.es\/wp-content\/uploads\/0513.jpg","type":"image\/jpeg"}],"twitter_card":"summary_large_image","twitter_misc":{"Temps estimat de lectura":"1 minut"},"schema":{"@context":"https:\/\/schema.org","@graph":[{"@type":"WebPage","@id":"https:\/\/www.editorialjuventud.es\/ca\/don-quijote-de-la-mancha-9788426105134\/","url":"https:\/\/www.editorialjuventud.es\/ca\/don-quijote-de-la-mancha-9788426105134\/","name":"Don Quijote de la Mancha - Editorial Juventud","isPartOf":{"@id":"https:\/\/www.editorialjuventud.es\/#website"},"primaryImageOfPage":{"@id":"https:\/\/www.editorialjuventud.es\/ca\/don-quijote-de-la-mancha-9788426105134\/#primaryimage"},"image":{"@id":"https:\/\/www.editorialjuventud.es\/ca\/don-quijote-de-la-mancha-9788426105134\/#primaryimage"},"thumbnailUrl":"https:\/\/www.editorialjuventud.es\/wp-content\/uploads\/0513.jpg","datePublished":"2018-08-24T08:03:30+00:00","dateModified":"2023-02-24T13:21:44+00:00","description":"La gran obra del Quijote se considera como una cr\u00edtica de los llamados libros de caballer\u00eda, muy populares en el siglo XVI, llenos de aventuras","breadcrumb":{"@id":"https:\/\/www.editorialjuventud.es\/ca\/don-quijote-de-la-mancha-9788426105134\/#breadcrumb"},"inLanguage":"ca","potentialAction":[{"@type":"ReadAction","target":["https:\/\/www.editorialjuventud.es\/ca\/don-quijote-de-la-mancha-9788426105134\/"]}]},{"@type":"ImageObject","inLanguage":"ca","@id":"https:\/\/www.editorialjuventud.es\/ca\/don-quijote-de-la-mancha-9788426105134\/#primaryimage","url":"https:\/\/www.editorialjuventud.es\/wp-content\/uploads\/0513.jpg","contentUrl":"https:\/\/www.editorialjuventud.es\/wp-content\/uploads\/0513.jpg","width":292,"height":450,"caption":"0513.jpg"},{"@type":"BreadcrumbList","@id":"https:\/\/www.editorialjuventud.es\/ca\/don-quijote-de-la-mancha-9788426105134\/#breadcrumb","itemListElement":[{"@type":"ListItem","position":1,"name":"Portada","item":"https:\/\/www.editorialjuventud.es\/"},{"@type":"ListItem","position":2,"name":"cat\u00e1logo","item":"https:\/\/www.editorialjuventud.es\/coleccion\/catalogo\/"},{"@type":"ListItem","position":3,"name":"castellano","item":"https:\/\/www.editorialjuventud.es\/coleccion\/castellano\/"},{"@type":"ListItem","position":4,"name":"Libros de Bolsillo","item":"https:\/\/www.editorialjuventud.es\/coleccion\/libros-de-bolsillo\/"},{"@type":"ListItem","position":5,"name":"Colecci\u00f3n Z","item":"https:\/\/www.editorialjuventud.es\/coleccion\/coleccion-z\/"},{"@type":"ListItem","position":6,"name":"Cl\u00e1sicos","item":"https:\/\/www.editorialjuventud.es\/ca\/coleccion\/clasicos\/"},{"@type":"ListItem","position":7,"name":"Don Quijote de la Mancha"}]},{"@type":"WebSite","@id":"https:\/\/www.editorialjuventud.es\/#website","url":"https:\/\/www.editorialjuventud.es\/","name":"Editorial Juventud","description":"","potentialAction":[{"@type":"SearchAction","target":{"@type":"EntryPoint","urlTemplate":"https:\/\/www.editorialjuventud.es\/?s={search_term_string}"},"query-input":{"@type":"PropertyValueSpecification","valueRequired":true,"valueName":"search_term_string"}}],"inLanguage":"ca"}]}},"_links":{"self":[{"href":"https:\/\/www.editorialjuventud.es\/ca\/wp-json\/wp\/v2\/product\/4846","targetHints":{"allow":["GET"]}}],"collection":[{"href":"https:\/\/www.editorialjuventud.es\/ca\/wp-json\/wp\/v2\/product"}],"about":[{"href":"https:\/\/www.editorialjuventud.es\/ca\/wp-json\/wp\/v2\/types\/product"}],"wp:featuredmedia":[{"embeddable":true,"href":"https:\/\/www.editorialjuventud.es\/ca\/wp-json\/wp\/v2\/media\/6532"}],"wp:attachment":[{"href":"https:\/\/www.editorialjuventud.es\/ca\/wp-json\/wp\/v2\/media?parent=4846"}],"wp:term":[{"taxonomy":"product_brand","embeddable":true,"href":"https:\/\/www.editorialjuventud.es\/ca\/wp-json\/wp\/v2\/product_brand?post=4846"},{"taxonomy":"product_cat","embeddable":true,"href":"https:\/\/www.editorialjuventud.es\/ca\/wp-json\/wp\/v2\/product_cat?post=4846"},{"taxonomy":"product_tag","embeddable":true,"href":"https:\/\/www.editorialjuventud.es\/ca\/wp-json\/wp\/v2\/product_tag?post=4846"},{"taxonomy":"coleccion","embeddable":true,"href":"https:\/\/www.editorialjuventud.es\/ca\/wp-json\/wp\/v2\/coleccion?post=4846"}],"curies":[{"name":"wp","href":"https:\/\/api.w.org\/{rel}","templated":true}]}}